{"id":7248,"date":"2024-03-22T10:50:49","date_gmt":"2024-03-22T10:50:49","guid":{"rendered":"https:\/\/www.amerinet-gpo.com\/shop\/botulax-100iu-toxina-botulinica-tipo-a\/"},"modified":"2026-02-03T21:52:43","modified_gmt":"2026-02-03T21:52:43","slug":"botulax-100iu-toxina-botulinica-tipo-a","status":"publish","type":"product","link":"https:\/\/www.amerinet-gpo.com\/pt-pt\/produto\/botulax-100iu-toxina-botulinica-tipo-a\/","title":{"rendered":"Botulax 100iu &#8211; Toxina Botul\u00ednica Tipo A de grau m\u00e9dico"},"content":{"rendered":"<p data-path-to-node=\"5\">Botulax 100iu \u00e9 uma formula\u00e7\u00e3o de renome e de elevada pureza, concebida para proporcionar resultados previs\u00edveis e duradouros em tratamentos est\u00e9ticos e terap\u00eauticos profissionais. Reconhecido pela sua excelente estabilidade, Botulax \u00e9 a escolha preferida dos profissionais que pretendem refinar os contornos faciais ou realizar investiga\u00e7\u00e3o bioqu\u00edmica especializada com compostos de elevado padr\u00e3o. <\/p>\n<p data-path-to-node=\"6\">Como parte do compromisso da Amerinet-GPO para com a excel\u00eancia da cadeia de abastecimento, cada frasco de Botulax 100iu \u00e9 gerido num ambiente de cadeia de frio monitorizado. Isto assegura que a integridade e a pot\u00eancia do composto s\u00e3o totalmente preservadas desde as nossas instala\u00e7\u00f5es at\u00e9 \u00e0 sua cl\u00ednica. Para manter os mais elevados padr\u00f5es de seguran\u00e7a cl\u00ednica, o nosso cat\u00e1logo \u00e9 selecionado especificamente para a comunidade m\u00e9dica profissional.  <\/p>\n<p data-path-to-node=\"7\"><b data-path-to-node=\"7\" data-index-in-node=\"0\">Especifica\u00e7\u00f5es t\u00e9cnicas:<\/b><\/p>\n<ul data-path-to-node=\"8\">\n<li>\n<p data-path-to-node=\"8,0,0\"><b data-path-to-node=\"8,0,0\" data-index-in-node=\"0\">Ingrediente ativo:<\/b> Toxina de Clostridium Botulinum Tipo A.<\/p>\n<\/li>\n<li>\n<p data-path-to-node=\"8,1,0\"><b data-path-to-node=\"8,1,0\" data-index-in-node=\"0\">Pot\u00eancia:<\/b> 100 unidades (UI) por frasco.<\/p>\n<\/li>\n<li>\n<p data-path-to-node=\"8,2,0\"><b data-path-to-node=\"8,2,0\" data-index-in-node=\"0\">Apar\u00eancia:<\/b> P\u00f3 branco liofilizado para uma reconstitui\u00e7\u00e3o precisa.<\/p>\n<\/li>\n<li>\n<p data-path-to-node=\"8,3,0\"><b data-path-to-node=\"8,3,0\" data-index-in-node=\"0\">Padr\u00f5es de qualidade:<\/b> Os processos avan\u00e7ados de purifica\u00e7\u00e3o garantem um perfil de seguran\u00e7a elevado e um teor m\u00ednimo de prote\u00ednas.<\/p>\n<\/li>\n<\/ul>\n<p data-path-to-node=\"9\"><b data-path-to-node=\"9\" data-index-in-node=\"0\">Compra profissional:<\/b> Para encomendar Botulax 100iu, os profissionais de sa\u00fade podem aceder ao nosso portal seguro concebido para profissionais de sa\u00fade. Este processo de verifica\u00e7\u00e3o simplificado garante que todos os fornecimentos m\u00e9dicos s\u00e3o utilizados em ambientes cl\u00ednicos adequados, maximizando os resultados para os pacientes. A Amerinet-GPO fornece documenta\u00e7\u00e3o completa e rastreabilidade para cada remessa, apoiando uma cadeia de fornecimento m\u00e9dico fi\u00e1vel e transparente.  <\/p>\n","protected":false},"excerpt":{"rendered":"<p>O Botulax 100iu \u00e9 uma Toxina Botul\u00ednica Tipo A altamente purificada, que goza de confian\u00e7a a n\u00edvel mundial pelos seus resultados cl\u00ednicos consistentes. Concebida para aplica\u00e7\u00f5es de precis\u00e3o est\u00e9tica e de investiga\u00e7\u00e3o, assegura um relaxamento muscular eficaz e o alisamento da pele. O acesso a este produto \u00e9 adaptado \u00e0s necessidades de especialistas certificados e m\u00e9dicos.  <\/p>\n","protected":false},"featured_media":6315,"template":"","meta":[],"product_cat":[125],"product_tag":[],"class_list":{"0":"post-7248","1":"product","2":"type-product","3":"status-publish","4":"has-post-thumbnail","6":"product_cat-solucoes-de-peptideos-botulinum-botox-like","8":"first","9":"instock","10":"shipping-taxable","11":"purchasable","12":"product-type-simple"},"yoast_head":"<!-- This site is optimized with the Yoast SEO plugin v27.5 - https:\/\/yoast.com\/product\/yoast-seo-wordpress\/ -->\n<title>Botulax 100iu | Toxina Botul\u00ednica Profissional Tipo A - Amerinet GPO<\/title>\n<meta name=\"description\" content=\"Compra segura de Botulax 100iu para uso cl\u00ednico e est\u00e9tico. Toxina Botul\u00ednica Tipo A de alta pureza com log\u00edstica global certificada. Reservado a profissionais m\u00e9dicos.\" \/>\n<meta name=\"robots\" content=\"index, follow, max-snippet:-1, max-image-preview:large, max-video-preview:-1\" \/>\n<link rel=\"canonical\" href=\"https:\/\/www.amerinet-gpo.com\/pt-pt\/produto\/botulax-100iu-toxina-botulinica-tipo-a\/\" \/>\n<meta property=\"og:locale\" content=\"pt_PT\" \/>\n<meta property=\"og:type\" content=\"article\" \/>\n<meta property=\"og:title\" content=\"Botulax 100iu | Toxina Botul\u00ednica Profissional Tipo A - Amerinet GPO\" \/>\n<meta property=\"og:description\" content=\"Compra segura de Botulax 100iu para uso cl\u00ednico e est\u00e9tico. Toxina Botul\u00ednica Tipo A de alta pureza com log\u00edstica global certificada. Reservado a profissionais m\u00e9dicos.\" \/>\n<meta property=\"og:url\" content=\"https:\/\/www.amerinet-gpo.com\/pt-pt\/produto\/botulax-100iu-toxina-botulinica-tipo-a\/\" \/>\n<meta property=\"og:site_name\" content=\"Amerinet GPO\" \/>\n<meta property=\"article:modified_time\" content=\"2026-02-03T21:52:43+00:00\" \/>\n<meta property=\"og:image\" content=\"https:\/\/www.amerinet-gpo.com\/wp-content\/uploads\/2024\/03\/Botulax-100iu-Botulinum-Toxin-Type-A.webp\" \/>\n\t<meta property=\"og:image:width\" content=\"500\" \/>\n\t<meta property=\"og:image:height\" content=\"500\" \/>\n\t<meta property=\"og:image:type\" content=\"image\/webp\" \/>\n<meta name=\"twitter:card\" content=\"summary_large_image\" \/>\n<meta name=\"twitter:label1\" content=\"Tempo estimado de leitura\" \/>\n\t<meta name=\"twitter:data1\" content=\"1 minuto\" \/>\n<script type=\"application\/ld+json\" class=\"yoast-schema-graph\">{\"@context\":\"https:\\\/\\\/schema.org\",\"@graph\":[{\"@type\":\"WebPage\",\"@id\":\"https:\\\/\\\/www.amerinet-gpo.com\\\/pt-pt\\\/produto\\\/botulax-100iu-toxina-botulinica-tipo-a\\\/\",\"url\":\"https:\\\/\\\/www.amerinet-gpo.com\\\/pt-pt\\\/produto\\\/botulax-100iu-toxina-botulinica-tipo-a\\\/\",\"name\":\"Botulax 100iu | Toxina Botul\u00ednica Profissional Tipo A - Amerinet GPO\",\"isPartOf\":{\"@id\":\"https:\\\/\\\/www.amerinet-gpo.com\\\/#website\"},\"primaryImageOfPage\":{\"@id\":\"https:\\\/\\\/www.amerinet-gpo.com\\\/pt-pt\\\/produto\\\/botulax-100iu-toxina-botulinica-tipo-a\\\/#primaryimage\"},\"image\":{\"@id\":\"https:\\\/\\\/www.amerinet-gpo.com\\\/pt-pt\\\/produto\\\/botulax-100iu-toxina-botulinica-tipo-a\\\/#primaryimage\"},\"thumbnailUrl\":\"https:\\\/\\\/www.amerinet-gpo.com\\\/wp-content\\\/uploads\\\/2024\\\/03\\\/Botulax-100iu-Botulinum-Toxin-Type-A.webp\",\"datePublished\":\"2024-03-22T10:50:49+00:00\",\"dateModified\":\"2026-02-03T21:52:43+00:00\",\"description\":\"Compra segura de Botulax 100iu para uso cl\u00ednico e est\u00e9tico. Toxina Botul\u00ednica Tipo A de alta pureza com log\u00edstica global certificada. Reservado a profissionais m\u00e9dicos.\",\"breadcrumb\":{\"@id\":\"https:\\\/\\\/www.amerinet-gpo.com\\\/pt-pt\\\/produto\\\/botulax-100iu-toxina-botulinica-tipo-a\\\/#breadcrumb\"},\"inLanguage\":\"pt-PT\",\"potentialAction\":[{\"@type\":\"ReadAction\",\"target\":[\"https:\\\/\\\/www.amerinet-gpo.com\\\/pt-pt\\\/produto\\\/botulax-100iu-toxina-botulinica-tipo-a\\\/\"]}]},{\"@type\":\"ImageObject\",\"inLanguage\":\"pt-PT\",\"@id\":\"https:\\\/\\\/www.amerinet-gpo.com\\\/pt-pt\\\/produto\\\/botulax-100iu-toxina-botulinica-tipo-a\\\/#primaryimage\",\"url\":\"https:\\\/\\\/www.amerinet-gpo.com\\\/wp-content\\\/uploads\\\/2024\\\/03\\\/Botulax-100iu-Botulinum-Toxin-Type-A.webp\",\"contentUrl\":\"https:\\\/\\\/www.amerinet-gpo.com\\\/wp-content\\\/uploads\\\/2024\\\/03\\\/Botulax-100iu-Botulinum-Toxin-Type-A.webp\",\"width\":500,\"height\":500},{\"@type\":\"BreadcrumbList\",\"@id\":\"https:\\\/\\\/www.amerinet-gpo.com\\\/pt-pt\\\/produto\\\/botulax-100iu-toxina-botulinica-tipo-a\\\/#breadcrumb\",\"itemListElement\":[{\"@type\":\"ListItem\",\"position\":1,\"name\":\"Home\",\"item\":\"https:\\\/\\\/www.amerinet-gpo.com\\\/pt-pt\\\/casa-com-marca\\\/\"},{\"@type\":\"ListItem\",\"position\":2,\"name\":\"Shop\",\"item\":\"https:\\\/\\\/www.amerinet-gpo.com\\\/es\\\/shop\\\/\"},{\"@type\":\"ListItem\",\"position\":3,\"name\":\"Botulax 100iu &#8211; Toxina Botul\u00ednica Tipo A de grau m\u00e9dico\"}]},{\"@type\":\"WebSite\",\"@id\":\"https:\\\/\\\/www.amerinet-gpo.com\\\/#website\",\"url\":\"https:\\\/\\\/www.amerinet-gpo.com\\\/\",\"name\":\"Amerinet GPO\",\"description\":\"Bem-vindo ao Amerinet GPO, o com\u00e9rcio eletr\u00f4nico de produtos injet\u00e1veis para medicina est\u00e9tica, incluindo botox e preenchimentos d\u00e9rmicos\",\"publisher\":{\"@id\":\"https:\\\/\\\/www.amerinet-gpo.com\\\/#organization\"},\"potentialAction\":[{\"@type\":\"SearchAction\",\"target\":{\"@type\":\"EntryPoint\",\"urlTemplate\":\"https:\\\/\\\/www.amerinet-gpo.com\\\/?s={search_term_string}\"},\"query-input\":{\"@type\":\"PropertyValueSpecification\",\"valueRequired\":true,\"valueName\":\"search_term_string\"}}],\"inLanguage\":\"pt-PT\"},{\"@type\":\"Organization\",\"@id\":\"https:\\\/\\\/www.amerinet-gpo.com\\\/#organization\",\"name\":\"Amerinet GPO\",\"url\":\"https:\\\/\\\/www.amerinet-gpo.com\\\/\",\"logo\":{\"@type\":\"ImageObject\",\"inLanguage\":\"pt-PT\",\"@id\":\"https:\\\/\\\/www.amerinet-gpo.com\\\/#\\\/schema\\\/logo\\\/image\\\/\",\"url\":\"https:\\\/\\\/www.amerinet-gpo.com\\\/wp-content\\\/uploads\\\/2024\\\/03\\\/extendify-demo-logo.png\",\"contentUrl\":\"https:\\\/\\\/www.amerinet-gpo.com\\\/wp-content\\\/uploads\\\/2024\\\/03\\\/extendify-demo-logo.png\",\"width\":96,\"height\":97,\"caption\":\"Amerinet GPO\"},\"image\":{\"@id\":\"https:\\\/\\\/www.amerinet-gpo.com\\\/#\\\/schema\\\/logo\\\/image\\\/\"}}]}<\/script>\n<!-- \/ Yoast SEO plugin. -->","yoast_head_json":{"title":"Botulax 100iu | Toxina Botul\u00ednica Profissional Tipo A - Amerinet GPO","description":"Compra segura de Botulax 100iu para uso cl\u00ednico e est\u00e9tico. Toxina Botul\u00ednica Tipo A de alta pureza com log\u00edstica global certificada. Reservado a profissionais m\u00e9dicos.","robots":{"index":"index","follow":"follow","max-snippet":"max-snippet:-1","max-image-preview":"max-image-preview:large","max-video-preview":"max-video-preview:-1"},"canonical":"https:\/\/www.amerinet-gpo.com\/pt-pt\/produto\/botulax-100iu-toxina-botulinica-tipo-a\/","og_locale":"pt_PT","og_type":"article","og_title":"Botulax 100iu | Toxina Botul\u00ednica Profissional Tipo A - Amerinet GPO","og_description":"Compra segura de Botulax 100iu para uso cl\u00ednico e est\u00e9tico. Toxina Botul\u00ednica Tipo A de alta pureza com log\u00edstica global certificada. Reservado a profissionais m\u00e9dicos.","og_url":"https:\/\/www.amerinet-gpo.com\/pt-pt\/produto\/botulax-100iu-toxina-botulinica-tipo-a\/","og_site_name":"Amerinet GPO","article_modified_time":"2026-02-03T21:52:43+00:00","og_image":[{"width":500,"height":500,"url":"https:\/\/www.amerinet-gpo.com\/wp-content\/uploads\/2024\/03\/Botulax-100iu-Botulinum-Toxin-Type-A.webp","type":"image\/webp"}],"twitter_card":"summary_large_image","twitter_misc":{"Tempo estimado de leitura":"1 minuto"},"schema":{"@context":"https:\/\/schema.org","@graph":[{"@type":"WebPage","@id":"https:\/\/www.amerinet-gpo.com\/pt-pt\/produto\/botulax-100iu-toxina-botulinica-tipo-a\/","url":"https:\/\/www.amerinet-gpo.com\/pt-pt\/produto\/botulax-100iu-toxina-botulinica-tipo-a\/","name":"Botulax 100iu | Toxina Botul\u00ednica Profissional Tipo A - Amerinet GPO","isPartOf":{"@id":"https:\/\/www.amerinet-gpo.com\/#website"},"primaryImageOfPage":{"@id":"https:\/\/www.amerinet-gpo.com\/pt-pt\/produto\/botulax-100iu-toxina-botulinica-tipo-a\/#primaryimage"},"image":{"@id":"https:\/\/www.amerinet-gpo.com\/pt-pt\/produto\/botulax-100iu-toxina-botulinica-tipo-a\/#primaryimage"},"thumbnailUrl":"https:\/\/www.amerinet-gpo.com\/wp-content\/uploads\/2024\/03\/Botulax-100iu-Botulinum-Toxin-Type-A.webp","datePublished":"2024-03-22T10:50:49+00:00","dateModified":"2026-02-03T21:52:43+00:00","description":"Compra segura de Botulax 100iu para uso cl\u00ednico e est\u00e9tico. Toxina Botul\u00ednica Tipo A de alta pureza com log\u00edstica global certificada. Reservado a profissionais m\u00e9dicos.","breadcrumb":{"@id":"https:\/\/www.amerinet-gpo.com\/pt-pt\/produto\/botulax-100iu-toxina-botulinica-tipo-a\/#breadcrumb"},"inLanguage":"pt-PT","potentialAction":[{"@type":"ReadAction","target":["https:\/\/www.amerinet-gpo.com\/pt-pt\/produto\/botulax-100iu-toxina-botulinica-tipo-a\/"]}]},{"@type":"ImageObject","inLanguage":"pt-PT","@id":"https:\/\/www.amerinet-gpo.com\/pt-pt\/produto\/botulax-100iu-toxina-botulinica-tipo-a\/#primaryimage","url":"https:\/\/www.amerinet-gpo.com\/wp-content\/uploads\/2024\/03\/Botulax-100iu-Botulinum-Toxin-Type-A.webp","contentUrl":"https:\/\/www.amerinet-gpo.com\/wp-content\/uploads\/2024\/03\/Botulax-100iu-Botulinum-Toxin-Type-A.webp","width":500,"height":500},{"@type":"BreadcrumbList","@id":"https:\/\/www.amerinet-gpo.com\/pt-pt\/produto\/botulax-100iu-toxina-botulinica-tipo-a\/#breadcrumb","itemListElement":[{"@type":"ListItem","position":1,"name":"Home","item":"https:\/\/www.amerinet-gpo.com\/pt-pt\/casa-com-marca\/"},{"@type":"ListItem","position":2,"name":"Shop","item":"https:\/\/www.amerinet-gpo.com\/es\/shop\/"},{"@type":"ListItem","position":3,"name":"Botulax 100iu &#8211; Toxina Botul\u00ednica Tipo A de grau m\u00e9dico"}]},{"@type":"WebSite","@id":"https:\/\/www.amerinet-gpo.com\/#website","url":"https:\/\/www.amerinet-gpo.com\/","name":"Amerinet GPO","description":"Bem-vindo ao Amerinet GPO, o com\u00e9rcio eletr\u00f4nico de produtos injet\u00e1veis para medicina est\u00e9tica, incluindo botox e preenchimentos d\u00e9rmicos","publisher":{"@id":"https:\/\/www.amerinet-gpo.com\/#organization"},"potentialAction":[{"@type":"SearchAction","target":{"@type":"EntryPoint","urlTemplate":"https:\/\/www.amerinet-gpo.com\/?s={search_term_string}"},"query-input":{"@type":"PropertyValueSpecification","valueRequired":true,"valueName":"search_term_string"}}],"inLanguage":"pt-PT"},{"@type":"Organization","@id":"https:\/\/www.amerinet-gpo.com\/#organization","name":"Amerinet GPO","url":"https:\/\/www.amerinet-gpo.com\/","logo":{"@type":"ImageObject","inLanguage":"pt-PT","@id":"https:\/\/www.amerinet-gpo.com\/#\/schema\/logo\/image\/","url":"https:\/\/www.amerinet-gpo.com\/wp-content\/uploads\/2024\/03\/extendify-demo-logo.png","contentUrl":"https:\/\/www.amerinet-gpo.com\/wp-content\/uploads\/2024\/03\/extendify-demo-logo.png","width":96,"height":97,"caption":"Amerinet GPO"},"image":{"@id":"https:\/\/www.amerinet-gpo.com\/#\/schema\/logo\/image\/"}}]}},"_links":{"self":[{"href":"https:\/\/www.amerinet-gpo.com\/pt-pt\/wp-json\/wp\/v2\/product\/7248","targetHints":{"allow":["GET"]}}],"collection":[{"href":"https:\/\/www.amerinet-gpo.com\/pt-pt\/wp-json\/wp\/v2\/product"}],"about":[{"href":"https:\/\/www.amerinet-gpo.com\/pt-pt\/wp-json\/wp\/v2\/types\/product"}],"version-history":[{"count":1,"href":"https:\/\/www.amerinet-gpo.com\/pt-pt\/wp-json\/wp\/v2\/product\/7248\/revisions"}],"predecessor-version":[{"id":9451,"href":"https:\/\/www.amerinet-gpo.com\/pt-pt\/wp-json\/wp\/v2\/product\/7248\/revisions\/9451"}],"wp:featuredmedia":[{"embeddable":true,"href":"https:\/\/www.amerinet-gpo.com\/pt-pt\/wp-json\/wp\/v2\/media\/6315"}],"wp:attachment":[{"href":"https:\/\/www.amerinet-gpo.com\/pt-pt\/wp-json\/wp\/v2\/media?parent=7248"}],"wp:term":[{"taxonomy":"product_cat","embeddable":true,"href":"https:\/\/www.amerinet-gpo.com\/pt-pt\/wp-json\/wp\/v2\/product_cat?post=7248"},{"taxonomy":"product_tag","embeddable":true,"href":"https:\/\/www.amerinet-gpo.com\/pt-pt\/wp-json\/wp\/v2\/product_tag?post=7248"}],"curies":[{"name":"wp","href":"https:\/\/api.w.org\/{rel}","templated":true}]}}