{"id":7158,"date":"2024-03-29T06:42:00","date_gmt":"2024-03-29T06:42:00","guid":{"rendered":"https:\/\/www.amerinet-gpo.com\/shop\/kybella-atx-101-alternativa-ao-aqualyx\/"},"modified":"2026-02-12T10:41:13","modified_gmt":"2026-02-12T10:41:13","slug":"kybella-atx-101-alternativa-ao-aqualyx","status":"publish","type":"product","link":"https:\/\/www.amerinet-gpo.com\/pt-pt\/produto\/kybella-atx-101-alternativa-ao-aqualyx\/","title":{"rendered":"Lipolab PPC Solution &#8211; \u00c1cido desoxicol\u00ednico"},"content":{"rendered":"<p data-path-to-node=\"7\">O nosso <b data-path-to-node=\"7\" data-index-in-node=\"30\">Deoxycholine Acid &amp; PPC Solution<\/b> \u00e9 um composto lipol\u00edtico sofisticado concebido para o tratamento n\u00e3o cir\u00fargico de dep\u00f3sitos de gordura localizada. Ao associar uma concentra\u00e7\u00e3o elevada de Fosfatidilcolina (PPC) ao Desoxicolato de S\u00f3dio, esta f\u00f3rmula facilita a degrada\u00e7\u00e3o das membranas dos adip\u00f3citos e favorece a depura\u00e7\u00e3o metab\u00f3lica natural dos l\u00edpidos.<\/p>\n<p data-path-to-node=\"8\">Concebida para os profissionais que procuram uma <b data-path-to-node=\"8\" data-index-in-node=\"38\">efic\u00e1cia semelhante \u00e0 do Aqualyx<\/b>, esta solu\u00e7\u00e3o constitui uma alternativa fi\u00e1vel para tratar \u00e1reas mais dif\u00edceis, como a regi\u00e3o submental, o abd\u00f3men e as coxas. A a\u00e7\u00e3o sin\u00e9rgica dos seus ingredientes activos assegura uma penetra\u00e7\u00e3o profunda e uma adip\u00f3lise consistente, o que o torna uma refer\u00eancia nos protocolos est\u00e9ticos avan\u00e7ados.<\/p>\n<p data-path-to-node=\"9\">Na Amerinet-GPO, damos prioridade \u00e0 pureza e estabilidade qu\u00edmica. Cada lote \u00e9 obtido em laborat\u00f3rios especializados e tratado atrav\u00e9s da nossa rede log\u00edstica optimizada para garantir a integridade do composto. Para manter os padr\u00f5es profissionais, este produto est\u00e1 dispon\u00edvel para <b data-path-to-node=\"9\" data-index-in-node=\"277\">aquisi\u00e7\u00e3o<\/b> exclusivamente por <b data-path-to-node=\"9\" data-index-in-node=\"304\">especialistas m\u00e9dicos certificados<\/b> e m\u00e9dicos licenciados.  <\/p>\n<p data-path-to-node=\"10\"><b data-path-to-node=\"10\" data-index-in-node=\"0\">Especifica\u00e7\u00f5es t\u00e9cnicas:<\/b><\/p>\n<ul data-path-to-node=\"11\">\n<li>\n<p data-path-to-node=\"11,0,0\"><b data-path-to-node=\"11,0,0\" data-index-in-node=\"0\">Ingredientes activos:<\/b> Fosfatidilcolina de alta pureza (PPC) e Desoxicolato de s\u00f3dio.<\/p>\n<\/li>\n<li>\n<p data-path-to-node=\"11,1,0\"><b data-path-to-node=\"11,1,0\" data-index-in-node=\"0\">Aplica\u00e7\u00e3o:<\/b> Gest\u00e3o direcionada do tecido adiposo e contorno corporal.<\/p>\n<\/li>\n<li>\n<p data-path-to-node=\"11,2,0\"><b data-path-to-node=\"11,2,0\" data-index-in-node=\"0\">Formula\u00e7\u00e3o:<\/b> Solu\u00e7\u00e3o pronta a usar para protocolos de mesoterapia profissional.<\/p>\n<\/li>\n<li>\n<p data-path-to-node=\"11,3,0\"><b data-path-to-node=\"11,3,0\" data-index-in-node=\"0\">Perfil de seguran\u00e7a:<\/b> Processo de fabrico rastre\u00e1vel com um m\u00ednimo de impurezas proteicas.<\/p>\n<\/li>\n<\/ul>\n<p data-path-to-node=\"12\"><b data-path-to-node=\"12\" data-index-in-node=\"0\">Compra profissional:<\/b> As cl\u00ednicas licenciadas podem <b data-path-to-node=\"12\" data-index-in-node=\"47\">comprar esta solu\u00e7\u00e3o Deoxycholine Acid &amp; PPC<\/b> atrav\u00e9s do nosso portal m\u00e9dico seguro. A Amerinet-GPO garante uma cadeia de fornecimento transparente e em conformidade, fornecendo a documenta\u00e7\u00e3o cient\u00edfica e o suporte de n\u00edvel profissional necess\u00e1rios para ambientes cl\u00ednicos modernos.<\/p>\n","protected":false},"excerpt":{"rendered":"<div class=\"flex-1 overflow-hidden\">\n<div class=\"react-scroll-to-bottom--css-ibbwo-79elbk h-full\">\n<div class=\"react-scroll-to-bottom--css-ibbwo-1n7m0yu\">\n<div class=\"flex flex-col text-sm pb-9\">\n<div class=\"w-full text-token-text-primary\" data-testid=\"conversation-turn-21\">\n<div class=\"px-4 py-2 justify-center text-base md:gap-6 m-auto\">\n<div class=\"flex flex-1 text-base mx-auto gap-3 md:px-5 lg:px-1 xl:px-5 md:max-w-3xl lg:max-w-[40rem] xl:max-w-[48rem] group final-completion\">\n<div class=\"relative flex w-full flex-col agent-turn\">\n<div class=\"flex-col gap-1 md:gap-3\">\n<div class=\"flex flex-grow flex-col max-w-full\">\n<div class=\"min-h-[20px] text-message flex flex-col items-start gap-3 whitespace-pre-wrap break-words [.text-message+&amp;]:mt-5 overflow-x-auto\" data-message-author-role=\"assistant\" data-message-id=\"637a644d-346c-4097-b0d8-6dd059c7ac3c\">\n<div class=\"markdown prose w-full break-words dark:prose-invert dark\">\n<p>Esta solu\u00e7\u00e3o de \u00c1cido Desoxicolina e PPC (Fosfatidilcolina) \u00e9 um agente lipol\u00edtico de elevada pureza concebido para o contorno corporal profissional. Oferecendo um mecanismo de a\u00e7\u00e3o semelhante ao Aqualyx, visa eficazmente o tecido adiposo localizado. Reservado para uso cl\u00ednico, garante resultados precisos atrav\u00e9s de uma formula\u00e7\u00e3o est\u00e1vel de qualidade m\u00e9dica.  <\/p>\n<\/div>\n<\/div>\n<\/div>\n<\/div>\n<\/div>\n<\/div>\n<\/div>\n<\/div>\n<\/div>\n<\/div>\n<\/div>\n<\/div>\n","protected":false},"featured_media":6350,"template":"","meta":[],"product_cat":[134],"product_tag":[],"class_list":{"0":"post-7158","1":"product","2":"type-product","3":"status-publish","4":"has-post-thumbnail","6":"product_cat-lipoliticos-pt-pt","8":"first","9":"instock","10":"shipping-taxable","11":"purchasable","12":"product-type-simple"},"yoast_head":"<!-- This site is optimized with the Yoast SEO plugin v27.6 - https:\/\/yoast.com\/product\/yoast-seo-wordpress\/ -->\n<title>Compra Lipolab PPC Solution - \u00c1cido desoxicol\u00ednico online - Amerinet GPO<\/title>\n<meta name=\"description\" content=\"Encomenda a nossa solu\u00e7\u00e3o premium Deoxycholine Acid &amp; PPC. Um composto lipol\u00edtico de elevada pureza para uma gest\u00e3o direcionada do tecido adiposo. Efic\u00e1cia de n\u00edvel profissional, semelhante \u00e0 do Aqualyx.\" \/>\n<meta name=\"robots\" content=\"index, follow, max-snippet:-1, max-image-preview:large, max-video-preview:-1\" \/>\n<link rel=\"canonical\" href=\"https:\/\/www.amerinet-gpo.com\/pt-pt\/produto\/kybella-atx-101-alternativa-ao-aqualyx\/\" \/>\n<meta property=\"og:locale\" content=\"pt_PT\" \/>\n<meta property=\"og:type\" content=\"article\" \/>\n<meta property=\"og:title\" content=\"Compra Lipolab PPC Solution - \u00c1cido desoxicol\u00ednico online - Amerinet GPO\" \/>\n<meta property=\"og:description\" content=\"Encomenda a nossa solu\u00e7\u00e3o premium Deoxycholine Acid &amp; PPC. Um composto lipol\u00edtico de elevada pureza para uma gest\u00e3o direcionada do tecido adiposo. Efic\u00e1cia de n\u00edvel profissional, semelhante \u00e0 do Aqualyx.\" \/>\n<meta property=\"og:url\" content=\"https:\/\/www.amerinet-gpo.com\/pt-pt\/produto\/kybella-atx-101-alternativa-ao-aqualyx\/\" \/>\n<meta property=\"og:site_name\" content=\"Amerinet GPO\" \/>\n<meta property=\"article:modified_time\" content=\"2026-02-12T10:41:13+00:00\" \/>\n<meta property=\"og:image\" content=\"https:\/\/www.amerinet-gpo.com\/wp-content\/uploads\/2024\/03\/deoxycholic-acid-kybella-atx-101.jpg\" \/>\n\t<meta property=\"og:image:width\" content=\"760\" \/>\n\t<meta property=\"og:image:height\" content=\"760\" \/>\n\t<meta property=\"og:image:type\" content=\"image\/jpeg\" \/>\n<meta name=\"twitter:card\" content=\"summary_large_image\" \/>\n<meta name=\"twitter:label1\" content=\"Tempo estimado de leitura\" \/>\n\t<meta name=\"twitter:data1\" content=\"1 minuto\" \/>\n<script type=\"application\/ld+json\" class=\"yoast-schema-graph\">{\"@context\":\"https:\\\/\\\/schema.org\",\"@graph\":[{\"@type\":\"WebPage\",\"@id\":\"https:\\\/\\\/www.amerinet-gpo.com\\\/pt-pt\\\/produto\\\/kybella-atx-101-alternativa-ao-aqualyx\\\/\",\"url\":\"https:\\\/\\\/www.amerinet-gpo.com\\\/pt-pt\\\/produto\\\/kybella-atx-101-alternativa-ao-aqualyx\\\/\",\"name\":\"Compra Lipolab PPC Solution - \u00c1cido desoxicol\u00ednico online - Amerinet GPO\",\"isPartOf\":{\"@id\":\"https:\\\/\\\/www.amerinet-gpo.com\\\/#website\"},\"primaryImageOfPage\":{\"@id\":\"https:\\\/\\\/www.amerinet-gpo.com\\\/pt-pt\\\/produto\\\/kybella-atx-101-alternativa-ao-aqualyx\\\/#primaryimage\"},\"image\":{\"@id\":\"https:\\\/\\\/www.amerinet-gpo.com\\\/pt-pt\\\/produto\\\/kybella-atx-101-alternativa-ao-aqualyx\\\/#primaryimage\"},\"thumbnailUrl\":\"https:\\\/\\\/www.amerinet-gpo.com\\\/wp-content\\\/uploads\\\/2024\\\/03\\\/deoxycholic-acid-kybella-atx-101.jpg\",\"datePublished\":\"2024-03-29T06:42:00+00:00\",\"dateModified\":\"2026-02-12T10:41:13+00:00\",\"description\":\"Encomenda a nossa solu\u00e7\u00e3o premium Deoxycholine Acid & PPC. Um composto lipol\u00edtico de elevada pureza para uma gest\u00e3o direcionada do tecido adiposo. Efic\u00e1cia de n\u00edvel profissional, semelhante \u00e0 do Aqualyx.\",\"breadcrumb\":{\"@id\":\"https:\\\/\\\/www.amerinet-gpo.com\\\/pt-pt\\\/produto\\\/kybella-atx-101-alternativa-ao-aqualyx\\\/#breadcrumb\"},\"inLanguage\":\"pt-PT\",\"potentialAction\":[{\"@type\":\"ReadAction\",\"target\":[\"https:\\\/\\\/www.amerinet-gpo.com\\\/pt-pt\\\/produto\\\/kybella-atx-101-alternativa-ao-aqualyx\\\/\"]}]},{\"@type\":\"ImageObject\",\"inLanguage\":\"pt-PT\",\"@id\":\"https:\\\/\\\/www.amerinet-gpo.com\\\/pt-pt\\\/produto\\\/kybella-atx-101-alternativa-ao-aqualyx\\\/#primaryimage\",\"url\":\"https:\\\/\\\/www.amerinet-gpo.com\\\/wp-content\\\/uploads\\\/2024\\\/03\\\/deoxycholic-acid-kybella-atx-101.jpg\",\"contentUrl\":\"https:\\\/\\\/www.amerinet-gpo.com\\\/wp-content\\\/uploads\\\/2024\\\/03\\\/deoxycholic-acid-kybella-atx-101.jpg\",\"width\":760,\"height\":760},{\"@type\":\"BreadcrumbList\",\"@id\":\"https:\\\/\\\/www.amerinet-gpo.com\\\/pt-pt\\\/produto\\\/kybella-atx-101-alternativa-ao-aqualyx\\\/#breadcrumb\",\"itemListElement\":[{\"@type\":\"ListItem\",\"position\":1,\"name\":\"Home\",\"item\":\"https:\\\/\\\/www.amerinet-gpo.com\\\/pt-pt\\\/casa-com-marca\\\/\"},{\"@type\":\"ListItem\",\"position\":2,\"name\":\"Shop\",\"item\":\"https:\\\/\\\/www.amerinet-gpo.com\\\/es\\\/shop\\\/\"},{\"@type\":\"ListItem\",\"position\":3,\"name\":\"Lipolab PPC Solution &#8211; \u00c1cido desoxicol\u00ednico\"}]},{\"@type\":\"WebSite\",\"@id\":\"https:\\\/\\\/www.amerinet-gpo.com\\\/#website\",\"url\":\"https:\\\/\\\/www.amerinet-gpo.com\\\/\",\"name\":\"Amerinet GPO\",\"description\":\"Bem-vindo ao Amerinet GPO, o com\u00e9rcio eletr\u00f4nico de produtos injet\u00e1veis para medicina est\u00e9tica, incluindo botox e preenchimentos d\u00e9rmicos\",\"publisher\":{\"@id\":\"https:\\\/\\\/www.amerinet-gpo.com\\\/#organization\"},\"potentialAction\":[{\"@type\":\"SearchAction\",\"target\":{\"@type\":\"EntryPoint\",\"urlTemplate\":\"https:\\\/\\\/www.amerinet-gpo.com\\\/?s={search_term_string}\"},\"query-input\":{\"@type\":\"PropertyValueSpecification\",\"valueRequired\":true,\"valueName\":\"search_term_string\"}}],\"inLanguage\":\"pt-PT\"},{\"@type\":\"Organization\",\"@id\":\"https:\\\/\\\/www.amerinet-gpo.com\\\/#organization\",\"name\":\"Amerinet GPO\",\"url\":\"https:\\\/\\\/www.amerinet-gpo.com\\\/\",\"logo\":{\"@type\":\"ImageObject\",\"inLanguage\":\"pt-PT\",\"@id\":\"https:\\\/\\\/www.amerinet-gpo.com\\\/#\\\/schema\\\/logo\\\/image\\\/\",\"url\":\"https:\\\/\\\/www.amerinet-gpo.com\\\/wp-content\\\/uploads\\\/2024\\\/03\\\/extendify-demo-logo.png\",\"contentUrl\":\"https:\\\/\\\/www.amerinet-gpo.com\\\/wp-content\\\/uploads\\\/2024\\\/03\\\/extendify-demo-logo.png\",\"width\":96,\"height\":97,\"caption\":\"Amerinet GPO\"},\"image\":{\"@id\":\"https:\\\/\\\/www.amerinet-gpo.com\\\/#\\\/schema\\\/logo\\\/image\\\/\"}}]}<\/script>\n<!-- \/ Yoast SEO plugin. -->","yoast_head_json":{"title":"Compra Lipolab PPC Solution - \u00c1cido desoxicol\u00ednico online - Amerinet GPO","description":"Encomenda a nossa solu\u00e7\u00e3o premium Deoxycholine Acid & PPC. Um composto lipol\u00edtico de elevada pureza para uma gest\u00e3o direcionada do tecido adiposo. Efic\u00e1cia de n\u00edvel profissional, semelhante \u00e0 do Aqualyx.","robots":{"index":"index","follow":"follow","max-snippet":"max-snippet:-1","max-image-preview":"max-image-preview:large","max-video-preview":"max-video-preview:-1"},"canonical":"https:\/\/www.amerinet-gpo.com\/pt-pt\/produto\/kybella-atx-101-alternativa-ao-aqualyx\/","og_locale":"pt_PT","og_type":"article","og_title":"Compra Lipolab PPC Solution - \u00c1cido desoxicol\u00ednico online - Amerinet GPO","og_description":"Encomenda a nossa solu\u00e7\u00e3o premium Deoxycholine Acid & PPC. Um composto lipol\u00edtico de elevada pureza para uma gest\u00e3o direcionada do tecido adiposo. Efic\u00e1cia de n\u00edvel profissional, semelhante \u00e0 do Aqualyx.","og_url":"https:\/\/www.amerinet-gpo.com\/pt-pt\/produto\/kybella-atx-101-alternativa-ao-aqualyx\/","og_site_name":"Amerinet GPO","article_modified_time":"2026-02-12T10:41:13+00:00","og_image":[{"width":760,"height":760,"url":"https:\/\/www.amerinet-gpo.com\/wp-content\/uploads\/2024\/03\/deoxycholic-acid-kybella-atx-101.jpg","type":"image\/jpeg"}],"twitter_card":"summary_large_image","twitter_misc":{"Tempo estimado de leitura":"1 minuto"},"schema":{"@context":"https:\/\/schema.org","@graph":[{"@type":"WebPage","@id":"https:\/\/www.amerinet-gpo.com\/pt-pt\/produto\/kybella-atx-101-alternativa-ao-aqualyx\/","url":"https:\/\/www.amerinet-gpo.com\/pt-pt\/produto\/kybella-atx-101-alternativa-ao-aqualyx\/","name":"Compra Lipolab PPC Solution - \u00c1cido desoxicol\u00ednico online - Amerinet GPO","isPartOf":{"@id":"https:\/\/www.amerinet-gpo.com\/#website"},"primaryImageOfPage":{"@id":"https:\/\/www.amerinet-gpo.com\/pt-pt\/produto\/kybella-atx-101-alternativa-ao-aqualyx\/#primaryimage"},"image":{"@id":"https:\/\/www.amerinet-gpo.com\/pt-pt\/produto\/kybella-atx-101-alternativa-ao-aqualyx\/#primaryimage"},"thumbnailUrl":"https:\/\/www.amerinet-gpo.com\/wp-content\/uploads\/2024\/03\/deoxycholic-acid-kybella-atx-101.jpg","datePublished":"2024-03-29T06:42:00+00:00","dateModified":"2026-02-12T10:41:13+00:00","description":"Encomenda a nossa solu\u00e7\u00e3o premium Deoxycholine Acid & PPC. Um composto lipol\u00edtico de elevada pureza para uma gest\u00e3o direcionada do tecido adiposo. Efic\u00e1cia de n\u00edvel profissional, semelhante \u00e0 do Aqualyx.","breadcrumb":{"@id":"https:\/\/www.amerinet-gpo.com\/pt-pt\/produto\/kybella-atx-101-alternativa-ao-aqualyx\/#breadcrumb"},"inLanguage":"pt-PT","potentialAction":[{"@type":"ReadAction","target":["https:\/\/www.amerinet-gpo.com\/pt-pt\/produto\/kybella-atx-101-alternativa-ao-aqualyx\/"]}]},{"@type":"ImageObject","inLanguage":"pt-PT","@id":"https:\/\/www.amerinet-gpo.com\/pt-pt\/produto\/kybella-atx-101-alternativa-ao-aqualyx\/#primaryimage","url":"https:\/\/www.amerinet-gpo.com\/wp-content\/uploads\/2024\/03\/deoxycholic-acid-kybella-atx-101.jpg","contentUrl":"https:\/\/www.amerinet-gpo.com\/wp-content\/uploads\/2024\/03\/deoxycholic-acid-kybella-atx-101.jpg","width":760,"height":760},{"@type":"BreadcrumbList","@id":"https:\/\/www.amerinet-gpo.com\/pt-pt\/produto\/kybella-atx-101-alternativa-ao-aqualyx\/#breadcrumb","itemListElement":[{"@type":"ListItem","position":1,"name":"Home","item":"https:\/\/www.amerinet-gpo.com\/pt-pt\/casa-com-marca\/"},{"@type":"ListItem","position":2,"name":"Shop","item":"https:\/\/www.amerinet-gpo.com\/es\/shop\/"},{"@type":"ListItem","position":3,"name":"Lipolab PPC Solution &#8211; \u00c1cido desoxicol\u00ednico"}]},{"@type":"WebSite","@id":"https:\/\/www.amerinet-gpo.com\/#website","url":"https:\/\/www.amerinet-gpo.com\/","name":"Amerinet GPO","description":"Bem-vindo ao Amerinet GPO, o com\u00e9rcio eletr\u00f4nico de produtos injet\u00e1veis para medicina est\u00e9tica, incluindo botox e preenchimentos d\u00e9rmicos","publisher":{"@id":"https:\/\/www.amerinet-gpo.com\/#organization"},"potentialAction":[{"@type":"SearchAction","target":{"@type":"EntryPoint","urlTemplate":"https:\/\/www.amerinet-gpo.com\/?s={search_term_string}"},"query-input":{"@type":"PropertyValueSpecification","valueRequired":true,"valueName":"search_term_string"}}],"inLanguage":"pt-PT"},{"@type":"Organization","@id":"https:\/\/www.amerinet-gpo.com\/#organization","name":"Amerinet GPO","url":"https:\/\/www.amerinet-gpo.com\/","logo":{"@type":"ImageObject","inLanguage":"pt-PT","@id":"https:\/\/www.amerinet-gpo.com\/#\/schema\/logo\/image\/","url":"https:\/\/www.amerinet-gpo.com\/wp-content\/uploads\/2024\/03\/extendify-demo-logo.png","contentUrl":"https:\/\/www.amerinet-gpo.com\/wp-content\/uploads\/2024\/03\/extendify-demo-logo.png","width":96,"height":97,"caption":"Amerinet GPO"},"image":{"@id":"https:\/\/www.amerinet-gpo.com\/#\/schema\/logo\/image\/"}}]}},"_links":{"self":[{"href":"https:\/\/www.amerinet-gpo.com\/pt-pt\/wp-json\/wp\/v2\/product\/7158","targetHints":{"allow":["GET"]}}],"collection":[{"href":"https:\/\/www.amerinet-gpo.com\/pt-pt\/wp-json\/wp\/v2\/product"}],"about":[{"href":"https:\/\/www.amerinet-gpo.com\/pt-pt\/wp-json\/wp\/v2\/types\/product"}],"version-history":[{"count":2,"href":"https:\/\/www.amerinet-gpo.com\/pt-pt\/wp-json\/wp\/v2\/product\/7158\/revisions"}],"predecessor-version":[{"id":10190,"href":"https:\/\/www.amerinet-gpo.com\/pt-pt\/wp-json\/wp\/v2\/product\/7158\/revisions\/10190"}],"wp:featuredmedia":[{"embeddable":true,"href":"https:\/\/www.amerinet-gpo.com\/pt-pt\/wp-json\/wp\/v2\/media\/6350"}],"wp:attachment":[{"href":"https:\/\/www.amerinet-gpo.com\/pt-pt\/wp-json\/wp\/v2\/media?parent=7158"}],"wp:term":[{"taxonomy":"product_cat","embeddable":true,"href":"https:\/\/www.amerinet-gpo.com\/pt-pt\/wp-json\/wp\/v2\/product_cat?post=7158"},{"taxonomy":"product_tag","embeddable":true,"href":"https:\/\/www.amerinet-gpo.com\/pt-pt\/wp-json\/wp\/v2\/product_tag?post=7158"}],"curies":[{"name":"wp","href":"https:\/\/api.w.org\/{rel}","templated":true}]}}