{"id":7118,"date":"2024-03-29T06:29:43","date_gmt":"2024-03-29T06:29:43","guid":{"rendered":"https:\/\/www.amerinet-gpo.com\/shop\/lipolab-ppc-lipodissolve\/"},"modified":"2026-02-12T20:40:20","modified_gmt":"2026-02-12T20:40:20","slug":"lipolab-ppc-lipodissolve","status":"publish","type":"product","link":"https:\/\/www.amerinet-gpo.com\/pt-pt\/produto\/lipolab-ppc-lipodissolve\/","title":{"rendered":"Lipolab injec\u00e7\u00f5es que dissolvem a gordura"},"content":{"rendered":"<p data-path-to-node=\"4\"><b data-path-to-node=\"4\" data-index-in-node=\"0\">Introdu\u00e7\u00e3o:<\/b> LipoLab \u00e9 o padr\u00e3o de ouro global para <b data-path-to-node=\"4\" data-index-in-node=\"54\">injec\u00e7\u00f5es de dissolu\u00e7\u00e3o de gordura<\/b>, oferecendo uma solu\u00e7\u00e3o poderosa e n\u00e3o cir\u00fargica para a redu\u00e7\u00e3o permanente de gordura. Se est\u00e1s \u00e0 procura do tratamento de <b data-path-to-node=\"4\" data-index-in-node=\"195\">dissolu\u00e7\u00e3o de gordura<\/b> mais eficaz, LipoLab 5x10ml fornece uma f\u00f3rmula de grau cl\u00ednico concebida para derreter o tecido adiposo teimoso. Estas <b data-path-to-node=\"4\" data-index-in-node=\"323\">injec\u00e7\u00f5es para perda de peso<\/b> t\u00eam como alvo os dep\u00f3sitos de gordura localizada que s\u00e3o resistentes \u00e0 dieta e ao exerc\u00edcio, proporcionando um f\u00edsico mais esbelto e com mais contornos.  <\/p>\n<p data-path-to-node=\"5\"><b data-path-to-node=\"5\" data-index-in-node=\"0\">Porqu\u00ea escolher as injec\u00e7\u00f5es LipoLab Fat Dissolving?<\/b><\/p>\n<ul data-path-to-node=\"6\">\n<li>\n<p data-path-to-node=\"6,0,0\"><b data-path-to-node=\"6,0,0\" data-index-in-node=\"0\">Remo\u00e7\u00e3o de gordura direcionada:<\/b> Especificamente formulado para a <b data-path-to-node=\"6,0,0\" data-index-in-node=\"50\">dissolu\u00e7\u00e3o de gordura<\/b> no duplo queixo, abd\u00f3men, coxas e &#8220;pegas de amor&#8221;.<\/p>\n<\/li>\n<li>\n<p data-path-to-node=\"6,1,0\"><b data-path-to-node=\"6,1,0\" data-index-in-node=\"0\">Lip\u00f3lise avan\u00e7ada:<\/b> Ao contr\u00e1rio dos tratamentos convencionais, estas <b data-path-to-node=\"6,1,0\" data-index-in-node=\"54\">injec\u00e7\u00f5es que dissolvem a gordura<\/b> quebram as c\u00e9lulas adiposas de forma permanente, que s\u00e3o depois eliminadas naturalmente pelo organismo.<\/p>\n<\/li>\n<li>\n<p data-path-to-node=\"6,2,0\"><b data-path-to-node=\"6,2,0\" data-index-in-node=\"0\">Resultados de a\u00e7\u00e3o r\u00e1pida:<\/b> Como uma solu\u00e7\u00e3o l\u00edder <b data-path-to-node=\"6,2,0\" data-index-in-node=\"34\">na dissolu\u00e7\u00e3o de gordura<\/b>, LipoLab \u00e9 reconhecido pelo seu desoxicolato de alta pureza, garantindo resultados vis\u00edveis ap\u00f3s apenas algumas sess\u00f5es.<\/p>\n<\/li>\n<li>\n<p data-path-to-node=\"6,3,0\"><b data-path-to-node=\"6,3,0\" data-index-in-node=\"0\">Tempo de inatividade m\u00ednimo:<\/b> Uma alternativa preferida \u00e0 lipoaspira\u00e7\u00e3o, estas <b data-path-to-node=\"6,3,0\" data-index-in-node=\"64\">injec\u00e7\u00f5es para dissolver a gordura<\/b> permitem uma recupera\u00e7\u00e3o r\u00e1pida e uma elevada satisfa\u00e7\u00e3o do paciente.<\/p>\n<\/li>\n<\/ul>\n<p data-path-to-node=\"7\"><b data-path-to-node=\"7\" data-index-in-node=\"0\">\u00c1reas de tratamento prim\u00e1rio:<\/b><\/p>\n<ul data-path-to-node=\"8\">\n<li>\n<p data-path-to-node=\"8,0,0\"><b data-path-to-node=\"8,0,0\" data-index-in-node=\"0\">Rosto:<\/b> Ideal para <b data-path-to-node=\"8,0,0\" data-index-in-node=\"16\">dissolver a gordura<\/b> debaixo do queixo (gordura submental) e definir a linha do maxilar.<\/p>\n<\/li>\n<li>\n<p data-path-to-node=\"8,1,0\"><b data-path-to-node=\"8,1,0\" data-index-in-node=\"0\">Para o corpo:<\/b> Perfeito para <b data-path-to-node=\"8,1,0\" data-index-in-node=\"18\">dissolver a gordura<\/b> do est\u00f4mago, bra\u00e7os, costas (gordura do suti\u00e3) e ancas.<\/p>\n<\/li>\n<\/ul>\n<p data-path-to-node=\"9\"><b data-path-to-node=\"9\" data-index-in-node=\"0\">Especifica\u00e7\u00f5es do produto:<\/b><\/p>\n<ul data-path-to-node=\"10\">\n<li>\n<p data-path-to-node=\"10,0,0\"><b data-path-to-node=\"10,0,0\" data-index-in-node=\"0\">Formato:<\/b> Caixa de 5 frascos de 10 ml (ciclo completo de <b data-path-to-node=\"10,0,0\" data-index-in-node=\"40\">dissolu\u00e7\u00e3o de gordura<\/b> ).<\/p>\n<\/li>\n<li>\n<p data-path-to-node=\"10,1,0\"><b data-path-to-node=\"10,1,0\" data-index-in-node=\"0\">Ingredientes activos:<\/b> PPC de alta pureza e Desoxicolato de S\u00f3dio para um efeito <b data-path-to-node=\"10,1,0\" data-index-in-node=\"72\">lipol\u00edtico<\/b> m\u00e1ximo.<\/p>\n<\/li>\n<li>\n<p data-path-to-node=\"10,2,0\"><b data-path-to-node=\"10,2,0\" data-index-in-node=\"0\">Administra\u00e7\u00e3o:<\/b> Destina-se a protocolos profissionais de inje\u00e7\u00e3o subcut\u00e2nea.<\/p>\n<\/li>\n<\/ul>\n<p data-path-to-node=\"11\"><b data-path-to-node=\"11\" data-index-in-node=\"0\">Seguran\u00e7a e armazenamento:<\/b><\/p>\n<ul data-path-to-node=\"12\">\n<li>\n<p data-path-to-node=\"12,0,0\"><b data-path-to-node=\"12,0,0\" data-index-in-node=\"0\">Uso profissional:<\/b> Estas <b data-path-to-node=\"12,0,0\" data-index-in-node=\"24\">injec\u00e7\u00f5es de dissolu\u00e7\u00e3o de gordura<\/b> s\u00f3 devem ser administradas por profissionais qualificados.<\/p>\n<\/li>\n<li>\n<p data-path-to-node=\"12,1,0\"><b data-path-to-node=\"12,1,0\" data-index-in-node=\"0\">Armazenamento:<\/b> Mant\u00e9m em local fresco e seco. Protege da luz. <\/p>\n<\/li>\n<\/ul>\n","protected":false},"excerpt":{"rendered":"<p><b data-path-to-node=\"15,0\" data-index-in-node=\"0\">LipoLab 5x10ml<\/b> \u00e9 a solu\u00e7\u00e3o l\u00edder para <b data-path-to-node=\"15,0\" data-index-in-node=\"43\">injec\u00e7\u00f5es de dissolu\u00e7\u00e3o de gordura<\/b>, proporcionando uma redu\u00e7\u00e3o permanente do tecido adiposo localizado. Concebida para uma <b data-path-to-node=\"15,0\" data-index-in-node=\"159\">dissolu\u00e7\u00e3o de gordura<\/b> de alta precis\u00e3o, tem como alvo o duplo queixo, o abd\u00f3men e as coxas. Estas <b data-path-to-node=\"15,0\" data-index-in-node=\"243\">injec\u00e7\u00f5es lipol\u00edticas<\/b> profissionais oferecem uma alternativa n\u00e3o cir\u00fargica \u00e0 lipoaspira\u00e7\u00e3o, garantindo uma silhueta mais fina e definida com resultados duradouros.  <\/p>\n","protected":false},"featured_media":6345,"template":"","meta":[],"product_cat":[134],"product_tag":[],"class_list":{"0":"post-7118","1":"product","2":"type-product","3":"status-publish","4":"has-post-thumbnail","6":"product_cat-lipoliticos-pt-pt","8":"first","9":"instock","10":"shipping-taxable","11":"purchasable","12":"product-type-simple"},"yoast_head":"<!-- This site is optimized with the Yoast SEO plugin v27.5 - https:\/\/yoast.com\/product\/yoast-seo-wordpress\/ -->\n<title>Comprar \u00c1cido Desoxic\u00f3lico 5x10ml | ATX-101 &amp; Belkyra Alternativa - Amerinet GPO<\/title>\n<meta name=\"description\" content=\"Queres comprar \u00e1cido desoxic\u00f3lico para a tua cl\u00ednica? A nossa solu\u00e7\u00e3o PPC oferece-te uma alternativa profissional ao Kybella e ao Belkyra (ATX-101). Segura, rastre\u00e1vel e certificada.\" \/>\n<meta name=\"robots\" content=\"index, follow, max-snippet:-1, max-image-preview:large, max-video-preview:-1\" \/>\n<link rel=\"canonical\" href=\"https:\/\/www.amerinet-gpo.com\/pt-pt\/produto\/lipolab-ppc-lipodissolve\/\" \/>\n<meta property=\"og:locale\" content=\"pt_PT\" \/>\n<meta property=\"og:type\" content=\"article\" \/>\n<meta property=\"og:title\" content=\"Comprar \u00c1cido Desoxic\u00f3lico 5x10ml | ATX-101 &amp; Belkyra Alternativa - Amerinet GPO\" \/>\n<meta property=\"og:description\" content=\"Queres comprar \u00e1cido desoxic\u00f3lico para a tua cl\u00ednica? A nossa solu\u00e7\u00e3o PPC oferece-te uma alternativa profissional ao Kybella e ao Belkyra (ATX-101). Segura, rastre\u00e1vel e certificada.\" \/>\n<meta property=\"og:url\" content=\"https:\/\/www.amerinet-gpo.com\/pt-pt\/produto\/lipolab-ppc-lipodissolve\/\" \/>\n<meta property=\"og:site_name\" content=\"Amerinet GPO\" \/>\n<meta property=\"article:modified_time\" content=\"2026-02-12T20:40:20+00:00\" \/>\n<meta property=\"og:image\" content=\"https:\/\/www.amerinet-gpo.com\/wp-content\/uploads\/2024\/03\/image_1024.jpg\" \/>\n\t<meta property=\"og:image:width\" content=\"500\" \/>\n\t<meta property=\"og:image:height\" content=\"500\" \/>\n\t<meta property=\"og:image:type\" content=\"image\/jpeg\" \/>\n<meta name=\"twitter:card\" content=\"summary_large_image\" \/>\n<meta name=\"twitter:label1\" content=\"Tempo estimado de leitura\" \/>\n\t<meta name=\"twitter:data1\" content=\"2 minutos\" \/>\n<script type=\"application\/ld+json\" class=\"yoast-schema-graph\">{\"@context\":\"https:\\\/\\\/schema.org\",\"@graph\":[{\"@type\":\"WebPage\",\"@id\":\"https:\\\/\\\/www.amerinet-gpo.com\\\/pt-pt\\\/produto\\\/lipolab-ppc-lipodissolve\\\/\",\"url\":\"https:\\\/\\\/www.amerinet-gpo.com\\\/pt-pt\\\/produto\\\/lipolab-ppc-lipodissolve\\\/\",\"name\":\"Comprar \u00c1cido Desoxic\u00f3lico 5x10ml | ATX-101 & Belkyra Alternativa - Amerinet GPO\",\"isPartOf\":{\"@id\":\"https:\\\/\\\/www.amerinet-gpo.com\\\/#website\"},\"primaryImageOfPage\":{\"@id\":\"https:\\\/\\\/www.amerinet-gpo.com\\\/pt-pt\\\/produto\\\/lipolab-ppc-lipodissolve\\\/#primaryimage\"},\"image\":{\"@id\":\"https:\\\/\\\/www.amerinet-gpo.com\\\/pt-pt\\\/produto\\\/lipolab-ppc-lipodissolve\\\/#primaryimage\"},\"thumbnailUrl\":\"https:\\\/\\\/www.amerinet-gpo.com\\\/wp-content\\\/uploads\\\/2024\\\/03\\\/image_1024.jpg\",\"datePublished\":\"2024-03-29T06:29:43+00:00\",\"dateModified\":\"2026-02-12T20:40:20+00:00\",\"description\":\"Queres comprar \u00e1cido desoxic\u00f3lico para a tua cl\u00ednica? A nossa solu\u00e7\u00e3o PPC oferece-te uma alternativa profissional ao Kybella e ao Belkyra (ATX-101). Segura, rastre\u00e1vel e certificada.\",\"breadcrumb\":{\"@id\":\"https:\\\/\\\/www.amerinet-gpo.com\\\/pt-pt\\\/produto\\\/lipolab-ppc-lipodissolve\\\/#breadcrumb\"},\"inLanguage\":\"pt-PT\",\"potentialAction\":[{\"@type\":\"ReadAction\",\"target\":[\"https:\\\/\\\/www.amerinet-gpo.com\\\/pt-pt\\\/produto\\\/lipolab-ppc-lipodissolve\\\/\"]}]},{\"@type\":\"ImageObject\",\"inLanguage\":\"pt-PT\",\"@id\":\"https:\\\/\\\/www.amerinet-gpo.com\\\/pt-pt\\\/produto\\\/lipolab-ppc-lipodissolve\\\/#primaryimage\",\"url\":\"https:\\\/\\\/www.amerinet-gpo.com\\\/wp-content\\\/uploads\\\/2024\\\/03\\\/image_1024.jpg\",\"contentUrl\":\"https:\\\/\\\/www.amerinet-gpo.com\\\/wp-content\\\/uploads\\\/2024\\\/03\\\/image_1024.jpg\",\"width\":500,\"height\":500},{\"@type\":\"BreadcrumbList\",\"@id\":\"https:\\\/\\\/www.amerinet-gpo.com\\\/pt-pt\\\/produto\\\/lipolab-ppc-lipodissolve\\\/#breadcrumb\",\"itemListElement\":[{\"@type\":\"ListItem\",\"position\":1,\"name\":\"Home\",\"item\":\"https:\\\/\\\/www.amerinet-gpo.com\\\/pt-pt\\\/casa-com-marca\\\/\"},{\"@type\":\"ListItem\",\"position\":2,\"name\":\"Shop\",\"item\":\"https:\\\/\\\/www.amerinet-gpo.com\\\/es\\\/shop\\\/\"},{\"@type\":\"ListItem\",\"position\":3,\"name\":\"Lipolab injec\u00e7\u00f5es que dissolvem a gordura\"}]},{\"@type\":\"WebSite\",\"@id\":\"https:\\\/\\\/www.amerinet-gpo.com\\\/#website\",\"url\":\"https:\\\/\\\/www.amerinet-gpo.com\\\/\",\"name\":\"Amerinet GPO\",\"description\":\"Bem-vindo ao Amerinet GPO, o com\u00e9rcio eletr\u00f4nico de produtos injet\u00e1veis para medicina est\u00e9tica, incluindo botox e preenchimentos d\u00e9rmicos\",\"publisher\":{\"@id\":\"https:\\\/\\\/www.amerinet-gpo.com\\\/#organization\"},\"potentialAction\":[{\"@type\":\"SearchAction\",\"target\":{\"@type\":\"EntryPoint\",\"urlTemplate\":\"https:\\\/\\\/www.amerinet-gpo.com\\\/?s={search_term_string}\"},\"query-input\":{\"@type\":\"PropertyValueSpecification\",\"valueRequired\":true,\"valueName\":\"search_term_string\"}}],\"inLanguage\":\"pt-PT\"},{\"@type\":\"Organization\",\"@id\":\"https:\\\/\\\/www.amerinet-gpo.com\\\/#organization\",\"name\":\"Amerinet GPO\",\"url\":\"https:\\\/\\\/www.amerinet-gpo.com\\\/\",\"logo\":{\"@type\":\"ImageObject\",\"inLanguage\":\"pt-PT\",\"@id\":\"https:\\\/\\\/www.amerinet-gpo.com\\\/#\\\/schema\\\/logo\\\/image\\\/\",\"url\":\"https:\\\/\\\/www.amerinet-gpo.com\\\/wp-content\\\/uploads\\\/2024\\\/03\\\/extendify-demo-logo.png\",\"contentUrl\":\"https:\\\/\\\/www.amerinet-gpo.com\\\/wp-content\\\/uploads\\\/2024\\\/03\\\/extendify-demo-logo.png\",\"width\":96,\"height\":97,\"caption\":\"Amerinet GPO\"},\"image\":{\"@id\":\"https:\\\/\\\/www.amerinet-gpo.com\\\/#\\\/schema\\\/logo\\\/image\\\/\"}}]}<\/script>\n<!-- \/ Yoast SEO plugin. -->","yoast_head_json":{"title":"Comprar \u00c1cido Desoxic\u00f3lico 5x10ml | ATX-101 & Belkyra Alternativa - Amerinet GPO","description":"Queres comprar \u00e1cido desoxic\u00f3lico para a tua cl\u00ednica? A nossa solu\u00e7\u00e3o PPC oferece-te uma alternativa profissional ao Kybella e ao Belkyra (ATX-101). Segura, rastre\u00e1vel e certificada.","robots":{"index":"index","follow":"follow","max-snippet":"max-snippet:-1","max-image-preview":"max-image-preview:large","max-video-preview":"max-video-preview:-1"},"canonical":"https:\/\/www.amerinet-gpo.com\/pt-pt\/produto\/lipolab-ppc-lipodissolve\/","og_locale":"pt_PT","og_type":"article","og_title":"Comprar \u00c1cido Desoxic\u00f3lico 5x10ml | ATX-101 & Belkyra Alternativa - Amerinet GPO","og_description":"Queres comprar \u00e1cido desoxic\u00f3lico para a tua cl\u00ednica? A nossa solu\u00e7\u00e3o PPC oferece-te uma alternativa profissional ao Kybella e ao Belkyra (ATX-101). Segura, rastre\u00e1vel e certificada.","og_url":"https:\/\/www.amerinet-gpo.com\/pt-pt\/produto\/lipolab-ppc-lipodissolve\/","og_site_name":"Amerinet GPO","article_modified_time":"2026-02-12T20:40:20+00:00","og_image":[{"width":500,"height":500,"url":"https:\/\/www.amerinet-gpo.com\/wp-content\/uploads\/2024\/03\/image_1024.jpg","type":"image\/jpeg"}],"twitter_card":"summary_large_image","twitter_misc":{"Tempo estimado de leitura":"2 minutos"},"schema":{"@context":"https:\/\/schema.org","@graph":[{"@type":"WebPage","@id":"https:\/\/www.amerinet-gpo.com\/pt-pt\/produto\/lipolab-ppc-lipodissolve\/","url":"https:\/\/www.amerinet-gpo.com\/pt-pt\/produto\/lipolab-ppc-lipodissolve\/","name":"Comprar \u00c1cido Desoxic\u00f3lico 5x10ml | ATX-101 & Belkyra Alternativa - Amerinet GPO","isPartOf":{"@id":"https:\/\/www.amerinet-gpo.com\/#website"},"primaryImageOfPage":{"@id":"https:\/\/www.amerinet-gpo.com\/pt-pt\/produto\/lipolab-ppc-lipodissolve\/#primaryimage"},"image":{"@id":"https:\/\/www.amerinet-gpo.com\/pt-pt\/produto\/lipolab-ppc-lipodissolve\/#primaryimage"},"thumbnailUrl":"https:\/\/www.amerinet-gpo.com\/wp-content\/uploads\/2024\/03\/image_1024.jpg","datePublished":"2024-03-29T06:29:43+00:00","dateModified":"2026-02-12T20:40:20+00:00","description":"Queres comprar \u00e1cido desoxic\u00f3lico para a tua cl\u00ednica? A nossa solu\u00e7\u00e3o PPC oferece-te uma alternativa profissional ao Kybella e ao Belkyra (ATX-101). Segura, rastre\u00e1vel e certificada.","breadcrumb":{"@id":"https:\/\/www.amerinet-gpo.com\/pt-pt\/produto\/lipolab-ppc-lipodissolve\/#breadcrumb"},"inLanguage":"pt-PT","potentialAction":[{"@type":"ReadAction","target":["https:\/\/www.amerinet-gpo.com\/pt-pt\/produto\/lipolab-ppc-lipodissolve\/"]}]},{"@type":"ImageObject","inLanguage":"pt-PT","@id":"https:\/\/www.amerinet-gpo.com\/pt-pt\/produto\/lipolab-ppc-lipodissolve\/#primaryimage","url":"https:\/\/www.amerinet-gpo.com\/wp-content\/uploads\/2024\/03\/image_1024.jpg","contentUrl":"https:\/\/www.amerinet-gpo.com\/wp-content\/uploads\/2024\/03\/image_1024.jpg","width":500,"height":500},{"@type":"BreadcrumbList","@id":"https:\/\/www.amerinet-gpo.com\/pt-pt\/produto\/lipolab-ppc-lipodissolve\/#breadcrumb","itemListElement":[{"@type":"ListItem","position":1,"name":"Home","item":"https:\/\/www.amerinet-gpo.com\/pt-pt\/casa-com-marca\/"},{"@type":"ListItem","position":2,"name":"Shop","item":"https:\/\/www.amerinet-gpo.com\/es\/shop\/"},{"@type":"ListItem","position":3,"name":"Lipolab injec\u00e7\u00f5es que dissolvem a gordura"}]},{"@type":"WebSite","@id":"https:\/\/www.amerinet-gpo.com\/#website","url":"https:\/\/www.amerinet-gpo.com\/","name":"Amerinet GPO","description":"Bem-vindo ao Amerinet GPO, o com\u00e9rcio eletr\u00f4nico de produtos injet\u00e1veis para medicina est\u00e9tica, incluindo botox e preenchimentos d\u00e9rmicos","publisher":{"@id":"https:\/\/www.amerinet-gpo.com\/#organization"},"potentialAction":[{"@type":"SearchAction","target":{"@type":"EntryPoint","urlTemplate":"https:\/\/www.amerinet-gpo.com\/?s={search_term_string}"},"query-input":{"@type":"PropertyValueSpecification","valueRequired":true,"valueName":"search_term_string"}}],"inLanguage":"pt-PT"},{"@type":"Organization","@id":"https:\/\/www.amerinet-gpo.com\/#organization","name":"Amerinet GPO","url":"https:\/\/www.amerinet-gpo.com\/","logo":{"@type":"ImageObject","inLanguage":"pt-PT","@id":"https:\/\/www.amerinet-gpo.com\/#\/schema\/logo\/image\/","url":"https:\/\/www.amerinet-gpo.com\/wp-content\/uploads\/2024\/03\/extendify-demo-logo.png","contentUrl":"https:\/\/www.amerinet-gpo.com\/wp-content\/uploads\/2024\/03\/extendify-demo-logo.png","width":96,"height":97,"caption":"Amerinet GPO"},"image":{"@id":"https:\/\/www.amerinet-gpo.com\/#\/schema\/logo\/image\/"}}]}},"_links":{"self":[{"href":"https:\/\/www.amerinet-gpo.com\/pt-pt\/wp-json\/wp\/v2\/product\/7118","targetHints":{"allow":["GET"]}}],"collection":[{"href":"https:\/\/www.amerinet-gpo.com\/pt-pt\/wp-json\/wp\/v2\/product"}],"about":[{"href":"https:\/\/www.amerinet-gpo.com\/pt-pt\/wp-json\/wp\/v2\/types\/product"}],"version-history":[{"count":2,"href":"https:\/\/www.amerinet-gpo.com\/pt-pt\/wp-json\/wp\/v2\/product\/7118\/revisions"}],"predecessor-version":[{"id":10195,"href":"https:\/\/www.amerinet-gpo.com\/pt-pt\/wp-json\/wp\/v2\/product\/7118\/revisions\/10195"}],"wp:featuredmedia":[{"embeddable":true,"href":"https:\/\/www.amerinet-gpo.com\/pt-pt\/wp-json\/wp\/v2\/media\/6345"}],"wp:attachment":[{"href":"https:\/\/www.amerinet-gpo.com\/pt-pt\/wp-json\/wp\/v2\/media?parent=7118"}],"wp:term":[{"taxonomy":"product_cat","embeddable":true,"href":"https:\/\/www.amerinet-gpo.com\/pt-pt\/wp-json\/wp\/v2\/product_cat?post=7118"},{"taxonomy":"product_tag","embeddable":true,"href":"https:\/\/www.amerinet-gpo.com\/pt-pt\/wp-json\/wp\/v2\/product_tag?post=7118"}],"curies":[{"name":"wp","href":"https:\/\/api.w.org\/{rel}","templated":true}]}}