{"id":6591,"date":"2024-03-30T03:08:11","date_gmt":"2024-03-30T03:08:11","guid":{"rendered":"https:\/\/www.amerinet-gpo.com\/shop\/acido-poli-l-latico-sculptra\/"},"modified":"2026-02-03T21:53:55","modified_gmt":"2026-02-03T21:53:55","slug":"acido-poli-l-latico-sculptra","status":"publish","type":"product","link":"https:\/\/www.amerinet-gpo.com\/pt-pt\/produto\/acido-poli-l-latico-sculptra\/","title":{"rendered":"Sculptra &#8211; Bioestimulador de colag\u00e9nio de \u00e1cido poli-L-l\u00e1tico (PLLA)"},"content":{"rendered":"<p data-path-to-node=\"12\">O nosso <b data-path-to-node=\"12\" data-index-in-node=\"30\">Complexo PLLA<\/b> \u00e9 uma solu\u00e7\u00e3o bioestimuladora de primeira linha desenvolvida para a restaura\u00e7\u00e3o do volume facial perdido e para o tratamento da flacidez da pele. Utilizando \u00e1cido poli-L-l\u00e1tico de qualidade m\u00e9dica, esta formula\u00e7\u00e3o actua profundamente na derme para ativar os fibroblastos e iniciar <b data-path-to-node=\"12\" data-index-in-node=\"293\">a neocolag\u00e9nese<\/b>. Ao contr\u00e1rio dos preenchimentos tempor\u00e1rios, a estrutura PLLA fornece um suporte para o colag\u00e9nio do pr\u00f3prio corpo, resultando num efeito natural de eleva\u00e7\u00e3o e firmeza que pode durar mais de 24 meses.  <\/p>\n<p data-path-to-node=\"13\">As cl\u00ednicas que pretendam <b data-path-to-node=\"13\" data-index-in-node=\"19\">encomendar bioestimuladores de PLLA<\/b> encontrar\u00e3o este produto ideal para a remodela\u00e7\u00e3o de tecidos profundos em \u00e1reas como as t\u00eamporas, as bochechas e a linha do maxilar. Cada frasco \u00e9 produzido sob rigorosos controlos de qualidade, garantindo um p\u00f3 liofilizado est\u00e9ril e de elevada pureza, pronto para reconstitui\u00e7\u00e3o cl\u00ednica. <\/p>\n<p data-path-to-node=\"14\">Como distribuidor global l\u00edder, a Amerinet-GPO garante que cada <b data-path-to-node=\"14\" data-index-in-node=\"65\">compra de PLLA<\/b> \u00e9 apoiada por uma cadeia de fornecimento profissional. Para manter os mais elevados padr\u00f5es de seguran\u00e7a cl\u00ednica (EEAT), o acesso a este produto \u00e9 dedicado exclusivamente a <b data-path-to-node=\"14\" data-index-in-node=\"236\">prestadores de cuidados de sa\u00fade licenciados e especialistas em est\u00e9tica certificados<\/b>. <\/p>\n","protected":false},"excerpt":{"rendered":"<p>Um complexo injet\u00e1vel de PLLA de alto desempenho concebido para o rejuvenescimento facial profissional. Este bioestimulador desencadeia a produ\u00e7\u00e3o natural de colag\u00e9nio para restaurar o volume estrutural e a densidade d\u00e9rmica. Concebido para especialistas que procuram <b data-path-to-node=\"11\" data-index-in-node=\"249\">uma efic\u00e1cia semelhante \u00e0 do Sculptra<\/b> com resultados cl\u00ednicos duradouros.  <\/p>\n","protected":false},"featured_media":6445,"template":"","meta":[],"product_cat":[130],"product_tag":[],"class_list":{"0":"post-6591","1":"product","2":"type-product","3":"status-publish","4":"has-post-thumbnail","6":"product_cat-enchimentos-dermicos","8":"first","9":"instock","10":"shipping-taxable","11":"purchasable","12":"product-type-simple"},"yoast_head":"<!-- This site is optimized with the Yoast SEO plugin v27.3 - https:\/\/yoast.com\/product\/yoast-seo-wordpress\/ -->\n<title>Comprar Sculptra PLLA | Bioestimulador de Colag\u00e9nio Profissional - Amerinet GPO<\/title>\n<meta name=\"description\" content=\"\u00c1cido Poli-L-L\u00e1ctico (PLLA) de alta pureza para uso cl\u00ednico profissional. Estimula o colag\u00e9nio natural e restaura o volume. Compra segura para m\u00e9dicos especialistas.\" \/>\n<meta name=\"robots\" content=\"index, follow, max-snippet:-1, max-image-preview:large, max-video-preview:-1\" \/>\n<link rel=\"canonical\" href=\"https:\/\/www.amerinet-gpo.com\/pt-pt\/produto\/acido-poli-l-latico-sculptra\/\" \/>\n<meta property=\"og:locale\" content=\"pt_PT\" \/>\n<meta property=\"og:type\" content=\"article\" \/>\n<meta property=\"og:title\" content=\"Comprar Sculptra PLLA | Bioestimulador de Colag\u00e9nio Profissional - Amerinet GPO\" \/>\n<meta property=\"og:description\" content=\"\u00c1cido Poli-L-L\u00e1ctico (PLLA) de alta pureza para uso cl\u00ednico profissional. Estimula o colag\u00e9nio natural e restaura o volume. Compra segura para m\u00e9dicos especialistas.\" \/>\n<meta property=\"og:url\" content=\"https:\/\/www.amerinet-gpo.com\/pt-pt\/produto\/acido-poli-l-latico-sculptra\/\" \/>\n<meta property=\"og:site_name\" content=\"Amerinet GPO\" \/>\n<meta property=\"article:modified_time\" content=\"2026-02-03T21:53:55+00:00\" \/>\n<meta property=\"og:image\" content=\"https:\/\/www.amerinet-gpo.com\/wp-content\/uploads\/2024\/03\/buy-sculptra.webp\" \/>\n\t<meta property=\"og:image:width\" content=\"697\" \/>\n\t<meta property=\"og:image:height\" content=\"696\" \/>\n\t<meta property=\"og:image:type\" content=\"image\/webp\" \/>\n<meta name=\"twitter:card\" content=\"summary_large_image\" \/>\n<meta name=\"twitter:label1\" content=\"Tempo estimado de leitura\" \/>\n\t<meta name=\"twitter:data1\" content=\"1 minuto\" \/>\n<script type=\"application\/ld+json\" class=\"yoast-schema-graph\">{\"@context\":\"https:\\\/\\\/schema.org\",\"@graph\":[{\"@type\":\"WebPage\",\"@id\":\"https:\\\/\\\/www.amerinet-gpo.com\\\/pt-pt\\\/produto\\\/acido-poli-l-latico-sculptra\\\/\",\"url\":\"https:\\\/\\\/www.amerinet-gpo.com\\\/pt-pt\\\/produto\\\/acido-poli-l-latico-sculptra\\\/\",\"name\":\"Comprar Sculptra PLLA | Bioestimulador de Colag\u00e9nio Profissional - Amerinet GPO\",\"isPartOf\":{\"@id\":\"https:\\\/\\\/www.amerinet-gpo.com\\\/#website\"},\"primaryImageOfPage\":{\"@id\":\"https:\\\/\\\/www.amerinet-gpo.com\\\/pt-pt\\\/produto\\\/acido-poli-l-latico-sculptra\\\/#primaryimage\"},\"image\":{\"@id\":\"https:\\\/\\\/www.amerinet-gpo.com\\\/pt-pt\\\/produto\\\/acido-poli-l-latico-sculptra\\\/#primaryimage\"},\"thumbnailUrl\":\"https:\\\/\\\/www.amerinet-gpo.com\\\/wp-content\\\/uploads\\\/2024\\\/03\\\/buy-sculptra.webp\",\"datePublished\":\"2024-03-30T03:08:11+00:00\",\"dateModified\":\"2026-02-03T21:53:55+00:00\",\"description\":\"\u00c1cido Poli-L-L\u00e1ctico (PLLA) de alta pureza para uso cl\u00ednico profissional. Estimula o colag\u00e9nio natural e restaura o volume. Compra segura para m\u00e9dicos especialistas.\",\"breadcrumb\":{\"@id\":\"https:\\\/\\\/www.amerinet-gpo.com\\\/pt-pt\\\/produto\\\/acido-poli-l-latico-sculptra\\\/#breadcrumb\"},\"inLanguage\":\"pt-PT\",\"potentialAction\":[{\"@type\":\"ReadAction\",\"target\":[\"https:\\\/\\\/www.amerinet-gpo.com\\\/pt-pt\\\/produto\\\/acido-poli-l-latico-sculptra\\\/\"]}]},{\"@type\":\"ImageObject\",\"inLanguage\":\"pt-PT\",\"@id\":\"https:\\\/\\\/www.amerinet-gpo.com\\\/pt-pt\\\/produto\\\/acido-poli-l-latico-sculptra\\\/#primaryimage\",\"url\":\"https:\\\/\\\/www.amerinet-gpo.com\\\/wp-content\\\/uploads\\\/2024\\\/03\\\/buy-sculptra.webp\",\"contentUrl\":\"https:\\\/\\\/www.amerinet-gpo.com\\\/wp-content\\\/uploads\\\/2024\\\/03\\\/buy-sculptra.webp\",\"width\":697,\"height\":696},{\"@type\":\"BreadcrumbList\",\"@id\":\"https:\\\/\\\/www.amerinet-gpo.com\\\/pt-pt\\\/produto\\\/acido-poli-l-latico-sculptra\\\/#breadcrumb\",\"itemListElement\":[{\"@type\":\"ListItem\",\"position\":1,\"name\":\"Home\",\"item\":\"https:\\\/\\\/www.amerinet-gpo.com\\\/pt-pt\\\/casa-com-marca\\\/\"},{\"@type\":\"ListItem\",\"position\":2,\"name\":\"Shop\",\"item\":\"https:\\\/\\\/www.amerinet-gpo.com\\\/es\\\/shop\\\/\"},{\"@type\":\"ListItem\",\"position\":3,\"name\":\"Sculptra &#8211; Bioestimulador de colag\u00e9nio de \u00e1cido poli-L-l\u00e1tico (PLLA)\"}]},{\"@type\":\"WebSite\",\"@id\":\"https:\\\/\\\/www.amerinet-gpo.com\\\/#website\",\"url\":\"https:\\\/\\\/www.amerinet-gpo.com\\\/\",\"name\":\"Amerinet GPO\",\"description\":\"Bem-vindo ao Amerinet GPO, o com\u00e9rcio eletr\u00f4nico de produtos injet\u00e1veis para medicina est\u00e9tica, incluindo botox e preenchimentos d\u00e9rmicos\",\"publisher\":{\"@id\":\"https:\\\/\\\/www.amerinet-gpo.com\\\/#organization\"},\"potentialAction\":[{\"@type\":\"SearchAction\",\"target\":{\"@type\":\"EntryPoint\",\"urlTemplate\":\"https:\\\/\\\/www.amerinet-gpo.com\\\/?s={search_term_string}\"},\"query-input\":{\"@type\":\"PropertyValueSpecification\",\"valueRequired\":true,\"valueName\":\"search_term_string\"}}],\"inLanguage\":\"pt-PT\"},{\"@type\":\"Organization\",\"@id\":\"https:\\\/\\\/www.amerinet-gpo.com\\\/#organization\",\"name\":\"Amerinet GPO\",\"url\":\"https:\\\/\\\/www.amerinet-gpo.com\\\/\",\"logo\":{\"@type\":\"ImageObject\",\"inLanguage\":\"pt-PT\",\"@id\":\"https:\\\/\\\/www.amerinet-gpo.com\\\/#\\\/schema\\\/logo\\\/image\\\/\",\"url\":\"https:\\\/\\\/www.amerinet-gpo.com\\\/wp-content\\\/uploads\\\/2024\\\/03\\\/extendify-demo-logo.png\",\"contentUrl\":\"https:\\\/\\\/www.amerinet-gpo.com\\\/wp-content\\\/uploads\\\/2024\\\/03\\\/extendify-demo-logo.png\",\"width\":96,\"height\":97,\"caption\":\"Amerinet GPO\"},\"image\":{\"@id\":\"https:\\\/\\\/www.amerinet-gpo.com\\\/#\\\/schema\\\/logo\\\/image\\\/\"}}]}<\/script>\n<!-- \/ Yoast SEO plugin. -->","yoast_head_json":{"title":"Comprar Sculptra PLLA | Bioestimulador de Colag\u00e9nio Profissional - Amerinet GPO","description":"\u00c1cido Poli-L-L\u00e1ctico (PLLA) de alta pureza para uso cl\u00ednico profissional. Estimula o colag\u00e9nio natural e restaura o volume. Compra segura para m\u00e9dicos especialistas.","robots":{"index":"index","follow":"follow","max-snippet":"max-snippet:-1","max-image-preview":"max-image-preview:large","max-video-preview":"max-video-preview:-1"},"canonical":"https:\/\/www.amerinet-gpo.com\/pt-pt\/produto\/acido-poli-l-latico-sculptra\/","og_locale":"pt_PT","og_type":"article","og_title":"Comprar Sculptra PLLA | Bioestimulador de Colag\u00e9nio Profissional - Amerinet GPO","og_description":"\u00c1cido Poli-L-L\u00e1ctico (PLLA) de alta pureza para uso cl\u00ednico profissional. Estimula o colag\u00e9nio natural e restaura o volume. Compra segura para m\u00e9dicos especialistas.","og_url":"https:\/\/www.amerinet-gpo.com\/pt-pt\/produto\/acido-poli-l-latico-sculptra\/","og_site_name":"Amerinet GPO","article_modified_time":"2026-02-03T21:53:55+00:00","og_image":[{"width":697,"height":696,"url":"https:\/\/www.amerinet-gpo.com\/wp-content\/uploads\/2024\/03\/buy-sculptra.webp","type":"image\/webp"}],"twitter_card":"summary_large_image","twitter_misc":{"Tempo estimado de leitura":"1 minuto"},"schema":{"@context":"https:\/\/schema.org","@graph":[{"@type":"WebPage","@id":"https:\/\/www.amerinet-gpo.com\/pt-pt\/produto\/acido-poli-l-latico-sculptra\/","url":"https:\/\/www.amerinet-gpo.com\/pt-pt\/produto\/acido-poli-l-latico-sculptra\/","name":"Comprar Sculptra PLLA | Bioestimulador de Colag\u00e9nio Profissional - Amerinet GPO","isPartOf":{"@id":"https:\/\/www.amerinet-gpo.com\/#website"},"primaryImageOfPage":{"@id":"https:\/\/www.amerinet-gpo.com\/pt-pt\/produto\/acido-poli-l-latico-sculptra\/#primaryimage"},"image":{"@id":"https:\/\/www.amerinet-gpo.com\/pt-pt\/produto\/acido-poli-l-latico-sculptra\/#primaryimage"},"thumbnailUrl":"https:\/\/www.amerinet-gpo.com\/wp-content\/uploads\/2024\/03\/buy-sculptra.webp","datePublished":"2024-03-30T03:08:11+00:00","dateModified":"2026-02-03T21:53:55+00:00","description":"\u00c1cido Poli-L-L\u00e1ctico (PLLA) de alta pureza para uso cl\u00ednico profissional. Estimula o colag\u00e9nio natural e restaura o volume. Compra segura para m\u00e9dicos especialistas.","breadcrumb":{"@id":"https:\/\/www.amerinet-gpo.com\/pt-pt\/produto\/acido-poli-l-latico-sculptra\/#breadcrumb"},"inLanguage":"pt-PT","potentialAction":[{"@type":"ReadAction","target":["https:\/\/www.amerinet-gpo.com\/pt-pt\/produto\/acido-poli-l-latico-sculptra\/"]}]},{"@type":"ImageObject","inLanguage":"pt-PT","@id":"https:\/\/www.amerinet-gpo.com\/pt-pt\/produto\/acido-poli-l-latico-sculptra\/#primaryimage","url":"https:\/\/www.amerinet-gpo.com\/wp-content\/uploads\/2024\/03\/buy-sculptra.webp","contentUrl":"https:\/\/www.amerinet-gpo.com\/wp-content\/uploads\/2024\/03\/buy-sculptra.webp","width":697,"height":696},{"@type":"BreadcrumbList","@id":"https:\/\/www.amerinet-gpo.com\/pt-pt\/produto\/acido-poli-l-latico-sculptra\/#breadcrumb","itemListElement":[{"@type":"ListItem","position":1,"name":"Home","item":"https:\/\/www.amerinet-gpo.com\/pt-pt\/casa-com-marca\/"},{"@type":"ListItem","position":2,"name":"Shop","item":"https:\/\/www.amerinet-gpo.com\/es\/shop\/"},{"@type":"ListItem","position":3,"name":"Sculptra &#8211; Bioestimulador de colag\u00e9nio de \u00e1cido poli-L-l\u00e1tico (PLLA)"}]},{"@type":"WebSite","@id":"https:\/\/www.amerinet-gpo.com\/#website","url":"https:\/\/www.amerinet-gpo.com\/","name":"Amerinet GPO","description":"Bem-vindo ao Amerinet GPO, o com\u00e9rcio eletr\u00f4nico de produtos injet\u00e1veis para medicina est\u00e9tica, incluindo botox e preenchimentos d\u00e9rmicos","publisher":{"@id":"https:\/\/www.amerinet-gpo.com\/#organization"},"potentialAction":[{"@type":"SearchAction","target":{"@type":"EntryPoint","urlTemplate":"https:\/\/www.amerinet-gpo.com\/?s={search_term_string}"},"query-input":{"@type":"PropertyValueSpecification","valueRequired":true,"valueName":"search_term_string"}}],"inLanguage":"pt-PT"},{"@type":"Organization","@id":"https:\/\/www.amerinet-gpo.com\/#organization","name":"Amerinet GPO","url":"https:\/\/www.amerinet-gpo.com\/","logo":{"@type":"ImageObject","inLanguage":"pt-PT","@id":"https:\/\/www.amerinet-gpo.com\/#\/schema\/logo\/image\/","url":"https:\/\/www.amerinet-gpo.com\/wp-content\/uploads\/2024\/03\/extendify-demo-logo.png","contentUrl":"https:\/\/www.amerinet-gpo.com\/wp-content\/uploads\/2024\/03\/extendify-demo-logo.png","width":96,"height":97,"caption":"Amerinet GPO"},"image":{"@id":"https:\/\/www.amerinet-gpo.com\/#\/schema\/logo\/image\/"}}]}},"_links":{"self":[{"href":"https:\/\/www.amerinet-gpo.com\/pt-pt\/wp-json\/wp\/v2\/product\/6591","targetHints":{"allow":["GET"]}}],"collection":[{"href":"https:\/\/www.amerinet-gpo.com\/pt-pt\/wp-json\/wp\/v2\/product"}],"about":[{"href":"https:\/\/www.amerinet-gpo.com\/pt-pt\/wp-json\/wp\/v2\/types\/product"}],"version-history":[{"count":1,"href":"https:\/\/www.amerinet-gpo.com\/pt-pt\/wp-json\/wp\/v2\/product\/6591\/revisions"}],"predecessor-version":[{"id":9580,"href":"https:\/\/www.amerinet-gpo.com\/pt-pt\/wp-json\/wp\/v2\/product\/6591\/revisions\/9580"}],"wp:featuredmedia":[{"embeddable":true,"href":"https:\/\/www.amerinet-gpo.com\/pt-pt\/wp-json\/wp\/v2\/media\/6445"}],"wp:attachment":[{"href":"https:\/\/www.amerinet-gpo.com\/pt-pt\/wp-json\/wp\/v2\/media?parent=6591"}],"wp:term":[{"taxonomy":"product_cat","embeddable":true,"href":"https:\/\/www.amerinet-gpo.com\/pt-pt\/wp-json\/wp\/v2\/product_cat?post=6591"},{"taxonomy":"product_tag","embeddable":true,"href":"https:\/\/www.amerinet-gpo.com\/pt-pt\/wp-json\/wp\/v2\/product_tag?post=6591"}],"curies":[{"name":"wp","href":"https:\/\/api.w.org\/{rel}","templated":true}]}}