{"id":6561,"date":"2024-03-30T02:36:43","date_gmt":"2024-03-30T02:36:43","guid":{"rendered":"https:\/\/www.amerinet-gpo.com\/shop\/v-line-a-solution-essence-face-lipolytics\/"},"modified":"2026-02-03T21:53:52","modified_gmt":"2026-02-03T21:53:52","slug":"v-line-a-solution-essence-face-lipolytics","status":"publish","type":"product","link":"https:\/\/www.amerinet-gpo.com\/pt-pt\/produto\/v-line-a-solution-essence-face-lipolytics\/","title":{"rendered":"V-Line-A Solution Essence &#8211; Contorno Facial Avan\u00e7ado (5 x 10ml)"},"content":{"rendered":"<div class=\"flex-1 overflow-hidden\">\n<div class=\"react-scroll-to-bottom--css-ibbwo-79elbk h-full\">\n<div class=\"react-scroll-to-bottom--css-ibbwo-1n7m0yu\">\n<div class=\"flex flex-col text-sm pb-9\">\n<div class=\"w-full text-token-text-primary\" data-testid=\"conversation-turn-71\">\n<div class=\"px-4 py-2 justify-center text-base md:gap-6 m-auto\">\n<div class=\"flex flex-1 text-base mx-auto gap-3 md:px-5 lg:px-1 xl:px-5 md:max-w-3xl lg:max-w-[40rem] xl:max-w-[48rem] group final-completion\">\n<div class=\"relative flex w-full flex-col agent-turn\">\n<div class=\"flex-col gap-1 md:gap-3\">\n<div class=\"flex flex-grow flex-col max-w-full\">\n<div class=\"min-h-[20px] text-message flex flex-col items-start gap-3 whitespace-pre-wrap break-words [.text-message+&amp;]:mt-5 overflow-x-auto\" data-message-author-role=\"assistant\" data-message-id=\"6a82c342-9837-4129-8098-cfbc82e33a72\">\n<div class=\"markdown prose w-full break-words dark:prose-invert dark\">\n<p data-path-to-node=\"6\">As cl\u00ednicas podem agora <b data-path-to-node=\"6\" data-index-in-node=\"35\">comprar V-Line-A Solution Essence<\/b>, um composto lipol\u00edtico especializado concebido especificamente para o refinamento facial. Este conjunto de 5x10ml concentra-se na gest\u00e3o do tecido adiposo nas \u00e1reas do queixo e das bochechas para obter um perfil definido da linha em V. Reservado para aquisi\u00e7\u00e3o profissional e aplica\u00e7\u00e3o cl\u00ednica.  <\/p>\n<p data-path-to-node=\"7\"><b data-path-to-node=\"7\" data-index-in-node=\"0\">Descri\u00e7\u00e3o completa do produto:<\/b> A <b data-path-to-node=\"7\" data-index-in-node=\"30\">V-Line-A Solution Essence<\/b> \u00e9 um composto est\u00e9tico sofisticado concebido para profissionais que d\u00e3o prioridade \u00e0 precis\u00e3o na escultura facial. Formulada para tratar os dep\u00f3sitos de gordura localizada na regi\u00e3o facial, esta ess\u00eancia facilita uma apar\u00eancia mais contornada, em forma de &#8220;V&#8221;, apoiando o metabolismo lip\u00eddico natural e o refinamento do tecido da pele. <\/p>\n<p data-path-to-node=\"8\">Ao contr\u00e1rio dos lipol\u00edticos para todo o corpo, V-Line-A \u00e9 especificamente equilibrado para \u00e1reas delicadas como a linha do maxilar, queixo duplo e regi\u00f5es malares. Quando os profissionais m\u00e9dicos <b data-path-to-node=\"8\" data-index-in-node=\"165\">compram V-Line-A Solution<\/b>, adquirem uma ferramenta capaz de melhorar a simetria facial e a elasticidade da pele atrav\u00e9s de uma f\u00f3rmula de alta pureza, testada em laborat\u00f3rio. <\/p>\n<p data-path-to-node=\"9\">A Amerinet-GPO fornece uma plataforma segura para <b data-path-to-node=\"9\" data-index-in-node=\"43\">comprar ess\u00eancias de qualidade profissional<\/b>, garantindo que cada embalagem de 5 frascos \u00e9 tratada com os mais elevados padr\u00f5es log\u00edsticos. Para manter a integridade dos tratamentos est\u00e9ticos, a op\u00e7\u00e3o de <b data-path-to-node=\"9\" data-index-in-node=\"226\">compra desta solu\u00e7\u00e3o de contorno facial<\/b> \u00e9 dedicada exclusivamente a m\u00e9dicos especialistas certificados e profissionais licenciados. <\/p>\n<p data-path-to-node=\"10\"><b data-path-to-node=\"10\" data-index-in-node=\"0\">Especifica\u00e7\u00f5es t\u00e9cnicas:<\/b><\/p>\n<ul data-path-to-node=\"11\">\n<li>\n<p data-path-to-node=\"11,0,0\"><b data-path-to-node=\"11,0,0\" data-index-in-node=\"0\">Nome do produto:<\/b> V-Line-A Solution Essence.<\/p>\n<\/li>\n<li>\n<p data-path-to-node=\"11,1,0\"><b data-path-to-node=\"11,1,0\" data-index-in-node=\"0\">Embalagem:<\/b> 5 frascos de 10ml cada.<\/p>\n<\/li>\n<li>\n<p data-path-to-node=\"11,2,0\"><b data-path-to-node=\"11,2,0\" data-index-in-node=\"0\">Foco principal:<\/b> Contorno da linha V facial, gordura submental e refinamento das bochechas.<\/p>\n<\/li>\n<li>\n<p data-path-to-node=\"11,3,0\"><b data-path-to-node=\"11,3,0\" data-index-in-node=\"0\">Principais benef\u00edcios:<\/b> Adip\u00f3lise direcionada combinada com propriedades suavizantes da pele.<\/p>\n<\/li>\n<li>\n<p data-path-to-node=\"11,4,0\"><b data-path-to-node=\"11,4,0\" data-index-in-node=\"0\">Utiliza\u00e7\u00e3o profissional:<\/b> Concebido para integra\u00e7\u00e3o em protocolos cl\u00ednicos de mesoterapia.<\/p>\n<\/li>\n<\/ul>\n<p data-path-to-node=\"12\"><b data-path-to-node=\"12\" data-index-in-node=\"0\">Compra profissional:<\/b> Os especialistas licenciados podem <b data-path-to-node=\"12\" data-index-in-node=\"51\">comprar V-Line-A Solution online<\/b> atrav\u00e9s do nosso portal profissional. A Amerinet-GPO assegura uma cadeia de fornecimento transparente para todas as suas necessidades est\u00e9ticas, fornecendo a documenta\u00e7\u00e3o e a garantia de qualidade necess\u00e1rias para ambientes cl\u00ednicos de alta qualidade. <\/p>\n<\/div>\n<\/div>\n<\/div>\n<\/div>\n<\/div>\n<\/div>\n<\/div>\n<\/div>\n<\/div>\n<\/div>\n<\/div>\n<\/div>\n","protected":false},"excerpt":{"rendered":"<p>As cl\u00ednicas podem agora <b data-path-to-node=\"6\" data-index-in-node=\"35\">comprar V-Line-A Solution Essence<\/b>, um composto lipol\u00edtico especializado concebido especificamente para o refinamento facial. Este conjunto de 5x10ml concentra-se na gest\u00e3o do tecido adiposo nas \u00e1reas do queixo e das bochechas para obter um perfil definido da linha em V. Reservado para aquisi\u00e7\u00e3o profissional e aplica\u00e7\u00e3o cl\u00ednica.  <\/p>\n","protected":false},"featured_media":6415,"template":"","meta":[],"product_cat":[134],"product_tag":[],"class_list":{"0":"post-6561","1":"product","2":"type-product","3":"status-publish","4":"has-post-thumbnail","6":"product_cat-lipoliticos-pt-pt","8":"first","9":"instock","10":"shipping-taxable","11":"purchasable","12":"product-type-simple"},"yoast_head":"<!-- This site is optimized with the Yoast SEO plugin v27.4 - https:\/\/yoast.com\/product\/yoast-seo-wordpress\/ -->\n<title>Comprar V-Line-A Solution Essence | Lipol\u00edtico para o contorno facial - Amerinet GPO<\/title>\n<meta name=\"description\" content=\"Queres comprar V-Line-A Solution? Esta ess\u00eancia facial de qualidade superior foi concebida para um contorno preciso da linha V e para a gest\u00e3o da adiposidade. De qualidade profissional para uso cl\u00ednico.\" \/>\n<meta name=\"robots\" content=\"index, follow, max-snippet:-1, max-image-preview:large, max-video-preview:-1\" \/>\n<link rel=\"canonical\" href=\"https:\/\/www.amerinet-gpo.com\/pt-pt\/produto\/v-line-a-solution-essence-face-lipolytics\/\" \/>\n<meta property=\"og:locale\" content=\"pt_PT\" \/>\n<meta property=\"og:type\" content=\"article\" \/>\n<meta property=\"og:title\" content=\"Comprar V-Line-A Solution Essence | Lipol\u00edtico para o contorno facial - Amerinet GPO\" \/>\n<meta property=\"og:description\" content=\"Queres comprar V-Line-A Solution? Esta ess\u00eancia facial de qualidade superior foi concebida para um contorno preciso da linha V e para a gest\u00e3o da adiposidade. De qualidade profissional para uso cl\u00ednico.\" \/>\n<meta property=\"og:url\" content=\"https:\/\/www.amerinet-gpo.com\/pt-pt\/produto\/v-line-a-solution-essence-face-lipolytics\/\" \/>\n<meta property=\"og:site_name\" content=\"Amerinet GPO\" \/>\n<meta property=\"article:modified_time\" content=\"2026-02-03T21:53:52+00:00\" \/>\n<meta property=\"og:image\" content=\"https:\/\/www.amerinet-gpo.com\/wp-content\/uploads\/2024\/03\/V-Line-A-Solution-Essence.png\" \/>\n\t<meta property=\"og:image:width\" content=\"491\" \/>\n\t<meta property=\"og:image:height\" content=\"495\" \/>\n\t<meta property=\"og:image:type\" content=\"image\/png\" \/>\n<meta name=\"twitter:card\" content=\"summary_large_image\" \/>\n<meta name=\"twitter:label1\" content=\"Tempo estimado de leitura\" \/>\n\t<meta name=\"twitter:data1\" content=\"2 minutos\" \/>\n<script type=\"application\/ld+json\" class=\"yoast-schema-graph\">{\"@context\":\"https:\\\/\\\/schema.org\",\"@graph\":[{\"@type\":\"WebPage\",\"@id\":\"https:\\\/\\\/www.amerinet-gpo.com\\\/pt-pt\\\/produto\\\/v-line-a-solution-essence-face-lipolytics\\\/\",\"url\":\"https:\\\/\\\/www.amerinet-gpo.com\\\/pt-pt\\\/produto\\\/v-line-a-solution-essence-face-lipolytics\\\/\",\"name\":\"Comprar V-Line-A Solution Essence | Lipol\u00edtico para o contorno facial - Amerinet GPO\",\"isPartOf\":{\"@id\":\"https:\\\/\\\/www.amerinet-gpo.com\\\/#website\"},\"primaryImageOfPage\":{\"@id\":\"https:\\\/\\\/www.amerinet-gpo.com\\\/pt-pt\\\/produto\\\/v-line-a-solution-essence-face-lipolytics\\\/#primaryimage\"},\"image\":{\"@id\":\"https:\\\/\\\/www.amerinet-gpo.com\\\/pt-pt\\\/produto\\\/v-line-a-solution-essence-face-lipolytics\\\/#primaryimage\"},\"thumbnailUrl\":\"https:\\\/\\\/www.amerinet-gpo.com\\\/wp-content\\\/uploads\\\/2024\\\/03\\\/V-Line-A-Solution-Essence.png\",\"datePublished\":\"2024-03-30T02:36:43+00:00\",\"dateModified\":\"2026-02-03T21:53:52+00:00\",\"description\":\"Queres comprar V-Line-A Solution? Esta ess\u00eancia facial de qualidade superior foi concebida para um contorno preciso da linha V e para a gest\u00e3o da adiposidade. De qualidade profissional para uso cl\u00ednico.\",\"breadcrumb\":{\"@id\":\"https:\\\/\\\/www.amerinet-gpo.com\\\/pt-pt\\\/produto\\\/v-line-a-solution-essence-face-lipolytics\\\/#breadcrumb\"},\"inLanguage\":\"pt-PT\",\"potentialAction\":[{\"@type\":\"ReadAction\",\"target\":[\"https:\\\/\\\/www.amerinet-gpo.com\\\/pt-pt\\\/produto\\\/v-line-a-solution-essence-face-lipolytics\\\/\"]}]},{\"@type\":\"ImageObject\",\"inLanguage\":\"pt-PT\",\"@id\":\"https:\\\/\\\/www.amerinet-gpo.com\\\/pt-pt\\\/produto\\\/v-line-a-solution-essence-face-lipolytics\\\/#primaryimage\",\"url\":\"https:\\\/\\\/www.amerinet-gpo.com\\\/wp-content\\\/uploads\\\/2024\\\/03\\\/V-Line-A-Solution-Essence.png\",\"contentUrl\":\"https:\\\/\\\/www.amerinet-gpo.com\\\/wp-content\\\/uploads\\\/2024\\\/03\\\/V-Line-A-Solution-Essence.png\",\"width\":491,\"height\":495},{\"@type\":\"BreadcrumbList\",\"@id\":\"https:\\\/\\\/www.amerinet-gpo.com\\\/pt-pt\\\/produto\\\/v-line-a-solution-essence-face-lipolytics\\\/#breadcrumb\",\"itemListElement\":[{\"@type\":\"ListItem\",\"position\":1,\"name\":\"Home\",\"item\":\"https:\\\/\\\/www.amerinet-gpo.com\\\/pt-pt\\\/casa-com-marca\\\/\"},{\"@type\":\"ListItem\",\"position\":2,\"name\":\"Shop\",\"item\":\"https:\\\/\\\/www.amerinet-gpo.com\\\/es\\\/shop\\\/\"},{\"@type\":\"ListItem\",\"position\":3,\"name\":\"V-Line-A Solution Essence &#8211; Contorno Facial Avan\u00e7ado (5 x 10ml)\"}]},{\"@type\":\"WebSite\",\"@id\":\"https:\\\/\\\/www.amerinet-gpo.com\\\/#website\",\"url\":\"https:\\\/\\\/www.amerinet-gpo.com\\\/\",\"name\":\"Amerinet GPO\",\"description\":\"Bem-vindo ao Amerinet GPO, o com\u00e9rcio eletr\u00f4nico de produtos injet\u00e1veis para medicina est\u00e9tica, incluindo botox e preenchimentos d\u00e9rmicos\",\"publisher\":{\"@id\":\"https:\\\/\\\/www.amerinet-gpo.com\\\/#organization\"},\"potentialAction\":[{\"@type\":\"SearchAction\",\"target\":{\"@type\":\"EntryPoint\",\"urlTemplate\":\"https:\\\/\\\/www.amerinet-gpo.com\\\/?s={search_term_string}\"},\"query-input\":{\"@type\":\"PropertyValueSpecification\",\"valueRequired\":true,\"valueName\":\"search_term_string\"}}],\"inLanguage\":\"pt-PT\"},{\"@type\":\"Organization\",\"@id\":\"https:\\\/\\\/www.amerinet-gpo.com\\\/#organization\",\"name\":\"Amerinet GPO\",\"url\":\"https:\\\/\\\/www.amerinet-gpo.com\\\/\",\"logo\":{\"@type\":\"ImageObject\",\"inLanguage\":\"pt-PT\",\"@id\":\"https:\\\/\\\/www.amerinet-gpo.com\\\/#\\\/schema\\\/logo\\\/image\\\/\",\"url\":\"https:\\\/\\\/www.amerinet-gpo.com\\\/wp-content\\\/uploads\\\/2024\\\/03\\\/extendify-demo-logo.png\",\"contentUrl\":\"https:\\\/\\\/www.amerinet-gpo.com\\\/wp-content\\\/uploads\\\/2024\\\/03\\\/extendify-demo-logo.png\",\"width\":96,\"height\":97,\"caption\":\"Amerinet GPO\"},\"image\":{\"@id\":\"https:\\\/\\\/www.amerinet-gpo.com\\\/#\\\/schema\\\/logo\\\/image\\\/\"}}]}<\/script>\n<!-- \/ Yoast SEO plugin. -->","yoast_head_json":{"title":"Comprar V-Line-A Solution Essence | Lipol\u00edtico para o contorno facial - Amerinet GPO","description":"Queres comprar V-Line-A Solution? Esta ess\u00eancia facial de qualidade superior foi concebida para um contorno preciso da linha V e para a gest\u00e3o da adiposidade. De qualidade profissional para uso cl\u00ednico.","robots":{"index":"index","follow":"follow","max-snippet":"max-snippet:-1","max-image-preview":"max-image-preview:large","max-video-preview":"max-video-preview:-1"},"canonical":"https:\/\/www.amerinet-gpo.com\/pt-pt\/produto\/v-line-a-solution-essence-face-lipolytics\/","og_locale":"pt_PT","og_type":"article","og_title":"Comprar V-Line-A Solution Essence | Lipol\u00edtico para o contorno facial - Amerinet GPO","og_description":"Queres comprar V-Line-A Solution? Esta ess\u00eancia facial de qualidade superior foi concebida para um contorno preciso da linha V e para a gest\u00e3o da adiposidade. De qualidade profissional para uso cl\u00ednico.","og_url":"https:\/\/www.amerinet-gpo.com\/pt-pt\/produto\/v-line-a-solution-essence-face-lipolytics\/","og_site_name":"Amerinet GPO","article_modified_time":"2026-02-03T21:53:52+00:00","og_image":[{"width":491,"height":495,"url":"https:\/\/www.amerinet-gpo.com\/wp-content\/uploads\/2024\/03\/V-Line-A-Solution-Essence.png","type":"image\/png"}],"twitter_card":"summary_large_image","twitter_misc":{"Tempo estimado de leitura":"2 minutos"},"schema":{"@context":"https:\/\/schema.org","@graph":[{"@type":"WebPage","@id":"https:\/\/www.amerinet-gpo.com\/pt-pt\/produto\/v-line-a-solution-essence-face-lipolytics\/","url":"https:\/\/www.amerinet-gpo.com\/pt-pt\/produto\/v-line-a-solution-essence-face-lipolytics\/","name":"Comprar V-Line-A Solution Essence | Lipol\u00edtico para o contorno facial - Amerinet GPO","isPartOf":{"@id":"https:\/\/www.amerinet-gpo.com\/#website"},"primaryImageOfPage":{"@id":"https:\/\/www.amerinet-gpo.com\/pt-pt\/produto\/v-line-a-solution-essence-face-lipolytics\/#primaryimage"},"image":{"@id":"https:\/\/www.amerinet-gpo.com\/pt-pt\/produto\/v-line-a-solution-essence-face-lipolytics\/#primaryimage"},"thumbnailUrl":"https:\/\/www.amerinet-gpo.com\/wp-content\/uploads\/2024\/03\/V-Line-A-Solution-Essence.png","datePublished":"2024-03-30T02:36:43+00:00","dateModified":"2026-02-03T21:53:52+00:00","description":"Queres comprar V-Line-A Solution? Esta ess\u00eancia facial de qualidade superior foi concebida para um contorno preciso da linha V e para a gest\u00e3o da adiposidade. De qualidade profissional para uso cl\u00ednico.","breadcrumb":{"@id":"https:\/\/www.amerinet-gpo.com\/pt-pt\/produto\/v-line-a-solution-essence-face-lipolytics\/#breadcrumb"},"inLanguage":"pt-PT","potentialAction":[{"@type":"ReadAction","target":["https:\/\/www.amerinet-gpo.com\/pt-pt\/produto\/v-line-a-solution-essence-face-lipolytics\/"]}]},{"@type":"ImageObject","inLanguage":"pt-PT","@id":"https:\/\/www.amerinet-gpo.com\/pt-pt\/produto\/v-line-a-solution-essence-face-lipolytics\/#primaryimage","url":"https:\/\/www.amerinet-gpo.com\/wp-content\/uploads\/2024\/03\/V-Line-A-Solution-Essence.png","contentUrl":"https:\/\/www.amerinet-gpo.com\/wp-content\/uploads\/2024\/03\/V-Line-A-Solution-Essence.png","width":491,"height":495},{"@type":"BreadcrumbList","@id":"https:\/\/www.amerinet-gpo.com\/pt-pt\/produto\/v-line-a-solution-essence-face-lipolytics\/#breadcrumb","itemListElement":[{"@type":"ListItem","position":1,"name":"Home","item":"https:\/\/www.amerinet-gpo.com\/pt-pt\/casa-com-marca\/"},{"@type":"ListItem","position":2,"name":"Shop","item":"https:\/\/www.amerinet-gpo.com\/es\/shop\/"},{"@type":"ListItem","position":3,"name":"V-Line-A Solution Essence &#8211; Contorno Facial Avan\u00e7ado (5 x 10ml)"}]},{"@type":"WebSite","@id":"https:\/\/www.amerinet-gpo.com\/#website","url":"https:\/\/www.amerinet-gpo.com\/","name":"Amerinet GPO","description":"Bem-vindo ao Amerinet GPO, o com\u00e9rcio eletr\u00f4nico de produtos injet\u00e1veis para medicina est\u00e9tica, incluindo botox e preenchimentos d\u00e9rmicos","publisher":{"@id":"https:\/\/www.amerinet-gpo.com\/#organization"},"potentialAction":[{"@type":"SearchAction","target":{"@type":"EntryPoint","urlTemplate":"https:\/\/www.amerinet-gpo.com\/?s={search_term_string}"},"query-input":{"@type":"PropertyValueSpecification","valueRequired":true,"valueName":"search_term_string"}}],"inLanguage":"pt-PT"},{"@type":"Organization","@id":"https:\/\/www.amerinet-gpo.com\/#organization","name":"Amerinet GPO","url":"https:\/\/www.amerinet-gpo.com\/","logo":{"@type":"ImageObject","inLanguage":"pt-PT","@id":"https:\/\/www.amerinet-gpo.com\/#\/schema\/logo\/image\/","url":"https:\/\/www.amerinet-gpo.com\/wp-content\/uploads\/2024\/03\/extendify-demo-logo.png","contentUrl":"https:\/\/www.amerinet-gpo.com\/wp-content\/uploads\/2024\/03\/extendify-demo-logo.png","width":96,"height":97,"caption":"Amerinet GPO"},"image":{"@id":"https:\/\/www.amerinet-gpo.com\/#\/schema\/logo\/image\/"}}]}},"_links":{"self":[{"href":"https:\/\/www.amerinet-gpo.com\/pt-pt\/wp-json\/wp\/v2\/product\/6561","targetHints":{"allow":["GET"]}}],"collection":[{"href":"https:\/\/www.amerinet-gpo.com\/pt-pt\/wp-json\/wp\/v2\/product"}],"about":[{"href":"https:\/\/www.amerinet-gpo.com\/pt-pt\/wp-json\/wp\/v2\/types\/product"}],"version-history":[{"count":2,"href":"https:\/\/www.amerinet-gpo.com\/pt-pt\/wp-json\/wp\/v2\/product\/6561\/revisions"}],"predecessor-version":[{"id":9576,"href":"https:\/\/www.amerinet-gpo.com\/pt-pt\/wp-json\/wp\/v2\/product\/6561\/revisions\/9576"}],"wp:featuredmedia":[{"embeddable":true,"href":"https:\/\/www.amerinet-gpo.com\/pt-pt\/wp-json\/wp\/v2\/media\/6415"}],"wp:attachment":[{"href":"https:\/\/www.amerinet-gpo.com\/pt-pt\/wp-json\/wp\/v2\/media?parent=6561"}],"wp:term":[{"taxonomy":"product_cat","embeddable":true,"href":"https:\/\/www.amerinet-gpo.com\/pt-pt\/wp-json\/wp\/v2\/product_cat?post=6561"},{"taxonomy":"product_tag","embeddable":true,"href":"https:\/\/www.amerinet-gpo.com\/pt-pt\/wp-json\/wp\/v2\/product_tag?post=6561"}],"curies":[{"name":"wp","href":"https:\/\/api.w.org\/{rel}","templated":true}]}}