{"id":6554,"date":"2024-03-30T02:01:47","date_gmt":"2024-03-30T02:01:47","guid":{"rendered":"https:\/\/www.amerinet-gpo.com\/shop\/jbp-laennec-placenta-humana\/"},"modified":"2026-02-03T21:53:50","modified_gmt":"2026-02-03T21:53:50","slug":"jbp-laennec-placenta-humana","status":"publish","type":"product","link":"https:\/\/www.amerinet-gpo.com\/pt-pt\/produto\/jbp-laennec-placenta-humana\/","title":{"rendered":"JBP Laennec &#8211; Extrato de Placenta Humana Aut\u00eantico (2ml x 50 Ampolas)"},"content":{"rendered":"<p data-path-to-node=\"8\"><b data-path-to-node=\"8\" data-index-in-node=\"26\">JBP Laennec<\/b> representa o padr\u00e3o de ouro na terapia placent\u00e1ria. Utilizando um processo de fabrico patenteado JBP, este extrato preserva factores de crescimento essenciais, citocinas e amino\u00e1cidos que s\u00e3o vitais para a repara\u00e7\u00e3o celular e regenera\u00e7\u00e3o d\u00e9rmica. Ao contr\u00e1rio dos estimulantes sint\u00e9ticos, Laennec fornece um complexo concentrado de mol\u00e9culas bioactivas que apoiam os processos naturais de cura da pele e dos tecidos subjacentes.  <\/p>\n<p data-path-to-node=\"9\">Quando as institui\u00e7\u00f5es m\u00e9dicas <b data-path-to-node=\"9\" data-index-in-node=\"26\">compram o JBP Laennec<\/b>, est\u00e3o a adquirir um produto apoiado por d\u00e9cadas de investiga\u00e7\u00e3o cl\u00ednica no Jap\u00e3o. A sua principal aplica\u00e7\u00e3o na medicina est\u00e9tica envolve a biorivitaliza\u00e7\u00e3o profunda, ajudando a melhorar a elasticidade da pele, a reduzir o stress oxidativo e a acelerar a recupera\u00e7\u00e3o p\u00f3s-tratamento. A solu\u00e7\u00e3o \u00e9 processada de acordo com os mais elevados padr\u00f5es de seguran\u00e7a, garantindo uma completa inativa\u00e7\u00e3o viral e pureza molecular.  <\/p>\n<p data-path-to-node=\"10\">Na Amerinet-GPO, asseguramos uma cadeia de fornecimento rigorosamente monitorizada para <b data-path-to-node=\"10\" data-index-in-node=\"65\">ampolas Laennec aut\u00eanticas<\/b>. Para manter os mais elevados padr\u00f5es de seguran\u00e7a e <b data-path-to-node=\"10\" data-index-in-node=\"126\">EEAT<\/b>, este produto \u00e9 dedicado ao uso cl\u00ednico profissional. Cada lote \u00e9 rastre\u00e1vel, garantindo que os m\u00e9dicos podem <b data-path-to-node=\"10\" data-index-in-node=\"255\">encomendar JBP Laennec<\/b> com total confian\u00e7a na sua integridade farmac\u00eautica.  <\/p>\n<p data-path-to-node=\"11\"><b data-path-to-node=\"11\" data-index-in-node=\"0\">Especifica\u00e7\u00f5es t\u00e9cnicas:<\/b><\/p>\n<ul data-path-to-node=\"12\">\n<li>\n<p data-path-to-node=\"12,0,0\"><b data-path-to-node=\"12,0,0\" data-index-in-node=\"0\">Fabricante:<\/b> Produtos biol\u00f3gicos do Jap\u00e3o (JBP).<\/p>\n<\/li>\n<li>\n<p data-path-to-node=\"12,1,0\"><b data-path-to-node=\"12,1,0\" data-index-in-node=\"0\">Ingrediente ativo:<\/b> Extrato de Placenta Humana Purificado.<\/p>\n<\/li>\n<li>\n<p data-path-to-node=\"12,2,0\"><b data-path-to-node=\"12,2,0\" data-index-in-node=\"0\">Embalagem:<\/b> Caixa de 50 ampolas (2ml cada).<\/p>\n<\/li>\n<li>\n<p data-path-to-node=\"12,3,0\"><b data-path-to-node=\"12,3,0\" data-index-in-node=\"0\">Componentes principais:<\/b> Factores de crescimento (HGF, EGF, FGF), amino\u00e1cidos, vitaminas e minerais.<\/p>\n<\/li>\n<li>\n<p data-path-to-node=\"12,4,0\"><b data-path-to-node=\"12,4,0\" data-index-in-node=\"0\">Utiliza\u00e7\u00e3o principal:<\/b> Bioestimula\u00e7\u00e3o cl\u00ednica, repara\u00e7\u00e3o de tecidos e protocolos anti-envelhecimento.<\/p>\n<\/li>\n<\/ul>\n<p data-path-to-node=\"13\"><b data-path-to-node=\"13\" data-index-in-node=\"0\">Compra profissional:<\/b> Os especialistas licenciados podem <b data-path-to-node=\"13\" data-index-in-node=\"51\">comprar o JBP Laennec online<\/b> atrav\u00e9s do nosso portal B2B seguro. A Amerinet-GPO facilita a distribui\u00e7\u00e3o global de compostos biol\u00f3gicos de primeira qualidade, assegurando uma log\u00edstica de n\u00edvel profissional e a conformidade de cada <b data-path-to-node=\"13\" data-index-in-node=\"255\">compra<\/b>. <\/p>\n","protected":false},"excerpt":{"rendered":"<p><b data-path-to-node=\"7\" data-index-in-node=\"19\">JBP Laennec<\/b> \u00e9 uma solu\u00e7\u00e3o de grau farmac\u00eautico de renome mundial derivada de extrato de placenta humana de elevada pureza. Concebida pela Japan Bio Products (JBP), \u00e9 utilizada globalmente para protocolos avan\u00e7ados de bioestimula\u00e7\u00e3o de tecidos, rejuvenescimento da pele e revitaliza\u00e7\u00e3o sist\u00e9mica. Dispon\u00edvel para <b data-path-to-node=\"7\" data-index-in-node=\"298\">compra<\/b> exclusivamente por profissionais de sa\u00fade licenciados e cl\u00ednicas especializadas.  <\/p>\n","protected":false},"featured_media":6385,"template":"","meta":[],"product_cat":[133,129],"product_tag":[],"class_list":{"0":"post-6554","1":"product","2":"type-product","3":"status-publish","4":"has-post-thumbnail","6":"product_cat-mesoterapia","7":"product_cat-pdrn-pt-pt","9":"first","10":"instock","11":"shipping-taxable","12":"purchasable","13":"product-type-simple"},"yoast_head":"<!-- This site is optimized with the Yoast SEO plugin v27.3 - https:\/\/yoast.com\/product\/yoast-seo-wordpress\/ -->\n<title>Comprar Extrato de Placenta Humana JBP Laennec | Revitaliza\u00e7\u00e3o Profissional - Amerinet GPO<\/title>\n<meta name=\"description\" content=\"Encomenda o aut\u00eantico JBP Laennec. Extrato de placenta humana de alta pureza para bioestimula\u00e7\u00e3o profissional e repara\u00e7\u00e3o de tecidos. Fornecimento global seguro para cl\u00ednicas m\u00e9dicas\" \/>\n<meta name=\"robots\" content=\"index, follow, max-snippet:-1, max-image-preview:large, max-video-preview:-1\" \/>\n<link rel=\"canonical\" href=\"https:\/\/www.amerinet-gpo.com\/pt-pt\/produto\/jbp-laennec-placenta-humana\/\" \/>\n<meta property=\"og:locale\" content=\"pt_PT\" \/>\n<meta property=\"og:type\" content=\"article\" \/>\n<meta property=\"og:title\" content=\"Comprar Extrato de Placenta Humana JBP Laennec | Revitaliza\u00e7\u00e3o Profissional - Amerinet GPO\" \/>\n<meta property=\"og:description\" content=\"Encomenda o aut\u00eantico JBP Laennec. Extrato de placenta humana de alta pureza para bioestimula\u00e7\u00e3o profissional e repara\u00e7\u00e3o de tecidos. Fornecimento global seguro para cl\u00ednicas m\u00e9dicas\" \/>\n<meta property=\"og:url\" content=\"https:\/\/www.amerinet-gpo.com\/pt-pt\/produto\/jbp-laennec-placenta-humana\/\" \/>\n<meta property=\"og:site_name\" content=\"Amerinet GPO\" \/>\n<meta property=\"article:modified_time\" content=\"2026-02-03T21:53:50+00:00\" \/>\n<meta property=\"og:image\" content=\"https:\/\/www.amerinet-gpo.com\/wp-content\/uploads\/2024\/03\/jbpHuman-Placenta-Injection-760x760-1.jpg\" \/>\n\t<meta property=\"og:image:width\" content=\"760\" \/>\n\t<meta property=\"og:image:height\" content=\"760\" \/>\n\t<meta property=\"og:image:type\" content=\"image\/jpeg\" \/>\n<meta name=\"twitter:card\" content=\"summary_large_image\" \/>\n<meta name=\"twitter:label1\" content=\"Tempo estimado de leitura\" \/>\n\t<meta name=\"twitter:data1\" content=\"2 minutos\" \/>\n<script type=\"application\/ld+json\" class=\"yoast-schema-graph\">{\"@context\":\"https:\\\/\\\/schema.org\",\"@graph\":[{\"@type\":\"WebPage\",\"@id\":\"https:\\\/\\\/www.amerinet-gpo.com\\\/pt-pt\\\/produto\\\/jbp-laennec-placenta-humana\\\/\",\"url\":\"https:\\\/\\\/www.amerinet-gpo.com\\\/pt-pt\\\/produto\\\/jbp-laennec-placenta-humana\\\/\",\"name\":\"Comprar Extrato de Placenta Humana JBP Laennec | Revitaliza\u00e7\u00e3o Profissional - Amerinet GPO\",\"isPartOf\":{\"@id\":\"https:\\\/\\\/www.amerinet-gpo.com\\\/#website\"},\"primaryImageOfPage\":{\"@id\":\"https:\\\/\\\/www.amerinet-gpo.com\\\/pt-pt\\\/produto\\\/jbp-laennec-placenta-humana\\\/#primaryimage\"},\"image\":{\"@id\":\"https:\\\/\\\/www.amerinet-gpo.com\\\/pt-pt\\\/produto\\\/jbp-laennec-placenta-humana\\\/#primaryimage\"},\"thumbnailUrl\":\"https:\\\/\\\/www.amerinet-gpo.com\\\/wp-content\\\/uploads\\\/2024\\\/03\\\/jbpHuman-Placenta-Injection-760x760-1.jpg\",\"datePublished\":\"2024-03-30T02:01:47+00:00\",\"dateModified\":\"2026-02-03T21:53:50+00:00\",\"description\":\"Encomenda o aut\u00eantico JBP Laennec. Extrato de placenta humana de alta pureza para bioestimula\u00e7\u00e3o profissional e repara\u00e7\u00e3o de tecidos. Fornecimento global seguro para cl\u00ednicas m\u00e9dicas\",\"breadcrumb\":{\"@id\":\"https:\\\/\\\/www.amerinet-gpo.com\\\/pt-pt\\\/produto\\\/jbp-laennec-placenta-humana\\\/#breadcrumb\"},\"inLanguage\":\"pt-PT\",\"potentialAction\":[{\"@type\":\"ReadAction\",\"target\":[\"https:\\\/\\\/www.amerinet-gpo.com\\\/pt-pt\\\/produto\\\/jbp-laennec-placenta-humana\\\/\"]}]},{\"@type\":\"ImageObject\",\"inLanguage\":\"pt-PT\",\"@id\":\"https:\\\/\\\/www.amerinet-gpo.com\\\/pt-pt\\\/produto\\\/jbp-laennec-placenta-humana\\\/#primaryimage\",\"url\":\"https:\\\/\\\/www.amerinet-gpo.com\\\/wp-content\\\/uploads\\\/2024\\\/03\\\/jbpHuman-Placenta-Injection-760x760-1.jpg\",\"contentUrl\":\"https:\\\/\\\/www.amerinet-gpo.com\\\/wp-content\\\/uploads\\\/2024\\\/03\\\/jbpHuman-Placenta-Injection-760x760-1.jpg\",\"width\":760,\"height\":760},{\"@type\":\"BreadcrumbList\",\"@id\":\"https:\\\/\\\/www.amerinet-gpo.com\\\/pt-pt\\\/produto\\\/jbp-laennec-placenta-humana\\\/#breadcrumb\",\"itemListElement\":[{\"@type\":\"ListItem\",\"position\":1,\"name\":\"Home\",\"item\":\"https:\\\/\\\/www.amerinet-gpo.com\\\/pt-pt\\\/casa-com-marca\\\/\"},{\"@type\":\"ListItem\",\"position\":2,\"name\":\"Shop\",\"item\":\"https:\\\/\\\/www.amerinet-gpo.com\\\/es\\\/shop\\\/\"},{\"@type\":\"ListItem\",\"position\":3,\"name\":\"JBP Laennec &#8211; Extrato de Placenta Humana Aut\u00eantico (2ml x 50 Ampolas)\"}]},{\"@type\":\"WebSite\",\"@id\":\"https:\\\/\\\/www.amerinet-gpo.com\\\/#website\",\"url\":\"https:\\\/\\\/www.amerinet-gpo.com\\\/\",\"name\":\"Amerinet GPO\",\"description\":\"Bem-vindo ao Amerinet GPO, o com\u00e9rcio eletr\u00f4nico de produtos injet\u00e1veis para medicina est\u00e9tica, incluindo botox e preenchimentos d\u00e9rmicos\",\"publisher\":{\"@id\":\"https:\\\/\\\/www.amerinet-gpo.com\\\/#organization\"},\"potentialAction\":[{\"@type\":\"SearchAction\",\"target\":{\"@type\":\"EntryPoint\",\"urlTemplate\":\"https:\\\/\\\/www.amerinet-gpo.com\\\/?s={search_term_string}\"},\"query-input\":{\"@type\":\"PropertyValueSpecification\",\"valueRequired\":true,\"valueName\":\"search_term_string\"}}],\"inLanguage\":\"pt-PT\"},{\"@type\":\"Organization\",\"@id\":\"https:\\\/\\\/www.amerinet-gpo.com\\\/#organization\",\"name\":\"Amerinet GPO\",\"url\":\"https:\\\/\\\/www.amerinet-gpo.com\\\/\",\"logo\":{\"@type\":\"ImageObject\",\"inLanguage\":\"pt-PT\",\"@id\":\"https:\\\/\\\/www.amerinet-gpo.com\\\/#\\\/schema\\\/logo\\\/image\\\/\",\"url\":\"https:\\\/\\\/www.amerinet-gpo.com\\\/wp-content\\\/uploads\\\/2024\\\/03\\\/extendify-demo-logo.png\",\"contentUrl\":\"https:\\\/\\\/www.amerinet-gpo.com\\\/wp-content\\\/uploads\\\/2024\\\/03\\\/extendify-demo-logo.png\",\"width\":96,\"height\":97,\"caption\":\"Amerinet GPO\"},\"image\":{\"@id\":\"https:\\\/\\\/www.amerinet-gpo.com\\\/#\\\/schema\\\/logo\\\/image\\\/\"}}]}<\/script>\n<!-- \/ Yoast SEO plugin. -->","yoast_head_json":{"title":"Comprar Extrato de Placenta Humana JBP Laennec | Revitaliza\u00e7\u00e3o Profissional - Amerinet GPO","description":"Encomenda o aut\u00eantico JBP Laennec. Extrato de placenta humana de alta pureza para bioestimula\u00e7\u00e3o profissional e repara\u00e7\u00e3o de tecidos. Fornecimento global seguro para cl\u00ednicas m\u00e9dicas","robots":{"index":"index","follow":"follow","max-snippet":"max-snippet:-1","max-image-preview":"max-image-preview:large","max-video-preview":"max-video-preview:-1"},"canonical":"https:\/\/www.amerinet-gpo.com\/pt-pt\/produto\/jbp-laennec-placenta-humana\/","og_locale":"pt_PT","og_type":"article","og_title":"Comprar Extrato de Placenta Humana JBP Laennec | Revitaliza\u00e7\u00e3o Profissional - Amerinet GPO","og_description":"Encomenda o aut\u00eantico JBP Laennec. Extrato de placenta humana de alta pureza para bioestimula\u00e7\u00e3o profissional e repara\u00e7\u00e3o de tecidos. Fornecimento global seguro para cl\u00ednicas m\u00e9dicas","og_url":"https:\/\/www.amerinet-gpo.com\/pt-pt\/produto\/jbp-laennec-placenta-humana\/","og_site_name":"Amerinet GPO","article_modified_time":"2026-02-03T21:53:50+00:00","og_image":[{"width":760,"height":760,"url":"https:\/\/www.amerinet-gpo.com\/wp-content\/uploads\/2024\/03\/jbpHuman-Placenta-Injection-760x760-1.jpg","type":"image\/jpeg"}],"twitter_card":"summary_large_image","twitter_misc":{"Tempo estimado de leitura":"2 minutos"},"schema":{"@context":"https:\/\/schema.org","@graph":[{"@type":"WebPage","@id":"https:\/\/www.amerinet-gpo.com\/pt-pt\/produto\/jbp-laennec-placenta-humana\/","url":"https:\/\/www.amerinet-gpo.com\/pt-pt\/produto\/jbp-laennec-placenta-humana\/","name":"Comprar Extrato de Placenta Humana JBP Laennec | Revitaliza\u00e7\u00e3o Profissional - Amerinet GPO","isPartOf":{"@id":"https:\/\/www.amerinet-gpo.com\/#website"},"primaryImageOfPage":{"@id":"https:\/\/www.amerinet-gpo.com\/pt-pt\/produto\/jbp-laennec-placenta-humana\/#primaryimage"},"image":{"@id":"https:\/\/www.amerinet-gpo.com\/pt-pt\/produto\/jbp-laennec-placenta-humana\/#primaryimage"},"thumbnailUrl":"https:\/\/www.amerinet-gpo.com\/wp-content\/uploads\/2024\/03\/jbpHuman-Placenta-Injection-760x760-1.jpg","datePublished":"2024-03-30T02:01:47+00:00","dateModified":"2026-02-03T21:53:50+00:00","description":"Encomenda o aut\u00eantico JBP Laennec. Extrato de placenta humana de alta pureza para bioestimula\u00e7\u00e3o profissional e repara\u00e7\u00e3o de tecidos. Fornecimento global seguro para cl\u00ednicas m\u00e9dicas","breadcrumb":{"@id":"https:\/\/www.amerinet-gpo.com\/pt-pt\/produto\/jbp-laennec-placenta-humana\/#breadcrumb"},"inLanguage":"pt-PT","potentialAction":[{"@type":"ReadAction","target":["https:\/\/www.amerinet-gpo.com\/pt-pt\/produto\/jbp-laennec-placenta-humana\/"]}]},{"@type":"ImageObject","inLanguage":"pt-PT","@id":"https:\/\/www.amerinet-gpo.com\/pt-pt\/produto\/jbp-laennec-placenta-humana\/#primaryimage","url":"https:\/\/www.amerinet-gpo.com\/wp-content\/uploads\/2024\/03\/jbpHuman-Placenta-Injection-760x760-1.jpg","contentUrl":"https:\/\/www.amerinet-gpo.com\/wp-content\/uploads\/2024\/03\/jbpHuman-Placenta-Injection-760x760-1.jpg","width":760,"height":760},{"@type":"BreadcrumbList","@id":"https:\/\/www.amerinet-gpo.com\/pt-pt\/produto\/jbp-laennec-placenta-humana\/#breadcrumb","itemListElement":[{"@type":"ListItem","position":1,"name":"Home","item":"https:\/\/www.amerinet-gpo.com\/pt-pt\/casa-com-marca\/"},{"@type":"ListItem","position":2,"name":"Shop","item":"https:\/\/www.amerinet-gpo.com\/es\/shop\/"},{"@type":"ListItem","position":3,"name":"JBP Laennec &#8211; Extrato de Placenta Humana Aut\u00eantico (2ml x 50 Ampolas)"}]},{"@type":"WebSite","@id":"https:\/\/www.amerinet-gpo.com\/#website","url":"https:\/\/www.amerinet-gpo.com\/","name":"Amerinet GPO","description":"Bem-vindo ao Amerinet GPO, o com\u00e9rcio eletr\u00f4nico de produtos injet\u00e1veis para medicina est\u00e9tica, incluindo botox e preenchimentos d\u00e9rmicos","publisher":{"@id":"https:\/\/www.amerinet-gpo.com\/#organization"},"potentialAction":[{"@type":"SearchAction","target":{"@type":"EntryPoint","urlTemplate":"https:\/\/www.amerinet-gpo.com\/?s={search_term_string}"},"query-input":{"@type":"PropertyValueSpecification","valueRequired":true,"valueName":"search_term_string"}}],"inLanguage":"pt-PT"},{"@type":"Organization","@id":"https:\/\/www.amerinet-gpo.com\/#organization","name":"Amerinet GPO","url":"https:\/\/www.amerinet-gpo.com\/","logo":{"@type":"ImageObject","inLanguage":"pt-PT","@id":"https:\/\/www.amerinet-gpo.com\/#\/schema\/logo\/image\/","url":"https:\/\/www.amerinet-gpo.com\/wp-content\/uploads\/2024\/03\/extendify-demo-logo.png","contentUrl":"https:\/\/www.amerinet-gpo.com\/wp-content\/uploads\/2024\/03\/extendify-demo-logo.png","width":96,"height":97,"caption":"Amerinet GPO"},"image":{"@id":"https:\/\/www.amerinet-gpo.com\/#\/schema\/logo\/image\/"}}]}},"_links":{"self":[{"href":"https:\/\/www.amerinet-gpo.com\/pt-pt\/wp-json\/wp\/v2\/product\/6554","targetHints":{"allow":["GET"]}}],"collection":[{"href":"https:\/\/www.amerinet-gpo.com\/pt-pt\/wp-json\/wp\/v2\/product"}],"about":[{"href":"https:\/\/www.amerinet-gpo.com\/pt-pt\/wp-json\/wp\/v2\/types\/product"}],"version-history":[{"count":1,"href":"https:\/\/www.amerinet-gpo.com\/pt-pt\/wp-json\/wp\/v2\/product\/6554\/revisions"}],"predecessor-version":[{"id":9575,"href":"https:\/\/www.amerinet-gpo.com\/pt-pt\/wp-json\/wp\/v2\/product\/6554\/revisions\/9575"}],"wp:featuredmedia":[{"embeddable":true,"href":"https:\/\/www.amerinet-gpo.com\/pt-pt\/wp-json\/wp\/v2\/media\/6385"}],"wp:attachment":[{"href":"https:\/\/www.amerinet-gpo.com\/pt-pt\/wp-json\/wp\/v2\/media?parent=6554"}],"wp:term":[{"taxonomy":"product_cat","embeddable":true,"href":"https:\/\/www.amerinet-gpo.com\/pt-pt\/wp-json\/wp\/v2\/product_cat?post=6554"},{"taxonomy":"product_tag","embeddable":true,"href":"https:\/\/www.amerinet-gpo.com\/pt-pt\/wp-json\/wp\/v2\/product_tag?post=6554"}],"curies":[{"name":"wp","href":"https:\/\/api.w.org\/{rel}","templated":true}]}}