{"id":8695,"date":"2020-10-18T12:34:13","date_gmt":"2020-10-18T12:34:13","guid":{"rendered":"https:\/\/www.amerinet-gpo.com\/privacy-policy\/"},"modified":"2025-11-05T13:20:35","modified_gmt":"2025-11-05T13:20:35","slug":"politica-de-privacidade-2","status":"publish","type":"page","link":"https:\/\/www.amerinet-gpo.com\/pt-pt\/politica-de-privacidade-2\/","title":{"rendered":"Pol\u00edtica de Privacidade"},"content":{"rendered":"\t\t<div data-elementor-type=\"wp-page\" data-elementor-id=\"8695\" class=\"elementor elementor-8695 elementor-8689\">\n\t\t\t\t<div class=\"elementor-element elementor-element-6772b54 e-flex e-con-boxed e-con e-parent\" data-id=\"6772b54\" data-element_type=\"container\" data-e-type=\"container\">\n\t\t\t\t\t<div class=\"e-con-inner\">\n\t\t\t\t<div class=\"elementor-element elementor-element-48ef938 elementor-widget elementor-widget-text-editor\" data-id=\"48ef938\" data-element_type=\"widget\" data-e-type=\"widget\" data-widget_type=\"text-editor.default\">\n\t\t\t\t<div class=\"elementor-widget-container\">\n\t\t\t\t\t\t\t\t\t<p>Esta Pol\u00edtica de Privacidade (a &#8220;<b>Pol\u00edtica<\/b>&#8220;) aplica-se \u00e0 <b>Amerinet-GPO<\/b>. O site <code>www.amerinet-gpo.com<\/code> (o &#8220;<b>Site<\/b>&#8220;) \u00e9 propriedade da <b>Amerinet-GPO LLC<\/b>. <b>POR FAVOR, LEIA ATENTAMENTE A POL\u00cdTICA SEGUINTE.<\/b> O seu acesso e uso cont\u00ednuo do Site ser\u00e3o considerados como uma aceita\u00e7\u00e3o incondicional da Pol\u00edtica.<\/p><p>A Amerinet-GPO reserva-se o direito de alterar, modificar, adicionar ou remover partes desta Pol\u00edtica, a qualquer momento. \u00c9 sua responsabilidade verificar periodicamente esta Pol\u00edtica para quaisquer altera\u00e7\u00f5es. O uso continuado do Site ap\u00f3s a publica\u00e7\u00e3o das altera\u00e7\u00f5es significar\u00e1 que voc\u00ea aceita e concorda com as altera\u00e7\u00f5es.<\/p><p>\u00a0<\/p><h3>1. Nosso Compromisso e Responsabilidade<\/h3><p>\u00a0<\/p><p>A <b>Amerinet-GPO<\/b> est\u00e1 profundamente empenhada em preservar os interesses de privacidade dos nossos clientes profissionais, a fim de permitir a cria\u00e7\u00e3o e manuten\u00e7\u00e3o de uma conta de cliente e o cumprimento de pedidos de produtos ou servi\u00e7os. Estabelecemos esta Pol\u00edtica para definir os princ\u00edpios que seguimos no tratamento das informa\u00e7\u00f5es pessoais do cliente, recolhidas no Site ou diretamente pela Amerinet-GPO. Como uma empresa respons\u00e1vel que fornece dispositivos m\u00e9dicos est\u00e9ticos, entendemos a necessidade absoluta de manter as informa\u00e7\u00f5es do cliente altamente privilegiadas. A Pol\u00edtica aqui estabelecida detalha o procedimento e os processos que seguimos para alcan\u00e7ar essa confidencialidade das suas informa\u00e7\u00f5es.<\/p><p>\u00a0<\/p><h3>2. Finalidade e Tipo de Informa\u00e7\u00f5es Coletadas<\/h3><p>\u00a0<\/p><p>A Amerinet-GPO coleta informa\u00e7\u00f5es pessoais dos clientes, tais como <b>nome, endere\u00e7o, endere\u00e7o de e-mail, n\u00famero de telefone, n\u00famero de fax e n\u00famero de licen\u00e7a profissional<\/b>, para registar uma conta B2B.<\/p><p>A fim de fornecer os produtos e\/ou servi\u00e7os solicitados, bem como facilitar o cumprimento de pedidos de clientes e o processamento de pagamentos, coletaremos informa\u00e7\u00f5es adicionais, como <b>detalhes de cart\u00e3o de cr\u00e9dito e informa\u00e7\u00f5es de fatura\u00e7\u00e3o<\/b>.<\/p><p>Em rela\u00e7\u00e3o ao uso do Site, tamb\u00e9m podemos coletar certas informa\u00e7\u00f5es atrav\u00e9s do uso de <b>cookies<\/b>, o que melhora a sua capacidade de utilizar o Site. Se desejar desativar o uso de cookies, basta ajustar as configura\u00e7\u00f5es do seu navegador da web adequadamente.<\/p><p>\u00a0<\/p><h3>3. Consentimento e Responsabilidade do Cliente<\/h3><p>\u00a0<\/p><p>O cliente \u00e9 respons\u00e1vel por fornecer <b>informa\u00e7\u00f5es corretas e apenas adequadas<\/b> para o servi\u00e7o solicitado. Sempre que informa\u00e7\u00f5es pessoais s\u00e3o fornecidas, o cliente deve garantir que as informa\u00e7\u00f5es transmitidas s\u00e3o utilizadas apenas para o prop\u00f3sito declarado e s\u00e3o mantidas confidenciais.<\/p><p>Quando o cliente transmite informa\u00e7\u00f5es pessoais \u00e0 Amerinet-GPO, isso implica que o cliente nos deu o <b>seu consentimento expl\u00edcito<\/b> para armazenar e utilizar as informa\u00e7\u00f5es para o prop\u00f3sito pretendido, conforme estabelecido nesta Pol\u00edtica.<\/p><p>\u00a0<\/p><h3>4. Uso e Divulga\u00e7\u00e3o de Informa\u00e7\u00f5es<\/h3><p>\u00a0<\/p><p>As informa\u00e7\u00f5es recolhidas do cliente s\u00e3o utilizadas principalmente com o objetivo de fornecer <b>produtos e servi\u00e7os m\u00e9dicos e profissionais<\/b>, que \u00e9 a nossa atividade principal.<\/p><p>Tamb\u00e9m podemos utilizar algumas das informa\u00e7\u00f5es coletadas para o prop\u00f3sito de melhorar as nossas opera\u00e7\u00f5es internas. As informa\u00e7\u00f5es derivadas geradas a partir dos dados individuais podem ser copiadas, impressas, transmitidas e distribu\u00eddas por n\u00f3s <b>sem comprometer a confidencialidade individual.<\/b><\/p><p>A Amerinet-GPO <b>n\u00e3o divulgar\u00e1 nem usar\u00e1 informa\u00e7\u00f5es pessoais para fins diferentes<\/b> daqueles para os quais foram coletadas, exceto com o <b>consentimento do cliente<\/b>, ou conforme detalhado nesta Pol\u00edtica ou <b>conforme exigido por lei<\/b>. Pode contactar-nos se desejar cancelar a sua conta ou solicitar que deixemos de usar as suas informa\u00e7\u00f5es para lhe fornecer servi\u00e7os. As informa\u00e7\u00f5es pessoais do cliente ser\u00e3o retidas pelo tempo necess\u00e1rio para cumprir os prop\u00f3sitos para os quais foram coletadas, para melhor servir o interesse do cliente e <b>conforme necess\u00e1rio para cumprir as nossas obriga\u00e7\u00f5es legais, resolver disputas e fazer cumprir os nossos acordos.<\/b><\/p><p>\u00a0<\/p><h3>5. Coleta Limitada (Princ\u00edpio da Minimiza\u00e7\u00e3o)<\/h3><p>\u00a0<\/p><p>A Amerinet-GPO coletar\u00e1 <b>apenas as informa\u00e7\u00f5es pessoais estritamente necess\u00e1rias<\/b> para processar os pedidos dos clientes, incluindo as exigidas por fornecedores de servi\u00e7os terceirizados, como uma empresa de transporte para cumprir os pedidos, e uma empresa de processamento de cart\u00e3o de cr\u00e9dito para faturar bens e servi\u00e7os, e profissionais de sa\u00fade para nos ajudar no preenchimento dos seus pedidos.<\/p><p>\u00a0<\/p><h3>6. Seguran\u00e7a e Prote\u00e7\u00e3o de Dados<\/h3><p>\u00a0<\/p><p>Ser\u00e3o tomadas <b>precau\u00e7\u00f5es adequadas<\/b> para a seguran\u00e7a das informa\u00e7\u00f5es coletadas dos clientes em termos de armazenamento, recupera\u00e7\u00e3o e utiliza\u00e7\u00e3o. Nenhuma pessoa n\u00e3o autorizada ter\u00e1 permiss\u00e3o para aceder a informa\u00e7\u00f5es pessoais. <b>N\u00e3o fornecemos nenhuma parte das informa\u00e7\u00f5es pessoais a terceiros sem o seu consentimento expl\u00edcito.<\/b><\/p><p>\u00a0<\/p><h3>7. Armazenamento e Salvaguarda de Dados<\/h3><p>\u00a0<\/p><p>As informa\u00e7\u00f5es coletadas de um cliente ser\u00e3o mantidas <b>atualizadas e precisas<\/b> conforme exigido para o prop\u00f3sito pretendido. A empresa est\u00e1 totalmente empenhada em salvaguardar os dados contra <b>roubo, uso n\u00e3o autorizado, atualiza\u00e7\u00e3o e modifica\u00e7\u00f5es, e duplica\u00e7\u00e3o.<\/b> Usamos protocolos de criptografia (como SSL) e medidas de seguran\u00e7a f\u00edsicas e digitais padr\u00e3o da ind\u00fastria para proteger as suas informa\u00e7\u00f5es.<\/p><p>\u00a0<\/p><h3>8. Transpar\u00eancia das Informa\u00e7\u00f5es Armazenadas<\/h3><p>\u00a0<\/p><p>O cliente pode <b>solicitar a qualquer momento<\/b> informa\u00e7\u00f5es sobre os seus dados pessoais detidos pela Amerinet-GPO. Mediante tal solicita\u00e7\u00e3o, a Amerinet-GPO disponibilizar\u00e1 os detalhes das informa\u00e7\u00f5es detidas, as pessoas autorizadas a aceder aos dados e a finalidade para a qual esses dados s\u00e3o utilizados, dentro de um <b>prazo razo\u00e1vel<\/b>.<\/p>\t\t\t\t\t\t\t\t<\/div>\n\t\t\t\t<\/div>\n\t\t\t\t\t<\/div>\n\t\t\t\t<\/div>\n\t\t\t\t<\/div>\n\t\t","protected":false},"excerpt":{"rendered":"<p>Esta Pol\u00edtica de Privacidade (a &#8220;Pol\u00edtica&#8220;) aplica-se \u00e0 Amerinet-GPO. O site www.amerinet-gpo.com (o &#8220;Site&#8220;) \u00e9 propriedade da Amerinet-GPO LLC. POR FAVOR, LEIA&hellip;<\/p>\n","protected":false},"author":1,"featured_media":0,"parent":0,"menu_order":0,"comment_status":"closed","ping_status":"open","template":"","meta":{"footnotes":""},"class_list":["post-8695","page","type-page","status-publish","hentry"],"yoast_head":"<!-- This site is optimized with the Yoast SEO plugin v27.5 - https:\/\/yoast.com\/product\/yoast-seo-wordpress\/ -->\n<title>Pol\u00edtica de Privacidade - Amerinet GPO<\/title>\n<meta name=\"robots\" content=\"index, follow, max-snippet:-1, max-image-preview:large, max-video-preview:-1\" \/>\n<link rel=\"canonical\" href=\"https:\/\/www.amerinet-gpo.com\/pt-pt\/politica-de-privacidade-2\/\" \/>\n<meta property=\"og:locale\" content=\"pt_PT\" \/>\n<meta property=\"og:type\" content=\"article\" \/>\n<meta property=\"og:title\" content=\"Pol\u00edtica de Privacidade - Amerinet GPO\" \/>\n<meta property=\"og:description\" content=\"Esta Pol\u00edtica de Privacidade (a &#8220;Pol\u00edtica&#8220;) aplica-se \u00e0 Amerinet-GPO. O site www.amerinet-gpo.com (o &#8220;Site&#8220;) \u00e9 propriedade da Amerinet-GPO LLC. POR FAVOR, LEIA&hellip;\" \/>\n<meta property=\"og:url\" content=\"https:\/\/www.amerinet-gpo.com\/pt-pt\/politica-de-privacidade-2\/\" \/>\n<meta property=\"og:site_name\" content=\"Amerinet GPO\" \/>\n<meta property=\"article:modified_time\" content=\"2025-11-05T13:20:35+00:00\" \/>\n<meta name=\"twitter:card\" content=\"summary_large_image\" \/>\n<meta name=\"twitter:label1\" content=\"Tempo estimado de leitura\" \/>\n\t<meta name=\"twitter:data1\" content=\"4 minutos\" \/>\n<script type=\"application\/ld+json\" class=\"yoast-schema-graph\">{\"@context\":\"https:\\\/\\\/schema.org\",\"@graph\":[{\"@type\":\"WebPage\",\"@id\":\"https:\\\/\\\/www.amerinet-gpo.com\\\/pt-pt\\\/politica-de-privacidade-2\\\/\",\"url\":\"https:\\\/\\\/www.amerinet-gpo.com\\\/pt-pt\\\/politica-de-privacidade-2\\\/\",\"name\":\"Pol\u00edtica de Privacidade - Amerinet GPO\",\"isPartOf\":{\"@id\":\"https:\\\/\\\/www.amerinet-gpo.com\\\/#website\"},\"datePublished\":\"2020-10-18T12:34:13+00:00\",\"dateModified\":\"2025-11-05T13:20:35+00:00\",\"breadcrumb\":{\"@id\":\"https:\\\/\\\/www.amerinet-gpo.com\\\/pt-pt\\\/politica-de-privacidade-2\\\/#breadcrumb\"},\"inLanguage\":\"pt-PT\",\"potentialAction\":[{\"@type\":\"ReadAction\",\"target\":[\"https:\\\/\\\/www.amerinet-gpo.com\\\/pt-pt\\\/politica-de-privacidade-2\\\/\"]}]},{\"@type\":\"BreadcrumbList\",\"@id\":\"https:\\\/\\\/www.amerinet-gpo.com\\\/pt-pt\\\/politica-de-privacidade-2\\\/#breadcrumb\",\"itemListElement\":[{\"@type\":\"ListItem\",\"position\":1,\"name\":\"Home\",\"item\":\"https:\\\/\\\/www.amerinet-gpo.com\\\/pt-pt\\\/casa-com-marca\\\/\"},{\"@type\":\"ListItem\",\"position\":2,\"name\":\"Pol\u00edtica de Privacidade\"}]},{\"@type\":\"WebSite\",\"@id\":\"https:\\\/\\\/www.amerinet-gpo.com\\\/#website\",\"url\":\"https:\\\/\\\/www.amerinet-gpo.com\\\/\",\"name\":\"Amerinet GPO\",\"description\":\"Bem-vindo ao Amerinet GPO, o com\u00e9rcio eletr\u00f4nico de produtos injet\u00e1veis para medicina est\u00e9tica, incluindo botox e preenchimentos d\u00e9rmicos\",\"publisher\":{\"@id\":\"https:\\\/\\\/www.amerinet-gpo.com\\\/#organization\"},\"potentialAction\":[{\"@type\":\"SearchAction\",\"target\":{\"@type\":\"EntryPoint\",\"urlTemplate\":\"https:\\\/\\\/www.amerinet-gpo.com\\\/?s={search_term_string}\"},\"query-input\":{\"@type\":\"PropertyValueSpecification\",\"valueRequired\":true,\"valueName\":\"search_term_string\"}}],\"inLanguage\":\"pt-PT\"},{\"@type\":\"Organization\",\"@id\":\"https:\\\/\\\/www.amerinet-gpo.com\\\/#organization\",\"name\":\"Amerinet GPO\",\"url\":\"https:\\\/\\\/www.amerinet-gpo.com\\\/\",\"logo\":{\"@type\":\"ImageObject\",\"inLanguage\":\"pt-PT\",\"@id\":\"https:\\\/\\\/www.amerinet-gpo.com\\\/#\\\/schema\\\/logo\\\/image\\\/\",\"url\":\"https:\\\/\\\/www.amerinet-gpo.com\\\/wp-content\\\/uploads\\\/2024\\\/03\\\/extendify-demo-logo.png\",\"contentUrl\":\"https:\\\/\\\/www.amerinet-gpo.com\\\/wp-content\\\/uploads\\\/2024\\\/03\\\/extendify-demo-logo.png\",\"width\":96,\"height\":97,\"caption\":\"Amerinet GPO\"},\"image\":{\"@id\":\"https:\\\/\\\/www.amerinet-gpo.com\\\/#\\\/schema\\\/logo\\\/image\\\/\"}}]}<\/script>\n<!-- \/ Yoast SEO plugin. -->","yoast_head_json":{"title":"Pol\u00edtica de Privacidade - Amerinet GPO","robots":{"index":"index","follow":"follow","max-snippet":"max-snippet:-1","max-image-preview":"max-image-preview:large","max-video-preview":"max-video-preview:-1"},"canonical":"https:\/\/www.amerinet-gpo.com\/pt-pt\/politica-de-privacidade-2\/","og_locale":"pt_PT","og_type":"article","og_title":"Pol\u00edtica de Privacidade - Amerinet GPO","og_description":"Esta Pol\u00edtica de Privacidade (a &#8220;Pol\u00edtica&#8220;) aplica-se \u00e0 Amerinet-GPO. O site www.amerinet-gpo.com (o &#8220;Site&#8220;) \u00e9 propriedade da Amerinet-GPO LLC. POR FAVOR, LEIA&hellip;","og_url":"https:\/\/www.amerinet-gpo.com\/pt-pt\/politica-de-privacidade-2\/","og_site_name":"Amerinet GPO","article_modified_time":"2025-11-05T13:20:35+00:00","twitter_card":"summary_large_image","twitter_misc":{"Tempo estimado de leitura":"4 minutos"},"schema":{"@context":"https:\/\/schema.org","@graph":[{"@type":"WebPage","@id":"https:\/\/www.amerinet-gpo.com\/pt-pt\/politica-de-privacidade-2\/","url":"https:\/\/www.amerinet-gpo.com\/pt-pt\/politica-de-privacidade-2\/","name":"Pol\u00edtica de Privacidade - Amerinet GPO","isPartOf":{"@id":"https:\/\/www.amerinet-gpo.com\/#website"},"datePublished":"2020-10-18T12:34:13+00:00","dateModified":"2025-11-05T13:20:35+00:00","breadcrumb":{"@id":"https:\/\/www.amerinet-gpo.com\/pt-pt\/politica-de-privacidade-2\/#breadcrumb"},"inLanguage":"pt-PT","potentialAction":[{"@type":"ReadAction","target":["https:\/\/www.amerinet-gpo.com\/pt-pt\/politica-de-privacidade-2\/"]}]},{"@type":"BreadcrumbList","@id":"https:\/\/www.amerinet-gpo.com\/pt-pt\/politica-de-privacidade-2\/#breadcrumb","itemListElement":[{"@type":"ListItem","position":1,"name":"Home","item":"https:\/\/www.amerinet-gpo.com\/pt-pt\/casa-com-marca\/"},{"@type":"ListItem","position":2,"name":"Pol\u00edtica de Privacidade"}]},{"@type":"WebSite","@id":"https:\/\/www.amerinet-gpo.com\/#website","url":"https:\/\/www.amerinet-gpo.com\/","name":"Amerinet GPO","description":"Bem-vindo ao Amerinet GPO, o com\u00e9rcio eletr\u00f4nico de produtos injet\u00e1veis para medicina est\u00e9tica, incluindo botox e preenchimentos d\u00e9rmicos","publisher":{"@id":"https:\/\/www.amerinet-gpo.com\/#organization"},"potentialAction":[{"@type":"SearchAction","target":{"@type":"EntryPoint","urlTemplate":"https:\/\/www.amerinet-gpo.com\/?s={search_term_string}"},"query-input":{"@type":"PropertyValueSpecification","valueRequired":true,"valueName":"search_term_string"}}],"inLanguage":"pt-PT"},{"@type":"Organization","@id":"https:\/\/www.amerinet-gpo.com\/#organization","name":"Amerinet GPO","url":"https:\/\/www.amerinet-gpo.com\/","logo":{"@type":"ImageObject","inLanguage":"pt-PT","@id":"https:\/\/www.amerinet-gpo.com\/#\/schema\/logo\/image\/","url":"https:\/\/www.amerinet-gpo.com\/wp-content\/uploads\/2024\/03\/extendify-demo-logo.png","contentUrl":"https:\/\/www.amerinet-gpo.com\/wp-content\/uploads\/2024\/03\/extendify-demo-logo.png","width":96,"height":97,"caption":"Amerinet GPO"},"image":{"@id":"https:\/\/www.amerinet-gpo.com\/#\/schema\/logo\/image\/"}}]}},"_links":{"self":[{"href":"https:\/\/www.amerinet-gpo.com\/pt-pt\/wp-json\/wp\/v2\/pages\/8695","targetHints":{"allow":["GET"]}}],"collection":[{"href":"https:\/\/www.amerinet-gpo.com\/pt-pt\/wp-json\/wp\/v2\/pages"}],"about":[{"href":"https:\/\/www.amerinet-gpo.com\/pt-pt\/wp-json\/wp\/v2\/types\/page"}],"author":[{"embeddable":true,"href":"https:\/\/www.amerinet-gpo.com\/pt-pt\/wp-json\/wp\/v2\/users\/1"}],"replies":[{"embeddable":true,"href":"https:\/\/www.amerinet-gpo.com\/pt-pt\/wp-json\/wp\/v2\/comments?post=8695"}],"version-history":[{"count":5,"href":"https:\/\/www.amerinet-gpo.com\/pt-pt\/wp-json\/wp\/v2\/pages\/8695\/revisions"}],"predecessor-version":[{"id":8717,"href":"https:\/\/www.amerinet-gpo.com\/pt-pt\/wp-json\/wp\/v2\/pages\/8695\/revisions\/8717"}],"wp:attachment":[{"href":"https:\/\/www.amerinet-gpo.com\/pt-pt\/wp-json\/wp\/v2\/media?parent=8695"}],"curies":[{"name":"wp","href":"https:\/\/api.w.org\/{rel}","templated":true}]}}