{"id":7853,"date":"2025-11-05T11:33:34","date_gmt":"2025-11-05T11:33:34","guid":{"rendered":"https:\/\/www.amerinet-gpo.com\/terms-and-conditions\/"},"modified":"2025-11-05T11:38:11","modified_gmt":"2025-11-05T11:38:11","slug":"terms-and-conditions","status":"publish","type":"page","link":"https:\/\/www.amerinet-gpo.com\/pt-pt\/terms-and-conditions\/","title":{"rendered":"Termos de Uso"},"content":{"rendered":"<p>Estes Termos e Condi\u00e7\u00f5es de Uso (os &#8220;<b>Termos de Uso<\/b>&#8220;) aplicam-se ao website da <b>Amerinet-GPO<\/b>. O site <code>www.amerinet-gpo.com<\/code> (o &#8220;<b>Site<\/b>&#8220;) \u00e9 propriedade da <b>Amerinet-GPO<\/b>. <b>POR FAVOR, LEIA ATENTAMENTE OS SEGUINTES TERMOS DE USO.<\/b> O seu acesso e uso cont\u00ednuo do Site ser\u00e3o considerados como aceita\u00e7\u00e3o dos Termos de Uso. Se n\u00e3o aceitar os Termos de Uso, n\u00e3o utilize mais o Site. A Amerinet-GPO reserva-se o direito de alterar, modificar, adicionar ou remover partes destes Termos de Uso, a qualquer momento. \u00c9 sua responsabilidade verificar periodicamente estes Termos de Uso para quaisquer altera\u00e7\u00f5es. O uso continuado do Site ap\u00f3s a publica\u00e7\u00e3o das altera\u00e7\u00f5es significar\u00e1 que voc\u00ea aceita e concorda com as altera\u00e7\u00f5es.<\/p>\n<p><b>OBSERVE QUE ESTES TERMOS DE USO REGULAM APENAS O USO DO SITE E N\u00c3O SUBSTITUEM QUALQUER ACORDO COM O CLIENTE QUE POSSA SER CELEBRADO COM A AMERINET-GPO.<\/b><\/p>\n<h3>1. Opera\u00e7\u00e3o e \u00c2mbito do Servi\u00e7o<\/h3>\n<p>O Site \u00e9 operado pela <b>Amerinet-GPO<\/b>. Nosso objetivo \u00e9 fornecer-lhe um processamento eficiente e r\u00e1pido de pedidos de servi\u00e7os de atendimento de produtos profissionais. A Amerinet-GPO <b>n\u00e3o \u00e9 uma farm\u00e1cia<\/b>, mas trabalha com farm\u00e1cias e dispens\u00e1rios devidamente licenciados em muitas jurisdi\u00e7\u00f5es (incluindo, mas n\u00e3o se limitando aos <b>Estados Unidos<\/b> e em todo o mundo) para atender \u00e0s solicita\u00e7\u00f5es de clientes de medicamentos acess\u00edveis e produtos profissionais. <b>A Amerinet-GPO vende produtos exclusivamente para clientes autorizados com licen\u00e7a m\u00e9dica que tenham preenchido nosso formul\u00e1rio de abertura de conta.<\/b><\/p>\n<h3>2. Informa\u00e7\u00f5es Fornecidas<\/h3>\n<p>Qualquer informa\u00e7\u00e3o fornecida no Site ou por nosso Representante de Vendas \u00e9 <b>apenas para fins informativos<\/b> e n\u00e3o deve ser considerada um aconselhamento espec\u00edfico. Certifique-se sempre de ter consultado um m\u00e9dico para aconselhamento, diagn\u00f3stico e tratamento m\u00e9dico \u2013 <b>nenhuma informa\u00e7\u00e3o no Site deve ser utilizada para esse fim.<\/b> A Amerinet-GPO pode fazer altera\u00e7\u00f5es em quaisquer produtos ou servi\u00e7os oferecidos no Site, ou nos pre\u00e7os aplic\u00e1veis para tais produtos ou servi\u00e7os, a qualquer momento e sem aviso pr\u00e9vio.<\/p>\n<h3>3. Coleta de Informa\u00e7\u00f5es e Abertura de Conta<\/h3>\n<p>Como parte do processo de pedido, todos os clientes devem celebrar um Acordo com o Cliente para estabelecer sua conta de cliente. Para esse fim, a Amerinet-GPO exige que o cliente preencha um <b>formul\u00e1rio de abertura de conta<\/b>. A Amerinet-GPO reserva-se o direito de decidir o conte\u00fado do formul\u00e1rio de abertura de conta e o direito de alter\u00e1-lo a qualquer momento.<\/p>\n<h3>4. Transa\u00e7\u00f5es Proibidas e Conformidade Legal<\/h3>\n<p>O fornecimento de produtos, servi\u00e7os ou informa\u00e7\u00f5es no Site n\u00e3o constitui uma oferta para vender tais produtos ou servi\u00e7os, mas indica que tais produtos ou servi\u00e7os est\u00e3o <b>dispon\u00edveis para venda a clientes apropriados sob um acordo com a Amerinet-GPO.<\/b> Os Termos de Uso que se aplicam a um produto ou servi\u00e7o ser\u00e3o determinados no momento da venda. A Amerinet-GPO reserva-se o direito de <b>rejeitar o pedido de produtos ou servi\u00e7os de um cliente<\/b>, inclusive nos casos em que a publicidade dos produtos ou servi\u00e7os ou seu aviso de venda possa ser considerado ilegal. Todos os clientes que usam o Site s\u00e3o <b>respons\u00e1veis por garantir a conformidade com as leis aplic\u00e1veis<\/b>, incluindo, sem limita\u00e7\u00e3o, leis, restri\u00e7\u00f5es e regulamentos de importa\u00e7\u00e3o em vigor em sua jurisdi\u00e7\u00e3o.<\/p>\n<h3>5. Contas, Senhas e Seguran\u00e7a<\/h3>\n<p>Cada cliente \u00e9 inteiramente respons\u00e1vel por manter a <b>confidencialidade<\/b> <span class=\"citation-329 citation-end-329\">das informa\u00e7\u00f5es que possui para sua conta, incluindo sua senha, e por toda e qualquer atividade que ocorra sob sua conta como resultado de sua falha em manter essas informa\u00e7\u00f5es seguras e confidenciais. Voc\u00ea concorda em notifi<\/span>car a Amerinet-GPO imediatamente sobre qualquer uso n\u00e3o autorizado de sua conta ou senha, ou qualquer outra viola\u00e7\u00e3o de seguran\u00e7a.<\/p>\n<div class=\"source-inline-chip-container ng-star-inserted\"><\/div>\n<h3>6. Alf\u00e2ndega, Taxas e Impostos<\/h3>\n<p>Ao fazer um pedido no Site, voc\u00ea \u00e9 <b>respons\u00e1vel por garantir que o produto possa ser legalmente importado<\/b> para o destino. O destinat\u00e1rio \u00e9 o importador registrado e deve cumprir todas as leis e regulamentos do destino. Os pedidos podem estar sujeitos a impostos de importa\u00e7\u00e3o, taxas alfandeg\u00e1rias e encargos cobrados pelo pa\u00eds de destino. O destinat\u00e1rio de uma remessa internacional pode estar sujeito a tais impostos de importa\u00e7\u00e3o, taxas alfandeg\u00e1rias e encargos, que s\u00e3o cobrados assim que uma remessa chega ao pa\u00eds do destinat\u00e1rio. <b>Encargos adicionais para o desembara\u00e7o alfandeg\u00e1rio devem ser cumpridos pelo destinat\u00e1rio; a Amerinet-GPO n\u00e3o tem controle sobre esses encargos.<\/b><\/p>\n<h3>7. Pol\u00edtica de Equipara\u00e7\u00e3o de Pre\u00e7os (Price Match Policy)<\/h3>\n<p>Na Amerinet-GPO, valorizamos relacionamentos de longo prazo e temos orgulho de demonstrar lealdade aos nossos clientes, oferecendo uma op\u00e7\u00e3o de <b>Equipara\u00e7\u00e3o de Pre\u00e7os (Price Match)<\/b>. Entendemos a import\u00e2ncia de pre\u00e7os justos no mercado competitivo de hoje e nos esfor\u00e7amos para garantir que voc\u00ea sempre obtenha o melhor valor ao comprar conosco. Embora adotemos uma abordagem individualizada para cada solicita\u00e7\u00e3o, h\u00e1 <b>tr\u00eas condi\u00e7\u00f5es principais<\/b> a serem consideradas:<\/p>\n<ol start=\"1\">\n<li>A fatura n\u00e3o deve ter mais de <b>2 meses<\/b>;<\/li>\n<li>Deve ser uma <b>fatura v\u00e1lida e verific\u00e1vel<\/b> de outro fornecedor;<\/li>\n<li>A fatura <b>n\u00e3o deve incluir um desconto de primeira encomenda ou pontos de fidelidade<\/b>.<\/li>\n<\/ol>\n<p>Se voc\u00ea atender a esses crit\u00e9rios e comprou o mesmo produto por um pre\u00e7o mais baixo em outro lugar, entre em contato \u2013 faremos o nosso melhor para igualar o pre\u00e7o.<\/p>\n<h3>8. Envio e Embalagem<\/h3>\n<p>Os pedidos ser\u00e3o enviados no <b>dia seguinte ap\u00f3s o recebimento do pagamento<\/b>. O tempo de entrega aproximado \u00e9 de <b>3-5 dias \u00fateis<\/b>, o que varia de acordo com a localiza\u00e7\u00e3o do armaz\u00e9m e a empresa de entrega. <b>A Amerinet-GPO n\u00e3o \u00e9 respons\u00e1vel por atrasos na entrega causados pela empresa de entrega, procedimentos de importa\u00e7\u00e3o e pelo pr\u00f3prio cliente.<\/b><\/p>\n<p>A Amerinet-GPO oferece uma \u00f3tima experi\u00eancia de embalagem ao cliente. Alguns produtos exigem embalagens especiais, que s\u00e3o fornecidas pela Amerinet-GPO. Devido \u00e0 natureza do produto, <b>a Amerinet-GPO n\u00e3o \u00e9 respons\u00e1vel pela qualidade do produto causada por um atraso na entrega que n\u00e3o foi causado pela pr\u00f3pria Amerinet-GPO.<\/b> A Amerinet-GPO <b>n\u00e3o aceita devolu\u00e7\u00f5es de produtos espec\u00edficos porque estes perdem as suas qualidades importantes<\/b> ap\u00f3s o envio ou atrasos.<\/p>\n<hr \/>\n<h3>9. Isen\u00e7\u00e3o de Garantia (Disclaimer)<\/h3>\n<p>O Site est\u00e1 dispon\u00edvel &#8220;no estado em que se encontra, conforme a disponibilidade&#8221; (&#8220;<b>as-is, as-available<\/b>&#8220;), e a Amerinet-GPO n\u00e3o promete que o Site ou qualquer um dos seus conte\u00fados, servi\u00e7os ou recursos estar\u00e1 livre de erros ou interrup\u00e7\u00f5es, nem que quaisquer defeitos ser\u00e3o corrigidos, ou que o uso do Site fornecer\u00e1 resultados especiais. Todas as informa\u00e7\u00f5es no Site podem ser alteradas sem aviso pr\u00e9vio.<\/p>\n<p>A Amerinet-GPO toma medidas razo\u00e1veis para proteger o Site e para poder processar seus pedidos atrav\u00e9s de sua conta de cliente e\/ou atrav\u00e9s do nosso n\u00famero de telefone gratuito e n\u00famero de fax gratuito. <b>A AMERINET-GPO N\u00c3O FAZ REPRESENTA\u00c7\u00d5ES OU GARANTIAS, EXPRESSAS OU IMPL\u00cdCITAS, COM RELA\u00c7\u00c3O AO SITE, E, SEM LIMITA\u00c7\u00c3O, ISENTA-SE DAS GARANTIAS IMPL\u00cdCITAS DE COMERCIABILIDADE E ADEQUA\u00c7\u00c3O A UMA FINALIDADE ESPEC\u00cdFICA, UTILIDADE, N\u00c3O VIOLA\u00c7\u00c3O, INTEGRIDADE, PRECIS\u00c3O E CONFIABILIDADE.<\/b> Todos os riscos associados ao uso do Site ser\u00e3o suportados exclusivamente por voc\u00ea.<\/p>\n<p><b>EM NENHUM CASO A AMERINET-GPO SER\u00c1 RESPONS\u00c1VEL POR QUAISQUER DANOS DIRETOS, INDIRETOS, INCIDENTAIS OU CONSEQUENCIAIS DECORRENTES DO USO OU INCAPACIDADE DE USAR O SITE, POR SERVI\u00c7OS INTERROMPIDOS, OU POR DANOS QUE OCORRAM EM SISTEMAS DE COMPUTADOR E OUTROS ATRAV\u00c9S DO USO DO SITE.<\/b><\/p>\n<h3>10. Propriedade Intelectual<\/h3>\n<p>Todas as marcas registradas e conte\u00fado do Site s\u00e3o usados sob licen\u00e7a pela Amerinet-GPO e n\u00e3o podem ser copiados ou reproduzidos de forma alguma, no todo ou em parte.<\/p>\n<h3>11. Links<\/h3>\n<p>A Amerinet-GPO pode fornecer links para outros websites de terceiros e n\u00e3o \u00e9 respons\u00e1vel pelo conte\u00fado, precis\u00e3o ou opini\u00f5es expressas em tais websites de terceiros, e tais websites n\u00e3o s\u00e3o investigados, monitorados ou verificados quanto \u00e0 precis\u00e3o ou integridade por n\u00f3s. A inclus\u00e3o de qualquer website vinculado no Site n\u00e3o implica aprova\u00e7\u00e3o ou endosso dos websites vinculados por nossa parte. Se voc\u00ea decidir sair do Site e acessar esses sites de terceiros, o far\u00e1 por sua conta e risco.<\/p>\n<h3>12. Rescis\u00e3o da Conta de Cliente<\/h3>\n<p>A Amerinet-GPO reserva-se o direito de <b>rescindir sua conta de cliente<\/b> a seu exclusivo crit\u00e9rio.<\/p>\n<h3>13. Separabilidade<\/h3>\n<p>Caso qualquer disposi\u00e7\u00e3o estabelecida nos Termos de Uso seja considerada inv\u00e1lida ou inexequ\u00edvel em qualquer jurisdi\u00e7\u00e3o, tal disposi\u00e7\u00e3o ser\u00e1, nessa jurisdi\u00e7\u00e3o, ineficaz apenas na medida de tal invalidade ou inexequibilidade e ser\u00e1 <b>separada do restante deste documento<\/b> sem invalidar ou afetar as disposi\u00e7\u00f5es restantes, as quais permanecer\u00e3o em pleno vigor e efeito.<\/p>\n<h3>14. Acordo Integral<\/h3>\n<p>Os Termos de Uso constituem um <b>acordo legalmente vinculativo<\/b> com a Amerinet-GPO em rela\u00e7\u00e3o aos assuntos aqui tratados.<\/p>\n<h3>15. Maioridade<\/h3>\n<p>Para usar o Site e estabelecer uma conta de cliente, todos os usu\u00e1rios devem ter a <b>maioridade<\/b> na jurisdi\u00e7\u00e3o relevante e possuir o licenciamento necess\u00e1rio para comprar os produtos oferecidos neste Site.<\/p>\n","protected":false},"excerpt":{"rendered":"<p>Estes Termos e Condi\u00e7\u00f5es de Uso (os &#8220;Termos de Uso&#8220;) aplicam-se ao website da Amerinet-GPO. O site www.amerinet-gpo.com (o &#8220;Site&#8220;) \u00e9 propriedade&hellip;<\/p>\n","protected":false},"author":1,"featured_media":0,"parent":0,"menu_order":0,"comment_status":"closed","ping_status":"closed","template":"","meta":{"footnotes":""},"class_list":["post-7853","page","type-page","status-publish","hentry"],"yoast_head":"<!-- This site is optimized with the Yoast SEO plugin v27.5 - https:\/\/yoast.com\/product\/yoast-seo-wordpress\/ -->\n<title>Termos de Uso - Amerinet GPO<\/title>\n<meta name=\"robots\" content=\"index, follow, max-snippet:-1, max-image-preview:large, max-video-preview:-1\" \/>\n<link rel=\"canonical\" href=\"https:\/\/www.amerinet-gpo.com\/pt-pt\/terms-and-conditions\/\" \/>\n<meta property=\"og:locale\" content=\"pt_PT\" \/>\n<meta property=\"og:type\" content=\"article\" \/>\n<meta property=\"og:title\" content=\"Termos de Uso - Amerinet GPO\" \/>\n<meta property=\"og:description\" content=\"Estes Termos e Condi\u00e7\u00f5es de Uso (os &#8220;Termos de Uso&#8220;) aplicam-se ao website da Amerinet-GPO. O site www.amerinet-gpo.com (o &#8220;Site&#8220;) \u00e9 propriedade&hellip;\" \/>\n<meta property=\"og:url\" content=\"https:\/\/www.amerinet-gpo.com\/pt-pt\/terms-and-conditions\/\" \/>\n<meta property=\"og:site_name\" content=\"Amerinet GPO\" \/>\n<meta property=\"article:modified_time\" content=\"2025-11-05T11:38:11+00:00\" \/>\n<meta name=\"twitter:card\" content=\"summary_large_image\" \/>\n<meta name=\"twitter:label1\" content=\"Tempo estimado de leitura\" \/>\n\t<meta name=\"twitter:data1\" content=\"7 minutos\" \/>\n<script type=\"application\/ld+json\" class=\"yoast-schema-graph\">{\"@context\":\"https:\\\/\\\/schema.org\",\"@graph\":[{\"@type\":\"WebPage\",\"@id\":\"https:\\\/\\\/www.amerinet-gpo.com\\\/pt-pt\\\/terms-and-conditions\\\/\",\"url\":\"https:\\\/\\\/www.amerinet-gpo.com\\\/pt-pt\\\/terms-and-conditions\\\/\",\"name\":\"Termos de Uso - Amerinet GPO\",\"isPartOf\":{\"@id\":\"https:\\\/\\\/www.amerinet-gpo.com\\\/#website\"},\"datePublished\":\"2025-11-05T11:33:34+00:00\",\"dateModified\":\"2025-11-05T11:38:11+00:00\",\"breadcrumb\":{\"@id\":\"https:\\\/\\\/www.amerinet-gpo.com\\\/pt-pt\\\/terms-and-conditions\\\/#breadcrumb\"},\"inLanguage\":\"pt-PT\",\"potentialAction\":[{\"@type\":\"ReadAction\",\"target\":[\"https:\\\/\\\/www.amerinet-gpo.com\\\/pt-pt\\\/terms-and-conditions\\\/\"]}]},{\"@type\":\"BreadcrumbList\",\"@id\":\"https:\\\/\\\/www.amerinet-gpo.com\\\/pt-pt\\\/terms-and-conditions\\\/#breadcrumb\",\"itemListElement\":[{\"@type\":\"ListItem\",\"position\":1,\"name\":\"Home\",\"item\":\"https:\\\/\\\/www.amerinet-gpo.com\\\/pt-pt\\\/casa-com-marca\\\/\"},{\"@type\":\"ListItem\",\"position\":2,\"name\":\"Termos de Uso\"}]},{\"@type\":\"WebSite\",\"@id\":\"https:\\\/\\\/www.amerinet-gpo.com\\\/#website\",\"url\":\"https:\\\/\\\/www.amerinet-gpo.com\\\/\",\"name\":\"Amerinet GPO\",\"description\":\"Bem-vindo ao Amerinet GPO, o com\u00e9rcio eletr\u00f4nico de produtos injet\u00e1veis para medicina est\u00e9tica, incluindo botox e preenchimentos d\u00e9rmicos\",\"publisher\":{\"@id\":\"https:\\\/\\\/www.amerinet-gpo.com\\\/#organization\"},\"potentialAction\":[{\"@type\":\"SearchAction\",\"target\":{\"@type\":\"EntryPoint\",\"urlTemplate\":\"https:\\\/\\\/www.amerinet-gpo.com\\\/?s={search_term_string}\"},\"query-input\":{\"@type\":\"PropertyValueSpecification\",\"valueRequired\":true,\"valueName\":\"search_term_string\"}}],\"inLanguage\":\"pt-PT\"},{\"@type\":\"Organization\",\"@id\":\"https:\\\/\\\/www.amerinet-gpo.com\\\/#organization\",\"name\":\"Amerinet GPO\",\"url\":\"https:\\\/\\\/www.amerinet-gpo.com\\\/\",\"logo\":{\"@type\":\"ImageObject\",\"inLanguage\":\"pt-PT\",\"@id\":\"https:\\\/\\\/www.amerinet-gpo.com\\\/#\\\/schema\\\/logo\\\/image\\\/\",\"url\":\"https:\\\/\\\/www.amerinet-gpo.com\\\/wp-content\\\/uploads\\\/2024\\\/03\\\/extendify-demo-logo.png\",\"contentUrl\":\"https:\\\/\\\/www.amerinet-gpo.com\\\/wp-content\\\/uploads\\\/2024\\\/03\\\/extendify-demo-logo.png\",\"width\":96,\"height\":97,\"caption\":\"Amerinet GPO\"},\"image\":{\"@id\":\"https:\\\/\\\/www.amerinet-gpo.com\\\/#\\\/schema\\\/logo\\\/image\\\/\"}}]}<\/script>\n<!-- \/ Yoast SEO plugin. -->","yoast_head_json":{"title":"Termos de Uso - Amerinet GPO","robots":{"index":"index","follow":"follow","max-snippet":"max-snippet:-1","max-image-preview":"max-image-preview:large","max-video-preview":"max-video-preview:-1"},"canonical":"https:\/\/www.amerinet-gpo.com\/pt-pt\/terms-and-conditions\/","og_locale":"pt_PT","og_type":"article","og_title":"Termos de Uso - Amerinet GPO","og_description":"Estes Termos e Condi\u00e7\u00f5es de Uso (os &#8220;Termos de Uso&#8220;) aplicam-se ao website da Amerinet-GPO. O site www.amerinet-gpo.com (o &#8220;Site&#8220;) \u00e9 propriedade&hellip;","og_url":"https:\/\/www.amerinet-gpo.com\/pt-pt\/terms-and-conditions\/","og_site_name":"Amerinet GPO","article_modified_time":"2025-11-05T11:38:11+00:00","twitter_card":"summary_large_image","twitter_misc":{"Tempo estimado de leitura":"7 minutos"},"schema":{"@context":"https:\/\/schema.org","@graph":[{"@type":"WebPage","@id":"https:\/\/www.amerinet-gpo.com\/pt-pt\/terms-and-conditions\/","url":"https:\/\/www.amerinet-gpo.com\/pt-pt\/terms-and-conditions\/","name":"Termos de Uso - Amerinet GPO","isPartOf":{"@id":"https:\/\/www.amerinet-gpo.com\/#website"},"datePublished":"2025-11-05T11:33:34+00:00","dateModified":"2025-11-05T11:38:11+00:00","breadcrumb":{"@id":"https:\/\/www.amerinet-gpo.com\/pt-pt\/terms-and-conditions\/#breadcrumb"},"inLanguage":"pt-PT","potentialAction":[{"@type":"ReadAction","target":["https:\/\/www.amerinet-gpo.com\/pt-pt\/terms-and-conditions\/"]}]},{"@type":"BreadcrumbList","@id":"https:\/\/www.amerinet-gpo.com\/pt-pt\/terms-and-conditions\/#breadcrumb","itemListElement":[{"@type":"ListItem","position":1,"name":"Home","item":"https:\/\/www.amerinet-gpo.com\/pt-pt\/casa-com-marca\/"},{"@type":"ListItem","position":2,"name":"Termos de Uso"}]},{"@type":"WebSite","@id":"https:\/\/www.amerinet-gpo.com\/#website","url":"https:\/\/www.amerinet-gpo.com\/","name":"Amerinet GPO","description":"Bem-vindo ao Amerinet GPO, o com\u00e9rcio eletr\u00f4nico de produtos injet\u00e1veis para medicina est\u00e9tica, incluindo botox e preenchimentos d\u00e9rmicos","publisher":{"@id":"https:\/\/www.amerinet-gpo.com\/#organization"},"potentialAction":[{"@type":"SearchAction","target":{"@type":"EntryPoint","urlTemplate":"https:\/\/www.amerinet-gpo.com\/?s={search_term_string}"},"query-input":{"@type":"PropertyValueSpecification","valueRequired":true,"valueName":"search_term_string"}}],"inLanguage":"pt-PT"},{"@type":"Organization","@id":"https:\/\/www.amerinet-gpo.com\/#organization","name":"Amerinet GPO","url":"https:\/\/www.amerinet-gpo.com\/","logo":{"@type":"ImageObject","inLanguage":"pt-PT","@id":"https:\/\/www.amerinet-gpo.com\/#\/schema\/logo\/image\/","url":"https:\/\/www.amerinet-gpo.com\/wp-content\/uploads\/2024\/03\/extendify-demo-logo.png","contentUrl":"https:\/\/www.amerinet-gpo.com\/wp-content\/uploads\/2024\/03\/extendify-demo-logo.png","width":96,"height":97,"caption":"Amerinet GPO"},"image":{"@id":"https:\/\/www.amerinet-gpo.com\/#\/schema\/logo\/image\/"}}]}},"_links":{"self":[{"href":"https:\/\/www.amerinet-gpo.com\/pt-pt\/wp-json\/wp\/v2\/pages\/7853","targetHints":{"allow":["GET"]}}],"collection":[{"href":"https:\/\/www.amerinet-gpo.com\/pt-pt\/wp-json\/wp\/v2\/pages"}],"about":[{"href":"https:\/\/www.amerinet-gpo.com\/pt-pt\/wp-json\/wp\/v2\/types\/page"}],"author":[{"embeddable":true,"href":"https:\/\/www.amerinet-gpo.com\/pt-pt\/wp-json\/wp\/v2\/users\/1"}],"replies":[{"embeddable":true,"href":"https:\/\/www.amerinet-gpo.com\/pt-pt\/wp-json\/wp\/v2\/comments?post=7853"}],"version-history":[{"count":1,"href":"https:\/\/www.amerinet-gpo.com\/pt-pt\/wp-json\/wp\/v2\/pages\/7853\/revisions"}],"predecessor-version":[{"id":7857,"href":"https:\/\/www.amerinet-gpo.com\/pt-pt\/wp-json\/wp\/v2\/pages\/7853\/revisions\/7857"}],"wp:attachment":[{"href":"https:\/\/www.amerinet-gpo.com\/pt-pt\/wp-json\/wp\/v2\/media?parent=7853"}],"curies":[{"name":"wp","href":"https:\/\/api.w.org\/{rel}","templated":true}]}}