{"id":7091,"date":"2020-10-18T13:07:58","date_gmt":"2020-10-18T13:07:58","guid":{"rendered":"https:\/\/www.amerinet-gpo.com\/sobre-nos\/"},"modified":"2026-02-10T04:10:59","modified_gmt":"2026-02-10T04:10:59","slug":"sobre-nos","status":"publish","type":"page","link":"https:\/\/www.amerinet-gpo.com\/pt-pt\/sobre-nos\/","title":{"rendered":"Sobre n\u00f3s"},"content":{"rendered":"\t\t<div data-elementor-type=\"wp-page\" data-elementor-id=\"7091\" class=\"elementor elementor-7091 elementor-3049\">\n\t\t\t\t\t\t<section class=\"elementor-section elementor-top-section elementor-element elementor-element-ae248c4 elementor-section-full_width elementor-section-height-default elementor-section-height-default\" data-id=\"ae248c4\" data-element_type=\"section\" data-e-type=\"section\">\n\t\t\t\t\t\t<div class=\"elementor-container elementor-column-gap-no\">\n\t\t\t\t\t<div class=\"elementor-column elementor-col-100 elementor-top-column elementor-element elementor-element-6b92c4e\" data-id=\"6b92c4e\" data-element_type=\"column\" data-e-type=\"column\">\n\t\t\t<div class=\"elementor-widget-wrap elementor-element-populated\">\n\t\t\t\t\t\t<div class=\"elementor-element elementor-element-b369bce elementor-widget elementor-widget-ideapark-page-header\" data-id=\"b369bce\" data-element_type=\"widget\" data-e-type=\"widget\" data-widget_type=\"ideapark-page-header.default\">\n\t\t\t\t<div class=\"elementor-widget-container\">\n\t\t\t\t\t\t<header\n\t\tclass=\"l-section c-page-header c-page-header--header-type-4 c-page-header--default\n c-page-header--low\"\n\t\t>\n\n\t\t\t\t\t<div class=\"c-page-header__wrap\">\n\t\t\t\t\t\t\t\t\t<h1 class=\"c-page-header__title\">Sobre n\u00f3s<\/h1>\n\t\t\t\t\t\t\t<\/div>\n\t\t\t\t<nav aria-label=\"breadcrumbs\" class=\"c-breadcrumbs c-breadcrumbs--yoast\"><ol class=\"c-breadcrumbs__list\"><li class=\"c-breadcrumbs__item c-breadcrumbs__item--wc\"><span><span><a href=\"https:\/\/www.amerinet-gpo.com\/pt-pt\/casa-com-marca\/\">Home<\/a><\/span><\/span><\/li><\/ol><\/nav>\t<\/header>\n\t\t\t\t<\/div>\n\t\t\t\t<\/div>\n\t\t\t\t\t<\/div>\n\t\t<\/div>\n\t\t\t\t\t<\/div>\n\t\t<\/section>\n\t\t<div class=\"elementor-element elementor-element-4575229 e-flex e-con-boxed e-con e-parent\" data-id=\"4575229\" data-element_type=\"container\" data-e-type=\"container\">\n\t\t\t\t\t<div class=\"e-con-inner\">\n\t\t\t\t<div class=\"elementor-element elementor-element-76ed5b7 elementor-widget elementor-widget-text-editor\" data-id=\"76ed5b7\" data-element_type=\"widget\" data-e-type=\"widget\" data-widget_type=\"text-editor.default\">\n\t\t\t\t<div class=\"elementor-widget-container\">\n\t\t\t\t\t\t\t\t\t<h3 data-path-to-node=\"3\">O nosso legado: Da GPO Hospitalar \u00e0 Distribui\u00e7\u00e3o Especializada<\/h3><p data-path-to-node=\"4\"><b data-path-to-node=\"4\" data-index-in-node=\"0\">A Amerinet-GPO<\/b> assenta numa base de 25 anos de excel\u00eancia no aprovisionamento de cuidados de sa\u00fade e na gest\u00e3o da cadeia de fornecimento. Com base num legado de longa data no aprovisionamento profissional de hospitais, a nossa organiza\u00e7\u00e3o evoluiu para satisfazer as necessidades sofisticadas dos sectores m\u00e9dico e cient\u00edfico modernos. <\/p><p data-path-to-node=\"5\">Atualmente, tiramos partido das nossas d\u00e9cadas de experi\u00eancia para servir duas divis\u00f5es principais: <b data-path-to-node=\"5\" data-index-in-node=\"76\">Est\u00e9tica M\u00e9dica Avan\u00e7ada<\/b> e <b data-path-to-node=\"5\" data-index-in-node=\"108\">Bioqu\u00edmica de Investiga\u00e7\u00e3o Cient\u00edfica<\/b>, fazendo a ponte entre o fabrico de produtos de qualidade farmac\u00eautica e a comunidade profissional global.<\/p><h3 data-path-to-node=\"6\">Supervis\u00e3o m\u00e9dica e normas cl\u00ednicas<\/h3><p data-path-to-node=\"7\">Para manter os mais altos n\u00edveis de integridade, a Amerinet-GPO opera sob a supervis\u00e3o profissional do <b data-path-to-node=\"7\" data-index-in-node=\"105\"><a href=\"https:\/\/www.linkedin.com\/in\/silvia-f-garcia-md-60788a143\">Dr. Garcia<\/a>, MD<\/b>, nosso Consultor M\u00e9dico Principal e especialista em <b data-path-to-node=\"7\" data-index-in-node=\"167\">Dermatologia Cl\u00ednica<\/b>.<\/p><p data-path-to-node=\"8\">Com uma vasta experi\u00eancia em aplica\u00e7\u00f5es dermo-cosm\u00e9ticas e solu\u00e7\u00f5es m\u00e9dicas especializadas, o Dr. Garcia supervisiona o nosso processo de sele\u00e7\u00e3o de produtos e protocolos de garantia de qualidade. Esta gest\u00e3o cl\u00ednica assegura que todas as solu\u00e7\u00f5es do nosso cat\u00e1logo &#8211; desde neuromoduladores a reagentes bioqu\u00edmicos &#8211; satisfazem as rigorosas exig\u00eancias de seguran\u00e7a e efic\u00e1cia de m\u00e9dicos licenciados e instala\u00e7\u00f5es de cuidados de sa\u00fade em todo o mundo. <\/p><h3 data-path-to-node=\"9\">O padr\u00e3o Amerinet: Qualidade, Conformidade e Confian\u00e7a<\/h3><p data-path-to-node=\"10\">Num mercado globalizado, a autenticidade \u00e9 o nosso principal compromisso. Salvaguardamos os padr\u00f5es das \u00e1reas profissionais que servimos atrav\u00e9s de tr\u00eas pilares fundamentais: <\/p><ul data-path-to-node=\"11\"><li><p data-path-to-node=\"11,0,0\"><b data-path-to-node=\"11,0,0\" data-index-in-node=\"0\">Verifica\u00e7\u00e3o de origem:<\/b> Todos os artigos do nosso cat\u00e1logo s\u00e3o fornecidos exclusivamente por fabricantes autorizados ou laborat\u00f3rios de qualidade farmac\u00eautica para garantir a sua origem e qualidade.<\/p><\/li><li><p data-path-to-node=\"11,1,0\"><b data-path-to-node=\"11,1,0\" data-index-in-node=\"0\">Integridade log\u00edstica (GDP):<\/b> Cumprimos rigorosamente as <b data-path-to-node=\"11,1,0\" data-index-in-node=\"49\">Boas Pr\u00e1ticas de Distribui\u00e7\u00e3o (GDP)<\/b>. A nossa estrutura log\u00edstica foi concebida para lidar com fornecimentos profissionais sens\u00edveis, assegurando a manuten\u00e7\u00e3o de protocolos de controlo clim\u00e1tico desde as nossas instala\u00e7\u00f5es at\u00e9 \u00e0s suas instala\u00e7\u00f5es profissionais. <\/p><\/li><li><p data-path-to-node=\"11,2,0\"><b data-path-to-node=\"11,2,0\" data-index-in-node=\"0\">Verifica\u00e7\u00e3o anal\u00edtica:<\/b> A nossa Divis\u00e3o de Investiga\u00e7\u00e3o implementa protocolos de teste rigorosos, incluindo <b data-path-to-node=\"11,2,0\" data-index-in-node=\"96\">HPLC (High-Performance Liquid Chromatography)<\/b> e <b data-path-to-node=\"11,2,0\" data-index-in-node=\"146\">Espectrometria de Massa (MS)<\/b>, para garantir os mais elevados n\u00edveis de pureza para todos os reagentes bioqu\u00edmicos e compostos laboratoriais.<\/p><\/li><li><p data-path-to-node=\"11,3,0\"><b data-path-to-node=\"11,3,0\" data-index-in-node=\"0\">Transpar\u00eancia por atacado:<\/b> Utilizamos um <b data-path-to-node=\"11,3,0\" data-index-in-node=\"37\">modelo de pre\u00e7os exclusivo para B2B<\/b>. Os pre\u00e7os s\u00e3o apresentados para facilitar a coordena\u00e7\u00e3o log\u00edstica e a efici\u00eancia das aquisi\u00e7\u00f5es para entidades m\u00e9dicas e de investiga\u00e7\u00e3o verificadas. <\/p><\/li><\/ul><h3 data-path-to-node=\"12\">Governa\u00e7\u00e3o global e centros operacionais<\/h3><p data-path-to-node=\"13\">A Amerinet-GPO serve a comunidade profissional atrav\u00e9s de uma cadeia de fornecimento segura e de ciclo fechado. Embora a nossa <b data-path-to-node=\"13\" data-index-in-node=\"101\">sede corporativa<\/b> esteja localizada no cora\u00e7\u00e3o financeiro de <b data-path-to-node=\"13\" data-index-in-node=\"162\">Miami, na Fl\u00f3rida<\/b>, a nossa for\u00e7a operacional reside na nossa presen\u00e7a estrat\u00e9gica na <b data-path-to-node=\"13\" data-index-in-node=\"237\">Coreia do Sul<\/b>, um l\u00edder global em inova\u00e7\u00e3o dermo-est\u00e9tica. <\/p><p data-path-to-node=\"14\">Ao operar no \u00e2mbito da avan\u00e7ada estrutura de tecnologia m\u00e9dica da Coreia do Sul, a Amerinet-GPO facilita o acesso direto a inova\u00e7\u00f5es de ponta atrav\u00e9s de um modelo de distribui\u00e7\u00e3o simplificado. Ao enviar diretamente das instala\u00e7\u00f5es dos nossos parceiros sul-coreanos para as suas instala\u00e7\u00f5es cl\u00ednicas, garantimos: <\/p><ol start=\"1\" data-path-to-node=\"15\"><li><p data-path-to-node=\"15,0,0\"><b data-path-to-node=\"15,0,0\" data-index-in-node=\"0\">Proveni\u00eancia direta:<\/b> Elimina os intermedi\u00e1rios desnecess\u00e1rios para garantir a autenticidade do produto e os lotes &#8220;frescos da f\u00e1brica&#8221;.<\/p><\/li><li><p data-path-to-node=\"15,1,0\"><b data-path-to-node=\"15,1,0\" data-index-in-node=\"0\">Efici\u00eancia log\u00edstica:<\/b> Acesso mais r\u00e1pido \u00e0s \u00faltimas inova\u00e7\u00f5es nos dom\u00ednios da est\u00e9tica e da bioqu\u00edmica<b data-path-to-node=\"15,1,0\" data-index-in-node=\"104\">(K-Medical Excellence<\/b>).<\/p><\/li><li><p data-path-to-node=\"15,2,0\"><b data-path-to-node=\"15,2,0\" data-index-in-node=\"0\">Conformidade global:<\/b> Todos os envios seguem as normas internacionais de exporta\u00e7\u00e3o, garantindo fiabilidade e transpar\u00eancia para a nossa clientela global.<\/p><\/li><\/ol><h3 data-path-to-node=\"16\">Informa\u00e7\u00f5es sobre a empresa<\/h3><ul data-path-to-node=\"17\"><li><p data-path-to-node=\"17,0,0\"><b data-path-to-node=\"17,0,0\" data-index-in-node=\"0\">Entidade registada:<\/b> Amerinet-GPO LLC<\/p><\/li><li><p data-path-to-node=\"17,1,0\"><b data-path-to-node=\"17,1,0\" data-index-in-node=\"0\">N.\u00ba de registo:<\/b> 6433760<\/p><\/li><li><p data-path-to-node=\"17,2,0\"><b data-path-to-node=\"17,2,0\" data-index-in-node=\"0\"><a href=\"https:\/\/www.amerinet-gpo.com\/wp-content\/uploads\/2025\/11\/amerinet-certificate.pdf\">ISO 9001:2015 N\u00famero de registo<\/a>:<\/b> 041 24 1068<\/p><\/li><li><p data-path-to-node=\"17,3,0\"><b data-path-to-node=\"17,3,0\" data-index-in-node=\"0\">Escrit\u00f3rio corporativo (Jur\u00eddico):<\/b> 25 West 21st Street, Miami, FL, Estados Unidos.<\/p><\/li><li><p data-path-to-node=\"17,4,0\"><b data-path-to-node=\"17,4,0\" data-index-in-node=\"0\">Centro de opera\u00e7\u00f5es:<\/b> Seul, Coreia do Sul (cumprimento direto do fabricante).<\/p><\/li><\/ul>\t\t\t\t\t\t\t\t<\/div>\n\t\t\t\t<\/div>\n\t\t\t\t\t<\/div>\n\t\t\t\t<\/div>\n\t\t<div class=\"elementor-element elementor-element-f74b1fa e-flex e-con-boxed e-con e-parent\" data-id=\"f74b1fa\" data-element_type=\"container\" data-e-type=\"container\">\n\t\t\t\t\t<div class=\"e-con-inner\">\n\t\t\t\t<div class=\"elementor-element elementor-element-2c4640e elementor-widget elementor-widget-html\" data-id=\"2c4640e\" data-element_type=\"widget\" data-e-type=\"widget\" data-widget_type=\"html.default\">\n\t\t\t\t<div class=\"elementor-widget-container\">\n\t\t\t\t\t<script type=\"application\/ld+json\">{\r\n  \"@context\": \"https:\/\/schema.org\",\r\n  \"@type\": \"AboutPage\",\r\n  \"mainEntity\": {\r\n    \"@type\": \"Organization\",\r\n    \"name\": \"Amerinet-GPO LLC\",\r\n    \"url\": \"https:\/\/www.amerinet-gpo.com\/\",\r\n    \"logo\": \"https:\/\/www.amerinet-gpo.com\/logo.png\",\r\n    \"taxID\": \"6433760\",\r\n    \"address\": {\r\n      \"@type\": \"PostalAddress\",\r\n      \"streetAddress\": \"25 West 21st Street\",\r\n      \"addressLocality\": \"Miami\",\r\n      \"addressRegion\": \"FL\",\r\n      \"addressCountry\": \"US\"\r\n    },\r\n    \"hasCredential\": [\r\n      {\r\n        \"@type\": \"EducationalOccupationalCredential\",\r\n        \"name\": \"ISO 9001:2015 Certified\",\r\n        \"identifier\": \"041 24 1068\"\r\n      }\r\n    ],\r\n    \"member\": {\r\n      \"@type\": \"Person\",\r\n      \"name\": \"Dr. Silvia F. Garcia, MD\",\r\n      \"jobTitle\": \"Lead Medical Consultant\",\r\n      \"url\": \"https:\/\/www.linkedin.com\/in\/silvia-f-garcia-md-60788a143\",\r\n      \"sameAs\": [\r\n        \"https:\/\/www.linkedin.com\/in\/silvia-f-garcia-md-60788a143\"\r\n      ],\r\n      \"knowsAbout\": [\"Clinical Dermatology\", \"Medical Aesthetics\", \"Pharmacology\", \"Healthcare Procurement\"]\r\n    },\r\n    \"areaServed\": \"Worldwide\",\r\n    \"description\": \"B2B Medical GPO specializing in advanced aesthetics and biochemical research compounds, shipping directly from South Korea.\"\r\n  }\r\n}\r\n<\/script>\t\t\t\t<\/div>\n\t\t\t\t<\/div>\n\t\t\t\t\t<\/div>\n\t\t\t\t<\/div>\n\t\t\t\t<\/div>\n\t\t","protected":false},"excerpt":{"rendered":"<p>Home O nosso legado: Da GPO Hospitalar \u00e0 Distribui\u00e7\u00e3o Especializada A Amerinet-GPO assenta numa base de 25 anos de excel\u00eancia no aprovisionamento&hellip;<\/p>\n","protected":false},"author":1,"featured_media":0,"parent":0,"menu_order":0,"comment_status":"closed","ping_status":"closed","template":"elementor_header_footer","meta":{"footnotes":""},"class_list":["post-7091","page","type-page","status-publish","hentry"],"yoast_head":"<!-- This site is optimized with the Yoast SEO plugin v27.3 - https:\/\/yoast.com\/product\/yoast-seo-wordpress\/ -->\n<title>Sobre n\u00f3s - Amerinet GPO<\/title>\n<meta name=\"robots\" content=\"index, follow, max-snippet:-1, max-image-preview:large, max-video-preview:-1\" \/>\n<link rel=\"canonical\" href=\"https:\/\/www.amerinet-gpo.com\/pt-pt\/sobre-nos\/\" \/>\n<meta property=\"og:locale\" content=\"pt_PT\" \/>\n<meta property=\"og:type\" content=\"article\" \/>\n<meta property=\"og:title\" content=\"Sobre n\u00f3s - Amerinet GPO\" \/>\n<meta property=\"og:description\" content=\"Home O nosso legado: Da GPO Hospitalar \u00e0 Distribui\u00e7\u00e3o Especializada A Amerinet-GPO assenta numa base de 25 anos de excel\u00eancia no aprovisionamento&hellip;\" \/>\n<meta property=\"og:url\" content=\"https:\/\/www.amerinet-gpo.com\/pt-pt\/sobre-nos\/\" \/>\n<meta property=\"og:site_name\" content=\"Amerinet GPO\" \/>\n<meta property=\"article:modified_time\" content=\"2026-02-10T04:10:59+00:00\" \/>\n<meta name=\"twitter:card\" content=\"summary_large_image\" \/>\n<meta name=\"twitter:label1\" content=\"Tempo estimado de leitura\" \/>\n\t<meta name=\"twitter:data1\" content=\"4 minutos\" \/>\n<script type=\"application\/ld+json\" class=\"yoast-schema-graph\">{\"@context\":\"https:\\\/\\\/schema.org\",\"@graph\":[{\"@type\":\"WebPage\",\"@id\":\"https:\\\/\\\/www.amerinet-gpo.com\\\/pt-pt\\\/sobre-nos\\\/\",\"url\":\"https:\\\/\\\/www.amerinet-gpo.com\\\/pt-pt\\\/sobre-nos\\\/\",\"name\":\"Sobre n\u00f3s - Amerinet GPO\",\"isPartOf\":{\"@id\":\"https:\\\/\\\/www.amerinet-gpo.com\\\/#website\"},\"datePublished\":\"2020-10-18T13:07:58+00:00\",\"dateModified\":\"2026-02-10T04:10:59+00:00\",\"breadcrumb\":{\"@id\":\"https:\\\/\\\/www.amerinet-gpo.com\\\/pt-pt\\\/sobre-nos\\\/#breadcrumb\"},\"inLanguage\":\"pt-PT\",\"potentialAction\":[{\"@type\":\"ReadAction\",\"target\":[\"https:\\\/\\\/www.amerinet-gpo.com\\\/pt-pt\\\/sobre-nos\\\/\"]}]},{\"@type\":\"BreadcrumbList\",\"@id\":\"https:\\\/\\\/www.amerinet-gpo.com\\\/pt-pt\\\/sobre-nos\\\/#breadcrumb\",\"itemListElement\":[{\"@type\":\"ListItem\",\"position\":1,\"name\":\"Home\",\"item\":\"https:\\\/\\\/www.amerinet-gpo.com\\\/pt-pt\\\/casa-com-marca\\\/\"},{\"@type\":\"ListItem\",\"position\":2,\"name\":\"Sobre n\u00f3s\"}]},{\"@type\":\"WebSite\",\"@id\":\"https:\\\/\\\/www.amerinet-gpo.com\\\/#website\",\"url\":\"https:\\\/\\\/www.amerinet-gpo.com\\\/\",\"name\":\"Amerinet GPO\",\"description\":\"Bem-vindo ao Amerinet GPO, o com\u00e9rcio eletr\u00f4nico de produtos injet\u00e1veis para medicina est\u00e9tica, incluindo botox e preenchimentos d\u00e9rmicos\",\"publisher\":{\"@id\":\"https:\\\/\\\/www.amerinet-gpo.com\\\/#organization\"},\"potentialAction\":[{\"@type\":\"SearchAction\",\"target\":{\"@type\":\"EntryPoint\",\"urlTemplate\":\"https:\\\/\\\/www.amerinet-gpo.com\\\/?s={search_term_string}\"},\"query-input\":{\"@type\":\"PropertyValueSpecification\",\"valueRequired\":true,\"valueName\":\"search_term_string\"}}],\"inLanguage\":\"pt-PT\"},{\"@type\":\"Organization\",\"@id\":\"https:\\\/\\\/www.amerinet-gpo.com\\\/#organization\",\"name\":\"Amerinet GPO\",\"url\":\"https:\\\/\\\/www.amerinet-gpo.com\\\/\",\"logo\":{\"@type\":\"ImageObject\",\"inLanguage\":\"pt-PT\",\"@id\":\"https:\\\/\\\/www.amerinet-gpo.com\\\/#\\\/schema\\\/logo\\\/image\\\/\",\"url\":\"https:\\\/\\\/www.amerinet-gpo.com\\\/wp-content\\\/uploads\\\/2024\\\/03\\\/extendify-demo-logo.png\",\"contentUrl\":\"https:\\\/\\\/www.amerinet-gpo.com\\\/wp-content\\\/uploads\\\/2024\\\/03\\\/extendify-demo-logo.png\",\"width\":96,\"height\":97,\"caption\":\"Amerinet GPO\"},\"image\":{\"@id\":\"https:\\\/\\\/www.amerinet-gpo.com\\\/#\\\/schema\\\/logo\\\/image\\\/\"}}]}<\/script>\n<!-- \/ Yoast SEO plugin. -->","yoast_head_json":{"title":"Sobre n\u00f3s - Amerinet GPO","robots":{"index":"index","follow":"follow","max-snippet":"max-snippet:-1","max-image-preview":"max-image-preview:large","max-video-preview":"max-video-preview:-1"},"canonical":"https:\/\/www.amerinet-gpo.com\/pt-pt\/sobre-nos\/","og_locale":"pt_PT","og_type":"article","og_title":"Sobre n\u00f3s - Amerinet GPO","og_description":"Home O nosso legado: Da GPO Hospitalar \u00e0 Distribui\u00e7\u00e3o Especializada A Amerinet-GPO assenta numa base de 25 anos de excel\u00eancia no aprovisionamento&hellip;","og_url":"https:\/\/www.amerinet-gpo.com\/pt-pt\/sobre-nos\/","og_site_name":"Amerinet GPO","article_modified_time":"2026-02-10T04:10:59+00:00","twitter_card":"summary_large_image","twitter_misc":{"Tempo estimado de leitura":"4 minutos"},"schema":{"@context":"https:\/\/schema.org","@graph":[{"@type":"WebPage","@id":"https:\/\/www.amerinet-gpo.com\/pt-pt\/sobre-nos\/","url":"https:\/\/www.amerinet-gpo.com\/pt-pt\/sobre-nos\/","name":"Sobre n\u00f3s - Amerinet GPO","isPartOf":{"@id":"https:\/\/www.amerinet-gpo.com\/#website"},"datePublished":"2020-10-18T13:07:58+00:00","dateModified":"2026-02-10T04:10:59+00:00","breadcrumb":{"@id":"https:\/\/www.amerinet-gpo.com\/pt-pt\/sobre-nos\/#breadcrumb"},"inLanguage":"pt-PT","potentialAction":[{"@type":"ReadAction","target":["https:\/\/www.amerinet-gpo.com\/pt-pt\/sobre-nos\/"]}]},{"@type":"BreadcrumbList","@id":"https:\/\/www.amerinet-gpo.com\/pt-pt\/sobre-nos\/#breadcrumb","itemListElement":[{"@type":"ListItem","position":1,"name":"Home","item":"https:\/\/www.amerinet-gpo.com\/pt-pt\/casa-com-marca\/"},{"@type":"ListItem","position":2,"name":"Sobre n\u00f3s"}]},{"@type":"WebSite","@id":"https:\/\/www.amerinet-gpo.com\/#website","url":"https:\/\/www.amerinet-gpo.com\/","name":"Amerinet GPO","description":"Bem-vindo ao Amerinet GPO, o com\u00e9rcio eletr\u00f4nico de produtos injet\u00e1veis para medicina est\u00e9tica, incluindo botox e preenchimentos d\u00e9rmicos","publisher":{"@id":"https:\/\/www.amerinet-gpo.com\/#organization"},"potentialAction":[{"@type":"SearchAction","target":{"@type":"EntryPoint","urlTemplate":"https:\/\/www.amerinet-gpo.com\/?s={search_term_string}"},"query-input":{"@type":"PropertyValueSpecification","valueRequired":true,"valueName":"search_term_string"}}],"inLanguage":"pt-PT"},{"@type":"Organization","@id":"https:\/\/www.amerinet-gpo.com\/#organization","name":"Amerinet GPO","url":"https:\/\/www.amerinet-gpo.com\/","logo":{"@type":"ImageObject","inLanguage":"pt-PT","@id":"https:\/\/www.amerinet-gpo.com\/#\/schema\/logo\/image\/","url":"https:\/\/www.amerinet-gpo.com\/wp-content\/uploads\/2024\/03\/extendify-demo-logo.png","contentUrl":"https:\/\/www.amerinet-gpo.com\/wp-content\/uploads\/2024\/03\/extendify-demo-logo.png","width":96,"height":97,"caption":"Amerinet GPO"},"image":{"@id":"https:\/\/www.amerinet-gpo.com\/#\/schema\/logo\/image\/"}}]}},"_links":{"self":[{"href":"https:\/\/www.amerinet-gpo.com\/pt-pt\/wp-json\/wp\/v2\/pages\/7091","targetHints":{"allow":["GET"]}}],"collection":[{"href":"https:\/\/www.amerinet-gpo.com\/pt-pt\/wp-json\/wp\/v2\/pages"}],"about":[{"href":"https:\/\/www.amerinet-gpo.com\/pt-pt\/wp-json\/wp\/v2\/types\/page"}],"author":[{"embeddable":true,"href":"https:\/\/www.amerinet-gpo.com\/pt-pt\/wp-json\/wp\/v2\/users\/1"}],"replies":[{"embeddable":true,"href":"https:\/\/www.amerinet-gpo.com\/pt-pt\/wp-json\/wp\/v2\/comments?post=7091"}],"version-history":[{"count":16,"href":"https:\/\/www.amerinet-gpo.com\/pt-pt\/wp-json\/wp\/v2\/pages\/7091\/revisions"}],"predecessor-version":[{"id":10051,"href":"https:\/\/www.amerinet-gpo.com\/pt-pt\/wp-json\/wp\/v2\/pages\/7091\/revisions\/10051"}],"wp:attachment":[{"href":"https:\/\/www.amerinet-gpo.com\/pt-pt\/wp-json\/wp\/v2\/media?parent=7091"}],"curies":[{"name":"wp","href":"https:\/\/api.w.org\/{rel}","templated":true}]}}