{"id":7247,"date":"2024-03-29T06:29:43","date_gmt":"2024-03-29T06:29:43","guid":{"rendered":"https:\/\/www.amerinet-gpo.com\/shop\/lipolab-ppc-lipodissolve\/"},"modified":"2026-02-12T10:48:37","modified_gmt":"2026-02-12T10:48:37","slug":"lipolab-ppc-lipodissolve","status":"publish","type":"product","link":"https:\/\/www.amerinet-gpo.com\/fr\/produit\/lipolab-ppc-lipodissolve\/","title":{"rendered":"Injections de dissolution de la graisse Lipolab"},"content":{"rendered":"<p data-path-to-node=\"4\"><b data-path-to-node=\"4\" data-index-in-node=\"0\">Introduction :<\/b> LipoLab est la r\u00e9f\u00e9rence mondiale en mati\u00e8re d&rsquo;<b data-path-to-node=\"4\" data-index-in-node=\"54\">injections de dissolution de la graisse<\/b>, offrant une solution puissante et non chirurgicale pour une r\u00e9duction permanente de la graisse. Si vous recherchez le traitement de <b data-path-to-node=\"4\" data-index-in-node=\"195\">dissolution des graisses<\/b> le plus efficace, LipoLab 5x10ml offre une formule de qualit\u00e9 clinique con\u00e7ue pour faire fondre les tissus adipeux tenaces. Ces <b data-path-to-node=\"4\" data-index-in-node=\"323\">injections de perte de poids<\/b> ciblent les d\u00e9p\u00f4ts de graisse localis\u00e9s qui r\u00e9sistent aux r\u00e9gimes et \u00e0 l&rsquo;exercice, pour un physique plus mince et plus galb\u00e9.  <\/p>\n<p data-path-to-node=\"5\"><b data-path-to-node=\"5\" data-index-in-node=\"0\">Pourquoi choisir les injections de dissolution de graisse LipoLab ?<\/b><\/p>\n<ul data-path-to-node=\"6\">\n<li>\n<p data-path-to-node=\"6,0,0\"><b data-path-to-node=\"6,0,0\" data-index-in-node=\"0\">\u00c9limination cibl\u00e9e de la graisse :<\/b> Sp\u00e9cifiquement formul\u00e9 pour la <b data-path-to-node=\"6,0,0\" data-index-in-node=\"50\">dissolution de la graisse<\/b> au niveau du double menton, de l&rsquo;abdomen, des cuisses et des \u00ab\u00a0poign\u00e9es d&rsquo;amour\u00a0\u00bb.<\/p>\n<\/li>\n<li>\n<p data-path-to-node=\"6,1,0\"><b data-path-to-node=\"6,1,0\" data-index-in-node=\"0\">Lipolyse avanc\u00e9e :<\/b> Contrairement aux traitements standard, ces <b data-path-to-node=\"6,1,0\" data-index-in-node=\"54\">injections de dissolution de la graisse d\u00e9composent<\/b> les cellules graisseuses de mani\u00e8re permanente, qui sont ensuite \u00e9limin\u00e9es naturellement par l&rsquo;organisme.<\/p>\n<\/li>\n<li>\n<p data-path-to-node=\"6,2,0\"><b data-path-to-node=\"6,2,0\" data-index-in-node=\"0\">Des r\u00e9sultats rapides :<\/b> En tant que solution de <b data-path-to-node=\"6,2,0\" data-index-in-node=\"34\">dissolution des graisses de<\/b> premier plan, LipoLab est reconnu pour son d\u00e9soxycholate de haute puret\u00e9, ce qui garantit des r\u00e9sultats visibles apr\u00e8s seulement quelques s\u00e9ances.<\/p>\n<\/li>\n<li>\n<p data-path-to-node=\"6,3,0\"><b data-path-to-node=\"6,3,0\" data-index-in-node=\"0\">Temps d&rsquo;arr\u00eat minimal :<\/b> Alternative pr\u00e9f\u00e9r\u00e9e \u00e0 la liposuccion, ces <b data-path-to-node=\"6,3,0\" data-index-in-node=\"64\">injections destin\u00e9es \u00e0 dissoudre la graisse<\/b> permettent une r\u00e9cup\u00e9ration rapide et une grande satisfaction des patients.<\/p>\n<\/li>\n<\/ul>\n<p data-path-to-node=\"7\"><b data-path-to-node=\"7\" data-index-in-node=\"0\">Zones de traitement primaire :<\/b><\/p>\n<ul data-path-to-node=\"8\">\n<li>\n<p data-path-to-node=\"8,0,0\"><b data-path-to-node=\"8,0,0\" data-index-in-node=\"0\">Visage :<\/b> Id\u00e9al pour la <b data-path-to-node=\"8,0,0\" data-index-in-node=\"16\">dissolution de la graisse<\/b> sous le menton (graisse sous-mentonni\u00e8re) et la d\u00e9finition de la ligne de la m\u00e2choire.<\/p>\n<\/li>\n<li>\n<p data-path-to-node=\"8,1,0\"><b data-path-to-node=\"8,1,0\" data-index-in-node=\"0\">Corps :<\/b> Parfait pour <b data-path-to-node=\"8,1,0\" data-index-in-node=\"18\">dissoudre la graisse<\/b> du ventre, des bras, du dos (graisse du soutien-gorge) et des hanches.<\/p>\n<\/li>\n<\/ul>\n<p data-path-to-node=\"9\"><b data-path-to-node=\"9\" data-index-in-node=\"0\">Sp\u00e9cifications du produit :<\/b><\/p>\n<ul data-path-to-node=\"10\">\n<li>\n<p data-path-to-node=\"10,0,0\"><b data-path-to-node=\"10,0,0\" data-index-in-node=\"0\">Format :<\/b> Bo\u00eete de 5 flacons de 10 ml (cycle complet de <b data-path-to-node=\"10,0,0\" data-index-in-node=\"40\">dissolution des graisses<\/b> ).<\/p>\n<\/li>\n<li>\n<p data-path-to-node=\"10,1,0\"><b data-path-to-node=\"10,1,0\" data-index-in-node=\"0\">Ingr\u00e9dients actifs :<\/b> PPC de haute puret\u00e9 et d\u00e9soxycholate de sodium pour un effet <b data-path-to-node=\"10,1,0\" data-index-in-node=\"72\">lipolytique<\/b> maximal.<\/p>\n<\/li>\n<li>\n<p data-path-to-node=\"10,2,0\"><b data-path-to-node=\"10,2,0\" data-index-in-node=\"0\">Administration :<\/b> Destin\u00e9 aux protocoles professionnels d&rsquo;injection sous-cutan\u00e9e.<\/p>\n<\/li>\n<\/ul>\n<p data-path-to-node=\"11\"><b data-path-to-node=\"11\" data-index-in-node=\"0\">S\u00e9curit\u00e9 et stockage :<\/b><\/p>\n<ul data-path-to-node=\"12\">\n<li>\n<p data-path-to-node=\"12,0,0\"><b data-path-to-node=\"12,0,0\" data-index-in-node=\"0\">Utilisation professionnelle :<\/b> Ces <b data-path-to-node=\"12,0,0\" data-index-in-node=\"24\">injections de dissolution de la graisse<\/b> ne doivent \u00eatre administr\u00e9es que par des praticiens qualifi\u00e9s.<\/p>\n<\/li>\n<li>\n<p data-path-to-node=\"12,1,0\"><b data-path-to-node=\"12,1,0\" data-index-in-node=\"0\">Stockage :<\/b> Conserver dans un endroit frais et sec. Prot\u00e9ger de la lumi\u00e8re. <\/p>\n<\/li>\n<\/ul>\n","protected":false},"excerpt":{"rendered":"<p><b data-path-to-node=\"15,0\" data-index-in-node=\"0\">LipoLab 5x10ml<\/b> est la solution de pointe pour les <b data-path-to-node=\"15,0\" data-index-in-node=\"43\">injections de dissolution de la graisse<\/b>, permettant une r\u00e9duction permanente du tissu adipeux localis\u00e9. Con\u00e7u pour une <b data-path-to-node=\"15,0\" data-index-in-node=\"159\">dissolution de la graisse de<\/b> haute pr\u00e9cision, il cible le double menton, l&rsquo;abdomen et les cuisses. Ces <b data-path-to-node=\"15,0\" data-index-in-node=\"243\">injections lipolytiques<\/b> professionnelles offrent une alternative non chirurgicale \u00e0 la liposuccion, garantissant une silhouette plus fine et mieux d\u00e9finie avec des r\u00e9sultats durables.  <\/p>\n","protected":false},"featured_media":6343,"template":"","meta":[],"product_cat":[147],"product_tag":[],"class_list":{"0":"post-7247","1":"product","2":"type-product","3":"status-publish","4":"has-post-thumbnail","6":"product_cat-lipolytiques","8":"first","9":"instock","10":"shipping-taxable","11":"purchasable","12":"product-type-simple"},"yoast_head":"<!-- This site is optimized with the Yoast SEO plugin v27.6 - https:\/\/yoast.com\/product\/yoast-seo-wordpress\/ -->\n<title>Acheter Acide D\u00e9soxycholique 5x10ml | ATX-101 &amp; Belkyra Alternative - Amerinet GPO.<\/title>\n<meta name=\"description\" content=\"Vous cherchez \u00e0 acheter de l&#039;acide d\u00e9soxycholique pour votre clinique ? Notre solution PPC offre une alternative professionnelle \u00e0 Kybella et Belkyra (ATX-101). S\u00e9curis\u00e9, tra\u00e7able et certifi\u00e9.\" \/>\n<meta name=\"robots\" content=\"index, follow, max-snippet:-1, max-image-preview:large, max-video-preview:-1\" \/>\n<link rel=\"canonical\" href=\"https:\/\/www.amerinet-gpo.com\/fr\/produit\/lipolab-ppc-lipodissolve\/\" \/>\n<meta property=\"og:locale\" content=\"fr_FR\" \/>\n<meta property=\"og:type\" content=\"article\" \/>\n<meta property=\"og:title\" content=\"Acheter Acide D\u00e9soxycholique 5x10ml | ATX-101 &amp; Belkyra Alternative - Amerinet GPO.\" \/>\n<meta property=\"og:description\" content=\"Vous cherchez \u00e0 acheter de l&#039;acide d\u00e9soxycholique pour votre clinique ? Notre solution PPC offre une alternative professionnelle \u00e0 Kybella et Belkyra (ATX-101). S\u00e9curis\u00e9, tra\u00e7able et certifi\u00e9.\" \/>\n<meta property=\"og:url\" content=\"https:\/\/www.amerinet-gpo.com\/fr\/produit\/lipolab-ppc-lipodissolve\/\" \/>\n<meta property=\"og:site_name\" content=\"Amerinet GPO\" \/>\n<meta property=\"article:modified_time\" content=\"2026-02-12T10:48:37+00:00\" \/>\n<meta property=\"og:image\" content=\"https:\/\/www.amerinet-gpo.com\/wp-content\/uploads\/2024\/03\/image_1024.jpg\" \/>\n\t<meta property=\"og:image:width\" content=\"500\" \/>\n\t<meta property=\"og:image:height\" content=\"500\" \/>\n\t<meta property=\"og:image:type\" content=\"image\/jpeg\" \/>\n<meta name=\"twitter:card\" content=\"summary_large_image\" \/>\n<meta name=\"twitter:label1\" content=\"Dur\u00e9e de lecture estim\u00e9e\" \/>\n\t<meta name=\"twitter:data1\" content=\"2 minutes\" \/>\n<script type=\"application\/ld+json\" class=\"yoast-schema-graph\">{\"@context\":\"https:\\\/\\\/schema.org\",\"@graph\":[{\"@type\":\"WebPage\",\"@id\":\"https:\\\/\\\/www.amerinet-gpo.com\\\/fr\\\/produit\\\/lipolab-ppc-lipodissolve\\\/\",\"url\":\"https:\\\/\\\/www.amerinet-gpo.com\\\/fr\\\/produit\\\/lipolab-ppc-lipodissolve\\\/\",\"name\":\"Acheter Acide D\u00e9soxycholique 5x10ml | ATX-101 & Belkyra Alternative - Amerinet GPO.\",\"isPartOf\":{\"@id\":\"https:\\\/\\\/www.amerinet-gpo.com\\\/#website\"},\"primaryImageOfPage\":{\"@id\":\"https:\\\/\\\/www.amerinet-gpo.com\\\/fr\\\/produit\\\/lipolab-ppc-lipodissolve\\\/#primaryimage\"},\"image\":{\"@id\":\"https:\\\/\\\/www.amerinet-gpo.com\\\/fr\\\/produit\\\/lipolab-ppc-lipodissolve\\\/#primaryimage\"},\"thumbnailUrl\":\"https:\\\/\\\/www.amerinet-gpo.com\\\/wp-content\\\/uploads\\\/2024\\\/03\\\/image_1024.jpg\",\"datePublished\":\"2024-03-29T06:29:43+00:00\",\"dateModified\":\"2026-02-12T10:48:37+00:00\",\"description\":\"Vous cherchez \u00e0 acheter de l'acide d\u00e9soxycholique pour votre clinique ? Notre solution PPC offre une alternative professionnelle \u00e0 Kybella et Belkyra (ATX-101). S\u00e9curis\u00e9, tra\u00e7able et certifi\u00e9.\",\"breadcrumb\":{\"@id\":\"https:\\\/\\\/www.amerinet-gpo.com\\\/fr\\\/produit\\\/lipolab-ppc-lipodissolve\\\/#breadcrumb\"},\"inLanguage\":\"fr-FR\",\"potentialAction\":[{\"@type\":\"ReadAction\",\"target\":[\"https:\\\/\\\/www.amerinet-gpo.com\\\/fr\\\/produit\\\/lipolab-ppc-lipodissolve\\\/\"]}]},{\"@type\":\"ImageObject\",\"inLanguage\":\"fr-FR\",\"@id\":\"https:\\\/\\\/www.amerinet-gpo.com\\\/fr\\\/produit\\\/lipolab-ppc-lipodissolve\\\/#primaryimage\",\"url\":\"https:\\\/\\\/www.amerinet-gpo.com\\\/wp-content\\\/uploads\\\/2024\\\/03\\\/image_1024.jpg\",\"contentUrl\":\"https:\\\/\\\/www.amerinet-gpo.com\\\/wp-content\\\/uploads\\\/2024\\\/03\\\/image_1024.jpg\",\"width\":500,\"height\":500},{\"@type\":\"BreadcrumbList\",\"@id\":\"https:\\\/\\\/www.amerinet-gpo.com\\\/fr\\\/produit\\\/lipolab-ppc-lipodissolve\\\/#breadcrumb\",\"itemListElement\":[{\"@type\":\"ListItem\",\"position\":1,\"name\":\"Home\",\"item\":\"https:\\\/\\\/www.amerinet-gpo.com\\\/fr\\\/maison-de-marque\\\/\"},{\"@type\":\"ListItem\",\"position\":2,\"name\":\"Shop\",\"item\":\"https:\\\/\\\/www.amerinet-gpo.com\\\/es\\\/shop\\\/\"},{\"@type\":\"ListItem\",\"position\":3,\"name\":\"Injections de dissolution de la graisse Lipolab\"}]},{\"@type\":\"WebSite\",\"@id\":\"https:\\\/\\\/www.amerinet-gpo.com\\\/#website\",\"url\":\"https:\\\/\\\/www.amerinet-gpo.com\\\/\",\"name\":\"Amerinet GPO\",\"description\":\"Bienvenue sur Amerinet GPO, le commerce \u00e9lectronique de produits injectables pour la m\u00e9decine esth\u00e9tique dont le botox et les produits de comblement cutan\u00e9\",\"publisher\":{\"@id\":\"https:\\\/\\\/www.amerinet-gpo.com\\\/#organization\"},\"potentialAction\":[{\"@type\":\"SearchAction\",\"target\":{\"@type\":\"EntryPoint\",\"urlTemplate\":\"https:\\\/\\\/www.amerinet-gpo.com\\\/?s={search_term_string}\"},\"query-input\":{\"@type\":\"PropertyValueSpecification\",\"valueRequired\":true,\"valueName\":\"search_term_string\"}}],\"inLanguage\":\"fr-FR\"},{\"@type\":\"Organization\",\"@id\":\"https:\\\/\\\/www.amerinet-gpo.com\\\/#organization\",\"name\":\"Amerinet GPO\",\"url\":\"https:\\\/\\\/www.amerinet-gpo.com\\\/\",\"logo\":{\"@type\":\"ImageObject\",\"inLanguage\":\"fr-FR\",\"@id\":\"https:\\\/\\\/www.amerinet-gpo.com\\\/#\\\/schema\\\/logo\\\/image\\\/\",\"url\":\"https:\\\/\\\/www.amerinet-gpo.com\\\/wp-content\\\/uploads\\\/2024\\\/03\\\/extendify-demo-logo.png\",\"contentUrl\":\"https:\\\/\\\/www.amerinet-gpo.com\\\/wp-content\\\/uploads\\\/2024\\\/03\\\/extendify-demo-logo.png\",\"width\":96,\"height\":97,\"caption\":\"Amerinet GPO\"},\"image\":{\"@id\":\"https:\\\/\\\/www.amerinet-gpo.com\\\/#\\\/schema\\\/logo\\\/image\\\/\"}}]}<\/script>\n<!-- \/ Yoast SEO plugin. -->","yoast_head_json":{"title":"Acheter Acide D\u00e9soxycholique 5x10ml | ATX-101 & Belkyra Alternative - Amerinet GPO.","description":"Vous cherchez \u00e0 acheter de l'acide d\u00e9soxycholique pour votre clinique ? Notre solution PPC offre une alternative professionnelle \u00e0 Kybella et Belkyra (ATX-101). S\u00e9curis\u00e9, tra\u00e7able et certifi\u00e9.","robots":{"index":"index","follow":"follow","max-snippet":"max-snippet:-1","max-image-preview":"max-image-preview:large","max-video-preview":"max-video-preview:-1"},"canonical":"https:\/\/www.amerinet-gpo.com\/fr\/produit\/lipolab-ppc-lipodissolve\/","og_locale":"fr_FR","og_type":"article","og_title":"Acheter Acide D\u00e9soxycholique 5x10ml | ATX-101 & Belkyra Alternative - Amerinet GPO.","og_description":"Vous cherchez \u00e0 acheter de l'acide d\u00e9soxycholique pour votre clinique ? Notre solution PPC offre une alternative professionnelle \u00e0 Kybella et Belkyra (ATX-101). S\u00e9curis\u00e9, tra\u00e7able et certifi\u00e9.","og_url":"https:\/\/www.amerinet-gpo.com\/fr\/produit\/lipolab-ppc-lipodissolve\/","og_site_name":"Amerinet GPO","article_modified_time":"2026-02-12T10:48:37+00:00","og_image":[{"width":500,"height":500,"url":"https:\/\/www.amerinet-gpo.com\/wp-content\/uploads\/2024\/03\/image_1024.jpg","type":"image\/jpeg"}],"twitter_card":"summary_large_image","twitter_misc":{"Dur\u00e9e de lecture estim\u00e9e":"2 minutes"},"schema":{"@context":"https:\/\/schema.org","@graph":[{"@type":"WebPage","@id":"https:\/\/www.amerinet-gpo.com\/fr\/produit\/lipolab-ppc-lipodissolve\/","url":"https:\/\/www.amerinet-gpo.com\/fr\/produit\/lipolab-ppc-lipodissolve\/","name":"Acheter Acide D\u00e9soxycholique 5x10ml | ATX-101 & Belkyra Alternative - Amerinet GPO.","isPartOf":{"@id":"https:\/\/www.amerinet-gpo.com\/#website"},"primaryImageOfPage":{"@id":"https:\/\/www.amerinet-gpo.com\/fr\/produit\/lipolab-ppc-lipodissolve\/#primaryimage"},"image":{"@id":"https:\/\/www.amerinet-gpo.com\/fr\/produit\/lipolab-ppc-lipodissolve\/#primaryimage"},"thumbnailUrl":"https:\/\/www.amerinet-gpo.com\/wp-content\/uploads\/2024\/03\/image_1024.jpg","datePublished":"2024-03-29T06:29:43+00:00","dateModified":"2026-02-12T10:48:37+00:00","description":"Vous cherchez \u00e0 acheter de l'acide d\u00e9soxycholique pour votre clinique ? Notre solution PPC offre une alternative professionnelle \u00e0 Kybella et Belkyra (ATX-101). S\u00e9curis\u00e9, tra\u00e7able et certifi\u00e9.","breadcrumb":{"@id":"https:\/\/www.amerinet-gpo.com\/fr\/produit\/lipolab-ppc-lipodissolve\/#breadcrumb"},"inLanguage":"fr-FR","potentialAction":[{"@type":"ReadAction","target":["https:\/\/www.amerinet-gpo.com\/fr\/produit\/lipolab-ppc-lipodissolve\/"]}]},{"@type":"ImageObject","inLanguage":"fr-FR","@id":"https:\/\/www.amerinet-gpo.com\/fr\/produit\/lipolab-ppc-lipodissolve\/#primaryimage","url":"https:\/\/www.amerinet-gpo.com\/wp-content\/uploads\/2024\/03\/image_1024.jpg","contentUrl":"https:\/\/www.amerinet-gpo.com\/wp-content\/uploads\/2024\/03\/image_1024.jpg","width":500,"height":500},{"@type":"BreadcrumbList","@id":"https:\/\/www.amerinet-gpo.com\/fr\/produit\/lipolab-ppc-lipodissolve\/#breadcrumb","itemListElement":[{"@type":"ListItem","position":1,"name":"Home","item":"https:\/\/www.amerinet-gpo.com\/fr\/maison-de-marque\/"},{"@type":"ListItem","position":2,"name":"Shop","item":"https:\/\/www.amerinet-gpo.com\/es\/shop\/"},{"@type":"ListItem","position":3,"name":"Injections de dissolution de la graisse Lipolab"}]},{"@type":"WebSite","@id":"https:\/\/www.amerinet-gpo.com\/#website","url":"https:\/\/www.amerinet-gpo.com\/","name":"Amerinet GPO","description":"Bienvenue sur Amerinet GPO, le commerce \u00e9lectronique de produits injectables pour la m\u00e9decine esth\u00e9tique dont le botox et les produits de comblement cutan\u00e9","publisher":{"@id":"https:\/\/www.amerinet-gpo.com\/#organization"},"potentialAction":[{"@type":"SearchAction","target":{"@type":"EntryPoint","urlTemplate":"https:\/\/www.amerinet-gpo.com\/?s={search_term_string}"},"query-input":{"@type":"PropertyValueSpecification","valueRequired":true,"valueName":"search_term_string"}}],"inLanguage":"fr-FR"},{"@type":"Organization","@id":"https:\/\/www.amerinet-gpo.com\/#organization","name":"Amerinet GPO","url":"https:\/\/www.amerinet-gpo.com\/","logo":{"@type":"ImageObject","inLanguage":"fr-FR","@id":"https:\/\/www.amerinet-gpo.com\/#\/schema\/logo\/image\/","url":"https:\/\/www.amerinet-gpo.com\/wp-content\/uploads\/2024\/03\/extendify-demo-logo.png","contentUrl":"https:\/\/www.amerinet-gpo.com\/wp-content\/uploads\/2024\/03\/extendify-demo-logo.png","width":96,"height":97,"caption":"Amerinet GPO"},"image":{"@id":"https:\/\/www.amerinet-gpo.com\/#\/schema\/logo\/image\/"}}]}},"_links":{"self":[{"href":"https:\/\/www.amerinet-gpo.com\/fr\/wp-json\/wp\/v2\/product\/7247","targetHints":{"allow":["GET"]}}],"collection":[{"href":"https:\/\/www.amerinet-gpo.com\/fr\/wp-json\/wp\/v2\/product"}],"about":[{"href":"https:\/\/www.amerinet-gpo.com\/fr\/wp-json\/wp\/v2\/types\/product"}],"version-history":[{"count":2,"href":"https:\/\/www.amerinet-gpo.com\/fr\/wp-json\/wp\/v2\/product\/7247\/revisions"}],"predecessor-version":[{"id":10192,"href":"https:\/\/www.amerinet-gpo.com\/fr\/wp-json\/wp\/v2\/product\/7247\/revisions\/10192"}],"wp:featuredmedia":[{"embeddable":true,"href":"https:\/\/www.amerinet-gpo.com\/fr\/wp-json\/wp\/v2\/media\/6343"}],"wp:attachment":[{"href":"https:\/\/www.amerinet-gpo.com\/fr\/wp-json\/wp\/v2\/media?parent=7247"}],"wp:term":[{"taxonomy":"product_cat","embeddable":true,"href":"https:\/\/www.amerinet-gpo.com\/fr\/wp-json\/wp\/v2\/product_cat?post=7247"},{"taxonomy":"product_tag","embeddable":true,"href":"https:\/\/www.amerinet-gpo.com\/fr\/wp-json\/wp\/v2\/product_tag?post=7247"}],"curies":[{"name":"wp","href":"https:\/\/api.w.org\/{rel}","templated":true}]}}