{"id":7140,"date":"2024-03-29T07:02:13","date_gmt":"2024-03-29T07:02:13","guid":{"rendered":"https:\/\/www.amerinet-gpo.com\/shop\/revolax-profond\/"},"modified":"2024-03-29T07:02:13","modified_gmt":"2024-03-29T07:02:13","slug":"revolax-profond","status":"publish","type":"product","link":"https:\/\/www.amerinet-gpo.com\/fr\/produit\/revolax-profond\/","title":{"rendered":"Revolax profond"},"content":{"rendered":"<div class=\"flex-1 overflow-hidden\">\n<div class=\"react-scroll-to-bottom--css-ibbwo-79elbk h-full\">\n<div class=\"react-scroll-to-bottom--css-ibbwo-1n7m0yu\">\n<div class=\"flex flex-col text-sm pb-9\">\n<div class=\"w-full text-token-text-primary\" data-testid=\"conversation-turn-27\">\n<div class=\"px-4 py-2 justify-center text-base md:gap-6 m-auto\">\n<div class=\"flex flex-1 text-base mx-auto gap-3 md:px-5 lg:px-1 xl:px-5 md:max-w-3xl lg:max-w-[40rem] xl:max-w-[48rem] group final-completion\">\n<div class=\"relative flex w-full flex-col agent-turn\">\n<div class=\"flex-col gap-1 md:gap-3\">\n<div class=\"flex flex-grow flex-col max-w-full\">\n<div class=\"min-h-[20px] text-message flex flex-col items-start gap-3 whitespace-pre-wrap break-words [.text-message+&amp;]:mt-5 overflow-x-auto\" data-message-author-role=\"assistant\" data-message-id=\"4c3b9f14-f943-4d3a-858f-9d3d49aeca3e\">\n<div class=\"markdown prose w-full break-words dark:prose-invert dark\">\n<p><strong>Description :<\/strong> Revolax Deep est un produit de comblement dermique de premi\u00e8re qualit\u00e9 con\u00e7u pour restaurer le volume et lisser les rides et les plis profonds. Gr\u00e2ce \u00e0 sa formule avanc\u00e9e d&rsquo;acide hyaluronique r\u00e9ticul\u00e9, Revolax Deep offre des r\u00e9sultats durables pour le modelage et l&rsquo;augmentation du visage. Faites confiance \u00e0 Revolax Deep pour des am\u00e9liorations d&rsquo;aspect naturel et une peau rajeunie.<\/p>\n<p><strong>Caract\u00e9ristiques principales :<\/strong><\/p>\n<ol>\n<li><strong>Correction des rides profondes :<\/strong> Sp\u00e9cifiquement formul\u00e9 pour traiter les rides et les plis profonds, Revolax Deep redonne du volume et de l&rsquo;\u00e9lasticit\u00e9 \u00e0 la peau, ce qui lui conf\u00e8re une apparence plus lisse et plus jeune.<\/li>\n<li><strong>Acide hyaluronique r\u00e9ticul\u00e9 :<\/strong> Gr\u00e2ce \u00e0 sa technologie avanc\u00e9e de r\u00e9ticulation, Revolax Deep garantit une long\u00e9vit\u00e9 et une stabilit\u00e9 optimales, offrant des r\u00e9sultats durables pour l&rsquo;augmentation faciale.<\/li>\n<li><strong>Des r\u00e9sultats d&rsquo;apparence naturelle :<\/strong> Revolax Deep offre des r\u00e9sultats d&rsquo;apparence naturelle, s&rsquo;int\u00e9grant parfaitement \u00e0 la structure de la peau pour am\u00e9liorer les contours et la d\u00e9finition du visage.<\/li>\n<li><strong>Haute visco\u00e9lasticit\u00e9 :<\/strong> Dot\u00e9 d&rsquo;une visco\u00e9lasticit\u00e9 \u00e9lev\u00e9e, Revolax Deep offre un excellent support tissulaire et d&rsquo;excellentes capacit\u00e9s de moulage, permettant des techniques d&rsquo;injection pr\u00e9cises et contr\u00f4l\u00e9es.<\/li>\n<li><strong>Application polyvalente :<\/strong> Adapt\u00e9 \u00e0 diverses zones du visage, y compris les sillons nasog\u00e9niens, les lignes de marionnettes et les joues, Revolax Deep offre des solutions polyvalentes pour le rajeunissement et l&rsquo;am\u00e9lioration du visage.<\/li>\n<\/ol>\n<p><strong>Avantages :<\/strong><\/p>\n<ul>\n<li><strong>Effets durables :<\/strong> B\u00e9n\u00e9ficiez de r\u00e9sultats durables avec Revolax Deep, qui offre un volume soutenu et une correction des rides pendant 12 \u00e0 18 mois.<\/li>\n<li><strong>Am\u00e9lioration des contours du visage :<\/strong> Revolax Deep permet d&rsquo;am\u00e9liorer les contours et la d\u00e9finition du visage en redonnant \u00e0 la peau toute sa pl\u00e9nitude et sa vitalit\u00e9.<\/li>\n<li><strong>Peu invasif :<\/strong> En tant que traitement peu invasif, Revolax Deep offre une solution non chirurgicale pour le rajeunissement du visage avec un minimum de temps d&rsquo;arr\u00eat et d&rsquo;inconfort.<\/li>\n<li><strong>Satisfaction des patients :<\/strong> Soutenu par des taux \u00e9lev\u00e9s de satisfaction des patients, Revolax Deep est reconnu par les praticiens et les patients pour sa s\u00e9curit\u00e9, son efficacit\u00e9 et ses r\u00e9sultats d&rsquo;apparence naturelle.<\/li>\n<\/ul>\n<p><strong>Instructions d&rsquo;utilisation :<\/strong><\/p>\n<ol>\n<li><strong>Consultation :<\/strong> Planifiez une consultation avec un prestataire de soins de sant\u00e9 qualifi\u00e9 afin d&rsquo;\u00e9valuer la pertinence de Revolax Deep et de discuter des objectifs du traitement.<\/li>\n<li><strong>Technique d&rsquo;injection :<\/strong> Administrer Revolax Deep \u00e0 l&rsquo;aide d&rsquo;une technique d&rsquo;injection pr\u00e9cise, ciblant les zones sp\u00e9cifiques concern\u00e9es tout en assurant une distribution uniforme et des r\u00e9sultats d&rsquo;apparence naturelle.<\/li>\n<li><strong>Soins post-traitement :<\/strong> Conseillez aux patients de suivre les instructions de soins post-traitement, notamment d&rsquo;\u00e9viter les activit\u00e9s intenses et d&rsquo;appliquer des compresses froides pour minimiser le gonflement et l&rsquo;inconfort.<\/li>\n<\/ol>\n<p><strong>Faites l&rsquo;exp\u00e9rience d&rsquo;un rajeunissement de la jeunesse :<\/strong> Red\u00e9couvrez un teint jeune et des contours du visage am\u00e9lior\u00e9s gr\u00e2ce \u00e0 Revolax Deep. Faites confiance \u00e0 sa formule avanc\u00e9e et \u00e0 ses r\u00e9sultats durables pour des am\u00e9liorations d&rsquo;aspect naturel et une confiance renouvel\u00e9e. Dites bonjour \u00e0 une peau plus lisse et plus pulpeuse gr\u00e2ce \u00e0 Revolax Deep.<\/p>\n<\/div>\n<\/div>\n<\/div>\n<\/div>\n<\/div>\n<\/div>\n<\/div>\n<\/div>\n<\/div>\n<\/div>\n<\/div>\n<\/div>\n","protected":false},"excerpt":{"rendered":"<div class=\"flex-1 overflow-hidden\">\n<div class=\"react-scroll-to-bottom--css-ibbwo-79elbk h-full\">\n<div class=\"react-scroll-to-bottom--css-ibbwo-1n7m0yu\">\n<div class=\"flex flex-col text-sm pb-9\">\n<div class=\"w-full text-token-text-primary\" data-testid=\"conversation-turn-29\">\n<div class=\"px-4 py-2 justify-center text-base md:gap-6 m-auto\">\n<div class=\"flex flex-1 text-base mx-auto gap-3 md:px-5 lg:px-1 xl:px-5 md:max-w-3xl lg:max-w-[40rem] xl:max-w-[48rem] group final-completion\">\n<div class=\"relative flex w-full flex-col agent-turn\">\n<div class=\"flex-col gap-1 md:gap-3\">\n<div class=\"flex flex-grow flex-col max-w-full\">\n<div class=\"min-h-[20px] text-message flex flex-col items-start gap-3 whitespace-pre-wrap break-words [.text-message+&amp;]:mt-5 overflow-x-auto\" data-message-author-role=\"assistant\" data-message-id=\"df4f0ea7-1330-4f65-abc6-bd7f591e39da\">\n<div class=\"markdown prose w-full break-words dark:prose-invert dark\">\n<p>Revolax Deep : Faites l&rsquo;exp\u00e9rience d&rsquo;une correction avanc\u00e9e des rides et d&rsquo;une volumisation du visage avec Revolax Deep. Ce produit de comblement dermique de premi\u00e8re qualit\u00e9 offre des r\u00e9sultats durables, redonnant volume et douceur aux rides et plis profonds. Avec Revolax Deep, vous obtenez un rajeunissement du visage d&rsquo;apparence naturelle et des contours am\u00e9lior\u00e9s, pour une confiance et une vitalit\u00e9 renouvel\u00e9es.<\/p>\n<\/div>\n<\/div>\n<\/div>\n<\/div>\n<\/div>\n<\/div>\n<\/div>\n<\/div>\n<\/div>\n<\/div>\n<\/div>\n<\/div>\n","protected":false},"featured_media":6358,"template":"","meta":[],"product_cat":[140],"product_tag":[],"class_list":{"0":"post-7140","1":"product","2":"type-product","3":"status-publish","4":"has-post-thumbnail","6":"product_cat-produits-de-comblement-dermique","8":"first","9":"instock","10":"shipping-taxable","11":"purchasable","12":"product-type-simple"},"yoast_head":"<!-- This site is optimized with the Yoast SEO plugin v27.5 - https:\/\/yoast.com\/product\/yoast-seo-wordpress\/ -->\n<title>Acheter Revolax profond, Buy Revolax profond en ligne - fournisseur de produits injectables Amerinet GPO<\/title>\n<meta name=\"robots\" content=\"index, follow, max-snippet:-1, max-image-preview:large, max-video-preview:-1\" \/>\n<link rel=\"canonical\" href=\"https:\/\/www.amerinet-gpo.com\/fr\/produit\/revolax-profond\/\" \/>\n<meta property=\"og:locale\" content=\"fr_FR\" \/>\n<meta property=\"og:type\" content=\"article\" \/>\n<meta property=\"og:title\" content=\"Acheter Revolax profond, Buy Revolax profond en ligne - fournisseur de produits injectables Amerinet GPO\" \/>\n<meta property=\"og:description\" content=\"Revolax Deep : Faites l&#039;exp\u00e9rience d&#039;une correction avanc\u00e9e des rides et d&#039;une volumisation du visage avec Revolax Deep. Ce produit de comblement dermique de premi\u00e8re qualit\u00e9 offre des r\u00e9sultats durables, redonnant volume et douceur aux rides et plis profonds. Avec Revolax Deep, vous obtenez un rajeunissement du visage d&#039;apparence naturelle et des contours am\u00e9lior\u00e9s, pour une confiance et une vitalit\u00e9 renouvel\u00e9es.\" \/>\n<meta property=\"og:url\" content=\"https:\/\/www.amerinet-gpo.com\/fr\/produit\/revolax-profond\/\" \/>\n<meta property=\"og:site_name\" content=\"Amerinet GPO\" \/>\n<meta property=\"og:image\" content=\"https:\/\/www.amerinet-gpo.com\/wp-content\/uploads\/2024\/03\/revolax-deep-lido-1x11ml.jpg\" \/>\n\t<meta property=\"og:image:width\" content=\"455\" \/>\n\t<meta property=\"og:image:height\" content=\"455\" \/>\n\t<meta property=\"og:image:type\" content=\"image\/jpeg\" \/>\n<meta name=\"twitter:card\" content=\"summary_large_image\" \/>\n<meta name=\"twitter:label1\" content=\"Dur\u00e9e de lecture estim\u00e9e\" \/>\n\t<meta name=\"twitter:data1\" content=\"3 minutes\" \/>\n<script type=\"application\/ld+json\" class=\"yoast-schema-graph\">{\"@context\":\"https:\\\/\\\/schema.org\",\"@graph\":[{\"@type\":\"WebPage\",\"@id\":\"https:\\\/\\\/www.amerinet-gpo.com\\\/fr\\\/produit\\\/revolax-profond\\\/\",\"url\":\"https:\\\/\\\/www.amerinet-gpo.com\\\/fr\\\/produit\\\/revolax-profond\\\/\",\"name\":\"Acheter Revolax profond, Buy Revolax profond en ligne - fournisseur de produits injectables Amerinet GPO\",\"isPartOf\":{\"@id\":\"https:\\\/\\\/www.amerinet-gpo.com\\\/#website\"},\"primaryImageOfPage\":{\"@id\":\"https:\\\/\\\/www.amerinet-gpo.com\\\/fr\\\/produit\\\/revolax-profond\\\/#primaryimage\"},\"image\":{\"@id\":\"https:\\\/\\\/www.amerinet-gpo.com\\\/fr\\\/produit\\\/revolax-profond\\\/#primaryimage\"},\"thumbnailUrl\":\"https:\\\/\\\/www.amerinet-gpo.com\\\/wp-content\\\/uploads\\\/2024\\\/03\\\/revolax-deep-lido-1x11ml.jpg\",\"datePublished\":\"2024-03-29T07:02:13+00:00\",\"breadcrumb\":{\"@id\":\"https:\\\/\\\/www.amerinet-gpo.com\\\/fr\\\/produit\\\/revolax-profond\\\/#breadcrumb\"},\"inLanguage\":\"fr-FR\",\"potentialAction\":[{\"@type\":\"ReadAction\",\"target\":[\"https:\\\/\\\/www.amerinet-gpo.com\\\/fr\\\/produit\\\/revolax-profond\\\/\"]}]},{\"@type\":\"ImageObject\",\"inLanguage\":\"fr-FR\",\"@id\":\"https:\\\/\\\/www.amerinet-gpo.com\\\/fr\\\/produit\\\/revolax-profond\\\/#primaryimage\",\"url\":\"https:\\\/\\\/www.amerinet-gpo.com\\\/wp-content\\\/uploads\\\/2024\\\/03\\\/revolax-deep-lido-1x11ml.jpg\",\"contentUrl\":\"https:\\\/\\\/www.amerinet-gpo.com\\\/wp-content\\\/uploads\\\/2024\\\/03\\\/revolax-deep-lido-1x11ml.jpg\",\"width\":455,\"height\":455},{\"@type\":\"BreadcrumbList\",\"@id\":\"https:\\\/\\\/www.amerinet-gpo.com\\\/fr\\\/produit\\\/revolax-profond\\\/#breadcrumb\",\"itemListElement\":[{\"@type\":\"ListItem\",\"position\":1,\"name\":\"Home\",\"item\":\"https:\\\/\\\/www.amerinet-gpo.com\\\/fr\\\/maison-de-marque\\\/\"},{\"@type\":\"ListItem\",\"position\":2,\"name\":\"Shop\",\"item\":\"https:\\\/\\\/www.amerinet-gpo.com\\\/es\\\/shop\\\/\"},{\"@type\":\"ListItem\",\"position\":3,\"name\":\"Revolax profond\"}]},{\"@type\":\"WebSite\",\"@id\":\"https:\\\/\\\/www.amerinet-gpo.com\\\/#website\",\"url\":\"https:\\\/\\\/www.amerinet-gpo.com\\\/\",\"name\":\"Amerinet GPO\",\"description\":\"Bienvenue sur Amerinet GPO, le commerce \u00e9lectronique de produits injectables pour la m\u00e9decine esth\u00e9tique dont le botox et les produits de comblement cutan\u00e9\",\"publisher\":{\"@id\":\"https:\\\/\\\/www.amerinet-gpo.com\\\/#organization\"},\"potentialAction\":[{\"@type\":\"SearchAction\",\"target\":{\"@type\":\"EntryPoint\",\"urlTemplate\":\"https:\\\/\\\/www.amerinet-gpo.com\\\/?s={search_term_string}\"},\"query-input\":{\"@type\":\"PropertyValueSpecification\",\"valueRequired\":true,\"valueName\":\"search_term_string\"}}],\"inLanguage\":\"fr-FR\"},{\"@type\":\"Organization\",\"@id\":\"https:\\\/\\\/www.amerinet-gpo.com\\\/#organization\",\"name\":\"Amerinet GPO\",\"url\":\"https:\\\/\\\/www.amerinet-gpo.com\\\/\",\"logo\":{\"@type\":\"ImageObject\",\"inLanguage\":\"fr-FR\",\"@id\":\"https:\\\/\\\/www.amerinet-gpo.com\\\/#\\\/schema\\\/logo\\\/image\\\/\",\"url\":\"https:\\\/\\\/www.amerinet-gpo.com\\\/wp-content\\\/uploads\\\/2024\\\/03\\\/extendify-demo-logo.png\",\"contentUrl\":\"https:\\\/\\\/www.amerinet-gpo.com\\\/wp-content\\\/uploads\\\/2024\\\/03\\\/extendify-demo-logo.png\",\"width\":96,\"height\":97,\"caption\":\"Amerinet GPO\"},\"image\":{\"@id\":\"https:\\\/\\\/www.amerinet-gpo.com\\\/#\\\/schema\\\/logo\\\/image\\\/\"}}]}<\/script>\n<!-- \/ Yoast SEO plugin. -->","yoast_head_json":{"title":"Acheter Revolax profond, Buy Revolax profond en ligne - fournisseur de produits injectables Amerinet GPO","robots":{"index":"index","follow":"follow","max-snippet":"max-snippet:-1","max-image-preview":"max-image-preview:large","max-video-preview":"max-video-preview:-1"},"canonical":"https:\/\/www.amerinet-gpo.com\/fr\/produit\/revolax-profond\/","og_locale":"fr_FR","og_type":"article","og_title":"Acheter Revolax profond, Buy Revolax profond en ligne - fournisseur de produits injectables Amerinet GPO","og_description":"Revolax Deep : Faites l'exp\u00e9rience d'une correction avanc\u00e9e des rides et d'une volumisation du visage avec Revolax Deep. Ce produit de comblement dermique de premi\u00e8re qualit\u00e9 offre des r\u00e9sultats durables, redonnant volume et douceur aux rides et plis profonds. Avec Revolax Deep, vous obtenez un rajeunissement du visage d'apparence naturelle et des contours am\u00e9lior\u00e9s, pour une confiance et une vitalit\u00e9 renouvel\u00e9es.","og_url":"https:\/\/www.amerinet-gpo.com\/fr\/produit\/revolax-profond\/","og_site_name":"Amerinet GPO","og_image":[{"width":455,"height":455,"url":"https:\/\/www.amerinet-gpo.com\/wp-content\/uploads\/2024\/03\/revolax-deep-lido-1x11ml.jpg","type":"image\/jpeg"}],"twitter_card":"summary_large_image","twitter_misc":{"Dur\u00e9e de lecture estim\u00e9e":"3 minutes"},"schema":{"@context":"https:\/\/schema.org","@graph":[{"@type":"WebPage","@id":"https:\/\/www.amerinet-gpo.com\/fr\/produit\/revolax-profond\/","url":"https:\/\/www.amerinet-gpo.com\/fr\/produit\/revolax-profond\/","name":"Acheter Revolax profond, Buy Revolax profond en ligne - fournisseur de produits injectables Amerinet GPO","isPartOf":{"@id":"https:\/\/www.amerinet-gpo.com\/#website"},"primaryImageOfPage":{"@id":"https:\/\/www.amerinet-gpo.com\/fr\/produit\/revolax-profond\/#primaryimage"},"image":{"@id":"https:\/\/www.amerinet-gpo.com\/fr\/produit\/revolax-profond\/#primaryimage"},"thumbnailUrl":"https:\/\/www.amerinet-gpo.com\/wp-content\/uploads\/2024\/03\/revolax-deep-lido-1x11ml.jpg","datePublished":"2024-03-29T07:02:13+00:00","breadcrumb":{"@id":"https:\/\/www.amerinet-gpo.com\/fr\/produit\/revolax-profond\/#breadcrumb"},"inLanguage":"fr-FR","potentialAction":[{"@type":"ReadAction","target":["https:\/\/www.amerinet-gpo.com\/fr\/produit\/revolax-profond\/"]}]},{"@type":"ImageObject","inLanguage":"fr-FR","@id":"https:\/\/www.amerinet-gpo.com\/fr\/produit\/revolax-profond\/#primaryimage","url":"https:\/\/www.amerinet-gpo.com\/wp-content\/uploads\/2024\/03\/revolax-deep-lido-1x11ml.jpg","contentUrl":"https:\/\/www.amerinet-gpo.com\/wp-content\/uploads\/2024\/03\/revolax-deep-lido-1x11ml.jpg","width":455,"height":455},{"@type":"BreadcrumbList","@id":"https:\/\/www.amerinet-gpo.com\/fr\/produit\/revolax-profond\/#breadcrumb","itemListElement":[{"@type":"ListItem","position":1,"name":"Home","item":"https:\/\/www.amerinet-gpo.com\/fr\/maison-de-marque\/"},{"@type":"ListItem","position":2,"name":"Shop","item":"https:\/\/www.amerinet-gpo.com\/es\/shop\/"},{"@type":"ListItem","position":3,"name":"Revolax profond"}]},{"@type":"WebSite","@id":"https:\/\/www.amerinet-gpo.com\/#website","url":"https:\/\/www.amerinet-gpo.com\/","name":"Amerinet GPO","description":"Bienvenue sur Amerinet GPO, le commerce \u00e9lectronique de produits injectables pour la m\u00e9decine esth\u00e9tique dont le botox et les produits de comblement cutan\u00e9","publisher":{"@id":"https:\/\/www.amerinet-gpo.com\/#organization"},"potentialAction":[{"@type":"SearchAction","target":{"@type":"EntryPoint","urlTemplate":"https:\/\/www.amerinet-gpo.com\/?s={search_term_string}"},"query-input":{"@type":"PropertyValueSpecification","valueRequired":true,"valueName":"search_term_string"}}],"inLanguage":"fr-FR"},{"@type":"Organization","@id":"https:\/\/www.amerinet-gpo.com\/#organization","name":"Amerinet GPO","url":"https:\/\/www.amerinet-gpo.com\/","logo":{"@type":"ImageObject","inLanguage":"fr-FR","@id":"https:\/\/www.amerinet-gpo.com\/#\/schema\/logo\/image\/","url":"https:\/\/www.amerinet-gpo.com\/wp-content\/uploads\/2024\/03\/extendify-demo-logo.png","contentUrl":"https:\/\/www.amerinet-gpo.com\/wp-content\/uploads\/2024\/03\/extendify-demo-logo.png","width":96,"height":97,"caption":"Amerinet GPO"},"image":{"@id":"https:\/\/www.amerinet-gpo.com\/#\/schema\/logo\/image\/"}}]}},"_links":{"self":[{"href":"https:\/\/www.amerinet-gpo.com\/fr\/wp-json\/wp\/v2\/product\/7140","targetHints":{"allow":["GET"]}}],"collection":[{"href":"https:\/\/www.amerinet-gpo.com\/fr\/wp-json\/wp\/v2\/product"}],"about":[{"href":"https:\/\/www.amerinet-gpo.com\/fr\/wp-json\/wp\/v2\/types\/product"}],"version-history":[{"count":0,"href":"https:\/\/www.amerinet-gpo.com\/fr\/wp-json\/wp\/v2\/product\/7140\/revisions"}],"wp:featuredmedia":[{"embeddable":true,"href":"https:\/\/www.amerinet-gpo.com\/fr\/wp-json\/wp\/v2\/media\/6358"}],"wp:attachment":[{"href":"https:\/\/www.amerinet-gpo.com\/fr\/wp-json\/wp\/v2\/media?parent=7140"}],"wp:term":[{"taxonomy":"product_cat","embeddable":true,"href":"https:\/\/www.amerinet-gpo.com\/fr\/wp-json\/wp\/v2\/product_cat?post=7140"},{"taxonomy":"product_tag","embeddable":true,"href":"https:\/\/www.amerinet-gpo.com\/fr\/wp-json\/wp\/v2\/product_tag?post=7140"}],"curies":[{"name":"wp","href":"https:\/\/api.w.org\/{rel}","templated":true}]}}