{"id":8691,"date":"2020-10-18T12:34:13","date_gmt":"2020-10-18T12:34:13","guid":{"rendered":"https:\/\/www.amerinet-gpo.com\/privacy-policy\/"},"modified":"2025-11-05T13:20:17","modified_gmt":"2025-11-05T13:20:17","slug":"politique-de-confidentialite-2","status":"publish","type":"page","link":"https:\/\/www.amerinet-gpo.com\/fr\/politique-de-confidentialite-2\/","title":{"rendered":"Politique de confidentialit\u00e9"},"content":{"rendered":"\t\t<div data-elementor-type=\"wp-page\" data-elementor-id=\"8691\" class=\"elementor elementor-8691 elementor-8689\">\n\t\t\t\t<div class=\"elementor-element elementor-element-6772b54 e-flex e-con-boxed e-con e-parent\" data-id=\"6772b54\" data-element_type=\"container\" data-e-type=\"container\">\n\t\t\t\t\t<div class=\"e-con-inner\">\n\t\t\t\t<div class=\"elementor-element elementor-element-48ef938 elementor-widget elementor-widget-text-editor\" data-id=\"48ef938\" data-element_type=\"widget\" data-e-type=\"widget\" data-widget_type=\"text-editor.default\">\n\t\t\t\t<div class=\"elementor-widget-container\">\n\t\t\t\t\t\t\t\t\t<p>Cette Politique de Confidentialit\u00e9 (la \u00ab <b>Politique<\/b> \u00bb) s&rsquo;applique \u00e0 <b>Amerinet-GPO<\/b>. Le site <code>www.amerinet-gpo.com<\/code> (le \u00ab <b>Site<\/b> \u00bb) est la propri\u00e9t\u00e9 d&rsquo;<b>Amerinet-GPO LLC<\/b>. <b>VEUILLEZ LIRE ATTENTIVEMENT LA POLITIQUE SUIVANTE.<\/b> Votre acc\u00e8s et votre utilisation continus du Site seront consid\u00e9r\u00e9s comme une acceptation inconditionnelle de la Politique.<\/p><p>Amerinet-GPO se r\u00e9serve le droit de changer, modifier, ajouter ou supprimer des parties de cette Politique, \u00e0 tout moment. Il est de votre responsabilit\u00e9 de v\u00e9rifier p\u00e9riodiquement cette Politique pour les changements. Votre utilisation continue du Site apr\u00e8s la publication des changements signifiera que vous acceptez et consentez aux changements.<\/p><p>\u00a0<\/p><h3>1. Notre Engagement et Notre Responsabilit\u00e9<\/h3><p>\u00a0<\/p><p><b>Amerinet-GPO<\/b> s&rsquo;engage profond\u00e9ment \u00e0 pr\u00e9server les int\u00e9r\u00eats de confidentialit\u00e9 de nos clients professionnels afin de permettre la cr\u00e9ation et le maintien d&rsquo;un compte client et l&rsquo;ex\u00e9cution des commandes de produits ou de services. Nous avons \u00e9tabli cette Politique pour d\u00e9finir les principes que nous suivons dans le traitement des informations personnelles des clients, collect\u00e9es sur le Site ou directement par Amerinet-GPO. En tant qu&rsquo;entreprise responsable fournissant des dispositifs m\u00e9dicaux esth\u00e9tiques, nous comprenons la n\u00e9cessit\u00e9 absolue de maintenir les informations des clients hautement privil\u00e9gi\u00e9es. La Politique \u00e9nonc\u00e9e ici d\u00e9taille la proc\u00e9dure et les processus que nous suivons pour atteindre cette confidentialit\u00e9 de vos donn\u00e9es.<\/p><p>\u00a0<\/p><h3>2. But et Type d&rsquo;Informations Collect\u00e9es<\/h3><p>\u00a0<\/p><p>Amerinet-GPO collecte des informations personnelles aupr\u00e8s des clients, telles que votre <b>nom, adresse, adresse e-mail, num\u00e9ro de t\u00e9l\u00e9phone, num\u00e9ro de fax et num\u00e9ro de licence professionnelle<\/b>, pour enregistrer un compte B2B.<\/p><p>Afin de fournir les produits et\/ou services demand\u00e9s, ainsi que de faciliter l&rsquo;ex\u00e9cution des commandes des clients et le traitement des paiements, nous collecterons des informations suppl\u00e9mentaires telles que les <b>d\u00e9tails de carte de cr\u00e9dit et les informations de facturation<\/b>.<\/p><p>Dans le cadre de l&rsquo;utilisation du Site, nous pouvons \u00e9galement collecter certaines informations par l&rsquo;utilisation de <b>cookies<\/b>, ce qui am\u00e9liore votre capacit\u00e9 \u00e0 utiliser le Site. Si vous souhaitez d\u00e9sactiver l&rsquo;utilisation des cookies, ajustez simplement les param\u00e8tres de votre navigateur web en cons\u00e9quence.<\/p><p>\u00a0<\/p><h3>3. Consentement et Responsabilit\u00e9 du Client<\/h3><p>\u00a0<\/p><p>Le client est responsable de fournir des <b>informations correctes et uniquement ad\u00e9quates<\/b> pour le service demand\u00e9. Chaque fois que des informations personnelles sont fournies, le client doit s&rsquo;assurer que les informations transmises sont utilis\u00e9es uniquement aux fins d\u00e9clar\u00e9es et sont gard\u00e9es confidentielles.<\/p><p>Lorsque le client transmet des informations personnelles \u00e0 Amerinet-GPO, cela implique que le client nous a donn\u00e9 son <b>consentement explicite<\/b> pour le stockage et l&rsquo;utilisation des informations aux fins pr\u00e9vues, telles qu&rsquo;\u00e9nonc\u00e9es dans cette Politique.<\/p><p>\u00a0<\/p><h3>4. Utilisation et Divulgation des Informations<\/h3><p>\u00a0<\/p><p>Les informations recueillies aupr\u00e8s du client sont utilis\u00e9es principalement dans le but de fournir des <b>produits et services m\u00e9dicaux et professionnels<\/b>, ce qui constitue notre activit\u00e9 principale.<\/p><p>Nous pouvons \u00e9galement utiliser une partie des informations collect\u00e9es pour am\u00e9liorer nos op\u00e9rations internes. Les informations d\u00e9riv\u00e9es g\u00e9n\u00e9r\u00e9es \u00e0 partir des donn\u00e9es individuelles peuvent \u00eatre copi\u00e9es, imprim\u00e9es, transmises et distribu\u00e9es par nous <b>sans compromettre la confidentialit\u00e9 individuelle.<\/b><\/p><p>Amerinet-GPO <b>ne divulguera ni n&rsquo;utilisera les informations personnelles \u00e0 des fins autres<\/b> que celles pour lesquelles elles ont \u00e9t\u00e9 collect\u00e9es, sauf avec le <b>consentement du client<\/b>, ou tel qu&rsquo;autrement d\u00e9crit dans cette Politique ou <b>si la loi l&rsquo;exige<\/b>. Vous pouvez nous contacter si vous souhaitez annuler votre compte ou demander que nous n&rsquo;utilisions plus vos informations pour vous fournir des services. Les informations personnelles du client seront conserv\u00e9es aussi longtemps que n\u00e9cessaire pour atteindre les objectifs pour lesquels elles ont \u00e9t\u00e9 collect\u00e9es, pour servir au mieux l&rsquo;int\u00e9r\u00eat du client et <b>aussi longtemps que n\u00e9cessaire pour nous conformer \u00e0 nos obligations l\u00e9gales, r\u00e9soudre des litiges et faire respecter nos accords.<\/b><\/p><p>\u00a0<\/p><h3>5. Collecte Limit\u00e9e (Principe de Minimisation)<\/h3><p>\u00a0<\/p><p>Amerinet-GPO ne collectera <b>que les informations personnelles strictement n\u00e9cessaires<\/b> pour traiter les commandes des clients, y compris celles requises par des prestataires de services tiers tels qu&rsquo;une soci\u00e9t\u00e9 de transport pour ex\u00e9cuter les commandes, et une soci\u00e9t\u00e9 de traitement des cartes de cr\u00e9dit pour vous facturer des biens et services, ainsi que des professionnels de la sant\u00e9 pour nous aider \u00e0 ex\u00e9cuter vos commandes.<\/p><p>\u00a0<\/p><h3>6. S\u00e9curit\u00e9 et Protection des Donn\u00e9es<\/h3><p>\u00a0<\/p><p>Des <b>pr\u00e9cautions ad\u00e9quates<\/b> seront prises pour la s\u00e9curit\u00e9 des informations collect\u00e9es aupr\u00e8s des clients en termes de stockage, de r\u00e9cup\u00e9ration et d&rsquo;utilisation. Aucune personne non autoris\u00e9e ne sera autoris\u00e9e \u00e0 acc\u00e9der aux informations personnelles. <b>Nous ne fournissons aucune partie des informations personnelles \u00e0 des tiers sans votre consentement explicite.<\/b><\/p><p>\u00a0<\/p><h3>7. Stockage et Sauvegarde des Donn\u00e9es<\/h3><p>\u00a0<\/p><p>Les informations collect\u00e9es aupr\u00e8s d&rsquo;un client seront maintenues <b>\u00e0 jour et exactes<\/b> comme requis pour l&rsquo;objectif pr\u00e9vu. L&rsquo;entreprise s&rsquo;engage pleinement \u00e0 prot\u00e9ger les donn\u00e9es contre le <b>vol, l&rsquo;utilisation non autoris\u00e9e, la mise \u00e0 jour et les modifications, et la duplication.<\/b> Nous utilisons des protocoles de cryptage (tels que SSL) et des mesures de s\u00e9curit\u00e9 physiques et num\u00e9riques conformes aux normes de l&rsquo;industrie pour prot\u00e9ger vos informations.<\/p><p>\u00a0<\/p><h3>8. Transparence des Informations Stock\u00e9es<\/h3><p>\u00a0<\/p><p>Le client peut <b>demander \u00e0 tout moment<\/b> des informations sur ses donn\u00e9es personnelles d\u00e9tenues par Amerinet-GPO. Sur une telle demande, Amerinet-GPO mettra \u00e0 disposition les d\u00e9tails des informations d\u00e9tenues, les personnes autoris\u00e9es \u00e0 acc\u00e9der aux donn\u00e9es et le but pour lequel ces donn\u00e9es sont utilis\u00e9es, dans un <b>d\u00e9lai raisonnable<\/b>.<\/p>\t\t\t\t\t\t\t\t<\/div>\n\t\t\t\t<\/div>\n\t\t\t\t\t<\/div>\n\t\t\t\t<\/div>\n\t\t\t\t<\/div>\n\t\t","protected":false},"excerpt":{"rendered":"<p>Cette Politique de Confidentialit\u00e9 (la \u00ab Politique \u00bb) s&rsquo;applique \u00e0 Amerinet-GPO. Le site www.amerinet-gpo.com (le \u00ab Site \u00bb) est la propri\u00e9t\u00e9 d&rsquo;Amerinet-GPO&hellip;<\/p>\n","protected":false},"author":1,"featured_media":0,"parent":0,"menu_order":0,"comment_status":"closed","ping_status":"open","template":"","meta":{"footnotes":""},"class_list":["post-8691","page","type-page","status-publish","hentry"],"yoast_head":"<!-- This site is optimized with the Yoast SEO plugin v27.5 - https:\/\/yoast.com\/product\/yoast-seo-wordpress\/ -->\n<title>Politique de confidentialit\u00e9 - Amerinet GPO<\/title>\n<meta name=\"robots\" content=\"index, follow, max-snippet:-1, max-image-preview:large, max-video-preview:-1\" \/>\n<link rel=\"canonical\" href=\"https:\/\/www.amerinet-gpo.com\/fr\/politique-de-confidentialite-2\/\" \/>\n<meta property=\"og:locale\" content=\"fr_FR\" \/>\n<meta property=\"og:type\" content=\"article\" \/>\n<meta property=\"og:title\" content=\"Politique de confidentialit\u00e9 - Amerinet GPO\" \/>\n<meta property=\"og:description\" content=\"Cette Politique de Confidentialit\u00e9 (la \u00ab Politique \u00bb) s&rsquo;applique \u00e0 Amerinet-GPO. Le site www.amerinet-gpo.com (le \u00ab Site \u00bb) est la propri\u00e9t\u00e9 d&rsquo;Amerinet-GPO&hellip;\" \/>\n<meta property=\"og:url\" content=\"https:\/\/www.amerinet-gpo.com\/fr\/politique-de-confidentialite-2\/\" \/>\n<meta property=\"og:site_name\" content=\"Amerinet GPO\" \/>\n<meta property=\"article:modified_time\" content=\"2025-11-05T13:20:17+00:00\" \/>\n<meta name=\"twitter:card\" content=\"summary_large_image\" \/>\n<meta name=\"twitter:label1\" content=\"Dur\u00e9e de lecture estim\u00e9e\" \/>\n\t<meta name=\"twitter:data1\" content=\"4 minutes\" \/>\n<script type=\"application\/ld+json\" class=\"yoast-schema-graph\">{\"@context\":\"https:\\\/\\\/schema.org\",\"@graph\":[{\"@type\":\"WebPage\",\"@id\":\"https:\\\/\\\/www.amerinet-gpo.com\\\/fr\\\/politique-de-confidentialite-2\\\/\",\"url\":\"https:\\\/\\\/www.amerinet-gpo.com\\\/fr\\\/politique-de-confidentialite-2\\\/\",\"name\":\"Politique de confidentialit\u00e9 - Amerinet GPO\",\"isPartOf\":{\"@id\":\"https:\\\/\\\/www.amerinet-gpo.com\\\/#website\"},\"datePublished\":\"2020-10-18T12:34:13+00:00\",\"dateModified\":\"2025-11-05T13:20:17+00:00\",\"breadcrumb\":{\"@id\":\"https:\\\/\\\/www.amerinet-gpo.com\\\/fr\\\/politique-de-confidentialite-2\\\/#breadcrumb\"},\"inLanguage\":\"fr-FR\",\"potentialAction\":[{\"@type\":\"ReadAction\",\"target\":[\"https:\\\/\\\/www.amerinet-gpo.com\\\/fr\\\/politique-de-confidentialite-2\\\/\"]}]},{\"@type\":\"BreadcrumbList\",\"@id\":\"https:\\\/\\\/www.amerinet-gpo.com\\\/fr\\\/politique-de-confidentialite-2\\\/#breadcrumb\",\"itemListElement\":[{\"@type\":\"ListItem\",\"position\":1,\"name\":\"Home\",\"item\":\"https:\\\/\\\/www.amerinet-gpo.com\\\/fr\\\/maison-de-marque\\\/\"},{\"@type\":\"ListItem\",\"position\":2,\"name\":\"Politique de confidentialit\u00e9\"}]},{\"@type\":\"WebSite\",\"@id\":\"https:\\\/\\\/www.amerinet-gpo.com\\\/#website\",\"url\":\"https:\\\/\\\/www.amerinet-gpo.com\\\/\",\"name\":\"Amerinet GPO\",\"description\":\"Bienvenue sur Amerinet GPO, le commerce \u00e9lectronique de produits injectables pour la m\u00e9decine esth\u00e9tique dont le botox et les produits de comblement cutan\u00e9\",\"publisher\":{\"@id\":\"https:\\\/\\\/www.amerinet-gpo.com\\\/#organization\"},\"potentialAction\":[{\"@type\":\"SearchAction\",\"target\":{\"@type\":\"EntryPoint\",\"urlTemplate\":\"https:\\\/\\\/www.amerinet-gpo.com\\\/?s={search_term_string}\"},\"query-input\":{\"@type\":\"PropertyValueSpecification\",\"valueRequired\":true,\"valueName\":\"search_term_string\"}}],\"inLanguage\":\"fr-FR\"},{\"@type\":\"Organization\",\"@id\":\"https:\\\/\\\/www.amerinet-gpo.com\\\/#organization\",\"name\":\"Amerinet GPO\",\"url\":\"https:\\\/\\\/www.amerinet-gpo.com\\\/\",\"logo\":{\"@type\":\"ImageObject\",\"inLanguage\":\"fr-FR\",\"@id\":\"https:\\\/\\\/www.amerinet-gpo.com\\\/#\\\/schema\\\/logo\\\/image\\\/\",\"url\":\"https:\\\/\\\/www.amerinet-gpo.com\\\/wp-content\\\/uploads\\\/2024\\\/03\\\/extendify-demo-logo.png\",\"contentUrl\":\"https:\\\/\\\/www.amerinet-gpo.com\\\/wp-content\\\/uploads\\\/2024\\\/03\\\/extendify-demo-logo.png\",\"width\":96,\"height\":97,\"caption\":\"Amerinet GPO\"},\"image\":{\"@id\":\"https:\\\/\\\/www.amerinet-gpo.com\\\/#\\\/schema\\\/logo\\\/image\\\/\"}}]}<\/script>\n<!-- \/ Yoast SEO plugin. -->","yoast_head_json":{"title":"Politique de confidentialit\u00e9 - Amerinet GPO","robots":{"index":"index","follow":"follow","max-snippet":"max-snippet:-1","max-image-preview":"max-image-preview:large","max-video-preview":"max-video-preview:-1"},"canonical":"https:\/\/www.amerinet-gpo.com\/fr\/politique-de-confidentialite-2\/","og_locale":"fr_FR","og_type":"article","og_title":"Politique de confidentialit\u00e9 - Amerinet GPO","og_description":"Cette Politique de Confidentialit\u00e9 (la \u00ab Politique \u00bb) s&rsquo;applique \u00e0 Amerinet-GPO. Le site www.amerinet-gpo.com (le \u00ab Site \u00bb) est la propri\u00e9t\u00e9 d&rsquo;Amerinet-GPO&hellip;","og_url":"https:\/\/www.amerinet-gpo.com\/fr\/politique-de-confidentialite-2\/","og_site_name":"Amerinet GPO","article_modified_time":"2025-11-05T13:20:17+00:00","twitter_card":"summary_large_image","twitter_misc":{"Dur\u00e9e de lecture estim\u00e9e":"4 minutes"},"schema":{"@context":"https:\/\/schema.org","@graph":[{"@type":"WebPage","@id":"https:\/\/www.amerinet-gpo.com\/fr\/politique-de-confidentialite-2\/","url":"https:\/\/www.amerinet-gpo.com\/fr\/politique-de-confidentialite-2\/","name":"Politique de confidentialit\u00e9 - Amerinet GPO","isPartOf":{"@id":"https:\/\/www.amerinet-gpo.com\/#website"},"datePublished":"2020-10-18T12:34:13+00:00","dateModified":"2025-11-05T13:20:17+00:00","breadcrumb":{"@id":"https:\/\/www.amerinet-gpo.com\/fr\/politique-de-confidentialite-2\/#breadcrumb"},"inLanguage":"fr-FR","potentialAction":[{"@type":"ReadAction","target":["https:\/\/www.amerinet-gpo.com\/fr\/politique-de-confidentialite-2\/"]}]},{"@type":"BreadcrumbList","@id":"https:\/\/www.amerinet-gpo.com\/fr\/politique-de-confidentialite-2\/#breadcrumb","itemListElement":[{"@type":"ListItem","position":1,"name":"Home","item":"https:\/\/www.amerinet-gpo.com\/fr\/maison-de-marque\/"},{"@type":"ListItem","position":2,"name":"Politique de confidentialit\u00e9"}]},{"@type":"WebSite","@id":"https:\/\/www.amerinet-gpo.com\/#website","url":"https:\/\/www.amerinet-gpo.com\/","name":"Amerinet GPO","description":"Bienvenue sur Amerinet GPO, le commerce \u00e9lectronique de produits injectables pour la m\u00e9decine esth\u00e9tique dont le botox et les produits de comblement cutan\u00e9","publisher":{"@id":"https:\/\/www.amerinet-gpo.com\/#organization"},"potentialAction":[{"@type":"SearchAction","target":{"@type":"EntryPoint","urlTemplate":"https:\/\/www.amerinet-gpo.com\/?s={search_term_string}"},"query-input":{"@type":"PropertyValueSpecification","valueRequired":true,"valueName":"search_term_string"}}],"inLanguage":"fr-FR"},{"@type":"Organization","@id":"https:\/\/www.amerinet-gpo.com\/#organization","name":"Amerinet GPO","url":"https:\/\/www.amerinet-gpo.com\/","logo":{"@type":"ImageObject","inLanguage":"fr-FR","@id":"https:\/\/www.amerinet-gpo.com\/#\/schema\/logo\/image\/","url":"https:\/\/www.amerinet-gpo.com\/wp-content\/uploads\/2024\/03\/extendify-demo-logo.png","contentUrl":"https:\/\/www.amerinet-gpo.com\/wp-content\/uploads\/2024\/03\/extendify-demo-logo.png","width":96,"height":97,"caption":"Amerinet GPO"},"image":{"@id":"https:\/\/www.amerinet-gpo.com\/#\/schema\/logo\/image\/"}}]}},"_links":{"self":[{"href":"https:\/\/www.amerinet-gpo.com\/fr\/wp-json\/wp\/v2\/pages\/8691","targetHints":{"allow":["GET"]}}],"collection":[{"href":"https:\/\/www.amerinet-gpo.com\/fr\/wp-json\/wp\/v2\/pages"}],"about":[{"href":"https:\/\/www.amerinet-gpo.com\/fr\/wp-json\/wp\/v2\/types\/page"}],"author":[{"embeddable":true,"href":"https:\/\/www.amerinet-gpo.com\/fr\/wp-json\/wp\/v2\/users\/1"}],"replies":[{"embeddable":true,"href":"https:\/\/www.amerinet-gpo.com\/fr\/wp-json\/wp\/v2\/comments?post=8691"}],"version-history":[{"count":5,"href":"https:\/\/www.amerinet-gpo.com\/fr\/wp-json\/wp\/v2\/pages\/8691\/revisions"}],"predecessor-version":[{"id":8723,"href":"https:\/\/www.amerinet-gpo.com\/fr\/wp-json\/wp\/v2\/pages\/8691\/revisions\/8723"}],"wp:attachment":[{"href":"https:\/\/www.amerinet-gpo.com\/fr\/wp-json\/wp\/v2\/media?parent=8691"}],"curies":[{"name":"wp","href":"https:\/\/api.w.org\/{rel}","templated":true}]}}