{"id":7851,"date":"2025-11-05T11:33:34","date_gmt":"2025-11-05T11:33:34","guid":{"rendered":"https:\/\/www.amerinet-gpo.com\/terms-and-conditions\/"},"modified":"2025-11-05T11:40:26","modified_gmt":"2025-11-05T11:40:26","slug":"terms-and-conditions","status":"publish","type":"page","link":"https:\/\/www.amerinet-gpo.com\/fr\/terms-and-conditions\/","title":{"rendered":"Conditions d&rsquo;Utilisation"},"content":{"rendered":"<p>Ces Conditions G\u00e9n\u00e9rales d&rsquo;Utilisation (les \u00ab <b>Conditions d&rsquo;Utilisation<\/b> \u00bb) s&rsquo;appliquent au site web d&rsquo;<b>Amerinet-GPO<\/b>. Le site <code>www.amerinet-gpo.com<\/code> (le \u00ab <b>Site<\/b> \u00bb) est la propri\u00e9t\u00e9 d&rsquo;<b>Amerinet-GPO<\/b>. <b>VEUILLEZ LIRE ATTENTIVEMENT LES CONDITIONS D&rsquo;UTILISATION SUIVANTES.<\/b> Votre acc\u00e8s et utilisation continue du Site seront consid\u00e9r\u00e9s comme une acceptation des Conditions d&rsquo;Utilisation. Si vous n&rsquo;acceptez pas les Conditions d&rsquo;Utilisation, veuillez ne plus utiliser le Site. Amerinet-GPO se r\u00e9serve le droit de changer, modifier, ajouter ou supprimer des <span class=\"citation-445 citation-end-445\">parties de ces Conditions d&rsquo;Utilisation, \u00e0 tout moment. Il est de votre responsabilit\u00e9 de v\u00e9rifier p\u00e9riodiquement ces Conditions d&rsquo;Utilisation pour les changements. Votre utilisation continue du Site apr\u00e8s la publication<\/span> des changements signifiera que vous acceptez et consentez aux changements.<\/p>\n<div class=\"source-inline-chip-container ng-star-inserted\"><\/div>\n<p><b>VEUILLEZ NOTER QUE CES CONDITIONS D&rsquo;UTILISATION R\u00c9GISSENT UNIQUEMENT L&rsquo;UTILISATION DU SITE ET NE REMPLACENT AUCUN ACCORD CLIENT (CUSTOMER AGREEMENT) QUE VOUS POURRIEZ CONCLURE AVEC AMERINET-GPO.<\/b><\/p>\n<h3>1. Fonctionnement et \u00c9tendue du Service<\/h3>\n<p>Le Site est exploit\u00e9 par <b>Amerinet-GPO<\/b>. Notre objectif est de vous fournir un traitement rapide et efficace des demandes de services d&rsquo;ex\u00e9cution de commandes de produits professionnels. Amerinet-GPO <b>n&rsquo;est pas une pharmacie<\/b>, mais travaille avec des pharmacies et dispensaires d\u00fbment autoris\u00e9s dans de nombreuses juridictions (y compris, sans s&rsquo;y limiter, les <b>\u00c9tats-Unis<\/b> et dans le monde entier) pour satisfaire les demandes des clients en m\u00e9dicaments abordables et produits professionnels. <b>Amerinet-GPO vend des produits exclusivement aux clients autoris\u00e9s titulaires d&rsquo;une licence m\u00e9dicale qui ont rempli notre formulaire d&rsquo;ouverture de compte.<\/b><\/p>\n<h3>2. Informations Fournies<\/h3>\n<p>Toute information fournie sur le Site ou par notre Repr\u00e9sentant Commercial est <b>uniquement \u00e0 titre informatif<\/b> et ne doit pas \u00eatre consid\u00e9r\u00e9e comme un conseil sp\u00e9cifique. Veuillez toujours vous assurer d&rsquo;avoir consult\u00e9 un m\u00e9decin pour des conseils, un diagnostic et un traitement m\u00e9dical \u2013 <b>aucune information sur le Site ne doit \u00eatre utilis\u00e9e \u00e0 cette fin.<\/b> Amerinet-GPO peut apporter des modifications \u00e0 tout produit ou service offert sur le Site, ou aux prix applicables pour ces produits ou services, \u00e0 tout moment et sans pr\u00e9avis.<\/p>\n<h3>3. Collecte d&rsquo;Informations et Ouverture de Compte<\/h3>\n<p>Dans le cadre du processus de commande, tous les clients doivent conclure un Accord Client afin d&rsquo;\u00e9tablir leur compte client. \u00c0 cette fin, Amerinet-GPO exige que le client remplisse un <b>formulaire d&rsquo;ouverture de compte<\/b>. Amerinet-GPO se r\u00e9serve le droit de d\u00e9terminer le contenu du formulaire d&rsquo;ouverture de compte et le droit de le modifier \u00e0 tout moment.<\/p>\n<h3>4. Transactions Interdites et Conformit\u00e9 L\u00e9gale<\/h3>\n<p>La fourniture de produits, services ou informations sur le Site ne constitue pas une offre de vente de ces produits ou services, mais indique que ces produits ou services sont <b>disponibles \u00e0 la vente aux clients appropri\u00e9s dans le cadre d&rsquo;un accord avec Amerinet-GPO.<\/b> Les Conditions d&rsquo;Utilisation qui s&rsquo;appliquent \u00e0 un produit ou service seront d\u00e9termin\u00e9es au moment de la vente. Amerinet-GPO se r\u00e9serve le droit de <b>rejeter la demande de produits ou services d&rsquo;un client<\/b>, y compris lorsque la publicit\u00e9 des produits ou services ou leur avis de vente pourrait \u00eatre consid\u00e9r\u00e9 comme ill\u00e9gal. Tous les clients qui utilisent le Site sont <b>responsables d&rsquo;assurer la conformit\u00e9 avec les lois applicables<\/b>, y compris, sans limitation, les lois, restrictions et r\u00e9glementations d&rsquo;importation en vigueur dans leur juridiction.<\/p>\n<h3>5. Comptes, Mots de Passe et S\u00e9curit\u00e9<\/h3>\n<p>Chaque client est enti\u00e8rement responsable du maintien de la <b>confidentialit\u00e9<\/b> des informations qu&rsquo;il d\u00e9tient pour son compte, y compris son mot de passe, et de toute activit\u00e9 qui se produit sous son compte \u00e0 la suite de son manquement \u00e0 maintenir ces informations s\u00e9curis\u00e9es et confidentielles. Vous acceptez d&rsquo;informer imm\u00e9diatement Amerinet-GPO de toute utilisation non autoris\u00e9e de votre compte ou mot de passe, ou de toute autre violation de la s\u00e9curit\u00e9.<\/p>\n<h3>6. Douanes, Droits et Taxes<\/h3>\n<p>Lorsque vous commandez sur le Site, <span class=\"citation-444\">vous \u00eates <\/span><b><span class=\"citation-444\">responsable de vous assurer que le produit peut \u00eatre l\u00e9galement import\u00e9<\/span><\/b><span class=\"citation-444 citation-end-444\"> vers la destination. Le destinataire est l&rsquo;importateur officiel et doit se conformer \u00e0 toutes les lois et r\u00e9glementations de la destination. Le<\/span>s commandes peuvent \u00eatre soumises \u00e0 des taxes d&rsquo;importation, des droits de douane et des frais per\u00e7us par le pays de destination. Le destinataire d&rsquo;un envoi international peut \u00eatre soumis \u00e0 ces taxes d&rsquo;importation, droits de douane et frais, qui sont per\u00e7us une fois que l&rsquo;envoi atteint le pays du destinataire. <b>Les frais suppl\u00e9mentaires de d\u00e9douanement doivent \u00eatre acquitt\u00e9s par le destinataire ; Amerinet-GPO n&rsquo;a aucun contr\u00f4le sur ces frais.<\/b><\/p>\n<div class=\"source-inline-chip-container ng-star-inserted\"><\/div>\n<h3>7. Politique d&rsquo;Alignement de Prix (Price Match Policy)<\/h3>\n<p>Chez Amerinet-GPO, nous valorisons les relations \u00e0 long terme et sommes fiers de t\u00e9moigner notre fid\u00e9lit\u00e9 \u00e0 nos clients en offrant une option d&rsquo;<b>Alignement de Prix (Price Match)<\/b>. Nous comprenons l&rsquo;importance des prix \u00e9quitables sur le march\u00e9 concurrentiel d&rsquo;aujourd&rsquo;hui, et nous nous effor\u00e7ons de garantir que vous obtenez toujours la meilleure valeur lorsque vous achetez chez nous. Bien que nous adoptions une approche individualis\u00e9e pour chaque demande, il y a <b>trois conditions cl\u00e9s<\/b> \u00e0 garder \u00e0 l&rsquo;esprit :<\/p>\n<ol start=\"1\">\n<li>La facture ne doit pas dater de plus de <b>2 mois<\/b> ;<\/li>\n<li>Il doit s&rsquo;agir d&rsquo;une <b>facture valide et v\u00e9rifiable<\/b> d&rsquo;un autre fournisseur ;<\/li>\n<li>La facture <b>ne doit pas inclure de r\u00e9duction sur la premi\u00e8re commande ou de points de fid\u00e9lit\u00e9<\/b>.<\/li>\n<\/ol>\n<p>Si vous remplissez ces crit\u00e8res et avez achet\u00e9 le m\u00eame produit moins cher ailleurs, contactez-nous \u2013 nous ferons de notre mieux pour aligner le prix.<\/p>\n<h3>8. Exp\u00e9dition et Emballage<\/h3>\n<p>Les commandes seront exp\u00e9di\u00e9es le <b>jour suivant la r\u00e9ception du paiement<\/b>. Le d\u00e9lai de livraison approximatif est de <b>3 \u00e0 5 jours ouvrables<\/b>, qui varie en fonction de l&#8217;emplacement de l&rsquo;entrep\u00f4t et de la soci\u00e9t\u00e9 de livraison. <b>Amerinet-GPO n&rsquo;est pas responsable des retards de livraison caus\u00e9s par la soci\u00e9t\u00e9 de livraison, les proc\u00e9dures d&rsquo;importation et le client lui-m\u00eame.<\/b><\/p>\n<p>Amerinet-GPO offre une excellente exp\u00e9rience d&#8217;emballage pour le client. Certains produits n\u00e9cessitent un emballage sp\u00e9cial, qui est fourni par Amerinet-GPO. En raison de la nature du produit, <b>Amerinet-GPO n&rsquo;est pas responsable de la qualit\u00e9 du produit caus\u00e9e par un retard de livraison qui n&rsquo;a pas \u00e9t\u00e9 caus\u00e9 par Amerinet-GPO elle-m\u00eame.<\/b> Amerinet-GPO <b>n&rsquo;accepte pas les retours de produits sp\u00e9cifiques car ils perdent leurs qualit\u00e9s importantes<\/b> \u00e0 la suite de l&rsquo;exp\u00e9dition ou des retards.<\/p>\n<hr \/>\n<h3>9. Exclusion de Garantie (Disclaimer)<\/h3>\n<p>Le Site est disponible \u00ab <b>tel quel, selon la disponibilit\u00e9<\/b> \u00bb (\u00ab as-is, as-available \u00bb), et Amerinet-GPO ne promet pas que le Site ou l&rsquo;un de ses contenus, services ou fonctionnalit\u00e9s sera exempt d&rsquo;erreurs ou ininterrompu, ni que les d\u00e9fauts seront corrig\u00e9s, ni que l&rsquo;utilisation du Site fournira des r\u00e9sultats sp\u00e9ciaux. Toutes les informations sur le Site peuvent \u00eatre modifi\u00e9es sans pr\u00e9avis.<\/p>\n<p>Amerinet-GPO prend des mesures raisonnables pour prot\u00e9ger le Site et pour pouvoir traiter vos demandes via votre compte client et\/ou via notre num\u00e9ro de t\u00e9l\u00e9phone sans frais et num\u00e9ro de t\u00e9l\u00e9copieur sans frais. <b>AMERINET-GPO NE FAIT AUCUNE D\u00c9CLARATION OU GARANTIE, EXPRESSE OU IMPLICITE, CONCERNANT LE SITE, ET, SANS LIMITATION, D\u00c9CLINE LES GARANTIES IMPLICITES DE QUALIT\u00c9 MARCHANDE ET D&rsquo;ADAPTATION \u00c0 UN USAGE PARTICULIER, D&rsquo;UTILIT\u00c9, DE NON-CONTREFA\u00c7ON, D&rsquo;EXHAUSTIVIT\u00c9, D&rsquo;EXACTITUDE ET DE FIABILIT\u00c9.<\/b> Tous les risques associ\u00e9s \u00e0 l&rsquo;utilisation du Site sont \u00e0 votre charge exclusive.<\/p>\n<p><b>EN AUCUN CAS AMERINET-GPO NE SERA RESPONSABLE DES DOMMAGES DIRECTS, INDIRECTS, ACCESSOIRES OU CONS\u00c9CUTIFS R\u00c9SULTANT DE L&rsquo;UTILISATION OU DE L&rsquo;INCAPACIT\u00c9 D&rsquo;UTILISER LE SITE, POUR UN SERVICE INTERROMPU, OU POUR DES DOMMAGES SURVENUS AUX SYST\u00c8MES INFORMATIQUES ET AUTREMENT PAR L&rsquo;UTILISATION DU SITE.<\/b><\/p>\n<h3>10. Propri\u00e9t\u00e9 Intellectuelle<\/h3>\n<p>Toutes les marques de commerce et le contenu du Site sont utilis\u00e9s sous licence par Amerinet-GPO et ne peuvent \u00eatre copi\u00e9s ou reproduits de quelque mani\u00e8re que ce soit, en tout ou en partie.<\/p>\n<h3>11. Liens<\/h3>\n<p>Amerinet-GPO peut fournir des liens vers d&rsquo;autres sites web de tiers et n&rsquo;est pas responsable du contenu, de l&rsquo;exactitude ou des opinions exprim\u00e9es sur ces sites web de tiers, et ces sites web ne sont pas examin\u00e9s, surveill\u00e9s ou v\u00e9rifi\u00e9s pour l&rsquo;exactitude ou l&rsquo;exhaustivit\u00e9 par nous. L&rsquo;inclusion de tout site web li\u00e9 sur le Site n&rsquo;implique pas l&rsquo;approbation ou l&rsquo;endossement des sites web li\u00e9s par nous. Si vous d\u00e9cidez de quitter le Site et d&rsquo;acc\u00e9der \u00e0 ces sites tiers, vous le faites \u00e0 vos propres risques.<\/p>\n<h3>12. R\u00e9siliation du Compte Client<\/h3>\n<p>Amerinet-GPO se r\u00e9serve le droit de <b>r\u00e9silier votre compte client<\/b> \u00e0 sa seule discr\u00e9tion.<\/p>\n<h3>13. Divisibilit\u00e9<\/h3>\n<p>Si une disposition quelconque des Conditions d&rsquo;Utilisation est jug\u00e9e invalide ou inapplicable dans une juridiction donn\u00e9e, cette disposition sera, en ce qui concerne cette juridiction, inefficace uniquement dans la mesure de cette invalidit\u00e9 ou inapplicabilit\u00e9 et sera <b>s\u00e9par\u00e9e du reste de ce document<\/b> sans invalider ou affecter les dispositions restantes, lesquelles resteront en vigueur et de plein effet.<\/p>\n<h3>14. Int\u00e9gralit\u00e9 de l&rsquo;Accord<\/h3>\n<p>Les Conditions d&rsquo;Utilisation constituent un <b>accord juridiquement contraignant<\/b> avec Amerinet-GPO concernant les questions trait\u00e9es dans les pr\u00e9sentes.<\/p>\n<h3>15. Majorit\u00e9 L\u00e9gale<\/h3>\n<p>Pour utiliser le Site et \u00e9tablir un compte client, tous les utilisateurs doivent avoir atteint l&rsquo;<b>\u00e2ge de la majorit\u00e9<\/b> dans la juridiction pertinente et poss\u00e9der la licence n\u00e9cessaire pour acheter les produits offerts sur ce Site.<\/p>\n","protected":false},"excerpt":{"rendered":"<p>Ces Conditions G\u00e9n\u00e9rales d&rsquo;Utilisation (les \u00ab Conditions d&rsquo;Utilisation \u00bb) s&rsquo;appliquent au site web d&rsquo;Amerinet-GPO. Le site www.amerinet-gpo.com (le \u00ab Site \u00bb) est&hellip;<\/p>\n","protected":false},"author":1,"featured_media":0,"parent":0,"menu_order":0,"comment_status":"closed","ping_status":"closed","template":"","meta":{"footnotes":""},"class_list":["post-7851","page","type-page","status-publish","hentry"],"yoast_head":"<!-- This site is optimized with the Yoast SEO plugin v27.5 - https:\/\/yoast.com\/product\/yoast-seo-wordpress\/ -->\n<title>Conditions d&#039;Utilisation - Amerinet GPO<\/title>\n<meta name=\"robots\" content=\"index, follow, max-snippet:-1, max-image-preview:large, max-video-preview:-1\" \/>\n<link rel=\"canonical\" href=\"https:\/\/www.amerinet-gpo.com\/fr\/terms-and-conditions\/\" \/>\n<meta property=\"og:locale\" content=\"fr_FR\" \/>\n<meta property=\"og:type\" content=\"article\" \/>\n<meta property=\"og:title\" content=\"Conditions d&#039;Utilisation - Amerinet GPO\" \/>\n<meta property=\"og:description\" content=\"Ces Conditions G\u00e9n\u00e9rales d&rsquo;Utilisation (les \u00ab Conditions d&rsquo;Utilisation \u00bb) s&rsquo;appliquent au site web d&rsquo;Amerinet-GPO. Le site www.amerinet-gpo.com (le \u00ab Site \u00bb) est&hellip;\" \/>\n<meta property=\"og:url\" content=\"https:\/\/www.amerinet-gpo.com\/fr\/terms-and-conditions\/\" \/>\n<meta property=\"og:site_name\" content=\"Amerinet GPO\" \/>\n<meta property=\"article:modified_time\" content=\"2025-11-05T11:40:26+00:00\" \/>\n<meta name=\"twitter:card\" content=\"summary_large_image\" \/>\n<meta name=\"twitter:label1\" content=\"Dur\u00e9e de lecture estim\u00e9e\" \/>\n\t<meta name=\"twitter:data1\" content=\"7 minutes\" \/>\n<script type=\"application\/ld+json\" class=\"yoast-schema-graph\">{\"@context\":\"https:\\\/\\\/schema.org\",\"@graph\":[{\"@type\":\"WebPage\",\"@id\":\"https:\\\/\\\/www.amerinet-gpo.com\\\/fr\\\/terms-and-conditions\\\/\",\"url\":\"https:\\\/\\\/www.amerinet-gpo.com\\\/fr\\\/terms-and-conditions\\\/\",\"name\":\"Conditions d'Utilisation - Amerinet GPO\",\"isPartOf\":{\"@id\":\"https:\\\/\\\/www.amerinet-gpo.com\\\/#website\"},\"datePublished\":\"2025-11-05T11:33:34+00:00\",\"dateModified\":\"2025-11-05T11:40:26+00:00\",\"breadcrumb\":{\"@id\":\"https:\\\/\\\/www.amerinet-gpo.com\\\/fr\\\/terms-and-conditions\\\/#breadcrumb\"},\"inLanguage\":\"fr-FR\",\"potentialAction\":[{\"@type\":\"ReadAction\",\"target\":[\"https:\\\/\\\/www.amerinet-gpo.com\\\/fr\\\/terms-and-conditions\\\/\"]}]},{\"@type\":\"BreadcrumbList\",\"@id\":\"https:\\\/\\\/www.amerinet-gpo.com\\\/fr\\\/terms-and-conditions\\\/#breadcrumb\",\"itemListElement\":[{\"@type\":\"ListItem\",\"position\":1,\"name\":\"Home\",\"item\":\"https:\\\/\\\/www.amerinet-gpo.com\\\/fr\\\/maison-de-marque\\\/\"},{\"@type\":\"ListItem\",\"position\":2,\"name\":\"Conditions d&#8217;Utilisation\"}]},{\"@type\":\"WebSite\",\"@id\":\"https:\\\/\\\/www.amerinet-gpo.com\\\/#website\",\"url\":\"https:\\\/\\\/www.amerinet-gpo.com\\\/\",\"name\":\"Amerinet GPO\",\"description\":\"Bienvenue sur Amerinet GPO, le commerce \u00e9lectronique de produits injectables pour la m\u00e9decine esth\u00e9tique dont le botox et les produits de comblement cutan\u00e9\",\"publisher\":{\"@id\":\"https:\\\/\\\/www.amerinet-gpo.com\\\/#organization\"},\"potentialAction\":[{\"@type\":\"SearchAction\",\"target\":{\"@type\":\"EntryPoint\",\"urlTemplate\":\"https:\\\/\\\/www.amerinet-gpo.com\\\/?s={search_term_string}\"},\"query-input\":{\"@type\":\"PropertyValueSpecification\",\"valueRequired\":true,\"valueName\":\"search_term_string\"}}],\"inLanguage\":\"fr-FR\"},{\"@type\":\"Organization\",\"@id\":\"https:\\\/\\\/www.amerinet-gpo.com\\\/#organization\",\"name\":\"Amerinet GPO\",\"url\":\"https:\\\/\\\/www.amerinet-gpo.com\\\/\",\"logo\":{\"@type\":\"ImageObject\",\"inLanguage\":\"fr-FR\",\"@id\":\"https:\\\/\\\/www.amerinet-gpo.com\\\/#\\\/schema\\\/logo\\\/image\\\/\",\"url\":\"https:\\\/\\\/www.amerinet-gpo.com\\\/wp-content\\\/uploads\\\/2024\\\/03\\\/extendify-demo-logo.png\",\"contentUrl\":\"https:\\\/\\\/www.amerinet-gpo.com\\\/wp-content\\\/uploads\\\/2024\\\/03\\\/extendify-demo-logo.png\",\"width\":96,\"height\":97,\"caption\":\"Amerinet GPO\"},\"image\":{\"@id\":\"https:\\\/\\\/www.amerinet-gpo.com\\\/#\\\/schema\\\/logo\\\/image\\\/\"}}]}<\/script>\n<!-- \/ Yoast SEO plugin. -->","yoast_head_json":{"title":"Conditions d'Utilisation - Amerinet GPO","robots":{"index":"index","follow":"follow","max-snippet":"max-snippet:-1","max-image-preview":"max-image-preview:large","max-video-preview":"max-video-preview:-1"},"canonical":"https:\/\/www.amerinet-gpo.com\/fr\/terms-and-conditions\/","og_locale":"fr_FR","og_type":"article","og_title":"Conditions d'Utilisation - Amerinet GPO","og_description":"Ces Conditions G\u00e9n\u00e9rales d&rsquo;Utilisation (les \u00ab Conditions d&rsquo;Utilisation \u00bb) s&rsquo;appliquent au site web d&rsquo;Amerinet-GPO. Le site www.amerinet-gpo.com (le \u00ab Site \u00bb) est&hellip;","og_url":"https:\/\/www.amerinet-gpo.com\/fr\/terms-and-conditions\/","og_site_name":"Amerinet GPO","article_modified_time":"2025-11-05T11:40:26+00:00","twitter_card":"summary_large_image","twitter_misc":{"Dur\u00e9e de lecture estim\u00e9e":"7 minutes"},"schema":{"@context":"https:\/\/schema.org","@graph":[{"@type":"WebPage","@id":"https:\/\/www.amerinet-gpo.com\/fr\/terms-and-conditions\/","url":"https:\/\/www.amerinet-gpo.com\/fr\/terms-and-conditions\/","name":"Conditions d'Utilisation - Amerinet GPO","isPartOf":{"@id":"https:\/\/www.amerinet-gpo.com\/#website"},"datePublished":"2025-11-05T11:33:34+00:00","dateModified":"2025-11-05T11:40:26+00:00","breadcrumb":{"@id":"https:\/\/www.amerinet-gpo.com\/fr\/terms-and-conditions\/#breadcrumb"},"inLanguage":"fr-FR","potentialAction":[{"@type":"ReadAction","target":["https:\/\/www.amerinet-gpo.com\/fr\/terms-and-conditions\/"]}]},{"@type":"BreadcrumbList","@id":"https:\/\/www.amerinet-gpo.com\/fr\/terms-and-conditions\/#breadcrumb","itemListElement":[{"@type":"ListItem","position":1,"name":"Home","item":"https:\/\/www.amerinet-gpo.com\/fr\/maison-de-marque\/"},{"@type":"ListItem","position":2,"name":"Conditions d&#8217;Utilisation"}]},{"@type":"WebSite","@id":"https:\/\/www.amerinet-gpo.com\/#website","url":"https:\/\/www.amerinet-gpo.com\/","name":"Amerinet GPO","description":"Bienvenue sur Amerinet GPO, le commerce \u00e9lectronique de produits injectables pour la m\u00e9decine esth\u00e9tique dont le botox et les produits de comblement cutan\u00e9","publisher":{"@id":"https:\/\/www.amerinet-gpo.com\/#organization"},"potentialAction":[{"@type":"SearchAction","target":{"@type":"EntryPoint","urlTemplate":"https:\/\/www.amerinet-gpo.com\/?s={search_term_string}"},"query-input":{"@type":"PropertyValueSpecification","valueRequired":true,"valueName":"search_term_string"}}],"inLanguage":"fr-FR"},{"@type":"Organization","@id":"https:\/\/www.amerinet-gpo.com\/#organization","name":"Amerinet GPO","url":"https:\/\/www.amerinet-gpo.com\/","logo":{"@type":"ImageObject","inLanguage":"fr-FR","@id":"https:\/\/www.amerinet-gpo.com\/#\/schema\/logo\/image\/","url":"https:\/\/www.amerinet-gpo.com\/wp-content\/uploads\/2024\/03\/extendify-demo-logo.png","contentUrl":"https:\/\/www.amerinet-gpo.com\/wp-content\/uploads\/2024\/03\/extendify-demo-logo.png","width":96,"height":97,"caption":"Amerinet GPO"},"image":{"@id":"https:\/\/www.amerinet-gpo.com\/#\/schema\/logo\/image\/"}}]}},"_links":{"self":[{"href":"https:\/\/www.amerinet-gpo.com\/fr\/wp-json\/wp\/v2\/pages\/7851","targetHints":{"allow":["GET"]}}],"collection":[{"href":"https:\/\/www.amerinet-gpo.com\/fr\/wp-json\/wp\/v2\/pages"}],"about":[{"href":"https:\/\/www.amerinet-gpo.com\/fr\/wp-json\/wp\/v2\/types\/page"}],"author":[{"embeddable":true,"href":"https:\/\/www.amerinet-gpo.com\/fr\/wp-json\/wp\/v2\/users\/1"}],"replies":[{"embeddable":true,"href":"https:\/\/www.amerinet-gpo.com\/fr\/wp-json\/wp\/v2\/comments?post=7851"}],"version-history":[{"count":1,"href":"https:\/\/www.amerinet-gpo.com\/fr\/wp-json\/wp\/v2\/pages\/7851\/revisions"}],"predecessor-version":[{"id":7859,"href":"https:\/\/www.amerinet-gpo.com\/fr\/wp-json\/wp\/v2\/pages\/7851\/revisions\/7859"}],"wp:attachment":[{"href":"https:\/\/www.amerinet-gpo.com\/fr\/wp-json\/wp\/v2\/media?parent=7851"}],"curies":[{"name":"wp","href":"https:\/\/api.w.org\/{rel}","templated":true}]}}