{"id":7044,"date":"2020-10-18T13:07:58","date_gmt":"2020-10-18T13:07:58","guid":{"rendered":"https:\/\/www.amerinet-gpo.com\/a-propos-de-nous\/"},"modified":"2026-02-10T04:10:56","modified_gmt":"2026-02-10T04:10:56","slug":"a-propos-de-nous","status":"publish","type":"page","link":"https:\/\/www.amerinet-gpo.com\/fr\/a-propos-de-nous\/","title":{"rendered":"A propos de nous"},"content":{"rendered":"\t\t<div data-elementor-type=\"wp-page\" data-elementor-id=\"7044\" class=\"elementor elementor-7044 elementor-3049\">\n\t\t\t\t\t\t<section class=\"elementor-section elementor-top-section elementor-element elementor-element-ae248c4 elementor-section-full_width elementor-section-height-default elementor-section-height-default\" data-id=\"ae248c4\" data-element_type=\"section\" data-e-type=\"section\">\n\t\t\t\t\t\t<div class=\"elementor-container elementor-column-gap-no\">\n\t\t\t\t\t<div class=\"elementor-column elementor-col-100 elementor-top-column elementor-element elementor-element-6b92c4e\" data-id=\"6b92c4e\" data-element_type=\"column\" data-e-type=\"column\">\n\t\t\t<div class=\"elementor-widget-wrap elementor-element-populated\">\n\t\t\t\t\t\t<div class=\"elementor-element elementor-element-b369bce elementor-widget elementor-widget-ideapark-page-header\" data-id=\"b369bce\" data-element_type=\"widget\" data-e-type=\"widget\" data-widget_type=\"ideapark-page-header.default\">\n\t\t\t\t<div class=\"elementor-widget-container\">\n\t\t\t\t\t\t<header\n\t\tclass=\"l-section c-page-header c-page-header--header-type-4 c-page-header--default\n c-page-header--low\"\n\t\t>\n\n\t\t\t\t\t<div class=\"c-page-header__wrap\">\n\t\t\t\t\t\t\t\t\t<h1 class=\"c-page-header__title\">A propos de nous<\/h1>\n\t\t\t\t\t\t\t<\/div>\n\t\t\t\t<nav aria-label=\"breadcrumbs\" class=\"c-breadcrumbs c-breadcrumbs--yoast\"><ol class=\"c-breadcrumbs__list\"><li class=\"c-breadcrumbs__item c-breadcrumbs__item--wc\"><span><span><a href=\"https:\/\/www.amerinet-gpo.com\/fr\/maison-de-marque\/\">Home<\/a><\/span><\/span><\/li><\/ol><\/nav>\t<\/header>\n\t\t\t\t<\/div>\n\t\t\t\t<\/div>\n\t\t\t\t\t<\/div>\n\t\t<\/div>\n\t\t\t\t\t<\/div>\n\t\t<\/section>\n\t\t<div class=\"elementor-element elementor-element-4575229 e-flex e-con-boxed e-con e-parent\" data-id=\"4575229\" data-element_type=\"container\" data-e-type=\"container\">\n\t\t\t\t\t<div class=\"e-con-inner\">\n\t\t\t\t<div class=\"elementor-element elementor-element-76ed5b7 elementor-widget elementor-widget-text-editor\" data-id=\"76ed5b7\" data-element_type=\"widget\" data-e-type=\"widget\" data-widget_type=\"text-editor.default\">\n\t\t\t\t<div class=\"elementor-widget-container\">\n\t\t\t\t\t\t\t\t\t<h3 data-path-to-node=\"3\">Notre h\u00e9ritage : Du GPO hospitalier \u00e0 la distribution sp\u00e9cialis\u00e9e<\/h3><p data-path-to-node=\"4\"><b data-path-to-node=\"4\" data-index-in-node=\"0\">Amerinet-GPO<\/b> s&rsquo;appuie sur 25 ans d&rsquo;excellence en mati\u00e8re d&rsquo;approvisionnement en produits de sant\u00e9 et de gestion de la cha\u00eene d&rsquo;approvisionnement. S&rsquo;appuyant sur un h\u00e9ritage de longue date dans le domaine de l&rsquo;approvisionnement professionnel des h\u00f4pitaux, notre organisation a \u00e9volu\u00e9 pour r\u00e9pondre aux besoins sophistiqu\u00e9s des secteurs m\u00e9dicaux et scientifiques modernes. <\/p><p data-path-to-node=\"5\">Aujourd&rsquo;hui, nous mettons \u00e0 profit nos d\u00e9cennies d&rsquo;expertise pour servir deux divisions principales : <b data-path-to-node=\"5\" data-index-in-node=\"76\">Esth\u00e9tique m\u00e9dicale avanc\u00e9e<\/b> et <b data-path-to-node=\"5\" data-index-in-node=\"108\">Recherche scientifique en biochimie<\/b>, comblant ainsi le foss\u00e9 entre la fabrication de qualit\u00e9 pharmaceutique et la communaut\u00e9 professionnelle mondiale.<\/p><h3 data-path-to-node=\"6\">Surveillance m\u00e9dicale et normes cliniques<\/h3><p data-path-to-node=\"7\">Afin de maintenir les plus hauts niveaux d&rsquo;int\u00e9grit\u00e9, Amerinet-GPO op\u00e8re sous la supervision professionnelle du <b data-path-to-node=\"7\" data-index-in-node=\"105\"><a href=\"https:\/\/www.linkedin.com\/in\/silvia-f-garcia-md-60788a143\">Dr Garcia<\/a>, MD<\/b>, notre consultant m\u00e9dical principal et sp\u00e9cialiste en <b data-path-to-node=\"7\" data-index-in-node=\"167\">dermatologie clinique.<\/b><\/p><p data-path-to-node=\"8\">Fort d&rsquo;une vaste exp\u00e9rience dans les applications dermo-cosm\u00e9tiques et les solutions m\u00e9dicales sp\u00e9cialis\u00e9es, le Dr Garcia supervise notre processus de s\u00e9lection des produits et nos protocoles d&rsquo;assurance qualit\u00e9. Cette gestion clinique garantit que chaque solution de notre catalogue &#8211; des neuromodulateurs aux r\u00e9actifs biochimiques &#8211; r\u00e9pond aux exigences rigoureuses de s\u00e9curit\u00e9 et d&rsquo;efficacit\u00e9 des praticiens agr\u00e9\u00e9s et des \u00e9tablissements de sant\u00e9 du monde entier. <\/p><h3 data-path-to-node=\"9\">La norme Amerinet : Qualit\u00e9, conformit\u00e9 et confiance<\/h3><p data-path-to-node=\"10\">Dans un march\u00e9 mondialis\u00e9, l&rsquo;authenticit\u00e9 est notre principal engagement. Nous pr\u00e9servons les normes des domaines professionnels que nous servons en nous appuyant sur trois piliers fondamentaux : <\/p><ul data-path-to-node=\"11\"><li><p data-path-to-node=\"11,0,0\"><b data-path-to-node=\"11,0,0\" data-index-in-node=\"0\">Approvisionnement v\u00e9rifi\u00e9 :<\/b> Chaque article de notre catalogue provient exclusivement de fabricants autoris\u00e9s ou de laboratoires pharmaceutiques afin de garantir son origine et sa qualit\u00e9.<\/p><\/li><li><p data-path-to-node=\"11,1,0\"><b data-path-to-node=\"11,1,0\" data-index-in-node=\"0\">Int\u00e9grit\u00e9 logistique (GDP) :<\/b> Nous adh\u00e9rons strictement aux <b data-path-to-node=\"11,1,0\" data-index-in-node=\"49\">bonnes pratiques de distribution (BPD)<\/b>. Notre structure logistique est con\u00e7ue pour g\u00e9rer les fournitures professionnelles sensibles, en garantissant le respect des protocoles de contr\u00f4le du climat depuis nos installations jusqu&rsquo;\u00e0 vos locaux professionnels. <\/p><\/li><li><p data-path-to-node=\"11,2,0\"><b data-path-to-node=\"11,2,0\" data-index-in-node=\"0\">V\u00e9rification analytique :<\/b> Notre division Recherche met en \u0153uvre des protocoles d&rsquo;essai rigoureux, notamment la <b data-path-to-node=\"11,2,0\" data-index-in-node=\"96\">chromatographie liquide \u00e0 haute performance (HPLC<\/b> ) et la <b data-path-to-node=\"11,2,0\" data-index-in-node=\"146\">spectrom\u00e9trie de masse (MS)<\/b>, afin de garantir les niveaux de puret\u00e9 les plus \u00e9lev\u00e9s pour tous les r\u00e9actifs biochimiques et les compos\u00e9s de laboratoire.<\/p><\/li><li><p data-path-to-node=\"11,3,0\"><b data-path-to-node=\"11,3,0\" data-index-in-node=\"0\">Transparence de la vente en gros :<\/b> Nous appliquons un <b data-path-to-node=\"11,3,0\" data-index-in-node=\"37\">mod\u00e8le de tarification exclusif aux entreprises<\/b>. Les prix sont affich\u00e9s pour faciliter la coordination logistique et l&rsquo;efficacit\u00e9 de l&rsquo;approvisionnement pour les entit\u00e9s m\u00e9dicales et de recherche v\u00e9rifi\u00e9es. <\/p><\/li><\/ul><h3 data-path-to-node=\"12\">Gouvernance mondiale et p\u00f4les op\u00e9rationnels<\/h3><p data-path-to-node=\"13\">Amerinet-GPO est au service de la communaut\u00e9 professionnelle par le biais d&rsquo;une cha\u00eene d&rsquo;approvisionnement s\u00e9curis\u00e9e en boucle ferm\u00e9e. Alors que notre <b data-path-to-node=\"13\" data-index-in-node=\"101\">si\u00e8ge social<\/b> est situ\u00e9 au c\u0153ur financier de <b data-path-to-node=\"13\" data-index-in-node=\"162\">Miami, en Floride<\/b>, notre force op\u00e9rationnelle r\u00e9side dans notre pr\u00e9sence strat\u00e9gique en <b data-path-to-node=\"13\" data-index-in-node=\"237\">Cor\u00e9e du Sud<\/b>, un leader mondial en mati\u00e8re d&rsquo;innovation dermo-esth\u00e9tique. <\/p><p data-path-to-node=\"14\">En op\u00e9rant dans le cadre de la technologie m\u00e9dicale avanc\u00e9e de la Cor\u00e9e du Sud, Amerinet-GPO facilite l&rsquo;acc\u00e8s direct aux innovations de pointe par le biais d&rsquo;un mod\u00e8le de distribution rationalis\u00e9. En exp\u00e9diant directement les produits depuis les installations de nos partenaires sud-cor\u00e9ens jusqu&rsquo;\u00e0 vos locaux cliniques, nous garantissons.. : <\/p><ol start=\"1\" data-path-to-node=\"15\"><li><p data-path-to-node=\"15,0,0\"><b data-path-to-node=\"15,0,0\" data-index-in-node=\"0\">Provenance directe :<\/b> \u00c9limination des interm\u00e9diaires inutiles pour garantir l&rsquo;authenticit\u00e9 des produits et la fra\u00eecheur des lots.<\/p><\/li><li><p data-path-to-node=\"15,1,0\"><b data-path-to-node=\"15,1,0\" data-index-in-node=\"0\">Efficacit\u00e9 logistique :<\/b> Acc\u00e8s plus rapide aux derni\u00e8res innovations dans les domaines esth\u00e9tique et biochimique<b data-path-to-node=\"15,1,0\" data-index-in-node=\"104\">(K-Medical Excellence<\/b>).<\/p><\/li><li><p data-path-to-node=\"15,2,0\"><b data-path-to-node=\"15,2,0\" data-index-in-node=\"0\">Conformit\u00e9 internationale :<\/b> Tous les envois sont conformes aux normes internationales d&rsquo;exportation, ce qui garantit la fiabilit\u00e9 et la transparence pour notre client\u00e8le mondiale.<\/p><\/li><\/ol><h3 data-path-to-node=\"16\">Informations sur l&rsquo;entreprise<\/h3><ul data-path-to-node=\"17\"><li><p data-path-to-node=\"17,0,0\"><b data-path-to-node=\"17,0,0\" data-index-in-node=\"0\">Entit\u00e9 enregistr\u00e9e :<\/b> Amerinet-GPO LLC<\/p><\/li><li><p data-path-to-node=\"17,1,0\"><b data-path-to-node=\"17,1,0\" data-index-in-node=\"0\">Num\u00e9ro d&rsquo;enregistrement :<\/b> 6433760<\/p><\/li><li><p data-path-to-node=\"17,2,0\"><b data-path-to-node=\"17,2,0\" data-index-in-node=\"0\"><a href=\"https:\/\/www.amerinet-gpo.com\/wp-content\/uploads\/2025\/11\/amerinet-certificate.pdf\">ISO 9001:2015 Num\u00e9ro d&rsquo;enregistrement<\/a>:<\/b> 041 24 1068<\/p><\/li><li><p data-path-to-node=\"17,3,0\"><b data-path-to-node=\"17,3,0\" data-index-in-node=\"0\">Si\u00e8ge social (juridique) :<\/b> 25 West 21st Street, Miami, FL, \u00c9tats-Unis.<\/p><\/li><li><p data-path-to-node=\"17,4,0\"><b data-path-to-node=\"17,4,0\" data-index-in-node=\"0\">Centre op\u00e9rationnel :<\/b> S\u00e9oul, Cor\u00e9e du Sud (ex\u00e9cution directe par le fabricant).<\/p><\/li><\/ul>\t\t\t\t\t\t\t\t<\/div>\n\t\t\t\t<\/div>\n\t\t\t\t\t<\/div>\n\t\t\t\t<\/div>\n\t\t<div class=\"elementor-element elementor-element-f74b1fa e-flex e-con-boxed e-con e-parent\" data-id=\"f74b1fa\" data-element_type=\"container\" data-e-type=\"container\">\n\t\t\t\t\t<div class=\"e-con-inner\">\n\t\t\t\t<div class=\"elementor-element elementor-element-2c4640e elementor-widget elementor-widget-html\" data-id=\"2c4640e\" data-element_type=\"widget\" data-e-type=\"widget\" data-widget_type=\"html.default\">\n\t\t\t\t<div class=\"elementor-widget-container\">\n\t\t\t\t\t<script type=\"application\/ld+json\">{\r\n  \"@context\": \"https:\/\/schema.org\",\r\n  \"@type\": \"AboutPage\",\r\n  \"mainEntity\": {\r\n    \"@type\": \"Organization\",\r\n    \"name\": \"Amerinet-GPO LLC\",\r\n    \"url\": \"https:\/\/www.amerinet-gpo.com\/\",\r\n    \"logo\": \"https:\/\/www.amerinet-gpo.com\/logo.png\",\r\n    \"taxID\": \"6433760\",\r\n    \"address\": {\r\n      \"@type\": \"PostalAddress\",\r\n      \"streetAddress\": \"25 West 21st Street\",\r\n      \"addressLocality\": \"Miami\",\r\n      \"addressRegion\": \"FL\",\r\n      \"addressCountry\": \"US\"\r\n    },\r\n    \"hasCredential\": [\r\n      {\r\n        \"@type\": \"EducationalOccupationalCredential\",\r\n        \"name\": \"ISO 9001:2015 Certified\",\r\n        \"identifier\": \"041 24 1068\"\r\n      }\r\n    ],\r\n    \"member\": {\r\n      \"@type\": \"Person\",\r\n      \"name\": \"Dr. Silvia F. Garcia, MD\",\r\n      \"jobTitle\": \"Lead Medical Consultant\",\r\n      \"url\": \"https:\/\/www.linkedin.com\/in\/silvia-f-garcia-md-60788a143\",\r\n      \"sameAs\": [\r\n        \"https:\/\/www.linkedin.com\/in\/silvia-f-garcia-md-60788a143\"\r\n      ],\r\n      \"knowsAbout\": [\"Clinical Dermatology\", \"Medical Aesthetics\", \"Pharmacology\", \"Healthcare Procurement\"]\r\n    },\r\n    \"areaServed\": \"Worldwide\",\r\n    \"description\": \"B2B Medical GPO specializing in advanced aesthetics and biochemical research compounds, shipping directly from South Korea.\"\r\n  }\r\n}\r\n<\/script>\t\t\t\t<\/div>\n\t\t\t\t<\/div>\n\t\t\t\t\t<\/div>\n\t\t\t\t<\/div>\n\t\t\t\t<\/div>\n\t\t","protected":false},"excerpt":{"rendered":"<p>Home Notre h\u00e9ritage : Du GPO hospitalier \u00e0 la distribution sp\u00e9cialis\u00e9e Amerinet-GPO s&rsquo;appuie sur 25 ans d&rsquo;excellence en mati\u00e8re d&rsquo;approvisionnement en produits&hellip;<\/p>\n","protected":false},"author":1,"featured_media":0,"parent":0,"menu_order":0,"comment_status":"closed","ping_status":"closed","template":"elementor_header_footer","meta":{"footnotes":""},"class_list":["post-7044","page","type-page","status-publish","hentry"],"yoast_head":"<!-- This site is optimized with the Yoast SEO plugin v27.4 - https:\/\/yoast.com\/product\/yoast-seo-wordpress\/ -->\n<title>A propos de nous - Amerinet GPO<\/title>\n<meta name=\"robots\" content=\"index, follow, max-snippet:-1, max-image-preview:large, max-video-preview:-1\" \/>\n<link rel=\"canonical\" href=\"https:\/\/www.amerinet-gpo.com\/fr\/a-propos-de-nous\/\" \/>\n<meta property=\"og:locale\" content=\"fr_FR\" \/>\n<meta property=\"og:type\" content=\"article\" \/>\n<meta property=\"og:title\" content=\"A propos de nous - Amerinet GPO\" \/>\n<meta property=\"og:description\" content=\"Home Notre h\u00e9ritage : Du GPO hospitalier \u00e0 la distribution sp\u00e9cialis\u00e9e Amerinet-GPO s&rsquo;appuie sur 25 ans d&rsquo;excellence en mati\u00e8re d&rsquo;approvisionnement en produits&hellip;\" \/>\n<meta property=\"og:url\" content=\"https:\/\/www.amerinet-gpo.com\/fr\/a-propos-de-nous\/\" \/>\n<meta property=\"og:site_name\" content=\"Amerinet GPO\" \/>\n<meta property=\"article:modified_time\" content=\"2026-02-10T04:10:56+00:00\" \/>\n<meta name=\"twitter:card\" content=\"summary_large_image\" \/>\n<meta name=\"twitter:label1\" content=\"Dur\u00e9e de lecture estim\u00e9e\" \/>\n\t<meta name=\"twitter:data1\" content=\"3 minutes\" \/>\n<script type=\"application\/ld+json\" class=\"yoast-schema-graph\">{\"@context\":\"https:\\\/\\\/schema.org\",\"@graph\":[{\"@type\":\"WebPage\",\"@id\":\"https:\\\/\\\/www.amerinet-gpo.com\\\/fr\\\/a-propos-de-nous\\\/\",\"url\":\"https:\\\/\\\/www.amerinet-gpo.com\\\/fr\\\/a-propos-de-nous\\\/\",\"name\":\"A propos de nous - Amerinet GPO\",\"isPartOf\":{\"@id\":\"https:\\\/\\\/www.amerinet-gpo.com\\\/#website\"},\"datePublished\":\"2020-10-18T13:07:58+00:00\",\"dateModified\":\"2026-02-10T04:10:56+00:00\",\"breadcrumb\":{\"@id\":\"https:\\\/\\\/www.amerinet-gpo.com\\\/fr\\\/a-propos-de-nous\\\/#breadcrumb\"},\"inLanguage\":\"fr-FR\",\"potentialAction\":[{\"@type\":\"ReadAction\",\"target\":[\"https:\\\/\\\/www.amerinet-gpo.com\\\/fr\\\/a-propos-de-nous\\\/\"]}]},{\"@type\":\"BreadcrumbList\",\"@id\":\"https:\\\/\\\/www.amerinet-gpo.com\\\/fr\\\/a-propos-de-nous\\\/#breadcrumb\",\"itemListElement\":[{\"@type\":\"ListItem\",\"position\":1,\"name\":\"Home\",\"item\":\"https:\\\/\\\/www.amerinet-gpo.com\\\/fr\\\/maison-de-marque\\\/\"},{\"@type\":\"ListItem\",\"position\":2,\"name\":\"A propos de nous\"}]},{\"@type\":\"WebSite\",\"@id\":\"https:\\\/\\\/www.amerinet-gpo.com\\\/#website\",\"url\":\"https:\\\/\\\/www.amerinet-gpo.com\\\/\",\"name\":\"Amerinet GPO\",\"description\":\"Bienvenue sur Amerinet GPO, le commerce \u00e9lectronique de produits injectables pour la m\u00e9decine esth\u00e9tique dont le botox et les produits de comblement cutan\u00e9\",\"publisher\":{\"@id\":\"https:\\\/\\\/www.amerinet-gpo.com\\\/#organization\"},\"potentialAction\":[{\"@type\":\"SearchAction\",\"target\":{\"@type\":\"EntryPoint\",\"urlTemplate\":\"https:\\\/\\\/www.amerinet-gpo.com\\\/?s={search_term_string}\"},\"query-input\":{\"@type\":\"PropertyValueSpecification\",\"valueRequired\":true,\"valueName\":\"search_term_string\"}}],\"inLanguage\":\"fr-FR\"},{\"@type\":\"Organization\",\"@id\":\"https:\\\/\\\/www.amerinet-gpo.com\\\/#organization\",\"name\":\"Amerinet GPO\",\"url\":\"https:\\\/\\\/www.amerinet-gpo.com\\\/\",\"logo\":{\"@type\":\"ImageObject\",\"inLanguage\":\"fr-FR\",\"@id\":\"https:\\\/\\\/www.amerinet-gpo.com\\\/#\\\/schema\\\/logo\\\/image\\\/\",\"url\":\"https:\\\/\\\/www.amerinet-gpo.com\\\/wp-content\\\/uploads\\\/2024\\\/03\\\/extendify-demo-logo.png\",\"contentUrl\":\"https:\\\/\\\/www.amerinet-gpo.com\\\/wp-content\\\/uploads\\\/2024\\\/03\\\/extendify-demo-logo.png\",\"width\":96,\"height\":97,\"caption\":\"Amerinet GPO\"},\"image\":{\"@id\":\"https:\\\/\\\/www.amerinet-gpo.com\\\/#\\\/schema\\\/logo\\\/image\\\/\"}}]}<\/script>\n<!-- \/ Yoast SEO plugin. -->","yoast_head_json":{"title":"A propos de nous - Amerinet GPO","robots":{"index":"index","follow":"follow","max-snippet":"max-snippet:-1","max-image-preview":"max-image-preview:large","max-video-preview":"max-video-preview:-1"},"canonical":"https:\/\/www.amerinet-gpo.com\/fr\/a-propos-de-nous\/","og_locale":"fr_FR","og_type":"article","og_title":"A propos de nous - Amerinet GPO","og_description":"Home Notre h\u00e9ritage : Du GPO hospitalier \u00e0 la distribution sp\u00e9cialis\u00e9e Amerinet-GPO s&rsquo;appuie sur 25 ans d&rsquo;excellence en mati\u00e8re d&rsquo;approvisionnement en produits&hellip;","og_url":"https:\/\/www.amerinet-gpo.com\/fr\/a-propos-de-nous\/","og_site_name":"Amerinet GPO","article_modified_time":"2026-02-10T04:10:56+00:00","twitter_card":"summary_large_image","twitter_misc":{"Dur\u00e9e de lecture estim\u00e9e":"3 minutes"},"schema":{"@context":"https:\/\/schema.org","@graph":[{"@type":"WebPage","@id":"https:\/\/www.amerinet-gpo.com\/fr\/a-propos-de-nous\/","url":"https:\/\/www.amerinet-gpo.com\/fr\/a-propos-de-nous\/","name":"A propos de nous - Amerinet GPO","isPartOf":{"@id":"https:\/\/www.amerinet-gpo.com\/#website"},"datePublished":"2020-10-18T13:07:58+00:00","dateModified":"2026-02-10T04:10:56+00:00","breadcrumb":{"@id":"https:\/\/www.amerinet-gpo.com\/fr\/a-propos-de-nous\/#breadcrumb"},"inLanguage":"fr-FR","potentialAction":[{"@type":"ReadAction","target":["https:\/\/www.amerinet-gpo.com\/fr\/a-propos-de-nous\/"]}]},{"@type":"BreadcrumbList","@id":"https:\/\/www.amerinet-gpo.com\/fr\/a-propos-de-nous\/#breadcrumb","itemListElement":[{"@type":"ListItem","position":1,"name":"Home","item":"https:\/\/www.amerinet-gpo.com\/fr\/maison-de-marque\/"},{"@type":"ListItem","position":2,"name":"A propos de nous"}]},{"@type":"WebSite","@id":"https:\/\/www.amerinet-gpo.com\/#website","url":"https:\/\/www.amerinet-gpo.com\/","name":"Amerinet GPO","description":"Bienvenue sur Amerinet GPO, le commerce \u00e9lectronique de produits injectables pour la m\u00e9decine esth\u00e9tique dont le botox et les produits de comblement cutan\u00e9","publisher":{"@id":"https:\/\/www.amerinet-gpo.com\/#organization"},"potentialAction":[{"@type":"SearchAction","target":{"@type":"EntryPoint","urlTemplate":"https:\/\/www.amerinet-gpo.com\/?s={search_term_string}"},"query-input":{"@type":"PropertyValueSpecification","valueRequired":true,"valueName":"search_term_string"}}],"inLanguage":"fr-FR"},{"@type":"Organization","@id":"https:\/\/www.amerinet-gpo.com\/#organization","name":"Amerinet GPO","url":"https:\/\/www.amerinet-gpo.com\/","logo":{"@type":"ImageObject","inLanguage":"fr-FR","@id":"https:\/\/www.amerinet-gpo.com\/#\/schema\/logo\/image\/","url":"https:\/\/www.amerinet-gpo.com\/wp-content\/uploads\/2024\/03\/extendify-demo-logo.png","contentUrl":"https:\/\/www.amerinet-gpo.com\/wp-content\/uploads\/2024\/03\/extendify-demo-logo.png","width":96,"height":97,"caption":"Amerinet GPO"},"image":{"@id":"https:\/\/www.amerinet-gpo.com\/#\/schema\/logo\/image\/"}}]}},"_links":{"self":[{"href":"https:\/\/www.amerinet-gpo.com\/fr\/wp-json\/wp\/v2\/pages\/7044","targetHints":{"allow":["GET"]}}],"collection":[{"href":"https:\/\/www.amerinet-gpo.com\/fr\/wp-json\/wp\/v2\/pages"}],"about":[{"href":"https:\/\/www.amerinet-gpo.com\/fr\/wp-json\/wp\/v2\/types\/page"}],"author":[{"embeddable":true,"href":"https:\/\/www.amerinet-gpo.com\/fr\/wp-json\/wp\/v2\/users\/1"}],"replies":[{"embeddable":true,"href":"https:\/\/www.amerinet-gpo.com\/fr\/wp-json\/wp\/v2\/comments?post=7044"}],"version-history":[{"count":8,"href":"https:\/\/www.amerinet-gpo.com\/fr\/wp-json\/wp\/v2\/pages\/7044\/revisions"}],"predecessor-version":[{"id":10045,"href":"https:\/\/www.amerinet-gpo.com\/fr\/wp-json\/wp\/v2\/pages\/7044\/revisions\/10045"}],"wp:attachment":[{"href":"https:\/\/www.amerinet-gpo.com\/fr\/wp-json\/wp\/v2\/media?parent=7044"}],"curies":[{"name":"wp","href":"https:\/\/api.w.org\/{rel}","templated":true}]}}