{"id":6887,"date":"2024-03-21T21:08:42","date_gmt":"2024-03-21T21:08:42","guid":{"rendered":"https:\/\/www.amerinet-gpo.com\/boutique-2\/"},"modified":"2024-04-02T08:46:03","modified_gmt":"2024-04-02T08:46:03","slug":"boutique-2","status":"publish","type":"page","link":"https:\/\/www.amerinet-gpo.com\/fr\/boutique-2\/","title":{"rendered":"Boutique"},"content":{"rendered":"\n<div class=\"wp-block-group alignfull has-background-background-color has-background\" style=\"margin-top:0;margin-bottom:0;padding-top:0\"><div class=\"wp-block-group__inner-container is-layout-constrained wp-block-group-is-layout-constrained\">\n<div class=\"wp-block-cover alignfull ext-import\" style=\"padding-top:0;padding-right:0;padding-bottom:0;padding-left:0;min-height:50px;aspect-ratio:unset;\"><span aria-hidden=\"true\" class=\"wp-block-cover__background has-black-background-color has-background-dim-60 has-background-dim\"><\/span><img decoding=\"async\" class=\"wp-block-cover__image-background\" alt=\"\" src=\"https:\/\/images.unsplash.com\/photo-1588702547919-26089e690ecc?fit=crop&amp;crop=entropy%2Cfaces&amp;auto=format%2Ccompress&amp;w=1280\" data-object-fit=\"cover\"\/><div class=\"wp-block-cover__inner-container is-layout-flow wp-block-cover-is-layout-flow\">\n<div class=\"wp-block-group\" style=\"padding-top:var(--wp--preset--spacing--60);padding-right:var(--wp--preset--spacing--30);padding-bottom:var(--wp--preset--spacing--60);padding-left:var(--wp--preset--spacing--30)\"><div class=\"wp-block-group__inner-container is-layout-constrained wp-container-core-group-is-layout-6f516be5 wp-block-group-is-layout-constrained\">\n<h1 class=\"wp-block-heading has-text-align-center has-text-color has-x-large-font-size\" style=\"color:#fffffffc\">D\u00e9couvrir le meilleur magasin en ligne<\/h1>\n<\/div><\/div>\n<\/div><\/div>\n<\/div><\/div>\n\n<div class=\"wp-block-group alignfull has-background-background-color has-background\" style=\"margin-top:0;margin-bottom:0;padding-top:var(--wp--preset--spacing--60);padding-right:var(--wp--preset--spacing--30);padding-bottom:var(--wp--preset--spacing--60);padding-left:var(--wp--preset--spacing--30)\"><div class=\"wp-block-group__inner-container is-layout-constrained wp-container-core-group-is-layout-392eb801 wp-block-group-is-layout-constrained\">\n<div class=\"wp-block-group alignwide is-content-justification-left\"><div class=\"wp-block-group__inner-container is-layout-constrained wp-container-core-group-is-layout-eded1d97 wp-block-group-is-layout-constrained\">\n<h3 class=\"wp-block-heading\">D\u00e9couvrez des produits uniques dans notre boutique en ligne<\/h3>\n\n\n\n<p style=\"margin-top:16px\">D\u00e9couvrez une s\u00e9lection de produits de qualit\u00e9, des gadgets technologiques aux articles de maison, \u00e0 des prix comp\u00e9titifs. Acheter maintenant !<\/p>\n<\/div><\/div>\n\n\n\n<div class=\"wp-block-columns alignwide is-layout-flex wp-container-core-columns-is-layout-9d6595d7 wp-block-columns-is-layout-flex\">\n<div class=\"wp-block-column is-layout-flow wp-block-column-is-layout-flow\">\n<figure class=\"wp-block-image ext-import\"><img decoding=\"async\" src=\"https:\/\/images.unsplash.com\/photo-1582004531564-50f300aae039?fit=crop&amp;crop=entropy%2Cfaces&amp;auto=format%2Ccompress&amp;w=1280&amp;h=1280\" alt=\"\"\/><\/figure>\n\n\n\n<h3 class=\"wp-block-heading has-text-align-left\" style=\"margin-top:20px;font-size:18px\">Ecouteurs sans fil Bluetooth<\/h3>\n\n\n\n<p class=\"has-small-font-size\" style=\"margin-top:4px;font-style:normal;font-weight:700\">\u00a399.99<\/p>\n\n\n\n<div class=\"wp-block-buttons is-layout-flex wp-block-buttons-is-layout-flex\" style=\"margin-top:24px\">\n<div class=\"wp-block-button has-custom-font-size has-small-font-size\"><a class=\"wp-block-button__link wp-element-button\">Acheter<\/a><\/div>\n<\/div>\n<\/div>\n\n\n\n<div class=\"wp-block-column is-layout-flow wp-block-column-is-layout-flow\">\n<figure class=\"wp-block-image ext-import\"><img decoding=\"async\" src=\"https:\/\/images.unsplash.com\/photo-1586880244386-8b3e34c8382c?fit=crop&amp;crop=entropy%2Cfaces&amp;auto=format%2Ccompress&amp;w=1280&amp;h=1280\" alt=\"\"\/><\/figure>\n\n\n\n<h3 class=\"wp-block-heading has-text-align-left\" style=\"margin-top:20px;font-size:18px\">Cam\u00e9ra de s\u00e9curit\u00e9 domestique intelligente<\/h3>\n\n\n\n<p class=\"has-small-font-size\" style=\"margin-top:4px;font-style:normal;font-weight:700\">\u00a349.99<\/p>\n\n\n\n<div class=\"wp-block-buttons is-layout-flex wp-block-buttons-is-layout-flex\" style=\"margin-top:24px\">\n<div class=\"wp-block-button has-custom-font-size has-small-font-size\"><a class=\"wp-block-button__link wp-element-button\">Acheter<\/a><\/div>\n<\/div>\n<\/div>\n\n\n\n<div class=\"wp-block-column is-layout-flow wp-block-column-is-layout-flow\">\n<figure class=\"wp-block-image ext-import\"><img decoding=\"async\" src=\"https:\/\/images.unsplash.com\/photo-1587614382346-4ec70e388b28?fit=crop&amp;crop=entropy%2Cfaces&amp;auto=format%2Ccompress&amp;w=1280&amp;h=1280\" alt=\"\"\/><\/figure>\n\n\n\n<h3 class=\"wp-block-heading has-text-align-left\" style=\"margin-top:20px;font-size:18px\">Banque d&rsquo;alimentation portable<\/h3>\n\n\n\n<p class=\"has-small-font-size\" style=\"margin-top:4px;font-style:normal;font-weight:700\">\u00a379.99<\/p>\n\n\n\n<div class=\"wp-block-buttons is-layout-flex wp-block-buttons-is-layout-flex\" style=\"margin-top:24px\">\n<div class=\"wp-block-button has-custom-font-size has-small-font-size\"><a class=\"wp-block-button__link wp-element-button\">Acheter<\/a><\/div>\n<\/div>\n<\/div>\n\n\n\n<div class=\"wp-block-column is-layout-flow wp-block-column-is-layout-flow\">\n<figure class=\"wp-block-image ext-import\"><img decoding=\"async\" src=\"https:\/\/images.unsplash.com\/photo-1556740714-a8395b3bf30f?fit=crop&amp;crop=entropy%2Cfaces&amp;auto=format%2Ccompress&amp;w=1280&amp;h=1280\" alt=\"\"\/><\/figure>\n\n\n\n<h3 class=\"wp-block-heading has-text-align-left\" style=\"margin-top:20px;font-size:18px\">Accessoires de mode<\/h3>\n\n\n\n<p class=\"has-small-font-size\" style=\"margin-top:4px;font-style:normal;font-weight:700\">\u00a3129.99<\/p>\n\n\n\n<div class=\"wp-block-buttons is-layout-flex wp-block-buttons-is-layout-flex\" style=\"margin-top:24px\">\n<div class=\"wp-block-button has-custom-font-size has-small-font-size\"><a class=\"wp-block-button__link wp-element-button\">Acheter<\/a><\/div>\n<\/div>\n<\/div>\n<\/div>\n\n\n\n<div class=\"wp-block-columns alignwide is-layout-flex wp-container-core-columns-is-layout-9d6595d7 wp-block-columns-is-layout-flex\">\n<div class=\"wp-block-column is-layout-flow wp-block-column-is-layout-flow\">\n<figure class=\"wp-block-image ext-import\"><img decoding=\"async\" src=\"https:\/\/images.unsplash.com\/photo-1599050751795-6cdaafbc2319?fit=crop&amp;crop=entropy%2Cfaces&amp;auto=format%2Ccompress&amp;w=1280&amp;h=1280\" alt=\"\"\/><\/figure>\n\n\n\n<h3 class=\"wp-block-heading has-text-align-left\" style=\"margin-top:20px;font-size:18px\">Banque d&rsquo;alimentation portable<\/h3>\n\n\n\n<p class=\"has-small-font-size\" style=\"margin-top:4px;font-style:normal;font-weight:700\">\u00a379.99<\/p>\n\n\n\n<div class=\"wp-block-buttons is-layout-flex wp-block-buttons-is-layout-flex\" style=\"margin-top:24px\">\n<div class=\"wp-block-button has-custom-font-size has-small-font-size\"><a class=\"wp-block-button__link wp-element-button\">Acheter<\/a><\/div>\n<\/div>\n<\/div>\n\n\n\n<div class=\"wp-block-column is-layout-flow wp-block-column-is-layout-flow\">\n<figure class=\"wp-block-image ext-import\"><img decoding=\"async\" src=\"https:\/\/images.unsplash.com\/photo-1617021483925-a331d536133d?fit=crop&amp;crop=entropy%2Cfaces&amp;auto=format%2Ccompress&amp;w=1280&amp;h=1280\" alt=\"\"\/><\/figure>\n\n\n\n<h3 class=\"wp-block-heading has-text-align-left\" style=\"margin-top:20px;font-size:18px\">Ecouteurs sans fil Bluetooth<\/h3>\n\n\n\n<p class=\"has-small-font-size\" style=\"margin-top:4px;font-style:normal;font-weight:700\">\u00a399.99<\/p>\n\n\n\n<div class=\"wp-block-buttons is-layout-flex wp-block-buttons-is-layout-flex\" style=\"margin-top:24px\">\n<div class=\"wp-block-button has-custom-font-size has-small-font-size\"><a class=\"wp-block-button__link wp-element-button\">Acheter<\/a><\/div>\n<\/div>\n<\/div>\n\n\n\n<div class=\"wp-block-column is-layout-flow wp-block-column-is-layout-flow\">\n<figure class=\"wp-block-image ext-import\"><img decoding=\"async\" src=\"https:\/\/images.unsplash.com\/photo-1628199856702-e33fc268e783?fit=crop&amp;crop=entropy%2Cfaces&amp;auto=format%2Ccompress&amp;w=1280&amp;h=1280\" alt=\"\"\/><\/figure>\n\n\n\n<h3 class=\"wp-block-heading has-text-align-left\" style=\"margin-top:20px;font-size:18px\">Accessoires de mode<\/h3>\n\n\n\n<p class=\"has-small-font-size\" style=\"margin-top:4px;font-style:normal;font-weight:700\">\u00a3129.99<\/p>\n\n\n\n<div class=\"wp-block-buttons is-layout-flex wp-block-buttons-is-layout-flex\" style=\"margin-top:24px\">\n<div class=\"wp-block-button has-custom-font-size has-small-font-size\"><a class=\"wp-block-button__link wp-element-button\">Acheter<\/a><\/div>\n<\/div>\n<\/div>\n\n\n\n<div class=\"wp-block-column is-layout-flow wp-block-column-is-layout-flow\">\n<figure class=\"wp-block-image ext-import\"><img decoding=\"async\" src=\"https:\/\/images.unsplash.com\/photo-1556745757-8d76bdb6984b?fit=crop&amp;crop=entropy%2Cfaces&amp;auto=format%2Ccompress&amp;w=1280&amp;h=1280\" alt=\"\"\/><\/figure>\n\n\n\n<h3 class=\"wp-block-heading has-text-align-left\" style=\"margin-top:20px;font-size:18px\">Cam\u00e9ra de s\u00e9curit\u00e9 domestique intelligente<\/h3>\n\n\n\n<p class=\"has-small-font-size\" style=\"margin-top:4px;font-style:normal;font-weight:700\">\u00a349.99<\/p>\n\n\n\n<div class=\"wp-block-buttons is-layout-flex wp-block-buttons-is-layout-flex\" style=\"margin-top:24px\">\n<div class=\"wp-block-button has-custom-font-size has-small-font-size\"><a class=\"wp-block-button__link wp-element-button\">Acheter<\/a><\/div>\n<\/div>\n<\/div>\n<\/div>\n<\/div><\/div>\n\n<div class=\"wp-block-group alignfull has-background-background-color has-background\" style=\"padding-top:var(--wp--preset--spacing--60);padding-right:var(--wp--preset--spacing--30);padding-bottom:var(--wp--preset--spacing--60);padding-left:var(--wp--preset--spacing--30)\"><div class=\"wp-block-group__inner-container is-layout-constrained wp-container-core-group-is-layout-7088e677 wp-block-group-is-layout-constrained\">\n<div class=\"wp-block-media-text alignwide has-media-on-the-right is-stacked-on-mobile is-vertically-aligned-center is-image-fill ext-import\" style=\"padding-right:0;padding-left:0;grid-template-columns:auto 40%\"><div class=\"wp-block-media-text__content\">\n<div class=\"wp-block-group is-content-justification-left\" style=\"padding-top:var(--wp--preset--spacing--30);padding-right:0;padding-bottom:var(--wp--preset--spacing--30);padding-left:0\"><div class=\"wp-block-group__inner-container is-layout-constrained wp-container-core-group-is-layout-9a0c8d9f wp-block-group-is-layout-constrained\">\n<h3 class=\"wp-block-heading\" style=\"margin-top:12px\">Des produits de qualit\u00e9 \u00e0 des prix imbattables &#8211; Shop Now !<\/h3>\n\n\n\n<p style=\"margin-top:16px\">D\u00e9couvrez le premier magasin en ligne de la Silicon Valley. Magasinez des gadgets technologiques, des articles pour la maison et plus encore \u00e0 des prix imbattables. Profitez d&rsquo;une exp\u00e9rience d&rsquo;achat sans faille avec nous.<\/p>\n\n\n\n<ul class=\"has-small-font-size wp-block-list\" style=\"line-height:2\">\n<li>Large choix de produits de qualit\u00e9<\/li>\n\n\n\n<li>Des prix abordables pour tous<\/li>\n\n\n\n<li>Excellent service \u00e0 la client\u00e8le<\/li>\n\n\n\n<li>Une livraison rapide comme l&rsquo;\u00e9clair \u00e0 votre porte<\/li>\n\n\n\n<li>Une exp\u00e9rience d&rsquo;achat en ligne sans faille<\/li>\n<\/ul>\n\n\n\n<div class=\"wp-block-buttons is-layout-flex wp-block-buttons-is-layout-flex\" style=\"margin-top:var(--wp--preset--spacing--40)\">\n<div class=\"wp-block-button\"><a class=\"wp-block-button__link wp-element-button\">Acheter<\/a><\/div>\n\n\n\n<div class=\"wp-block-button is-style-outline is-style-outline--1\"><a class=\"wp-block-button__link wp-element-button\">En savoir plus<\/a><\/div>\n<\/div>\n<\/div><\/div>\n<\/div><figure class=\"wp-block-media-text__media\" style=\"background-image:url(https:\/\/images.unsplash.com\/photo-1599050751795-6cdaafbc2319?fit=crop&amp;crop=entropy%2Cfaces&amp;auto=format%2Ccompress&amp;w=1280);background-position:50% 50%\"><img decoding=\"async\" src=\"https:\/\/images.unsplash.com\/photo-1599050751795-6cdaafbc2319?fit=crop&amp;crop=entropy%2Cfaces&amp;auto=format%2Ccompress&amp;w=1280\" alt=\"\"\/><\/figure><\/div>\n<\/div><\/div>\n","protected":false},"excerpt":{"rendered":"<p>D\u00e9couvrez des produits uniques dans notre boutique en ligne D\u00e9couvrez une s\u00e9lection de produits de qualit\u00e9, des gadgets technologiques aux articles de&hellip;<\/p>\n","protected":false},"author":1,"featured_media":0,"parent":0,"menu_order":0,"comment_status":"closed","ping_status":"closed","template":"","meta":{"footnotes":""},"class_list":["post-6887","page","type-page","status-publish","hentry"],"yoast_head":"<!-- This site is optimized with the Yoast SEO plugin v27.5 - https:\/\/yoast.com\/product\/yoast-seo-wordpress\/ -->\n<title>Boutique - Amerinet GPO<\/title>\n<meta name=\"robots\" content=\"index, follow, max-snippet:-1, max-image-preview:large, max-video-preview:-1\" \/>\n<link rel=\"canonical\" href=\"https:\/\/www.amerinet-gpo.com\/fr\/boutique-2\/\" \/>\n<meta property=\"og:locale\" content=\"fr_FR\" \/>\n<meta property=\"og:type\" content=\"article\" \/>\n<meta property=\"og:title\" content=\"Boutique - Amerinet GPO\" \/>\n<meta property=\"og:description\" content=\"D\u00e9couvrez des produits uniques dans notre boutique en ligne D\u00e9couvrez une s\u00e9lection de produits de qualit\u00e9, des gadgets technologiques aux articles de&hellip;\" \/>\n<meta property=\"og:url\" content=\"https:\/\/www.amerinet-gpo.com\/fr\/boutique-2\/\" \/>\n<meta property=\"og:site_name\" content=\"Amerinet GPO\" \/>\n<meta property=\"article:modified_time\" content=\"2024-04-02T08:46:03+00:00\" \/>\n<meta property=\"og:image\" content=\"https:\/\/images.unsplash.com\/photo-1588702547919-26089e690ecc?fit=crop&amp;crop=entropy%2Cfaces&amp;auto=format%2Ccompress&amp;w=1280\" \/>\n<meta name=\"twitter:card\" content=\"summary_large_image\" \/>\n<meta name=\"twitter:label1\" content=\"Dur\u00e9e de lecture estim\u00e9e\" \/>\n\t<meta name=\"twitter:data1\" content=\"1 minute\" \/>\n<script type=\"application\/ld+json\" class=\"yoast-schema-graph\">{\"@context\":\"https:\\\/\\\/schema.org\",\"@graph\":[{\"@type\":\"WebPage\",\"@id\":\"https:\\\/\\\/www.amerinet-gpo.com\\\/fr\\\/boutique-2\\\/\",\"url\":\"https:\\\/\\\/www.amerinet-gpo.com\\\/fr\\\/boutique-2\\\/\",\"name\":\"Boutique - Amerinet GPO\",\"isPartOf\":{\"@id\":\"https:\\\/\\\/www.amerinet-gpo.com\\\/#website\"},\"primaryImageOfPage\":{\"@id\":\"https:\\\/\\\/www.amerinet-gpo.com\\\/fr\\\/boutique-2\\\/#primaryimage\"},\"image\":{\"@id\":\"https:\\\/\\\/www.amerinet-gpo.com\\\/fr\\\/boutique-2\\\/#primaryimage\"},\"thumbnailUrl\":\"https:\\\/\\\/images.unsplash.com\\\/photo-1588702547919-26089e690ecc?fit=crop&amp;crop=entropy%2Cfaces&amp;auto=format%2Ccompress&amp;w=1280\",\"datePublished\":\"2024-03-21T21:08:42+00:00\",\"dateModified\":\"2024-04-02T08:46:03+00:00\",\"breadcrumb\":{\"@id\":\"https:\\\/\\\/www.amerinet-gpo.com\\\/fr\\\/boutique-2\\\/#breadcrumb\"},\"inLanguage\":\"fr-FR\",\"potentialAction\":[{\"@type\":\"ReadAction\",\"target\":[\"https:\\\/\\\/www.amerinet-gpo.com\\\/fr\\\/boutique-2\\\/\"]}]},{\"@type\":\"ImageObject\",\"inLanguage\":\"fr-FR\",\"@id\":\"https:\\\/\\\/www.amerinet-gpo.com\\\/fr\\\/boutique-2\\\/#primaryimage\",\"url\":\"https:\\\/\\\/images.unsplash.com\\\/photo-1588702547919-26089e690ecc?fit=crop&amp;crop=entropy%2Cfaces&amp;auto=format%2Ccompress&amp;w=1280\",\"contentUrl\":\"https:\\\/\\\/images.unsplash.com\\\/photo-1588702547919-26089e690ecc?fit=crop&amp;crop=entropy%2Cfaces&amp;auto=format%2Ccompress&amp;w=1280\"},{\"@type\":\"BreadcrumbList\",\"@id\":\"https:\\\/\\\/www.amerinet-gpo.com\\\/fr\\\/boutique-2\\\/#breadcrumb\",\"itemListElement\":[{\"@type\":\"ListItem\",\"position\":1,\"name\":\"Home\",\"item\":\"https:\\\/\\\/www.amerinet-gpo.com\\\/fr\\\/maison-de-marque\\\/\"},{\"@type\":\"ListItem\",\"position\":2,\"name\":\"Boutique\"}]},{\"@type\":\"WebSite\",\"@id\":\"https:\\\/\\\/www.amerinet-gpo.com\\\/#website\",\"url\":\"https:\\\/\\\/www.amerinet-gpo.com\\\/\",\"name\":\"Amerinet GPO\",\"description\":\"Bienvenue sur Amerinet GPO, le commerce \u00e9lectronique de produits injectables pour la m\u00e9decine esth\u00e9tique dont le botox et les produits de comblement cutan\u00e9\",\"publisher\":{\"@id\":\"https:\\\/\\\/www.amerinet-gpo.com\\\/#organization\"},\"potentialAction\":[{\"@type\":\"SearchAction\",\"target\":{\"@type\":\"EntryPoint\",\"urlTemplate\":\"https:\\\/\\\/www.amerinet-gpo.com\\\/?s={search_term_string}\"},\"query-input\":{\"@type\":\"PropertyValueSpecification\",\"valueRequired\":true,\"valueName\":\"search_term_string\"}}],\"inLanguage\":\"fr-FR\"},{\"@type\":\"Organization\",\"@id\":\"https:\\\/\\\/www.amerinet-gpo.com\\\/#organization\",\"name\":\"Amerinet GPO\",\"url\":\"https:\\\/\\\/www.amerinet-gpo.com\\\/\",\"logo\":{\"@type\":\"ImageObject\",\"inLanguage\":\"fr-FR\",\"@id\":\"https:\\\/\\\/www.amerinet-gpo.com\\\/#\\\/schema\\\/logo\\\/image\\\/\",\"url\":\"https:\\\/\\\/www.amerinet-gpo.com\\\/wp-content\\\/uploads\\\/2024\\\/03\\\/extendify-demo-logo.png\",\"contentUrl\":\"https:\\\/\\\/www.amerinet-gpo.com\\\/wp-content\\\/uploads\\\/2024\\\/03\\\/extendify-demo-logo.png\",\"width\":96,\"height\":97,\"caption\":\"Amerinet GPO\"},\"image\":{\"@id\":\"https:\\\/\\\/www.amerinet-gpo.com\\\/#\\\/schema\\\/logo\\\/image\\\/\"}}]}<\/script>\n<!-- \/ Yoast SEO plugin. -->","yoast_head_json":{"title":"Boutique - Amerinet GPO","robots":{"index":"index","follow":"follow","max-snippet":"max-snippet:-1","max-image-preview":"max-image-preview:large","max-video-preview":"max-video-preview:-1"},"canonical":"https:\/\/www.amerinet-gpo.com\/fr\/boutique-2\/","og_locale":"fr_FR","og_type":"article","og_title":"Boutique - Amerinet GPO","og_description":"D\u00e9couvrez des produits uniques dans notre boutique en ligne D\u00e9couvrez une s\u00e9lection de produits de qualit\u00e9, des gadgets technologiques aux articles de&hellip;","og_url":"https:\/\/www.amerinet-gpo.com\/fr\/boutique-2\/","og_site_name":"Amerinet GPO","article_modified_time":"2024-04-02T08:46:03+00:00","og_image":[{"url":"https:\/\/images.unsplash.com\/photo-1588702547919-26089e690ecc?fit=crop&amp;crop=entropy%2Cfaces&amp;auto=format%2Ccompress&amp;w=1280","type":"","width":"","height":""}],"twitter_card":"summary_large_image","twitter_misc":{"Dur\u00e9e de lecture estim\u00e9e":"1 minute"},"schema":{"@context":"https:\/\/schema.org","@graph":[{"@type":"WebPage","@id":"https:\/\/www.amerinet-gpo.com\/fr\/boutique-2\/","url":"https:\/\/www.amerinet-gpo.com\/fr\/boutique-2\/","name":"Boutique - Amerinet GPO","isPartOf":{"@id":"https:\/\/www.amerinet-gpo.com\/#website"},"primaryImageOfPage":{"@id":"https:\/\/www.amerinet-gpo.com\/fr\/boutique-2\/#primaryimage"},"image":{"@id":"https:\/\/www.amerinet-gpo.com\/fr\/boutique-2\/#primaryimage"},"thumbnailUrl":"https:\/\/images.unsplash.com\/photo-1588702547919-26089e690ecc?fit=crop&amp;crop=entropy%2Cfaces&amp;auto=format%2Ccompress&amp;w=1280","datePublished":"2024-03-21T21:08:42+00:00","dateModified":"2024-04-02T08:46:03+00:00","breadcrumb":{"@id":"https:\/\/www.amerinet-gpo.com\/fr\/boutique-2\/#breadcrumb"},"inLanguage":"fr-FR","potentialAction":[{"@type":"ReadAction","target":["https:\/\/www.amerinet-gpo.com\/fr\/boutique-2\/"]}]},{"@type":"ImageObject","inLanguage":"fr-FR","@id":"https:\/\/www.amerinet-gpo.com\/fr\/boutique-2\/#primaryimage","url":"https:\/\/images.unsplash.com\/photo-1588702547919-26089e690ecc?fit=crop&amp;crop=entropy%2Cfaces&amp;auto=format%2Ccompress&amp;w=1280","contentUrl":"https:\/\/images.unsplash.com\/photo-1588702547919-26089e690ecc?fit=crop&amp;crop=entropy%2Cfaces&amp;auto=format%2Ccompress&amp;w=1280"},{"@type":"BreadcrumbList","@id":"https:\/\/www.amerinet-gpo.com\/fr\/boutique-2\/#breadcrumb","itemListElement":[{"@type":"ListItem","position":1,"name":"Home","item":"https:\/\/www.amerinet-gpo.com\/fr\/maison-de-marque\/"},{"@type":"ListItem","position":2,"name":"Boutique"}]},{"@type":"WebSite","@id":"https:\/\/www.amerinet-gpo.com\/#website","url":"https:\/\/www.amerinet-gpo.com\/","name":"Amerinet GPO","description":"Bienvenue sur Amerinet GPO, le commerce \u00e9lectronique de produits injectables pour la m\u00e9decine esth\u00e9tique dont le botox et les produits de comblement cutan\u00e9","publisher":{"@id":"https:\/\/www.amerinet-gpo.com\/#organization"},"potentialAction":[{"@type":"SearchAction","target":{"@type":"EntryPoint","urlTemplate":"https:\/\/www.amerinet-gpo.com\/?s={search_term_string}"},"query-input":{"@type":"PropertyValueSpecification","valueRequired":true,"valueName":"search_term_string"}}],"inLanguage":"fr-FR"},{"@type":"Organization","@id":"https:\/\/www.amerinet-gpo.com\/#organization","name":"Amerinet GPO","url":"https:\/\/www.amerinet-gpo.com\/","logo":{"@type":"ImageObject","inLanguage":"fr-FR","@id":"https:\/\/www.amerinet-gpo.com\/#\/schema\/logo\/image\/","url":"https:\/\/www.amerinet-gpo.com\/wp-content\/uploads\/2024\/03\/extendify-demo-logo.png","contentUrl":"https:\/\/www.amerinet-gpo.com\/wp-content\/uploads\/2024\/03\/extendify-demo-logo.png","width":96,"height":97,"caption":"Amerinet GPO"},"image":{"@id":"https:\/\/www.amerinet-gpo.com\/#\/schema\/logo\/image\/"}}]}},"_links":{"self":[{"href":"https:\/\/www.amerinet-gpo.com\/fr\/wp-json\/wp\/v2\/pages\/6887","targetHints":{"allow":["GET"]}}],"collection":[{"href":"https:\/\/www.amerinet-gpo.com\/fr\/wp-json\/wp\/v2\/pages"}],"about":[{"href":"https:\/\/www.amerinet-gpo.com\/fr\/wp-json\/wp\/v2\/types\/page"}],"author":[{"embeddable":true,"href":"https:\/\/www.amerinet-gpo.com\/fr\/wp-json\/wp\/v2\/users\/1"}],"replies":[{"embeddable":true,"href":"https:\/\/www.amerinet-gpo.com\/fr\/wp-json\/wp\/v2\/comments?post=6887"}],"version-history":[{"count":1,"href":"https:\/\/www.amerinet-gpo.com\/fr\/wp-json\/wp\/v2\/pages\/6887\/revisions"}],"predecessor-version":[{"id":6911,"href":"https:\/\/www.amerinet-gpo.com\/fr\/wp-json\/wp\/v2\/pages\/6887\/revisions\/6911"}],"wp:attachment":[{"href":"https:\/\/www.amerinet-gpo.com\/fr\/wp-json\/wp\/v2\/media?parent=6887"}],"curies":[{"name":"wp","href":"https:\/\/api.w.org\/{rel}","templated":true}]}}