{"id":6882,"date":"2020-10-27T11:57:35","date_gmt":"2020-10-27T11:57:35","guid":{"rendered":"https:\/\/www.amerinet-gpo.com\/mode-maintenance\/"},"modified":"2026-02-03T21:51:31","modified_gmt":"2026-02-03T21:51:31","slug":"mode-maintenance","status":"publish","type":"page","link":"https:\/\/www.amerinet-gpo.com\/fr\/mode-maintenance\/","title":{"rendered":"Mode maintenance"},"content":{"rendered":"\t\t<div data-elementor-type=\"wp-page\" data-elementor-id=\"6882\" class=\"elementor elementor-6882 elementor-389\">\n\t\t\t\t\t\t<section class=\"elementor-section elementor-top-section elementor-element elementor-element-2c48769 elementor-section-height-full elementor-section-content-middle elementor-section-boxed elementor-section-height-default elementor-section-items-middle\" data-id=\"2c48769\" data-element_type=\"section\" data-e-type=\"section\" data-settings=\"{&quot;background_background&quot;:&quot;classic&quot;}\">\n\t\t\t\t\t\t<div class=\"elementor-container elementor-column-gap-no\">\n\t\t\t\t\t<div class=\"elementor-column elementor-col-50 elementor-top-column elementor-element elementor-element-43f5d57\" data-id=\"43f5d57\" data-element_type=\"column\" data-e-type=\"column\" data-settings=\"{&quot;background_background&quot;:&quot;classic&quot;}\">\n\t\t\t<div class=\"elementor-widget-wrap elementor-element-populated\">\n\t\t\t\t\t\t<div class=\"elementor-element elementor-element-94a42bd elementor-widget elementor-widget-ideapark-heading\" data-id=\"94a42bd\" data-element_type=\"widget\" data-e-type=\"widget\" data-widget_type=\"ideapark-heading.default\">\n\t\t\t\t<div class=\"elementor-widget-container\">\n\t\t\t\t\t<div class=\"c-ip-heading c-ip-heading--small c-ip-heading--center c-ip-heading--bullet-after\"><span class=\"c-ip-heading__inner\">Notre site web<\/span><\/div>\t\t\t\t<\/div>\n\t\t\t\t<\/div>\n\t\t\t\t<div class=\"elementor-element elementor-element-12132c9 elementor-widget elementor-widget-ideapark-heading\" data-id=\"12132c9\" data-element_type=\"widget\" data-e-type=\"widget\" data-widget_type=\"ideapark-heading.default\">\n\t\t\t\t<div class=\"elementor-widget-container\">\n\t\t\t\t\t<div class=\"c-ip-heading c-ip-heading--medium c-ip-heading--center c-ip-heading--bullet-hide\"><span class=\"c-ip-heading__inner\">Ouverture prochaine<\/span><\/div>\t\t\t\t<\/div>\n\t\t\t\t<\/div>\n\t\t\t\t<div class=\"elementor-element elementor-element-a35ab1a elementor-widget elementor-widget-ideapark-heading\" data-id=\"a35ab1a\" data-element_type=\"widget\" data-e-type=\"widget\" data-widget_type=\"ideapark-heading.default\">\n\t\t\t\t<div class=\"elementor-widget-container\">\n\t\t\t\t\t<div class=\"c-ip-heading c-ip-heading--default c-ip-heading--center c-ip-heading--bullet-hide\"><span class=\"c-ip-heading__inner\">Nulla in faucibus praesent scelerisque neque ut tellus dolor. Auctor lorem convallis vulputate tincidunt tellus quis molestie pulvinar.  <\/span><\/div>\t\t\t\t<\/div>\n\t\t\t\t<\/div>\n\t\t\t\t<div class=\"elementor-element elementor-element-ac34f1c elementor-widget elementor-widget-ideapark-countdown\" data-id=\"ac34f1c\" data-element_type=\"widget\" data-e-type=\"widget\" data-widget_type=\"ideapark-countdown.default\">\n\t\t\t\t<div class=\"elementor-widget-container\">\n\t\t\t\t\t\t\t<script>\n\t\t\tvar\n\t\t\t\tideapark_countdown_months = 'Months',\n\t\t\t\tideapark_countdown_weeks = 'Weeks',\n\t\t\t\tideapark_countdown_days = 'Days',\n\t\t\t\tideapark_countdown_hours = 'Hours',\n\t\t\t\tideapark_countdown_minutes = 'Minutes',\n\t\t\t\tideapark_countdown_seconds = 'Seconds';\n\t\t<\/script>\n\t\t<div class=\"c-ip-countdown\">\n\t\t\t<div\n\t\t\t\tclass=\"c-ip-countdown__wrap js-countdown\"\n\t\t\t\tdata-date=\"2020-12-31 12:00\"\n\t\t\t\tdata-month=\"no\"\t\t\t\tdata-week=\"no\"\t\t\t\t>\n\t\t\t<\/div>\n\t\t<\/div>\n\t\t\t\t\t\t<\/div>\n\t\t\t\t<\/div>\n\t\t\t\t<div class=\"elementor-element elementor-element-85cce8b elementor-align-center elementor-widget elementor-widget-ideapark-button\" data-id=\"85cce8b\" data-element_type=\"widget\" data-e-type=\"widget\" data-widget_type=\"ideapark-button.default\">\n\t\t\t\t<div class=\"elementor-widget-container\">\n\t\t\t\t\t\t\t<div class=\"c-ip-button__wrap\">\n\t\t\t<a href=\"#\" class=\"c-button c-ip-button c-button--default\" role=\"button\">\n\t\t\t\t\t\t\t\t<span class=\"c-ip-button__text\">Me pr\u00e9venir<\/span>\n\t\t\t\t\t\t\t<\/a>\n\t\t<\/div>\n\t\t\t\t\t\t<\/div>\n\t\t\t\t<\/div>\n\t\t\t\t\t<\/div>\n\t\t<\/div>\n\t\t\t\t<div class=\"elementor-column elementor-col-50 elementor-top-column elementor-element elementor-element-caee1af\" data-id=\"caee1af\" data-element_type=\"column\" data-e-type=\"column\">\n\t\t\t<div class=\"elementor-widget-wrap\">\n\t\t\t\t\t\t\t<\/div>\n\t\t<\/div>\n\t\t\t\t\t<\/div>\n\t\t<\/section>\n\t\t\t\t<\/div>\n\t\t","protected":false},"excerpt":{"rendered":"<p>Notre site web Ouverture prochaine Nulla in faucibus praesent scelerisque neque ut tellus dolor. Auctor lorem convallis vulputate tincidunt tellus quis molestie&hellip;<\/p>\n","protected":false},"author":1,"featured_media":0,"parent":0,"menu_order":0,"comment_status":"closed","ping_status":"closed","template":"elementor_header_footer","meta":{"footnotes":""},"class_list":["post-6882","page","type-page","status-publish","hentry"],"yoast_head":"<!-- This site is optimized with the Yoast SEO plugin v27.5 - https:\/\/yoast.com\/product\/yoast-seo-wordpress\/ -->\n<title>Mode maintenance - Amerinet GPO<\/title>\n<meta name=\"robots\" content=\"index, follow, max-snippet:-1, max-image-preview:large, max-video-preview:-1\" \/>\n<link rel=\"canonical\" href=\"https:\/\/www.amerinet-gpo.com\/fr\/mode-maintenance\/\" \/>\n<meta property=\"og:locale\" content=\"fr_FR\" \/>\n<meta property=\"og:type\" content=\"article\" \/>\n<meta property=\"og:title\" content=\"Mode maintenance - Amerinet GPO\" \/>\n<meta property=\"og:description\" content=\"Notre site web Ouverture prochaine Nulla in faucibus praesent scelerisque neque ut tellus dolor. Auctor lorem convallis vulputate tincidunt tellus quis molestie&hellip;\" \/>\n<meta property=\"og:url\" content=\"https:\/\/www.amerinet-gpo.com\/fr\/mode-maintenance\/\" \/>\n<meta property=\"og:site_name\" content=\"Amerinet GPO\" \/>\n<meta property=\"article:modified_time\" content=\"2026-02-03T21:51:31+00:00\" \/>\n<meta name=\"twitter:card\" content=\"summary_large_image\" \/>\n<script type=\"application\/ld+json\" class=\"yoast-schema-graph\">{\"@context\":\"https:\\\/\\\/schema.org\",\"@graph\":[{\"@type\":\"WebPage\",\"@id\":\"https:\\\/\\\/www.amerinet-gpo.com\\\/fr\\\/mode-maintenance\\\/\",\"url\":\"https:\\\/\\\/www.amerinet-gpo.com\\\/fr\\\/mode-maintenance\\\/\",\"name\":\"Mode maintenance - Amerinet GPO\",\"isPartOf\":{\"@id\":\"https:\\\/\\\/www.amerinet-gpo.com\\\/#website\"},\"datePublished\":\"2020-10-27T11:57:35+00:00\",\"dateModified\":\"2026-02-03T21:51:31+00:00\",\"breadcrumb\":{\"@id\":\"https:\\\/\\\/www.amerinet-gpo.com\\\/fr\\\/mode-maintenance\\\/#breadcrumb\"},\"inLanguage\":\"fr-FR\",\"potentialAction\":[{\"@type\":\"ReadAction\",\"target\":[\"https:\\\/\\\/www.amerinet-gpo.com\\\/fr\\\/mode-maintenance\\\/\"]}]},{\"@type\":\"BreadcrumbList\",\"@id\":\"https:\\\/\\\/www.amerinet-gpo.com\\\/fr\\\/mode-maintenance\\\/#breadcrumb\",\"itemListElement\":[{\"@type\":\"ListItem\",\"position\":1,\"name\":\"Home\",\"item\":\"https:\\\/\\\/www.amerinet-gpo.com\\\/fr\\\/maison-de-marque\\\/\"},{\"@type\":\"ListItem\",\"position\":2,\"name\":\"Mode maintenance\"}]},{\"@type\":\"WebSite\",\"@id\":\"https:\\\/\\\/www.amerinet-gpo.com\\\/#website\",\"url\":\"https:\\\/\\\/www.amerinet-gpo.com\\\/\",\"name\":\"Amerinet GPO\",\"description\":\"Bienvenue sur Amerinet GPO, le commerce \u00e9lectronique de produits injectables pour la m\u00e9decine esth\u00e9tique dont le botox et les produits de comblement cutan\u00e9\",\"publisher\":{\"@id\":\"https:\\\/\\\/www.amerinet-gpo.com\\\/#organization\"},\"potentialAction\":[{\"@type\":\"SearchAction\",\"target\":{\"@type\":\"EntryPoint\",\"urlTemplate\":\"https:\\\/\\\/www.amerinet-gpo.com\\\/?s={search_term_string}\"},\"query-input\":{\"@type\":\"PropertyValueSpecification\",\"valueRequired\":true,\"valueName\":\"search_term_string\"}}],\"inLanguage\":\"fr-FR\"},{\"@type\":\"Organization\",\"@id\":\"https:\\\/\\\/www.amerinet-gpo.com\\\/#organization\",\"name\":\"Amerinet GPO\",\"url\":\"https:\\\/\\\/www.amerinet-gpo.com\\\/\",\"logo\":{\"@type\":\"ImageObject\",\"inLanguage\":\"fr-FR\",\"@id\":\"https:\\\/\\\/www.amerinet-gpo.com\\\/#\\\/schema\\\/logo\\\/image\\\/\",\"url\":\"https:\\\/\\\/www.amerinet-gpo.com\\\/wp-content\\\/uploads\\\/2024\\\/03\\\/extendify-demo-logo.png\",\"contentUrl\":\"https:\\\/\\\/www.amerinet-gpo.com\\\/wp-content\\\/uploads\\\/2024\\\/03\\\/extendify-demo-logo.png\",\"width\":96,\"height\":97,\"caption\":\"Amerinet GPO\"},\"image\":{\"@id\":\"https:\\\/\\\/www.amerinet-gpo.com\\\/#\\\/schema\\\/logo\\\/image\\\/\"}}]}<\/script>\n<!-- \/ Yoast SEO plugin. -->","yoast_head_json":{"title":"Mode maintenance - Amerinet GPO","robots":{"index":"index","follow":"follow","max-snippet":"max-snippet:-1","max-image-preview":"max-image-preview:large","max-video-preview":"max-video-preview:-1"},"canonical":"https:\/\/www.amerinet-gpo.com\/fr\/mode-maintenance\/","og_locale":"fr_FR","og_type":"article","og_title":"Mode maintenance - Amerinet GPO","og_description":"Notre site web Ouverture prochaine Nulla in faucibus praesent scelerisque neque ut tellus dolor. Auctor lorem convallis vulputate tincidunt tellus quis molestie&hellip;","og_url":"https:\/\/www.amerinet-gpo.com\/fr\/mode-maintenance\/","og_site_name":"Amerinet GPO","article_modified_time":"2026-02-03T21:51:31+00:00","twitter_card":"summary_large_image","schema":{"@context":"https:\/\/schema.org","@graph":[{"@type":"WebPage","@id":"https:\/\/www.amerinet-gpo.com\/fr\/mode-maintenance\/","url":"https:\/\/www.amerinet-gpo.com\/fr\/mode-maintenance\/","name":"Mode maintenance - Amerinet GPO","isPartOf":{"@id":"https:\/\/www.amerinet-gpo.com\/#website"},"datePublished":"2020-10-27T11:57:35+00:00","dateModified":"2026-02-03T21:51:31+00:00","breadcrumb":{"@id":"https:\/\/www.amerinet-gpo.com\/fr\/mode-maintenance\/#breadcrumb"},"inLanguage":"fr-FR","potentialAction":[{"@type":"ReadAction","target":["https:\/\/www.amerinet-gpo.com\/fr\/mode-maintenance\/"]}]},{"@type":"BreadcrumbList","@id":"https:\/\/www.amerinet-gpo.com\/fr\/mode-maintenance\/#breadcrumb","itemListElement":[{"@type":"ListItem","position":1,"name":"Home","item":"https:\/\/www.amerinet-gpo.com\/fr\/maison-de-marque\/"},{"@type":"ListItem","position":2,"name":"Mode maintenance"}]},{"@type":"WebSite","@id":"https:\/\/www.amerinet-gpo.com\/#website","url":"https:\/\/www.amerinet-gpo.com\/","name":"Amerinet GPO","description":"Bienvenue sur Amerinet GPO, le commerce \u00e9lectronique de produits injectables pour la m\u00e9decine esth\u00e9tique dont le botox et les produits de comblement cutan\u00e9","publisher":{"@id":"https:\/\/www.amerinet-gpo.com\/#organization"},"potentialAction":[{"@type":"SearchAction","target":{"@type":"EntryPoint","urlTemplate":"https:\/\/www.amerinet-gpo.com\/?s={search_term_string}"},"query-input":{"@type":"PropertyValueSpecification","valueRequired":true,"valueName":"search_term_string"}}],"inLanguage":"fr-FR"},{"@type":"Organization","@id":"https:\/\/www.amerinet-gpo.com\/#organization","name":"Amerinet GPO","url":"https:\/\/www.amerinet-gpo.com\/","logo":{"@type":"ImageObject","inLanguage":"fr-FR","@id":"https:\/\/www.amerinet-gpo.com\/#\/schema\/logo\/image\/","url":"https:\/\/www.amerinet-gpo.com\/wp-content\/uploads\/2024\/03\/extendify-demo-logo.png","contentUrl":"https:\/\/www.amerinet-gpo.com\/wp-content\/uploads\/2024\/03\/extendify-demo-logo.png","width":96,"height":97,"caption":"Amerinet GPO"},"image":{"@id":"https:\/\/www.amerinet-gpo.com\/#\/schema\/logo\/image\/"}}]}},"_links":{"self":[{"href":"https:\/\/www.amerinet-gpo.com\/fr\/wp-json\/wp\/v2\/pages\/6882","targetHints":{"allow":["GET"]}}],"collection":[{"href":"https:\/\/www.amerinet-gpo.com\/fr\/wp-json\/wp\/v2\/pages"}],"about":[{"href":"https:\/\/www.amerinet-gpo.com\/fr\/wp-json\/wp\/v2\/types\/page"}],"author":[{"embeddable":true,"href":"https:\/\/www.amerinet-gpo.com\/fr\/wp-json\/wp\/v2\/users\/1"}],"replies":[{"embeddable":true,"href":"https:\/\/www.amerinet-gpo.com\/fr\/wp-json\/wp\/v2\/comments?post=6882"}],"version-history":[{"count":2,"href":"https:\/\/www.amerinet-gpo.com\/fr\/wp-json\/wp\/v2\/pages\/6882\/revisions"}],"predecessor-version":[{"id":9416,"href":"https:\/\/www.amerinet-gpo.com\/fr\/wp-json\/wp\/v2\/pages\/6882\/revisions\/9416"}],"wp:attachment":[{"href":"https:\/\/www.amerinet-gpo.com\/fr\/wp-json\/wp\/v2\/media?parent=6882"}],"curies":[{"name":"wp","href":"https:\/\/api.w.org\/{rel}","templated":true}]}}