{"id":7137,"date":"2024-03-29T07:02:13","date_gmt":"2024-03-29T07:02:13","guid":{"rendered":"https:\/\/www.amerinet-gpo.com\/shop\/revolax-profundo\/"},"modified":"2024-03-29T07:02:13","modified_gmt":"2024-03-29T07:02:13","slug":"revolax-profundo","status":"publish","type":"product","link":"https:\/\/www.amerinet-gpo.com\/es\/producto\/revolax-profundo\/","title":{"rendered":"Revolax Profundo"},"content":{"rendered":"<div class=\"flex-1 overflow-hidden\">\n<div class=\"react-scroll-to-bottom--css-ibbwo-79elbk h-full\">\n<div class=\"react-scroll-to-bottom--css-ibbwo-1n7m0yu\">\n<div class=\"flex flex-col text-sm pb-9\">\n<div class=\"w-full text-token-text-primary\" data-testid=\"conversation-turn-27\">\n<div class=\"px-4 py-2 justify-center text-base md:gap-6 m-auto\">\n<div class=\"flex flex-1 text-base mx-auto gap-3 md:px-5 lg:px-1 xl:px-5 md:max-w-3xl lg:max-w-[40rem] xl:max-w-[48rem] group final-completion\">\n<div class=\"relative flex w-full flex-col agent-turn\">\n<div class=\"flex-col gap-1 md:gap-3\">\n<div class=\"flex flex-grow flex-col max-w-full\">\n<div class=\"min-h-[20px] text-message flex flex-col items-start gap-3 whitespace-pre-wrap break-words [.text-message+&amp;]:mt-5 overflow-x-auto\" data-message-author-role=\"assistant\" data-message-id=\"4c3b9f14-f943-4d3a-858f-9d3d49aeca3e\">\n<div class=\"markdown prose w-full break-words dark:prose-invert dark\">\n<p><strong>Descripci\u00f3n:<\/strong> Revolax Deep es un relleno d\u00e9rmico premium dise\u00f1ado para restaurar el volumen y suavizar las arrugas y pliegues profundos. Con su avanzada f\u00f3rmula de \u00e1cido hialur\u00f3nico reticulado, Revolax Deep proporciona resultados duraderos para el contorno y el aumento del rostro. Conf\u00ede en Revolax Deep para obtener mejoras de aspecto natural y una piel rejuvenecida.<\/p>\n<p><strong>Caracter\u00edsticas principales:<\/strong><\/p>\n<ol>\n<li><strong>Correcci\u00f3n de arrugas profundas:<\/strong> Espec\u00edficamente formulado para tratar las arrugas y pliegues profundos, Revolax Deep restaura el volumen y la elasticidad de la piel, dando como resultado un aspecto m\u00e1s terso y juvenil.<\/li>\n<li><strong>\u00c1cido hialur\u00f3nico reticulado:<\/strong> Con su avanzada tecnolog\u00eda de reticulaci\u00f3n, Revolax Deep garantiza una longevidad y estabilidad \u00f3ptimas, proporcionando resultados duraderos para el aumento facial.<\/li>\n<li><strong>Resultados naturales:<\/strong> Revolax Deep ofrece resultados de aspecto natural, integr\u00e1ndose a la perfecci\u00f3n con la estructura de la piel para mejorar el contorno y la definici\u00f3n del rostro.<\/li>\n<li><strong>Alta viscoelasticidad:<\/strong> Con una alta viscoelasticidad, Revolax Deep ofrece un excelente soporte tisular y capacidad de moldeado, lo que permite t\u00e9cnicas de inyecci\u00f3n precisas y controladas.<\/li>\n<li><strong>Aplicaci\u00f3n vers\u00e1til:<\/strong> Adecuado para varias \u00e1reas faciales, incluidos los pliegues nasolabiales, las l\u00edneas de marioneta y las mejillas, Revolax Deep ofrece soluciones vers\u00e1tiles para el rejuvenecimiento y la mejora facial.<\/li>\n<\/ol>\n<p><strong>Ventajas:<\/strong><\/p>\n<ul>\n<li><strong>Efectos duraderos:<\/strong> Disfruta de resultados duraderos con Revolax Deep, proporcionando volumen sostenido y correcci\u00f3n de arrugas hasta 12-18 meses.<\/li>\n<li><strong>Contornos faciales mejorados:<\/strong> Consigue un contorno facial mejorado y definido con Revolax Deep, restaurando la plenitud juvenil y la vitalidad de la piel.<\/li>\n<li><strong>M\u00ednimamente invasivo:<\/strong> Como tratamiento m\u00ednimamente invasivo, Revolax Deep ofrece una soluci\u00f3n no quir\u00fargica para el rejuvenecimiento facial con un tiempo de inactividad y molestias m\u00ednimas.<\/li>\n<li><strong>Satisfacci\u00f3n de los pacientes:<\/strong> Respaldado por altos \u00edndices de satisfacci\u00f3n de los pacientes, Revolax Deep cuenta con la confianza de profesionales y pacientes por igual por su seguridad, eficacia y resultados de aspecto natural.<\/li>\n<\/ul>\n<p><strong>Instrucciones de uso:<\/strong><\/p>\n<ol>\n<li><strong>Consulta:<\/strong> Programa una consulta con un profesional sanitario cualificado para evaluar la idoneidad de Revolax Deep y discutir los objetivos del tratamiento.<\/li>\n<li><strong>T\u00e9cnica de inyecci\u00f3n:<\/strong> Administre Revolax Deep utilizando una t\u00e9cnica de inyecci\u00f3n precisa, centr\u00e1ndose en \u00e1reas espec\u00edficas de preocupaci\u00f3n, garantizando una distribuci\u00f3n uniforme y resultados de aspecto natural.<\/li>\n<li><strong>Cuidados postratamiento:<\/strong> Aconsejar a los pacientes que sigan las instrucciones de cuidado postratamiento, incluyendo evitar actividades extenuantes y aplicar compresas fr\u00edas para minimizar la hinchaz\u00f3n y las molestias.<\/li>\n<\/ol>\n<p><strong>Experimente un rejuvenecimiento juvenil:<\/strong> Redescubra un cutis juvenil y contornos faciales mejorados con Revolax Deep. Conf\u00ede en su f\u00f3rmula avanzada y en sus resultados duraderos para obtener mejoras de aspecto natural y una confianza renovada. Di hola a una piel m\u00e1s tersa y con m\u00e1s volumen con Revolax Deep.<\/p>\n<\/div>\n<\/div>\n<\/div>\n<\/div>\n<\/div>\n<\/div>\n<\/div>\n<\/div>\n<\/div>\n<\/div>\n<\/div>\n<\/div>\n","protected":false},"excerpt":{"rendered":"<div class=\"flex-1 overflow-hidden\">\n<div class=\"react-scroll-to-bottom--css-ibbwo-79elbk h-full\">\n<div class=\"react-scroll-to-bottom--css-ibbwo-1n7m0yu\">\n<div class=\"flex flex-col text-sm pb-9\">\n<div class=\"w-full text-token-text-primary\" data-testid=\"conversation-turn-29\">\n<div class=\"px-4 py-2 justify-center text-base md:gap-6 m-auto\">\n<div class=\"flex flex-1 text-base mx-auto gap-3 md:px-5 lg:px-1 xl:px-5 md:max-w-3xl lg:max-w-[40rem] xl:max-w-[48rem] group final-completion\">\n<div class=\"relative flex w-full flex-col agent-turn\">\n<div class=\"flex-col gap-1 md:gap-3\">\n<div class=\"flex flex-grow flex-col max-w-full\">\n<div class=\"min-h-[20px] text-message flex flex-col items-start gap-3 whitespace-pre-wrap break-words [.text-message+&amp;]:mt-5 overflow-x-auto\" data-message-author-role=\"assistant\" data-message-id=\"df4f0ea7-1330-4f65-abc6-bd7f591e39da\">\n<div class=\"markdown prose w-full break-words dark:prose-invert dark\">\n<p>Revolax Deep: Experimente una correcci\u00f3n avanzada de las arrugas y una voluminizaci\u00f3n facial con Revolax Deep. Este relleno d\u00e9rmico de primera calidad ofrece resultados duraderos, restaurando el volumen y la suavidad de las arrugas y pliegues profundos. Consigue un rejuvenecimiento facial de aspecto natural y contornos mejorados con Revolax Deep para renovar la confianza y la vitalidad.<\/p>\n<\/div>\n<\/div>\n<\/div>\n<\/div>\n<\/div>\n<\/div>\n<\/div>\n<\/div>\n<\/div>\n<\/div>\n<\/div>\n<\/div>\n","protected":false},"featured_media":6361,"template":"","meta":[],"product_cat":[137],"product_tag":[],"class_list":{"0":"post-7137","1":"product","2":"type-product","3":"status-publish","4":"has-post-thumbnail","6":"product_cat-rellenos-dermicos","8":"first","9":"instock","10":"shipping-taxable","11":"purchasable","12":"product-type-simple"},"yoast_head":"<!-- This site is optimized with the Yoast SEO plugin v27.3 - https:\/\/yoast.com\/product\/yoast-seo-wordpress\/ -->\n<title>Comprar Revolax Profundo, Buy Revolax Profundo en linea - proveedor de productos inyectables Amerinet GPO<\/title>\n<meta name=\"robots\" content=\"index, follow, max-snippet:-1, max-image-preview:large, max-video-preview:-1\" \/>\n<link rel=\"canonical\" href=\"https:\/\/www.amerinet-gpo.com\/es\/producto\/revolax-profundo\/\" \/>\n<meta property=\"og:locale\" content=\"es_ES\" \/>\n<meta property=\"og:type\" content=\"article\" \/>\n<meta property=\"og:title\" content=\"Comprar Revolax Profundo, Buy Revolax Profundo en linea - proveedor de productos inyectables Amerinet GPO\" \/>\n<meta property=\"og:description\" content=\"Revolax Deep: Experimente una correcci\u00f3n avanzada de las arrugas y una voluminizaci\u00f3n facial con Revolax Deep. Este relleno d\u00e9rmico de primera calidad ofrece resultados duraderos, restaurando el volumen y la suavidad de las arrugas y pliegues profundos. Consigue un rejuvenecimiento facial de aspecto natural y contornos mejorados con Revolax Deep para renovar la confianza y la vitalidad.\" \/>\n<meta property=\"og:url\" content=\"https:\/\/www.amerinet-gpo.com\/es\/producto\/revolax-profundo\/\" \/>\n<meta property=\"og:site_name\" content=\"Amerinet GPO\" \/>\n<meta property=\"og:image\" content=\"https:\/\/www.amerinet-gpo.com\/wp-content\/uploads\/2024\/03\/revolax-deep-lido-1x11ml.jpg\" \/>\n\t<meta property=\"og:image:width\" content=\"455\" \/>\n\t<meta property=\"og:image:height\" content=\"455\" \/>\n\t<meta property=\"og:image:type\" content=\"image\/jpeg\" \/>\n<meta name=\"twitter:card\" content=\"summary_large_image\" \/>\n<meta name=\"twitter:label1\" content=\"Tiempo de lectura\" \/>\n\t<meta name=\"twitter:data1\" content=\"2 minutos\" \/>\n<script type=\"application\/ld+json\" class=\"yoast-schema-graph\">{\"@context\":\"https:\\\/\\\/schema.org\",\"@graph\":[{\"@type\":\"WebPage\",\"@id\":\"https:\\\/\\\/www.amerinet-gpo.com\\\/es\\\/producto\\\/revolax-profundo\\\/\",\"url\":\"https:\\\/\\\/www.amerinet-gpo.com\\\/es\\\/producto\\\/revolax-profundo\\\/\",\"name\":\"Comprar Revolax Profundo, Buy Revolax Profundo en linea - proveedor de productos inyectables Amerinet GPO\",\"isPartOf\":{\"@id\":\"https:\\\/\\\/www.amerinet-gpo.com\\\/#website\"},\"primaryImageOfPage\":{\"@id\":\"https:\\\/\\\/www.amerinet-gpo.com\\\/es\\\/producto\\\/revolax-profundo\\\/#primaryimage\"},\"image\":{\"@id\":\"https:\\\/\\\/www.amerinet-gpo.com\\\/es\\\/producto\\\/revolax-profundo\\\/#primaryimage\"},\"thumbnailUrl\":\"https:\\\/\\\/www.amerinet-gpo.com\\\/wp-content\\\/uploads\\\/2024\\\/03\\\/revolax-deep-lido-1x11ml.jpg\",\"datePublished\":\"2024-03-29T07:02:13+00:00\",\"breadcrumb\":{\"@id\":\"https:\\\/\\\/www.amerinet-gpo.com\\\/es\\\/producto\\\/revolax-profundo\\\/#breadcrumb\"},\"inLanguage\":\"es\",\"potentialAction\":[{\"@type\":\"ReadAction\",\"target\":[\"https:\\\/\\\/www.amerinet-gpo.com\\\/es\\\/producto\\\/revolax-profundo\\\/\"]}]},{\"@type\":\"ImageObject\",\"inLanguage\":\"es\",\"@id\":\"https:\\\/\\\/www.amerinet-gpo.com\\\/es\\\/producto\\\/revolax-profundo\\\/#primaryimage\",\"url\":\"https:\\\/\\\/www.amerinet-gpo.com\\\/wp-content\\\/uploads\\\/2024\\\/03\\\/revolax-deep-lido-1x11ml.jpg\",\"contentUrl\":\"https:\\\/\\\/www.amerinet-gpo.com\\\/wp-content\\\/uploads\\\/2024\\\/03\\\/revolax-deep-lido-1x11ml.jpg\",\"width\":455,\"height\":455},{\"@type\":\"BreadcrumbList\",\"@id\":\"https:\\\/\\\/www.amerinet-gpo.com\\\/es\\\/producto\\\/revolax-profundo\\\/#breadcrumb\",\"itemListElement\":[{\"@type\":\"ListItem\",\"position\":1,\"name\":\"Home\",\"item\":\"https:\\\/\\\/www.amerinet-gpo.com\\\/es\\\/marca-inicio\\\/\"},{\"@type\":\"ListItem\",\"position\":2,\"name\":\"Shop\",\"item\":\"https:\\\/\\\/www.amerinet-gpo.com\\\/es\\\/shop\\\/\"},{\"@type\":\"ListItem\",\"position\":3,\"name\":\"Revolax Profundo\"}]},{\"@type\":\"WebSite\",\"@id\":\"https:\\\/\\\/www.amerinet-gpo.com\\\/#website\",\"url\":\"https:\\\/\\\/www.amerinet-gpo.com\\\/\",\"name\":\"Amerinet GPO\",\"description\":\"Bienvenido a Amerinet GPO, el comercio electr\u00f3nico de productos inyectables para medicina est\u00e9tica que incluye botox y rellenos d\u00e9rmicos.\",\"publisher\":{\"@id\":\"https:\\\/\\\/www.amerinet-gpo.com\\\/#organization\"},\"potentialAction\":[{\"@type\":\"SearchAction\",\"target\":{\"@type\":\"EntryPoint\",\"urlTemplate\":\"https:\\\/\\\/www.amerinet-gpo.com\\\/?s={search_term_string}\"},\"query-input\":{\"@type\":\"PropertyValueSpecification\",\"valueRequired\":true,\"valueName\":\"search_term_string\"}}],\"inLanguage\":\"es\"},{\"@type\":\"Organization\",\"@id\":\"https:\\\/\\\/www.amerinet-gpo.com\\\/#organization\",\"name\":\"Amerinet GPO\",\"url\":\"https:\\\/\\\/www.amerinet-gpo.com\\\/\",\"logo\":{\"@type\":\"ImageObject\",\"inLanguage\":\"es\",\"@id\":\"https:\\\/\\\/www.amerinet-gpo.com\\\/#\\\/schema\\\/logo\\\/image\\\/\",\"url\":\"https:\\\/\\\/www.amerinet-gpo.com\\\/wp-content\\\/uploads\\\/2024\\\/03\\\/extendify-demo-logo.png\",\"contentUrl\":\"https:\\\/\\\/www.amerinet-gpo.com\\\/wp-content\\\/uploads\\\/2024\\\/03\\\/extendify-demo-logo.png\",\"width\":96,\"height\":97,\"caption\":\"Amerinet GPO\"},\"image\":{\"@id\":\"https:\\\/\\\/www.amerinet-gpo.com\\\/#\\\/schema\\\/logo\\\/image\\\/\"}}]}<\/script>\n<!-- \/ Yoast SEO plugin. -->","yoast_head_json":{"title":"Comprar Revolax Profundo, Buy Revolax Profundo en linea - proveedor de productos inyectables Amerinet GPO","robots":{"index":"index","follow":"follow","max-snippet":"max-snippet:-1","max-image-preview":"max-image-preview:large","max-video-preview":"max-video-preview:-1"},"canonical":"https:\/\/www.amerinet-gpo.com\/es\/producto\/revolax-profundo\/","og_locale":"es_ES","og_type":"article","og_title":"Comprar Revolax Profundo, Buy Revolax Profundo en linea - proveedor de productos inyectables Amerinet GPO","og_description":"Revolax Deep: Experimente una correcci\u00f3n avanzada de las arrugas y una voluminizaci\u00f3n facial con Revolax Deep. Este relleno d\u00e9rmico de primera calidad ofrece resultados duraderos, restaurando el volumen y la suavidad de las arrugas y pliegues profundos. Consigue un rejuvenecimiento facial de aspecto natural y contornos mejorados con Revolax Deep para renovar la confianza y la vitalidad.","og_url":"https:\/\/www.amerinet-gpo.com\/es\/producto\/revolax-profundo\/","og_site_name":"Amerinet GPO","og_image":[{"width":455,"height":455,"url":"https:\/\/www.amerinet-gpo.com\/wp-content\/uploads\/2024\/03\/revolax-deep-lido-1x11ml.jpg","type":"image\/jpeg"}],"twitter_card":"summary_large_image","twitter_misc":{"Tiempo de lectura":"2 minutos"},"schema":{"@context":"https:\/\/schema.org","@graph":[{"@type":"WebPage","@id":"https:\/\/www.amerinet-gpo.com\/es\/producto\/revolax-profundo\/","url":"https:\/\/www.amerinet-gpo.com\/es\/producto\/revolax-profundo\/","name":"Comprar Revolax Profundo, Buy Revolax Profundo en linea - proveedor de productos inyectables Amerinet GPO","isPartOf":{"@id":"https:\/\/www.amerinet-gpo.com\/#website"},"primaryImageOfPage":{"@id":"https:\/\/www.amerinet-gpo.com\/es\/producto\/revolax-profundo\/#primaryimage"},"image":{"@id":"https:\/\/www.amerinet-gpo.com\/es\/producto\/revolax-profundo\/#primaryimage"},"thumbnailUrl":"https:\/\/www.amerinet-gpo.com\/wp-content\/uploads\/2024\/03\/revolax-deep-lido-1x11ml.jpg","datePublished":"2024-03-29T07:02:13+00:00","breadcrumb":{"@id":"https:\/\/www.amerinet-gpo.com\/es\/producto\/revolax-profundo\/#breadcrumb"},"inLanguage":"es","potentialAction":[{"@type":"ReadAction","target":["https:\/\/www.amerinet-gpo.com\/es\/producto\/revolax-profundo\/"]}]},{"@type":"ImageObject","inLanguage":"es","@id":"https:\/\/www.amerinet-gpo.com\/es\/producto\/revolax-profundo\/#primaryimage","url":"https:\/\/www.amerinet-gpo.com\/wp-content\/uploads\/2024\/03\/revolax-deep-lido-1x11ml.jpg","contentUrl":"https:\/\/www.amerinet-gpo.com\/wp-content\/uploads\/2024\/03\/revolax-deep-lido-1x11ml.jpg","width":455,"height":455},{"@type":"BreadcrumbList","@id":"https:\/\/www.amerinet-gpo.com\/es\/producto\/revolax-profundo\/#breadcrumb","itemListElement":[{"@type":"ListItem","position":1,"name":"Home","item":"https:\/\/www.amerinet-gpo.com\/es\/marca-inicio\/"},{"@type":"ListItem","position":2,"name":"Shop","item":"https:\/\/www.amerinet-gpo.com\/es\/shop\/"},{"@type":"ListItem","position":3,"name":"Revolax Profundo"}]},{"@type":"WebSite","@id":"https:\/\/www.amerinet-gpo.com\/#website","url":"https:\/\/www.amerinet-gpo.com\/","name":"Amerinet GPO","description":"Bienvenido a Amerinet GPO, el comercio electr\u00f3nico de productos inyectables para medicina est\u00e9tica que incluye botox y rellenos d\u00e9rmicos.","publisher":{"@id":"https:\/\/www.amerinet-gpo.com\/#organization"},"potentialAction":[{"@type":"SearchAction","target":{"@type":"EntryPoint","urlTemplate":"https:\/\/www.amerinet-gpo.com\/?s={search_term_string}"},"query-input":{"@type":"PropertyValueSpecification","valueRequired":true,"valueName":"search_term_string"}}],"inLanguage":"es"},{"@type":"Organization","@id":"https:\/\/www.amerinet-gpo.com\/#organization","name":"Amerinet GPO","url":"https:\/\/www.amerinet-gpo.com\/","logo":{"@type":"ImageObject","inLanguage":"es","@id":"https:\/\/www.amerinet-gpo.com\/#\/schema\/logo\/image\/","url":"https:\/\/www.amerinet-gpo.com\/wp-content\/uploads\/2024\/03\/extendify-demo-logo.png","contentUrl":"https:\/\/www.amerinet-gpo.com\/wp-content\/uploads\/2024\/03\/extendify-demo-logo.png","width":96,"height":97,"caption":"Amerinet GPO"},"image":{"@id":"https:\/\/www.amerinet-gpo.com\/#\/schema\/logo\/image\/"}}]}},"_links":{"self":[{"href":"https:\/\/www.amerinet-gpo.com\/es\/wp-json\/wp\/v2\/product\/7137","targetHints":{"allow":["GET"]}}],"collection":[{"href":"https:\/\/www.amerinet-gpo.com\/es\/wp-json\/wp\/v2\/product"}],"about":[{"href":"https:\/\/www.amerinet-gpo.com\/es\/wp-json\/wp\/v2\/types\/product"}],"version-history":[{"count":0,"href":"https:\/\/www.amerinet-gpo.com\/es\/wp-json\/wp\/v2\/product\/7137\/revisions"}],"wp:featuredmedia":[{"embeddable":true,"href":"https:\/\/www.amerinet-gpo.com\/es\/wp-json\/wp\/v2\/media\/6361"}],"wp:attachment":[{"href":"https:\/\/www.amerinet-gpo.com\/es\/wp-json\/wp\/v2\/media?parent=7137"}],"wp:term":[{"taxonomy":"product_cat","embeddable":true,"href":"https:\/\/www.amerinet-gpo.com\/es\/wp-json\/wp\/v2\/product_cat?post=7137"},{"taxonomy":"product_tag","embeddable":true,"href":"https:\/\/www.amerinet-gpo.com\/es\/wp-json\/wp\/v2\/product_tag?post=7137"}],"curies":[{"name":"wp","href":"https:\/\/api.w.org\/{rel}","templated":true}]}}