{"id":7130,"date":"2024-03-29T06:42:00","date_gmt":"2024-03-29T06:42:00","guid":{"rendered":"https:\/\/www.amerinet-gpo.com\/shop\/kybella-atx-101-alternativa-aqualyx\/"},"modified":"2026-02-12T10:41:15","modified_gmt":"2026-02-12T10:41:15","slug":"kybella-atx-101-alternativa-aqualyx","status":"publish","type":"product","link":"https:\/\/www.amerinet-gpo.com\/es\/producto\/kybella-atx-101-alternativa-aqualyx\/","title":{"rendered":"Soluci\u00f3n Lipolab PPC &#8211; \u00c1cido Deoxic\u00f3lico"},"content":{"rendered":"<p data-path-to-node=\"7\">Nuestra <b data-path-to-node=\"7\" data-index-in-node=\"30\">Soluci\u00f3n de \u00c1cido Deoxic\u00f3lico y PPC<\/b> es un sofisticado compuesto lipol\u00edtico dise\u00f1ado para el tratamiento no quir\u00fargico de los dep\u00f3sitos de grasa localizados. Al combinar Fosfatidilcolina (PPC) de alta concentraci\u00f3n con Desoxicolato de Sodio, esta f\u00f3rmula facilita la descomposici\u00f3n de las membranas de los adipocitos y favorece la eliminaci\u00f3n metab\u00f3lica natural de los l\u00edpidos.<\/p>\n<p data-path-to-node=\"8\">Dise\u00f1ada para profesionales que buscan una <b data-path-to-node=\"8\" data-index-in-node=\"38\">eficacia similar a la de Aqualyx<\/b>, esta soluci\u00f3n proporciona una alternativa fiable para tratar zonas rebeldes como la regi\u00f3n submentoniana, el abdomen y los muslos. La acci\u00f3n sin\u00e9rgica de sus principios activos garantiza una penetraci\u00f3n profunda y una adip\u00f3lisis consistente, lo que lo convierte en un elemento b\u00e1sico en los protocolos est\u00e9ticos avanzados.<\/p>\n<p data-path-to-node=\"9\">En Amerinet-GPO, damos prioridad a la pureza y estabilidad qu\u00edmicas. Cada lote procede de laboratorios especializados y se manipula a trav\u00e9s de nuestra red log\u00edstica optimizada para garantizar la integridad del compuesto. Para mantener los est\u00e1ndares profesionales, este producto est\u00e1 disponible para <b data-path-to-node=\"9\" data-index-in-node=\"277\">su adquisici\u00f3n<\/b> exclusiva por <b data-path-to-node=\"9\" data-index-in-node=\"304\">especialistas m\u00e9dicos certificados<\/b> y facultativos autorizados.  <\/p>\n<p data-path-to-node=\"10\"><b data-path-to-node=\"10\" data-index-in-node=\"0\">Especificaciones t\u00e9cnicas:<\/b><\/p>\n<ul data-path-to-node=\"11\">\n<li>\n<p data-path-to-node=\"11,0,0\"><b data-path-to-node=\"11,0,0\" data-index-in-node=\"0\">Ingredientes activos:<\/b> Fosfatidilcolina de alta pureza (PPC) y desoxicolato de sodio.<\/p>\n<\/li>\n<li>\n<p data-path-to-node=\"11,1,0\"><b data-path-to-node=\"11,1,0\" data-index-in-node=\"0\">Aplicaci\u00f3n:<\/b> Gesti\u00f3n selectiva del tejido adiposo y contorno corporal.<\/p>\n<\/li>\n<li>\n<p data-path-to-node=\"11,2,0\"><b data-path-to-node=\"11,2,0\" data-index-in-node=\"0\">Formulaci\u00f3n:<\/b> Soluci\u00f3n lista para usar para protocolos profesionales de mesoterapia.<\/p>\n<\/li>\n<li>\n<p data-path-to-node=\"11,3,0\"><b data-path-to-node=\"11,3,0\" data-index-in-node=\"0\">Perfil de seguridad:<\/b> Proceso de fabricaci\u00f3n trazable con impurezas prote\u00ednicas m\u00ednimas.<\/p>\n<\/li>\n<\/ul>\n<p data-path-to-node=\"12\"><b data-path-to-node=\"12\" data-index-in-node=\"0\">Adquisici\u00f3n profesional:<\/b> Las cl\u00ednicas autorizadas pueden <b data-path-to-node=\"12\" data-index-in-node=\"47\">comprar esta soluci\u00f3n de \u00c1cido Deoxic\u00f3lico y PPC<\/b> a trav\u00e9s de nuestro portal m\u00e9dico seguro. Amerinet-GPO garantiza una cadena de suministro transparente y conforme a las normas, proporcionando la documentaci\u00f3n cient\u00edfica y el apoyo de calidad profesional necesarios para los entornos cl\u00ednicos modernos.<\/p>\n","protected":false},"excerpt":{"rendered":"<div class=\"flex-1 overflow-hidden\">\n<div class=\"react-scroll-to-bottom--css-ibbwo-79elbk h-full\">\n<div class=\"react-scroll-to-bottom--css-ibbwo-1n7m0yu\">\n<div class=\"flex flex-col text-sm pb-9\">\n<div class=\"w-full text-token-text-primary\" data-testid=\"conversation-turn-21\">\n<div class=\"px-4 py-2 justify-center text-base md:gap-6 m-auto\">\n<div class=\"flex flex-1 text-base mx-auto gap-3 md:px-5 lg:px-1 xl:px-5 md:max-w-3xl lg:max-w-[40rem] xl:max-w-[48rem] group final-completion\">\n<div class=\"relative flex w-full flex-col agent-turn\">\n<div class=\"flex-col gap-1 md:gap-3\">\n<div class=\"flex flex-grow flex-col max-w-full\">\n<div class=\"min-h-[20px] text-message flex flex-col items-start gap-3 whitespace-pre-wrap break-words [.text-message+&amp;]:mt-5 overflow-x-auto\" data-message-author-role=\"assistant\" data-message-id=\"637a644d-346c-4097-b0d8-6dd059c7ac3c\">\n<div class=\"markdown prose w-full break-words dark:prose-invert dark\">\n<p>Esta soluci\u00f3n de \u00e1cido de desoxicolina y PPC (fosfatidilcolina) es un agente lipol\u00edtico de gran pureza dise\u00f1ado para el contorno corporal profesional. Con un mecanismo de acci\u00f3n similar al Aqualyx, act\u00faa eficazmente sobre el tejido adiposo localizado. Reservado para uso cl\u00ednico, garantiza resultados precisos mediante una formulaci\u00f3n estable de calidad m\u00e9dica.  <\/p>\n<\/div>\n<\/div>\n<\/div>\n<\/div>\n<\/div>\n<\/div>\n<\/div>\n<\/div>\n<\/div>\n<\/div>\n<\/div>\n<\/div>\n","protected":false},"featured_media":6351,"template":"","meta":[],"product_cat":[126],"product_tag":[],"class_list":{"0":"post-7130","1":"product","2":"type-product","3":"status-publish","4":"has-post-thumbnail","6":"product_cat-lipoliticos","8":"first","9":"instock","10":"shipping-taxable","11":"purchasable","12":"product-type-simple"},"yoast_head":"<!-- This site is optimized with the Yoast SEO plugin v27.4 - https:\/\/yoast.com\/product\/yoast-seo-wordpress\/ -->\n<title>Comprar Soluci\u00f3n Lipolab PPC - \u00c1cido Deoxic\u00f3lico online - Amerinet GPO<\/title>\n<meta name=\"description\" content=\"Pide nuestra soluci\u00f3n premium de \u00e1cido de desoxicolina y PPC. Un compuesto lipol\u00edtico de gran pureza para la gesti\u00f3n selectiva del tejido adiposo. Eficacia de calidad profesional, similar a Aqualyx.\" \/>\n<meta name=\"robots\" content=\"index, follow, max-snippet:-1, max-image-preview:large, max-video-preview:-1\" \/>\n<link rel=\"canonical\" href=\"https:\/\/www.amerinet-gpo.com\/es\/producto\/kybella-atx-101-alternativa-aqualyx\/\" \/>\n<meta property=\"og:locale\" content=\"es_ES\" \/>\n<meta property=\"og:type\" content=\"article\" \/>\n<meta property=\"og:title\" content=\"Comprar Soluci\u00f3n Lipolab PPC - \u00c1cido Deoxic\u00f3lico online - Amerinet GPO\" \/>\n<meta property=\"og:description\" content=\"Pide nuestra soluci\u00f3n premium de \u00e1cido de desoxicolina y PPC. Un compuesto lipol\u00edtico de gran pureza para la gesti\u00f3n selectiva del tejido adiposo. Eficacia de calidad profesional, similar a Aqualyx.\" \/>\n<meta property=\"og:url\" content=\"https:\/\/www.amerinet-gpo.com\/es\/producto\/kybella-atx-101-alternativa-aqualyx\/\" \/>\n<meta property=\"og:site_name\" content=\"Amerinet GPO\" \/>\n<meta property=\"article:modified_time\" content=\"2026-02-12T10:41:15+00:00\" \/>\n<meta property=\"og:image\" content=\"https:\/\/www.amerinet-gpo.com\/wp-content\/uploads\/2024\/03\/deoxycholic-acid-kybella-atx-101.jpg\" \/>\n\t<meta property=\"og:image:width\" content=\"760\" \/>\n\t<meta property=\"og:image:height\" content=\"760\" \/>\n\t<meta property=\"og:image:type\" content=\"image\/jpeg\" \/>\n<meta name=\"twitter:card\" content=\"summary_large_image\" \/>\n<meta name=\"twitter:label1\" content=\"Tiempo de lectura\" \/>\n\t<meta name=\"twitter:data1\" content=\"2 minutos\" \/>\n<script type=\"application\/ld+json\" class=\"yoast-schema-graph\">{\"@context\":\"https:\\\/\\\/schema.org\",\"@graph\":[{\"@type\":\"WebPage\",\"@id\":\"https:\\\/\\\/www.amerinet-gpo.com\\\/es\\\/producto\\\/kybella-atx-101-alternativa-aqualyx\\\/\",\"url\":\"https:\\\/\\\/www.amerinet-gpo.com\\\/es\\\/producto\\\/kybella-atx-101-alternativa-aqualyx\\\/\",\"name\":\"Comprar Soluci\u00f3n Lipolab PPC - \u00c1cido Deoxic\u00f3lico online - Amerinet GPO\",\"isPartOf\":{\"@id\":\"https:\\\/\\\/www.amerinet-gpo.com\\\/#website\"},\"primaryImageOfPage\":{\"@id\":\"https:\\\/\\\/www.amerinet-gpo.com\\\/es\\\/producto\\\/kybella-atx-101-alternativa-aqualyx\\\/#primaryimage\"},\"image\":{\"@id\":\"https:\\\/\\\/www.amerinet-gpo.com\\\/es\\\/producto\\\/kybella-atx-101-alternativa-aqualyx\\\/#primaryimage\"},\"thumbnailUrl\":\"https:\\\/\\\/www.amerinet-gpo.com\\\/wp-content\\\/uploads\\\/2024\\\/03\\\/deoxycholic-acid-kybella-atx-101.jpg\",\"datePublished\":\"2024-03-29T06:42:00+00:00\",\"dateModified\":\"2026-02-12T10:41:15+00:00\",\"description\":\"Pide nuestra soluci\u00f3n premium de \u00e1cido de desoxicolina y PPC. Un compuesto lipol\u00edtico de gran pureza para la gesti\u00f3n selectiva del tejido adiposo. Eficacia de calidad profesional, similar a Aqualyx.\",\"breadcrumb\":{\"@id\":\"https:\\\/\\\/www.amerinet-gpo.com\\\/es\\\/producto\\\/kybella-atx-101-alternativa-aqualyx\\\/#breadcrumb\"},\"inLanguage\":\"es\",\"potentialAction\":[{\"@type\":\"ReadAction\",\"target\":[\"https:\\\/\\\/www.amerinet-gpo.com\\\/es\\\/producto\\\/kybella-atx-101-alternativa-aqualyx\\\/\"]}]},{\"@type\":\"ImageObject\",\"inLanguage\":\"es\",\"@id\":\"https:\\\/\\\/www.amerinet-gpo.com\\\/es\\\/producto\\\/kybella-atx-101-alternativa-aqualyx\\\/#primaryimage\",\"url\":\"https:\\\/\\\/www.amerinet-gpo.com\\\/wp-content\\\/uploads\\\/2024\\\/03\\\/deoxycholic-acid-kybella-atx-101.jpg\",\"contentUrl\":\"https:\\\/\\\/www.amerinet-gpo.com\\\/wp-content\\\/uploads\\\/2024\\\/03\\\/deoxycholic-acid-kybella-atx-101.jpg\",\"width\":760,\"height\":760},{\"@type\":\"BreadcrumbList\",\"@id\":\"https:\\\/\\\/www.amerinet-gpo.com\\\/es\\\/producto\\\/kybella-atx-101-alternativa-aqualyx\\\/#breadcrumb\",\"itemListElement\":[{\"@type\":\"ListItem\",\"position\":1,\"name\":\"Home\",\"item\":\"https:\\\/\\\/www.amerinet-gpo.com\\\/es\\\/marca-inicio\\\/\"},{\"@type\":\"ListItem\",\"position\":2,\"name\":\"Shop\",\"item\":\"https:\\\/\\\/www.amerinet-gpo.com\\\/es\\\/shop\\\/\"},{\"@type\":\"ListItem\",\"position\":3,\"name\":\"Soluci\u00f3n Lipolab PPC &#8211; \u00c1cido Deoxic\u00f3lico\"}]},{\"@type\":\"WebSite\",\"@id\":\"https:\\\/\\\/www.amerinet-gpo.com\\\/#website\",\"url\":\"https:\\\/\\\/www.amerinet-gpo.com\\\/\",\"name\":\"Amerinet GPO\",\"description\":\"Bienvenido a Amerinet GPO, el comercio electr\u00f3nico de productos inyectables para medicina est\u00e9tica que incluye botox y rellenos d\u00e9rmicos.\",\"publisher\":{\"@id\":\"https:\\\/\\\/www.amerinet-gpo.com\\\/#organization\"},\"potentialAction\":[{\"@type\":\"SearchAction\",\"target\":{\"@type\":\"EntryPoint\",\"urlTemplate\":\"https:\\\/\\\/www.amerinet-gpo.com\\\/?s={search_term_string}\"},\"query-input\":{\"@type\":\"PropertyValueSpecification\",\"valueRequired\":true,\"valueName\":\"search_term_string\"}}],\"inLanguage\":\"es\"},{\"@type\":\"Organization\",\"@id\":\"https:\\\/\\\/www.amerinet-gpo.com\\\/#organization\",\"name\":\"Amerinet GPO\",\"url\":\"https:\\\/\\\/www.amerinet-gpo.com\\\/\",\"logo\":{\"@type\":\"ImageObject\",\"inLanguage\":\"es\",\"@id\":\"https:\\\/\\\/www.amerinet-gpo.com\\\/#\\\/schema\\\/logo\\\/image\\\/\",\"url\":\"https:\\\/\\\/www.amerinet-gpo.com\\\/wp-content\\\/uploads\\\/2024\\\/03\\\/extendify-demo-logo.png\",\"contentUrl\":\"https:\\\/\\\/www.amerinet-gpo.com\\\/wp-content\\\/uploads\\\/2024\\\/03\\\/extendify-demo-logo.png\",\"width\":96,\"height\":97,\"caption\":\"Amerinet GPO\"},\"image\":{\"@id\":\"https:\\\/\\\/www.amerinet-gpo.com\\\/#\\\/schema\\\/logo\\\/image\\\/\"}}]}<\/script>\n<!-- \/ Yoast SEO plugin. -->","yoast_head_json":{"title":"Comprar Soluci\u00f3n Lipolab PPC - \u00c1cido Deoxic\u00f3lico online - Amerinet GPO","description":"Pide nuestra soluci\u00f3n premium de \u00e1cido de desoxicolina y PPC. Un compuesto lipol\u00edtico de gran pureza para la gesti\u00f3n selectiva del tejido adiposo. Eficacia de calidad profesional, similar a Aqualyx.","robots":{"index":"index","follow":"follow","max-snippet":"max-snippet:-1","max-image-preview":"max-image-preview:large","max-video-preview":"max-video-preview:-1"},"canonical":"https:\/\/www.amerinet-gpo.com\/es\/producto\/kybella-atx-101-alternativa-aqualyx\/","og_locale":"es_ES","og_type":"article","og_title":"Comprar Soluci\u00f3n Lipolab PPC - \u00c1cido Deoxic\u00f3lico online - Amerinet GPO","og_description":"Pide nuestra soluci\u00f3n premium de \u00e1cido de desoxicolina y PPC. Un compuesto lipol\u00edtico de gran pureza para la gesti\u00f3n selectiva del tejido adiposo. Eficacia de calidad profesional, similar a Aqualyx.","og_url":"https:\/\/www.amerinet-gpo.com\/es\/producto\/kybella-atx-101-alternativa-aqualyx\/","og_site_name":"Amerinet GPO","article_modified_time":"2026-02-12T10:41:15+00:00","og_image":[{"width":760,"height":760,"url":"https:\/\/www.amerinet-gpo.com\/wp-content\/uploads\/2024\/03\/deoxycholic-acid-kybella-atx-101.jpg","type":"image\/jpeg"}],"twitter_card":"summary_large_image","twitter_misc":{"Tiempo de lectura":"2 minutos"},"schema":{"@context":"https:\/\/schema.org","@graph":[{"@type":"WebPage","@id":"https:\/\/www.amerinet-gpo.com\/es\/producto\/kybella-atx-101-alternativa-aqualyx\/","url":"https:\/\/www.amerinet-gpo.com\/es\/producto\/kybella-atx-101-alternativa-aqualyx\/","name":"Comprar Soluci\u00f3n Lipolab PPC - \u00c1cido Deoxic\u00f3lico online - Amerinet GPO","isPartOf":{"@id":"https:\/\/www.amerinet-gpo.com\/#website"},"primaryImageOfPage":{"@id":"https:\/\/www.amerinet-gpo.com\/es\/producto\/kybella-atx-101-alternativa-aqualyx\/#primaryimage"},"image":{"@id":"https:\/\/www.amerinet-gpo.com\/es\/producto\/kybella-atx-101-alternativa-aqualyx\/#primaryimage"},"thumbnailUrl":"https:\/\/www.amerinet-gpo.com\/wp-content\/uploads\/2024\/03\/deoxycholic-acid-kybella-atx-101.jpg","datePublished":"2024-03-29T06:42:00+00:00","dateModified":"2026-02-12T10:41:15+00:00","description":"Pide nuestra soluci\u00f3n premium de \u00e1cido de desoxicolina y PPC. Un compuesto lipol\u00edtico de gran pureza para la gesti\u00f3n selectiva del tejido adiposo. Eficacia de calidad profesional, similar a Aqualyx.","breadcrumb":{"@id":"https:\/\/www.amerinet-gpo.com\/es\/producto\/kybella-atx-101-alternativa-aqualyx\/#breadcrumb"},"inLanguage":"es","potentialAction":[{"@type":"ReadAction","target":["https:\/\/www.amerinet-gpo.com\/es\/producto\/kybella-atx-101-alternativa-aqualyx\/"]}]},{"@type":"ImageObject","inLanguage":"es","@id":"https:\/\/www.amerinet-gpo.com\/es\/producto\/kybella-atx-101-alternativa-aqualyx\/#primaryimage","url":"https:\/\/www.amerinet-gpo.com\/wp-content\/uploads\/2024\/03\/deoxycholic-acid-kybella-atx-101.jpg","contentUrl":"https:\/\/www.amerinet-gpo.com\/wp-content\/uploads\/2024\/03\/deoxycholic-acid-kybella-atx-101.jpg","width":760,"height":760},{"@type":"BreadcrumbList","@id":"https:\/\/www.amerinet-gpo.com\/es\/producto\/kybella-atx-101-alternativa-aqualyx\/#breadcrumb","itemListElement":[{"@type":"ListItem","position":1,"name":"Home","item":"https:\/\/www.amerinet-gpo.com\/es\/marca-inicio\/"},{"@type":"ListItem","position":2,"name":"Shop","item":"https:\/\/www.amerinet-gpo.com\/es\/shop\/"},{"@type":"ListItem","position":3,"name":"Soluci\u00f3n Lipolab PPC &#8211; \u00c1cido Deoxic\u00f3lico"}]},{"@type":"WebSite","@id":"https:\/\/www.amerinet-gpo.com\/#website","url":"https:\/\/www.amerinet-gpo.com\/","name":"Amerinet GPO","description":"Bienvenido a Amerinet GPO, el comercio electr\u00f3nico de productos inyectables para medicina est\u00e9tica que incluye botox y rellenos d\u00e9rmicos.","publisher":{"@id":"https:\/\/www.amerinet-gpo.com\/#organization"},"potentialAction":[{"@type":"SearchAction","target":{"@type":"EntryPoint","urlTemplate":"https:\/\/www.amerinet-gpo.com\/?s={search_term_string}"},"query-input":{"@type":"PropertyValueSpecification","valueRequired":true,"valueName":"search_term_string"}}],"inLanguage":"es"},{"@type":"Organization","@id":"https:\/\/www.amerinet-gpo.com\/#organization","name":"Amerinet GPO","url":"https:\/\/www.amerinet-gpo.com\/","logo":{"@type":"ImageObject","inLanguage":"es","@id":"https:\/\/www.amerinet-gpo.com\/#\/schema\/logo\/image\/","url":"https:\/\/www.amerinet-gpo.com\/wp-content\/uploads\/2024\/03\/extendify-demo-logo.png","contentUrl":"https:\/\/www.amerinet-gpo.com\/wp-content\/uploads\/2024\/03\/extendify-demo-logo.png","width":96,"height":97,"caption":"Amerinet GPO"},"image":{"@id":"https:\/\/www.amerinet-gpo.com\/#\/schema\/logo\/image\/"}}]}},"_links":{"self":[{"href":"https:\/\/www.amerinet-gpo.com\/es\/wp-json\/wp\/v2\/product\/7130","targetHints":{"allow":["GET"]}}],"collection":[{"href":"https:\/\/www.amerinet-gpo.com\/es\/wp-json\/wp\/v2\/product"}],"about":[{"href":"https:\/\/www.amerinet-gpo.com\/es\/wp-json\/wp\/v2\/types\/product"}],"version-history":[{"count":2,"href":"https:\/\/www.amerinet-gpo.com\/es\/wp-json\/wp\/v2\/product\/7130\/revisions"}],"predecessor-version":[{"id":10189,"href":"https:\/\/www.amerinet-gpo.com\/es\/wp-json\/wp\/v2\/product\/7130\/revisions\/10189"}],"wp:featuredmedia":[{"embeddable":true,"href":"https:\/\/www.amerinet-gpo.com\/es\/wp-json\/wp\/v2\/media\/6351"}],"wp:attachment":[{"href":"https:\/\/www.amerinet-gpo.com\/es\/wp-json\/wp\/v2\/media?parent=7130"}],"wp:term":[{"taxonomy":"product_cat","embeddable":true,"href":"https:\/\/www.amerinet-gpo.com\/es\/wp-json\/wp\/v2\/product_cat?post=7130"},{"taxonomy":"product_tag","embeddable":true,"href":"https:\/\/www.amerinet-gpo.com\/es\/wp-json\/wp\/v2\/product_tag?post=7130"}],"curies":[{"name":"wp","href":"https:\/\/api.w.org\/{rel}","templated":true}]}}