{"id":7120,"date":"2024-03-22T10:50:49","date_gmt":"2024-03-22T10:50:49","guid":{"rendered":"https:\/\/www.amerinet-gpo.com\/shop\/botulax-100iu-toxina-botulinica-tipo-a\/"},"modified":"2026-02-03T21:51:55","modified_gmt":"2026-02-03T21:51:55","slug":"botulax-100iu-toxina-botulinica-tipo-a","status":"publish","type":"product","link":"https:\/\/www.amerinet-gpo.com\/es\/producto\/botulax-100iu-toxina-botulinica-tipo-a\/","title":{"rendered":"Botulax 100iu &#8211; Toxina botul\u00ednica de grado m\u00e9dico tipo A"},"content":{"rendered":"<p data-path-to-node=\"5\">Botulax 100iu es una f\u00f3rmula de renombre y gran pureza dise\u00f1ada para proporcionar resultados predecibles y duraderos en tratamientos est\u00e9ticos y terap\u00e9uticos profesionales. Reconocido por su excelente estabilidad, el Botulax es la opci\u00f3n preferida de los profesionales que pretenden perfeccionar el contorno facial o realizar investigaciones bioqu\u00edmicas especializadas con compuestos de alto nivel.<\/p>\n<p data-path-to-node=\"6\">Como parte del compromiso de Amerinet-GPO con la excelencia de la cadena de suministro, cada vial de Botulax 100iu se gestiona dentro de un entorno de cadena de fr\u00edo supervisado. Esto garantiza que la integridad y la potencia del compuesto se conserven plenamente desde nuestras instalaciones hasta tu consulta. Para mantener los m\u00e1s altos niveles de seguridad cl\u00ednica, nuestro cat\u00e1logo est\u00e1 dise\u00f1ado espec\u00edficamente para la comunidad m\u00e9dica profesional.<\/p>\n<p data-path-to-node=\"7\"><b data-path-to-node=\"7\" data-index-in-node=\"0\">Especificaciones t\u00e9cnicas:<\/b><\/p>\n<ul data-path-to-node=\"8\">\n<li>\n<p data-path-to-node=\"8,0,0\"><b data-path-to-node=\"8,0,0\" data-index-in-node=\"0\">Ingrediente activo:<\/b> Toxina botul\u00ednica Clostridium tipo A.<\/p>\n<\/li>\n<li>\n<p data-path-to-node=\"8,1,0\"><b data-path-to-node=\"8,1,0\" data-index-in-node=\"0\">Potencia:<\/b> 100 unidades (UI) por vial.<\/p>\n<\/li>\n<li>\n<p data-path-to-node=\"8,2,0\"><b data-path-to-node=\"8,2,0\" data-index-in-node=\"0\">Aspecto:<\/b> Polvo blanco liofilizado para una reconstituci\u00f3n precisa.<\/p>\n<\/li>\n<li>\n<p data-path-to-node=\"8,3,0\"><b data-path-to-node=\"8,3,0\" data-index-in-node=\"0\">Normas de calidad:<\/b> Los procesos avanzados de purificaci\u00f3n garantizan un perfil de seguridad elevado y un contenido prote\u00ednico m\u00ednimo.<\/p>\n<\/li>\n<\/ul>\n<p data-path-to-node=\"9\"><b data-path-to-node=\"9\" data-index-in-node=\"0\">Adquisici\u00f3n profesional:<\/b> Para pedir Botulax 100iu, los profesionales pueden acceder a nuestro portal seguro dise\u00f1ado para profesionales sanitarios. Este proceso de verificaci\u00f3n racionalizado garantiza que todos los suministros m\u00e9dicos se utilicen en los entornos cl\u00ednicos adecuados, maximizando los resultados de los pacientes. Amerinet-GPO proporciona documentaci\u00f3n completa y trazabilidad para cada env\u00edo, apoyando una cadena de suministro m\u00e9dico fiable y transparente.<\/p>\n","protected":false},"excerpt":{"rendered":"<p>Botulax 100iu es una toxina botul\u00ednica tipo A altamente purificada, en la que se conf\u00eda en todo el mundo por sus resultados cl\u00ednicos consistentes. Dise\u00f1ado para aplicaciones est\u00e9ticas de precisi\u00f3n e investigaci\u00f3n, garantiza una relajaci\u00f3n muscular y un alisamiento cut\u00e1neo eficaces. El acceso a este producto est\u00e1 adaptado a las necesidades de los especialistas y m\u00e9dicos certificados.<\/p>\n","protected":false},"featured_media":6316,"template":"","meta":[],"product_cat":[151],"product_tag":[],"class_list":{"0":"post-7120","1":"product","2":"type-product","3":"status-publish","4":"has-post-thumbnail","6":"product_cat-soluciones-de-peptidos-botulinum-botox-like","8":"first","9":"instock","10":"shipping-taxable","11":"purchasable","12":"product-type-simple"},"yoast_head":"<!-- This site is optimized with the Yoast SEO plugin v27.3 - https:\/\/yoast.com\/product\/yoast-seo-wordpress\/ -->\n<title>Botulax 100iu | Toxina Botul\u00ednica Profesional Tipo A - Amerinet GPO<\/title>\n<meta name=\"description\" content=\"Adquisici\u00f3n segura de Botulax 100iu para uso cl\u00ednico y est\u00e9tico. Toxina botul\u00ednica tipo A de gran pureza con log\u00edstica mundial certificada. Reservado a profesionales m\u00e9dicos.\" \/>\n<meta name=\"robots\" content=\"index, follow, max-snippet:-1, max-image-preview:large, max-video-preview:-1\" \/>\n<link rel=\"canonical\" href=\"https:\/\/www.amerinet-gpo.com\/es\/producto\/botulax-100iu-toxina-botulinica-tipo-a\/\" \/>\n<meta property=\"og:locale\" content=\"es_ES\" \/>\n<meta property=\"og:type\" content=\"article\" \/>\n<meta property=\"og:title\" content=\"Botulax 100iu | Toxina Botul\u00ednica Profesional Tipo A - Amerinet GPO\" \/>\n<meta property=\"og:description\" content=\"Adquisici\u00f3n segura de Botulax 100iu para uso cl\u00ednico y est\u00e9tico. Toxina botul\u00ednica tipo A de gran pureza con log\u00edstica mundial certificada. Reservado a profesionales m\u00e9dicos.\" \/>\n<meta property=\"og:url\" content=\"https:\/\/www.amerinet-gpo.com\/es\/producto\/botulax-100iu-toxina-botulinica-tipo-a\/\" \/>\n<meta property=\"og:site_name\" content=\"Amerinet GPO\" \/>\n<meta property=\"article:modified_time\" content=\"2026-02-03T21:51:55+00:00\" \/>\n<meta property=\"og:image\" content=\"https:\/\/www.amerinet-gpo.com\/wp-content\/uploads\/2024\/03\/Botulax-100iu-Botulinum-Toxin-Type-A.webp\" \/>\n\t<meta property=\"og:image:width\" content=\"500\" \/>\n\t<meta property=\"og:image:height\" content=\"500\" \/>\n\t<meta property=\"og:image:type\" content=\"image\/webp\" \/>\n<meta name=\"twitter:card\" content=\"summary_large_image\" \/>\n<meta name=\"twitter:label1\" content=\"Tiempo de lectura\" \/>\n\t<meta name=\"twitter:data1\" content=\"1 minuto\" \/>\n<script type=\"application\/ld+json\" class=\"yoast-schema-graph\">{\"@context\":\"https:\\\/\\\/schema.org\",\"@graph\":[{\"@type\":\"WebPage\",\"@id\":\"https:\\\/\\\/www.amerinet-gpo.com\\\/es\\\/producto\\\/botulax-100iu-toxina-botulinica-tipo-a\\\/\",\"url\":\"https:\\\/\\\/www.amerinet-gpo.com\\\/es\\\/producto\\\/botulax-100iu-toxina-botulinica-tipo-a\\\/\",\"name\":\"Botulax 100iu | Toxina Botul\u00ednica Profesional Tipo A - Amerinet GPO\",\"isPartOf\":{\"@id\":\"https:\\\/\\\/www.amerinet-gpo.com\\\/#website\"},\"primaryImageOfPage\":{\"@id\":\"https:\\\/\\\/www.amerinet-gpo.com\\\/es\\\/producto\\\/botulax-100iu-toxina-botulinica-tipo-a\\\/#primaryimage\"},\"image\":{\"@id\":\"https:\\\/\\\/www.amerinet-gpo.com\\\/es\\\/producto\\\/botulax-100iu-toxina-botulinica-tipo-a\\\/#primaryimage\"},\"thumbnailUrl\":\"https:\\\/\\\/www.amerinet-gpo.com\\\/wp-content\\\/uploads\\\/2024\\\/03\\\/Botulax-100iu-Botulinum-Toxin-Type-A.webp\",\"datePublished\":\"2024-03-22T10:50:49+00:00\",\"dateModified\":\"2026-02-03T21:51:55+00:00\",\"description\":\"Adquisici\u00f3n segura de Botulax 100iu para uso cl\u00ednico y est\u00e9tico. Toxina botul\u00ednica tipo A de gran pureza con log\u00edstica mundial certificada. Reservado a profesionales m\u00e9dicos.\",\"breadcrumb\":{\"@id\":\"https:\\\/\\\/www.amerinet-gpo.com\\\/es\\\/producto\\\/botulax-100iu-toxina-botulinica-tipo-a\\\/#breadcrumb\"},\"inLanguage\":\"es\",\"potentialAction\":[{\"@type\":\"ReadAction\",\"target\":[\"https:\\\/\\\/www.amerinet-gpo.com\\\/es\\\/producto\\\/botulax-100iu-toxina-botulinica-tipo-a\\\/\"]}]},{\"@type\":\"ImageObject\",\"inLanguage\":\"es\",\"@id\":\"https:\\\/\\\/www.amerinet-gpo.com\\\/es\\\/producto\\\/botulax-100iu-toxina-botulinica-tipo-a\\\/#primaryimage\",\"url\":\"https:\\\/\\\/www.amerinet-gpo.com\\\/wp-content\\\/uploads\\\/2024\\\/03\\\/Botulax-100iu-Botulinum-Toxin-Type-A.webp\",\"contentUrl\":\"https:\\\/\\\/www.amerinet-gpo.com\\\/wp-content\\\/uploads\\\/2024\\\/03\\\/Botulax-100iu-Botulinum-Toxin-Type-A.webp\",\"width\":500,\"height\":500},{\"@type\":\"BreadcrumbList\",\"@id\":\"https:\\\/\\\/www.amerinet-gpo.com\\\/es\\\/producto\\\/botulax-100iu-toxina-botulinica-tipo-a\\\/#breadcrumb\",\"itemListElement\":[{\"@type\":\"ListItem\",\"position\":1,\"name\":\"Home\",\"item\":\"https:\\\/\\\/www.amerinet-gpo.com\\\/es\\\/marca-inicio\\\/\"},{\"@type\":\"ListItem\",\"position\":2,\"name\":\"Shop\",\"item\":\"https:\\\/\\\/www.amerinet-gpo.com\\\/es\\\/shop\\\/\"},{\"@type\":\"ListItem\",\"position\":3,\"name\":\"Botulax 100iu &#8211; Toxina botul\u00ednica de grado m\u00e9dico tipo A\"}]},{\"@type\":\"WebSite\",\"@id\":\"https:\\\/\\\/www.amerinet-gpo.com\\\/#website\",\"url\":\"https:\\\/\\\/www.amerinet-gpo.com\\\/\",\"name\":\"Amerinet GPO\",\"description\":\"Bienvenido a Amerinet GPO, el comercio electr\u00f3nico de productos inyectables para medicina est\u00e9tica que incluye botox y rellenos d\u00e9rmicos.\",\"publisher\":{\"@id\":\"https:\\\/\\\/www.amerinet-gpo.com\\\/#organization\"},\"potentialAction\":[{\"@type\":\"SearchAction\",\"target\":{\"@type\":\"EntryPoint\",\"urlTemplate\":\"https:\\\/\\\/www.amerinet-gpo.com\\\/?s={search_term_string}\"},\"query-input\":{\"@type\":\"PropertyValueSpecification\",\"valueRequired\":true,\"valueName\":\"search_term_string\"}}],\"inLanguage\":\"es\"},{\"@type\":\"Organization\",\"@id\":\"https:\\\/\\\/www.amerinet-gpo.com\\\/#organization\",\"name\":\"Amerinet GPO\",\"url\":\"https:\\\/\\\/www.amerinet-gpo.com\\\/\",\"logo\":{\"@type\":\"ImageObject\",\"inLanguage\":\"es\",\"@id\":\"https:\\\/\\\/www.amerinet-gpo.com\\\/#\\\/schema\\\/logo\\\/image\\\/\",\"url\":\"https:\\\/\\\/www.amerinet-gpo.com\\\/wp-content\\\/uploads\\\/2024\\\/03\\\/extendify-demo-logo.png\",\"contentUrl\":\"https:\\\/\\\/www.amerinet-gpo.com\\\/wp-content\\\/uploads\\\/2024\\\/03\\\/extendify-demo-logo.png\",\"width\":96,\"height\":97,\"caption\":\"Amerinet GPO\"},\"image\":{\"@id\":\"https:\\\/\\\/www.amerinet-gpo.com\\\/#\\\/schema\\\/logo\\\/image\\\/\"}}]}<\/script>\n<!-- \/ Yoast SEO plugin. -->","yoast_head_json":{"title":"Botulax 100iu | Toxina Botul\u00ednica Profesional Tipo A - Amerinet GPO","description":"Adquisici\u00f3n segura de Botulax 100iu para uso cl\u00ednico y est\u00e9tico. Toxina botul\u00ednica tipo A de gran pureza con log\u00edstica mundial certificada. Reservado a profesionales m\u00e9dicos.","robots":{"index":"index","follow":"follow","max-snippet":"max-snippet:-1","max-image-preview":"max-image-preview:large","max-video-preview":"max-video-preview:-1"},"canonical":"https:\/\/www.amerinet-gpo.com\/es\/producto\/botulax-100iu-toxina-botulinica-tipo-a\/","og_locale":"es_ES","og_type":"article","og_title":"Botulax 100iu | Toxina Botul\u00ednica Profesional Tipo A - Amerinet GPO","og_description":"Adquisici\u00f3n segura de Botulax 100iu para uso cl\u00ednico y est\u00e9tico. Toxina botul\u00ednica tipo A de gran pureza con log\u00edstica mundial certificada. Reservado a profesionales m\u00e9dicos.","og_url":"https:\/\/www.amerinet-gpo.com\/es\/producto\/botulax-100iu-toxina-botulinica-tipo-a\/","og_site_name":"Amerinet GPO","article_modified_time":"2026-02-03T21:51:55+00:00","og_image":[{"width":500,"height":500,"url":"https:\/\/www.amerinet-gpo.com\/wp-content\/uploads\/2024\/03\/Botulax-100iu-Botulinum-Toxin-Type-A.webp","type":"image\/webp"}],"twitter_card":"summary_large_image","twitter_misc":{"Tiempo de lectura":"1 minuto"},"schema":{"@context":"https:\/\/schema.org","@graph":[{"@type":"WebPage","@id":"https:\/\/www.amerinet-gpo.com\/es\/producto\/botulax-100iu-toxina-botulinica-tipo-a\/","url":"https:\/\/www.amerinet-gpo.com\/es\/producto\/botulax-100iu-toxina-botulinica-tipo-a\/","name":"Botulax 100iu | Toxina Botul\u00ednica Profesional Tipo A - Amerinet GPO","isPartOf":{"@id":"https:\/\/www.amerinet-gpo.com\/#website"},"primaryImageOfPage":{"@id":"https:\/\/www.amerinet-gpo.com\/es\/producto\/botulax-100iu-toxina-botulinica-tipo-a\/#primaryimage"},"image":{"@id":"https:\/\/www.amerinet-gpo.com\/es\/producto\/botulax-100iu-toxina-botulinica-tipo-a\/#primaryimage"},"thumbnailUrl":"https:\/\/www.amerinet-gpo.com\/wp-content\/uploads\/2024\/03\/Botulax-100iu-Botulinum-Toxin-Type-A.webp","datePublished":"2024-03-22T10:50:49+00:00","dateModified":"2026-02-03T21:51:55+00:00","description":"Adquisici\u00f3n segura de Botulax 100iu para uso cl\u00ednico y est\u00e9tico. Toxina botul\u00ednica tipo A de gran pureza con log\u00edstica mundial certificada. Reservado a profesionales m\u00e9dicos.","breadcrumb":{"@id":"https:\/\/www.amerinet-gpo.com\/es\/producto\/botulax-100iu-toxina-botulinica-tipo-a\/#breadcrumb"},"inLanguage":"es","potentialAction":[{"@type":"ReadAction","target":["https:\/\/www.amerinet-gpo.com\/es\/producto\/botulax-100iu-toxina-botulinica-tipo-a\/"]}]},{"@type":"ImageObject","inLanguage":"es","@id":"https:\/\/www.amerinet-gpo.com\/es\/producto\/botulax-100iu-toxina-botulinica-tipo-a\/#primaryimage","url":"https:\/\/www.amerinet-gpo.com\/wp-content\/uploads\/2024\/03\/Botulax-100iu-Botulinum-Toxin-Type-A.webp","contentUrl":"https:\/\/www.amerinet-gpo.com\/wp-content\/uploads\/2024\/03\/Botulax-100iu-Botulinum-Toxin-Type-A.webp","width":500,"height":500},{"@type":"BreadcrumbList","@id":"https:\/\/www.amerinet-gpo.com\/es\/producto\/botulax-100iu-toxina-botulinica-tipo-a\/#breadcrumb","itemListElement":[{"@type":"ListItem","position":1,"name":"Home","item":"https:\/\/www.amerinet-gpo.com\/es\/marca-inicio\/"},{"@type":"ListItem","position":2,"name":"Shop","item":"https:\/\/www.amerinet-gpo.com\/es\/shop\/"},{"@type":"ListItem","position":3,"name":"Botulax 100iu &#8211; Toxina botul\u00ednica de grado m\u00e9dico tipo A"}]},{"@type":"WebSite","@id":"https:\/\/www.amerinet-gpo.com\/#website","url":"https:\/\/www.amerinet-gpo.com\/","name":"Amerinet GPO","description":"Bienvenido a Amerinet GPO, el comercio electr\u00f3nico de productos inyectables para medicina est\u00e9tica que incluye botox y rellenos d\u00e9rmicos.","publisher":{"@id":"https:\/\/www.amerinet-gpo.com\/#organization"},"potentialAction":[{"@type":"SearchAction","target":{"@type":"EntryPoint","urlTemplate":"https:\/\/www.amerinet-gpo.com\/?s={search_term_string}"},"query-input":{"@type":"PropertyValueSpecification","valueRequired":true,"valueName":"search_term_string"}}],"inLanguage":"es"},{"@type":"Organization","@id":"https:\/\/www.amerinet-gpo.com\/#organization","name":"Amerinet GPO","url":"https:\/\/www.amerinet-gpo.com\/","logo":{"@type":"ImageObject","inLanguage":"es","@id":"https:\/\/www.amerinet-gpo.com\/#\/schema\/logo\/image\/","url":"https:\/\/www.amerinet-gpo.com\/wp-content\/uploads\/2024\/03\/extendify-demo-logo.png","contentUrl":"https:\/\/www.amerinet-gpo.com\/wp-content\/uploads\/2024\/03\/extendify-demo-logo.png","width":96,"height":97,"caption":"Amerinet GPO"},"image":{"@id":"https:\/\/www.amerinet-gpo.com\/#\/schema\/logo\/image\/"}}]}},"_links":{"self":[{"href":"https:\/\/www.amerinet-gpo.com\/es\/wp-json\/wp\/v2\/product\/7120","targetHints":{"allow":["GET"]}}],"collection":[{"href":"https:\/\/www.amerinet-gpo.com\/es\/wp-json\/wp\/v2\/product"}],"about":[{"href":"https:\/\/www.amerinet-gpo.com\/es\/wp-json\/wp\/v2\/types\/product"}],"version-history":[{"count":2,"href":"https:\/\/www.amerinet-gpo.com\/es\/wp-json\/wp\/v2\/product\/7120\/revisions"}],"predecessor-version":[{"id":9427,"href":"https:\/\/www.amerinet-gpo.com\/es\/wp-json\/wp\/v2\/product\/7120\/revisions\/9427"}],"wp:featuredmedia":[{"embeddable":true,"href":"https:\/\/www.amerinet-gpo.com\/es\/wp-json\/wp\/v2\/media\/6316"}],"wp:attachment":[{"href":"https:\/\/www.amerinet-gpo.com\/es\/wp-json\/wp\/v2\/media?parent=7120"}],"wp:term":[{"taxonomy":"product_cat","embeddable":true,"href":"https:\/\/www.amerinet-gpo.com\/es\/wp-json\/wp\/v2\/product_cat?post=7120"},{"taxonomy":"product_tag","embeddable":true,"href":"https:\/\/www.amerinet-gpo.com\/es\/wp-json\/wp\/v2\/product_tag?post=7120"}],"curies":[{"name":"wp","href":"https:\/\/api.w.org\/{rel}","templated":true}]}}