{"id":6555,"date":"2024-03-30T02:36:43","date_gmt":"2024-03-30T02:36:43","guid":{"rendered":"https:\/\/www.amerinet-gpo.com\/shop\/v-line-a-solution-essence-rostro-lipolitico\/"},"modified":"2026-02-03T21:53:57","modified_gmt":"2026-02-03T21:53:57","slug":"v-line-a-solution-essence-rostro-lipolitico","status":"publish","type":"product","link":"https:\/\/www.amerinet-gpo.com\/es\/producto\/v-line-a-solution-essence-rostro-lipolitico\/","title":{"rendered":"Esencia de soluci\u00f3n V-Line-A &#8211; Contorno facial avanzado (5 x 10 ml)"},"content":{"rendered":"<div class=\"flex-1 overflow-hidden\">\n<div class=\"react-scroll-to-bottom--css-ibbwo-79elbk h-full\">\n<div class=\"react-scroll-to-bottom--css-ibbwo-1n7m0yu\">\n<div class=\"flex flex-col text-sm pb-9\">\n<div class=\"w-full text-token-text-primary\" data-testid=\"conversation-turn-71\">\n<div class=\"px-4 py-2 justify-center text-base md:gap-6 m-auto\">\n<div class=\"flex flex-1 text-base mx-auto gap-3 md:px-5 lg:px-1 xl:px-5 md:max-w-3xl lg:max-w-[40rem] xl:max-w-[48rem] group final-completion\">\n<div class=\"relative flex w-full flex-col agent-turn\">\n<div class=\"flex-col gap-1 md:gap-3\">\n<div class=\"flex flex-grow flex-col max-w-full\">\n<div class=\"min-h-[20px] text-message flex flex-col items-start gap-3 whitespace-pre-wrap break-words [.text-message+&amp;]:mt-5 overflow-x-auto\" data-message-author-role=\"assistant\" data-message-id=\"6a82c342-9837-4129-8098-cfbc82e33a72\">\n<div class=\"markdown prose w-full break-words dark:prose-invert dark\">\n<p data-path-to-node=\"6\">Las cl\u00ednicas ya pueden <b data-path-to-node=\"6\" data-index-in-node=\"35\">comprar V-Line-A Solution Essence<\/b>, un compuesto lipol\u00edtico especializado dise\u00f1ado espec\u00edficamente para el refinamiento facial. Este conjunto de 5&#215;10 ml se centra en la gesti\u00f3n del tejido adiposo en las zonas de la barbilla y las mejillas para conseguir un perfil de l\u00ednea V definido. Reservado para adquisici\u00f3n profesional y aplicaci\u00f3n cl\u00ednica.  <\/p>\n<p data-path-to-node=\"7\"><b data-path-to-node=\"7\" data-index-in-node=\"0\">Descripci\u00f3n completa del producto:<\/b> La <b data-path-to-node=\"7\" data-index-in-node=\"30\">Esencia Soluci\u00f3n V-Line-A<\/b> es un sofisticado compuesto est\u00e9tico dise\u00f1ado para los profesionales que dan prioridad a la precisi\u00f3n en el esculpido facial. Formulada para tratar los dep\u00f3sitos de grasa localizados en la regi\u00f3n facial, esta esencia facilita un aspecto m\u00e1s contorneado, en forma de \u00abV\u00bb, al favorecer el metabolismo natural de los l\u00edpidos y el refinamiento del tejido cut\u00e1neo. <\/p>\n<p data-path-to-node=\"8\">A diferencia de los lipol\u00edticos corporales m\u00e1s generales, V-Line-A est\u00e1 espec\u00edficamente equilibrado para zonas delicadas como la l\u00ednea de la mand\u00edbula, la papada y las regiones malares. Cuando los profesionales m\u00e9dicos <b data-path-to-node=\"8\" data-index-in-node=\"165\">compran la Soluci\u00f3n V-Line-A<\/b>, adquieren una herramienta capaz de mejorar la simetr\u00eda facial y la elasticidad de la piel mediante una formulaci\u00f3n de gran pureza, probada en laboratorio. <\/p>\n<p data-path-to-node=\"9\">Amerinet-GPO proporciona una plataforma segura para <b data-path-to-node=\"9\" data-index-in-node=\"43\">comprar esencias de calidad profesional<\/b>, garantizando que cada paquete de 5 viales se manipula con los m\u00e1s altos est\u00e1ndares log\u00edsticos. Para mantener la integridad de los tratamientos est\u00e9ticos, la opci\u00f3n de compra <b data-path-to-node=\"9\" data-index-in-node=\"226\">de esta soluci\u00f3n de contorno<\/b> facial est\u00e1 dedicada exclusivamente a especialistas m\u00e9dicos certificados y facultativos autorizados. <\/p>\n<p data-path-to-node=\"10\"><b data-path-to-node=\"10\" data-index-in-node=\"0\">Especificaciones t\u00e9cnicas:<\/b><\/p>\n<ul data-path-to-node=\"11\">\n<li>\n<p data-path-to-node=\"11,0,0\"><b data-path-to-node=\"11,0,0\" data-index-in-node=\"0\">Nombre del producto:<\/b> Esencia de Soluci\u00f3n V-Line-A.<\/p>\n<\/li>\n<li>\n<p data-path-to-node=\"11,1,0\"><b data-path-to-node=\"11,1,0\" data-index-in-node=\"0\">Envase:<\/b> 5 viales de 10 ml cada uno.<\/p>\n<\/li>\n<li>\n<p data-path-to-node=\"11,2,0\"><b data-path-to-node=\"11,2,0\" data-index-in-node=\"0\">Enfoque principal:<\/b> Contorno facial de la l\u00ednea V, grasa submentoniana y refinamiento de las mejillas.<\/p>\n<\/li>\n<li>\n<p data-path-to-node=\"11,3,0\"><b data-path-to-node=\"11,3,0\" data-index-in-node=\"0\">Beneficios clave:<\/b> Adip\u00f3lisis dirigida combinada con propiedades suavizantes de la piel.<\/p>\n<\/li>\n<li>\n<p data-path-to-node=\"11,4,0\"><b data-path-to-node=\"11,4,0\" data-index-in-node=\"0\">Uso profesional:<\/b> Dise\u00f1ado para su integraci\u00f3n en protocolos cl\u00ednicos de mesoterapia.<\/p>\n<\/li>\n<\/ul>\n<p data-path-to-node=\"12\"><b data-path-to-node=\"12\" data-index-in-node=\"0\">Adquisici\u00f3n profesional:<\/b> Los especialistas autorizados pueden <b data-path-to-node=\"12\" data-index-in-node=\"51\">comprar V-Line-A Solution online<\/b> a trav\u00e9s de nuestro portal profesional. Amerinet-GPO garantiza una cadena de suministro transparente para todas tus necesidades est\u00e9ticas, proporcionando la documentaci\u00f3n y la garant\u00eda de calidad necesarias para entornos cl\u00ednicos de alto nivel. <\/p>\n<\/div>\n<\/div>\n<\/div>\n<\/div>\n<\/div>\n<\/div>\n<\/div>\n<\/div>\n<\/div>\n<\/div>\n<\/div>\n<\/div>\n","protected":false},"excerpt":{"rendered":"<p>Las cl\u00ednicas ya pueden <b data-path-to-node=\"6\" data-index-in-node=\"35\">comprar V-Line-A Solution Essence<\/b>, un compuesto lipol\u00edtico especializado dise\u00f1ado espec\u00edficamente para el refinamiento facial. Este conjunto de 5&#215;10 ml se centra en la gesti\u00f3n del tejido adiposo en las zonas de la barbilla y las mejillas para conseguir un perfil de l\u00ednea V definido. Reservado para adquisici\u00f3n profesional y aplicaci\u00f3n cl\u00ednica.  <\/p>\n","protected":false},"featured_media":6416,"template":"","meta":[],"product_cat":[126],"product_tag":[],"class_list":{"0":"post-6555","1":"product","2":"type-product","3":"status-publish","4":"has-post-thumbnail","6":"product_cat-lipoliticos","8":"first","9":"instock","10":"shipping-taxable","11":"purchasable","12":"product-type-simple"},"yoast_head":"<!-- This site is optimized with the Yoast SEO plugin v27.5 - https:\/\/yoast.com\/product\/yoast-seo-wordpress\/ -->\n<title>Comprar V-Line-A Solution Essence | Contorno Facial Lipol\u00edtico - Amerinet GPO<\/title>\n<meta name=\"description\" content=\"\u00bfQuieres comprar la Soluci\u00f3n V-Line-A? Esta esencia facial de primera calidad est\u00e1 dise\u00f1ada para el contorneado preciso de la l\u00ednea V y la gesti\u00f3n adiposa. De calidad profesional para uso cl\u00ednico.\" \/>\n<meta name=\"robots\" content=\"index, follow, max-snippet:-1, max-image-preview:large, max-video-preview:-1\" \/>\n<link rel=\"canonical\" href=\"https:\/\/www.amerinet-gpo.com\/es\/producto\/v-line-a-solution-essence-rostro-lipolitico\/\" \/>\n<meta property=\"og:locale\" content=\"es_ES\" \/>\n<meta property=\"og:type\" content=\"article\" \/>\n<meta property=\"og:title\" content=\"Comprar V-Line-A Solution Essence | Contorno Facial Lipol\u00edtico - Amerinet GPO\" \/>\n<meta property=\"og:description\" content=\"\u00bfQuieres comprar la Soluci\u00f3n V-Line-A? Esta esencia facial de primera calidad est\u00e1 dise\u00f1ada para el contorneado preciso de la l\u00ednea V y la gesti\u00f3n adiposa. De calidad profesional para uso cl\u00ednico.\" \/>\n<meta property=\"og:url\" content=\"https:\/\/www.amerinet-gpo.com\/es\/producto\/v-line-a-solution-essence-rostro-lipolitico\/\" \/>\n<meta property=\"og:site_name\" content=\"Amerinet GPO\" \/>\n<meta property=\"article:modified_time\" content=\"2026-02-03T21:53:57+00:00\" \/>\n<meta property=\"og:image\" content=\"https:\/\/www.amerinet-gpo.com\/wp-content\/uploads\/2024\/03\/V-Line-A-Solution-Essence.png\" \/>\n\t<meta property=\"og:image:width\" content=\"491\" \/>\n\t<meta property=\"og:image:height\" content=\"495\" \/>\n\t<meta property=\"og:image:type\" content=\"image\/png\" \/>\n<meta name=\"twitter:card\" content=\"summary_large_image\" \/>\n<meta name=\"twitter:label1\" content=\"Tiempo de lectura\" \/>\n\t<meta name=\"twitter:data1\" content=\"2 minutos\" \/>\n<script type=\"application\/ld+json\" class=\"yoast-schema-graph\">{\"@context\":\"https:\\\/\\\/schema.org\",\"@graph\":[{\"@type\":\"WebPage\",\"@id\":\"https:\\\/\\\/www.amerinet-gpo.com\\\/es\\\/producto\\\/v-line-a-solution-essence-rostro-lipolitico\\\/\",\"url\":\"https:\\\/\\\/www.amerinet-gpo.com\\\/es\\\/producto\\\/v-line-a-solution-essence-rostro-lipolitico\\\/\",\"name\":\"Comprar V-Line-A Solution Essence | Contorno Facial Lipol\u00edtico - Amerinet GPO\",\"isPartOf\":{\"@id\":\"https:\\\/\\\/www.amerinet-gpo.com\\\/#website\"},\"primaryImageOfPage\":{\"@id\":\"https:\\\/\\\/www.amerinet-gpo.com\\\/es\\\/producto\\\/v-line-a-solution-essence-rostro-lipolitico\\\/#primaryimage\"},\"image\":{\"@id\":\"https:\\\/\\\/www.amerinet-gpo.com\\\/es\\\/producto\\\/v-line-a-solution-essence-rostro-lipolitico\\\/#primaryimage\"},\"thumbnailUrl\":\"https:\\\/\\\/www.amerinet-gpo.com\\\/wp-content\\\/uploads\\\/2024\\\/03\\\/V-Line-A-Solution-Essence.png\",\"datePublished\":\"2024-03-30T02:36:43+00:00\",\"dateModified\":\"2026-02-03T21:53:57+00:00\",\"description\":\"\u00bfQuieres comprar la Soluci\u00f3n V-Line-A? Esta esencia facial de primera calidad est\u00e1 dise\u00f1ada para el contorneado preciso de la l\u00ednea V y la gesti\u00f3n adiposa. De calidad profesional para uso cl\u00ednico.\",\"breadcrumb\":{\"@id\":\"https:\\\/\\\/www.amerinet-gpo.com\\\/es\\\/producto\\\/v-line-a-solution-essence-rostro-lipolitico\\\/#breadcrumb\"},\"inLanguage\":\"es\",\"potentialAction\":[{\"@type\":\"ReadAction\",\"target\":[\"https:\\\/\\\/www.amerinet-gpo.com\\\/es\\\/producto\\\/v-line-a-solution-essence-rostro-lipolitico\\\/\"]}]},{\"@type\":\"ImageObject\",\"inLanguage\":\"es\",\"@id\":\"https:\\\/\\\/www.amerinet-gpo.com\\\/es\\\/producto\\\/v-line-a-solution-essence-rostro-lipolitico\\\/#primaryimage\",\"url\":\"https:\\\/\\\/www.amerinet-gpo.com\\\/wp-content\\\/uploads\\\/2024\\\/03\\\/V-Line-A-Solution-Essence.png\",\"contentUrl\":\"https:\\\/\\\/www.amerinet-gpo.com\\\/wp-content\\\/uploads\\\/2024\\\/03\\\/V-Line-A-Solution-Essence.png\",\"width\":491,\"height\":495},{\"@type\":\"BreadcrumbList\",\"@id\":\"https:\\\/\\\/www.amerinet-gpo.com\\\/es\\\/producto\\\/v-line-a-solution-essence-rostro-lipolitico\\\/#breadcrumb\",\"itemListElement\":[{\"@type\":\"ListItem\",\"position\":1,\"name\":\"Home\",\"item\":\"https:\\\/\\\/www.amerinet-gpo.com\\\/es\\\/marca-inicio\\\/\"},{\"@type\":\"ListItem\",\"position\":2,\"name\":\"Shop\",\"item\":\"https:\\\/\\\/www.amerinet-gpo.com\\\/es\\\/shop\\\/\"},{\"@type\":\"ListItem\",\"position\":3,\"name\":\"Esencia de soluci\u00f3n V-Line-A &#8211; Contorno facial avanzado (5 x 10 ml)\"}]},{\"@type\":\"WebSite\",\"@id\":\"https:\\\/\\\/www.amerinet-gpo.com\\\/#website\",\"url\":\"https:\\\/\\\/www.amerinet-gpo.com\\\/\",\"name\":\"Amerinet GPO\",\"description\":\"Bienvenido a Amerinet GPO, el comercio electr\u00f3nico de productos inyectables para medicina est\u00e9tica que incluye botox y rellenos d\u00e9rmicos.\",\"publisher\":{\"@id\":\"https:\\\/\\\/www.amerinet-gpo.com\\\/#organization\"},\"potentialAction\":[{\"@type\":\"SearchAction\",\"target\":{\"@type\":\"EntryPoint\",\"urlTemplate\":\"https:\\\/\\\/www.amerinet-gpo.com\\\/?s={search_term_string}\"},\"query-input\":{\"@type\":\"PropertyValueSpecification\",\"valueRequired\":true,\"valueName\":\"search_term_string\"}}],\"inLanguage\":\"es\"},{\"@type\":\"Organization\",\"@id\":\"https:\\\/\\\/www.amerinet-gpo.com\\\/#organization\",\"name\":\"Amerinet GPO\",\"url\":\"https:\\\/\\\/www.amerinet-gpo.com\\\/\",\"logo\":{\"@type\":\"ImageObject\",\"inLanguage\":\"es\",\"@id\":\"https:\\\/\\\/www.amerinet-gpo.com\\\/#\\\/schema\\\/logo\\\/image\\\/\",\"url\":\"https:\\\/\\\/www.amerinet-gpo.com\\\/wp-content\\\/uploads\\\/2024\\\/03\\\/extendify-demo-logo.png\",\"contentUrl\":\"https:\\\/\\\/www.amerinet-gpo.com\\\/wp-content\\\/uploads\\\/2024\\\/03\\\/extendify-demo-logo.png\",\"width\":96,\"height\":97,\"caption\":\"Amerinet GPO\"},\"image\":{\"@id\":\"https:\\\/\\\/www.amerinet-gpo.com\\\/#\\\/schema\\\/logo\\\/image\\\/\"}}]}<\/script>\n<!-- \/ Yoast SEO plugin. -->","yoast_head_json":{"title":"Comprar V-Line-A Solution Essence | Contorno Facial Lipol\u00edtico - Amerinet GPO","description":"\u00bfQuieres comprar la Soluci\u00f3n V-Line-A? Esta esencia facial de primera calidad est\u00e1 dise\u00f1ada para el contorneado preciso de la l\u00ednea V y la gesti\u00f3n adiposa. De calidad profesional para uso cl\u00ednico.","robots":{"index":"index","follow":"follow","max-snippet":"max-snippet:-1","max-image-preview":"max-image-preview:large","max-video-preview":"max-video-preview:-1"},"canonical":"https:\/\/www.amerinet-gpo.com\/es\/producto\/v-line-a-solution-essence-rostro-lipolitico\/","og_locale":"es_ES","og_type":"article","og_title":"Comprar V-Line-A Solution Essence | Contorno Facial Lipol\u00edtico - Amerinet GPO","og_description":"\u00bfQuieres comprar la Soluci\u00f3n V-Line-A? Esta esencia facial de primera calidad est\u00e1 dise\u00f1ada para el contorneado preciso de la l\u00ednea V y la gesti\u00f3n adiposa. De calidad profesional para uso cl\u00ednico.","og_url":"https:\/\/www.amerinet-gpo.com\/es\/producto\/v-line-a-solution-essence-rostro-lipolitico\/","og_site_name":"Amerinet GPO","article_modified_time":"2026-02-03T21:53:57+00:00","og_image":[{"width":491,"height":495,"url":"https:\/\/www.amerinet-gpo.com\/wp-content\/uploads\/2024\/03\/V-Line-A-Solution-Essence.png","type":"image\/png"}],"twitter_card":"summary_large_image","twitter_misc":{"Tiempo de lectura":"2 minutos"},"schema":{"@context":"https:\/\/schema.org","@graph":[{"@type":"WebPage","@id":"https:\/\/www.amerinet-gpo.com\/es\/producto\/v-line-a-solution-essence-rostro-lipolitico\/","url":"https:\/\/www.amerinet-gpo.com\/es\/producto\/v-line-a-solution-essence-rostro-lipolitico\/","name":"Comprar V-Line-A Solution Essence | Contorno Facial Lipol\u00edtico - Amerinet GPO","isPartOf":{"@id":"https:\/\/www.amerinet-gpo.com\/#website"},"primaryImageOfPage":{"@id":"https:\/\/www.amerinet-gpo.com\/es\/producto\/v-line-a-solution-essence-rostro-lipolitico\/#primaryimage"},"image":{"@id":"https:\/\/www.amerinet-gpo.com\/es\/producto\/v-line-a-solution-essence-rostro-lipolitico\/#primaryimage"},"thumbnailUrl":"https:\/\/www.amerinet-gpo.com\/wp-content\/uploads\/2024\/03\/V-Line-A-Solution-Essence.png","datePublished":"2024-03-30T02:36:43+00:00","dateModified":"2026-02-03T21:53:57+00:00","description":"\u00bfQuieres comprar la Soluci\u00f3n V-Line-A? Esta esencia facial de primera calidad est\u00e1 dise\u00f1ada para el contorneado preciso de la l\u00ednea V y la gesti\u00f3n adiposa. De calidad profesional para uso cl\u00ednico.","breadcrumb":{"@id":"https:\/\/www.amerinet-gpo.com\/es\/producto\/v-line-a-solution-essence-rostro-lipolitico\/#breadcrumb"},"inLanguage":"es","potentialAction":[{"@type":"ReadAction","target":["https:\/\/www.amerinet-gpo.com\/es\/producto\/v-line-a-solution-essence-rostro-lipolitico\/"]}]},{"@type":"ImageObject","inLanguage":"es","@id":"https:\/\/www.amerinet-gpo.com\/es\/producto\/v-line-a-solution-essence-rostro-lipolitico\/#primaryimage","url":"https:\/\/www.amerinet-gpo.com\/wp-content\/uploads\/2024\/03\/V-Line-A-Solution-Essence.png","contentUrl":"https:\/\/www.amerinet-gpo.com\/wp-content\/uploads\/2024\/03\/V-Line-A-Solution-Essence.png","width":491,"height":495},{"@type":"BreadcrumbList","@id":"https:\/\/www.amerinet-gpo.com\/es\/producto\/v-line-a-solution-essence-rostro-lipolitico\/#breadcrumb","itemListElement":[{"@type":"ListItem","position":1,"name":"Home","item":"https:\/\/www.amerinet-gpo.com\/es\/marca-inicio\/"},{"@type":"ListItem","position":2,"name":"Shop","item":"https:\/\/www.amerinet-gpo.com\/es\/shop\/"},{"@type":"ListItem","position":3,"name":"Esencia de soluci\u00f3n V-Line-A &#8211; Contorno facial avanzado (5 x 10 ml)"}]},{"@type":"WebSite","@id":"https:\/\/www.amerinet-gpo.com\/#website","url":"https:\/\/www.amerinet-gpo.com\/","name":"Amerinet GPO","description":"Bienvenido a Amerinet GPO, el comercio electr\u00f3nico de productos inyectables para medicina est\u00e9tica que incluye botox y rellenos d\u00e9rmicos.","publisher":{"@id":"https:\/\/www.amerinet-gpo.com\/#organization"},"potentialAction":[{"@type":"SearchAction","target":{"@type":"EntryPoint","urlTemplate":"https:\/\/www.amerinet-gpo.com\/?s={search_term_string}"},"query-input":{"@type":"PropertyValueSpecification","valueRequired":true,"valueName":"search_term_string"}}],"inLanguage":"es"},{"@type":"Organization","@id":"https:\/\/www.amerinet-gpo.com\/#organization","name":"Amerinet GPO","url":"https:\/\/www.amerinet-gpo.com\/","logo":{"@type":"ImageObject","inLanguage":"es","@id":"https:\/\/www.amerinet-gpo.com\/#\/schema\/logo\/image\/","url":"https:\/\/www.amerinet-gpo.com\/wp-content\/uploads\/2024\/03\/extendify-demo-logo.png","contentUrl":"https:\/\/www.amerinet-gpo.com\/wp-content\/uploads\/2024\/03\/extendify-demo-logo.png","width":96,"height":97,"caption":"Amerinet GPO"},"image":{"@id":"https:\/\/www.amerinet-gpo.com\/#\/schema\/logo\/image\/"}}]}},"_links":{"self":[{"href":"https:\/\/www.amerinet-gpo.com\/es\/wp-json\/wp\/v2\/product\/6555","targetHints":{"allow":["GET"]}}],"collection":[{"href":"https:\/\/www.amerinet-gpo.com\/es\/wp-json\/wp\/v2\/product"}],"about":[{"href":"https:\/\/www.amerinet-gpo.com\/es\/wp-json\/wp\/v2\/types\/product"}],"version-history":[{"count":1,"href":"https:\/\/www.amerinet-gpo.com\/es\/wp-json\/wp\/v2\/product\/6555\/revisions"}],"predecessor-version":[{"id":9581,"href":"https:\/\/www.amerinet-gpo.com\/es\/wp-json\/wp\/v2\/product\/6555\/revisions\/9581"}],"wp:featuredmedia":[{"embeddable":true,"href":"https:\/\/www.amerinet-gpo.com\/es\/wp-json\/wp\/v2\/media\/6416"}],"wp:attachment":[{"href":"https:\/\/www.amerinet-gpo.com\/es\/wp-json\/wp\/v2\/media?parent=6555"}],"wp:term":[{"taxonomy":"product_cat","embeddable":true,"href":"https:\/\/www.amerinet-gpo.com\/es\/wp-json\/wp\/v2\/product_cat?post=6555"},{"taxonomy":"product_tag","embeddable":true,"href":"https:\/\/www.amerinet-gpo.com\/es\/wp-json\/wp\/v2\/product_tag?post=6555"}],"curies":[{"name":"wp","href":"https:\/\/api.w.org\/{rel}","templated":true}]}}