{"id":6530,"date":"2024-03-29T06:29:43","date_gmt":"2024-03-29T06:29:43","guid":{"rendered":"https:\/\/www.amerinet-gpo.com\/shop\/lipolab-ppc-lipodissolve\/"},"modified":"2026-02-12T20:40:19","modified_gmt":"2026-02-12T20:40:19","slug":"lipolab-ppc-lipodissolve","status":"publish","type":"product","link":"https:\/\/www.amerinet-gpo.com\/es\/producto\/lipolab-ppc-lipodissolve\/","title":{"rendered":"Inyecciones disolventes de grasa Lipolab"},"content":{"rendered":"<p data-path-to-node=\"4\"><b data-path-to-node=\"4\" data-index-in-node=\"0\">Introducci\u00f3n:<\/b> LipoLab es el est\u00e1ndar de oro mundial en <b data-path-to-node=\"4\" data-index-in-node=\"54\">inyecciones disolventes de<\/b> grasa, y ofrece una soluci\u00f3n potente y no quir\u00fargica para la reducci\u00f3n permanente de la grasa. Si buscas el tratamiento <b data-path-to-node=\"4\" data-index-in-node=\"195\">disolvente de grasa<\/b> m\u00e1s eficaz, LipoLab 5x10ml proporciona una f\u00f3rmula de calidad cl\u00ednica dise\u00f1ada para derretir el tejido adiposo rebelde. Estas <b data-path-to-node=\"4\" data-index-in-node=\"323\">inyecciones para adelgazar<\/b> se dirigen a los dep\u00f3sitos de grasa localizados que se resisten a la dieta y el ejercicio, proporcionando un f\u00edsico m\u00e1s esbelto y contorneado.  <\/p>\n<p data-path-to-node=\"5\"><b data-path-to-node=\"5\" data-index-in-node=\"0\">\u00bfPor qu\u00e9 elegir las inyecciones disolventes de grasa LipoLab?<\/b><\/p>\n<ul data-path-to-node=\"6\">\n<li>\n<p data-path-to-node=\"6,0,0\"><b data-path-to-node=\"6,0,0\" data-index-in-node=\"0\">Eliminaci\u00f3n de Grasa Dirigida:<\/b> Espec\u00edficamente formulado para la <b data-path-to-node=\"6,0,0\" data-index-in-node=\"50\">disoluci\u00f3n<\/b> de <b data-path-to-node=\"6,0,0\" data-index-in-node=\"50\">grasa<\/b> en la papada, el abdomen, los muslos y los \u00abmichelines\u00bb.<\/p>\n<\/li>\n<li>\n<p data-path-to-node=\"6,1,0\"><b data-path-to-node=\"6,1,0\" data-index-in-node=\"0\">Lip\u00f3lisis avanzada:<\/b> A diferencia de los tratamientos est\u00e1ndar, estas <b data-path-to-node=\"6,1,0\" data-index-in-node=\"54\">inyecciones que disuelven la grasa<\/b> descomponen las c\u00e9lulas adiposas de forma permanente, que luego son eliminadas de forma natural por el organismo.<\/p>\n<\/li>\n<li>\n<p data-path-to-node=\"6,2,0\"><b data-path-to-node=\"6,2,0\" data-index-in-node=\"0\">Resultados de acci\u00f3n r\u00e1pida:<\/b> Como soluci\u00f3n l\u00edder en <b data-path-to-node=\"6,2,0\" data-index-in-node=\"34\">disoluci\u00f3n de grasa<\/b>, LipoLab es reconocido por su desoxicolato de alta pureza, que garantiza resultados visibles tras unas pocas sesiones.<\/p>\n<\/li>\n<li>\n<p data-path-to-node=\"6,3,0\"><b data-path-to-node=\"6,3,0\" data-index-in-node=\"0\">Tiempo de inactividad m\u00ednimo:<\/b> Alternativa preferida a la liposucci\u00f3n, estas <b data-path-to-node=\"6,3,0\" data-index-in-node=\"64\">inyecciones para disolver la grasa<\/b> permiten una recuperaci\u00f3n r\u00e1pida y una alta satisfacci\u00f3n del paciente.<\/p>\n<\/li>\n<\/ul>\n<p data-path-to-node=\"7\"><b data-path-to-node=\"7\" data-index-in-node=\"0\">\u00c1reas de tratamiento primario:<\/b><\/p>\n<ul data-path-to-node=\"8\">\n<li>\n<p data-path-to-node=\"8,0,0\"><b data-path-to-node=\"8,0,0\" data-index-in-node=\"0\">Cara:<\/b> Ideal para <b data-path-to-node=\"8,0,0\" data-index-in-node=\"16\">disolver<\/b> la grasa bajo la barbilla (grasa submentoniana) y definir la l\u00ednea de la mand\u00edbula.<\/p>\n<\/li>\n<li>\n<p data-path-to-node=\"8,1,0\"><b data-path-to-node=\"8,1,0\" data-index-in-node=\"0\">Cuerpo:<\/b> Perfecto para <b data-path-to-node=\"8,1,0\" data-index-in-node=\"18\">disolver la grasa<\/b> del vientre, los brazos, la espalda (grasa del sujetador) y las caderas.<\/p>\n<\/li>\n<\/ul>\n<p data-path-to-node=\"9\"><b data-path-to-node=\"9\" data-index-in-node=\"0\">Especificaciones del producto:<\/b><\/p>\n<ul data-path-to-node=\"10\">\n<li>\n<p data-path-to-node=\"10,0,0\"><b data-path-to-node=\"10,0,0\" data-index-in-node=\"0\">Formato:<\/b> Caja de 5 viales de 10 ml (ciclo completo de <b data-path-to-node=\"10,0,0\" data-index-in-node=\"40\">disoluci\u00f3n de la grasa<\/b> ).<\/p>\n<\/li>\n<li>\n<p data-path-to-node=\"10,1,0\"><b data-path-to-node=\"10,1,0\" data-index-in-node=\"0\">Ingredientes activos:<\/b> PPC de alta pureza y desoxicolato de sodio para un efecto <b data-path-to-node=\"10,1,0\" data-index-in-node=\"72\">lipol\u00edtico<\/b> m\u00e1ximo.<\/p>\n<\/li>\n<li>\n<p data-path-to-node=\"10,2,0\"><b data-path-to-node=\"10,2,0\" data-index-in-node=\"0\">Administraci\u00f3n:<\/b> Destinado a protocolos profesionales de inyecci\u00f3n subcut\u00e1nea.<\/p>\n<\/li>\n<\/ul>\n<p data-path-to-node=\"11\"><b data-path-to-node=\"11\" data-index-in-node=\"0\">Seguridad y almacenamiento:<\/b><\/p>\n<ul data-path-to-node=\"12\">\n<li>\n<p data-path-to-node=\"12,0,0\"><b data-path-to-node=\"12,0,0\" data-index-in-node=\"0\">Uso profesional:<\/b> Estas <b data-path-to-node=\"12,0,0\" data-index-in-node=\"24\">inyecciones disolventes de<\/b> grasa s\u00f3lo deben ser administradas por profesionales capacitados.<\/p>\n<\/li>\n<li>\n<p data-path-to-node=\"12,1,0\"><b data-path-to-node=\"12,1,0\" data-index-in-node=\"0\">Conservaci\u00f3n:<\/b> Conservar en lugar fresco y seco. Proteger de la luz. <\/p>\n<\/li>\n<\/ul>\n","protected":false},"excerpt":{"rendered":"<p><b data-path-to-node=\"15,0\" data-index-in-node=\"0\">LipoLab 5x10ml<\/b> es la soluci\u00f3n l\u00edder en <b data-path-to-node=\"15,0\" data-index-in-node=\"43\">inyecciones disolventes<\/b> de <b data-path-to-node=\"15,0\" data-index-in-node=\"43\">grasa<\/b>, que proporciona una reducci\u00f3n permanente del tejido adiposo localizado. Dise\u00f1ada para <b data-path-to-node=\"15,0\" data-index-in-node=\"159\">disolver la grasa<\/b> con gran precisi\u00f3n, se dirige a la papada, el abdomen y los muslos. Estas <b data-path-to-node=\"15,0\" data-index-in-node=\"243\">inyecciones lipol\u00edticas<\/b> profesionales ofrecen una alternativa no quir\u00fargica a la liposucci\u00f3n, garantizando una silueta m\u00e1s esbelta y definida con resultados duraderos.  <\/p>\n","protected":false},"featured_media":6346,"template":"","meta":[],"product_cat":[126],"product_tag":[],"class_list":{"0":"post-6530","1":"product","2":"type-product","3":"status-publish","4":"has-post-thumbnail","6":"product_cat-lipoliticos","8":"first","9":"instock","10":"shipping-taxable","11":"purchasable","12":"product-type-simple"},"yoast_head":"<!-- This site is optimized with the Yoast SEO plugin v27.6 - https:\/\/yoast.com\/product\/yoast-seo-wordpress\/ -->\n<title>Comprar \u00c1cido Deoxic\u00f3lico 5x10ml | ATX-101 &amp; Belkyra Alternativa - Amerinet GPO<\/title>\n<meta name=\"description\" content=\"\u00bfQuieres comprar \u00c1cido Deoxic\u00f3lico para tu cl\u00ednica? Nuestra soluci\u00f3n PPC ofrece una alternativa profesional al Kybella y al Belkyra (ATX-101). Segura, trazable y certificada.\" \/>\n<meta name=\"robots\" content=\"index, follow, max-snippet:-1, max-image-preview:large, max-video-preview:-1\" \/>\n<link rel=\"canonical\" href=\"https:\/\/www.amerinet-gpo.com\/es\/producto\/lipolab-ppc-lipodissolve\/\" \/>\n<meta property=\"og:locale\" content=\"es_ES\" \/>\n<meta property=\"og:type\" content=\"article\" \/>\n<meta property=\"og:title\" content=\"Comprar \u00c1cido Deoxic\u00f3lico 5x10ml | ATX-101 &amp; Belkyra Alternativa - Amerinet GPO\" \/>\n<meta property=\"og:description\" content=\"\u00bfQuieres comprar \u00c1cido Deoxic\u00f3lico para tu cl\u00ednica? Nuestra soluci\u00f3n PPC ofrece una alternativa profesional al Kybella y al Belkyra (ATX-101). Segura, trazable y certificada.\" \/>\n<meta property=\"og:url\" content=\"https:\/\/www.amerinet-gpo.com\/es\/producto\/lipolab-ppc-lipodissolve\/\" \/>\n<meta property=\"og:site_name\" content=\"Amerinet GPO\" \/>\n<meta property=\"article:modified_time\" content=\"2026-02-12T20:40:19+00:00\" \/>\n<meta property=\"og:image\" content=\"https:\/\/www.amerinet-gpo.com\/wp-content\/uploads\/2024\/03\/image_1024.jpg\" \/>\n\t<meta property=\"og:image:width\" content=\"500\" \/>\n\t<meta property=\"og:image:height\" content=\"500\" \/>\n\t<meta property=\"og:image:type\" content=\"image\/jpeg\" \/>\n<meta name=\"twitter:card\" content=\"summary_large_image\" \/>\n<meta name=\"twitter:label1\" content=\"Tiempo de lectura\" \/>\n\t<meta name=\"twitter:data1\" content=\"2 minutos\" \/>\n<script type=\"application\/ld+json\" class=\"yoast-schema-graph\">{\"@context\":\"https:\\\/\\\/schema.org\",\"@graph\":[{\"@type\":\"WebPage\",\"@id\":\"https:\\\/\\\/www.amerinet-gpo.com\\\/es\\\/producto\\\/lipolab-ppc-lipodissolve\\\/\",\"url\":\"https:\\\/\\\/www.amerinet-gpo.com\\\/es\\\/producto\\\/lipolab-ppc-lipodissolve\\\/\",\"name\":\"Comprar \u00c1cido Deoxic\u00f3lico 5x10ml | ATX-101 & Belkyra Alternativa - Amerinet GPO\",\"isPartOf\":{\"@id\":\"https:\\\/\\\/www.amerinet-gpo.com\\\/#website\"},\"primaryImageOfPage\":{\"@id\":\"https:\\\/\\\/www.amerinet-gpo.com\\\/es\\\/producto\\\/lipolab-ppc-lipodissolve\\\/#primaryimage\"},\"image\":{\"@id\":\"https:\\\/\\\/www.amerinet-gpo.com\\\/es\\\/producto\\\/lipolab-ppc-lipodissolve\\\/#primaryimage\"},\"thumbnailUrl\":\"https:\\\/\\\/www.amerinet-gpo.com\\\/wp-content\\\/uploads\\\/2024\\\/03\\\/image_1024.jpg\",\"datePublished\":\"2024-03-29T06:29:43+00:00\",\"dateModified\":\"2026-02-12T20:40:19+00:00\",\"description\":\"\u00bfQuieres comprar \u00c1cido Deoxic\u00f3lico para tu cl\u00ednica? Nuestra soluci\u00f3n PPC ofrece una alternativa profesional al Kybella y al Belkyra (ATX-101). Segura, trazable y certificada.\",\"breadcrumb\":{\"@id\":\"https:\\\/\\\/www.amerinet-gpo.com\\\/es\\\/producto\\\/lipolab-ppc-lipodissolve\\\/#breadcrumb\"},\"inLanguage\":\"es\",\"potentialAction\":[{\"@type\":\"ReadAction\",\"target\":[\"https:\\\/\\\/www.amerinet-gpo.com\\\/es\\\/producto\\\/lipolab-ppc-lipodissolve\\\/\"]}]},{\"@type\":\"ImageObject\",\"inLanguage\":\"es\",\"@id\":\"https:\\\/\\\/www.amerinet-gpo.com\\\/es\\\/producto\\\/lipolab-ppc-lipodissolve\\\/#primaryimage\",\"url\":\"https:\\\/\\\/www.amerinet-gpo.com\\\/wp-content\\\/uploads\\\/2024\\\/03\\\/image_1024.jpg\",\"contentUrl\":\"https:\\\/\\\/www.amerinet-gpo.com\\\/wp-content\\\/uploads\\\/2024\\\/03\\\/image_1024.jpg\",\"width\":500,\"height\":500},{\"@type\":\"BreadcrumbList\",\"@id\":\"https:\\\/\\\/www.amerinet-gpo.com\\\/es\\\/producto\\\/lipolab-ppc-lipodissolve\\\/#breadcrumb\",\"itemListElement\":[{\"@type\":\"ListItem\",\"position\":1,\"name\":\"Home\",\"item\":\"https:\\\/\\\/www.amerinet-gpo.com\\\/es\\\/marca-inicio\\\/\"},{\"@type\":\"ListItem\",\"position\":2,\"name\":\"Shop\",\"item\":\"https:\\\/\\\/www.amerinet-gpo.com\\\/es\\\/shop\\\/\"},{\"@type\":\"ListItem\",\"position\":3,\"name\":\"Inyecciones disolventes de grasa Lipolab\"}]},{\"@type\":\"WebSite\",\"@id\":\"https:\\\/\\\/www.amerinet-gpo.com\\\/#website\",\"url\":\"https:\\\/\\\/www.amerinet-gpo.com\\\/\",\"name\":\"Amerinet GPO\",\"description\":\"Bienvenido a Amerinet GPO, el comercio electr\u00f3nico de productos inyectables para medicina est\u00e9tica que incluye botox y rellenos d\u00e9rmicos.\",\"publisher\":{\"@id\":\"https:\\\/\\\/www.amerinet-gpo.com\\\/#organization\"},\"potentialAction\":[{\"@type\":\"SearchAction\",\"target\":{\"@type\":\"EntryPoint\",\"urlTemplate\":\"https:\\\/\\\/www.amerinet-gpo.com\\\/?s={search_term_string}\"},\"query-input\":{\"@type\":\"PropertyValueSpecification\",\"valueRequired\":true,\"valueName\":\"search_term_string\"}}],\"inLanguage\":\"es\"},{\"@type\":\"Organization\",\"@id\":\"https:\\\/\\\/www.amerinet-gpo.com\\\/#organization\",\"name\":\"Amerinet GPO\",\"url\":\"https:\\\/\\\/www.amerinet-gpo.com\\\/\",\"logo\":{\"@type\":\"ImageObject\",\"inLanguage\":\"es\",\"@id\":\"https:\\\/\\\/www.amerinet-gpo.com\\\/#\\\/schema\\\/logo\\\/image\\\/\",\"url\":\"https:\\\/\\\/www.amerinet-gpo.com\\\/wp-content\\\/uploads\\\/2024\\\/03\\\/extendify-demo-logo.png\",\"contentUrl\":\"https:\\\/\\\/www.amerinet-gpo.com\\\/wp-content\\\/uploads\\\/2024\\\/03\\\/extendify-demo-logo.png\",\"width\":96,\"height\":97,\"caption\":\"Amerinet GPO\"},\"image\":{\"@id\":\"https:\\\/\\\/www.amerinet-gpo.com\\\/#\\\/schema\\\/logo\\\/image\\\/\"}}]}<\/script>\n<!-- \/ Yoast SEO plugin. -->","yoast_head_json":{"title":"Comprar \u00c1cido Deoxic\u00f3lico 5x10ml | ATX-101 & Belkyra Alternativa - Amerinet GPO","description":"\u00bfQuieres comprar \u00c1cido Deoxic\u00f3lico para tu cl\u00ednica? Nuestra soluci\u00f3n PPC ofrece una alternativa profesional al Kybella y al Belkyra (ATX-101). Segura, trazable y certificada.","robots":{"index":"index","follow":"follow","max-snippet":"max-snippet:-1","max-image-preview":"max-image-preview:large","max-video-preview":"max-video-preview:-1"},"canonical":"https:\/\/www.amerinet-gpo.com\/es\/producto\/lipolab-ppc-lipodissolve\/","og_locale":"es_ES","og_type":"article","og_title":"Comprar \u00c1cido Deoxic\u00f3lico 5x10ml | ATX-101 & Belkyra Alternativa - Amerinet GPO","og_description":"\u00bfQuieres comprar \u00c1cido Deoxic\u00f3lico para tu cl\u00ednica? Nuestra soluci\u00f3n PPC ofrece una alternativa profesional al Kybella y al Belkyra (ATX-101). Segura, trazable y certificada.","og_url":"https:\/\/www.amerinet-gpo.com\/es\/producto\/lipolab-ppc-lipodissolve\/","og_site_name":"Amerinet GPO","article_modified_time":"2026-02-12T20:40:19+00:00","og_image":[{"width":500,"height":500,"url":"https:\/\/www.amerinet-gpo.com\/wp-content\/uploads\/2024\/03\/image_1024.jpg","type":"image\/jpeg"}],"twitter_card":"summary_large_image","twitter_misc":{"Tiempo de lectura":"2 minutos"},"schema":{"@context":"https:\/\/schema.org","@graph":[{"@type":"WebPage","@id":"https:\/\/www.amerinet-gpo.com\/es\/producto\/lipolab-ppc-lipodissolve\/","url":"https:\/\/www.amerinet-gpo.com\/es\/producto\/lipolab-ppc-lipodissolve\/","name":"Comprar \u00c1cido Deoxic\u00f3lico 5x10ml | ATX-101 & Belkyra Alternativa - Amerinet GPO","isPartOf":{"@id":"https:\/\/www.amerinet-gpo.com\/#website"},"primaryImageOfPage":{"@id":"https:\/\/www.amerinet-gpo.com\/es\/producto\/lipolab-ppc-lipodissolve\/#primaryimage"},"image":{"@id":"https:\/\/www.amerinet-gpo.com\/es\/producto\/lipolab-ppc-lipodissolve\/#primaryimage"},"thumbnailUrl":"https:\/\/www.amerinet-gpo.com\/wp-content\/uploads\/2024\/03\/image_1024.jpg","datePublished":"2024-03-29T06:29:43+00:00","dateModified":"2026-02-12T20:40:19+00:00","description":"\u00bfQuieres comprar \u00c1cido Deoxic\u00f3lico para tu cl\u00ednica? Nuestra soluci\u00f3n PPC ofrece una alternativa profesional al Kybella y al Belkyra (ATX-101). Segura, trazable y certificada.","breadcrumb":{"@id":"https:\/\/www.amerinet-gpo.com\/es\/producto\/lipolab-ppc-lipodissolve\/#breadcrumb"},"inLanguage":"es","potentialAction":[{"@type":"ReadAction","target":["https:\/\/www.amerinet-gpo.com\/es\/producto\/lipolab-ppc-lipodissolve\/"]}]},{"@type":"ImageObject","inLanguage":"es","@id":"https:\/\/www.amerinet-gpo.com\/es\/producto\/lipolab-ppc-lipodissolve\/#primaryimage","url":"https:\/\/www.amerinet-gpo.com\/wp-content\/uploads\/2024\/03\/image_1024.jpg","contentUrl":"https:\/\/www.amerinet-gpo.com\/wp-content\/uploads\/2024\/03\/image_1024.jpg","width":500,"height":500},{"@type":"BreadcrumbList","@id":"https:\/\/www.amerinet-gpo.com\/es\/producto\/lipolab-ppc-lipodissolve\/#breadcrumb","itemListElement":[{"@type":"ListItem","position":1,"name":"Home","item":"https:\/\/www.amerinet-gpo.com\/es\/marca-inicio\/"},{"@type":"ListItem","position":2,"name":"Shop","item":"https:\/\/www.amerinet-gpo.com\/es\/shop\/"},{"@type":"ListItem","position":3,"name":"Inyecciones disolventes de grasa Lipolab"}]},{"@type":"WebSite","@id":"https:\/\/www.amerinet-gpo.com\/#website","url":"https:\/\/www.amerinet-gpo.com\/","name":"Amerinet GPO","description":"Bienvenido a Amerinet GPO, el comercio electr\u00f3nico de productos inyectables para medicina est\u00e9tica que incluye botox y rellenos d\u00e9rmicos.","publisher":{"@id":"https:\/\/www.amerinet-gpo.com\/#organization"},"potentialAction":[{"@type":"SearchAction","target":{"@type":"EntryPoint","urlTemplate":"https:\/\/www.amerinet-gpo.com\/?s={search_term_string}"},"query-input":{"@type":"PropertyValueSpecification","valueRequired":true,"valueName":"search_term_string"}}],"inLanguage":"es"},{"@type":"Organization","@id":"https:\/\/www.amerinet-gpo.com\/#organization","name":"Amerinet GPO","url":"https:\/\/www.amerinet-gpo.com\/","logo":{"@type":"ImageObject","inLanguage":"es","@id":"https:\/\/www.amerinet-gpo.com\/#\/schema\/logo\/image\/","url":"https:\/\/www.amerinet-gpo.com\/wp-content\/uploads\/2024\/03\/extendify-demo-logo.png","contentUrl":"https:\/\/www.amerinet-gpo.com\/wp-content\/uploads\/2024\/03\/extendify-demo-logo.png","width":96,"height":97,"caption":"Amerinet GPO"},"image":{"@id":"https:\/\/www.amerinet-gpo.com\/#\/schema\/logo\/image\/"}}]}},"_links":{"self":[{"href":"https:\/\/www.amerinet-gpo.com\/es\/wp-json\/wp\/v2\/product\/6530","targetHints":{"allow":["GET"]}}],"collection":[{"href":"https:\/\/www.amerinet-gpo.com\/es\/wp-json\/wp\/v2\/product"}],"about":[{"href":"https:\/\/www.amerinet-gpo.com\/es\/wp-json\/wp\/v2\/types\/product"}],"version-history":[{"count":2,"href":"https:\/\/www.amerinet-gpo.com\/es\/wp-json\/wp\/v2\/product\/6530\/revisions"}],"predecessor-version":[{"id":10194,"href":"https:\/\/www.amerinet-gpo.com\/es\/wp-json\/wp\/v2\/product\/6530\/revisions\/10194"}],"wp:featuredmedia":[{"embeddable":true,"href":"https:\/\/www.amerinet-gpo.com\/es\/wp-json\/wp\/v2\/media\/6346"}],"wp:attachment":[{"href":"https:\/\/www.amerinet-gpo.com\/es\/wp-json\/wp\/v2\/media?parent=6530"}],"wp:term":[{"taxonomy":"product_cat","embeddable":true,"href":"https:\/\/www.amerinet-gpo.com\/es\/wp-json\/wp\/v2\/product_cat?post=6530"},{"taxonomy":"product_tag","embeddable":true,"href":"https:\/\/www.amerinet-gpo.com\/es\/wp-json\/wp\/v2\/product_tag?post=6530"}],"curies":[{"name":"wp","href":"https:\/\/api.w.org\/{rel}","templated":true}]}}