{"id":7854,"date":"2025-11-05T11:33:34","date_gmt":"2025-11-05T11:33:34","guid":{"rendered":"https:\/\/www.amerinet-gpo.com\/terms-and-conditions\/"},"modified":"2025-11-05T11:39:24","modified_gmt":"2025-11-05T11:39:24","slug":"terms-and-conditions","status":"publish","type":"page","link":"https:\/\/www.amerinet-gpo.com\/es\/terms-and-conditions\/","title":{"rendered":"T\u00e9rminos de Uso"},"content":{"rendered":"<p>Estos T\u00e9rminos y Condiciones de Uso (los \u00ab<b>T\u00e9rminos de Uso<\/b>\u00ab) se aplican al sitio web de <b>Amerinet-GPO<\/b>. El sitio <code>www.amerinet-gpo.com<\/code> (el \u00ab<b>Sitio<\/b>\u00ab) es propiedad de <b>Amerinet-GPO<\/b>. <b>POR FAVOR, LEA ATENTAMENTE LOS SIGUIENTES T\u00c9RMINOS DE USO.<\/b> Su posterior acceso y uso del Sitio se considerar\u00e1n como una aceptaci\u00f3n de los T\u00e9rminos de Uso. Si no acepta los T\u00e9rminos de Uso, no contin\u00fae usando el Sitio. Amerinet-GPO se reserva el derecho de cambiar, modificar, a\u00f1adir o eliminar porciones de estos T\u00e9rminos de Uso en cualquier momento. Es su responsabilidad revisar peri\u00f3dicamente estos T\u00e9rminos de Uso para detectar cambios. Su uso continuado del Sitio despu\u00e9s de la publicaci\u00f3n de los cambios significar\u00e1 que acepta y est\u00e1 de acuerdo con los cambios.<\/p>\n<p><b>TENGA EN CUENTA QUE ESTOS T\u00c9RMINOS DE USO REGULAN \u00daNICAMENTE EL USO DEL SITIO Y NO SUSTITUYEN NING\u00daN ACUERDO CON EL CLIENTE (CUSTOMER AGREEMENT) QUE PUEDA CELEBRAR CON AMERINET-GPO.<\/b><\/p>\n<h3>1. Operaci\u00f3n y Alcance del Servicio<\/h3>\n<p>El Sitio es operado por <b>Amerinet-GPO<\/b>. Nuestro objetivo es proporcionarle un procesamiento de solicitudes eficiente y r\u00e1pido para servicios de cumplimiento de pedidos de productos profesionales. Amerinet-GPO <b>no es una farmacia<\/b>, pero trabaja con farmacias y dispensarios debidamente autorizados en muchas jurisdicciones (incluidos, entre otros, los <b>Estados Unidos<\/b> y a nivel mundial) para satisfacer las solicitudes de los clientes de medicamentos asequibles y productos profesionales. <b>Amerinet-GPO vende productos exclusivamente a clientes autorizados con licencia m\u00e9dica que han completado nuestro formulario de apertura de cuenta.<\/b><\/p>\n<h3>2. Informaci\u00f3n Proporcionada<\/h3>\n<p>Cualquier informaci\u00f3n proporcionada en el Sitio o por nuestro Representante de Ventas tiene <b>fines meramente informativos<\/b> y no debe considerarse un consejo espec\u00edfico. Aseg\u00farese siempre de haber consultado a un m\u00e9dico para recibir asesoramiento, diagn\u00f3stico y tratamiento m\u00e9dico; <b>ninguna informaci\u00f3n en el Sitio debe utilizarse para este fin.<\/b> Amerinet-GPO puede realizar cambios en cualquier producto o servicio ofrecido en el Sitio, o en los precios aplicables a dichos productos o servicios, en cualquier momento y sin previo aviso.<\/p>\n<h3>3. Recopilaci\u00f3n de Informaci\u00f3n y Apertura de Cuenta<\/h3>\n<p>Como parte del proceso de pedido, todos los clientes deben celebrar un Acuerdo con el Cliente para establecer su cuenta de cliente. Para este prop\u00f3sito, Amerinet-GPO requiere que el cliente complete un <b>formulario de apertura de cuenta<\/b>. Amerinet-GPO se reserva el derecho de decidir el contenido del formulario de apertura de cuenta y el derecho de modificarlo en cualquier momento.<\/p>\n<h3>4. Transacciones Prohibidas y Cumplimiento Legal<\/h3>\n<p>La provisi\u00f3n de productos, servicios o informaci\u00f3n en el Sitio no constituye una oferta para vender dichos productos o servicios, sino que indica que dichos productos o servicios est\u00e1n <b>disponibles para la venta a clientes apropiados bajo un acuerdo con Amerinet-GPO.<\/b> Los T\u00e9rminos de Uso que se aplican a un producto o servicio se determinar\u00e1n en el momento de la venta. Amerinet-GPO se reserva el derecho de <b>rechazar la solicitud de productos o servicios de un cliente<\/b>, incluso cuando la publicidad de los productos o servicios o su aviso de venta pueda considerarse ilegal. Todos los clientes que utilizan el Sitio son <b>responsables de garantizar el cumplimiento de las leyes aplicables<\/b>, incluidas, entre otras, las leyes, restricciones y regulaciones de importaci\u00f3n vigentes en su jurisdicci\u00f3n.<\/p>\n<h3>5. Cuentas, Contrase\u00f1as y Seguridad<\/h3>\n<p>Cada cliente es totalmente responsable de mantener la <b>confidencialidad<\/b> de la informaci\u00f3n que posee para su cuenta, incluida su contrase\u00f1a, y de toda actividad que ocurra en su cuenta como resultado de no mantener esta informaci\u00f3n segura y confidencial. Usted se compromete a notificar a Amerinet-GPO inmediatamente sobre cualquier uso no autorizado de su cuenta o contrase\u00f1a, o cualquier otra violaci\u00f3n de seguridad.<\/p>\n<h3>6. Aduanas, Aranceles e Impuestos<\/h3>\n<p>Al realizar un pedido en el Sitio, usted es <b>responsable de asegurar que el producto pueda ser importado legalmente<\/b> al destino. El destinatario es el importador registrado y debe cumplir con todas las leyes y regulaciones del destino. Los pedidos pueden estar sujetos a impuestos de importaci\u00f3n, aranceles aduaneros y tarifas impuestas por el pa\u00eds de destino. El destinatario de un env\u00edo internacional puede estar sujeto a dichos impuestos de importaci\u00f3n, aranceles aduaneros y tarifas, que se imponen una vez que el env\u00edo llega al pa\u00eds del destinatario. <b>Los cargos adicionales por despacho de aduana deben ser cubiertos por el destinatario; Amerinet-GPO no tiene control sobre estos cargos.<\/b><\/p>\n<h3>7. Pol\u00edtica de Igualaci\u00f3n de Precios (Price Match Policy)<\/h3>\n<p>En Amerinet-GPO, valoramos las relaciones a largo plazo y estamos orgullosos de mostrar lealtad a nuestros clientes ofreciendo una opci\u00f3n de <b>Igualaci\u00f3n de Precios (Price Match)<\/b>. Entendemos la importancia de los precios justos en el mercado competitivo actual y nos esforzamos por garantizar que siempre obtenga el mejor valor al comprar con nosotros. Si bien adoptamos un enfoque individualizado para cada solicitud, hay <b>tres condiciones clave<\/b> a tener en cuenta:<\/p>\n<ol start=\"1\">\n<li>La factura no debe tener m\u00e1s de <b>2 meses<\/b> de antig\u00fcedad;<\/li>\n<li>Debe ser una <b>factura v\u00e1lida y verificable<\/b> de otro proveedor;<\/li>\n<li>La factura <b>no debe incluir un descuento por primera compra o puntos de fidelidad<\/b>.<\/li>\n<\/ol>\n<p>Si cumple con estos criterios y compr\u00f3 el mismo producto por menos en otro lugar, simplemente cont\u00e1ctenos: haremos todo lo posible para igualar el precio.<\/p>\n<h3>8. Env\u00edo y Embalaje<\/h3>\n<p>Los pedidos se enviar\u00e1n al <b>d\u00eda siguiente de recibir el pago<\/b>. El tiempo de entrega aproximado es de <b>3 a 5 d\u00edas h\u00e1biles<\/b>, lo que var\u00eda seg\u00fan la ubicaci\u00f3n del almac\u00e9n y la empresa de entrega. <b>Amerinet-GPO no es responsable de los retrasos en la entrega causados por la empresa de entrega, los procedimientos de importaci\u00f3n y el propio cliente.<\/b><\/p>\n<p>Amerinet-GPO proporciona una excelente experiencia de embalaje al cliente. Algunos productos requieren un embalaje especial, que es proporcionado por Amerinet-GPO. Debido a la naturaleza del producto, <b>Amerinet-GPO no es responsable de la calidad del producto causada por un retraso en la entrega que no fue causado por Amerinet-GPO misma.<\/b> Amerinet-GPO <b>no acepta devoluciones de productos espec\u00edficos porque pierden sus cualidades importantes<\/b> debido al env\u00edo o retrasos.<\/p>\n<hr \/>\n<h3>9. Exenci\u00f3n de Responsabilidad (Disclaimer)<\/h3>\n<p>El Sitio est\u00e1 disponible \u00abtal cual, seg\u00fan disponibilidad\u00bb (\u00ab<b>as-is, as-available<\/b>\u00ab), y Amerinet-GPO no promete que el Sitio o cualquiera de sus contenidos, servicios o caracter\u00edsticas est\u00e9 libre de errores o interrupciones, ni que se corregir\u00e1n los defectos, ni que el uso del Sitio proporcionar\u00e1 resultados especiales. Toda la informaci\u00f3n en el Sitio puede modificarse sin previo aviso.<\/p>\n<p>Amerinet-GPO toma medidas razonables para proteger el Sitio y para poder procesar sus solicitudes a trav\u00e9s de su cuenta de cliente y\/o a trav\u00e9s de nuestro n\u00famero de tel\u00e9fono gratuito y n\u00famero de fax gratuito. <b>AMERINET-GPO NO OFRECE DECLARACIONES NI GARANT\u00cdAS, EXPRESAS O IMPL\u00cdCITAS, CON RESPECTO AL SITIO, Y SIN LIMITACI\u00d3N, RENUNCIA A LAS GARANT\u00cdAS IMPL\u00cdCITAS DE COMERCIABILIDAD E IDONEIDAD PARA UN PROP\u00d3SITO PARTICULAR, UTILIDAD, NO INFRACCI\u00d3N, INTEGRIDAD, EXACTITUD Y FIABILIDAD.<\/b> Todos los riesgos asociados con el uso del Sitio correr\u00e1n exclusivamente por su cuenta.<\/p>\n<p><b>EN NING\u00daN CASO AMERINET-GPO SER\u00c1 RESPONSABLE POR DA\u00d1OS DIRECTOS, INDIRECTOS, INCIDENTALES O CONSECUENTES DERIVADOS DEL USO O LA IMPOSIBILIDAD DE USAR EL SITIO, POR SERVICIOS INTERRUMPIDOS O POR DA\u00d1OS QUE OCURRAN EN SISTEMAS INFORM\u00c1TICOS Y DE CUALQUIER OTRA FORMA A TRAV\u00c9S DEL USO DEL SITIO.<\/b><\/p>\n<h3>10. Propiedad Intelectual<\/h3>\n<p>Todas las marcas comerciales y el contenido del Sitio se utilizan bajo licencia de Amerinet-GPO y no pueden copiarse ni reproducirse de ninguna manera, en su totalidad o en parte.<\/p>\n<h3>11. Enlaces<\/h3>\n<p>Amerinet-GPO puede proporcionar enlaces a otros sitios web de terceros y no es responsable del contenido, la precisi\u00f3n o las opiniones expresadas en dichos sitios web de terceros, y dichos sitios web no son investigados, monitoreados ni verificados por nosotros en cuanto a su precisi\u00f3n o integridad. La inclusi\u00f3n de cualquier sitio web enlazado en el Sitio no implica la aprobaci\u00f3n o el respaldo de los sitios web enlazados por nuestra parte. Si decide abandonar el Sitio y acceder a estos sitios de terceros, lo hace bajo su propio riesgo.<\/p>\n<h3>12. Terminaci\u00f3n de la Cuenta del Cliente<\/h3>\n<p>Amerinet-GPO se reserva el derecho de <b>terminar su cuenta de cliente<\/b> a su entera discreci\u00f3n.<\/p>\n<h3>13. Separabilidad<\/h3>\n<p>Si alguna disposici\u00f3n establecida en los T\u00e9rminos de Uso se determina como inv\u00e1lida o inaplicable en cualquier jurisdicci\u00f3n, dicha disposici\u00f3n ser\u00e1, en cuanto a esa jurisdicci\u00f3n, ineficaz solo en la medida de dicha invalidez o inaplicabilidad y ser\u00e1 <b>separada del resto de este documento<\/b> sin invalidar o afectar las disposiciones restantes, las cuales continuar\u00e1n en pleno vigor y efecto.<\/p>\n<h3>14. Acuerdo Completo<\/h3>\n<p>Los T\u00e9rminos de Uso constituyen un <b>acuerdo legalmente vinculante<\/b> con Amerinet-GPO con respecto a los asuntos tratados en este documento.<\/p>\n<h3>15. Mayor\u00eda de Edad<\/h3>\n<p>Para utilizar el Sitio y establecer una cuenta de cliente, todos los usuarios deben ser <b>mayores de edad<\/b> en la jurisdicci\u00f3n relevante y poseer la licencia necesaria para comprar los productos ofrecidos en este Sitio.<\/p>\n","protected":false},"excerpt":{"rendered":"<p>Estos T\u00e9rminos y Condiciones de Uso (los \u00abT\u00e9rminos de Uso\u00ab) se aplican al sitio web de Amerinet-GPO. El sitio www.amerinet-gpo.com (el \u00abSitio\u00ab)&hellip;<\/p>\n","protected":false},"author":1,"featured_media":0,"parent":0,"menu_order":0,"comment_status":"closed","ping_status":"closed","template":"","meta":{"footnotes":""},"class_list":["post-7854","page","type-page","status-publish","hentry"],"yoast_head":"<!-- This site is optimized with the Yoast SEO plugin v27.5 - https:\/\/yoast.com\/product\/yoast-seo-wordpress\/ -->\n<title>T\u00e9rminos de Uso - Amerinet GPO<\/title>\n<meta name=\"robots\" content=\"index, follow, max-snippet:-1, max-image-preview:large, max-video-preview:-1\" \/>\n<link rel=\"canonical\" href=\"https:\/\/www.amerinet-gpo.com\/es\/terms-and-conditions\/\" \/>\n<meta property=\"og:locale\" content=\"es_ES\" \/>\n<meta property=\"og:type\" content=\"article\" \/>\n<meta property=\"og:title\" content=\"T\u00e9rminos de Uso - Amerinet GPO\" \/>\n<meta property=\"og:description\" content=\"Estos T\u00e9rminos y Condiciones de Uso (los \u00abT\u00e9rminos de Uso\u00ab) se aplican al sitio web de Amerinet-GPO. El sitio www.amerinet-gpo.com (el \u00abSitio\u00ab)&hellip;\" \/>\n<meta property=\"og:url\" content=\"https:\/\/www.amerinet-gpo.com\/es\/terms-and-conditions\/\" \/>\n<meta property=\"og:site_name\" content=\"Amerinet GPO\" \/>\n<meta property=\"article:modified_time\" content=\"2025-11-05T11:39:24+00:00\" \/>\n<meta name=\"twitter:card\" content=\"summary_large_image\" \/>\n<meta name=\"twitter:label1\" content=\"Tiempo de lectura\" \/>\n\t<meta name=\"twitter:data1\" content=\"7 minutos\" \/>\n<script type=\"application\/ld+json\" class=\"yoast-schema-graph\">{\"@context\":\"https:\\\/\\\/schema.org\",\"@graph\":[{\"@type\":\"WebPage\",\"@id\":\"https:\\\/\\\/www.amerinet-gpo.com\\\/es\\\/terms-and-conditions\\\/\",\"url\":\"https:\\\/\\\/www.amerinet-gpo.com\\\/es\\\/terms-and-conditions\\\/\",\"name\":\"T\u00e9rminos de Uso - Amerinet GPO\",\"isPartOf\":{\"@id\":\"https:\\\/\\\/www.amerinet-gpo.com\\\/#website\"},\"datePublished\":\"2025-11-05T11:33:34+00:00\",\"dateModified\":\"2025-11-05T11:39:24+00:00\",\"breadcrumb\":{\"@id\":\"https:\\\/\\\/www.amerinet-gpo.com\\\/es\\\/terms-and-conditions\\\/#breadcrumb\"},\"inLanguage\":\"es\",\"potentialAction\":[{\"@type\":\"ReadAction\",\"target\":[\"https:\\\/\\\/www.amerinet-gpo.com\\\/es\\\/terms-and-conditions\\\/\"]}]},{\"@type\":\"BreadcrumbList\",\"@id\":\"https:\\\/\\\/www.amerinet-gpo.com\\\/es\\\/terms-and-conditions\\\/#breadcrumb\",\"itemListElement\":[{\"@type\":\"ListItem\",\"position\":1,\"name\":\"Home\",\"item\":\"https:\\\/\\\/www.amerinet-gpo.com\\\/es\\\/marca-inicio\\\/\"},{\"@type\":\"ListItem\",\"position\":2,\"name\":\"T\u00e9rminos de Uso\"}]},{\"@type\":\"WebSite\",\"@id\":\"https:\\\/\\\/www.amerinet-gpo.com\\\/#website\",\"url\":\"https:\\\/\\\/www.amerinet-gpo.com\\\/\",\"name\":\"Amerinet GPO\",\"description\":\"Bienvenido a Amerinet GPO, el comercio electr\u00f3nico de productos inyectables para medicina est\u00e9tica que incluye botox y rellenos d\u00e9rmicos.\",\"publisher\":{\"@id\":\"https:\\\/\\\/www.amerinet-gpo.com\\\/#organization\"},\"potentialAction\":[{\"@type\":\"SearchAction\",\"target\":{\"@type\":\"EntryPoint\",\"urlTemplate\":\"https:\\\/\\\/www.amerinet-gpo.com\\\/?s={search_term_string}\"},\"query-input\":{\"@type\":\"PropertyValueSpecification\",\"valueRequired\":true,\"valueName\":\"search_term_string\"}}],\"inLanguage\":\"es\"},{\"@type\":\"Organization\",\"@id\":\"https:\\\/\\\/www.amerinet-gpo.com\\\/#organization\",\"name\":\"Amerinet GPO\",\"url\":\"https:\\\/\\\/www.amerinet-gpo.com\\\/\",\"logo\":{\"@type\":\"ImageObject\",\"inLanguage\":\"es\",\"@id\":\"https:\\\/\\\/www.amerinet-gpo.com\\\/#\\\/schema\\\/logo\\\/image\\\/\",\"url\":\"https:\\\/\\\/www.amerinet-gpo.com\\\/wp-content\\\/uploads\\\/2024\\\/03\\\/extendify-demo-logo.png\",\"contentUrl\":\"https:\\\/\\\/www.amerinet-gpo.com\\\/wp-content\\\/uploads\\\/2024\\\/03\\\/extendify-demo-logo.png\",\"width\":96,\"height\":97,\"caption\":\"Amerinet GPO\"},\"image\":{\"@id\":\"https:\\\/\\\/www.amerinet-gpo.com\\\/#\\\/schema\\\/logo\\\/image\\\/\"}}]}<\/script>\n<!-- \/ Yoast SEO plugin. -->","yoast_head_json":{"title":"T\u00e9rminos de Uso - Amerinet GPO","robots":{"index":"index","follow":"follow","max-snippet":"max-snippet:-1","max-image-preview":"max-image-preview:large","max-video-preview":"max-video-preview:-1"},"canonical":"https:\/\/www.amerinet-gpo.com\/es\/terms-and-conditions\/","og_locale":"es_ES","og_type":"article","og_title":"T\u00e9rminos de Uso - Amerinet GPO","og_description":"Estos T\u00e9rminos y Condiciones de Uso (los \u00abT\u00e9rminos de Uso\u00ab) se aplican al sitio web de Amerinet-GPO. El sitio www.amerinet-gpo.com (el \u00abSitio\u00ab)&hellip;","og_url":"https:\/\/www.amerinet-gpo.com\/es\/terms-and-conditions\/","og_site_name":"Amerinet GPO","article_modified_time":"2025-11-05T11:39:24+00:00","twitter_card":"summary_large_image","twitter_misc":{"Tiempo de lectura":"7 minutos"},"schema":{"@context":"https:\/\/schema.org","@graph":[{"@type":"WebPage","@id":"https:\/\/www.amerinet-gpo.com\/es\/terms-and-conditions\/","url":"https:\/\/www.amerinet-gpo.com\/es\/terms-and-conditions\/","name":"T\u00e9rminos de Uso - Amerinet GPO","isPartOf":{"@id":"https:\/\/www.amerinet-gpo.com\/#website"},"datePublished":"2025-11-05T11:33:34+00:00","dateModified":"2025-11-05T11:39:24+00:00","breadcrumb":{"@id":"https:\/\/www.amerinet-gpo.com\/es\/terms-and-conditions\/#breadcrumb"},"inLanguage":"es","potentialAction":[{"@type":"ReadAction","target":["https:\/\/www.amerinet-gpo.com\/es\/terms-and-conditions\/"]}]},{"@type":"BreadcrumbList","@id":"https:\/\/www.amerinet-gpo.com\/es\/terms-and-conditions\/#breadcrumb","itemListElement":[{"@type":"ListItem","position":1,"name":"Home","item":"https:\/\/www.amerinet-gpo.com\/es\/marca-inicio\/"},{"@type":"ListItem","position":2,"name":"T\u00e9rminos de Uso"}]},{"@type":"WebSite","@id":"https:\/\/www.amerinet-gpo.com\/#website","url":"https:\/\/www.amerinet-gpo.com\/","name":"Amerinet GPO","description":"Bienvenido a Amerinet GPO, el comercio electr\u00f3nico de productos inyectables para medicina est\u00e9tica que incluye botox y rellenos d\u00e9rmicos.","publisher":{"@id":"https:\/\/www.amerinet-gpo.com\/#organization"},"potentialAction":[{"@type":"SearchAction","target":{"@type":"EntryPoint","urlTemplate":"https:\/\/www.amerinet-gpo.com\/?s={search_term_string}"},"query-input":{"@type":"PropertyValueSpecification","valueRequired":true,"valueName":"search_term_string"}}],"inLanguage":"es"},{"@type":"Organization","@id":"https:\/\/www.amerinet-gpo.com\/#organization","name":"Amerinet GPO","url":"https:\/\/www.amerinet-gpo.com\/","logo":{"@type":"ImageObject","inLanguage":"es","@id":"https:\/\/www.amerinet-gpo.com\/#\/schema\/logo\/image\/","url":"https:\/\/www.amerinet-gpo.com\/wp-content\/uploads\/2024\/03\/extendify-demo-logo.png","contentUrl":"https:\/\/www.amerinet-gpo.com\/wp-content\/uploads\/2024\/03\/extendify-demo-logo.png","width":96,"height":97,"caption":"Amerinet GPO"},"image":{"@id":"https:\/\/www.amerinet-gpo.com\/#\/schema\/logo\/image\/"}}]}},"_links":{"self":[{"href":"https:\/\/www.amerinet-gpo.com\/es\/wp-json\/wp\/v2\/pages\/7854","targetHints":{"allow":["GET"]}}],"collection":[{"href":"https:\/\/www.amerinet-gpo.com\/es\/wp-json\/wp\/v2\/pages"}],"about":[{"href":"https:\/\/www.amerinet-gpo.com\/es\/wp-json\/wp\/v2\/types\/page"}],"author":[{"embeddable":true,"href":"https:\/\/www.amerinet-gpo.com\/es\/wp-json\/wp\/v2\/users\/1"}],"replies":[{"embeddable":true,"href":"https:\/\/www.amerinet-gpo.com\/es\/wp-json\/wp\/v2\/comments?post=7854"}],"version-history":[{"count":1,"href":"https:\/\/www.amerinet-gpo.com\/es\/wp-json\/wp\/v2\/pages\/7854\/revisions"}],"predecessor-version":[{"id":7858,"href":"https:\/\/www.amerinet-gpo.com\/es\/wp-json\/wp\/v2\/pages\/7854\/revisions\/7858"}],"wp:attachment":[{"href":"https:\/\/www.amerinet-gpo.com\/es\/wp-json\/wp\/v2\/media?parent=7854"}],"curies":[{"name":"wp","href":"https:\/\/api.w.org\/{rel}","templated":true}]}}