{"id":7007,"date":"2020-10-18T13:07:58","date_gmt":"2020-10-18T13:07:58","guid":{"rendered":"https:\/\/www.amerinet-gpo.com\/quienes-somos\/"},"modified":"2026-02-10T04:10:52","modified_gmt":"2026-02-10T04:10:52","slug":"quienes-somos","status":"publish","type":"page","link":"https:\/\/www.amerinet-gpo.com\/es\/quienes-somos\/","title":{"rendered":"Qui\u00e9nes somos"},"content":{"rendered":"\t\t<div data-elementor-type=\"wp-page\" data-elementor-id=\"7007\" class=\"elementor elementor-7007 elementor-3049\">\n\t\t\t\t\t\t<section class=\"elementor-section elementor-top-section elementor-element elementor-element-ae248c4 elementor-section-full_width elementor-section-height-default elementor-section-height-default\" data-id=\"ae248c4\" data-element_type=\"section\" data-e-type=\"section\">\n\t\t\t\t\t\t<div class=\"elementor-container elementor-column-gap-no\">\n\t\t\t\t\t<div class=\"elementor-column elementor-col-100 elementor-top-column elementor-element elementor-element-6b92c4e\" data-id=\"6b92c4e\" data-element_type=\"column\" data-e-type=\"column\">\n\t\t\t<div class=\"elementor-widget-wrap elementor-element-populated\">\n\t\t\t\t\t\t<div class=\"elementor-element elementor-element-b369bce elementor-widget elementor-widget-ideapark-page-header\" data-id=\"b369bce\" data-element_type=\"widget\" data-e-type=\"widget\" data-widget_type=\"ideapark-page-header.default\">\n\t\t\t\t<div class=\"elementor-widget-container\">\n\t\t\t\t\t\t<header\n\t\tclass=\"l-section c-page-header c-page-header--header-type-4 c-page-header--default\n c-page-header--low\"\n\t\t>\n\n\t\t\t\t\t<div class=\"c-page-header__wrap\">\n\t\t\t\t\t\t\t\t\t<h1 class=\"c-page-header__title\">Qui\u00e9nes somos<\/h1>\n\t\t\t\t\t\t\t<\/div>\n\t\t\t\t<nav aria-label=\"breadcrumbs\" class=\"c-breadcrumbs c-breadcrumbs--yoast\"><ol class=\"c-breadcrumbs__list\"><li class=\"c-breadcrumbs__item c-breadcrumbs__item--wc\"><span><span><a href=\"https:\/\/www.amerinet-gpo.com\/es\/marca-inicio\/\">Home<\/a><\/span><\/span><\/li><\/ol><\/nav>\t<\/header>\n\t\t\t\t<\/div>\n\t\t\t\t<\/div>\n\t\t\t\t\t<\/div>\n\t\t<\/div>\n\t\t\t\t\t<\/div>\n\t\t<\/section>\n\t\t<div class=\"elementor-element elementor-element-4575229 e-flex e-con-boxed e-con e-parent\" data-id=\"4575229\" data-element_type=\"container\" data-e-type=\"container\">\n\t\t\t\t\t<div class=\"e-con-inner\">\n\t\t\t\t<div class=\"elementor-element elementor-element-76ed5b7 elementor-widget elementor-widget-text-editor\" data-id=\"76ed5b7\" data-element_type=\"widget\" data-e-type=\"widget\" data-widget_type=\"text-editor.default\">\n\t\t\t\t<div class=\"elementor-widget-container\">\n\t\t\t\t\t\t\t\t\t<h3 data-path-to-node=\"3\">Nuestro legado: De la GPO hospitalaria a la distribuci\u00f3n especializada<\/h3><p data-path-to-node=\"4\"><b data-path-to-node=\"4\" data-index-in-node=\"0\">Amerinet-GPO<\/b> se asienta sobre una base de 25 a\u00f1os de excelencia en la gesti\u00f3n de compras y de la cadena de suministro en el sector sanitario. Sobre la base de un largo legado en aprovisionamiento hospitalario profesional, nuestra organizaci\u00f3n ha evolucionado para satisfacer las sofisticadas necesidades de los sectores m\u00e9dico y cient\u00edfico modernos. <\/p><p data-path-to-node=\"5\">En la actualidad, aprovechamos nuestras d\u00e9cadas de experiencia para servir a dos divisiones principales: <b data-path-to-node=\"5\" data-index-in-node=\"76\">Est\u00e9tica M\u00e9dica Avanzada<\/b> e <b data-path-to-node=\"5\" data-index-in-node=\"108\">Investigaci\u00f3n Cient\u00edfica Bioqu\u00edmica<\/b>, tendiendo puentes entre la fabricaci\u00f3n de grado farmac\u00e9utico y la comunidad profesional mundial.<\/p><h3 data-path-to-node=\"6\">Supervisi\u00f3n m\u00e9dica y normas cl\u00ednicas<\/h3><p data-path-to-node=\"7\">Para mantener los m\u00e1s altos niveles de integridad, Amerinet-GPO opera bajo la supervisi\u00f3n profesional del <b data-path-to-node=\"7\" data-index-in-node=\"105\">Dr<a href=\"https:\/\/www.linkedin.com\/in\/silvia-f-garcia-md-60788a143\">. Garc\u00eda<\/a>, MD<\/b>, nuestro Consultor M\u00e9dico Principal y especialista en <b data-path-to-node=\"7\" data-index-in-node=\"167\">Dermatolog\u00eda Cl\u00ednica<\/b>.<\/p><p data-path-to-node=\"8\">Con amplia experiencia en aplicaciones dermocosm\u00e9ticas y soluciones m\u00e9dicas especializadas, el Dr. Garc\u00eda supervisa nuestro proceso de selecci\u00f3n de productos y los protocolos de garant\u00eda de calidad. Esta supervisi\u00f3n cl\u00ednica garantiza que todas las soluciones de nuestro cat\u00e1logo -desde los neuromoduladores hasta los reactivos bioqu\u00edmicos- satisfacen las rigurosas exigencias de seguridad y eficacia de los profesionales autorizados y los centros sanitarios de todo el mundo. <\/p><h3 data-path-to-node=\"9\">La Norma Amerinet: Calidad, Cumplimiento y Confianza<\/h3><p data-path-to-node=\"10\">En un mercado globalizado, la autenticidad es nuestro principal compromiso. Salvaguardamos los est\u00e1ndares de los campos profesionales a los que servimos a trav\u00e9s de tres pilares fundamentales: <\/p><ul data-path-to-node=\"11\"><li><p data-path-to-node=\"11,0,0\"><b data-path-to-node=\"11,0,0\" data-index-in-node=\"0\">Origen verificado:<\/b> Todos los art\u00edculos de nuestro cat\u00e1logo proceden exclusivamente de fabricantes autorizados o laboratorios de calidad farmac\u00e9utica para garantizar su origen y calidad.<\/p><\/li><li><p data-path-to-node=\"11,1,0\"><b data-path-to-node=\"11,1,0\" data-index-in-node=\"0\">Integridad Log\u00edstica (GDP):<\/b> Cumplimos estrictamente <b data-path-to-node=\"11,1,0\" data-index-in-node=\"49\">las Buenas Pr\u00e1cticas de Distribuci\u00f3n (GDP)<\/b>. Nuestro marco log\u00edstico est\u00e1 dise\u00f1ado para manipular suministros profesionales delicados, garantizando el mantenimiento de protocolos de clima controlado desde nuestras instalaciones hasta tus locales profesionales. <\/p><\/li><li><p data-path-to-node=\"11,2,0\"><b data-path-to-node=\"11,2,0\" data-index-in-node=\"0\">Verificaci\u00f3n anal\u00edtica:<\/b> Nuestra Divisi\u00f3n de Investigaci\u00f3n aplica rigurosos protocolos de ensayo, que incluyen <b data-path-to-node=\"11,2,0\" data-index-in-node=\"96\">HPLC (cromatograf\u00eda l\u00edquida de alto rendimiento)<\/b> y <b data-path-to-node=\"11,2,0\" data-index-in-node=\"146\">espectrometr\u00eda de masas (EM)<\/b>, para garantizar los m\u00e1s altos niveles de pureza de todos los reactivos bioqu\u00edmicos y compuestos de laboratorio.<\/p><\/li><li><p data-path-to-node=\"11,3,0\"><b data-path-to-node=\"11,3,0\" data-index-in-node=\"0\">Transparencia mayorista:<\/b> Operamos con un <b data-path-to-node=\"11,3,0\" data-index-in-node=\"37\">modelo de precios exclusivo B2B<\/b>. Los precios se muestran para facilitar la coordinaci\u00f3n log\u00edstica y la eficacia de la adquisici\u00f3n a las entidades m\u00e9dicas y de investigaci\u00f3n verificadas. <\/p><\/li><\/ul><h3 data-path-to-node=\"12\">Gobernanza global y centros operativos<\/h3><p data-path-to-node=\"13\">Amerinet-GPO sirve a la comunidad profesional a trav\u00e9s de una cadena de suministro segura y de circuito cerrado. Aunque nuestra <b data-path-to-node=\"13\" data-index-in-node=\"101\">sede corporativa<\/b> se encuentra en el coraz\u00f3n financiero de <b data-path-to-node=\"13\" data-index-in-node=\"162\">Miami (Florida)<\/b>, nuestra fuerza operativa reside en nuestra presencia estrat\u00e9gica en <b data-path-to-node=\"13\" data-index-in-node=\"237\">Corea del Sur<\/b>, l\u00edder mundial en innovaci\u00f3n dermoest\u00e9tica. <\/p><p data-path-to-node=\"14\">Al operar en el marco de la avanzada tecnolog\u00eda m\u00e9dica de Corea del Sur, Amerinet-GPO facilita el acceso directo a innovaciones de vanguardia mediante un modelo de distribuci\u00f3n racionalizado. Al enviar directamente desde las instalaciones de nuestros socios surcoreanos a tus instalaciones cl\u00ednicas, garantizamos: <\/p><ol start=\"1\" data-path-to-node=\"15\"><li><p data-path-to-node=\"15,0,0\"><b data-path-to-node=\"15,0,0\" data-index-in-node=\"0\">Procedencia directa:<\/b> Eliminando intermediarios innecesarios para garantizar la autenticidad del producto y los lotes \u00abreci\u00e9n salidos de f\u00e1brica\u00bb.<\/p><\/li><li><p data-path-to-node=\"15,1,0\"><b data-path-to-node=\"15,1,0\" data-index-in-node=\"0\">Eficiencia log\u00edstica:<\/b> Acceso m\u00e1s r\u00e1pido a las \u00faltimas innovaciones en los campos est\u00e9tico y bioqu\u00edmico<b data-path-to-node=\"15,1,0\" data-index-in-node=\"104\">(Excelencia K-Medical<\/b>).<\/p><\/li><li><p data-path-to-node=\"15,2,0\"><b data-path-to-node=\"15,2,0\" data-index-in-node=\"0\">Cumplimiento global:<\/b> Todos los env\u00edos siguen las normas internacionales de exportaci\u00f3n, garantizando fiabilidad y transparencia a nuestra clientela mundial.<\/p><\/li><\/ol><h3 data-path-to-node=\"16\">Informaci\u00f3n corporativa<\/h3><ul data-path-to-node=\"17\"><li><p data-path-to-node=\"17,0,0\"><b data-path-to-node=\"17,0,0\" data-index-in-node=\"0\">Entidad registrada:<\/b> Amerinet-GPO LLC<\/p><\/li><li><p data-path-to-node=\"17,1,0\"><b data-path-to-node=\"17,1,0\" data-index-in-node=\"0\">N\u00ba de registro:<\/b> 6433760<\/p><\/li><li><p data-path-to-node=\"17,2,0\"><b data-path-to-node=\"17,2,0\" data-index-in-node=\"0\"><a href=\"https:\/\/www.amerinet-gpo.com\/wp-content\/uploads\/2025\/11\/amerinet-certificate.pdf\">ISO 9001:2015 N\u00ba de registro<\/a>:<\/b> 041 24 1068<\/p><\/li><li><p data-path-to-node=\"17,3,0\"><b data-path-to-node=\"17,3,0\" data-index-in-node=\"0\">Oficina Corporativa (Legal):<\/b> 25 West 21st Street, Miami, FL, Estados Unidos.<\/p><\/li><li><p data-path-to-node=\"17,4,0\"><b data-path-to-node=\"17,4,0\" data-index-in-node=\"0\">Centro de operaciones:<\/b> Se\u00fal, Corea del Sur (Cumplimiento directo del fabricante).<\/p><\/li><\/ul>\t\t\t\t\t\t\t\t<\/div>\n\t\t\t\t<\/div>\n\t\t\t\t\t<\/div>\n\t\t\t\t<\/div>\n\t\t<div class=\"elementor-element elementor-element-f74b1fa e-flex e-con-boxed e-con e-parent\" data-id=\"f74b1fa\" data-element_type=\"container\" data-e-type=\"container\">\n\t\t\t\t\t<div class=\"e-con-inner\">\n\t\t\t\t<div class=\"elementor-element elementor-element-2c4640e elementor-widget elementor-widget-html\" data-id=\"2c4640e\" data-element_type=\"widget\" data-e-type=\"widget\" data-widget_type=\"html.default\">\n\t\t\t\t<div class=\"elementor-widget-container\">\n\t\t\t\t\t<script type=\"application\/ld+json\">{\r\n  \"@context\": \"https:\/\/schema.org\",\r\n  \"@type\": \"AboutPage\",\r\n  \"mainEntity\": {\r\n    \"@type\": \"Organization\",\r\n    \"name\": \"Amerinet-GPO LLC\",\r\n    \"url\": \"https:\/\/www.amerinet-gpo.com\/\",\r\n    \"logo\": \"https:\/\/www.amerinet-gpo.com\/logo.png\",\r\n    \"taxID\": \"6433760\",\r\n    \"address\": {\r\n      \"@type\": \"PostalAddress\",\r\n      \"streetAddress\": \"25 West 21st Street\",\r\n      \"addressLocality\": \"Miami\",\r\n      \"addressRegion\": \"FL\",\r\n      \"addressCountry\": \"US\"\r\n    },\r\n    \"hasCredential\": [\r\n      {\r\n        \"@type\": \"EducationalOccupationalCredential\",\r\n        \"name\": \"ISO 9001:2015 Certified\",\r\n        \"identifier\": \"041 24 1068\"\r\n      }\r\n    ],\r\n    \"member\": {\r\n      \"@type\": \"Person\",\r\n      \"name\": \"Dr. Silvia F. Garcia, MD\",\r\n      \"jobTitle\": \"Lead Medical Consultant\",\r\n      \"url\": \"https:\/\/www.linkedin.com\/in\/silvia-f-garcia-md-60788a143\",\r\n      \"sameAs\": [\r\n        \"https:\/\/www.linkedin.com\/in\/silvia-f-garcia-md-60788a143\"\r\n      ],\r\n      \"knowsAbout\": [\"Clinical Dermatology\", \"Medical Aesthetics\", \"Pharmacology\", \"Healthcare Procurement\"]\r\n    },\r\n    \"areaServed\": \"Worldwide\",\r\n    \"description\": \"B2B Medical GPO specializing in advanced aesthetics and biochemical research compounds, shipping directly from South Korea.\"\r\n  }\r\n}\r\n<\/script>\t\t\t\t<\/div>\n\t\t\t\t<\/div>\n\t\t\t\t\t<\/div>\n\t\t\t\t<\/div>\n\t\t\t\t<\/div>\n\t\t","protected":false},"excerpt":{"rendered":"<p>Home Nuestro legado: De la GPO hospitalaria a la distribuci\u00f3n especializada Amerinet-GPO se asienta sobre una base de 25 a\u00f1os de excelencia&hellip;<\/p>\n","protected":false},"author":1,"featured_media":0,"parent":0,"menu_order":0,"comment_status":"closed","ping_status":"closed","template":"elementor_header_footer","meta":{"footnotes":""},"class_list":["post-7007","page","type-page","status-publish","hentry"],"yoast_head":"<!-- This site is optimized with the Yoast SEO plugin v27.5 - https:\/\/yoast.com\/product\/yoast-seo-wordpress\/ -->\n<title>Qui\u00e9nes somos - Amerinet GPO<\/title>\n<meta name=\"robots\" content=\"index, follow, max-snippet:-1, max-image-preview:large, max-video-preview:-1\" \/>\n<link rel=\"canonical\" href=\"https:\/\/www.amerinet-gpo.com\/es\/quienes-somos\/\" \/>\n<meta property=\"og:locale\" content=\"es_ES\" \/>\n<meta property=\"og:type\" content=\"article\" \/>\n<meta property=\"og:title\" content=\"Qui\u00e9nes somos - Amerinet GPO\" \/>\n<meta property=\"og:description\" content=\"Home Nuestro legado: De la GPO hospitalaria a la distribuci\u00f3n especializada Amerinet-GPO se asienta sobre una base de 25 a\u00f1os de excelencia&hellip;\" \/>\n<meta property=\"og:url\" content=\"https:\/\/www.amerinet-gpo.com\/es\/quienes-somos\/\" \/>\n<meta property=\"og:site_name\" content=\"Amerinet GPO\" \/>\n<meta property=\"article:modified_time\" content=\"2026-02-10T04:10:52+00:00\" \/>\n<meta name=\"twitter:card\" content=\"summary_large_image\" \/>\n<meta name=\"twitter:label1\" content=\"Tiempo de lectura\" \/>\n\t<meta name=\"twitter:data1\" content=\"3 minutos\" \/>\n<script type=\"application\/ld+json\" class=\"yoast-schema-graph\">{\"@context\":\"https:\\\/\\\/schema.org\",\"@graph\":[{\"@type\":\"WebPage\",\"@id\":\"https:\\\/\\\/www.amerinet-gpo.com\\\/es\\\/quienes-somos\\\/\",\"url\":\"https:\\\/\\\/www.amerinet-gpo.com\\\/es\\\/quienes-somos\\\/\",\"name\":\"Qui\u00e9nes somos - Amerinet GPO\",\"isPartOf\":{\"@id\":\"https:\\\/\\\/www.amerinet-gpo.com\\\/#website\"},\"datePublished\":\"2020-10-18T13:07:58+00:00\",\"dateModified\":\"2026-02-10T04:10:52+00:00\",\"breadcrumb\":{\"@id\":\"https:\\\/\\\/www.amerinet-gpo.com\\\/es\\\/quienes-somos\\\/#breadcrumb\"},\"inLanguage\":\"es\",\"potentialAction\":[{\"@type\":\"ReadAction\",\"target\":[\"https:\\\/\\\/www.amerinet-gpo.com\\\/es\\\/quienes-somos\\\/\"]}]},{\"@type\":\"BreadcrumbList\",\"@id\":\"https:\\\/\\\/www.amerinet-gpo.com\\\/es\\\/quienes-somos\\\/#breadcrumb\",\"itemListElement\":[{\"@type\":\"ListItem\",\"position\":1,\"name\":\"Home\",\"item\":\"https:\\\/\\\/www.amerinet-gpo.com\\\/es\\\/marca-inicio\\\/\"},{\"@type\":\"ListItem\",\"position\":2,\"name\":\"Qui\u00e9nes somos\"}]},{\"@type\":\"WebSite\",\"@id\":\"https:\\\/\\\/www.amerinet-gpo.com\\\/#website\",\"url\":\"https:\\\/\\\/www.amerinet-gpo.com\\\/\",\"name\":\"Amerinet GPO\",\"description\":\"Bienvenido a Amerinet GPO, el comercio electr\u00f3nico de productos inyectables para medicina est\u00e9tica que incluye botox y rellenos d\u00e9rmicos.\",\"publisher\":{\"@id\":\"https:\\\/\\\/www.amerinet-gpo.com\\\/#organization\"},\"potentialAction\":[{\"@type\":\"SearchAction\",\"target\":{\"@type\":\"EntryPoint\",\"urlTemplate\":\"https:\\\/\\\/www.amerinet-gpo.com\\\/?s={search_term_string}\"},\"query-input\":{\"@type\":\"PropertyValueSpecification\",\"valueRequired\":true,\"valueName\":\"search_term_string\"}}],\"inLanguage\":\"es\"},{\"@type\":\"Organization\",\"@id\":\"https:\\\/\\\/www.amerinet-gpo.com\\\/#organization\",\"name\":\"Amerinet GPO\",\"url\":\"https:\\\/\\\/www.amerinet-gpo.com\\\/\",\"logo\":{\"@type\":\"ImageObject\",\"inLanguage\":\"es\",\"@id\":\"https:\\\/\\\/www.amerinet-gpo.com\\\/#\\\/schema\\\/logo\\\/image\\\/\",\"url\":\"https:\\\/\\\/www.amerinet-gpo.com\\\/wp-content\\\/uploads\\\/2024\\\/03\\\/extendify-demo-logo.png\",\"contentUrl\":\"https:\\\/\\\/www.amerinet-gpo.com\\\/wp-content\\\/uploads\\\/2024\\\/03\\\/extendify-demo-logo.png\",\"width\":96,\"height\":97,\"caption\":\"Amerinet GPO\"},\"image\":{\"@id\":\"https:\\\/\\\/www.amerinet-gpo.com\\\/#\\\/schema\\\/logo\\\/image\\\/\"}}]}<\/script>\n<!-- \/ Yoast SEO plugin. -->","yoast_head_json":{"title":"Qui\u00e9nes somos - Amerinet GPO","robots":{"index":"index","follow":"follow","max-snippet":"max-snippet:-1","max-image-preview":"max-image-preview:large","max-video-preview":"max-video-preview:-1"},"canonical":"https:\/\/www.amerinet-gpo.com\/es\/quienes-somos\/","og_locale":"es_ES","og_type":"article","og_title":"Qui\u00e9nes somos - Amerinet GPO","og_description":"Home Nuestro legado: De la GPO hospitalaria a la distribuci\u00f3n especializada Amerinet-GPO se asienta sobre una base de 25 a\u00f1os de excelencia&hellip;","og_url":"https:\/\/www.amerinet-gpo.com\/es\/quienes-somos\/","og_site_name":"Amerinet GPO","article_modified_time":"2026-02-10T04:10:52+00:00","twitter_card":"summary_large_image","twitter_misc":{"Tiempo de lectura":"3 minutos"},"schema":{"@context":"https:\/\/schema.org","@graph":[{"@type":"WebPage","@id":"https:\/\/www.amerinet-gpo.com\/es\/quienes-somos\/","url":"https:\/\/www.amerinet-gpo.com\/es\/quienes-somos\/","name":"Qui\u00e9nes somos - Amerinet GPO","isPartOf":{"@id":"https:\/\/www.amerinet-gpo.com\/#website"},"datePublished":"2020-10-18T13:07:58+00:00","dateModified":"2026-02-10T04:10:52+00:00","breadcrumb":{"@id":"https:\/\/www.amerinet-gpo.com\/es\/quienes-somos\/#breadcrumb"},"inLanguage":"es","potentialAction":[{"@type":"ReadAction","target":["https:\/\/www.amerinet-gpo.com\/es\/quienes-somos\/"]}]},{"@type":"BreadcrumbList","@id":"https:\/\/www.amerinet-gpo.com\/es\/quienes-somos\/#breadcrumb","itemListElement":[{"@type":"ListItem","position":1,"name":"Home","item":"https:\/\/www.amerinet-gpo.com\/es\/marca-inicio\/"},{"@type":"ListItem","position":2,"name":"Qui\u00e9nes somos"}]},{"@type":"WebSite","@id":"https:\/\/www.amerinet-gpo.com\/#website","url":"https:\/\/www.amerinet-gpo.com\/","name":"Amerinet GPO","description":"Bienvenido a Amerinet GPO, el comercio electr\u00f3nico de productos inyectables para medicina est\u00e9tica que incluye botox y rellenos d\u00e9rmicos.","publisher":{"@id":"https:\/\/www.amerinet-gpo.com\/#organization"},"potentialAction":[{"@type":"SearchAction","target":{"@type":"EntryPoint","urlTemplate":"https:\/\/www.amerinet-gpo.com\/?s={search_term_string}"},"query-input":{"@type":"PropertyValueSpecification","valueRequired":true,"valueName":"search_term_string"}}],"inLanguage":"es"},{"@type":"Organization","@id":"https:\/\/www.amerinet-gpo.com\/#organization","name":"Amerinet GPO","url":"https:\/\/www.amerinet-gpo.com\/","logo":{"@type":"ImageObject","inLanguage":"es","@id":"https:\/\/www.amerinet-gpo.com\/#\/schema\/logo\/image\/","url":"https:\/\/www.amerinet-gpo.com\/wp-content\/uploads\/2024\/03\/extendify-demo-logo.png","contentUrl":"https:\/\/www.amerinet-gpo.com\/wp-content\/uploads\/2024\/03\/extendify-demo-logo.png","width":96,"height":97,"caption":"Amerinet GPO"},"image":{"@id":"https:\/\/www.amerinet-gpo.com\/#\/schema\/logo\/image\/"}}]}},"_links":{"self":[{"href":"https:\/\/www.amerinet-gpo.com\/es\/wp-json\/wp\/v2\/pages\/7007","targetHints":{"allow":["GET"]}}],"collection":[{"href":"https:\/\/www.amerinet-gpo.com\/es\/wp-json\/wp\/v2\/pages"}],"about":[{"href":"https:\/\/www.amerinet-gpo.com\/es\/wp-json\/wp\/v2\/types\/page"}],"author":[{"embeddable":true,"href":"https:\/\/www.amerinet-gpo.com\/es\/wp-json\/wp\/v2\/users\/1"}],"replies":[{"embeddable":true,"href":"https:\/\/www.amerinet-gpo.com\/es\/wp-json\/wp\/v2\/comments?post=7007"}],"version-history":[{"count":5,"href":"https:\/\/www.amerinet-gpo.com\/es\/wp-json\/wp\/v2\/pages\/7007\/revisions"}],"predecessor-version":[{"id":10035,"href":"https:\/\/www.amerinet-gpo.com\/es\/wp-json\/wp\/v2\/pages\/7007\/revisions\/10035"}],"wp:attachment":[{"href":"https:\/\/www.amerinet-gpo.com\/es\/wp-json\/wp\/v2\/media?parent=7007"}],"curies":[{"name":"wp","href":"https:\/\/api.w.org\/{rel}","templated":true}]}}