{"id":9584,"date":"2025-11-10T18:02:31","date_gmt":"2025-11-10T18:02:31","guid":{"rendered":"https:\/\/www.amerinet-gpo.com\/shop\/beu-tox-150-einheiten-botulinumtoxin-typ-a-in-medizinischer-qualitaet\/"},"modified":"2025-11-10T18:02:31","modified_gmt":"2025-11-10T18:02:31","slug":"beu-tox-150-einheiten-botulinumtoxin-typ-a-in-medizinischer-qualitaet","status":"publish","type":"product","link":"https:\/\/www.amerinet-gpo.com\/de\/produkt\/beu-tox-150-einheiten-botulinumtoxin-typ-a-in-medizinischer-qualitaet\/","title":{"rendered":"Beu-tox 150 Einheiten &#8211; Botulinumtoxin Typ A in medizinischer Qualit\u00e4t"},"content":{"rendered":"<p data-path-to-node=\"8,0\"><b data-path-to-node=\"8,0\" data-index-in-node=\"0\">Beu-tox 150 Einheiten<\/b> ist ein <b data-path-to-node=\"8,0\" data-index-in-node=\"37\">Neuromodulator aus Botulinumtoxin Typ A<\/b> in medizinischer Qualit\u00e4t, der den strengen Anforderungen der modernen \u00e4sthetischen Medizin und der fortgeschrittenen klinischen Forschung gerecht wird. Jede Ampulle ist so formuliert, dass eine stabile Potenz und ausgewogene Ergebnisse gew\u00e4hrleistet sind. Dies macht es zur idealen Wahl f\u00fcr die vor\u00fcbergehende Korrektur von <b data-path-to-node=\"8,0\" data-index-in-node=\"307\">mittelschweren bis schweren Glabellafalten<\/b> und verschiedene therapeutische Anwendungen. <\/p>\n<p data-path-to-node=\"8,1\">Auf der Grundlage der hervorragenden Lieferkette von Amerinet-GPO bieten wir Ihnen eine optimierte Plattform, \u00fcber die Sie <b data-path-to-node=\"8,1\" data-index-in-node=\"101\">Beu-tox 150 online bestellen<\/b> k\u00f6nnen, ohne auf die Produktintegrit\u00e4t verzichten zu m\u00fcssen. Jede Sendung wird \u00fcber ein optimiertes <b data-path-to-node=\"8,1\" data-index-in-node=\"220\">K\u00fchlketten-Logistiknetzwerk<\/b> abgewickelt, das sicherstellt, dass die chemischen Eigenschaften des Pr\u00e4parats von unserer Einrichtung bis zu Ihrer Klinik erhalten bleiben. Um die h\u00f6chsten Sicherheitsstandards <b data-path-to-node=\"8,1\" data-index-in-node=\"388\">(EEAT)<\/b> einzuhalten, ist unser Katalog ausschlie\u00dflich f\u00fcr die professionelle medizinische Gemeinschaft bestimmt.  <\/p>\n<p data-path-to-node=\"8,2\"><b data-path-to-node=\"8,2\" data-index-in-node=\"0\">Technische Daten:<\/b><\/p>\n<ul data-path-to-node=\"8,3\">\n<li>\n<p data-path-to-node=\"8,3,0,0\"><b data-path-to-node=\"8,3,0,0\" data-index-in-node=\"0\">Aktiver Inhaltsstoff:<\/b> Clostridium Botulinum Toxin Typ A (hochrein).<\/p>\n<\/li>\n<li>\n<p data-path-to-node=\"8,3,1,0\"><b data-path-to-node=\"8,3,1,0\" data-index-in-node=\"0\">Konzentration:<\/b> 150 Einheiten pro Fl\u00e4schchen.<\/p>\n<\/li>\n<li>\n<p data-path-to-node=\"8,3,2,0\"><b data-path-to-node=\"8,3,2,0\" data-index-in-node=\"0\"><span class=\"citation-1\">Formulierung:<\/span><\/b><span class=\"citation-1 citation-end-1\"> Lyophilisiertes Pulver f\u00fcr eine pr\u00e4zise klinische Rekonstitution.<\/span><\/p>\n<div class=\"source-inline-chip-container ng-star-inserted\"><\/div>\n<\/li>\n<li>\n<p data-path-to-node=\"8,3,3,0\"><b data-path-to-node=\"8,3,3,0\" data-index-in-node=\"0\">Mechanismus:<\/b> Gezielte Muskelentspannung f\u00fcr \u00e4sthetische und funktionelle Protokolle.<\/p>\n<\/li>\n<li>\n<p data-path-to-node=\"8,3,4,0\"><b data-path-to-node=\"8,3,4,0\" data-index-in-node=\"0\">Qualit\u00e4tsstandard:<\/b> Hergestellt unter strengen Laborprotokollen, um hohe Reinheit und vollst\u00e4ndige R\u00fcckverfolgbarkeit der Chargen zu gew\u00e4hrleisten.<\/p>\n<\/li>\n<\/ul>\n<p data-path-to-node=\"8,4\"><b data-path-to-node=\"8,4\" data-index-in-node=\"0\">Professionelle Beschaffung:<\/b> Zugelassene \u00c4rzte k\u00f6nnen <b data-path-to-node=\"8,4\" data-index-in-node=\"53\">Beu-tox 150 Einheiten<\/b> \u00fcber unser sicheres Portal <b data-path-to-node=\"8,4\" data-index-in-node=\"53\">erwerben<\/b> und so eine gesetzeskonforme und zuverl\u00e4ssige Versorgung mit hochreinen Substanzen f\u00fcr klinische oder Forschungszwecke sicherstellen. Durch die Zusammenarbeit mit Amerinet-GPO erhalten Sie Zugang zu einem Vertriebsnetz, das auf wissenschaftliche Transparenz, zertifizierte Qualit\u00e4t und eine professionelle, auf Ihre Praxis zugeschnittene Logistik Wert legt. <\/p>\n","protected":false},"excerpt":{"rendered":"<p>Beu-tox 150 Einheiten ist ein hochwertiges Botulinumtoxin Typ A, das f\u00fcr hochpr\u00e4zise \u00e4sthetische Behandlungen und spezialisierte medizinische Forschung entwickelt wurde. Es wurde f\u00fcr eine konsistente Wirksamkeit und vorhersehbare Ergebnisse entwickelt und bietet eine zuverl\u00e4ssige L\u00f6sung f\u00fcr die professionelle klinische Anwendung. Dieses Produkt wurde speziell f\u00fcr zertifizierte Fach\u00e4rzte und lizenzierte Heilpraktiker entwickelt.  <\/p>\n","protected":false},"featured_media":9085,"template":"","meta":[],"product_cat":[149],"product_tag":[],"class_list":{"0":"post-9584","1":"product","2":"type-product","3":"status-publish","4":"has-post-thumbnail","6":"product_cat-botulinum-botox-like-peptid-loesungen","8":"first","9":"instock","10":"shipping-taxable","11":"purchasable","12":"product-type-simple"},"yoast_head":"<!-- This site is optimized with the Yoast SEO plugin v27.3 - https:\/\/yoast.com\/product\/yoast-seo-wordpress\/ -->\n<title>Kaufen Sie Beu-tox 150 Einheiten | Professionelles Botulinumtoxin Typ A - Amerinet GPO<\/title>\n<meta name=\"robots\" content=\"index, follow, max-snippet:-1, max-image-preview:large, max-video-preview:-1\" \/>\n<link rel=\"canonical\" href=\"https:\/\/www.amerinet-gpo.com\/de\/produkt\/beu-tox-150-einheiten-botulinumtoxin-typ-a-in-medizinischer-qualitaet\/\" \/>\n<meta property=\"og:locale\" content=\"de_DE\" \/>\n<meta property=\"og:type\" content=\"article\" \/>\n<meta property=\"og:title\" content=\"Kaufen Sie Beu-tox 150 Einheiten | Professionelles Botulinumtoxin Typ A - Amerinet GPO\" \/>\n<meta property=\"og:description\" content=\"Beu-tox 150 Einheiten ist ein hochwertiges Botulinumtoxin Typ A, das f\u00fcr hochpr\u00e4zise \u00e4sthetische Behandlungen und spezialisierte medizinische Forschung entwickelt wurde. Es wurde f\u00fcr eine konsistente Wirksamkeit und vorhersehbare Ergebnisse entwickelt und bietet eine zuverl\u00e4ssige L\u00f6sung f\u00fcr die professionelle klinische Anwendung. Dieses Produkt wurde speziell f\u00fcr zertifizierte Fach\u00e4rzte und lizenzierte Heilpraktiker entwickelt.\" \/>\n<meta property=\"og:url\" content=\"https:\/\/www.amerinet-gpo.com\/de\/produkt\/beu-tox-150-einheiten-botulinumtoxin-typ-a-in-medizinischer-qualitaet\/\" \/>\n<meta property=\"og:site_name\" content=\"Amerinet GPO\" \/>\n<meta property=\"og:image\" content=\"https:\/\/www.amerinet-gpo.com\/wp-content\/uploads\/2025\/11\/botox-vials-150u.jpg\" \/>\n\t<meta property=\"og:image:width\" content=\"1024\" \/>\n\t<meta property=\"og:image:height\" content=\"1024\" \/>\n\t<meta property=\"og:image:type\" content=\"image\/jpeg\" \/>\n<meta name=\"twitter:card\" content=\"summary_large_image\" \/>\n<meta name=\"twitter:label1\" content=\"Gesch\u00e4tzte Lesezeit\" \/>\n\t<meta name=\"twitter:data1\" content=\"1\u00a0Minute\" \/>\n<script type=\"application\/ld+json\" class=\"yoast-schema-graph\">{\"@context\":\"https:\\\/\\\/schema.org\",\"@graph\":[{\"@type\":\"WebPage\",\"@id\":\"https:\\\/\\\/www.amerinet-gpo.com\\\/de\\\/produkt\\\/beu-tox-150-einheiten-botulinumtoxin-typ-a-in-medizinischer-qualitaet\\\/\",\"url\":\"https:\\\/\\\/www.amerinet-gpo.com\\\/de\\\/produkt\\\/beu-tox-150-einheiten-botulinumtoxin-typ-a-in-medizinischer-qualitaet\\\/\",\"name\":\"Kaufen Sie Beu-tox 150 Einheiten | Professionelles Botulinumtoxin Typ A - Amerinet GPO\",\"isPartOf\":{\"@id\":\"https:\\\/\\\/www.amerinet-gpo.com\\\/#website\"},\"primaryImageOfPage\":{\"@id\":\"https:\\\/\\\/www.amerinet-gpo.com\\\/de\\\/produkt\\\/beu-tox-150-einheiten-botulinumtoxin-typ-a-in-medizinischer-qualitaet\\\/#primaryimage\"},\"image\":{\"@id\":\"https:\\\/\\\/www.amerinet-gpo.com\\\/de\\\/produkt\\\/beu-tox-150-einheiten-botulinumtoxin-typ-a-in-medizinischer-qualitaet\\\/#primaryimage\"},\"thumbnailUrl\":\"https:\\\/\\\/www.amerinet-gpo.com\\\/wp-content\\\/uploads\\\/2025\\\/11\\\/botox-vials-150u.jpg\",\"datePublished\":\"2025-11-10T18:02:31+00:00\",\"breadcrumb\":{\"@id\":\"https:\\\/\\\/www.amerinet-gpo.com\\\/de\\\/produkt\\\/beu-tox-150-einheiten-botulinumtoxin-typ-a-in-medizinischer-qualitaet\\\/#breadcrumb\"},\"inLanguage\":\"de\",\"potentialAction\":[{\"@type\":\"ReadAction\",\"target\":[\"https:\\\/\\\/www.amerinet-gpo.com\\\/de\\\/produkt\\\/beu-tox-150-einheiten-botulinumtoxin-typ-a-in-medizinischer-qualitaet\\\/\"]}]},{\"@type\":\"ImageObject\",\"inLanguage\":\"de\",\"@id\":\"https:\\\/\\\/www.amerinet-gpo.com\\\/de\\\/produkt\\\/beu-tox-150-einheiten-botulinumtoxin-typ-a-in-medizinischer-qualitaet\\\/#primaryimage\",\"url\":\"https:\\\/\\\/www.amerinet-gpo.com\\\/wp-content\\\/uploads\\\/2025\\\/11\\\/botox-vials-150u.jpg\",\"contentUrl\":\"https:\\\/\\\/www.amerinet-gpo.com\\\/wp-content\\\/uploads\\\/2025\\\/11\\\/botox-vials-150u.jpg\",\"width\":1024,\"height\":1024},{\"@type\":\"BreadcrumbList\",\"@id\":\"https:\\\/\\\/www.amerinet-gpo.com\\\/de\\\/produkt\\\/beu-tox-150-einheiten-botulinumtoxin-typ-a-in-medizinischer-qualitaet\\\/#breadcrumb\",\"itemListElement\":[{\"@type\":\"ListItem\",\"position\":1,\"name\":\"Home\",\"item\":\"https:\\\/\\\/www.amerinet-gpo.com\\\/de\\\/markenartiges-zuhause\\\/\"},{\"@type\":\"ListItem\",\"position\":2,\"name\":\"Shop\",\"item\":\"https:\\\/\\\/www.amerinet-gpo.com\\\/es\\\/shop\\\/\"},{\"@type\":\"ListItem\",\"position\":3,\"name\":\"Beu-tox 150 Einheiten &#8211; Botulinumtoxin Typ A in medizinischer Qualit\u00e4t\"}]},{\"@type\":\"WebSite\",\"@id\":\"https:\\\/\\\/www.amerinet-gpo.com\\\/#website\",\"url\":\"https:\\\/\\\/www.amerinet-gpo.com\\\/\",\"name\":\"Amerinet GPO\",\"description\":\"Willkommen bei Amerinet GPO, dem E-Commerce f\u00fcr injizierbare Produkte f\u00fcr die \u00e4sthetische Medizin, einschlie\u00dflich Botox und Hautf\u00fcller\",\"publisher\":{\"@id\":\"https:\\\/\\\/www.amerinet-gpo.com\\\/#organization\"},\"potentialAction\":[{\"@type\":\"SearchAction\",\"target\":{\"@type\":\"EntryPoint\",\"urlTemplate\":\"https:\\\/\\\/www.amerinet-gpo.com\\\/?s={search_term_string}\"},\"query-input\":{\"@type\":\"PropertyValueSpecification\",\"valueRequired\":true,\"valueName\":\"search_term_string\"}}],\"inLanguage\":\"de\"},{\"@type\":\"Organization\",\"@id\":\"https:\\\/\\\/www.amerinet-gpo.com\\\/#organization\",\"name\":\"Amerinet GPO\",\"url\":\"https:\\\/\\\/www.amerinet-gpo.com\\\/\",\"logo\":{\"@type\":\"ImageObject\",\"inLanguage\":\"de\",\"@id\":\"https:\\\/\\\/www.amerinet-gpo.com\\\/#\\\/schema\\\/logo\\\/image\\\/\",\"url\":\"https:\\\/\\\/www.amerinet-gpo.com\\\/wp-content\\\/uploads\\\/2024\\\/03\\\/extendify-demo-logo.png\",\"contentUrl\":\"https:\\\/\\\/www.amerinet-gpo.com\\\/wp-content\\\/uploads\\\/2024\\\/03\\\/extendify-demo-logo.png\",\"width\":96,\"height\":97,\"caption\":\"Amerinet GPO\"},\"image\":{\"@id\":\"https:\\\/\\\/www.amerinet-gpo.com\\\/#\\\/schema\\\/logo\\\/image\\\/\"}}]}<\/script>\n<!-- \/ Yoast SEO plugin. -->","yoast_head_json":{"title":"Kaufen Sie Beu-tox 150 Einheiten | Professionelles Botulinumtoxin Typ A - Amerinet GPO","robots":{"index":"index","follow":"follow","max-snippet":"max-snippet:-1","max-image-preview":"max-image-preview:large","max-video-preview":"max-video-preview:-1"},"canonical":"https:\/\/www.amerinet-gpo.com\/de\/produkt\/beu-tox-150-einheiten-botulinumtoxin-typ-a-in-medizinischer-qualitaet\/","og_locale":"de_DE","og_type":"article","og_title":"Kaufen Sie Beu-tox 150 Einheiten | Professionelles Botulinumtoxin Typ A - Amerinet GPO","og_description":"Beu-tox 150 Einheiten ist ein hochwertiges Botulinumtoxin Typ A, das f\u00fcr hochpr\u00e4zise \u00e4sthetische Behandlungen und spezialisierte medizinische Forschung entwickelt wurde. Es wurde f\u00fcr eine konsistente Wirksamkeit und vorhersehbare Ergebnisse entwickelt und bietet eine zuverl\u00e4ssige L\u00f6sung f\u00fcr die professionelle klinische Anwendung. Dieses Produkt wurde speziell f\u00fcr zertifizierte Fach\u00e4rzte und lizenzierte Heilpraktiker entwickelt.","og_url":"https:\/\/www.amerinet-gpo.com\/de\/produkt\/beu-tox-150-einheiten-botulinumtoxin-typ-a-in-medizinischer-qualitaet\/","og_site_name":"Amerinet GPO","og_image":[{"width":1024,"height":1024,"url":"https:\/\/www.amerinet-gpo.com\/wp-content\/uploads\/2025\/11\/botox-vials-150u.jpg","type":"image\/jpeg"}],"twitter_card":"summary_large_image","twitter_misc":{"Gesch\u00e4tzte Lesezeit":"1\u00a0Minute"},"schema":{"@context":"https:\/\/schema.org","@graph":[{"@type":"WebPage","@id":"https:\/\/www.amerinet-gpo.com\/de\/produkt\/beu-tox-150-einheiten-botulinumtoxin-typ-a-in-medizinischer-qualitaet\/","url":"https:\/\/www.amerinet-gpo.com\/de\/produkt\/beu-tox-150-einheiten-botulinumtoxin-typ-a-in-medizinischer-qualitaet\/","name":"Kaufen Sie Beu-tox 150 Einheiten | Professionelles Botulinumtoxin Typ A - Amerinet GPO","isPartOf":{"@id":"https:\/\/www.amerinet-gpo.com\/#website"},"primaryImageOfPage":{"@id":"https:\/\/www.amerinet-gpo.com\/de\/produkt\/beu-tox-150-einheiten-botulinumtoxin-typ-a-in-medizinischer-qualitaet\/#primaryimage"},"image":{"@id":"https:\/\/www.amerinet-gpo.com\/de\/produkt\/beu-tox-150-einheiten-botulinumtoxin-typ-a-in-medizinischer-qualitaet\/#primaryimage"},"thumbnailUrl":"https:\/\/www.amerinet-gpo.com\/wp-content\/uploads\/2025\/11\/botox-vials-150u.jpg","datePublished":"2025-11-10T18:02:31+00:00","breadcrumb":{"@id":"https:\/\/www.amerinet-gpo.com\/de\/produkt\/beu-tox-150-einheiten-botulinumtoxin-typ-a-in-medizinischer-qualitaet\/#breadcrumb"},"inLanguage":"de","potentialAction":[{"@type":"ReadAction","target":["https:\/\/www.amerinet-gpo.com\/de\/produkt\/beu-tox-150-einheiten-botulinumtoxin-typ-a-in-medizinischer-qualitaet\/"]}]},{"@type":"ImageObject","inLanguage":"de","@id":"https:\/\/www.amerinet-gpo.com\/de\/produkt\/beu-tox-150-einheiten-botulinumtoxin-typ-a-in-medizinischer-qualitaet\/#primaryimage","url":"https:\/\/www.amerinet-gpo.com\/wp-content\/uploads\/2025\/11\/botox-vials-150u.jpg","contentUrl":"https:\/\/www.amerinet-gpo.com\/wp-content\/uploads\/2025\/11\/botox-vials-150u.jpg","width":1024,"height":1024},{"@type":"BreadcrumbList","@id":"https:\/\/www.amerinet-gpo.com\/de\/produkt\/beu-tox-150-einheiten-botulinumtoxin-typ-a-in-medizinischer-qualitaet\/#breadcrumb","itemListElement":[{"@type":"ListItem","position":1,"name":"Home","item":"https:\/\/www.amerinet-gpo.com\/de\/markenartiges-zuhause\/"},{"@type":"ListItem","position":2,"name":"Shop","item":"https:\/\/www.amerinet-gpo.com\/es\/shop\/"},{"@type":"ListItem","position":3,"name":"Beu-tox 150 Einheiten &#8211; Botulinumtoxin Typ A in medizinischer Qualit\u00e4t"}]},{"@type":"WebSite","@id":"https:\/\/www.amerinet-gpo.com\/#website","url":"https:\/\/www.amerinet-gpo.com\/","name":"Amerinet GPO","description":"Willkommen bei Amerinet GPO, dem E-Commerce f\u00fcr injizierbare Produkte f\u00fcr die \u00e4sthetische Medizin, einschlie\u00dflich Botox und Hautf\u00fcller","publisher":{"@id":"https:\/\/www.amerinet-gpo.com\/#organization"},"potentialAction":[{"@type":"SearchAction","target":{"@type":"EntryPoint","urlTemplate":"https:\/\/www.amerinet-gpo.com\/?s={search_term_string}"},"query-input":{"@type":"PropertyValueSpecification","valueRequired":true,"valueName":"search_term_string"}}],"inLanguage":"de"},{"@type":"Organization","@id":"https:\/\/www.amerinet-gpo.com\/#organization","name":"Amerinet GPO","url":"https:\/\/www.amerinet-gpo.com\/","logo":{"@type":"ImageObject","inLanguage":"de","@id":"https:\/\/www.amerinet-gpo.com\/#\/schema\/logo\/image\/","url":"https:\/\/www.amerinet-gpo.com\/wp-content\/uploads\/2024\/03\/extendify-demo-logo.png","contentUrl":"https:\/\/www.amerinet-gpo.com\/wp-content\/uploads\/2024\/03\/extendify-demo-logo.png","width":96,"height":97,"caption":"Amerinet GPO"},"image":{"@id":"https:\/\/www.amerinet-gpo.com\/#\/schema\/logo\/image\/"}}]}},"_links":{"self":[{"href":"https:\/\/www.amerinet-gpo.com\/de\/wp-json\/wp\/v2\/product\/9584","targetHints":{"allow":["GET"]}}],"collection":[{"href":"https:\/\/www.amerinet-gpo.com\/de\/wp-json\/wp\/v2\/product"}],"about":[{"href":"https:\/\/www.amerinet-gpo.com\/de\/wp-json\/wp\/v2\/types\/product"}],"version-history":[{"count":0,"href":"https:\/\/www.amerinet-gpo.com\/de\/wp-json\/wp\/v2\/product\/9584\/revisions"}],"wp:featuredmedia":[{"embeddable":true,"href":"https:\/\/www.amerinet-gpo.com\/de\/wp-json\/wp\/v2\/media\/9085"}],"wp:attachment":[{"href":"https:\/\/www.amerinet-gpo.com\/de\/wp-json\/wp\/v2\/media?parent=9584"}],"wp:term":[{"taxonomy":"product_cat","embeddable":true,"href":"https:\/\/www.amerinet-gpo.com\/de\/wp-json\/wp\/v2\/product_cat?post=9584"},{"taxonomy":"product_tag","embeddable":true,"href":"https:\/\/www.amerinet-gpo.com\/de\/wp-json\/wp\/v2\/product_tag?post=9584"}],"curies":[{"name":"wp","href":"https:\/\/api.w.org\/{rel}","templated":true}]}}