{"id":9434,"date":"2025-11-10T18:18:09","date_gmt":"2025-11-10T18:18:09","guid":{"rendered":"https:\/\/www.amerinet-gpo.com\/shop\/innotox-50-einheiten-gebrauchsfertiges-fluessiges-botulinumtoxin-typ-a\/"},"modified":"2025-11-10T18:18:09","modified_gmt":"2025-11-10T18:18:09","slug":"innotox-50-einheiten-gebrauchsfertiges-fluessiges-botulinumtoxin-typ-a","status":"publish","type":"product","link":"https:\/\/www.amerinet-gpo.com\/de\/produkt\/innotox-50-einheiten-gebrauchsfertiges-fluessiges-botulinumtoxin-typ-a\/","title":{"rendered":"Innotox 50 Einheiten &#8211; Gebrauchsfertiges fl\u00fcssiges Botulinumtoxin Typ A"},"content":{"rendered":"<p data-path-to-node=\"6\">Innotox 50 Einheiten stellt als stabiles, fl\u00fcssiges Botulinumtoxin Typ A einen bedeutenden Fortschritt in der \u00e4sthetischen Medizin dar. Im Gegensatz zu herk\u00f6mmlichen gefriergetrockneten Pulvern wurde Innotox entwickelt, um eine gebrauchsfertige L\u00f6sung zu bieten, die ihre Wirksamkeit beibeh\u00e4lt, ohne dass eine Kochsalzl\u00f6sung rekonstituiert werden muss. Diese Innovation minimiert die Vorbereitungszeit und gew\u00e4hrleistet eine pr\u00e4zise Dosierung f\u00fcr jede Behandlung, was es zu einer anspruchsvollen Wahl f\u00fcr hochwertige klinische Praxen macht. <\/p>\n<p data-path-to-node=\"7\">Bei Amerinet-GPO integrieren wir dieses Spitzenprodukt in unser spezialisiertes Vertriebsnetz und stellen sicher, dass jedes Fl\u00e4schchen unter streng temperaturkontrollierten Bedingungen transportiert wird. Unser Engagement f\u00fcr R\u00fcckverfolgbarkeit und medizinische Spitzenleistungen bedeutet, dass \u00c4rzte ein hochreines Pr\u00e4parat erhalten, das den internationalen Sicherheitsstandards entspricht. Um die berufliche Integrit\u00e4t zu wahren, ist der Zugang zu unserem Innotox-Katalog der medizinischen Fachwelt vorbehalten.  <\/p>\n<p data-path-to-node=\"8\"><b data-path-to-node=\"8\" data-index-in-node=\"0\">Technische Daten:<\/b><\/p>\n<ul data-path-to-node=\"9\">\n<li>\n<p data-path-to-node=\"9,0,0\"><b data-path-to-node=\"9,0,0\" data-index-in-node=\"0\">Aktiver Inhaltsstoff:<\/b> Clostridium Botulinum Toxin Typ A.<\/p>\n<\/li>\n<li>\n<p data-path-to-node=\"9,1,0\"><b data-path-to-node=\"9,1,0\" data-index-in-node=\"0\">Konzentration:<\/b> 50 Einheiten pro Fl\u00e4schchen.<\/p>\n<\/li>\n<li>\n<p data-path-to-node=\"9,2,0\"><b data-path-to-node=\"9,2,0\" data-index-in-node=\"0\">Format:<\/b> Vorgemischte, farblose fl\u00fcssige L\u00f6sung.<\/p>\n<\/li>\n<li>\n<p data-path-to-node=\"9,3,0\"><b data-path-to-node=\"9,3,0\" data-index-in-node=\"0\">Hauptvorteil:<\/b> Der Wegfall von Rekonstitutionsschritten reduziert menschliche Fehler und gew\u00e4hrleistet die Stabilit\u00e4t der Formel.<\/p>\n<\/li>\n<li>\n<p data-path-to-node=\"9,4,0\"><b data-path-to-node=\"9,4,0\" data-index-in-node=\"0\">Qualit\u00e4tsstandard:<\/b> Fortschrittliche Reinigungs- und Stabilisierungstechnologie f\u00fcr konsistente Ergebnisse.<\/p>\n<\/li>\n<\/ul>\n<p data-path-to-node=\"10\"><b data-path-to-node=\"10\" data-index-in-node=\"0\">Professionelle Beschaffung:<\/b> Zugelassene \u00c4rzte k\u00f6nnen Innotox 50 Einheiten ganz einfach \u00fcber unser sicheres Fachportal erwerben. Dieser optimierte Beschaffungsprozess wurde entwickelt, um eine zuverl\u00e4ssige und gesetzeskonforme Lieferkette zu unterst\u00fctzen, so dass sich Kliniken mit medizinischen Hilfsmitteln von hohem Standard auf die Ergebnisse f\u00fcr die Patienten konzentrieren k\u00f6nnen. Wenn Sie sich f\u00fcr Amerinet-GPO entscheiden, arbeiten Sie mit einem H\u00e4ndler zusammen, der sich auf technische Innovation, zertifizierte Qualit\u00e4t und professionelle Logistik konzentriert.  <\/p>\n","protected":false},"excerpt":{"rendered":"<p>Innotox 50 Einheiten ist das weltweit erste fl\u00fcssige, injizierbare Botulinumtoxin Typ A, das unvergleichliche Pr\u00e4zision und Komfort bietet. Seine gebrauchsfertige Formulierung macht eine Rekonstitution \u00fcberfl\u00fcssig, gew\u00e4hrleistet eine gleichbleibende Wirksamkeit und verringert das Risiko einer Kontamination. Dieses hochwertige Pr\u00e4parat wurde speziell f\u00fcr lizenzierte medizinische Fachkr\u00e4fte und klinische Forscher entwickelt.  <\/p>\n","protected":false},"featured_media":9095,"template":"","meta":[],"product_cat":[149],"product_tag":[],"class_list":{"0":"post-9434","1":"product","2":"type-product","3":"status-publish","4":"has-post-thumbnail","6":"product_cat-botulinum-botox-like-peptid-loesungen","8":"first","9":"instock","10":"shipping-taxable","11":"purchasable","12":"product-type-simple"},"yoast_head":"<!-- This site is optimized with the Yoast SEO plugin v27.3 - https:\/\/yoast.com\/product\/yoast-seo-wordpress\/ -->\n<title>Bestellen Sie Innotox 50 Einheiten | Gebrauchsfertiges fl\u00fcssiges Botulinumtoxin - Amerinet GPO<\/title>\n<meta name=\"description\" content=\"Besorgen Sie sich Innotox 50 Einheiten, das erste fl\u00fcssige injizierbare Botulinumtoxin Typ A. Hochreine, gebrauchsfertige Formel mit optimiertem weltweitem Versand f\u00fcr medizinische Spezialisten.\" \/>\n<meta name=\"robots\" content=\"index, follow, max-snippet:-1, max-image-preview:large, max-video-preview:-1\" \/>\n<link rel=\"canonical\" href=\"https:\/\/www.amerinet-gpo.com\/de\/produkt\/innotox-50-einheiten-gebrauchsfertiges-fluessiges-botulinumtoxin-typ-a\/\" \/>\n<meta property=\"og:locale\" content=\"de_DE\" \/>\n<meta property=\"og:type\" content=\"article\" \/>\n<meta property=\"og:title\" content=\"Bestellen Sie Innotox 50 Einheiten | Gebrauchsfertiges fl\u00fcssiges Botulinumtoxin - Amerinet GPO\" \/>\n<meta property=\"og:description\" content=\"Besorgen Sie sich Innotox 50 Einheiten, das erste fl\u00fcssige injizierbare Botulinumtoxin Typ A. Hochreine, gebrauchsfertige Formel mit optimiertem weltweitem Versand f\u00fcr medizinische Spezialisten.\" \/>\n<meta property=\"og:url\" content=\"https:\/\/www.amerinet-gpo.com\/de\/produkt\/innotox-50-einheiten-gebrauchsfertiges-fluessiges-botulinumtoxin-typ-a\/\" \/>\n<meta property=\"og:site_name\" content=\"Amerinet GPO\" \/>\n<meta property=\"og:image\" content=\"https:\/\/www.amerinet-gpo.com\/wp-content\/uploads\/2025\/11\/botox-50-units.jpg\" \/>\n\t<meta property=\"og:image:width\" content=\"1024\" \/>\n\t<meta property=\"og:image:height\" content=\"1024\" \/>\n\t<meta property=\"og:image:type\" content=\"image\/jpeg\" \/>\n<meta name=\"twitter:card\" content=\"summary_large_image\" \/>\n<meta name=\"twitter:label1\" content=\"Gesch\u00e4tzte Lesezeit\" \/>\n\t<meta name=\"twitter:data1\" content=\"1\u00a0Minute\" \/>\n<script type=\"application\/ld+json\" class=\"yoast-schema-graph\">{\"@context\":\"https:\\\/\\\/schema.org\",\"@graph\":[{\"@type\":\"WebPage\",\"@id\":\"https:\\\/\\\/www.amerinet-gpo.com\\\/de\\\/produkt\\\/innotox-50-einheiten-gebrauchsfertiges-fluessiges-botulinumtoxin-typ-a\\\/\",\"url\":\"https:\\\/\\\/www.amerinet-gpo.com\\\/de\\\/produkt\\\/innotox-50-einheiten-gebrauchsfertiges-fluessiges-botulinumtoxin-typ-a\\\/\",\"name\":\"Bestellen Sie Innotox 50 Einheiten | Gebrauchsfertiges fl\u00fcssiges Botulinumtoxin - Amerinet GPO\",\"isPartOf\":{\"@id\":\"https:\\\/\\\/www.amerinet-gpo.com\\\/#website\"},\"primaryImageOfPage\":{\"@id\":\"https:\\\/\\\/www.amerinet-gpo.com\\\/de\\\/produkt\\\/innotox-50-einheiten-gebrauchsfertiges-fluessiges-botulinumtoxin-typ-a\\\/#primaryimage\"},\"image\":{\"@id\":\"https:\\\/\\\/www.amerinet-gpo.com\\\/de\\\/produkt\\\/innotox-50-einheiten-gebrauchsfertiges-fluessiges-botulinumtoxin-typ-a\\\/#primaryimage\"},\"thumbnailUrl\":\"https:\\\/\\\/www.amerinet-gpo.com\\\/wp-content\\\/uploads\\\/2025\\\/11\\\/botox-50-units.jpg\",\"datePublished\":\"2025-11-10T18:18:09+00:00\",\"description\":\"Besorgen Sie sich Innotox 50 Einheiten, das erste fl\u00fcssige injizierbare Botulinumtoxin Typ A. Hochreine, gebrauchsfertige Formel mit optimiertem weltweitem Versand f\u00fcr medizinische Spezialisten.\",\"breadcrumb\":{\"@id\":\"https:\\\/\\\/www.amerinet-gpo.com\\\/de\\\/produkt\\\/innotox-50-einheiten-gebrauchsfertiges-fluessiges-botulinumtoxin-typ-a\\\/#breadcrumb\"},\"inLanguage\":\"de\",\"potentialAction\":[{\"@type\":\"ReadAction\",\"target\":[\"https:\\\/\\\/www.amerinet-gpo.com\\\/de\\\/produkt\\\/innotox-50-einheiten-gebrauchsfertiges-fluessiges-botulinumtoxin-typ-a\\\/\"]}]},{\"@type\":\"ImageObject\",\"inLanguage\":\"de\",\"@id\":\"https:\\\/\\\/www.amerinet-gpo.com\\\/de\\\/produkt\\\/innotox-50-einheiten-gebrauchsfertiges-fluessiges-botulinumtoxin-typ-a\\\/#primaryimage\",\"url\":\"https:\\\/\\\/www.amerinet-gpo.com\\\/wp-content\\\/uploads\\\/2025\\\/11\\\/botox-50-units.jpg\",\"contentUrl\":\"https:\\\/\\\/www.amerinet-gpo.com\\\/wp-content\\\/uploads\\\/2025\\\/11\\\/botox-50-units.jpg\",\"width\":1024,\"height\":1024},{\"@type\":\"BreadcrumbList\",\"@id\":\"https:\\\/\\\/www.amerinet-gpo.com\\\/de\\\/produkt\\\/innotox-50-einheiten-gebrauchsfertiges-fluessiges-botulinumtoxin-typ-a\\\/#breadcrumb\",\"itemListElement\":[{\"@type\":\"ListItem\",\"position\":1,\"name\":\"Home\",\"item\":\"https:\\\/\\\/www.amerinet-gpo.com\\\/de\\\/markenartiges-zuhause\\\/\"},{\"@type\":\"ListItem\",\"position\":2,\"name\":\"Shop\",\"item\":\"https:\\\/\\\/www.amerinet-gpo.com\\\/es\\\/shop\\\/\"},{\"@type\":\"ListItem\",\"position\":3,\"name\":\"Innotox 50 Einheiten &#8211; Gebrauchsfertiges fl\u00fcssiges Botulinumtoxin Typ A\"}]},{\"@type\":\"WebSite\",\"@id\":\"https:\\\/\\\/www.amerinet-gpo.com\\\/#website\",\"url\":\"https:\\\/\\\/www.amerinet-gpo.com\\\/\",\"name\":\"Amerinet GPO\",\"description\":\"Willkommen bei Amerinet GPO, dem E-Commerce f\u00fcr injizierbare Produkte f\u00fcr die \u00e4sthetische Medizin, einschlie\u00dflich Botox und Hautf\u00fcller\",\"publisher\":{\"@id\":\"https:\\\/\\\/www.amerinet-gpo.com\\\/#organization\"},\"potentialAction\":[{\"@type\":\"SearchAction\",\"target\":{\"@type\":\"EntryPoint\",\"urlTemplate\":\"https:\\\/\\\/www.amerinet-gpo.com\\\/?s={search_term_string}\"},\"query-input\":{\"@type\":\"PropertyValueSpecification\",\"valueRequired\":true,\"valueName\":\"search_term_string\"}}],\"inLanguage\":\"de\"},{\"@type\":\"Organization\",\"@id\":\"https:\\\/\\\/www.amerinet-gpo.com\\\/#organization\",\"name\":\"Amerinet GPO\",\"url\":\"https:\\\/\\\/www.amerinet-gpo.com\\\/\",\"logo\":{\"@type\":\"ImageObject\",\"inLanguage\":\"de\",\"@id\":\"https:\\\/\\\/www.amerinet-gpo.com\\\/#\\\/schema\\\/logo\\\/image\\\/\",\"url\":\"https:\\\/\\\/www.amerinet-gpo.com\\\/wp-content\\\/uploads\\\/2024\\\/03\\\/extendify-demo-logo.png\",\"contentUrl\":\"https:\\\/\\\/www.amerinet-gpo.com\\\/wp-content\\\/uploads\\\/2024\\\/03\\\/extendify-demo-logo.png\",\"width\":96,\"height\":97,\"caption\":\"Amerinet GPO\"},\"image\":{\"@id\":\"https:\\\/\\\/www.amerinet-gpo.com\\\/#\\\/schema\\\/logo\\\/image\\\/\"}}]}<\/script>\n<!-- \/ Yoast SEO plugin. -->","yoast_head_json":{"title":"Bestellen Sie Innotox 50 Einheiten | Gebrauchsfertiges fl\u00fcssiges Botulinumtoxin - Amerinet GPO","description":"Besorgen Sie sich Innotox 50 Einheiten, das erste fl\u00fcssige injizierbare Botulinumtoxin Typ A. Hochreine, gebrauchsfertige Formel mit optimiertem weltweitem Versand f\u00fcr medizinische Spezialisten.","robots":{"index":"index","follow":"follow","max-snippet":"max-snippet:-1","max-image-preview":"max-image-preview:large","max-video-preview":"max-video-preview:-1"},"canonical":"https:\/\/www.amerinet-gpo.com\/de\/produkt\/innotox-50-einheiten-gebrauchsfertiges-fluessiges-botulinumtoxin-typ-a\/","og_locale":"de_DE","og_type":"article","og_title":"Bestellen Sie Innotox 50 Einheiten | Gebrauchsfertiges fl\u00fcssiges Botulinumtoxin - Amerinet GPO","og_description":"Besorgen Sie sich Innotox 50 Einheiten, das erste fl\u00fcssige injizierbare Botulinumtoxin Typ A. Hochreine, gebrauchsfertige Formel mit optimiertem weltweitem Versand f\u00fcr medizinische Spezialisten.","og_url":"https:\/\/www.amerinet-gpo.com\/de\/produkt\/innotox-50-einheiten-gebrauchsfertiges-fluessiges-botulinumtoxin-typ-a\/","og_site_name":"Amerinet GPO","og_image":[{"width":1024,"height":1024,"url":"https:\/\/www.amerinet-gpo.com\/wp-content\/uploads\/2025\/11\/botox-50-units.jpg","type":"image\/jpeg"}],"twitter_card":"summary_large_image","twitter_misc":{"Gesch\u00e4tzte Lesezeit":"1\u00a0Minute"},"schema":{"@context":"https:\/\/schema.org","@graph":[{"@type":"WebPage","@id":"https:\/\/www.amerinet-gpo.com\/de\/produkt\/innotox-50-einheiten-gebrauchsfertiges-fluessiges-botulinumtoxin-typ-a\/","url":"https:\/\/www.amerinet-gpo.com\/de\/produkt\/innotox-50-einheiten-gebrauchsfertiges-fluessiges-botulinumtoxin-typ-a\/","name":"Bestellen Sie Innotox 50 Einheiten | Gebrauchsfertiges fl\u00fcssiges Botulinumtoxin - Amerinet GPO","isPartOf":{"@id":"https:\/\/www.amerinet-gpo.com\/#website"},"primaryImageOfPage":{"@id":"https:\/\/www.amerinet-gpo.com\/de\/produkt\/innotox-50-einheiten-gebrauchsfertiges-fluessiges-botulinumtoxin-typ-a\/#primaryimage"},"image":{"@id":"https:\/\/www.amerinet-gpo.com\/de\/produkt\/innotox-50-einheiten-gebrauchsfertiges-fluessiges-botulinumtoxin-typ-a\/#primaryimage"},"thumbnailUrl":"https:\/\/www.amerinet-gpo.com\/wp-content\/uploads\/2025\/11\/botox-50-units.jpg","datePublished":"2025-11-10T18:18:09+00:00","description":"Besorgen Sie sich Innotox 50 Einheiten, das erste fl\u00fcssige injizierbare Botulinumtoxin Typ A. Hochreine, gebrauchsfertige Formel mit optimiertem weltweitem Versand f\u00fcr medizinische Spezialisten.","breadcrumb":{"@id":"https:\/\/www.amerinet-gpo.com\/de\/produkt\/innotox-50-einheiten-gebrauchsfertiges-fluessiges-botulinumtoxin-typ-a\/#breadcrumb"},"inLanguage":"de","potentialAction":[{"@type":"ReadAction","target":["https:\/\/www.amerinet-gpo.com\/de\/produkt\/innotox-50-einheiten-gebrauchsfertiges-fluessiges-botulinumtoxin-typ-a\/"]}]},{"@type":"ImageObject","inLanguage":"de","@id":"https:\/\/www.amerinet-gpo.com\/de\/produkt\/innotox-50-einheiten-gebrauchsfertiges-fluessiges-botulinumtoxin-typ-a\/#primaryimage","url":"https:\/\/www.amerinet-gpo.com\/wp-content\/uploads\/2025\/11\/botox-50-units.jpg","contentUrl":"https:\/\/www.amerinet-gpo.com\/wp-content\/uploads\/2025\/11\/botox-50-units.jpg","width":1024,"height":1024},{"@type":"BreadcrumbList","@id":"https:\/\/www.amerinet-gpo.com\/de\/produkt\/innotox-50-einheiten-gebrauchsfertiges-fluessiges-botulinumtoxin-typ-a\/#breadcrumb","itemListElement":[{"@type":"ListItem","position":1,"name":"Home","item":"https:\/\/www.amerinet-gpo.com\/de\/markenartiges-zuhause\/"},{"@type":"ListItem","position":2,"name":"Shop","item":"https:\/\/www.amerinet-gpo.com\/es\/shop\/"},{"@type":"ListItem","position":3,"name":"Innotox 50 Einheiten &#8211; Gebrauchsfertiges fl\u00fcssiges Botulinumtoxin Typ A"}]},{"@type":"WebSite","@id":"https:\/\/www.amerinet-gpo.com\/#website","url":"https:\/\/www.amerinet-gpo.com\/","name":"Amerinet GPO","description":"Willkommen bei Amerinet GPO, dem E-Commerce f\u00fcr injizierbare Produkte f\u00fcr die \u00e4sthetische Medizin, einschlie\u00dflich Botox und Hautf\u00fcller","publisher":{"@id":"https:\/\/www.amerinet-gpo.com\/#organization"},"potentialAction":[{"@type":"SearchAction","target":{"@type":"EntryPoint","urlTemplate":"https:\/\/www.amerinet-gpo.com\/?s={search_term_string}"},"query-input":{"@type":"PropertyValueSpecification","valueRequired":true,"valueName":"search_term_string"}}],"inLanguage":"de"},{"@type":"Organization","@id":"https:\/\/www.amerinet-gpo.com\/#organization","name":"Amerinet GPO","url":"https:\/\/www.amerinet-gpo.com\/","logo":{"@type":"ImageObject","inLanguage":"de","@id":"https:\/\/www.amerinet-gpo.com\/#\/schema\/logo\/image\/","url":"https:\/\/www.amerinet-gpo.com\/wp-content\/uploads\/2024\/03\/extendify-demo-logo.png","contentUrl":"https:\/\/www.amerinet-gpo.com\/wp-content\/uploads\/2024\/03\/extendify-demo-logo.png","width":96,"height":97,"caption":"Amerinet GPO"},"image":{"@id":"https:\/\/www.amerinet-gpo.com\/#\/schema\/logo\/image\/"}}]}},"_links":{"self":[{"href":"https:\/\/www.amerinet-gpo.com\/de\/wp-json\/wp\/v2\/product\/9434","targetHints":{"allow":["GET"]}}],"collection":[{"href":"https:\/\/www.amerinet-gpo.com\/de\/wp-json\/wp\/v2\/product"}],"about":[{"href":"https:\/\/www.amerinet-gpo.com\/de\/wp-json\/wp\/v2\/types\/product"}],"version-history":[{"count":0,"href":"https:\/\/www.amerinet-gpo.com\/de\/wp-json\/wp\/v2\/product\/9434\/revisions"}],"wp:featuredmedia":[{"embeddable":true,"href":"https:\/\/www.amerinet-gpo.com\/de\/wp-json\/wp\/v2\/media\/9095"}],"wp:attachment":[{"href":"https:\/\/www.amerinet-gpo.com\/de\/wp-json\/wp\/v2\/media?parent=9434"}],"wp:term":[{"taxonomy":"product_cat","embeddable":true,"href":"https:\/\/www.amerinet-gpo.com\/de\/wp-json\/wp\/v2\/product_cat?post=9434"},{"taxonomy":"product_tag","embeddable":true,"href":"https:\/\/www.amerinet-gpo.com\/de\/wp-json\/wp\/v2\/product_tag?post=9434"}],"curies":[{"name":"wp","href":"https:\/\/api.w.org\/{rel}","templated":true}]}}