{"id":7144,"date":"2024-03-29T06:29:43","date_gmt":"2024-03-29T06:29:43","guid":{"rendered":"https:\/\/www.amerinet-gpo.com\/shop\/lipolab-ppc-lipodissolve\/"},"modified":"2026-02-12T10:48:37","modified_gmt":"2026-02-12T10:48:37","slug":"lipolab-ppc-lipodissolve","status":"publish","type":"product","link":"https:\/\/www.amerinet-gpo.com\/de\/produkt\/lipolab-ppc-lipodissolve\/","title":{"rendered":"Lipolab fettl\u00f6sende Injektionen"},"content":{"rendered":"<p data-path-to-node=\"4\"><b data-path-to-node=\"4\" data-index-in-node=\"0\">Einf\u00fchrung:<\/b> LipoLab ist der weltweite Goldstandard f\u00fcr <b data-path-to-node=\"4\" data-index-in-node=\"54\">fettaufl\u00f6sende Injektionen<\/b> und bietet eine leistungsstarke, nicht-chirurgische L\u00f6sung f\u00fcr eine dauerhafte Fettreduktion. Wenn Sie auf der Suche nach der effektivsten <b data-path-to-node=\"4\" data-index-in-node=\"195\">fettl\u00f6senden<\/b> Behandlung sind, bietet LipoLab 5x10ml eine Formel von klinischer Qualit\u00e4t, die hartn\u00e4ckiges Fettgewebe zum Schmelzen bringt. Diese <b data-path-to-node=\"4\" data-index-in-node=\"323\">Injektionen zur Gewichtsreduzierung<\/b> zielen auf lokale Fettdepots ab, die sich gegen Di\u00e4t und Sport str\u00e4uben, und sorgen f\u00fcr eine schlankere, konturiertere K\u00f6rperform.  <\/p>\n<p data-path-to-node=\"5\"><b data-path-to-node=\"5\" data-index-in-node=\"0\">Warum LipoLab Fettl\u00f6sende Injektionen w\u00e4hlen?<\/b><\/p>\n<ul data-path-to-node=\"6\">\n<li>\n<p data-path-to-node=\"6,0,0\"><b data-path-to-node=\"6,0,0\" data-index-in-node=\"0\">Gezielte Fettentfernung:<\/b> Speziell entwickelt f\u00fcr die <b data-path-to-node=\"6,0,0\" data-index-in-node=\"50\">Fettaufl\u00f6sung<\/b> am Doppelkinn, am Bauch, an den Oberschenkeln und an den &#8222;Love Handles&#8220;.<\/p>\n<\/li>\n<li>\n<p data-path-to-node=\"6,1,0\"><b data-path-to-node=\"6,1,0\" data-index-in-node=\"0\">Fortgeschrittene Lipolyse:<\/b> Im Gegensatz zu Standardbehandlungen bauen diese <b data-path-to-node=\"6,1,0\" data-index-in-node=\"54\">fettaufl\u00f6senden Injektionen<\/b> Fettzellen dauerhaft ab, die dann auf nat\u00fcrliche Weise vom K\u00f6rper ausgeschieden werden.<\/p>\n<\/li>\n<li>\n<p data-path-to-node=\"6,2,0\"><b data-path-to-node=\"6,2,0\" data-index-in-node=\"0\">Schnell wirksame Ergebnisse:<\/b> LipoLab ist f\u00fcr sein hochreines Deoxycholat bekannt, <b data-path-to-node=\"6,2,0\" data-index-in-node=\"34\">das<\/b> bereits nach wenigen Sitzungen sichtbare Ergebnisse liefert.<\/p>\n<\/li>\n<li>\n<p data-path-to-node=\"6,3,0\"><b data-path-to-node=\"6,3,0\" data-index-in-node=\"0\">Minimale Ausfallzeit:<\/b> Als bevorzugte Alternative zur Fettabsaugung erm\u00f6glichen diese <b data-path-to-node=\"6,3,0\" data-index-in-node=\"64\">Injektionen zur Fettaufl\u00f6sung<\/b> eine schnelle Erholung und hohe Patientenzufriedenheit.<\/p>\n<\/li>\n<\/ul>\n<p data-path-to-node=\"7\"><b data-path-to-node=\"7\" data-index-in-node=\"0\">Prim\u00e4re Behandlungsbereiche:<\/b><\/p>\n<ul data-path-to-node=\"8\">\n<li>\n<p data-path-to-node=\"8,0,0\"><b data-path-to-node=\"8,0,0\" data-index-in-node=\"0\">Gesicht:<\/b> Ideal f\u00fcr die <b data-path-to-node=\"8,0,0\" data-index-in-node=\"16\">Fettabsaugung<\/b> unter dem Kinn (submentales Fett) und die Definition der Kieferlinie.<\/p>\n<\/li>\n<li>\n<p data-path-to-node=\"8,1,0\"><b data-path-to-node=\"8,1,0\" data-index-in-node=\"0\">K\u00f6rper:<\/b> Perfekt zum <b data-path-to-node=\"8,1,0\" data-index-in-node=\"18\">Aufl\u00f6sen von Fett<\/b> an Bauch, Armen, R\u00fccken (BH-Fett) und H\u00fcften.<\/p>\n<\/li>\n<\/ul>\n<p data-path-to-node=\"9\"><b data-path-to-node=\"9\" data-index-in-node=\"0\">Produktspezifikationen:<\/b><\/p>\n<ul data-path-to-node=\"10\">\n<li>\n<p data-path-to-node=\"10,0,0\"><b data-path-to-node=\"10,0,0\" data-index-in-node=\"0\">Format:<\/b> Schachtel mit 5 x 10ml Fl\u00e4schchen (kompletter <b data-path-to-node=\"10,0,0\" data-index-in-node=\"40\">Fettl\u00f6sungszyklus<\/b> ).<\/p>\n<\/li>\n<li>\n<p data-path-to-node=\"10,1,0\"><b data-path-to-node=\"10,1,0\" data-index-in-node=\"0\">Aktive Bestandteile:<\/b> Hochreines PPC und Natriumdeoxycholat f\u00fcr eine maximale <b data-path-to-node=\"10,1,0\" data-index-in-node=\"72\">lipolytische<\/b> Wirkung.<\/p>\n<\/li>\n<li>\n<p data-path-to-node=\"10,2,0\"><b data-path-to-node=\"10,2,0\" data-index-in-node=\"0\">Verabreichung:<\/b> Vorgesehen f\u00fcr professionelle subkutane Injektionsprotokolle.<\/p>\n<\/li>\n<\/ul>\n<p data-path-to-node=\"11\"><b data-path-to-node=\"11\" data-index-in-node=\"0\">Sicherheit &amp; Lagerung:<\/b><\/p>\n<ul data-path-to-node=\"12\">\n<li>\n<p data-path-to-node=\"12,0,0\"><b data-path-to-node=\"12,0,0\" data-index-in-node=\"0\">Professionelle Anwendung:<\/b> Diese <b data-path-to-node=\"12,0,0\" data-index-in-node=\"24\">fettaufl\u00f6senden Injektionen<\/b> sollten nur von geschulten \u00c4rzten verabreicht werden.<\/p>\n<\/li>\n<li>\n<p data-path-to-node=\"12,1,0\"><b data-path-to-node=\"12,1,0\" data-index-in-node=\"0\">Lagerung:<\/b> An einem k\u00fchlen, trockenen Ort aufbewahren. Vor Licht sch\u00fctzen. <\/p>\n<\/li>\n<\/ul>\n","protected":false},"excerpt":{"rendered":"<p><b data-path-to-node=\"15,0\" data-index-in-node=\"0\">LipoLab 5x10ml<\/b> ist die f\u00fchrende L\u00f6sung f\u00fcr <b data-path-to-node=\"15,0\" data-index-in-node=\"43\">fettaufl\u00f6sende Injektionen<\/b>, die eine dauerhafte Reduzierung von lokalem Fettgewebe erm\u00f6glicht. Es wurde f\u00fcr eine hochpr\u00e4zise <b data-path-to-node=\"15,0\" data-index-in-node=\"159\">Fettaufl\u00f6sung<\/b> entwickelt und zielt auf das Doppelkinn, den Bauch und die Oberschenkel ab. Diese professionellen <b data-path-to-node=\"15,0\" data-index-in-node=\"243\">lipolytischen Injektionen<\/b> bieten eine nicht-chirurgische Alternative zur Fettabsaugung und sorgen f\u00fcr eine schlankere, definiertere Silhouette mit dauerhaften Ergebnissen.  <\/p>\n","protected":false},"featured_media":6344,"template":"","meta":[],"product_cat":[127],"product_tag":[],"class_list":{"0":"post-7144","1":"product","2":"type-product","3":"status-publish","4":"has-post-thumbnail","6":"product_cat-lipolytika","8":"first","9":"instock","10":"shipping-taxable","11":"purchasable","12":"product-type-simple"},"yoast_head":"<!-- This site is optimized with the Yoast SEO plugin v27.4 - https:\/\/yoast.com\/product\/yoast-seo-wordpress\/ -->\n<title>Kaufen Sie Deoxychols\u00e4ure 5x10ml | ATX-101 &amp; Belkyra Alternative - Amerinet GPO%<\/title>\n<meta name=\"description\" content=\"Sie m\u00f6chten Deoxychols\u00e4ure f\u00fcr Ihre Klinik kaufen? Unsere PPC-L\u00f6sung bietet eine professionelle Alternative zu Kybella und Belkyra (ATX-101). Sicher, r\u00fcckverfolgbar und zertifiziert.\" \/>\n<meta name=\"robots\" content=\"index, follow, max-snippet:-1, max-image-preview:large, max-video-preview:-1\" \/>\n<link rel=\"canonical\" href=\"https:\/\/www.amerinet-gpo.com\/de\/produkt\/lipolab-ppc-lipodissolve\/\" \/>\n<meta property=\"og:locale\" content=\"de_DE\" \/>\n<meta property=\"og:type\" content=\"article\" \/>\n<meta property=\"og:title\" content=\"Kaufen Sie Deoxychols\u00e4ure 5x10ml | ATX-101 &amp; Belkyra Alternative - Amerinet GPO%\" \/>\n<meta property=\"og:description\" content=\"Sie m\u00f6chten Deoxychols\u00e4ure f\u00fcr Ihre Klinik kaufen? Unsere PPC-L\u00f6sung bietet eine professionelle Alternative zu Kybella und Belkyra (ATX-101). Sicher, r\u00fcckverfolgbar und zertifiziert.\" \/>\n<meta property=\"og:url\" content=\"https:\/\/www.amerinet-gpo.com\/de\/produkt\/lipolab-ppc-lipodissolve\/\" \/>\n<meta property=\"og:site_name\" content=\"Amerinet GPO\" \/>\n<meta property=\"article:modified_time\" content=\"2026-02-12T10:48:37+00:00\" \/>\n<meta property=\"og:image\" content=\"https:\/\/www.amerinet-gpo.com\/wp-content\/uploads\/2024\/03\/image_1024.jpg\" \/>\n\t<meta property=\"og:image:width\" content=\"500\" \/>\n\t<meta property=\"og:image:height\" content=\"500\" \/>\n\t<meta property=\"og:image:type\" content=\"image\/jpeg\" \/>\n<meta name=\"twitter:card\" content=\"summary_large_image\" \/>\n<meta name=\"twitter:label1\" content=\"Gesch\u00e4tzte Lesezeit\" \/>\n\t<meta name=\"twitter:data1\" content=\"1\u00a0Minute\" \/>\n<script type=\"application\/ld+json\" class=\"yoast-schema-graph\">{\"@context\":\"https:\\\/\\\/schema.org\",\"@graph\":[{\"@type\":\"WebPage\",\"@id\":\"https:\\\/\\\/www.amerinet-gpo.com\\\/de\\\/produkt\\\/lipolab-ppc-lipodissolve\\\/\",\"url\":\"https:\\\/\\\/www.amerinet-gpo.com\\\/de\\\/produkt\\\/lipolab-ppc-lipodissolve\\\/\",\"name\":\"Kaufen Sie Deoxychols\u00e4ure 5x10ml | ATX-101 & Belkyra Alternative - Amerinet GPO%\",\"isPartOf\":{\"@id\":\"https:\\\/\\\/www.amerinet-gpo.com\\\/#website\"},\"primaryImageOfPage\":{\"@id\":\"https:\\\/\\\/www.amerinet-gpo.com\\\/de\\\/produkt\\\/lipolab-ppc-lipodissolve\\\/#primaryimage\"},\"image\":{\"@id\":\"https:\\\/\\\/www.amerinet-gpo.com\\\/de\\\/produkt\\\/lipolab-ppc-lipodissolve\\\/#primaryimage\"},\"thumbnailUrl\":\"https:\\\/\\\/www.amerinet-gpo.com\\\/wp-content\\\/uploads\\\/2024\\\/03\\\/image_1024.jpg\",\"datePublished\":\"2024-03-29T06:29:43+00:00\",\"dateModified\":\"2026-02-12T10:48:37+00:00\",\"description\":\"Sie m\u00f6chten Deoxychols\u00e4ure f\u00fcr Ihre Klinik kaufen? Unsere PPC-L\u00f6sung bietet eine professionelle Alternative zu Kybella und Belkyra (ATX-101). Sicher, r\u00fcckverfolgbar und zertifiziert.\",\"breadcrumb\":{\"@id\":\"https:\\\/\\\/www.amerinet-gpo.com\\\/de\\\/produkt\\\/lipolab-ppc-lipodissolve\\\/#breadcrumb\"},\"inLanguage\":\"de\",\"potentialAction\":[{\"@type\":\"ReadAction\",\"target\":[\"https:\\\/\\\/www.amerinet-gpo.com\\\/de\\\/produkt\\\/lipolab-ppc-lipodissolve\\\/\"]}]},{\"@type\":\"ImageObject\",\"inLanguage\":\"de\",\"@id\":\"https:\\\/\\\/www.amerinet-gpo.com\\\/de\\\/produkt\\\/lipolab-ppc-lipodissolve\\\/#primaryimage\",\"url\":\"https:\\\/\\\/www.amerinet-gpo.com\\\/wp-content\\\/uploads\\\/2024\\\/03\\\/image_1024.jpg\",\"contentUrl\":\"https:\\\/\\\/www.amerinet-gpo.com\\\/wp-content\\\/uploads\\\/2024\\\/03\\\/image_1024.jpg\",\"width\":500,\"height\":500},{\"@type\":\"BreadcrumbList\",\"@id\":\"https:\\\/\\\/www.amerinet-gpo.com\\\/de\\\/produkt\\\/lipolab-ppc-lipodissolve\\\/#breadcrumb\",\"itemListElement\":[{\"@type\":\"ListItem\",\"position\":1,\"name\":\"Home\",\"item\":\"https:\\\/\\\/www.amerinet-gpo.com\\\/de\\\/markenartiges-zuhause\\\/\"},{\"@type\":\"ListItem\",\"position\":2,\"name\":\"Shop\",\"item\":\"https:\\\/\\\/www.amerinet-gpo.com\\\/es\\\/shop\\\/\"},{\"@type\":\"ListItem\",\"position\":3,\"name\":\"Lipolab fettl\u00f6sende Injektionen\"}]},{\"@type\":\"WebSite\",\"@id\":\"https:\\\/\\\/www.amerinet-gpo.com\\\/#website\",\"url\":\"https:\\\/\\\/www.amerinet-gpo.com\\\/\",\"name\":\"Amerinet GPO\",\"description\":\"Willkommen bei Amerinet GPO, dem E-Commerce f\u00fcr injizierbare Produkte f\u00fcr die \u00e4sthetische Medizin, einschlie\u00dflich Botox und Hautf\u00fcller\",\"publisher\":{\"@id\":\"https:\\\/\\\/www.amerinet-gpo.com\\\/#organization\"},\"potentialAction\":[{\"@type\":\"SearchAction\",\"target\":{\"@type\":\"EntryPoint\",\"urlTemplate\":\"https:\\\/\\\/www.amerinet-gpo.com\\\/?s={search_term_string}\"},\"query-input\":{\"@type\":\"PropertyValueSpecification\",\"valueRequired\":true,\"valueName\":\"search_term_string\"}}],\"inLanguage\":\"de\"},{\"@type\":\"Organization\",\"@id\":\"https:\\\/\\\/www.amerinet-gpo.com\\\/#organization\",\"name\":\"Amerinet GPO\",\"url\":\"https:\\\/\\\/www.amerinet-gpo.com\\\/\",\"logo\":{\"@type\":\"ImageObject\",\"inLanguage\":\"de\",\"@id\":\"https:\\\/\\\/www.amerinet-gpo.com\\\/#\\\/schema\\\/logo\\\/image\\\/\",\"url\":\"https:\\\/\\\/www.amerinet-gpo.com\\\/wp-content\\\/uploads\\\/2024\\\/03\\\/extendify-demo-logo.png\",\"contentUrl\":\"https:\\\/\\\/www.amerinet-gpo.com\\\/wp-content\\\/uploads\\\/2024\\\/03\\\/extendify-demo-logo.png\",\"width\":96,\"height\":97,\"caption\":\"Amerinet GPO\"},\"image\":{\"@id\":\"https:\\\/\\\/www.amerinet-gpo.com\\\/#\\\/schema\\\/logo\\\/image\\\/\"}}]}<\/script>\n<!-- \/ Yoast SEO plugin. -->","yoast_head_json":{"title":"Kaufen Sie Deoxychols\u00e4ure 5x10ml | ATX-101 & Belkyra Alternative - Amerinet GPO%","description":"Sie m\u00f6chten Deoxychols\u00e4ure f\u00fcr Ihre Klinik kaufen? Unsere PPC-L\u00f6sung bietet eine professionelle Alternative zu Kybella und Belkyra (ATX-101). Sicher, r\u00fcckverfolgbar und zertifiziert.","robots":{"index":"index","follow":"follow","max-snippet":"max-snippet:-1","max-image-preview":"max-image-preview:large","max-video-preview":"max-video-preview:-1"},"canonical":"https:\/\/www.amerinet-gpo.com\/de\/produkt\/lipolab-ppc-lipodissolve\/","og_locale":"de_DE","og_type":"article","og_title":"Kaufen Sie Deoxychols\u00e4ure 5x10ml | ATX-101 & Belkyra Alternative - Amerinet GPO%","og_description":"Sie m\u00f6chten Deoxychols\u00e4ure f\u00fcr Ihre Klinik kaufen? Unsere PPC-L\u00f6sung bietet eine professionelle Alternative zu Kybella und Belkyra (ATX-101). Sicher, r\u00fcckverfolgbar und zertifiziert.","og_url":"https:\/\/www.amerinet-gpo.com\/de\/produkt\/lipolab-ppc-lipodissolve\/","og_site_name":"Amerinet GPO","article_modified_time":"2026-02-12T10:48:37+00:00","og_image":[{"width":500,"height":500,"url":"https:\/\/www.amerinet-gpo.com\/wp-content\/uploads\/2024\/03\/image_1024.jpg","type":"image\/jpeg"}],"twitter_card":"summary_large_image","twitter_misc":{"Gesch\u00e4tzte Lesezeit":"1\u00a0Minute"},"schema":{"@context":"https:\/\/schema.org","@graph":[{"@type":"WebPage","@id":"https:\/\/www.amerinet-gpo.com\/de\/produkt\/lipolab-ppc-lipodissolve\/","url":"https:\/\/www.amerinet-gpo.com\/de\/produkt\/lipolab-ppc-lipodissolve\/","name":"Kaufen Sie Deoxychols\u00e4ure 5x10ml | ATX-101 & Belkyra Alternative - Amerinet GPO%","isPartOf":{"@id":"https:\/\/www.amerinet-gpo.com\/#website"},"primaryImageOfPage":{"@id":"https:\/\/www.amerinet-gpo.com\/de\/produkt\/lipolab-ppc-lipodissolve\/#primaryimage"},"image":{"@id":"https:\/\/www.amerinet-gpo.com\/de\/produkt\/lipolab-ppc-lipodissolve\/#primaryimage"},"thumbnailUrl":"https:\/\/www.amerinet-gpo.com\/wp-content\/uploads\/2024\/03\/image_1024.jpg","datePublished":"2024-03-29T06:29:43+00:00","dateModified":"2026-02-12T10:48:37+00:00","description":"Sie m\u00f6chten Deoxychols\u00e4ure f\u00fcr Ihre Klinik kaufen? Unsere PPC-L\u00f6sung bietet eine professionelle Alternative zu Kybella und Belkyra (ATX-101). Sicher, r\u00fcckverfolgbar und zertifiziert.","breadcrumb":{"@id":"https:\/\/www.amerinet-gpo.com\/de\/produkt\/lipolab-ppc-lipodissolve\/#breadcrumb"},"inLanguage":"de","potentialAction":[{"@type":"ReadAction","target":["https:\/\/www.amerinet-gpo.com\/de\/produkt\/lipolab-ppc-lipodissolve\/"]}]},{"@type":"ImageObject","inLanguage":"de","@id":"https:\/\/www.amerinet-gpo.com\/de\/produkt\/lipolab-ppc-lipodissolve\/#primaryimage","url":"https:\/\/www.amerinet-gpo.com\/wp-content\/uploads\/2024\/03\/image_1024.jpg","contentUrl":"https:\/\/www.amerinet-gpo.com\/wp-content\/uploads\/2024\/03\/image_1024.jpg","width":500,"height":500},{"@type":"BreadcrumbList","@id":"https:\/\/www.amerinet-gpo.com\/de\/produkt\/lipolab-ppc-lipodissolve\/#breadcrumb","itemListElement":[{"@type":"ListItem","position":1,"name":"Home","item":"https:\/\/www.amerinet-gpo.com\/de\/markenartiges-zuhause\/"},{"@type":"ListItem","position":2,"name":"Shop","item":"https:\/\/www.amerinet-gpo.com\/es\/shop\/"},{"@type":"ListItem","position":3,"name":"Lipolab fettl\u00f6sende Injektionen"}]},{"@type":"WebSite","@id":"https:\/\/www.amerinet-gpo.com\/#website","url":"https:\/\/www.amerinet-gpo.com\/","name":"Amerinet GPO","description":"Willkommen bei Amerinet GPO, dem E-Commerce f\u00fcr injizierbare Produkte f\u00fcr die \u00e4sthetische Medizin, einschlie\u00dflich Botox und Hautf\u00fcller","publisher":{"@id":"https:\/\/www.amerinet-gpo.com\/#organization"},"potentialAction":[{"@type":"SearchAction","target":{"@type":"EntryPoint","urlTemplate":"https:\/\/www.amerinet-gpo.com\/?s={search_term_string}"},"query-input":{"@type":"PropertyValueSpecification","valueRequired":true,"valueName":"search_term_string"}}],"inLanguage":"de"},{"@type":"Organization","@id":"https:\/\/www.amerinet-gpo.com\/#organization","name":"Amerinet GPO","url":"https:\/\/www.amerinet-gpo.com\/","logo":{"@type":"ImageObject","inLanguage":"de","@id":"https:\/\/www.amerinet-gpo.com\/#\/schema\/logo\/image\/","url":"https:\/\/www.amerinet-gpo.com\/wp-content\/uploads\/2024\/03\/extendify-demo-logo.png","contentUrl":"https:\/\/www.amerinet-gpo.com\/wp-content\/uploads\/2024\/03\/extendify-demo-logo.png","width":96,"height":97,"caption":"Amerinet GPO"},"image":{"@id":"https:\/\/www.amerinet-gpo.com\/#\/schema\/logo\/image\/"}}]}},"_links":{"self":[{"href":"https:\/\/www.amerinet-gpo.com\/de\/wp-json\/wp\/v2\/product\/7144","targetHints":{"allow":["GET"]}}],"collection":[{"href":"https:\/\/www.amerinet-gpo.com\/de\/wp-json\/wp\/v2\/product"}],"about":[{"href":"https:\/\/www.amerinet-gpo.com\/de\/wp-json\/wp\/v2\/types\/product"}],"version-history":[{"count":3,"href":"https:\/\/www.amerinet-gpo.com\/de\/wp-json\/wp\/v2\/product\/7144\/revisions"}],"predecessor-version":[{"id":10193,"href":"https:\/\/www.amerinet-gpo.com\/de\/wp-json\/wp\/v2\/product\/7144\/revisions\/10193"}],"wp:featuredmedia":[{"embeddable":true,"href":"https:\/\/www.amerinet-gpo.com\/de\/wp-json\/wp\/v2\/media\/6344"}],"wp:attachment":[{"href":"https:\/\/www.amerinet-gpo.com\/de\/wp-json\/wp\/v2\/media?parent=7144"}],"wp:term":[{"taxonomy":"product_cat","embeddable":true,"href":"https:\/\/www.amerinet-gpo.com\/de\/wp-json\/wp\/v2\/product_cat?post=7144"},{"taxonomy":"product_tag","embeddable":true,"href":"https:\/\/www.amerinet-gpo.com\/de\/wp-json\/wp\/v2\/product_tag?post=7144"}],"curies":[{"name":"wp","href":"https:\/\/api.w.org\/{rel}","templated":true}]}}