{"id":7124,"date":"2024-03-30T02:01:47","date_gmt":"2024-03-30T02:01:47","guid":{"rendered":"https:\/\/www.amerinet-gpo.com\/shop\/jbp-laennec-menschliche-plazenta\/"},"modified":"2026-02-03T21:55:54","modified_gmt":"2026-02-03T21:55:54","slug":"jbp-laennec-menschliche-plazenta","status":"publish","type":"product","link":"https:\/\/www.amerinet-gpo.com\/de\/produkt\/jbp-laennec-menschliche-plazenta\/","title":{"rendered":"JBP Laennec &#8211; Authentischer menschlicher Plazentaextrakt (2ml x 50 Ampullen)"},"content":{"rendered":"<p data-path-to-node=\"8\"><b data-path-to-node=\"8\" data-index-in-node=\"26\">JBP Laennec<\/b> stellt den Goldstandard in der Plazenta-Therapie dar. Dank des patentierten JBP-Herstellungsverfahrens bewahrt dieser Extrakt essentielle Wachstumsfaktoren, Zytokine und Aminos\u00e4uren, die f\u00fcr die Zellreparatur und die Regeneration der Haut unerl\u00e4sslich sind. Im Gegensatz zu synthetischen Boostern bietet Laennec einen konzentrierten Komplex bioaktiver Molek\u00fcle, die die nat\u00fcrlichen Heilungsprozesse der Haut und des darunter liegenden Gewebes unterst\u00fctzen.  <\/p>\n<p data-path-to-node=\"9\">Wenn medizinische Einrichtungen <b data-path-to-node=\"9\" data-index-in-node=\"26\">JBP Laennec kaufen<\/b>, erwerben sie ein Produkt, das auf jahrzehntelanger klinischer Forschung in Japan beruht. Seine Hauptanwendung in der \u00e4sthetischen Medizin ist die Tiefenbioresonanz, die dazu beitr\u00e4gt, die Elastizit\u00e4t der Haut zu verbessern, oxidativen Stress zu reduzieren und die Erholung nach der Behandlung zu beschleunigen. Die L\u00f6sung wird unter h\u00f6chsten Sicherheitsstandards verarbeitet, die eine vollst\u00e4ndige Virusinaktivierung und molekulare Reinheit gew\u00e4hrleisten.  <\/p>\n<p data-path-to-node=\"10\">Bei Amerinet-GPO gew\u00e4hrleisten wir eine streng \u00fcberwachte Lieferkette f\u00fcr <b data-path-to-node=\"10\" data-index-in-node=\"65\">authentische Laennec-Ampullen<\/b>. Um die h\u00f6chsten Sicherheits- und <b data-path-to-node=\"10\" data-index-in-node=\"126\">EEAT-Standards<\/b> aufrechtzuerhalten, ist dieses Produkt f\u00fcr den professionellen klinischen Gebrauch bestimmt. Jede Charge ist r\u00fcckverfolgbar, so dass \u00c4rzte <b data-path-to-node=\"10\" data-index-in-node=\"255\">JBP Laennec<\/b> mit vollem Vertrauen in seine pharmazeutische Integrit\u00e4t <b data-path-to-node=\"10\" data-index-in-node=\"255\">bestellen<\/b> k\u00f6nnen.  <\/p>\n<p data-path-to-node=\"11\"><b data-path-to-node=\"11\" data-index-in-node=\"0\">Technische Daten:<\/b><\/p>\n<ul data-path-to-node=\"12\">\n<li>\n<p data-path-to-node=\"12,0,0\"><b data-path-to-node=\"12,0,0\" data-index-in-node=\"0\">Hersteller:<\/b> Japan Bio Products (JBP).<\/p>\n<\/li>\n<li>\n<p data-path-to-node=\"12,1,0\"><b data-path-to-node=\"12,1,0\" data-index-in-node=\"0\">Aktiver Inhaltsstoff:<\/b> Gereinigter menschlicher Plazentaextrakt.<\/p>\n<\/li>\n<li>\n<p data-path-to-node=\"12,2,0\"><b data-path-to-node=\"12,2,0\" data-index-in-node=\"0\">Verpackung:<\/b> Schachtel mit 50 Ampullen (je 2ml).<\/p>\n<\/li>\n<li>\n<p data-path-to-node=\"12,3,0\"><b data-path-to-node=\"12,3,0\" data-index-in-node=\"0\">Wichtige Bestandteile:<\/b> Wachstumsfaktoren (HGF, EGF, FGF), Aminos\u00e4uren, Vitamine und Mineralien.<\/p>\n<\/li>\n<li>\n<p data-path-to-node=\"12,4,0\"><b data-path-to-node=\"12,4,0\" data-index-in-node=\"0\">Prim\u00e4re Verwendung:<\/b> Klinische Biostimulation, Gewebereparatur und Anti-Aging-Protokolle.<\/p>\n<\/li>\n<\/ul>\n<p data-path-to-node=\"13\"><b data-path-to-node=\"13\" data-index-in-node=\"0\">Professionelle Beschaffung:<\/b> Lizensierte Fachleute k\u00f6nnen <b data-path-to-node=\"13\" data-index-in-node=\"51\">JBP Laennec online<\/b> \u00fcber unser sicheres B2B-Portal <b data-path-to-node=\"13\" data-index-in-node=\"51\">kaufen<\/b>. Amerinet-GPO erleichtert den weltweiten Vertrieb von hochwertigen biologischen Pr\u00e4paraten und gew\u00e4hrleistet eine professionelle Logistik und die Einhaltung von Vorschriften bei jedem <b data-path-to-node=\"13\" data-index-in-node=\"255\">Kauf<\/b>. <\/p>\n","protected":false},"excerpt":{"rendered":"<p><b data-path-to-node=\"7\" data-index-in-node=\"19\">JBP Laennec<\/b> ist eine weltweit anerkannte L\u00f6sung in pharmazeutischer Qualit\u00e4t, die aus hochreinem menschlichem Plazentaextrakt gewonnen wird. Sie wurde von Japan Bio Products (JBP) entwickelt und wird weltweit f\u00fcr fortschrittliche Biostimulation von Gewebe, Hautverj\u00fcngung und systemische Revitalisierungsprotokolle verwendet. <b data-path-to-node=\"7\" data-index-in-node=\"298\">Erh\u00e4ltlich<\/b> ausschlie\u00dflich f\u00fcr lizenzierte medizinische Fachkr\u00e4fte und spezialisierte Kliniken.  <\/p>\n","protected":false},"featured_media":6384,"template":"","meta":[],"product_cat":[146,145],"product_tag":[],"class_list":{"0":"post-7124","1":"product","2":"type-product","3":"status-publish","4":"has-post-thumbnail","6":"product_cat-mesotherapie-de","7":"product_cat-pdrn-de","9":"first","10":"instock","11":"shipping-taxable","12":"purchasable","13":"product-type-simple"},"yoast_head":"<!-- This site is optimized with the Yoast SEO plugin v27.5 - https:\/\/yoast.com\/product\/yoast-seo-wordpress\/ -->\n<title>JBP Laennec Human Placenta Extract | Professionelle Revitalisierung kaufen - Amerinet GPO<\/title>\n<meta name=\"description\" content=\"Bestellen Sie authentisches JBP Laennec. Hochreiner menschlicher Plazentaextrakt f\u00fcr professionelle Biostimulation und Gewebereparatur. Sichere globale Versorgung f\u00fcr medizinische Kliniken\" \/>\n<meta name=\"robots\" content=\"index, follow, max-snippet:-1, max-image-preview:large, max-video-preview:-1\" \/>\n<link rel=\"canonical\" href=\"https:\/\/www.amerinet-gpo.com\/de\/produkt\/jbp-laennec-menschliche-plazenta\/\" \/>\n<meta property=\"og:locale\" content=\"de_DE\" \/>\n<meta property=\"og:type\" content=\"article\" \/>\n<meta property=\"og:title\" content=\"JBP Laennec Human Placenta Extract | Professionelle Revitalisierung kaufen - Amerinet GPO\" \/>\n<meta property=\"og:description\" content=\"Bestellen Sie authentisches JBP Laennec. Hochreiner menschlicher Plazentaextrakt f\u00fcr professionelle Biostimulation und Gewebereparatur. Sichere globale Versorgung f\u00fcr medizinische Kliniken\" \/>\n<meta property=\"og:url\" content=\"https:\/\/www.amerinet-gpo.com\/de\/produkt\/jbp-laennec-menschliche-plazenta\/\" \/>\n<meta property=\"og:site_name\" content=\"Amerinet GPO\" \/>\n<meta property=\"article:modified_time\" content=\"2026-02-03T21:55:54+00:00\" \/>\n<meta property=\"og:image\" content=\"https:\/\/www.amerinet-gpo.com\/wp-content\/uploads\/2024\/03\/jbpHuman-Placenta-Injection-760x760-1.jpg\" \/>\n\t<meta property=\"og:image:width\" content=\"760\" \/>\n\t<meta property=\"og:image:height\" content=\"760\" \/>\n\t<meta property=\"og:image:type\" content=\"image\/jpeg\" \/>\n<meta name=\"twitter:card\" content=\"summary_large_image\" \/>\n<meta name=\"twitter:label1\" content=\"Gesch\u00e4tzte Lesezeit\" \/>\n\t<meta name=\"twitter:data1\" content=\"1\u00a0Minute\" \/>\n<script type=\"application\/ld+json\" class=\"yoast-schema-graph\">{\"@context\":\"https:\\\/\\\/schema.org\",\"@graph\":[{\"@type\":\"WebPage\",\"@id\":\"https:\\\/\\\/www.amerinet-gpo.com\\\/de\\\/produkt\\\/jbp-laennec-menschliche-plazenta\\\/\",\"url\":\"https:\\\/\\\/www.amerinet-gpo.com\\\/de\\\/produkt\\\/jbp-laennec-menschliche-plazenta\\\/\",\"name\":\"JBP Laennec Human Placenta Extract | Professionelle Revitalisierung kaufen - Amerinet GPO\",\"isPartOf\":{\"@id\":\"https:\\\/\\\/www.amerinet-gpo.com\\\/#website\"},\"primaryImageOfPage\":{\"@id\":\"https:\\\/\\\/www.amerinet-gpo.com\\\/de\\\/produkt\\\/jbp-laennec-menschliche-plazenta\\\/#primaryimage\"},\"image\":{\"@id\":\"https:\\\/\\\/www.amerinet-gpo.com\\\/de\\\/produkt\\\/jbp-laennec-menschliche-plazenta\\\/#primaryimage\"},\"thumbnailUrl\":\"https:\\\/\\\/www.amerinet-gpo.com\\\/wp-content\\\/uploads\\\/2024\\\/03\\\/jbpHuman-Placenta-Injection-760x760-1.jpg\",\"datePublished\":\"2024-03-30T02:01:47+00:00\",\"dateModified\":\"2026-02-03T21:55:54+00:00\",\"description\":\"Bestellen Sie authentisches JBP Laennec. Hochreiner menschlicher Plazentaextrakt f\u00fcr professionelle Biostimulation und Gewebereparatur. Sichere globale Versorgung f\u00fcr medizinische Kliniken\",\"breadcrumb\":{\"@id\":\"https:\\\/\\\/www.amerinet-gpo.com\\\/de\\\/produkt\\\/jbp-laennec-menschliche-plazenta\\\/#breadcrumb\"},\"inLanguage\":\"de\",\"potentialAction\":[{\"@type\":\"ReadAction\",\"target\":[\"https:\\\/\\\/www.amerinet-gpo.com\\\/de\\\/produkt\\\/jbp-laennec-menschliche-plazenta\\\/\"]}]},{\"@type\":\"ImageObject\",\"inLanguage\":\"de\",\"@id\":\"https:\\\/\\\/www.amerinet-gpo.com\\\/de\\\/produkt\\\/jbp-laennec-menschliche-plazenta\\\/#primaryimage\",\"url\":\"https:\\\/\\\/www.amerinet-gpo.com\\\/wp-content\\\/uploads\\\/2024\\\/03\\\/jbpHuman-Placenta-Injection-760x760-1.jpg\",\"contentUrl\":\"https:\\\/\\\/www.amerinet-gpo.com\\\/wp-content\\\/uploads\\\/2024\\\/03\\\/jbpHuman-Placenta-Injection-760x760-1.jpg\",\"width\":760,\"height\":760},{\"@type\":\"BreadcrumbList\",\"@id\":\"https:\\\/\\\/www.amerinet-gpo.com\\\/de\\\/produkt\\\/jbp-laennec-menschliche-plazenta\\\/#breadcrumb\",\"itemListElement\":[{\"@type\":\"ListItem\",\"position\":1,\"name\":\"Home\",\"item\":\"https:\\\/\\\/www.amerinet-gpo.com\\\/de\\\/markenartiges-zuhause\\\/\"},{\"@type\":\"ListItem\",\"position\":2,\"name\":\"Shop\",\"item\":\"https:\\\/\\\/www.amerinet-gpo.com\\\/es\\\/shop\\\/\"},{\"@type\":\"ListItem\",\"position\":3,\"name\":\"JBP Laennec &#8211; Authentischer menschlicher Plazentaextrakt (2ml x 50 Ampullen)\"}]},{\"@type\":\"WebSite\",\"@id\":\"https:\\\/\\\/www.amerinet-gpo.com\\\/#website\",\"url\":\"https:\\\/\\\/www.amerinet-gpo.com\\\/\",\"name\":\"Amerinet GPO\",\"description\":\"Willkommen bei Amerinet GPO, dem E-Commerce f\u00fcr injizierbare Produkte f\u00fcr die \u00e4sthetische Medizin, einschlie\u00dflich Botox und Hautf\u00fcller\",\"publisher\":{\"@id\":\"https:\\\/\\\/www.amerinet-gpo.com\\\/#organization\"},\"potentialAction\":[{\"@type\":\"SearchAction\",\"target\":{\"@type\":\"EntryPoint\",\"urlTemplate\":\"https:\\\/\\\/www.amerinet-gpo.com\\\/?s={search_term_string}\"},\"query-input\":{\"@type\":\"PropertyValueSpecification\",\"valueRequired\":true,\"valueName\":\"search_term_string\"}}],\"inLanguage\":\"de\"},{\"@type\":\"Organization\",\"@id\":\"https:\\\/\\\/www.amerinet-gpo.com\\\/#organization\",\"name\":\"Amerinet GPO\",\"url\":\"https:\\\/\\\/www.amerinet-gpo.com\\\/\",\"logo\":{\"@type\":\"ImageObject\",\"inLanguage\":\"de\",\"@id\":\"https:\\\/\\\/www.amerinet-gpo.com\\\/#\\\/schema\\\/logo\\\/image\\\/\",\"url\":\"https:\\\/\\\/www.amerinet-gpo.com\\\/wp-content\\\/uploads\\\/2024\\\/03\\\/extendify-demo-logo.png\",\"contentUrl\":\"https:\\\/\\\/www.amerinet-gpo.com\\\/wp-content\\\/uploads\\\/2024\\\/03\\\/extendify-demo-logo.png\",\"width\":96,\"height\":97,\"caption\":\"Amerinet GPO\"},\"image\":{\"@id\":\"https:\\\/\\\/www.amerinet-gpo.com\\\/#\\\/schema\\\/logo\\\/image\\\/\"}}]}<\/script>\n<!-- \/ Yoast SEO plugin. -->","yoast_head_json":{"title":"JBP Laennec Human Placenta Extract | Professionelle Revitalisierung kaufen - Amerinet GPO","description":"Bestellen Sie authentisches JBP Laennec. Hochreiner menschlicher Plazentaextrakt f\u00fcr professionelle Biostimulation und Gewebereparatur. Sichere globale Versorgung f\u00fcr medizinische Kliniken","robots":{"index":"index","follow":"follow","max-snippet":"max-snippet:-1","max-image-preview":"max-image-preview:large","max-video-preview":"max-video-preview:-1"},"canonical":"https:\/\/www.amerinet-gpo.com\/de\/produkt\/jbp-laennec-menschliche-plazenta\/","og_locale":"de_DE","og_type":"article","og_title":"JBP Laennec Human Placenta Extract | Professionelle Revitalisierung kaufen - Amerinet GPO","og_description":"Bestellen Sie authentisches JBP Laennec. Hochreiner menschlicher Plazentaextrakt f\u00fcr professionelle Biostimulation und Gewebereparatur. Sichere globale Versorgung f\u00fcr medizinische Kliniken","og_url":"https:\/\/www.amerinet-gpo.com\/de\/produkt\/jbp-laennec-menschliche-plazenta\/","og_site_name":"Amerinet GPO","article_modified_time":"2026-02-03T21:55:54+00:00","og_image":[{"width":760,"height":760,"url":"https:\/\/www.amerinet-gpo.com\/wp-content\/uploads\/2024\/03\/jbpHuman-Placenta-Injection-760x760-1.jpg","type":"image\/jpeg"}],"twitter_card":"summary_large_image","twitter_misc":{"Gesch\u00e4tzte Lesezeit":"1\u00a0Minute"},"schema":{"@context":"https:\/\/schema.org","@graph":[{"@type":"WebPage","@id":"https:\/\/www.amerinet-gpo.com\/de\/produkt\/jbp-laennec-menschliche-plazenta\/","url":"https:\/\/www.amerinet-gpo.com\/de\/produkt\/jbp-laennec-menschliche-plazenta\/","name":"JBP Laennec Human Placenta Extract | Professionelle Revitalisierung kaufen - Amerinet GPO","isPartOf":{"@id":"https:\/\/www.amerinet-gpo.com\/#website"},"primaryImageOfPage":{"@id":"https:\/\/www.amerinet-gpo.com\/de\/produkt\/jbp-laennec-menschliche-plazenta\/#primaryimage"},"image":{"@id":"https:\/\/www.amerinet-gpo.com\/de\/produkt\/jbp-laennec-menschliche-plazenta\/#primaryimage"},"thumbnailUrl":"https:\/\/www.amerinet-gpo.com\/wp-content\/uploads\/2024\/03\/jbpHuman-Placenta-Injection-760x760-1.jpg","datePublished":"2024-03-30T02:01:47+00:00","dateModified":"2026-02-03T21:55:54+00:00","description":"Bestellen Sie authentisches JBP Laennec. Hochreiner menschlicher Plazentaextrakt f\u00fcr professionelle Biostimulation und Gewebereparatur. Sichere globale Versorgung f\u00fcr medizinische Kliniken","breadcrumb":{"@id":"https:\/\/www.amerinet-gpo.com\/de\/produkt\/jbp-laennec-menschliche-plazenta\/#breadcrumb"},"inLanguage":"de","potentialAction":[{"@type":"ReadAction","target":["https:\/\/www.amerinet-gpo.com\/de\/produkt\/jbp-laennec-menschliche-plazenta\/"]}]},{"@type":"ImageObject","inLanguage":"de","@id":"https:\/\/www.amerinet-gpo.com\/de\/produkt\/jbp-laennec-menschliche-plazenta\/#primaryimage","url":"https:\/\/www.amerinet-gpo.com\/wp-content\/uploads\/2024\/03\/jbpHuman-Placenta-Injection-760x760-1.jpg","contentUrl":"https:\/\/www.amerinet-gpo.com\/wp-content\/uploads\/2024\/03\/jbpHuman-Placenta-Injection-760x760-1.jpg","width":760,"height":760},{"@type":"BreadcrumbList","@id":"https:\/\/www.amerinet-gpo.com\/de\/produkt\/jbp-laennec-menschliche-plazenta\/#breadcrumb","itemListElement":[{"@type":"ListItem","position":1,"name":"Home","item":"https:\/\/www.amerinet-gpo.com\/de\/markenartiges-zuhause\/"},{"@type":"ListItem","position":2,"name":"Shop","item":"https:\/\/www.amerinet-gpo.com\/es\/shop\/"},{"@type":"ListItem","position":3,"name":"JBP Laennec &#8211; Authentischer menschlicher Plazentaextrakt (2ml x 50 Ampullen)"}]},{"@type":"WebSite","@id":"https:\/\/www.amerinet-gpo.com\/#website","url":"https:\/\/www.amerinet-gpo.com\/","name":"Amerinet GPO","description":"Willkommen bei Amerinet GPO, dem E-Commerce f\u00fcr injizierbare Produkte f\u00fcr die \u00e4sthetische Medizin, einschlie\u00dflich Botox und Hautf\u00fcller","publisher":{"@id":"https:\/\/www.amerinet-gpo.com\/#organization"},"potentialAction":[{"@type":"SearchAction","target":{"@type":"EntryPoint","urlTemplate":"https:\/\/www.amerinet-gpo.com\/?s={search_term_string}"},"query-input":{"@type":"PropertyValueSpecification","valueRequired":true,"valueName":"search_term_string"}}],"inLanguage":"de"},{"@type":"Organization","@id":"https:\/\/www.amerinet-gpo.com\/#organization","name":"Amerinet GPO","url":"https:\/\/www.amerinet-gpo.com\/","logo":{"@type":"ImageObject","inLanguage":"de","@id":"https:\/\/www.amerinet-gpo.com\/#\/schema\/logo\/image\/","url":"https:\/\/www.amerinet-gpo.com\/wp-content\/uploads\/2024\/03\/extendify-demo-logo.png","contentUrl":"https:\/\/www.amerinet-gpo.com\/wp-content\/uploads\/2024\/03\/extendify-demo-logo.png","width":96,"height":97,"caption":"Amerinet GPO"},"image":{"@id":"https:\/\/www.amerinet-gpo.com\/#\/schema\/logo\/image\/"}}]}},"_links":{"self":[{"href":"https:\/\/www.amerinet-gpo.com\/de\/wp-json\/wp\/v2\/product\/7124","targetHints":{"allow":["GET"]}}],"collection":[{"href":"https:\/\/www.amerinet-gpo.com\/de\/wp-json\/wp\/v2\/product"}],"about":[{"href":"https:\/\/www.amerinet-gpo.com\/de\/wp-json\/wp\/v2\/types\/product"}],"version-history":[{"count":1,"href":"https:\/\/www.amerinet-gpo.com\/de\/wp-json\/wp\/v2\/product\/7124\/revisions"}],"predecessor-version":[{"id":9725,"href":"https:\/\/www.amerinet-gpo.com\/de\/wp-json\/wp\/v2\/product\/7124\/revisions\/9725"}],"wp:featuredmedia":[{"embeddable":true,"href":"https:\/\/www.amerinet-gpo.com\/de\/wp-json\/wp\/v2\/media\/6384"}],"wp:attachment":[{"href":"https:\/\/www.amerinet-gpo.com\/de\/wp-json\/wp\/v2\/media?parent=7124"}],"wp:term":[{"taxonomy":"product_cat","embeddable":true,"href":"https:\/\/www.amerinet-gpo.com\/de\/wp-json\/wp\/v2\/product_cat?post=7124"},{"taxonomy":"product_tag","embeddable":true,"href":"https:\/\/www.amerinet-gpo.com\/de\/wp-json\/wp\/v2\/product_tag?post=7124"}],"curies":[{"name":"wp","href":"https:\/\/api.w.org\/{rel}","templated":true}]}}