{"id":6599,"date":"2024-03-30T03:08:11","date_gmt":"2024-03-30T03:08:11","guid":{"rendered":"https:\/\/www.amerinet-gpo.com\/shop\/sculptra-poly-l-milchsaeure\/"},"modified":"2026-02-03T21:54:06","modified_gmt":"2026-02-03T21:54:06","slug":"sculptra-poly-l-milchsaeure","status":"publish","type":"product","link":"https:\/\/www.amerinet-gpo.com\/de\/produkt\/sculptra-poly-l-milchsaeure\/","title":{"rendered":"Sculptra &#8211; Poly-L-Milchs\u00e4ure (PLLA) Kollagen-Biostimulator"},"content":{"rendered":"<p data-path-to-node=\"12\">Unser <b data-path-to-node=\"12\" data-index-in-node=\"30\">PLLA-Komplex<\/b> ist eine erstklassige biostimulierende L\u00f6sung, die f\u00fcr die Wiederherstellung von verlorenem Gesichtsvolumen und die Behandlung von Hauterschlaffung entwickelt wurde. Durch die Verwendung von Poly-L-Milchs\u00e4ure in medizinischer Qualit\u00e4t wirkt diese Formulierung tief in der Dermis, um Fibroblasten zu aktivieren und die <b data-path-to-node=\"12\" data-index-in-node=\"293\">Neokollagenese<\/b> einzuleiten. Im Gegensatz zu tempor\u00e4ren Fillern bietet die PLLA-Struktur ein Ger\u00fcst f\u00fcr das k\u00f6rpereigene Kollagen, was zu einem nat\u00fcrlichen Lifting- und Straffungseffekt f\u00fchrt, der \u00fcber 24 Monate anhalten kann.  <\/p>\n<p data-path-to-node=\"13\">Kliniken, die <b data-path-to-node=\"13\" data-index-in-node=\"19\">PLLA-Biostimulatoren bestellen<\/b> m\u00f6chten, finden dieses Produkt ideal f\u00fcr die Remodellierung von tiefem Gewebe in Bereichen wie Schl\u00e4fen, Wangen und Kiefer. Jedes Fl\u00e4schchen wird unter strengen Qualit\u00e4tskontrollen hergestellt, um ein steriles, hochreines lyophilisiertes Pulver f\u00fcr die klinische Rekonstitution zu gew\u00e4hrleisten. <\/p>\n<p data-path-to-node=\"14\">Als f\u00fchrender globaler Vertriebsh\u00e4ndler stellt Amerinet-GPO sicher, dass jeder <b data-path-to-node=\"14\" data-index-in-node=\"65\">Kauf von PLLA<\/b> durch eine professionelle Lieferkette unterst\u00fctzt wird. Um die h\u00f6chsten Standards der klinischen Sicherheit (EEAT) zu gew\u00e4hrleisten, ist der Zugang zu diesem Produkt ausschlie\u00dflich <b data-path-to-node=\"14\" data-index-in-node=\"236\">lizenzierten Gesundheitsdienstleistern und zertifizierten \u00c4sthetikspezialisten<\/b> vorbehalten. <\/p>\n","protected":false},"excerpt":{"rendered":"<p>Ein leistungsstarker PLLA-Injektionskomplex f\u00fcr die professionelle Gesichtsverj\u00fcngung. Dieser Biostimulator l\u00f6st die nat\u00fcrliche Kollagenproduktion aus, um das strukturelle Volumen und die Dichte der Haut wiederherzustellen. Entwickelt f\u00fcr Spezialisten, die eine <b data-path-to-node=\"11\" data-index-in-node=\"249\">Sculptra-\u00e4hnliche Wirksamkeit<\/b> mit lang anhaltenden klinischen Ergebnissen anstreben.  <\/p>\n","protected":false},"featured_media":6444,"template":"","meta":[],"product_cat":[131],"product_tag":[],"class_list":{"0":"post-6599","1":"product","2":"type-product","3":"status-publish","4":"has-post-thumbnail","6":"product_cat-dermalfuller","8":"first","9":"instock","10":"shipping-taxable","11":"purchasable","12":"product-type-simple"},"yoast_head":"<!-- This site is optimized with the Yoast SEO plugin v27.5 - https:\/\/yoast.com\/product\/yoast-seo-wordpress\/ -->\n<title>Sculptra PLLA | Professioneller Kollagen-Biostimulator kaufen - Amerinet GPO%<\/title>\n<meta name=\"description\" content=\"Hochreine Poly-L-Milchs\u00e4ure (PLLA) f\u00fcr die professionelle klinische Anwendung. Stimulieren Sie das nat\u00fcrliche Kollagen und stellen Sie das Volumen wieder her. Sichere Beschaffung f\u00fcr medizinische Fachkr\u00e4fte.\" \/>\n<meta name=\"robots\" content=\"index, follow, max-snippet:-1, max-image-preview:large, max-video-preview:-1\" \/>\n<link rel=\"canonical\" href=\"https:\/\/www.amerinet-gpo.com\/de\/produkt\/sculptra-poly-l-milchsaeure\/\" \/>\n<meta property=\"og:locale\" content=\"de_DE\" \/>\n<meta property=\"og:type\" content=\"article\" \/>\n<meta property=\"og:title\" content=\"Sculptra PLLA | Professioneller Kollagen-Biostimulator kaufen - Amerinet GPO%\" \/>\n<meta property=\"og:description\" content=\"Hochreine Poly-L-Milchs\u00e4ure (PLLA) f\u00fcr die professionelle klinische Anwendung. Stimulieren Sie das nat\u00fcrliche Kollagen und stellen Sie das Volumen wieder her. Sichere Beschaffung f\u00fcr medizinische Fachkr\u00e4fte.\" \/>\n<meta property=\"og:url\" content=\"https:\/\/www.amerinet-gpo.com\/de\/produkt\/sculptra-poly-l-milchsaeure\/\" \/>\n<meta property=\"og:site_name\" content=\"Amerinet GPO\" \/>\n<meta property=\"article:modified_time\" content=\"2026-02-03T21:54:06+00:00\" \/>\n<meta property=\"og:image\" content=\"https:\/\/www.amerinet-gpo.com\/wp-content\/uploads\/2024\/03\/buy-sculptra.webp\" \/>\n\t<meta property=\"og:image:width\" content=\"697\" \/>\n\t<meta property=\"og:image:height\" content=\"696\" \/>\n\t<meta property=\"og:image:type\" content=\"image\/webp\" \/>\n<meta name=\"twitter:card\" content=\"summary_large_image\" \/>\n<meta name=\"twitter:label1\" content=\"Gesch\u00e4tzte Lesezeit\" \/>\n\t<meta name=\"twitter:data1\" content=\"1\u00a0Minute\" \/>\n<script type=\"application\/ld+json\" class=\"yoast-schema-graph\">{\"@context\":\"https:\\\/\\\/schema.org\",\"@graph\":[{\"@type\":\"WebPage\",\"@id\":\"https:\\\/\\\/www.amerinet-gpo.com\\\/de\\\/produkt\\\/sculptra-poly-l-milchsaeure\\\/\",\"url\":\"https:\\\/\\\/www.amerinet-gpo.com\\\/de\\\/produkt\\\/sculptra-poly-l-milchsaeure\\\/\",\"name\":\"Sculptra PLLA | Professioneller Kollagen-Biostimulator kaufen - Amerinet GPO%\",\"isPartOf\":{\"@id\":\"https:\\\/\\\/www.amerinet-gpo.com\\\/#website\"},\"primaryImageOfPage\":{\"@id\":\"https:\\\/\\\/www.amerinet-gpo.com\\\/de\\\/produkt\\\/sculptra-poly-l-milchsaeure\\\/#primaryimage\"},\"image\":{\"@id\":\"https:\\\/\\\/www.amerinet-gpo.com\\\/de\\\/produkt\\\/sculptra-poly-l-milchsaeure\\\/#primaryimage\"},\"thumbnailUrl\":\"https:\\\/\\\/www.amerinet-gpo.com\\\/wp-content\\\/uploads\\\/2024\\\/03\\\/buy-sculptra.webp\",\"datePublished\":\"2024-03-30T03:08:11+00:00\",\"dateModified\":\"2026-02-03T21:54:06+00:00\",\"description\":\"Hochreine Poly-L-Milchs\u00e4ure (PLLA) f\u00fcr die professionelle klinische Anwendung. Stimulieren Sie das nat\u00fcrliche Kollagen und stellen Sie das Volumen wieder her. Sichere Beschaffung f\u00fcr medizinische Fachkr\u00e4fte.\",\"breadcrumb\":{\"@id\":\"https:\\\/\\\/www.amerinet-gpo.com\\\/de\\\/produkt\\\/sculptra-poly-l-milchsaeure\\\/#breadcrumb\"},\"inLanguage\":\"de\",\"potentialAction\":[{\"@type\":\"ReadAction\",\"target\":[\"https:\\\/\\\/www.amerinet-gpo.com\\\/de\\\/produkt\\\/sculptra-poly-l-milchsaeure\\\/\"]}]},{\"@type\":\"ImageObject\",\"inLanguage\":\"de\",\"@id\":\"https:\\\/\\\/www.amerinet-gpo.com\\\/de\\\/produkt\\\/sculptra-poly-l-milchsaeure\\\/#primaryimage\",\"url\":\"https:\\\/\\\/www.amerinet-gpo.com\\\/wp-content\\\/uploads\\\/2024\\\/03\\\/buy-sculptra.webp\",\"contentUrl\":\"https:\\\/\\\/www.amerinet-gpo.com\\\/wp-content\\\/uploads\\\/2024\\\/03\\\/buy-sculptra.webp\",\"width\":697,\"height\":696},{\"@type\":\"BreadcrumbList\",\"@id\":\"https:\\\/\\\/www.amerinet-gpo.com\\\/de\\\/produkt\\\/sculptra-poly-l-milchsaeure\\\/#breadcrumb\",\"itemListElement\":[{\"@type\":\"ListItem\",\"position\":1,\"name\":\"Home\",\"item\":\"https:\\\/\\\/www.amerinet-gpo.com\\\/de\\\/markenartiges-zuhause\\\/\"},{\"@type\":\"ListItem\",\"position\":2,\"name\":\"Shop\",\"item\":\"https:\\\/\\\/www.amerinet-gpo.com\\\/es\\\/shop\\\/\"},{\"@type\":\"ListItem\",\"position\":3,\"name\":\"Sculptra &#8211; Poly-L-Milchs\u00e4ure (PLLA) Kollagen-Biostimulator\"}]},{\"@type\":\"WebSite\",\"@id\":\"https:\\\/\\\/www.amerinet-gpo.com\\\/#website\",\"url\":\"https:\\\/\\\/www.amerinet-gpo.com\\\/\",\"name\":\"Amerinet GPO\",\"description\":\"Willkommen bei Amerinet GPO, dem E-Commerce f\u00fcr injizierbare Produkte f\u00fcr die \u00e4sthetische Medizin, einschlie\u00dflich Botox und Hautf\u00fcller\",\"publisher\":{\"@id\":\"https:\\\/\\\/www.amerinet-gpo.com\\\/#organization\"},\"potentialAction\":[{\"@type\":\"SearchAction\",\"target\":{\"@type\":\"EntryPoint\",\"urlTemplate\":\"https:\\\/\\\/www.amerinet-gpo.com\\\/?s={search_term_string}\"},\"query-input\":{\"@type\":\"PropertyValueSpecification\",\"valueRequired\":true,\"valueName\":\"search_term_string\"}}],\"inLanguage\":\"de\"},{\"@type\":\"Organization\",\"@id\":\"https:\\\/\\\/www.amerinet-gpo.com\\\/#organization\",\"name\":\"Amerinet GPO\",\"url\":\"https:\\\/\\\/www.amerinet-gpo.com\\\/\",\"logo\":{\"@type\":\"ImageObject\",\"inLanguage\":\"de\",\"@id\":\"https:\\\/\\\/www.amerinet-gpo.com\\\/#\\\/schema\\\/logo\\\/image\\\/\",\"url\":\"https:\\\/\\\/www.amerinet-gpo.com\\\/wp-content\\\/uploads\\\/2024\\\/03\\\/extendify-demo-logo.png\",\"contentUrl\":\"https:\\\/\\\/www.amerinet-gpo.com\\\/wp-content\\\/uploads\\\/2024\\\/03\\\/extendify-demo-logo.png\",\"width\":96,\"height\":97,\"caption\":\"Amerinet GPO\"},\"image\":{\"@id\":\"https:\\\/\\\/www.amerinet-gpo.com\\\/#\\\/schema\\\/logo\\\/image\\\/\"}}]}<\/script>\n<!-- \/ Yoast SEO plugin. -->","yoast_head_json":{"title":"Sculptra PLLA | Professioneller Kollagen-Biostimulator kaufen - Amerinet GPO%","description":"Hochreine Poly-L-Milchs\u00e4ure (PLLA) f\u00fcr die professionelle klinische Anwendung. Stimulieren Sie das nat\u00fcrliche Kollagen und stellen Sie das Volumen wieder her. Sichere Beschaffung f\u00fcr medizinische Fachkr\u00e4fte.","robots":{"index":"index","follow":"follow","max-snippet":"max-snippet:-1","max-image-preview":"max-image-preview:large","max-video-preview":"max-video-preview:-1"},"canonical":"https:\/\/www.amerinet-gpo.com\/de\/produkt\/sculptra-poly-l-milchsaeure\/","og_locale":"de_DE","og_type":"article","og_title":"Sculptra PLLA | Professioneller Kollagen-Biostimulator kaufen - Amerinet GPO%","og_description":"Hochreine Poly-L-Milchs\u00e4ure (PLLA) f\u00fcr die professionelle klinische Anwendung. Stimulieren Sie das nat\u00fcrliche Kollagen und stellen Sie das Volumen wieder her. Sichere Beschaffung f\u00fcr medizinische Fachkr\u00e4fte.","og_url":"https:\/\/www.amerinet-gpo.com\/de\/produkt\/sculptra-poly-l-milchsaeure\/","og_site_name":"Amerinet GPO","article_modified_time":"2026-02-03T21:54:06+00:00","og_image":[{"width":697,"height":696,"url":"https:\/\/www.amerinet-gpo.com\/wp-content\/uploads\/2024\/03\/buy-sculptra.webp","type":"image\/webp"}],"twitter_card":"summary_large_image","twitter_misc":{"Gesch\u00e4tzte Lesezeit":"1\u00a0Minute"},"schema":{"@context":"https:\/\/schema.org","@graph":[{"@type":"WebPage","@id":"https:\/\/www.amerinet-gpo.com\/de\/produkt\/sculptra-poly-l-milchsaeure\/","url":"https:\/\/www.amerinet-gpo.com\/de\/produkt\/sculptra-poly-l-milchsaeure\/","name":"Sculptra PLLA | Professioneller Kollagen-Biostimulator kaufen - Amerinet GPO%","isPartOf":{"@id":"https:\/\/www.amerinet-gpo.com\/#website"},"primaryImageOfPage":{"@id":"https:\/\/www.amerinet-gpo.com\/de\/produkt\/sculptra-poly-l-milchsaeure\/#primaryimage"},"image":{"@id":"https:\/\/www.amerinet-gpo.com\/de\/produkt\/sculptra-poly-l-milchsaeure\/#primaryimage"},"thumbnailUrl":"https:\/\/www.amerinet-gpo.com\/wp-content\/uploads\/2024\/03\/buy-sculptra.webp","datePublished":"2024-03-30T03:08:11+00:00","dateModified":"2026-02-03T21:54:06+00:00","description":"Hochreine Poly-L-Milchs\u00e4ure (PLLA) f\u00fcr die professionelle klinische Anwendung. Stimulieren Sie das nat\u00fcrliche Kollagen und stellen Sie das Volumen wieder her. Sichere Beschaffung f\u00fcr medizinische Fachkr\u00e4fte.","breadcrumb":{"@id":"https:\/\/www.amerinet-gpo.com\/de\/produkt\/sculptra-poly-l-milchsaeure\/#breadcrumb"},"inLanguage":"de","potentialAction":[{"@type":"ReadAction","target":["https:\/\/www.amerinet-gpo.com\/de\/produkt\/sculptra-poly-l-milchsaeure\/"]}]},{"@type":"ImageObject","inLanguage":"de","@id":"https:\/\/www.amerinet-gpo.com\/de\/produkt\/sculptra-poly-l-milchsaeure\/#primaryimage","url":"https:\/\/www.amerinet-gpo.com\/wp-content\/uploads\/2024\/03\/buy-sculptra.webp","contentUrl":"https:\/\/www.amerinet-gpo.com\/wp-content\/uploads\/2024\/03\/buy-sculptra.webp","width":697,"height":696},{"@type":"BreadcrumbList","@id":"https:\/\/www.amerinet-gpo.com\/de\/produkt\/sculptra-poly-l-milchsaeure\/#breadcrumb","itemListElement":[{"@type":"ListItem","position":1,"name":"Home","item":"https:\/\/www.amerinet-gpo.com\/de\/markenartiges-zuhause\/"},{"@type":"ListItem","position":2,"name":"Shop","item":"https:\/\/www.amerinet-gpo.com\/es\/shop\/"},{"@type":"ListItem","position":3,"name":"Sculptra &#8211; Poly-L-Milchs\u00e4ure (PLLA) Kollagen-Biostimulator"}]},{"@type":"WebSite","@id":"https:\/\/www.amerinet-gpo.com\/#website","url":"https:\/\/www.amerinet-gpo.com\/","name":"Amerinet GPO","description":"Willkommen bei Amerinet GPO, dem E-Commerce f\u00fcr injizierbare Produkte f\u00fcr die \u00e4sthetische Medizin, einschlie\u00dflich Botox und Hautf\u00fcller","publisher":{"@id":"https:\/\/www.amerinet-gpo.com\/#organization"},"potentialAction":[{"@type":"SearchAction","target":{"@type":"EntryPoint","urlTemplate":"https:\/\/www.amerinet-gpo.com\/?s={search_term_string}"},"query-input":{"@type":"PropertyValueSpecification","valueRequired":true,"valueName":"search_term_string"}}],"inLanguage":"de"},{"@type":"Organization","@id":"https:\/\/www.amerinet-gpo.com\/#organization","name":"Amerinet GPO","url":"https:\/\/www.amerinet-gpo.com\/","logo":{"@type":"ImageObject","inLanguage":"de","@id":"https:\/\/www.amerinet-gpo.com\/#\/schema\/logo\/image\/","url":"https:\/\/www.amerinet-gpo.com\/wp-content\/uploads\/2024\/03\/extendify-demo-logo.png","contentUrl":"https:\/\/www.amerinet-gpo.com\/wp-content\/uploads\/2024\/03\/extendify-demo-logo.png","width":96,"height":97,"caption":"Amerinet GPO"},"image":{"@id":"https:\/\/www.amerinet-gpo.com\/#\/schema\/logo\/image\/"}}]}},"_links":{"self":[{"href":"https:\/\/www.amerinet-gpo.com\/de\/wp-json\/wp\/v2\/product\/6599","targetHints":{"allow":["GET"]}}],"collection":[{"href":"https:\/\/www.amerinet-gpo.com\/de\/wp-json\/wp\/v2\/product"}],"about":[{"href":"https:\/\/www.amerinet-gpo.com\/de\/wp-json\/wp\/v2\/types\/product"}],"version-history":[{"count":1,"href":"https:\/\/www.amerinet-gpo.com\/de\/wp-json\/wp\/v2\/product\/6599\/revisions"}],"predecessor-version":[{"id":9593,"href":"https:\/\/www.amerinet-gpo.com\/de\/wp-json\/wp\/v2\/product\/6599\/revisions\/9593"}],"wp:featuredmedia":[{"embeddable":true,"href":"https:\/\/www.amerinet-gpo.com\/de\/wp-json\/wp\/v2\/media\/6444"}],"wp:attachment":[{"href":"https:\/\/www.amerinet-gpo.com\/de\/wp-json\/wp\/v2\/media?parent=6599"}],"wp:term":[{"taxonomy":"product_cat","embeddable":true,"href":"https:\/\/www.amerinet-gpo.com\/de\/wp-json\/wp\/v2\/product_cat?post=6599"},{"taxonomy":"product_tag","embeddable":true,"href":"https:\/\/www.amerinet-gpo.com\/de\/wp-json\/wp\/v2\/product_tag?post=6599"}],"curies":[{"name":"wp","href":"https:\/\/api.w.org\/{rel}","templated":true}]}}