{"id":6552,"date":"2024-03-30T02:36:43","date_gmt":"2024-03-30T02:36:43","guid":{"rendered":"https:\/\/www.amerinet-gpo.com\/shop\/v-line-eine-loesung-essenz-gesicht-lipolytics\/"},"modified":"2026-02-03T21:53:59","modified_gmt":"2026-02-03T21:53:59","slug":"v-line-eine-loesung-essenz-gesicht-lipolytics","status":"publish","type":"product","link":"https:\/\/www.amerinet-gpo.com\/de\/produkt\/v-line-eine-loesung-essenz-gesicht-lipolytics\/","title":{"rendered":"V-Line-A Solution Essence &#8211; Erweiterte Gesichtskonturierung (5 x 10ml)"},"content":{"rendered":"<div class=\"flex-1 overflow-hidden\">\n<div class=\"react-scroll-to-bottom--css-ibbwo-79elbk h-full\">\n<div class=\"react-scroll-to-bottom--css-ibbwo-1n7m0yu\">\n<div class=\"flex flex-col text-sm pb-9\">\n<div class=\"w-full text-token-text-primary\" data-testid=\"conversation-turn-71\">\n<div class=\"px-4 py-2 justify-center text-base md:gap-6 m-auto\">\n<div class=\"flex flex-1 text-base mx-auto gap-3 md:px-5 lg:px-1 xl:px-5 md:max-w-3xl lg:max-w-[40rem] xl:max-w-[48rem] group final-completion\">\n<div class=\"relative flex w-full flex-col agent-turn\">\n<div class=\"flex-col gap-1 md:gap-3\">\n<div class=\"flex flex-grow flex-col max-w-full\">\n<div class=\"min-h-[20px] text-message flex flex-col items-start gap-3 whitespace-pre-wrap break-words [.text-message+&amp;]:mt-5 overflow-x-auto\" data-message-author-role=\"assistant\" data-message-id=\"6a82c342-9837-4129-8098-cfbc82e33a72\">\n<div class=\"markdown prose w-full break-words dark:prose-invert dark\">\n<p data-path-to-node=\"6\">Kliniken k\u00f6nnen jetzt <b data-path-to-node=\"6\" data-index-in-node=\"35\">V-Line-A Solution Essence kaufen<\/b>, ein spezielles lipolytisches Pr\u00e4parat, das speziell f\u00fcr die Gesichtsverfeinerung entwickelt wurde. Dieses 5x10ml Set konzentriert sich auf das Management des Fettgewebes im Kinn- und Wangenbereich, um ein definiertes V-Linien-Profil zu erreichen. Reserviert f\u00fcr den professionellen Einkauf und die klinische Anwendung.  <\/p>\n<p data-path-to-node=\"7\"><b data-path-to-node=\"7\" data-index-in-node=\"0\">Vollst\u00e4ndige Produktbeschreibung:<\/b> Die <b data-path-to-node=\"7\" data-index-in-node=\"30\">V-Line-A Solution Essence<\/b> ist ein hochentwickeltes \u00e4sthetisches Pr\u00e4parat, das f\u00fcr \u00c4rzte entwickelt wurde, die bei der Gesichtsformung Wert auf Pr\u00e4zision legen. Diese Essenz wurde entwickelt, um lokale Fettablagerungen in der Gesichtsregion zu bek\u00e4mpfen. Sie erm\u00f6glicht ein konturierteres, &#8222;V-f\u00f6rmiges&#8220; Aussehen, indem sie den nat\u00fcrlichen Lipidstoffwechsel und die Verfeinerung des Hautgewebes unterst\u00fctzt. <\/p>\n<p data-path-to-node=\"8\">Im Gegensatz zu breiteren Lipolytika f\u00fcr den K\u00f6rper ist V-Line-A speziell auf empfindliche Bereiche wie die Kieferlinie, das Doppelkinn und die Wangenpartie abgestimmt. Wenn Mediziner <b data-path-to-node=\"8\" data-index-in-node=\"165\">V-Line-A Solution kaufen<\/b>, erwerben sie ein Mittel, das die Gesichtssymmetrie und die Hautelastizit\u00e4t durch eine hochreine, im Labor getestete Formulierung verbessern kann. <\/p>\n<p data-path-to-node=\"9\">Amerinet-GPO bietet eine sichere Plattform f\u00fcr den <b data-path-to-node=\"9\" data-index-in-node=\"43\">Kauf von Essenzen in Profiqualit\u00e4t<\/b> und stellt sicher, dass jede Packung mit 5 Fl\u00e4schchen nach den h\u00f6chsten logistischen Standards behandelt wird. Um die Integrit\u00e4t \u00e4sthetischer Behandlungen zu wahren, ist die M\u00f6glichkeit, <b data-path-to-node=\"9\" data-index-in-node=\"226\">diese L\u00f6sung f\u00fcr die Gesichtskonturierung zu erwerben<\/b>, ausschlie\u00dflich zertifizierten Fach\u00e4rzten und lizenzierten Praktikern vorbehalten. <\/p>\n<p data-path-to-node=\"10\"><b data-path-to-node=\"10\" data-index-in-node=\"0\">Technische Daten:<\/b><\/p>\n<ul data-path-to-node=\"11\">\n<li>\n<p data-path-to-node=\"11,0,0\"><b data-path-to-node=\"11,0,0\" data-index-in-node=\"0\">Produktname:<\/b> V-Line-A L\u00f6sungsessenz.<\/p>\n<\/li>\n<li>\n<p data-path-to-node=\"11,1,0\"><b data-path-to-node=\"11,1,0\" data-index-in-node=\"0\">Verpackung:<\/b> 5 Fl\u00e4schchen zu je 10ml.<\/p>\n<\/li>\n<li>\n<p data-path-to-node=\"11,2,0\"><b data-path-to-node=\"11,2,0\" data-index-in-node=\"0\">Prim\u00e4rer Fokus:<\/b> Konturierung der V-Linie im Gesicht, submentales Fett und Verfeinerung der Wangen.<\/p>\n<\/li>\n<li>\n<p data-path-to-node=\"11,3,0\"><b data-path-to-node=\"11,3,0\" data-index-in-node=\"0\">Wichtigste Vorteile:<\/b> Gezielte Adipolyse kombiniert mit hautgl\u00e4ttenden Eigenschaften.<\/p>\n<\/li>\n<li>\n<p data-path-to-node=\"11,4,0\"><b data-path-to-node=\"11,4,0\" data-index-in-node=\"0\">Professionelle Anwendung:<\/b> Entwickelt f\u00fcr die Integration in klinische Mesotherapie-Protokolle.<\/p>\n<\/li>\n<\/ul>\n<p data-path-to-node=\"12\"><b data-path-to-node=\"12\" data-index-in-node=\"0\">Professionelle Beschaffung:<\/b> Lizensierte Fachleute k\u00f6nnen <b data-path-to-node=\"12\" data-index-in-node=\"51\">V-Line-A Solution online<\/b> \u00fcber unser professionelles Portal <b data-path-to-node=\"12\" data-index-in-node=\"51\">kaufen<\/b>. Amerinet-GPO sorgt f\u00fcr eine transparente Lieferkette f\u00fcr alle Ihre \u00e4sthetischen Bed\u00fcrfnisse und bietet die f\u00fcr hochwertige klinische Umgebungen erforderliche Dokumentation und Qualit\u00e4tssicherung. <\/p>\n<\/div>\n<\/div>\n<\/div>\n<\/div>\n<\/div>\n<\/div>\n<\/div>\n<\/div>\n<\/div>\n<\/div>\n<\/div>\n<\/div>\n","protected":false},"excerpt":{"rendered":"<p>Kliniken k\u00f6nnen jetzt <b data-path-to-node=\"6\" data-index-in-node=\"35\">V-Line-A Solution Essence kaufen<\/b>, ein spezielles lipolytisches Pr\u00e4parat, das speziell f\u00fcr die Gesichtsverfeinerung entwickelt wurde. Dieses 5x10ml Set konzentriert sich auf das Management des Fettgewebes im Kinn- und Wangenbereich, um ein definiertes V-Linien-Profil zu erreichen. Reserviert f\u00fcr den professionellen Einkauf und die klinische Anwendung.  <\/p>\n","protected":false},"featured_media":6414,"template":"","meta":[],"product_cat":[127],"product_tag":[],"class_list":{"0":"post-6552","1":"product","2":"type-product","3":"status-publish","4":"has-post-thumbnail","6":"product_cat-lipolytika","8":"first","9":"instock","10":"shipping-taxable","11":"purchasable","12":"product-type-simple"},"yoast_head":"<!-- This site is optimized with the Yoast SEO plugin v27.4 - https:\/\/yoast.com\/product\/yoast-seo-wordpress\/ -->\n<title>Kaufen Sie V-Line-A Solution Essence | Gesichtskonturierung Lipolytikum - Amerinet GPO<\/title>\n<meta name=\"description\" content=\"Sie m\u00f6chten V-Line-A Solution kaufen? Diese Premium-Gesichtsessenz wurde f\u00fcr die pr\u00e4zise Konturierung der V-Linie und das Management von Fettgewebe entwickelt. Professionelle Qualit\u00e4t f\u00fcr die klinische Anwendung.\" \/>\n<meta name=\"robots\" content=\"index, follow, max-snippet:-1, max-image-preview:large, max-video-preview:-1\" \/>\n<link rel=\"canonical\" href=\"https:\/\/www.amerinet-gpo.com\/de\/produkt\/v-line-eine-loesung-essenz-gesicht-lipolytics\/\" \/>\n<meta property=\"og:locale\" content=\"de_DE\" \/>\n<meta property=\"og:type\" content=\"article\" \/>\n<meta property=\"og:title\" content=\"Kaufen Sie V-Line-A Solution Essence | Gesichtskonturierung Lipolytikum - Amerinet GPO\" \/>\n<meta property=\"og:description\" content=\"Sie m\u00f6chten V-Line-A Solution kaufen? Diese Premium-Gesichtsessenz wurde f\u00fcr die pr\u00e4zise Konturierung der V-Linie und das Management von Fettgewebe entwickelt. Professionelle Qualit\u00e4t f\u00fcr die klinische Anwendung.\" \/>\n<meta property=\"og:url\" content=\"https:\/\/www.amerinet-gpo.com\/de\/produkt\/v-line-eine-loesung-essenz-gesicht-lipolytics\/\" \/>\n<meta property=\"og:site_name\" content=\"Amerinet GPO\" \/>\n<meta property=\"article:modified_time\" content=\"2026-02-03T21:53:59+00:00\" \/>\n<meta property=\"og:image\" content=\"https:\/\/www.amerinet-gpo.com\/wp-content\/uploads\/2024\/03\/V-Line-A-Solution-Essence.png\" \/>\n\t<meta property=\"og:image:width\" content=\"491\" \/>\n\t<meta property=\"og:image:height\" content=\"495\" \/>\n\t<meta property=\"og:image:type\" content=\"image\/png\" \/>\n<meta name=\"twitter:card\" content=\"summary_large_image\" \/>\n<meta name=\"twitter:label1\" content=\"Gesch\u00e4tzte Lesezeit\" \/>\n\t<meta name=\"twitter:data1\" content=\"2\u00a0Minuten\" \/>\n<script type=\"application\/ld+json\" class=\"yoast-schema-graph\">{\"@context\":\"https:\\\/\\\/schema.org\",\"@graph\":[{\"@type\":\"WebPage\",\"@id\":\"https:\\\/\\\/www.amerinet-gpo.com\\\/de\\\/produkt\\\/v-line-eine-loesung-essenz-gesicht-lipolytics\\\/\",\"url\":\"https:\\\/\\\/www.amerinet-gpo.com\\\/de\\\/produkt\\\/v-line-eine-loesung-essenz-gesicht-lipolytics\\\/\",\"name\":\"Kaufen Sie V-Line-A Solution Essence | Gesichtskonturierung Lipolytikum - Amerinet GPO\",\"isPartOf\":{\"@id\":\"https:\\\/\\\/www.amerinet-gpo.com\\\/#website\"},\"primaryImageOfPage\":{\"@id\":\"https:\\\/\\\/www.amerinet-gpo.com\\\/de\\\/produkt\\\/v-line-eine-loesung-essenz-gesicht-lipolytics\\\/#primaryimage\"},\"image\":{\"@id\":\"https:\\\/\\\/www.amerinet-gpo.com\\\/de\\\/produkt\\\/v-line-eine-loesung-essenz-gesicht-lipolytics\\\/#primaryimage\"},\"thumbnailUrl\":\"https:\\\/\\\/www.amerinet-gpo.com\\\/wp-content\\\/uploads\\\/2024\\\/03\\\/V-Line-A-Solution-Essence.png\",\"datePublished\":\"2024-03-30T02:36:43+00:00\",\"dateModified\":\"2026-02-03T21:53:59+00:00\",\"description\":\"Sie m\u00f6chten V-Line-A Solution kaufen? Diese Premium-Gesichtsessenz wurde f\u00fcr die pr\u00e4zise Konturierung der V-Linie und das Management von Fettgewebe entwickelt. Professionelle Qualit\u00e4t f\u00fcr die klinische Anwendung.\",\"breadcrumb\":{\"@id\":\"https:\\\/\\\/www.amerinet-gpo.com\\\/de\\\/produkt\\\/v-line-eine-loesung-essenz-gesicht-lipolytics\\\/#breadcrumb\"},\"inLanguage\":\"de\",\"potentialAction\":[{\"@type\":\"ReadAction\",\"target\":[\"https:\\\/\\\/www.amerinet-gpo.com\\\/de\\\/produkt\\\/v-line-eine-loesung-essenz-gesicht-lipolytics\\\/\"]}]},{\"@type\":\"ImageObject\",\"inLanguage\":\"de\",\"@id\":\"https:\\\/\\\/www.amerinet-gpo.com\\\/de\\\/produkt\\\/v-line-eine-loesung-essenz-gesicht-lipolytics\\\/#primaryimage\",\"url\":\"https:\\\/\\\/www.amerinet-gpo.com\\\/wp-content\\\/uploads\\\/2024\\\/03\\\/V-Line-A-Solution-Essence.png\",\"contentUrl\":\"https:\\\/\\\/www.amerinet-gpo.com\\\/wp-content\\\/uploads\\\/2024\\\/03\\\/V-Line-A-Solution-Essence.png\",\"width\":491,\"height\":495},{\"@type\":\"BreadcrumbList\",\"@id\":\"https:\\\/\\\/www.amerinet-gpo.com\\\/de\\\/produkt\\\/v-line-eine-loesung-essenz-gesicht-lipolytics\\\/#breadcrumb\",\"itemListElement\":[{\"@type\":\"ListItem\",\"position\":1,\"name\":\"Home\",\"item\":\"https:\\\/\\\/www.amerinet-gpo.com\\\/de\\\/markenartiges-zuhause\\\/\"},{\"@type\":\"ListItem\",\"position\":2,\"name\":\"Shop\",\"item\":\"https:\\\/\\\/www.amerinet-gpo.com\\\/es\\\/shop\\\/\"},{\"@type\":\"ListItem\",\"position\":3,\"name\":\"V-Line-A Solution Essence &#8211; Erweiterte Gesichtskonturierung (5 x 10ml)\"}]},{\"@type\":\"WebSite\",\"@id\":\"https:\\\/\\\/www.amerinet-gpo.com\\\/#website\",\"url\":\"https:\\\/\\\/www.amerinet-gpo.com\\\/\",\"name\":\"Amerinet GPO\",\"description\":\"Willkommen bei Amerinet GPO, dem E-Commerce f\u00fcr injizierbare Produkte f\u00fcr die \u00e4sthetische Medizin, einschlie\u00dflich Botox und Hautf\u00fcller\",\"publisher\":{\"@id\":\"https:\\\/\\\/www.amerinet-gpo.com\\\/#organization\"},\"potentialAction\":[{\"@type\":\"SearchAction\",\"target\":{\"@type\":\"EntryPoint\",\"urlTemplate\":\"https:\\\/\\\/www.amerinet-gpo.com\\\/?s={search_term_string}\"},\"query-input\":{\"@type\":\"PropertyValueSpecification\",\"valueRequired\":true,\"valueName\":\"search_term_string\"}}],\"inLanguage\":\"de\"},{\"@type\":\"Organization\",\"@id\":\"https:\\\/\\\/www.amerinet-gpo.com\\\/#organization\",\"name\":\"Amerinet GPO\",\"url\":\"https:\\\/\\\/www.amerinet-gpo.com\\\/\",\"logo\":{\"@type\":\"ImageObject\",\"inLanguage\":\"de\",\"@id\":\"https:\\\/\\\/www.amerinet-gpo.com\\\/#\\\/schema\\\/logo\\\/image\\\/\",\"url\":\"https:\\\/\\\/www.amerinet-gpo.com\\\/wp-content\\\/uploads\\\/2024\\\/03\\\/extendify-demo-logo.png\",\"contentUrl\":\"https:\\\/\\\/www.amerinet-gpo.com\\\/wp-content\\\/uploads\\\/2024\\\/03\\\/extendify-demo-logo.png\",\"width\":96,\"height\":97,\"caption\":\"Amerinet GPO\"},\"image\":{\"@id\":\"https:\\\/\\\/www.amerinet-gpo.com\\\/#\\\/schema\\\/logo\\\/image\\\/\"}}]}<\/script>\n<!-- \/ Yoast SEO plugin. -->","yoast_head_json":{"title":"Kaufen Sie V-Line-A Solution Essence | Gesichtskonturierung Lipolytikum - Amerinet GPO","description":"Sie m\u00f6chten V-Line-A Solution kaufen? Diese Premium-Gesichtsessenz wurde f\u00fcr die pr\u00e4zise Konturierung der V-Linie und das Management von Fettgewebe entwickelt. Professionelle Qualit\u00e4t f\u00fcr die klinische Anwendung.","robots":{"index":"index","follow":"follow","max-snippet":"max-snippet:-1","max-image-preview":"max-image-preview:large","max-video-preview":"max-video-preview:-1"},"canonical":"https:\/\/www.amerinet-gpo.com\/de\/produkt\/v-line-eine-loesung-essenz-gesicht-lipolytics\/","og_locale":"de_DE","og_type":"article","og_title":"Kaufen Sie V-Line-A Solution Essence | Gesichtskonturierung Lipolytikum - Amerinet GPO","og_description":"Sie m\u00f6chten V-Line-A Solution kaufen? Diese Premium-Gesichtsessenz wurde f\u00fcr die pr\u00e4zise Konturierung der V-Linie und das Management von Fettgewebe entwickelt. Professionelle Qualit\u00e4t f\u00fcr die klinische Anwendung.","og_url":"https:\/\/www.amerinet-gpo.com\/de\/produkt\/v-line-eine-loesung-essenz-gesicht-lipolytics\/","og_site_name":"Amerinet GPO","article_modified_time":"2026-02-03T21:53:59+00:00","og_image":[{"width":491,"height":495,"url":"https:\/\/www.amerinet-gpo.com\/wp-content\/uploads\/2024\/03\/V-Line-A-Solution-Essence.png","type":"image\/png"}],"twitter_card":"summary_large_image","twitter_misc":{"Gesch\u00e4tzte Lesezeit":"2\u00a0Minuten"},"schema":{"@context":"https:\/\/schema.org","@graph":[{"@type":"WebPage","@id":"https:\/\/www.amerinet-gpo.com\/de\/produkt\/v-line-eine-loesung-essenz-gesicht-lipolytics\/","url":"https:\/\/www.amerinet-gpo.com\/de\/produkt\/v-line-eine-loesung-essenz-gesicht-lipolytics\/","name":"Kaufen Sie V-Line-A Solution Essence | Gesichtskonturierung Lipolytikum - Amerinet GPO","isPartOf":{"@id":"https:\/\/www.amerinet-gpo.com\/#website"},"primaryImageOfPage":{"@id":"https:\/\/www.amerinet-gpo.com\/de\/produkt\/v-line-eine-loesung-essenz-gesicht-lipolytics\/#primaryimage"},"image":{"@id":"https:\/\/www.amerinet-gpo.com\/de\/produkt\/v-line-eine-loesung-essenz-gesicht-lipolytics\/#primaryimage"},"thumbnailUrl":"https:\/\/www.amerinet-gpo.com\/wp-content\/uploads\/2024\/03\/V-Line-A-Solution-Essence.png","datePublished":"2024-03-30T02:36:43+00:00","dateModified":"2026-02-03T21:53:59+00:00","description":"Sie m\u00f6chten V-Line-A Solution kaufen? Diese Premium-Gesichtsessenz wurde f\u00fcr die pr\u00e4zise Konturierung der V-Linie und das Management von Fettgewebe entwickelt. Professionelle Qualit\u00e4t f\u00fcr die klinische Anwendung.","breadcrumb":{"@id":"https:\/\/www.amerinet-gpo.com\/de\/produkt\/v-line-eine-loesung-essenz-gesicht-lipolytics\/#breadcrumb"},"inLanguage":"de","potentialAction":[{"@type":"ReadAction","target":["https:\/\/www.amerinet-gpo.com\/de\/produkt\/v-line-eine-loesung-essenz-gesicht-lipolytics\/"]}]},{"@type":"ImageObject","inLanguage":"de","@id":"https:\/\/www.amerinet-gpo.com\/de\/produkt\/v-line-eine-loesung-essenz-gesicht-lipolytics\/#primaryimage","url":"https:\/\/www.amerinet-gpo.com\/wp-content\/uploads\/2024\/03\/V-Line-A-Solution-Essence.png","contentUrl":"https:\/\/www.amerinet-gpo.com\/wp-content\/uploads\/2024\/03\/V-Line-A-Solution-Essence.png","width":491,"height":495},{"@type":"BreadcrumbList","@id":"https:\/\/www.amerinet-gpo.com\/de\/produkt\/v-line-eine-loesung-essenz-gesicht-lipolytics\/#breadcrumb","itemListElement":[{"@type":"ListItem","position":1,"name":"Home","item":"https:\/\/www.amerinet-gpo.com\/de\/markenartiges-zuhause\/"},{"@type":"ListItem","position":2,"name":"Shop","item":"https:\/\/www.amerinet-gpo.com\/es\/shop\/"},{"@type":"ListItem","position":3,"name":"V-Line-A Solution Essence &#8211; Erweiterte Gesichtskonturierung (5 x 10ml)"}]},{"@type":"WebSite","@id":"https:\/\/www.amerinet-gpo.com\/#website","url":"https:\/\/www.amerinet-gpo.com\/","name":"Amerinet GPO","description":"Willkommen bei Amerinet GPO, dem E-Commerce f\u00fcr injizierbare Produkte f\u00fcr die \u00e4sthetische Medizin, einschlie\u00dflich Botox und Hautf\u00fcller","publisher":{"@id":"https:\/\/www.amerinet-gpo.com\/#organization"},"potentialAction":[{"@type":"SearchAction","target":{"@type":"EntryPoint","urlTemplate":"https:\/\/www.amerinet-gpo.com\/?s={search_term_string}"},"query-input":{"@type":"PropertyValueSpecification","valueRequired":true,"valueName":"search_term_string"}}],"inLanguage":"de"},{"@type":"Organization","@id":"https:\/\/www.amerinet-gpo.com\/#organization","name":"Amerinet GPO","url":"https:\/\/www.amerinet-gpo.com\/","logo":{"@type":"ImageObject","inLanguage":"de","@id":"https:\/\/www.amerinet-gpo.com\/#\/schema\/logo\/image\/","url":"https:\/\/www.amerinet-gpo.com\/wp-content\/uploads\/2024\/03\/extendify-demo-logo.png","contentUrl":"https:\/\/www.amerinet-gpo.com\/wp-content\/uploads\/2024\/03\/extendify-demo-logo.png","width":96,"height":97,"caption":"Amerinet GPO"},"image":{"@id":"https:\/\/www.amerinet-gpo.com\/#\/schema\/logo\/image\/"}}]}},"_links":{"self":[{"href":"https:\/\/www.amerinet-gpo.com\/de\/wp-json\/wp\/v2\/product\/6552","targetHints":{"allow":["GET"]}}],"collection":[{"href":"https:\/\/www.amerinet-gpo.com\/de\/wp-json\/wp\/v2\/product"}],"about":[{"href":"https:\/\/www.amerinet-gpo.com\/de\/wp-json\/wp\/v2\/types\/product"}],"version-history":[{"count":1,"href":"https:\/\/www.amerinet-gpo.com\/de\/wp-json\/wp\/v2\/product\/6552\/revisions"}],"predecessor-version":[{"id":9583,"href":"https:\/\/www.amerinet-gpo.com\/de\/wp-json\/wp\/v2\/product\/6552\/revisions\/9583"}],"wp:featuredmedia":[{"embeddable":true,"href":"https:\/\/www.amerinet-gpo.com\/de\/wp-json\/wp\/v2\/media\/6414"}],"wp:attachment":[{"href":"https:\/\/www.amerinet-gpo.com\/de\/wp-json\/wp\/v2\/media?parent=6552"}],"wp:term":[{"taxonomy":"product_cat","embeddable":true,"href":"https:\/\/www.amerinet-gpo.com\/de\/wp-json\/wp\/v2\/product_cat?post=6552"},{"taxonomy":"product_tag","embeddable":true,"href":"https:\/\/www.amerinet-gpo.com\/de\/wp-json\/wp\/v2\/product_tag?post=6552"}],"curies":[{"name":"wp","href":"https:\/\/api.w.org\/{rel}","templated":true}]}}