{"id":6538,"date":"2024-03-29T07:02:13","date_gmt":"2024-03-29T07:02:13","guid":{"rendered":"https:\/\/www.amerinet-gpo.com\/shop\/revolax-tief\/"},"modified":"2024-04-02T08:46:41","modified_gmt":"2024-04-02T08:46:41","slug":"revolax-tief","status":"publish","type":"product","link":"https:\/\/www.amerinet-gpo.com\/de\/produkt\/revolax-tief\/","title":{"rendered":"Revolax Tief"},"content":{"rendered":"<div class=\"flex-1 overflow-hidden\">\n<div class=\"react-scroll-to-bottom--css-ibbwo-79elbk h-full\">\n<div class=\"react-scroll-to-bottom--css-ibbwo-1n7m0yu\">\n<div class=\"flex flex-col text-sm pb-9\">\n<div class=\"w-full text-token-text-primary\" data-testid=\"conversation-turn-27\">\n<div class=\"px-4 py-2 justify-center text-base md:gap-6 m-auto\">\n<div class=\"flex flex-1 text-base mx-auto gap-3 md:px-5 lg:px-1 xl:px-5 md:max-w-3xl lg:max-w-[40rem] xl:max-w-[48rem] group final-completion\">\n<div class=\"relative flex w-full flex-col agent-turn\">\n<div class=\"flex-col gap-1 md:gap-3\">\n<div class=\"flex flex-grow flex-col max-w-full\">\n<div class=\"min-h-[20px] text-message flex flex-col items-start gap-3 whitespace-pre-wrap break-words [.text-message+&amp;]:mt-5 overflow-x-auto\" data-message-author-role=\"assistant\" data-message-id=\"4c3b9f14-f943-4d3a-858f-9d3d49aeca3e\">\n<div class=\"markdown prose w-full break-words dark:prose-invert dark\">\n<p><strong>Beschreibung:<\/strong> Revolax Deep ist ein erstklassiger Dermalf\u00fcller zur Wiederherstellung des Volumens und zur Gl\u00e4ttung tiefer Falten und F\u00e4ltchen. Mit seiner fortschrittlichen, vernetzten Hyalurons\u00e4ureformel bietet Revolax Deep lang anhaltende Ergebnisse bei der Gesichtskonturierung und -vergr\u00f6\u00dferung. Vertrauen Sie auf Revolax Deep f\u00fcr nat\u00fcrlich aussehende Verbesserungen und verj\u00fcngte Haut.<\/p>\n<p><strong>Wesentliche Merkmale:<\/strong><\/p>\n<ol>\n<li><strong>Tiefe Faltenkorrektur:<\/strong> Revolax Deep wurde speziell f\u00fcr tiefe Falten und F\u00e4ltchen entwickelt und gibt der Haut Volumen und Elastizit\u00e4t zur\u00fcck, was zu einem glatteren und jugendlicheren Aussehen f\u00fchrt.<\/li>\n<li><strong>Vernetzte Hyalurons\u00e4ure:<\/strong> Mit seiner fortschrittlichen Vernetzungs-Technologie gew\u00e4hrleistet Revolax Deep eine optimale Langlebigkeit und Stabilit\u00e4t und sorgt f\u00fcr dauerhafte Ergebnisse bei der Gesichtsaugmentation.<\/li>\n<li><strong>Nat\u00fcrlich aussehende Ergebnisse:<\/strong> Revolax Deep bietet nat\u00fcrlich aussehende Ergebnisse und f\u00fcgt sich nahtlos in die Hautstruktur ein, um die Gesichtskonturen zu verbessern und zu definieren.<\/li>\n<li><strong>Hohe Viskoelastizit\u00e4t:<\/strong> Mit seiner hohen Viskoelastizit\u00e4t bietet Revolax Deep eine hervorragende Gewebest\u00fctzung und Formbarkeit, die pr\u00e4zise und kontrollierte Injektionstechniken erm\u00f6glicht.<\/li>\n<li><strong>Vielseitige Anwendung:<\/strong> Revolax Deep eignet sich f\u00fcr verschiedene Gesichtsbereiche, einschlie\u00dflich Nasolabialfalten, Marionettenfalten und Wangen, und bietet vielseitige L\u00f6sungen f\u00fcr die Gesichtsverj\u00fcngung und -versch\u00f6nerung.<\/li>\n<\/ol>\n<p><strong>Vorteile:<\/strong><\/p>\n<ul>\n<li><strong>Lang anhaltende Wirkung:<\/strong> Genie\u00dfen Sie lang anhaltende Ergebnisse mit Revolax Deep, das bis zu 12-18 Monate lang f\u00fcr anhaltendes Volumen und Faltenkorrektur sorgt.<\/li>\n<li><strong>Verbesserte Gesichtskonturen:<\/strong> Mit Revolax Deep erhalten Sie verbesserte Gesichtskonturen und -definition, die der Haut jugendliche F\u00fclle und Vitalit\u00e4t zur\u00fcckgeben.<\/li>\n<li><strong>Minimalinvasiv:<\/strong> Als minimal-invasive Behandlung bietet Revolax Deep eine nicht-chirurgische L\u00f6sung f\u00fcr die Gesichtsverj\u00fcngung mit minimaler Ausfallzeit und Unannehmlichkeiten.<\/li>\n<li><strong>Patientenzufriedenheit:<\/strong> Revolax Deep hat eine hohe Patientenzufriedenheit und wird von \u00c4rzten und Patienten wegen seiner Sicherheit, Wirksamkeit und nat\u00fcrlich aussehenden Ergebnisse gesch\u00e4tzt.<\/li>\n<\/ul>\n<p><strong>Gebrauchsanweisung:<\/strong><\/p>\n<ol>\n<li><strong>Konsultation:<\/strong> Vereinbaren Sie einen Beratungstermin mit einem qualifizierten Gesundheitsdienstleister, um die Eignung f\u00fcr Revolax Deep zu beurteilen und die Behandlungsziele zu besprechen.<\/li>\n<li><strong>Injektionstechnik:<\/strong> Revolax Deep wird mit einer pr\u00e4zisen Injektionstechnik verabreicht, die auf bestimmte Problembereiche abzielt und gleichzeitig eine gleichm\u00e4\u00dfige Verteilung und nat\u00fcrlich aussehende Ergebnisse gew\u00e4hrleistet.<\/li>\n<li><strong>Pflege nach der Behandlung:<\/strong> Raten Sie den Patienten, die Anweisungen zur Nachbehandlung zu befolgen, einschlie\u00dflich der Vermeidung anstrengender Aktivit\u00e4ten und der Anwendung kalter Kompressen, um Schwellungen und Beschwerden zu minimieren.<\/li>\n<\/ol>\n<p><strong>Erleben Sie jugendliche Verj\u00fcngung:<\/strong> Entdecken Sie einen jugendlichen Teint und verbesserte Gesichtskonturen mit Revolax Deep. Vertrauen Sie auf die fortschrittliche Formel und die lang anhaltenden Ergebnisse f\u00fcr nat\u00fcrlich aussehende Verbesserungen und neues Selbstvertrauen. Sagen Sie Hallo zu einer glatteren und volleren Haut mit Revolax Deep.<\/p>\n<\/div>\n<\/div>\n<\/div>\n<\/div>\n<\/div>\n<\/div>\n<\/div>\n<\/div>\n<\/div>\n<\/div>\n<\/div>\n<\/div>\n","protected":false},"excerpt":{"rendered":"<div class=\"flex-1 overflow-hidden\">\n<div class=\"react-scroll-to-bottom--css-ibbwo-79elbk h-full\">\n<div class=\"react-scroll-to-bottom--css-ibbwo-1n7m0yu\">\n<div class=\"flex flex-col text-sm pb-9\">\n<div class=\"w-full text-token-text-primary\" data-testid=\"conversation-turn-29\">\n<div class=\"px-4 py-2 justify-center text-base md:gap-6 m-auto\">\n<div class=\"flex flex-1 text-base mx-auto gap-3 md:px-5 lg:px-1 xl:px-5 md:max-w-3xl lg:max-w-[40rem] xl:max-w-[48rem] group final-completion\">\n<div class=\"relative flex w-full flex-col agent-turn\">\n<div class=\"flex-col gap-1 md:gap-3\">\n<div class=\"flex flex-grow flex-col max-w-full\">\n<div class=\"min-h-[20px] text-message flex flex-col items-start gap-3 whitespace-pre-wrap break-words [.text-message+&amp;]:mt-5 overflow-x-auto\" data-message-author-role=\"assistant\" data-message-id=\"df4f0ea7-1330-4f65-abc6-bd7f591e39da\">\n<div class=\"markdown prose w-full break-words dark:prose-invert dark\">\n<p>Revolax Deep: Erleben Sie mit Revolax Deep eine fortschrittliche Faltenkorrektur und Volumisierung des Gesichts. Dieser hochwertige Dermalf\u00fcller bietet lang anhaltende Ergebnisse, indem er tiefen Falten und Runzeln Volumen und Gl\u00e4tte verleiht. Erzielen Sie eine nat\u00fcrlich aussehende Gesichtsverj\u00fcngung und verbesserte Konturen mit Revolax Deep f\u00fcr neues Selbstvertrauen und Vitalit\u00e4t.<\/p>\n<\/div>\n<\/div>\n<\/div>\n<\/div>\n<\/div>\n<\/div>\n<\/div>\n<\/div>\n<\/div>\n<\/div>\n<\/div>\n<\/div>\n","protected":false},"featured_media":6359,"template":"","meta":[],"product_cat":[131],"product_tag":[],"class_list":{"0":"post-6538","1":"product","2":"type-product","3":"status-publish","4":"has-post-thumbnail","6":"product_cat-dermalfuller","8":"first","9":"instock","10":"shipping-taxable","11":"purchasable","12":"product-type-simple"},"yoast_head":"<!-- This site is optimized with the Yoast SEO plugin v27.3 - https:\/\/yoast.com\/product\/yoast-seo-wordpress\/ -->\n<title>Kaufen Revolax Tief, Buy Revolax Tief online - Lieferant von injizierbaren Produkten Amerinet GPO<\/title>\n<meta name=\"robots\" content=\"index, follow, max-snippet:-1, max-image-preview:large, max-video-preview:-1\" \/>\n<link rel=\"canonical\" href=\"https:\/\/www.amerinet-gpo.com\/de\/produkt\/revolax-tief\/\" \/>\n<meta property=\"og:locale\" content=\"de_DE\" \/>\n<meta property=\"og:type\" content=\"article\" \/>\n<meta property=\"og:title\" content=\"Kaufen Revolax Tief, Buy Revolax Tief online - Lieferant von injizierbaren Produkten Amerinet GPO\" \/>\n<meta property=\"og:description\" content=\"Revolax Deep: Erleben Sie mit Revolax Deep eine fortschrittliche Faltenkorrektur und Volumisierung des Gesichts. Dieser hochwertige Dermalf\u00fcller bietet lang anhaltende Ergebnisse, indem er tiefen Falten und Runzeln Volumen und Gl\u00e4tte verleiht. Erzielen Sie eine nat\u00fcrlich aussehende Gesichtsverj\u00fcngung und verbesserte Konturen mit Revolax Deep f\u00fcr neues Selbstvertrauen und Vitalit\u00e4t.\" \/>\n<meta property=\"og:url\" content=\"https:\/\/www.amerinet-gpo.com\/de\/produkt\/revolax-tief\/\" \/>\n<meta property=\"og:site_name\" content=\"Amerinet GPO\" \/>\n<meta property=\"article:modified_time\" content=\"2024-04-02T08:46:41+00:00\" \/>\n<meta property=\"og:image\" content=\"https:\/\/www.amerinet-gpo.com\/wp-content\/uploads\/2024\/03\/revolax-deep-lido-1x11ml.jpg\" \/>\n\t<meta property=\"og:image:width\" content=\"455\" \/>\n\t<meta property=\"og:image:height\" content=\"455\" \/>\n\t<meta property=\"og:image:type\" content=\"image\/jpeg\" \/>\n<meta name=\"twitter:card\" content=\"summary_large_image\" \/>\n<meta name=\"twitter:label1\" content=\"Gesch\u00e4tzte Lesezeit\" \/>\n\t<meta name=\"twitter:data1\" content=\"2\u00a0Minuten\" \/>\n<script type=\"application\/ld+json\" class=\"yoast-schema-graph\">{\"@context\":\"https:\\\/\\\/schema.org\",\"@graph\":[{\"@type\":\"WebPage\",\"@id\":\"https:\\\/\\\/www.amerinet-gpo.com\\\/de\\\/produkt\\\/revolax-tief\\\/\",\"url\":\"https:\\\/\\\/www.amerinet-gpo.com\\\/de\\\/produkt\\\/revolax-tief\\\/\",\"name\":\"Kaufen Revolax Tief, Buy Revolax Tief online - Lieferant von injizierbaren Produkten Amerinet GPO\",\"isPartOf\":{\"@id\":\"https:\\\/\\\/www.amerinet-gpo.com\\\/#website\"},\"primaryImageOfPage\":{\"@id\":\"https:\\\/\\\/www.amerinet-gpo.com\\\/de\\\/produkt\\\/revolax-tief\\\/#primaryimage\"},\"image\":{\"@id\":\"https:\\\/\\\/www.amerinet-gpo.com\\\/de\\\/produkt\\\/revolax-tief\\\/#primaryimage\"},\"thumbnailUrl\":\"https:\\\/\\\/www.amerinet-gpo.com\\\/wp-content\\\/uploads\\\/2024\\\/03\\\/revolax-deep-lido-1x11ml.jpg\",\"datePublished\":\"2024-03-29T07:02:13+00:00\",\"dateModified\":\"2024-04-02T08:46:41+00:00\",\"breadcrumb\":{\"@id\":\"https:\\\/\\\/www.amerinet-gpo.com\\\/de\\\/produkt\\\/revolax-tief\\\/#breadcrumb\"},\"inLanguage\":\"de\",\"potentialAction\":[{\"@type\":\"ReadAction\",\"target\":[\"https:\\\/\\\/www.amerinet-gpo.com\\\/de\\\/produkt\\\/revolax-tief\\\/\"]}]},{\"@type\":\"ImageObject\",\"inLanguage\":\"de\",\"@id\":\"https:\\\/\\\/www.amerinet-gpo.com\\\/de\\\/produkt\\\/revolax-tief\\\/#primaryimage\",\"url\":\"https:\\\/\\\/www.amerinet-gpo.com\\\/wp-content\\\/uploads\\\/2024\\\/03\\\/revolax-deep-lido-1x11ml.jpg\",\"contentUrl\":\"https:\\\/\\\/www.amerinet-gpo.com\\\/wp-content\\\/uploads\\\/2024\\\/03\\\/revolax-deep-lido-1x11ml.jpg\",\"width\":455,\"height\":455},{\"@type\":\"BreadcrumbList\",\"@id\":\"https:\\\/\\\/www.amerinet-gpo.com\\\/de\\\/produkt\\\/revolax-tief\\\/#breadcrumb\",\"itemListElement\":[{\"@type\":\"ListItem\",\"position\":1,\"name\":\"Home\",\"item\":\"https:\\\/\\\/www.amerinet-gpo.com\\\/de\\\/markenartiges-zuhause\\\/\"},{\"@type\":\"ListItem\",\"position\":2,\"name\":\"Shop\",\"item\":\"https:\\\/\\\/www.amerinet-gpo.com\\\/es\\\/shop\\\/\"},{\"@type\":\"ListItem\",\"position\":3,\"name\":\"Revolax Tief\"}]},{\"@type\":\"WebSite\",\"@id\":\"https:\\\/\\\/www.amerinet-gpo.com\\\/#website\",\"url\":\"https:\\\/\\\/www.amerinet-gpo.com\\\/\",\"name\":\"Amerinet GPO\",\"description\":\"Willkommen bei Amerinet GPO, dem E-Commerce f\u00fcr injizierbare Produkte f\u00fcr die \u00e4sthetische Medizin, einschlie\u00dflich Botox und Hautf\u00fcller\",\"publisher\":{\"@id\":\"https:\\\/\\\/www.amerinet-gpo.com\\\/#organization\"},\"potentialAction\":[{\"@type\":\"SearchAction\",\"target\":{\"@type\":\"EntryPoint\",\"urlTemplate\":\"https:\\\/\\\/www.amerinet-gpo.com\\\/?s={search_term_string}\"},\"query-input\":{\"@type\":\"PropertyValueSpecification\",\"valueRequired\":true,\"valueName\":\"search_term_string\"}}],\"inLanguage\":\"de\"},{\"@type\":\"Organization\",\"@id\":\"https:\\\/\\\/www.amerinet-gpo.com\\\/#organization\",\"name\":\"Amerinet GPO\",\"url\":\"https:\\\/\\\/www.amerinet-gpo.com\\\/\",\"logo\":{\"@type\":\"ImageObject\",\"inLanguage\":\"de\",\"@id\":\"https:\\\/\\\/www.amerinet-gpo.com\\\/#\\\/schema\\\/logo\\\/image\\\/\",\"url\":\"https:\\\/\\\/www.amerinet-gpo.com\\\/wp-content\\\/uploads\\\/2024\\\/03\\\/extendify-demo-logo.png\",\"contentUrl\":\"https:\\\/\\\/www.amerinet-gpo.com\\\/wp-content\\\/uploads\\\/2024\\\/03\\\/extendify-demo-logo.png\",\"width\":96,\"height\":97,\"caption\":\"Amerinet GPO\"},\"image\":{\"@id\":\"https:\\\/\\\/www.amerinet-gpo.com\\\/#\\\/schema\\\/logo\\\/image\\\/\"}}]}<\/script>\n<!-- \/ Yoast SEO plugin. -->","yoast_head_json":{"title":"Kaufen Revolax Tief, Buy Revolax Tief online - Lieferant von injizierbaren Produkten Amerinet GPO","robots":{"index":"index","follow":"follow","max-snippet":"max-snippet:-1","max-image-preview":"max-image-preview:large","max-video-preview":"max-video-preview:-1"},"canonical":"https:\/\/www.amerinet-gpo.com\/de\/produkt\/revolax-tief\/","og_locale":"de_DE","og_type":"article","og_title":"Kaufen Revolax Tief, Buy Revolax Tief online - Lieferant von injizierbaren Produkten Amerinet GPO","og_description":"Revolax Deep: Erleben Sie mit Revolax Deep eine fortschrittliche Faltenkorrektur und Volumisierung des Gesichts. Dieser hochwertige Dermalf\u00fcller bietet lang anhaltende Ergebnisse, indem er tiefen Falten und Runzeln Volumen und Gl\u00e4tte verleiht. Erzielen Sie eine nat\u00fcrlich aussehende Gesichtsverj\u00fcngung und verbesserte Konturen mit Revolax Deep f\u00fcr neues Selbstvertrauen und Vitalit\u00e4t.","og_url":"https:\/\/www.amerinet-gpo.com\/de\/produkt\/revolax-tief\/","og_site_name":"Amerinet GPO","article_modified_time":"2024-04-02T08:46:41+00:00","og_image":[{"width":455,"height":455,"url":"https:\/\/www.amerinet-gpo.com\/wp-content\/uploads\/2024\/03\/revolax-deep-lido-1x11ml.jpg","type":"image\/jpeg"}],"twitter_card":"summary_large_image","twitter_misc":{"Gesch\u00e4tzte Lesezeit":"2\u00a0Minuten"},"schema":{"@context":"https:\/\/schema.org","@graph":[{"@type":"WebPage","@id":"https:\/\/www.amerinet-gpo.com\/de\/produkt\/revolax-tief\/","url":"https:\/\/www.amerinet-gpo.com\/de\/produkt\/revolax-tief\/","name":"Kaufen Revolax Tief, Buy Revolax Tief online - Lieferant von injizierbaren Produkten Amerinet GPO","isPartOf":{"@id":"https:\/\/www.amerinet-gpo.com\/#website"},"primaryImageOfPage":{"@id":"https:\/\/www.amerinet-gpo.com\/de\/produkt\/revolax-tief\/#primaryimage"},"image":{"@id":"https:\/\/www.amerinet-gpo.com\/de\/produkt\/revolax-tief\/#primaryimage"},"thumbnailUrl":"https:\/\/www.amerinet-gpo.com\/wp-content\/uploads\/2024\/03\/revolax-deep-lido-1x11ml.jpg","datePublished":"2024-03-29T07:02:13+00:00","dateModified":"2024-04-02T08:46:41+00:00","breadcrumb":{"@id":"https:\/\/www.amerinet-gpo.com\/de\/produkt\/revolax-tief\/#breadcrumb"},"inLanguage":"de","potentialAction":[{"@type":"ReadAction","target":["https:\/\/www.amerinet-gpo.com\/de\/produkt\/revolax-tief\/"]}]},{"@type":"ImageObject","inLanguage":"de","@id":"https:\/\/www.amerinet-gpo.com\/de\/produkt\/revolax-tief\/#primaryimage","url":"https:\/\/www.amerinet-gpo.com\/wp-content\/uploads\/2024\/03\/revolax-deep-lido-1x11ml.jpg","contentUrl":"https:\/\/www.amerinet-gpo.com\/wp-content\/uploads\/2024\/03\/revolax-deep-lido-1x11ml.jpg","width":455,"height":455},{"@type":"BreadcrumbList","@id":"https:\/\/www.amerinet-gpo.com\/de\/produkt\/revolax-tief\/#breadcrumb","itemListElement":[{"@type":"ListItem","position":1,"name":"Home","item":"https:\/\/www.amerinet-gpo.com\/de\/markenartiges-zuhause\/"},{"@type":"ListItem","position":2,"name":"Shop","item":"https:\/\/www.amerinet-gpo.com\/es\/shop\/"},{"@type":"ListItem","position":3,"name":"Revolax Tief"}]},{"@type":"WebSite","@id":"https:\/\/www.amerinet-gpo.com\/#website","url":"https:\/\/www.amerinet-gpo.com\/","name":"Amerinet GPO","description":"Willkommen bei Amerinet GPO, dem E-Commerce f\u00fcr injizierbare Produkte f\u00fcr die \u00e4sthetische Medizin, einschlie\u00dflich Botox und Hautf\u00fcller","publisher":{"@id":"https:\/\/www.amerinet-gpo.com\/#organization"},"potentialAction":[{"@type":"SearchAction","target":{"@type":"EntryPoint","urlTemplate":"https:\/\/www.amerinet-gpo.com\/?s={search_term_string}"},"query-input":{"@type":"PropertyValueSpecification","valueRequired":true,"valueName":"search_term_string"}}],"inLanguage":"de"},{"@type":"Organization","@id":"https:\/\/www.amerinet-gpo.com\/#organization","name":"Amerinet GPO","url":"https:\/\/www.amerinet-gpo.com\/","logo":{"@type":"ImageObject","inLanguage":"de","@id":"https:\/\/www.amerinet-gpo.com\/#\/schema\/logo\/image\/","url":"https:\/\/www.amerinet-gpo.com\/wp-content\/uploads\/2024\/03\/extendify-demo-logo.png","contentUrl":"https:\/\/www.amerinet-gpo.com\/wp-content\/uploads\/2024\/03\/extendify-demo-logo.png","width":96,"height":97,"caption":"Amerinet GPO"},"image":{"@id":"https:\/\/www.amerinet-gpo.com\/#\/schema\/logo\/image\/"}}]}},"_links":{"self":[{"href":"https:\/\/www.amerinet-gpo.com\/de\/wp-json\/wp\/v2\/product\/6538","targetHints":{"allow":["GET"]}}],"collection":[{"href":"https:\/\/www.amerinet-gpo.com\/de\/wp-json\/wp\/v2\/product"}],"about":[{"href":"https:\/\/www.amerinet-gpo.com\/de\/wp-json\/wp\/v2\/types\/product"}],"version-history":[{"count":1,"href":"https:\/\/www.amerinet-gpo.com\/de\/wp-json\/wp\/v2\/product\/6538\/revisions"}],"predecessor-version":[{"id":7126,"href":"https:\/\/www.amerinet-gpo.com\/de\/wp-json\/wp\/v2\/product\/6538\/revisions\/7126"}],"wp:featuredmedia":[{"embeddable":true,"href":"https:\/\/www.amerinet-gpo.com\/de\/wp-json\/wp\/v2\/media\/6359"}],"wp:attachment":[{"href":"https:\/\/www.amerinet-gpo.com\/de\/wp-json\/wp\/v2\/media?parent=6538"}],"wp:term":[{"taxonomy":"product_cat","embeddable":true,"href":"https:\/\/www.amerinet-gpo.com\/de\/wp-json\/wp\/v2\/product_cat?post=6538"},{"taxonomy":"product_tag","embeddable":true,"href":"https:\/\/www.amerinet-gpo.com\/de\/wp-json\/wp\/v2\/product_tag?post=6538"}],"curies":[{"name":"wp","href":"https:\/\/api.w.org\/{rel}","templated":true}]}}