{"id":6529,"date":"2024-03-29T06:42:00","date_gmt":"2024-03-29T06:42:00","guid":{"rendered":"https:\/\/www.amerinet-gpo.com\/shop\/kybella-atx-101-aqualyx-alternativ\/"},"modified":"2026-02-12T10:41:11","modified_gmt":"2026-02-12T10:41:11","slug":"kybella-atx-101-aqualyx-alternativ","status":"publish","type":"product","link":"https:\/\/www.amerinet-gpo.com\/de\/produkt\/kybella-atx-101-aqualyx-alternativ\/","title":{"rendered":"Lipolab PPC L\u00f6sung &#8211; Desoxycholins\u00e4ure"},"content":{"rendered":"<p data-path-to-node=\"7\">Unsere <b data-path-to-node=\"7\" data-index-in-node=\"30\">Deoxycholins\u00e4ure &amp; PPC-L\u00f6sung<\/b> ist ein hochentwickeltes lipolytisches Pr\u00e4parat, das f\u00fcr die nicht-chirurgische Behandlung von lokalen Fettablagerungen entwickelt wurde. Durch die Kombination von hochkonzentriertem Phosphatidylcholin (PPC) mit Natriumdeoxycholat erleichtert diese Formel den Abbau von Adipozytenmembranen und f\u00f6rdert die nat\u00fcrliche metabolische Clearance von Lipiden.<\/p>\n<p data-path-to-node=\"8\">Diese L\u00f6sung wurde f\u00fcr \u00c4rzte entwickelt, die eine <b data-path-to-node=\"8\" data-index-in-node=\"38\">Aqualyx-\u00e4hnliche Wirksamkeit<\/b> anstreben. Sie ist eine zuverl\u00e4ssige Alternative f\u00fcr die Behandlung von hartn\u00e4ckigen Bereichen wie der submentalen Region, dem Bauch und den Oberschenkeln. Die synergistische Wirkung seiner aktiven Inhaltsstoffe sorgt f\u00fcr eine tiefe Penetration und eine konsistente Adipolyse, was es zu einem Grundnahrungsmittel in fortschrittlichen \u00e4sthetischen Protokollen macht.<\/p>\n<p data-path-to-node=\"9\">Bei Amerinet-GPO legen wir gr\u00f6\u00dften Wert auf chemische Reinheit und Stabilit\u00e4t. Jede Charge wird von spezialisierten Labors bezogen und \u00fcber unser optimiertes Logistiknetzwerk abgewickelt, um die Integrit\u00e4t des Pr\u00e4parats zu gew\u00e4hrleisten. Um professionelle Standards aufrechtzuerhalten, ist dieses Produkt ausschlie\u00dflich f\u00fcr <b data-path-to-node=\"9\" data-index-in-node=\"304\">zertifizierte Fach\u00e4rzte<\/b> und lizenzierte Praktiker <b data-path-to-node=\"9\" data-index-in-node=\"277\">erh\u00e4ltlich<\/b>.  <\/p>\n<p data-path-to-node=\"10\"><b data-path-to-node=\"10\" data-index-in-node=\"0\">Technische Daten:<\/b><\/p>\n<ul data-path-to-node=\"11\">\n<li>\n<p data-path-to-node=\"11,0,0\"><b data-path-to-node=\"11,0,0\" data-index-in-node=\"0\">Aktive Bestandteile:<\/b> Hochreines Phosphatidylcholin (PPC) und Natriumdeoxycholat.<\/p>\n<\/li>\n<li>\n<p data-path-to-node=\"11,1,0\"><b data-path-to-node=\"11,1,0\" data-index-in-node=\"0\">Anwendung:<\/b> Gezielte Behandlung von Fettgewebe und K\u00f6rperkonturierung.<\/p>\n<\/li>\n<li>\n<p data-path-to-node=\"11,2,0\"><b data-path-to-node=\"11,2,0\" data-index-in-node=\"0\">Formulierung:<\/b> Gebrauchsfertige L\u00f6sung f\u00fcr professionelle Mesotherapie-Protokolle.<\/p>\n<\/li>\n<li>\n<p data-path-to-node=\"11,3,0\"><b data-path-to-node=\"11,3,0\" data-index-in-node=\"0\">Sicherheitsprofil:<\/b> R\u00fcckverfolgbarer Herstellungsprozess mit minimalen Proteinverunreinigungen.<\/p>\n<\/li>\n<\/ul>\n<p data-path-to-node=\"12\"><b data-path-to-node=\"12\" data-index-in-node=\"0\">Professionelle Beschaffung:<\/b> Lizensierte Kliniken k\u00f6nnen <b data-path-to-node=\"12\" data-index-in-node=\"47\">diese Deoxycholins\u00e4ure &amp; PPC-L\u00f6sung<\/b> \u00fcber unser sicheres medizinisches Portal <b data-path-to-node=\"12\" data-index-in-node=\"47\">kaufen<\/b>. Amerinet-GPO sorgt f\u00fcr eine transparente und gesetzeskonforme Lieferkette und bietet die wissenschaftliche Dokumentation und professionelle Unterst\u00fctzung, die f\u00fcr moderne klinische Umgebungen erforderlich ist.<\/p>\n","protected":false},"excerpt":{"rendered":"<div class=\"flex-1 overflow-hidden\">\n<div class=\"react-scroll-to-bottom--css-ibbwo-79elbk h-full\">\n<div class=\"react-scroll-to-bottom--css-ibbwo-1n7m0yu\">\n<div class=\"flex flex-col text-sm pb-9\">\n<div class=\"w-full text-token-text-primary\" data-testid=\"conversation-turn-21\">\n<div class=\"px-4 py-2 justify-center text-base md:gap-6 m-auto\">\n<div class=\"flex flex-1 text-base mx-auto gap-3 md:px-5 lg:px-1 xl:px-5 md:max-w-3xl lg:max-w-[40rem] xl:max-w-[48rem] group final-completion\">\n<div class=\"relative flex w-full flex-col agent-turn\">\n<div class=\"flex-col gap-1 md:gap-3\">\n<div class=\"flex flex-grow flex-col max-w-full\">\n<div class=\"min-h-[20px] text-message flex flex-col items-start gap-3 whitespace-pre-wrap break-words [.text-message+&amp;]:mt-5 overflow-x-auto\" data-message-author-role=\"assistant\" data-message-id=\"637a644d-346c-4097-b0d8-6dd059c7ac3c\">\n<div class=\"markdown prose w-full break-words dark:prose-invert dark\">\n<p>Diese L\u00f6sung aus Deoxycholins\u00e4ure und PPC (Phosphatidylcholin) ist ein hochreines lipolytisches Mittel, das f\u00fcr die professionelle K\u00f6rperkonturierung entwickelt wurde. Mit einem Aqualyx-\u00e4hnlichen Wirkmechanismus zielt es effektiv auf das lokale Fettgewebe ab. Es ist f\u00fcr die klinische Anwendung reserviert und gew\u00e4hrleistet pr\u00e4zise Ergebnisse durch eine stabile, medizinisch hochwertige Formulierung.  <\/p>\n<\/div>\n<\/div>\n<\/div>\n<\/div>\n<\/div>\n<\/div>\n<\/div>\n<\/div>\n<\/div>\n<\/div>\n<\/div>\n<\/div>\n","protected":false},"featured_media":6349,"template":"","meta":[],"product_cat":[127],"product_tag":[],"class_list":{"0":"post-6529","1":"product","2":"type-product","3":"status-publish","4":"has-post-thumbnail","6":"product_cat-lipolytika","8":"first","9":"instock","10":"shipping-taxable","11":"purchasable","12":"product-type-simple"},"yoast_head":"<!-- This site is optimized with the Yoast SEO plugin v27.3 - https:\/\/yoast.com\/product\/yoast-seo-wordpress\/ -->\n<title>online kaufen -<\/title>\n<meta name=\"description\" content=\"Bestellen Sie unsere hochwertige Deoxycholins\u00e4ure &amp; PPC-L\u00f6sung. Eine hochreine lipolytische Verbindung f\u00fcr gezieltes Management des Fettgewebes. Professionelle Qualit\u00e4t, Aqualyx-\u00e4hnliche Wirksamkeit.\" \/>\n<meta name=\"robots\" content=\"index, follow, max-snippet:-1, max-image-preview:large, max-video-preview:-1\" \/>\n<link rel=\"canonical\" href=\"https:\/\/www.amerinet-gpo.com\/de\/produkt\/kybella-atx-101-aqualyx-alternativ\/\" \/>\n<meta property=\"og:locale\" content=\"de_DE\" \/>\n<meta property=\"og:type\" content=\"article\" \/>\n<meta property=\"og:title\" content=\"online kaufen -\" \/>\n<meta property=\"og:description\" content=\"Bestellen Sie unsere hochwertige Deoxycholins\u00e4ure &amp; PPC-L\u00f6sung. Eine hochreine lipolytische Verbindung f\u00fcr gezieltes Management des Fettgewebes. Professionelle Qualit\u00e4t, Aqualyx-\u00e4hnliche Wirksamkeit.\" \/>\n<meta property=\"og:url\" content=\"https:\/\/www.amerinet-gpo.com\/de\/produkt\/kybella-atx-101-aqualyx-alternativ\/\" \/>\n<meta property=\"og:site_name\" content=\"Amerinet GPO\" \/>\n<meta property=\"article:modified_time\" content=\"2026-02-12T10:41:11+00:00\" \/>\n<meta property=\"og:image\" content=\"https:\/\/www.amerinet-gpo.com\/wp-content\/uploads\/2024\/03\/deoxycholic-acid-kybella-atx-101.jpg\" \/>\n\t<meta property=\"og:image:width\" content=\"760\" \/>\n\t<meta property=\"og:image:height\" content=\"760\" \/>\n\t<meta property=\"og:image:type\" content=\"image\/jpeg\" \/>\n<meta name=\"twitter:card\" content=\"summary_large_image\" \/>\n<meta name=\"twitter:label1\" content=\"Gesch\u00e4tzte Lesezeit\" \/>\n\t<meta name=\"twitter:data1\" content=\"1\u00a0Minute\" \/>\n<script type=\"application\/ld+json\" class=\"yoast-schema-graph\">{\"@context\":\"https:\\\/\\\/schema.org\",\"@graph\":[{\"@type\":\"WebPage\",\"@id\":\"https:\\\/\\\/www.amerinet-gpo.com\\\/de\\\/produkt\\\/kybella-atx-101-aqualyx-alternativ\\\/\",\"url\":\"https:\\\/\\\/www.amerinet-gpo.com\\\/de\\\/produkt\\\/kybella-atx-101-aqualyx-alternativ\\\/\",\"name\":\"online kaufen -\",\"isPartOf\":{\"@id\":\"https:\\\/\\\/www.amerinet-gpo.com\\\/#website\"},\"primaryImageOfPage\":{\"@id\":\"https:\\\/\\\/www.amerinet-gpo.com\\\/de\\\/produkt\\\/kybella-atx-101-aqualyx-alternativ\\\/#primaryimage\"},\"image\":{\"@id\":\"https:\\\/\\\/www.amerinet-gpo.com\\\/de\\\/produkt\\\/kybella-atx-101-aqualyx-alternativ\\\/#primaryimage\"},\"thumbnailUrl\":\"https:\\\/\\\/www.amerinet-gpo.com\\\/wp-content\\\/uploads\\\/2024\\\/03\\\/deoxycholic-acid-kybella-atx-101.jpg\",\"datePublished\":\"2024-03-29T06:42:00+00:00\",\"dateModified\":\"2026-02-12T10:41:11+00:00\",\"description\":\"Bestellen Sie unsere hochwertige Deoxycholins\u00e4ure & PPC-L\u00f6sung. Eine hochreine lipolytische Verbindung f\u00fcr gezieltes Management des Fettgewebes. Professionelle Qualit\u00e4t, Aqualyx-\u00e4hnliche Wirksamkeit.\",\"breadcrumb\":{\"@id\":\"https:\\\/\\\/www.amerinet-gpo.com\\\/de\\\/produkt\\\/kybella-atx-101-aqualyx-alternativ\\\/#breadcrumb\"},\"inLanguage\":\"de\",\"potentialAction\":[{\"@type\":\"ReadAction\",\"target\":[\"https:\\\/\\\/www.amerinet-gpo.com\\\/de\\\/produkt\\\/kybella-atx-101-aqualyx-alternativ\\\/\"]}]},{\"@type\":\"ImageObject\",\"inLanguage\":\"de\",\"@id\":\"https:\\\/\\\/www.amerinet-gpo.com\\\/de\\\/produkt\\\/kybella-atx-101-aqualyx-alternativ\\\/#primaryimage\",\"url\":\"https:\\\/\\\/www.amerinet-gpo.com\\\/wp-content\\\/uploads\\\/2024\\\/03\\\/deoxycholic-acid-kybella-atx-101.jpg\",\"contentUrl\":\"https:\\\/\\\/www.amerinet-gpo.com\\\/wp-content\\\/uploads\\\/2024\\\/03\\\/deoxycholic-acid-kybella-atx-101.jpg\",\"width\":760,\"height\":760},{\"@type\":\"BreadcrumbList\",\"@id\":\"https:\\\/\\\/www.amerinet-gpo.com\\\/de\\\/produkt\\\/kybella-atx-101-aqualyx-alternativ\\\/#breadcrumb\",\"itemListElement\":[{\"@type\":\"ListItem\",\"position\":1,\"name\":\"Home\",\"item\":\"https:\\\/\\\/www.amerinet-gpo.com\\\/de\\\/markenartiges-zuhause\\\/\"},{\"@type\":\"ListItem\",\"position\":2,\"name\":\"Shop\",\"item\":\"https:\\\/\\\/www.amerinet-gpo.com\\\/es\\\/shop\\\/\"},{\"@type\":\"ListItem\",\"position\":3,\"name\":\"Lipolab PPC L\u00f6sung &#8211; Desoxycholins\u00e4ure\"}]},{\"@type\":\"WebSite\",\"@id\":\"https:\\\/\\\/www.amerinet-gpo.com\\\/#website\",\"url\":\"https:\\\/\\\/www.amerinet-gpo.com\\\/\",\"name\":\"Amerinet GPO\",\"description\":\"Willkommen bei Amerinet GPO, dem E-Commerce f\u00fcr injizierbare Produkte f\u00fcr die \u00e4sthetische Medizin, einschlie\u00dflich Botox und Hautf\u00fcller\",\"publisher\":{\"@id\":\"https:\\\/\\\/www.amerinet-gpo.com\\\/#organization\"},\"potentialAction\":[{\"@type\":\"SearchAction\",\"target\":{\"@type\":\"EntryPoint\",\"urlTemplate\":\"https:\\\/\\\/www.amerinet-gpo.com\\\/?s={search_term_string}\"},\"query-input\":{\"@type\":\"PropertyValueSpecification\",\"valueRequired\":true,\"valueName\":\"search_term_string\"}}],\"inLanguage\":\"de\"},{\"@type\":\"Organization\",\"@id\":\"https:\\\/\\\/www.amerinet-gpo.com\\\/#organization\",\"name\":\"Amerinet GPO\",\"url\":\"https:\\\/\\\/www.amerinet-gpo.com\\\/\",\"logo\":{\"@type\":\"ImageObject\",\"inLanguage\":\"de\",\"@id\":\"https:\\\/\\\/www.amerinet-gpo.com\\\/#\\\/schema\\\/logo\\\/image\\\/\",\"url\":\"https:\\\/\\\/www.amerinet-gpo.com\\\/wp-content\\\/uploads\\\/2024\\\/03\\\/extendify-demo-logo.png\",\"contentUrl\":\"https:\\\/\\\/www.amerinet-gpo.com\\\/wp-content\\\/uploads\\\/2024\\\/03\\\/extendify-demo-logo.png\",\"width\":96,\"height\":97,\"caption\":\"Amerinet GPO\"},\"image\":{\"@id\":\"https:\\\/\\\/www.amerinet-gpo.com\\\/#\\\/schema\\\/logo\\\/image\\\/\"}}]}<\/script>\n<!-- \/ Yoast SEO plugin. -->","yoast_head_json":{"title":"online kaufen -","description":"Bestellen Sie unsere hochwertige Deoxycholins\u00e4ure & PPC-L\u00f6sung. Eine hochreine lipolytische Verbindung f\u00fcr gezieltes Management des Fettgewebes. Professionelle Qualit\u00e4t, Aqualyx-\u00e4hnliche Wirksamkeit.","robots":{"index":"index","follow":"follow","max-snippet":"max-snippet:-1","max-image-preview":"max-image-preview:large","max-video-preview":"max-video-preview:-1"},"canonical":"https:\/\/www.amerinet-gpo.com\/de\/produkt\/kybella-atx-101-aqualyx-alternativ\/","og_locale":"de_DE","og_type":"article","og_title":"online kaufen -","og_description":"Bestellen Sie unsere hochwertige Deoxycholins\u00e4ure & PPC-L\u00f6sung. Eine hochreine lipolytische Verbindung f\u00fcr gezieltes Management des Fettgewebes. Professionelle Qualit\u00e4t, Aqualyx-\u00e4hnliche Wirksamkeit.","og_url":"https:\/\/www.amerinet-gpo.com\/de\/produkt\/kybella-atx-101-aqualyx-alternativ\/","og_site_name":"Amerinet GPO","article_modified_time":"2026-02-12T10:41:11+00:00","og_image":[{"width":760,"height":760,"url":"https:\/\/www.amerinet-gpo.com\/wp-content\/uploads\/2024\/03\/deoxycholic-acid-kybella-atx-101.jpg","type":"image\/jpeg"}],"twitter_card":"summary_large_image","twitter_misc":{"Gesch\u00e4tzte Lesezeit":"1\u00a0Minute"},"schema":{"@context":"https:\/\/schema.org","@graph":[{"@type":"WebPage","@id":"https:\/\/www.amerinet-gpo.com\/de\/produkt\/kybella-atx-101-aqualyx-alternativ\/","url":"https:\/\/www.amerinet-gpo.com\/de\/produkt\/kybella-atx-101-aqualyx-alternativ\/","name":"online kaufen -","isPartOf":{"@id":"https:\/\/www.amerinet-gpo.com\/#website"},"primaryImageOfPage":{"@id":"https:\/\/www.amerinet-gpo.com\/de\/produkt\/kybella-atx-101-aqualyx-alternativ\/#primaryimage"},"image":{"@id":"https:\/\/www.amerinet-gpo.com\/de\/produkt\/kybella-atx-101-aqualyx-alternativ\/#primaryimage"},"thumbnailUrl":"https:\/\/www.amerinet-gpo.com\/wp-content\/uploads\/2024\/03\/deoxycholic-acid-kybella-atx-101.jpg","datePublished":"2024-03-29T06:42:00+00:00","dateModified":"2026-02-12T10:41:11+00:00","description":"Bestellen Sie unsere hochwertige Deoxycholins\u00e4ure & PPC-L\u00f6sung. Eine hochreine lipolytische Verbindung f\u00fcr gezieltes Management des Fettgewebes. Professionelle Qualit\u00e4t, Aqualyx-\u00e4hnliche Wirksamkeit.","breadcrumb":{"@id":"https:\/\/www.amerinet-gpo.com\/de\/produkt\/kybella-atx-101-aqualyx-alternativ\/#breadcrumb"},"inLanguage":"de","potentialAction":[{"@type":"ReadAction","target":["https:\/\/www.amerinet-gpo.com\/de\/produkt\/kybella-atx-101-aqualyx-alternativ\/"]}]},{"@type":"ImageObject","inLanguage":"de","@id":"https:\/\/www.amerinet-gpo.com\/de\/produkt\/kybella-atx-101-aqualyx-alternativ\/#primaryimage","url":"https:\/\/www.amerinet-gpo.com\/wp-content\/uploads\/2024\/03\/deoxycholic-acid-kybella-atx-101.jpg","contentUrl":"https:\/\/www.amerinet-gpo.com\/wp-content\/uploads\/2024\/03\/deoxycholic-acid-kybella-atx-101.jpg","width":760,"height":760},{"@type":"BreadcrumbList","@id":"https:\/\/www.amerinet-gpo.com\/de\/produkt\/kybella-atx-101-aqualyx-alternativ\/#breadcrumb","itemListElement":[{"@type":"ListItem","position":1,"name":"Home","item":"https:\/\/www.amerinet-gpo.com\/de\/markenartiges-zuhause\/"},{"@type":"ListItem","position":2,"name":"Shop","item":"https:\/\/www.amerinet-gpo.com\/es\/shop\/"},{"@type":"ListItem","position":3,"name":"Lipolab PPC L\u00f6sung &#8211; Desoxycholins\u00e4ure"}]},{"@type":"WebSite","@id":"https:\/\/www.amerinet-gpo.com\/#website","url":"https:\/\/www.amerinet-gpo.com\/","name":"Amerinet GPO","description":"Willkommen bei Amerinet GPO, dem E-Commerce f\u00fcr injizierbare Produkte f\u00fcr die \u00e4sthetische Medizin, einschlie\u00dflich Botox und Hautf\u00fcller","publisher":{"@id":"https:\/\/www.amerinet-gpo.com\/#organization"},"potentialAction":[{"@type":"SearchAction","target":{"@type":"EntryPoint","urlTemplate":"https:\/\/www.amerinet-gpo.com\/?s={search_term_string}"},"query-input":{"@type":"PropertyValueSpecification","valueRequired":true,"valueName":"search_term_string"}}],"inLanguage":"de"},{"@type":"Organization","@id":"https:\/\/www.amerinet-gpo.com\/#organization","name":"Amerinet GPO","url":"https:\/\/www.amerinet-gpo.com\/","logo":{"@type":"ImageObject","inLanguage":"de","@id":"https:\/\/www.amerinet-gpo.com\/#\/schema\/logo\/image\/","url":"https:\/\/www.amerinet-gpo.com\/wp-content\/uploads\/2024\/03\/extendify-demo-logo.png","contentUrl":"https:\/\/www.amerinet-gpo.com\/wp-content\/uploads\/2024\/03\/extendify-demo-logo.png","width":96,"height":97,"caption":"Amerinet GPO"},"image":{"@id":"https:\/\/www.amerinet-gpo.com\/#\/schema\/logo\/image\/"}}]}},"_links":{"self":[{"href":"https:\/\/www.amerinet-gpo.com\/de\/wp-json\/wp\/v2\/product\/6529","targetHints":{"allow":["GET"]}}],"collection":[{"href":"https:\/\/www.amerinet-gpo.com\/de\/wp-json\/wp\/v2\/product"}],"about":[{"href":"https:\/\/www.amerinet-gpo.com\/de\/wp-json\/wp\/v2\/types\/product"}],"version-history":[{"count":2,"href":"https:\/\/www.amerinet-gpo.com\/de\/wp-json\/wp\/v2\/product\/6529\/revisions"}],"predecessor-version":[{"id":10188,"href":"https:\/\/www.amerinet-gpo.com\/de\/wp-json\/wp\/v2\/product\/6529\/revisions\/10188"}],"wp:featuredmedia":[{"embeddable":true,"href":"https:\/\/www.amerinet-gpo.com\/de\/wp-json\/wp\/v2\/media\/6349"}],"wp:attachment":[{"href":"https:\/\/www.amerinet-gpo.com\/de\/wp-json\/wp\/v2\/media?parent=6529"}],"wp:term":[{"taxonomy":"product_cat","embeddable":true,"href":"https:\/\/www.amerinet-gpo.com\/de\/wp-json\/wp\/v2\/product_cat?post=6529"},{"taxonomy":"product_tag","embeddable":true,"href":"https:\/\/www.amerinet-gpo.com\/de\/wp-json\/wp\/v2\/product_tag?post=6529"}],"curies":[{"name":"wp","href":"https:\/\/api.w.org\/{rel}","templated":true}]}}