{"id":8693,"date":"2020-10-18T12:34:13","date_gmt":"2020-10-18T12:34:13","guid":{"rendered":"https:\/\/www.amerinet-gpo.com\/privacy-policy\/"},"modified":"2025-11-05T13:20:21","modified_gmt":"2025-11-05T13:20:21","slug":"datenschutzrichtlinie","status":"publish","type":"page","link":"https:\/\/www.amerinet-gpo.com\/de\/datenschutzrichtlinie\/","title":{"rendered":"Datenschutzrichtlinie"},"content":{"rendered":"\t\t<div data-elementor-type=\"wp-page\" data-elementor-id=\"8693\" class=\"elementor elementor-8693 elementor-8689\">\n\t\t\t\t<div class=\"elementor-element elementor-element-6772b54 e-flex e-con-boxed e-con e-parent\" data-id=\"6772b54\" data-element_type=\"container\" data-e-type=\"container\">\n\t\t\t\t\t<div class=\"e-con-inner\">\n\t\t\t\t<div class=\"elementor-element elementor-element-48ef938 elementor-widget elementor-widget-text-editor\" data-id=\"48ef938\" data-element_type=\"widget\" data-e-type=\"widget\" data-widget_type=\"text-editor.default\">\n\t\t\t\t<div class=\"elementor-widget-container\">\n\t\t\t\t\t\t\t\t\t<p>Diese Datenschutzerkl\u00e4rung (die \u201e<b>Erkl\u00e4rung<\/b>\u201c) gilt f\u00fcr <b>Amerinet-GPO<\/b>. Die Website <code>www.amerinet-gpo.com<\/code> (die \u201e<b>Seite<\/b>\u201c) ist Eigentum von <b>Amerinet-GPO LLC<\/b>. <b>BITTE LESEN SIE DIE FOLGENDE ERKL\u00c4RUNG SORGF\u00c4LTIG DURCH.<\/b> Ihr weiterer Zugriff auf die Seite und deren Nutzung gelten als bedingungslose Annahme der Erkl\u00e4rung.<\/p><p>Amerinet-GPO beh\u00e4lt sich das Recht vor, Teile dieser Erkl\u00e4rung jederzeit zu \u00e4ndern, zu modifizieren, hinzuzuf\u00fcgen oder zu entfernen. Es liegt in Ihrer Verantwortung, diese Erkl\u00e4rung regelm\u00e4\u00dfig auf \u00c4nderungen zu \u00fcberpr\u00fcfen. Ihre fortgesetzte Nutzung der Seite nach der Ver\u00f6ffentlichung von \u00c4nderungen bedeutet, dass Sie die \u00c4nderungen akzeptieren und ihnen zustimmen.<\/p><p>\u00a0<\/p><h3>1. Unser Engagement und Unsere Verantwortung<\/h3><p>\u00a0<\/p><p><b>Amerinet-GPO<\/b> verpflichtet sich nachdr\u00fccklich, die Datenschutzinteressen unserer professionellen Kunden zu wahren, um die Erstellung und Pflege eines Kundenkontos und die Ausf\u00fchrung von Bestellungen f\u00fcr Produkte oder Dienstleistungen zu erm\u00f6glichen. Wir haben diese Erkl\u00e4rung erstellt, um die Grunds\u00e4tze festzulegen, die wir beim Umgang mit den pers\u00f6nlichen Daten von Kunden befolgen, die auf der Seite oder direkt von Amerinet-GPO erfasst werden. Als verantwortungsbewusstes Unternehmen, das \u00e4sthetische Medizinprodukte liefert, verstehen wir die absolute Notwendigkeit, Kundeninformationen streng vertraulich zu behandeln. Die hier dargelegte Erkl\u00e4rung erl\u00e4utert das Verfahren und die Prozesse, die wir befolgen, um diese Vertraulichkeit Ihrer Informationen zu gew\u00e4hrleisten.<\/p><p>\u00a0<\/p><h3>2. Zweck und Art der Erfassten Informationen<\/h3><p>\u00a0<\/p><p>Amerinet-GPO erfasst personenbezogene Daten von Kunden, wie Ihren <b>Namen, Adresse, E-Mail-Adresse, Telefonnummer, Faxnummer und professionelle Lizenznummer<\/b>, um ein B2B-Konto zu registrieren.<\/p><p>Um die angeforderten Produkte und\/oder Dienstleistungen bereitzustellen sowie die Abwicklung von Kundenbestellungen und die Zahlungsabwicklung zu erleichtern, erfassen wir zus\u00e4tzliche Informationen wie <b>Kreditkartendaten und Rechnungsinformationen<\/b>.<\/p><p>In Verbindung mit der Nutzung der Seite k\u00f6nnen wir auch bestimmte Informationen durch die Verwendung von <b>Cookies<\/b> erfassen, was Ihre F\u00e4higkeit zur Nutzung der Seite verbessert. Sollten Sie die Verwendung von Cookies deaktivieren wollen, passen Sie einfach die Einstellungen Ihres Webbrowsers entsprechend an.<\/p><p>\u00a0<\/p><h3>3. Kundenzustimmung und Verantwortung<\/h3><p>\u00a0<\/p><p>Der Kunde ist daf\u00fcr verantwortlich, <b>korrekte und nur angemessene Informationen<\/b> f\u00fcr die angeforderte Dienstleistung bereitzustellen. Immer wenn personenbezogene Daten \u00fcbermittelt werden, muss der Kunde sicherstellen, dass die weitergegebenen Informationen nur f\u00fcr den angegebenen Zweck verwendet und vertraulich behandelt werden.<\/p><p>Wenn der Kunde personenbezogene Daten an Amerinet-GPO \u00fcbermittelt, impliziert dies, dass der Kunde uns seine <b>ausdr\u00fcckliche Zustimmung<\/b> zur Speicherung und Nutzung der Informationen f\u00fcr den vorgesehenen Zweck gegeben hat, wie in dieser Erkl\u00e4rung dargelegt.<\/p><p>\u00a0<\/p><h3>4. Nutzung und Offenlegung von Informationen<\/h3><p>\u00a0<\/p><p>Die vom Kunden erfassten Informationen werden haupts\u00e4chlich zum Zweck der Bereitstellung <b>medizinischer und professioneller Produkte und Dienstleistungen<\/b> verwendet, was unsere Kerngesch\u00e4ftsaktivit\u00e4t darstellt.<\/p><p>Wir k\u00f6nnen einige der erfassten Informationen auch zur Verbesserung unserer internen Abl\u00e4ufe verwenden. Die abgeleiteten Informationen, die aus den individuellen Daten generiert werden, k\u00f6nnen von uns kopiert, gedruckt, \u00fcbertragen und verteilt werden, <b>ohne die individuelle Vertraulichkeit zu gef\u00e4hrden.<\/b><\/p><p>Amerinet-GPO <b>wird personenbezogene Daten nicht f\u00fcr andere Zwecke offenlegen oder verwenden<\/b>, als jene, f\u00fcr die sie erfasst wurden, es sei denn mit <b>Zustimmung des Kunden<\/b>, oder wie anderweitig in dieser Erkl\u00e4rung dargelegt oder <b>gesetzlich vorgeschrieben<\/b>. Sie k\u00f6nnen uns kontaktieren, wenn Sie Ihr Konto k\u00fcndigen oder verlangen m\u00f6chten, dass wir Ihre Informationen nicht l\u00e4nger zur Erbringung von Dienstleistungen f\u00fcr Sie verwenden. Personenbezogene Kundendaten werden so lange aufbewahrt, wie es zur Erf\u00fcllung der Zwecke, f\u00fcr die sie erfasst wurden, zur bestm\u00f6glichen Bedienung des Kundeninteresses und <b>zur Einhaltung unserer gesetzlichen Verpflichtungen, zur Beilegung von Streitigkeiten und zur Durchsetzung unserer Vereinbarungen erforderlich ist.<\/b><\/p><p>\u00a0<\/p><h3>5. Begrenzte Erfassung (Minimierungsprinzip)<\/h3><p>\u00a0<\/p><p>Amerinet-GPO wird <b>nur jene personenbezogenen Daten erfassen, die unbedingt erforderlich sind<\/b>, um Kundenbestellungen zu bearbeiten, einschlie\u00dflich der Daten, die von Drittanbietern wie einem Versandunternehmen zur Ausf\u00fchrung von Bestellungen, einem Kreditkartenabwicklungsunternehmen zur Rechnungsstellung f\u00fcr Waren und Dienstleistungen sowie von medizinischem Fachpersonal zur Unterst\u00fctzung bei der Ausf\u00fchrung Ihrer Bestellungen ben\u00f6tigt werden.<\/p><p>\u00a0<\/p><h3>6. Datensicherheit und Schutz<\/h3><p>\u00a0<\/p><p><b>Angemessene Vorkehrungen<\/b> werden getroffen f\u00fcr die Sicherheit der von den Kunden erfassten Informationen in Bezug auf Speicherung, Abruf und Nutzung. Unbefugten Personen wird kein Zugriff auf personenbezogene Daten gew\u00e4hrt. <b>Wir geben ohne Ihre ausdr\u00fcckliche Zustimmung keine Teile der personenbezogenen Daten an Dritte weiter.<\/b><\/p><p>\u00a0<\/p><h3>7. Datenspeicherung und Sicherung<\/h3><p>\u00a0<\/p><p>Die von einem Kunden erfassten Informationen werden <b>aktuell und korrekt<\/b> gehalten, wie es f\u00fcr den vorgesehenen Zweck erforderlich ist. Das Unternehmen verpflichtet sich voll und ganz, die Daten vor <b>Diebstahl, unbefugter Nutzung, Aktualisierung und Modifikationen sowie Duplizierung<\/b> zu sch\u00fctzen. Wir verwenden Verschl\u00fcsselungsprotokolle (wie SSL) und branchen\u00fcbliche physische und digitale Sicherheitsma\u00dfnahmen, um Ihre Informationen zu sch\u00fctzen.<\/p><p>\u00a0<\/p><h3>8. Transparenz der Gespeicherten Informationen<\/h3><p>\u00a0<\/p><p>Der Kunde kann <b>jederzeit Auskunft verlangen<\/b> \u00fcber seine von Amerinet-GPO gespeicherten personenbezogenen Daten. Auf eine solche Anfrage hin wird Amerinet-GPO die Details der gespeicherten Informationen, die zur Einsichtnahme befugten Personen und den Zweck, f\u00fcr den diese Daten verwendet werden, innerhalb einer <b>angemessenen Frist<\/b> zur Verf\u00fcgung stellen.<\/p>\t\t\t\t\t\t\t\t<\/div>\n\t\t\t\t<\/div>\n\t\t\t\t\t<\/div>\n\t\t\t\t<\/div>\n\t\t\t\t<\/div>\n\t\t","protected":false},"excerpt":{"rendered":"<p>Diese Datenschutzerkl\u00e4rung (die \u201eErkl\u00e4rung\u201c) gilt f\u00fcr Amerinet-GPO. Die Website www.amerinet-gpo.com (die \u201eSeite\u201c) ist Eigentum von Amerinet-GPO LLC. BITTE LESEN SIE DIE FOLGENDE&hellip;<\/p>\n","protected":false},"author":1,"featured_media":0,"parent":0,"menu_order":0,"comment_status":"closed","ping_status":"open","template":"","meta":{"footnotes":""},"class_list":["post-8693","page","type-page","status-publish","hentry"],"yoast_head":"<!-- This site is optimized with the Yoast SEO plugin v27.5 - https:\/\/yoast.com\/product\/yoast-seo-wordpress\/ -->\n<title>Datenschutzrichtlinie - Amerinet GPO<\/title>\n<meta name=\"robots\" content=\"index, follow, max-snippet:-1, max-image-preview:large, max-video-preview:-1\" \/>\n<link rel=\"canonical\" href=\"https:\/\/www.amerinet-gpo.com\/de\/datenschutzrichtlinie\/\" \/>\n<meta property=\"og:locale\" content=\"de_DE\" \/>\n<meta property=\"og:type\" content=\"article\" \/>\n<meta property=\"og:title\" content=\"Datenschutzrichtlinie - Amerinet GPO\" \/>\n<meta property=\"og:description\" content=\"Diese Datenschutzerkl\u00e4rung (die \u201eErkl\u00e4rung\u201c) gilt f\u00fcr Amerinet-GPO. Die Website www.amerinet-gpo.com (die \u201eSeite\u201c) ist Eigentum von Amerinet-GPO LLC. BITTE LESEN SIE DIE FOLGENDE&hellip;\" \/>\n<meta property=\"og:url\" content=\"https:\/\/www.amerinet-gpo.com\/de\/datenschutzrichtlinie\/\" \/>\n<meta property=\"og:site_name\" content=\"Amerinet GPO\" \/>\n<meta property=\"article:modified_time\" content=\"2025-11-05T13:20:21+00:00\" \/>\n<meta name=\"twitter:card\" content=\"summary_large_image\" \/>\n<meta name=\"twitter:label1\" content=\"Gesch\u00e4tzte Lesezeit\" \/>\n\t<meta name=\"twitter:data1\" content=\"4\u00a0Minuten\" \/>\n<script type=\"application\/ld+json\" class=\"yoast-schema-graph\">{\"@context\":\"https:\\\/\\\/schema.org\",\"@graph\":[{\"@type\":\"WebPage\",\"@id\":\"https:\\\/\\\/www.amerinet-gpo.com\\\/de\\\/datenschutzrichtlinie\\\/\",\"url\":\"https:\\\/\\\/www.amerinet-gpo.com\\\/de\\\/datenschutzrichtlinie\\\/\",\"name\":\"Datenschutzrichtlinie - Amerinet GPO\",\"isPartOf\":{\"@id\":\"https:\\\/\\\/www.amerinet-gpo.com\\\/#website\"},\"datePublished\":\"2020-10-18T12:34:13+00:00\",\"dateModified\":\"2025-11-05T13:20:21+00:00\",\"breadcrumb\":{\"@id\":\"https:\\\/\\\/www.amerinet-gpo.com\\\/de\\\/datenschutzrichtlinie\\\/#breadcrumb\"},\"inLanguage\":\"de\",\"potentialAction\":[{\"@type\":\"ReadAction\",\"target\":[\"https:\\\/\\\/www.amerinet-gpo.com\\\/de\\\/datenschutzrichtlinie\\\/\"]}]},{\"@type\":\"BreadcrumbList\",\"@id\":\"https:\\\/\\\/www.amerinet-gpo.com\\\/de\\\/datenschutzrichtlinie\\\/#breadcrumb\",\"itemListElement\":[{\"@type\":\"ListItem\",\"position\":1,\"name\":\"Home\",\"item\":\"https:\\\/\\\/www.amerinet-gpo.com\\\/de\\\/markenartiges-zuhause\\\/\"},{\"@type\":\"ListItem\",\"position\":2,\"name\":\"Datenschutzrichtlinie\"}]},{\"@type\":\"WebSite\",\"@id\":\"https:\\\/\\\/www.amerinet-gpo.com\\\/#website\",\"url\":\"https:\\\/\\\/www.amerinet-gpo.com\\\/\",\"name\":\"Amerinet GPO\",\"description\":\"Willkommen bei Amerinet GPO, dem E-Commerce f\u00fcr injizierbare Produkte f\u00fcr die \u00e4sthetische Medizin, einschlie\u00dflich Botox und Hautf\u00fcller\",\"publisher\":{\"@id\":\"https:\\\/\\\/www.amerinet-gpo.com\\\/#organization\"},\"potentialAction\":[{\"@type\":\"SearchAction\",\"target\":{\"@type\":\"EntryPoint\",\"urlTemplate\":\"https:\\\/\\\/www.amerinet-gpo.com\\\/?s={search_term_string}\"},\"query-input\":{\"@type\":\"PropertyValueSpecification\",\"valueRequired\":true,\"valueName\":\"search_term_string\"}}],\"inLanguage\":\"de\"},{\"@type\":\"Organization\",\"@id\":\"https:\\\/\\\/www.amerinet-gpo.com\\\/#organization\",\"name\":\"Amerinet GPO\",\"url\":\"https:\\\/\\\/www.amerinet-gpo.com\\\/\",\"logo\":{\"@type\":\"ImageObject\",\"inLanguage\":\"de\",\"@id\":\"https:\\\/\\\/www.amerinet-gpo.com\\\/#\\\/schema\\\/logo\\\/image\\\/\",\"url\":\"https:\\\/\\\/www.amerinet-gpo.com\\\/wp-content\\\/uploads\\\/2024\\\/03\\\/extendify-demo-logo.png\",\"contentUrl\":\"https:\\\/\\\/www.amerinet-gpo.com\\\/wp-content\\\/uploads\\\/2024\\\/03\\\/extendify-demo-logo.png\",\"width\":96,\"height\":97,\"caption\":\"Amerinet GPO\"},\"image\":{\"@id\":\"https:\\\/\\\/www.amerinet-gpo.com\\\/#\\\/schema\\\/logo\\\/image\\\/\"}}]}<\/script>\n<!-- \/ Yoast SEO plugin. -->","yoast_head_json":{"title":"Datenschutzrichtlinie - Amerinet GPO","robots":{"index":"index","follow":"follow","max-snippet":"max-snippet:-1","max-image-preview":"max-image-preview:large","max-video-preview":"max-video-preview:-1"},"canonical":"https:\/\/www.amerinet-gpo.com\/de\/datenschutzrichtlinie\/","og_locale":"de_DE","og_type":"article","og_title":"Datenschutzrichtlinie - Amerinet GPO","og_description":"Diese Datenschutzerkl\u00e4rung (die \u201eErkl\u00e4rung\u201c) gilt f\u00fcr Amerinet-GPO. Die Website www.amerinet-gpo.com (die \u201eSeite\u201c) ist Eigentum von Amerinet-GPO LLC. BITTE LESEN SIE DIE FOLGENDE&hellip;","og_url":"https:\/\/www.amerinet-gpo.com\/de\/datenschutzrichtlinie\/","og_site_name":"Amerinet GPO","article_modified_time":"2025-11-05T13:20:21+00:00","twitter_card":"summary_large_image","twitter_misc":{"Gesch\u00e4tzte Lesezeit":"4\u00a0Minuten"},"schema":{"@context":"https:\/\/schema.org","@graph":[{"@type":"WebPage","@id":"https:\/\/www.amerinet-gpo.com\/de\/datenschutzrichtlinie\/","url":"https:\/\/www.amerinet-gpo.com\/de\/datenschutzrichtlinie\/","name":"Datenschutzrichtlinie - Amerinet GPO","isPartOf":{"@id":"https:\/\/www.amerinet-gpo.com\/#website"},"datePublished":"2020-10-18T12:34:13+00:00","dateModified":"2025-11-05T13:20:21+00:00","breadcrumb":{"@id":"https:\/\/www.amerinet-gpo.com\/de\/datenschutzrichtlinie\/#breadcrumb"},"inLanguage":"de","potentialAction":[{"@type":"ReadAction","target":["https:\/\/www.amerinet-gpo.com\/de\/datenschutzrichtlinie\/"]}]},{"@type":"BreadcrumbList","@id":"https:\/\/www.amerinet-gpo.com\/de\/datenschutzrichtlinie\/#breadcrumb","itemListElement":[{"@type":"ListItem","position":1,"name":"Home","item":"https:\/\/www.amerinet-gpo.com\/de\/markenartiges-zuhause\/"},{"@type":"ListItem","position":2,"name":"Datenschutzrichtlinie"}]},{"@type":"WebSite","@id":"https:\/\/www.amerinet-gpo.com\/#website","url":"https:\/\/www.amerinet-gpo.com\/","name":"Amerinet GPO","description":"Willkommen bei Amerinet GPO, dem E-Commerce f\u00fcr injizierbare Produkte f\u00fcr die \u00e4sthetische Medizin, einschlie\u00dflich Botox und Hautf\u00fcller","publisher":{"@id":"https:\/\/www.amerinet-gpo.com\/#organization"},"potentialAction":[{"@type":"SearchAction","target":{"@type":"EntryPoint","urlTemplate":"https:\/\/www.amerinet-gpo.com\/?s={search_term_string}"},"query-input":{"@type":"PropertyValueSpecification","valueRequired":true,"valueName":"search_term_string"}}],"inLanguage":"de"},{"@type":"Organization","@id":"https:\/\/www.amerinet-gpo.com\/#organization","name":"Amerinet GPO","url":"https:\/\/www.amerinet-gpo.com\/","logo":{"@type":"ImageObject","inLanguage":"de","@id":"https:\/\/www.amerinet-gpo.com\/#\/schema\/logo\/image\/","url":"https:\/\/www.amerinet-gpo.com\/wp-content\/uploads\/2024\/03\/extendify-demo-logo.png","contentUrl":"https:\/\/www.amerinet-gpo.com\/wp-content\/uploads\/2024\/03\/extendify-demo-logo.png","width":96,"height":97,"caption":"Amerinet GPO"},"image":{"@id":"https:\/\/www.amerinet-gpo.com\/#\/schema\/logo\/image\/"}}]}},"_links":{"self":[{"href":"https:\/\/www.amerinet-gpo.com\/de\/wp-json\/wp\/v2\/pages\/8693","targetHints":{"allow":["GET"]}}],"collection":[{"href":"https:\/\/www.amerinet-gpo.com\/de\/wp-json\/wp\/v2\/pages"}],"about":[{"href":"https:\/\/www.amerinet-gpo.com\/de\/wp-json\/wp\/v2\/types\/page"}],"author":[{"embeddable":true,"href":"https:\/\/www.amerinet-gpo.com\/de\/wp-json\/wp\/v2\/users\/1"}],"replies":[{"embeddable":true,"href":"https:\/\/www.amerinet-gpo.com\/de\/wp-json\/wp\/v2\/comments?post=8693"}],"version-history":[{"count":6,"href":"https:\/\/www.amerinet-gpo.com\/de\/wp-json\/wp\/v2\/pages\/8693\/revisions"}],"predecessor-version":[{"id":8722,"href":"https:\/\/www.amerinet-gpo.com\/de\/wp-json\/wp\/v2\/pages\/8693\/revisions\/8722"}],"wp:attachment":[{"href":"https:\/\/www.amerinet-gpo.com\/de\/wp-json\/wp\/v2\/media?parent=8693"}],"curies":[{"name":"wp","href":"https:\/\/api.w.org\/{rel}","templated":true}]}}