{"id":7852,"date":"2025-11-05T11:33:34","date_gmt":"2025-11-05T11:33:34","guid":{"rendered":"https:\/\/www.amerinet-gpo.com\/terms-and-conditions\/"},"modified":"2025-11-05T11:37:00","modified_gmt":"2025-11-05T11:37:00","slug":"terms-and-conditions","status":"publish","type":"page","link":"https:\/\/www.amerinet-gpo.com\/de\/terms-and-conditions\/","title":{"rendered":"Gesch\u00e4ftsbedingungen"},"content":{"rendered":"<p>Diese Nutzungsbedingungen (die \u201e<b>Nutzungsbedingungen<\/b>\u201c) gelten f\u00fcr die Website von <b>Amerinet-GPO<\/b>. Die Website <code>www.amerinet-gpo.com<\/code> (die \u201e<b>Seite<\/b>\u201c) ist Eigentum von <b>Amerinet-GPO<\/b>. <b>BITTE LESEN SIE DIE FOLGENDEN NUTZUNGSBEDINGUNGEN SORGF\u00c4LTIG DURCH.<\/b> Ihr weiterer Zugriff auf die Seite und deren Nutzung gelten als Annahme der Nutzungsbedingungen. Wenn Sie die Nutzungsbedingungen nicht akzeptieren, nutzen Sie die Seite bitte nicht weiter. Amerinet-GPO beh\u00e4lt sich das Recht vor, Teile dieser Nutzungsbedingungen jederzeit zu \u00e4ndern, zu modifizieren, hinzuzuf\u00fcgen oder zu entfernen. Es liegt in Ihrer Verantwortung, diese Nutzungsbedingungen regelm\u00e4\u00dfig auf \u00c4nderungen zu \u00fcberpr\u00fcfen. Ihre fortgesetzte Nutzung der Seite nach der Ver\u00f6ffentlichung von \u00c4nderungen bedeutet, dass Sie die \u00c4nderungen akzeptieren und ihnen zustimmen.<\/p>\n<p><b>BITTE BEACHTEN SIE, DASS DIESE NUTZUNGSBEDINGUNGEN NUR DIE NUTZUNG DER SEITE REGELN UND KEIN ERSATZ F\u00dcR ETWAIGE KUNDENVEREINBARUNGEN SIND, DIE SIE MIT AMERINET-GPO ABSCHLIESSEN.<\/b><\/p>\n<h3>1. Betrieb und Leistungsumfang<\/h3>\n<p>Die Seite wird von <b>Amerinet-GPO<\/b> betrieben. Unser Ziel ist es, Ihnen eine effiziente und schnelle Bearbeitung von Anfragen f\u00fcr professionelle Produktbestellungen zu erm\u00f6glichen. Amerinet-GPO <b>ist keine Apotheke<\/b>, arbeitet jedoch mit ordnungsgem\u00e4\u00df lizenzierten Apotheken und Ausgabestellen in vielen Gerichtsbarkeiten (einschlie\u00dflich, aber nicht beschr\u00e4nkt auf die <b>Vereinigten Staaten<\/b> und weltweit) zusammen, um Kundenanfragen nach zug\u00e4nglichen Medikamenten und professionellen Produkten zu erf\u00fcllen. <b>Amerinet-GPO verkauft Produkte ausschlie\u00dflich an autorisierte Kunden mit einer medizinischen Lizenz, die unser Kontoer\u00f6ffnungsformular ausgef\u00fcllt haben.<\/b><\/p>\n<h3>2. Bereitgestellte Informationen<\/h3>\n<p>Alle Informationen, die auf der Seite oder von unserem Vertriebsmitarbeiter (Sales Representative) bereitgestellt werden, dienen <b>ausschlie\u00dflich zu Informationszwecken<\/b> und sollten nicht als spezifische Beratung betrachtet werden. Bitte stellen Sie immer sicher, dass Sie einen Arzt f\u00fcr medizinische Beratung, Diagnose und Behandlung konsultiert haben \u2013 <b>Informationen auf der Seite d\u00fcrfen nicht zu diesem Zweck herangezogen werden.<\/b> Amerinet-GPO kann jederzeit und ohne vorherige Ank\u00fcndigung \u00c4nderungen an den auf der Seite angebotenen Produkten oder Dienstleistungen oder den geltenden Preisen f\u00fcr diese Produkte oder Dienstleistungen vornehmen.<\/p>\n<h3>3. Datenerfassung und Kontoer\u00f6ffnung<\/h3>\n<p>Im Rahmen des Bestellprozesses m\u00fcssen alle Kunden eine Kundenvereinbarung abschlie\u00dfen, um ihr Kundenkonto einzurichten. Zu diesem Zweck verlangt Amerinet-GPO, dass der Kunde ein <b>Kontoer\u00f6ffnungsformular<\/b> ausf\u00fcllt. Amerinet-GPO beh\u00e4lt sich das Recht vor, den Inhalt des Kontoer\u00f6ffnungsformulars festzulegen und diesen jederzeit zu \u00e4ndern.<\/p>\n<h3>4. Untersagte Transaktionen und Einhaltung von Gesetzen<\/h3>\n<p>Die Bereitstellung von Produkten, Dienstleistungen oder Informationen auf der Seite stellt kein Angebot zum Verkauf dieser Produkte oder Dienstleistungen dar, sondern weist darauf hin, dass diese Produkte oder Dienstleistungen <b>f\u00fcr geeignete Kunden im Rahmen einer Vereinbarung mit Amerinet-GPO zum Verkauf verf\u00fcgbar sind.<\/b> Die Nutzungsbedingungen, die f\u00fcr ein Produkt oder eine Dienstleistung gelten, werden zum Zeitpunkt des Verkaufs festgelegt. Amerinet-GPO beh\u00e4lt sich das Recht vor, die <b>Anfrage eines Kunden nach Produkten oder Dienstleistungen abzulehnen<\/b>, auch wenn die Bewerbung der Produkte oder Dienstleistungen oder deren Verkaufsanzeige als ungesetzlich angesehen werden k\u00f6nnte. Alle Kunden, die die Seite nutzen, sind <b>daf\u00fcr verantwortlich, die Einhaltung der geltenden Gesetze<\/b> sicherzustellen, einschlie\u00dflich, aber nicht beschr\u00e4nkt auf Einfuhrgesetze, Beschr\u00e4nkungen und Vorschriften, die in ihrer Gerichtsbarkeit durchgesetzt werden.<\/p>\n<h3>5. Konten, Passw\u00f6rter und Sicherheit<\/h3>\n<p>Jeder Kunde ist allein verantwortlich f\u00fcr die Wahrung der <b>Vertraulichkeit<\/b> der Informationen, die er f\u00fcr sein Konto besitzt, einschlie\u00dflich seines Passworts, und f\u00fcr jegliche Aktivit\u00e4ten, die unter seinem Konto aufgrund der Nichteinhaltung der Sicherheit und Vertraulichkeit dieser Informationen erfolgen. Sie stimmen zu, Amerinet-GPO unverz\u00fcglich \u00fcber jede unbefugte Nutzung Ihres Kontos oder Passworts oder jede andere Sicherheitsverletzung zu informieren.<\/p>\n<h3>6. Zoll, Z\u00f6lle und Steuern<\/h3>\n<p>Bei der Bestellung \u00fcber die Seite sind Sie <b>daf\u00fcr verantwortlich, sicherzustellen, dass das Produkt legal in das Zielland eingef\u00fchrt werden kann<\/b>. Der Empf\u00e4nger ist der registrierte Importeur und muss alle Gesetze und Vorschriften des Bestimmungsortes einhalten. Bestellungen k\u00f6nnen Einfuhrsteuern, Z\u00f6lle und Geb\u00fchren unterliegen, die vom Zielland erhoben werden. Der Empf\u00e4nger einer internationalen Sendung kann solchen Einfuhrsteuern, Z\u00f6llen und Geb\u00fchren unterliegen, die erhoben werden, sobald eine Sendung das Land des Empf\u00e4ngers erreicht. <b>Zus\u00e4tzliche Kosten f\u00fcr die Zollabfertigung m\u00fcssen vom Empf\u00e4nger getragen werden; Amerinet-GPO hat keine Kontrolle \u00fcber diese Geb\u00fchren.<\/b><\/p>\n<h3>7. Preisgarantie-Richtlinie (Price Match Policy)<\/h3>\n<p>Bei Amerinet-GPO sch\u00e4tzen wir langfristige Beziehungen und sind stolz darauf, unseren Kunden Loyalit\u00e4t zu zeigen, indem wir eine <b>Preisgleichheitsoption (Price Match)<\/b> anbieten. Wir verstehen die Bedeutung fairer Preise auf dem heutigen wettbewerbsintensiven Markt und bem\u00fchen uns sicherzustellen, dass Sie beim Einkauf bei uns stets den besten Wert erhalten. Obwohl wir bei jeder Anfrage einen individuellen Ansatz verfolgen, sind <b>drei Schl\u00fcsselbedingungen<\/b> zu beachten:<\/p>\n<ol start=\"1\">\n<li>Die Rechnung darf nicht \u00e4lter als <b>2 Monate<\/b> sein;<\/li>\n<li>Es muss sich um eine <b>g\u00fcltige, \u00fcberpr\u00fcfbare Rechnung<\/b> eines anderen Lieferanten handeln;<\/li>\n<li>Die Rechnung <b>darf keinen Erstbestellungsrabatt oder Treuepunkte enthalten<\/b>.<\/li>\n<\/ol>\n<p>Wenn Sie diese Kriterien erf\u00fcllen und das gleiche Produkt anderswo g\u00fcnstiger gekauft haben, wenden Sie sich einfach an uns \u2013 wir werden unser Bestes tun, um den Preis anzugleichen.<\/p>\n<h3>8. Versand und Verpackung<\/h3>\n<p>Bestellungen werden am <b>n\u00e4chsten Tag nach Zahlungseingang<\/b> versandt. Die ungef\u00e4hre Lieferzeit betr\u00e4gt <b>3-5 Werktage<\/b> und variiert je nach Lagerstandort und Lieferunternehmen. <b>Amerinet-GPO ist nicht verantwortlich f\u00fcr Lieferverz\u00f6gerungen, die durch das Lieferunternehmen, Importverfahren und den Kunden selbst verursacht werden.<\/b><\/p>\n<p>Amerinet-GPO bietet eine hervorragende Kundenerfahrung bei der Verpackung. Einige Produkte erfordern eine spezielle Verpackung, die von Amerinet-GPO bereitgestellt wird. Aufgrund der Art des Produkts ist <b>Amerinet-GPO nicht verantwortlich f\u00fcr die Produktqualit\u00e4t, die durch eine Lieferverz\u00f6gerung verursacht wurde, die nicht von Amerinet-GPO selbst verschuldet wurde.<\/b> Amerinet-GPO <b>nimmt keine R\u00fccksendungen bestimmter Produkte an, da diese ihre wichtigen Eigenschaften verlieren<\/b> k\u00f6nnen, wenn sie durch Versand oder Verz\u00f6gerungen beeintr\u00e4chtigt werden.<\/p>\n<hr \/>\n<h3>9. Gew\u00e4hrleistungsausschluss (Disclaimer)<\/h3>\n<p>Die Seite wird \u201e<b>wie besehen, nach Verf\u00fcgbarkeit<\/b>\u201c (\u201eas-is, as-available\u201c) bereitgestellt, und Amerinet-GPO garantiert nicht, dass die Seite oder deren Inhalte, Dienstleistungen oder Funktionen fehlerfrei oder ununterbrochen sind, dass M\u00e4ngel behoben werden oder dass die Nutzung der Seite spezielle Ergebnisse liefert. Alle Informationen auf der Seite k\u00f6nnen ohne Vorank\u00fcndigung ge\u00e4ndert werden.<\/p>\n<p>Amerinet-GPO ergreift angemessene Ma\u00dfnahmen, um die Seite zu sch\u00fctzen und Ihre Anfragen \u00fcber Ihr Kundenkonto und\/oder \u00fcber unsere geb\u00fchrenfreie Telefonnummer und geb\u00fchrenfreie Faxnummer bearbeiten zu k\u00f6nnen. <b>AMERINET-GPO \u00dcBERNIMMT KEINE ZUSICHERUNGEN ODER GEW\u00c4HRLEISTUNGEN, WEDER AUSDR\u00dcCKLICH NOCH STILLSCHWEIGEND, IN BEZUG AUF DIE SEITE UND SCHLIESST INSBESONDERE DIE STILLSCHWEIGENDEN GEW\u00c4HRLEISTUNGEN DER MARKTG\u00c4NGIGKEIT UND EIGNUNG F\u00dcR EINEN BESTIMMTEN ZWECK, N\u00dcTZLICHKEIT, NICHTVERLETZUNG, VOLLST\u00c4NDIGKEIT, GENAUIGKEIT UND ZUVERL\u00c4SSIGKEIT AUS.<\/b> Alle mit der Nutzung der Seite verbundenen Risiken sind ausschlie\u00dflich von Ihnen zu tragen.<\/p>\n<p><b>IN KEINEM FALL HAFTET AMERINET-GPO F\u00dcR DIREKTE, INDIREKTE, ZUF\u00c4LLIGE ODER FOLGESCH\u00c4DEN, DIE SICH AUS DER NUTZUNG ODER DER UNM\u00d6GLICHKEIT DER NUTZUNG DER SEITE, F\u00dcR UNTERBROCHENEN SERVICE ODER F\u00dcR SCH\u00c4DEN, DIE AN COMPUTERSYSTEMEN UND ANDERWEITIG DURCH DIE NUTZUNG DER SEITE ENTSTEHEN, ERGEBEN.<\/b><\/p>\n<h3>10. Geistiges Eigentum<\/h3>\n<p>Alle Marken und Inhalte der Seite werden von Amerinet-GPO unter Lizenz verwendet und d\u00fcrfen in keiner Weise, ganz oder teilweise, kopiert oder reproduziert werden.<\/p>\n<h3>11. Links<\/h3>\n<p>Amerinet-GPO kann Links zu anderen Websites Dritter bereitstellen und ist nicht verantwortlich f\u00fcr den Inhalt, die Richtigkeit oder die Meinungen, die auf solchen Websites Dritter ge\u00e4u\u00dfert werden, und diese Websites werden von uns nicht auf Richtigkeit oder Vollst\u00e4ndigkeit untersucht, \u00fcberwacht oder \u00fcberpr\u00fcft. Die Aufnahme einer verlinkten Website auf der Seite impliziert keine Genehmigung oder Billigung der verlinkten Websites durch uns. Wenn Sie sich entscheiden, die Seite zu verlassen und auf diese Websites Dritter zuzugreifen, tun Sie dies auf eigenes Risiko.<\/p>\n<h3>12. K\u00fcndigung des Kundenkontos<\/h3>\n<p>Amerinet-GPO beh\u00e4lt sich das Recht vor, <b>Ihr Kundenkonto<\/b> nach eigenem Ermessen zu <b>k\u00fcndigen<\/b>.<\/p>\n<h3>13. Salvatorische Klausel<\/h3>\n<p>Sollte eine Bestimmung dieser Nutzungsbedingungen in einer bestimmten Gerichtsbarkeit als ung\u00fcltig oder nicht durchsetzbar befunden werden, so ist diese Bestimmung in dieser Gerichtsbarkeit nur in dem Umfang ihrer Ung\u00fcltigkeit oder Nichtdurchsetzbarkeit unwirksam und wird vom Rest dieses Dokuments <b>abgetrennt<\/b>, ohne die \u00fcbrigen Bestimmungen, die in vollem Umfang in Kraft bleiben, ung\u00fcltig zu machen oder zu beeintr\u00e4chtigen.<\/p>\n<h3>14. Gesamte Vereinbarung<\/h3>\n<p>Die Nutzungsbedingungen stellen eine <b>rechtsverbindliche Vereinbarung<\/b> mit Amerinet-GPO in Bezug auf die hierin behandelten Angelegenheiten dar.<\/p>\n<h3>15. Vollj\u00e4hrigkeit<\/h3>\n<p>Um die Seite nutzen und ein Kundenkonto einrichten zu k\u00f6nnen, m\u00fcssen alle Benutzer in der jeweiligen Gerichtsbarkeit <b>vollj\u00e4hrig<\/b> sein und die erforderliche Lizenz zum Kauf der auf dieser Seite angebotenen Produkte besitzen.<\/p>\n","protected":false},"excerpt":{"rendered":"<p>Diese Nutzungsbedingungen (die \u201eNutzungsbedingungen\u201c) gelten f\u00fcr die Website von Amerinet-GPO. Die Website www.amerinet-gpo.com (die \u201eSeite\u201c) ist Eigentum von Amerinet-GPO. BITTE LESEN SIE&hellip;<\/p>\n","protected":false},"author":1,"featured_media":0,"parent":0,"menu_order":0,"comment_status":"closed","ping_status":"closed","template":"","meta":{"footnotes":""},"class_list":["post-7852","page","type-page","status-publish","hentry"],"yoast_head":"<!-- This site is optimized with the Yoast SEO plugin v27.5 - https:\/\/yoast.com\/product\/yoast-seo-wordpress\/ -->\n<title>Gesch\u00e4ftsbedingungen - Amerinet GPO<\/title>\n<meta name=\"robots\" content=\"index, follow, max-snippet:-1, max-image-preview:large, max-video-preview:-1\" \/>\n<link rel=\"canonical\" href=\"https:\/\/www.amerinet-gpo.com\/de\/terms-and-conditions\/\" \/>\n<meta property=\"og:locale\" content=\"de_DE\" \/>\n<meta property=\"og:type\" content=\"article\" \/>\n<meta property=\"og:title\" content=\"Gesch\u00e4ftsbedingungen - Amerinet GPO\" \/>\n<meta property=\"og:description\" content=\"Diese Nutzungsbedingungen (die \u201eNutzungsbedingungen\u201c) gelten f\u00fcr die Website von Amerinet-GPO. Die Website www.amerinet-gpo.com (die \u201eSeite\u201c) ist Eigentum von Amerinet-GPO. BITTE LESEN SIE&hellip;\" \/>\n<meta property=\"og:url\" content=\"https:\/\/www.amerinet-gpo.com\/de\/terms-and-conditions\/\" \/>\n<meta property=\"og:site_name\" content=\"Amerinet GPO\" \/>\n<meta property=\"article:modified_time\" content=\"2025-11-05T11:37:00+00:00\" \/>\n<meta name=\"twitter:card\" content=\"summary_large_image\" \/>\n<meta name=\"twitter:label1\" content=\"Gesch\u00e4tzte Lesezeit\" \/>\n\t<meta name=\"twitter:data1\" content=\"6\u00a0Minuten\" \/>\n<script type=\"application\/ld+json\" class=\"yoast-schema-graph\">{\"@context\":\"https:\\\/\\\/schema.org\",\"@graph\":[{\"@type\":\"WebPage\",\"@id\":\"https:\\\/\\\/www.amerinet-gpo.com\\\/de\\\/terms-and-conditions\\\/\",\"url\":\"https:\\\/\\\/www.amerinet-gpo.com\\\/de\\\/terms-and-conditions\\\/\",\"name\":\"Gesch\u00e4ftsbedingungen - Amerinet GPO\",\"isPartOf\":{\"@id\":\"https:\\\/\\\/www.amerinet-gpo.com\\\/#website\"},\"datePublished\":\"2025-11-05T11:33:34+00:00\",\"dateModified\":\"2025-11-05T11:37:00+00:00\",\"breadcrumb\":{\"@id\":\"https:\\\/\\\/www.amerinet-gpo.com\\\/de\\\/terms-and-conditions\\\/#breadcrumb\"},\"inLanguage\":\"de\",\"potentialAction\":[{\"@type\":\"ReadAction\",\"target\":[\"https:\\\/\\\/www.amerinet-gpo.com\\\/de\\\/terms-and-conditions\\\/\"]}]},{\"@type\":\"BreadcrumbList\",\"@id\":\"https:\\\/\\\/www.amerinet-gpo.com\\\/de\\\/terms-and-conditions\\\/#breadcrumb\",\"itemListElement\":[{\"@type\":\"ListItem\",\"position\":1,\"name\":\"Home\",\"item\":\"https:\\\/\\\/www.amerinet-gpo.com\\\/de\\\/markenartiges-zuhause\\\/\"},{\"@type\":\"ListItem\",\"position\":2,\"name\":\"Gesch\u00e4ftsbedingungen\"}]},{\"@type\":\"WebSite\",\"@id\":\"https:\\\/\\\/www.amerinet-gpo.com\\\/#website\",\"url\":\"https:\\\/\\\/www.amerinet-gpo.com\\\/\",\"name\":\"Amerinet GPO\",\"description\":\"Willkommen bei Amerinet GPO, dem E-Commerce f\u00fcr injizierbare Produkte f\u00fcr die \u00e4sthetische Medizin, einschlie\u00dflich Botox und Hautf\u00fcller\",\"publisher\":{\"@id\":\"https:\\\/\\\/www.amerinet-gpo.com\\\/#organization\"},\"potentialAction\":[{\"@type\":\"SearchAction\",\"target\":{\"@type\":\"EntryPoint\",\"urlTemplate\":\"https:\\\/\\\/www.amerinet-gpo.com\\\/?s={search_term_string}\"},\"query-input\":{\"@type\":\"PropertyValueSpecification\",\"valueRequired\":true,\"valueName\":\"search_term_string\"}}],\"inLanguage\":\"de\"},{\"@type\":\"Organization\",\"@id\":\"https:\\\/\\\/www.amerinet-gpo.com\\\/#organization\",\"name\":\"Amerinet GPO\",\"url\":\"https:\\\/\\\/www.amerinet-gpo.com\\\/\",\"logo\":{\"@type\":\"ImageObject\",\"inLanguage\":\"de\",\"@id\":\"https:\\\/\\\/www.amerinet-gpo.com\\\/#\\\/schema\\\/logo\\\/image\\\/\",\"url\":\"https:\\\/\\\/www.amerinet-gpo.com\\\/wp-content\\\/uploads\\\/2024\\\/03\\\/extendify-demo-logo.png\",\"contentUrl\":\"https:\\\/\\\/www.amerinet-gpo.com\\\/wp-content\\\/uploads\\\/2024\\\/03\\\/extendify-demo-logo.png\",\"width\":96,\"height\":97,\"caption\":\"Amerinet GPO\"},\"image\":{\"@id\":\"https:\\\/\\\/www.amerinet-gpo.com\\\/#\\\/schema\\\/logo\\\/image\\\/\"}}]}<\/script>\n<!-- \/ Yoast SEO plugin. -->","yoast_head_json":{"title":"Gesch\u00e4ftsbedingungen - Amerinet GPO","robots":{"index":"index","follow":"follow","max-snippet":"max-snippet:-1","max-image-preview":"max-image-preview:large","max-video-preview":"max-video-preview:-1"},"canonical":"https:\/\/www.amerinet-gpo.com\/de\/terms-and-conditions\/","og_locale":"de_DE","og_type":"article","og_title":"Gesch\u00e4ftsbedingungen - Amerinet GPO","og_description":"Diese Nutzungsbedingungen (die \u201eNutzungsbedingungen\u201c) gelten f\u00fcr die Website von Amerinet-GPO. Die Website www.amerinet-gpo.com (die \u201eSeite\u201c) ist Eigentum von Amerinet-GPO. BITTE LESEN SIE&hellip;","og_url":"https:\/\/www.amerinet-gpo.com\/de\/terms-and-conditions\/","og_site_name":"Amerinet GPO","article_modified_time":"2025-11-05T11:37:00+00:00","twitter_card":"summary_large_image","twitter_misc":{"Gesch\u00e4tzte Lesezeit":"6\u00a0Minuten"},"schema":{"@context":"https:\/\/schema.org","@graph":[{"@type":"WebPage","@id":"https:\/\/www.amerinet-gpo.com\/de\/terms-and-conditions\/","url":"https:\/\/www.amerinet-gpo.com\/de\/terms-and-conditions\/","name":"Gesch\u00e4ftsbedingungen - Amerinet GPO","isPartOf":{"@id":"https:\/\/www.amerinet-gpo.com\/#website"},"datePublished":"2025-11-05T11:33:34+00:00","dateModified":"2025-11-05T11:37:00+00:00","breadcrumb":{"@id":"https:\/\/www.amerinet-gpo.com\/de\/terms-and-conditions\/#breadcrumb"},"inLanguage":"de","potentialAction":[{"@type":"ReadAction","target":["https:\/\/www.amerinet-gpo.com\/de\/terms-and-conditions\/"]}]},{"@type":"BreadcrumbList","@id":"https:\/\/www.amerinet-gpo.com\/de\/terms-and-conditions\/#breadcrumb","itemListElement":[{"@type":"ListItem","position":1,"name":"Home","item":"https:\/\/www.amerinet-gpo.com\/de\/markenartiges-zuhause\/"},{"@type":"ListItem","position":2,"name":"Gesch\u00e4ftsbedingungen"}]},{"@type":"WebSite","@id":"https:\/\/www.amerinet-gpo.com\/#website","url":"https:\/\/www.amerinet-gpo.com\/","name":"Amerinet GPO","description":"Willkommen bei Amerinet GPO, dem E-Commerce f\u00fcr injizierbare Produkte f\u00fcr die \u00e4sthetische Medizin, einschlie\u00dflich Botox und Hautf\u00fcller","publisher":{"@id":"https:\/\/www.amerinet-gpo.com\/#organization"},"potentialAction":[{"@type":"SearchAction","target":{"@type":"EntryPoint","urlTemplate":"https:\/\/www.amerinet-gpo.com\/?s={search_term_string}"},"query-input":{"@type":"PropertyValueSpecification","valueRequired":true,"valueName":"search_term_string"}}],"inLanguage":"de"},{"@type":"Organization","@id":"https:\/\/www.amerinet-gpo.com\/#organization","name":"Amerinet GPO","url":"https:\/\/www.amerinet-gpo.com\/","logo":{"@type":"ImageObject","inLanguage":"de","@id":"https:\/\/www.amerinet-gpo.com\/#\/schema\/logo\/image\/","url":"https:\/\/www.amerinet-gpo.com\/wp-content\/uploads\/2024\/03\/extendify-demo-logo.png","contentUrl":"https:\/\/www.amerinet-gpo.com\/wp-content\/uploads\/2024\/03\/extendify-demo-logo.png","width":96,"height":97,"caption":"Amerinet GPO"},"image":{"@id":"https:\/\/www.amerinet-gpo.com\/#\/schema\/logo\/image\/"}}]}},"_links":{"self":[{"href":"https:\/\/www.amerinet-gpo.com\/de\/wp-json\/wp\/v2\/pages\/7852","targetHints":{"allow":["GET"]}}],"collection":[{"href":"https:\/\/www.amerinet-gpo.com\/de\/wp-json\/wp\/v2\/pages"}],"about":[{"href":"https:\/\/www.amerinet-gpo.com\/de\/wp-json\/wp\/v2\/types\/page"}],"author":[{"embeddable":true,"href":"https:\/\/www.amerinet-gpo.com\/de\/wp-json\/wp\/v2\/users\/1"}],"replies":[{"embeddable":true,"href":"https:\/\/www.amerinet-gpo.com\/de\/wp-json\/wp\/v2\/comments?post=7852"}],"version-history":[{"count":1,"href":"https:\/\/www.amerinet-gpo.com\/de\/wp-json\/wp\/v2\/pages\/7852\/revisions"}],"predecessor-version":[{"id":7856,"href":"https:\/\/www.amerinet-gpo.com\/de\/wp-json\/wp\/v2\/pages\/7852\/revisions\/7856"}],"wp:attachment":[{"href":"https:\/\/www.amerinet-gpo.com\/de\/wp-json\/wp\/v2\/media?parent=7852"}],"curies":[{"name":"wp","href":"https:\/\/api.w.org\/{rel}","templated":true}]}}