{"id":7115,"date":"2020-10-18T13:07:58","date_gmt":"2020-10-18T13:07:58","guid":{"rendered":"https:\/\/www.amerinet-gpo.com\/ueber-uns\/"},"modified":"2026-02-10T04:10:52","modified_gmt":"2026-02-10T04:10:52","slug":"wer-wir-sind","status":"publish","type":"page","link":"https:\/\/www.amerinet-gpo.com\/de\/wer-wir-sind\/","title":{"rendered":"\u00dcber uns"},"content":{"rendered":"\t\t<div data-elementor-type=\"wp-page\" data-elementor-id=\"7115\" class=\"elementor elementor-7115 elementor-3049\">\n\t\t\t\t\t\t<section class=\"elementor-section elementor-top-section elementor-element elementor-element-ae248c4 elementor-section-full_width elementor-section-height-default elementor-section-height-default\" data-id=\"ae248c4\" data-element_type=\"section\" data-e-type=\"section\">\n\t\t\t\t\t\t<div class=\"elementor-container elementor-column-gap-no\">\n\t\t\t\t\t<div class=\"elementor-column elementor-col-100 elementor-top-column elementor-element elementor-element-6b92c4e\" data-id=\"6b92c4e\" data-element_type=\"column\" data-e-type=\"column\">\n\t\t\t<div class=\"elementor-widget-wrap elementor-element-populated\">\n\t\t\t\t\t\t<div class=\"elementor-element elementor-element-b369bce elementor-widget elementor-widget-ideapark-page-header\" data-id=\"b369bce\" data-element_type=\"widget\" data-e-type=\"widget\" data-widget_type=\"ideapark-page-header.default\">\n\t\t\t\t<div class=\"elementor-widget-container\">\n\t\t\t\t\t\t<header\n\t\tclass=\"l-section c-page-header c-page-header--header-type-4 c-page-header--default\n c-page-header--low\"\n\t\t>\n\n\t\t\t\t\t<div class=\"c-page-header__wrap\">\n\t\t\t\t\t\t\t\t\t<h1 class=\"c-page-header__title\">\u00dcber uns<\/h1>\n\t\t\t\t\t\t\t<\/div>\n\t\t\t\t<nav aria-label=\"breadcrumbs\" class=\"c-breadcrumbs c-breadcrumbs--yoast\"><ol class=\"c-breadcrumbs__list\"><li class=\"c-breadcrumbs__item c-breadcrumbs__item--wc\"><span><span><a href=\"https:\/\/www.amerinet-gpo.com\/de\/markenartiges-zuhause\/\">Home<\/a><\/span><\/span><\/li><\/ol><\/nav>\t<\/header>\n\t\t\t\t<\/div>\n\t\t\t\t<\/div>\n\t\t\t\t\t<\/div>\n\t\t<\/div>\n\t\t\t\t\t<\/div>\n\t\t<\/section>\n\t\t<div class=\"elementor-element elementor-element-4575229 e-flex e-con-boxed e-con e-parent\" data-id=\"4575229\" data-element_type=\"container\" data-e-type=\"container\">\n\t\t\t\t\t<div class=\"e-con-inner\">\n\t\t\t\t<div class=\"elementor-element elementor-element-76ed5b7 elementor-widget elementor-widget-text-editor\" data-id=\"76ed5b7\" data-element_type=\"widget\" data-e-type=\"widget\" data-widget_type=\"text-editor.default\">\n\t\t\t\t<div class=\"elementor-widget-container\">\n\t\t\t\t\t\t\t\t\t<h3 data-path-to-node=\"3\">Unser Verm\u00e4chtnis: Vom Krankenhaus-GPO zum spezialisierten Vertrieb<\/h3><p data-path-to-node=\"4\"><b data-path-to-node=\"4\" data-index-in-node=\"0\">Amerinet-GPO<\/b> kann auf eine 25-j\u00e4hrige Erfahrung im Bereich Beschaffung und Supply Chain Management im Gesundheitswesen zur\u00fcckblicken. Aufbauend auf einer langj\u00e4hrigen Erfahrung in der professionellen Beschaffung f\u00fcr Krankenh\u00e4user hat sich unser Unternehmen weiterentwickelt, um die anspruchsvollen Anforderungen des modernen medizinischen und wissenschaftlichen Sektors zu erf\u00fcllen. <\/p><p data-path-to-node=\"5\">Heute nutzen wir unsere jahrzehntelange Erfahrung, um zwei Hauptbereiche zu bedienen: <b data-path-to-node=\"5\" data-index-in-node=\"76\">Advanced Medical Aesthetics<\/b> und <b data-path-to-node=\"5\" data-index-in-node=\"108\">Scientific Research Biochemistry<\/b>. Damit schlie\u00dfen wir die L\u00fccke zwischen der pharmazeutischen Produktion und der globalen Fachwelt.<\/p><h3 data-path-to-node=\"6\">Medizinische Aufsicht &amp; Klinische Standards<\/h3><p data-path-to-node=\"7\">Um ein H\u00f6chstma\u00df an Integrit\u00e4t zu gew\u00e4hrleisten, arbeitet Amerinet-GPO unter der professionellen Aufsicht von <b data-path-to-node=\"7\" data-index-in-node=\"105\"><a href=\"https:\/\/www.linkedin.com\/in\/silvia-f-garcia-md-60788a143\">Dr. Garcia<\/a>, MD<\/b>, unserem leitenden medizinischen Berater und Spezialisten f\u00fcr <b data-path-to-node=\"7\" data-index-in-node=\"167\">klinische Dermatologie<\/b>.<\/p><p data-path-to-node=\"8\">Dr. Garcia verf\u00fcgt \u00fcber umfangreiche Erfahrungen mit dermo-kosmetischen Anwendungen und spezialisierten medizinischen L\u00f6sungen und beaufsichtigt unseren Produktauswahlprozess und unsere Qualit\u00e4tssicherungsprotokolle. Diese klinische Kontrolle stellt sicher, dass jede L\u00f6sung in unserem Katalog &#8211; von Neuromodulatoren bis hin zu biochemischen Reagenzien &#8211; die strengen Sicherheits- und Wirksamkeitsanforderungen von zugelassenen \u00c4rzten und Gesundheitseinrichtungen weltweit erf\u00fcllt. <\/p><h3 data-path-to-node=\"9\">Der Amerinet Standard: Qualit\u00e4t, Compliance und Vertrauen<\/h3><p data-path-to-node=\"10\">In einem globalisierten Markt ist Authentizit\u00e4t unsere zentrale Verpflichtung. Wir sichern die Standards der Berufsfelder, die wir bedienen, durch drei grundlegende S\u00e4ulen: <\/p><ul data-path-to-node=\"11\"><li><p data-path-to-node=\"11,0,0\"><b data-path-to-node=\"11,0,0\" data-index-in-node=\"0\">Gepr\u00fcfte Beschaffung:<\/b> Jeder Artikel in unserem Katalog wird ausschlie\u00dflich von autorisierten Herstellern oder pharmazeutischen Labors bezogen, um Herkunft und Qualit\u00e4t zu gew\u00e4hrleisten.<\/p><\/li><li><p data-path-to-node=\"11,1,0\"><b data-path-to-node=\"11,1,0\" data-index-in-node=\"0\">Integrit\u00e4t in der Logistik (GDP):<\/b> Wir halten uns streng an die <b data-path-to-node=\"11,1,0\" data-index-in-node=\"49\">Good Distribution Practices (GDP)<\/b>. Unser logistischer Rahmen ist f\u00fcr den Umgang mit sensiblen professionellen Lieferungen ausgelegt und gew\u00e4hrleistet, dass die klimatisierten Protokolle von unseren Einrichtungen bis zu Ihren Gesch\u00e4ftsr\u00e4umen eingehalten werden. <\/p><\/li><li><p data-path-to-node=\"11,2,0\"><b data-path-to-node=\"11,2,0\" data-index-in-node=\"0\">Analytische Verifizierung:<\/b> Unsere Forschungsabteilung wendet strenge Testprotokolle an, einschlie\u00dflich <b data-path-to-node=\"11,2,0\" data-index-in-node=\"96\">HPLC (High-Performance Liquid Chromatography)<\/b> und <b data-path-to-node=\"11,2,0\" data-index-in-node=\"146\">Massenspektrometrie (MS)<\/b>, um den h\u00f6chsten Reinheitsgrad f\u00fcr alle biochemischen Reagenzien und Laborverbindungen zu gew\u00e4hrleisten.<\/p><\/li><li><p data-path-to-node=\"11,3,0\"><b data-path-to-node=\"11,3,0\" data-index-in-node=\"0\">Transparenz im Gro\u00dfhandel:<\/b> Wir arbeiten mit einem <b data-path-to-node=\"11,3,0\" data-index-in-node=\"37\">B2B-exklusiven Preismodell<\/b>. Die Preise werden angezeigt, um die logistische Koordination und die Beschaffungseffizienz f\u00fcr verifizierte medizinische und Forschungseinrichtungen zu erleichtern. <\/p><\/li><\/ul><h3 data-path-to-node=\"12\">Globale Governance &amp; Operative Zentren<\/h3><p data-path-to-node=\"13\">Amerinet-GPO bedient die Fachwelt durch eine sichere, geschlossene Lieferkette. W\u00e4hrend sich unsere <b data-path-to-node=\"13\" data-index-in-node=\"101\">Unternehmenszentrale<\/b> im finanziellen Herzen von <b data-path-to-node=\"13\" data-index-in-node=\"162\">Miami, Florida,<\/b> befindet, liegt unsere operative St\u00e4rke in unserer strategischen Pr\u00e4senz in <b data-path-to-node=\"13\" data-index-in-node=\"237\">S\u00fcdkorea<\/b>, einem weltweit f\u00fchrenden Unternehmen f\u00fcr dermo-\u00e4sthetische Innovationen. <\/p><p data-path-to-node=\"14\">Amerinet-GPO operiert innerhalb des fortschrittlichen medizintechnischen Rahmens S\u00fcdkoreas und erleichtert durch ein optimiertes Vertriebsmodell den direkten Zugang zu den neuesten Innovationen. Durch den direkten Versand von unseren s\u00fcdkoreanischen Partnereinrichtungen an Ihre klinischen Einrichtungen stellen wir sicher: <\/p><ol start=\"1\" data-path-to-node=\"15\"><li><p data-path-to-node=\"15,0,0\"><b data-path-to-node=\"15,0,0\" data-index-in-node=\"0\">Direkte Provenienz:<\/b> Eliminieren Sie unn\u00f6tige Zwischenh\u00e4ndler, um die Echtheit der Produkte und die Frische der Chargen zu garantieren.<\/p><\/li><li><p data-path-to-node=\"15,1,0\"><b data-path-to-node=\"15,1,0\" data-index-in-node=\"0\">Logistische Effizienz:<\/b> Schnellerer Zugang zu den neuesten Innovationen auf dem Gebiet der \u00c4sthetik und Biochemie<b data-path-to-node=\"15,1,0\" data-index-in-node=\"104\">(K-Medical Excellence<\/b>).<\/p><\/li><li><p data-path-to-node=\"15,2,0\"><b data-path-to-node=\"15,2,0\" data-index-in-node=\"0\">Globale Konformit\u00e4t:<\/b> Alle Sendungen folgen internationalen Exportstandards und gew\u00e4hrleisten Zuverl\u00e4ssigkeit und Transparenz f\u00fcr unsere Kunden weltweit.<\/p><\/li><\/ol><h3 data-path-to-node=\"16\">Unternehmensinformationen<\/h3><ul data-path-to-node=\"17\"><li><p data-path-to-node=\"17,0,0\"><b data-path-to-node=\"17,0,0\" data-index-in-node=\"0\">Eingetragener Rechtstr\u00e4ger:<\/b> Amerinet-GPO LLC<\/p><\/li><li><p data-path-to-node=\"17,1,0\"><b data-path-to-node=\"17,1,0\" data-index-in-node=\"0\">Registrierung Nr.:<\/b> 6433760<\/p><\/li><li><p data-path-to-node=\"17,2,0\"><b data-path-to-node=\"17,2,0\" data-index-in-node=\"0\"><a href=\"https:\/\/www.amerinet-gpo.com\/wp-content\/uploads\/2025\/11\/amerinet-certificate.pdf\">ISO 9001:2015 Registrierungs-Nr<\/a>.:<\/b> 041 24 1068<\/p><\/li><li><p data-path-to-node=\"17,3,0\"><b data-path-to-node=\"17,3,0\" data-index-in-node=\"0\">Firmensitz (Legal):<\/b> 25 West 21st Street, Miami, FL, Vereinigte Staaten.<\/p><\/li><li><p data-path-to-node=\"17,4,0\"><b data-path-to-node=\"17,4,0\" data-index-in-node=\"0\">Operatives Zentrum:<\/b> Seoul, S\u00fcdkorea (Direct Manufacturer Fulfillment).<\/p><\/li><\/ul>\t\t\t\t\t\t\t\t<\/div>\n\t\t\t\t<\/div>\n\t\t\t\t\t<\/div>\n\t\t\t\t<\/div>\n\t\t<div class=\"elementor-element elementor-element-f74b1fa e-flex e-con-boxed e-con e-parent\" data-id=\"f74b1fa\" data-element_type=\"container\" data-e-type=\"container\">\n\t\t\t\t\t<div class=\"e-con-inner\">\n\t\t\t\t<div class=\"elementor-element elementor-element-2c4640e elementor-widget elementor-widget-html\" data-id=\"2c4640e\" data-element_type=\"widget\" data-e-type=\"widget\" data-widget_type=\"html.default\">\n\t\t\t\t<div class=\"elementor-widget-container\">\n\t\t\t\t\t<script type=\"application\/ld+json\">{\r\n  \"@context\": \"https:\/\/schema.org\",\r\n  \"@type\": \"AboutPage\",\r\n  \"mainEntity\": {\r\n    \"@type\": \"Organization\",\r\n    \"name\": \"Amerinet-GPO LLC\",\r\n    \"url\": \"https:\/\/www.amerinet-gpo.com\/\",\r\n    \"logo\": \"https:\/\/www.amerinet-gpo.com\/logo.png\",\r\n    \"taxID\": \"6433760\",\r\n    \"address\": {\r\n      \"@type\": \"PostalAddress\",\r\n      \"streetAddress\": \"25 West 21st Street\",\r\n      \"addressLocality\": \"Miami\",\r\n      \"addressRegion\": \"FL\",\r\n      \"addressCountry\": \"US\"\r\n    },\r\n    \"hasCredential\": [\r\n      {\r\n        \"@type\": \"EducationalOccupationalCredential\",\r\n        \"name\": \"ISO 9001:2015 Certified\",\r\n        \"identifier\": \"041 24 1068\"\r\n      }\r\n    ],\r\n    \"member\": {\r\n      \"@type\": \"Person\",\r\n      \"name\": \"Dr. Silvia F. Garcia, MD\",\r\n      \"jobTitle\": \"Lead Medical Consultant\",\r\n      \"url\": \"https:\/\/www.linkedin.com\/in\/silvia-f-garcia-md-60788a143\",\r\n      \"sameAs\": [\r\n        \"https:\/\/www.linkedin.com\/in\/silvia-f-garcia-md-60788a143\"\r\n      ],\r\n      \"knowsAbout\": [\"Clinical Dermatology\", \"Medical Aesthetics\", \"Pharmacology\", \"Healthcare Procurement\"]\r\n    },\r\n    \"areaServed\": \"Worldwide\",\r\n    \"description\": \"B2B Medical GPO specializing in advanced aesthetics and biochemical research compounds, shipping directly from South Korea.\"\r\n  }\r\n}\r\n<\/script>\t\t\t\t<\/div>\n\t\t\t\t<\/div>\n\t\t\t\t\t<\/div>\n\t\t\t\t<\/div>\n\t\t\t\t<\/div>\n\t\t","protected":false},"excerpt":{"rendered":"<p>Home Unser Verm\u00e4chtnis: Vom Krankenhaus-GPO zum spezialisierten Vertrieb Amerinet-GPO kann auf eine 25-j\u00e4hrige Erfahrung im Bereich Beschaffung und Supply Chain Management im&hellip;<\/p>\n","protected":false},"author":1,"featured_media":0,"parent":0,"menu_order":0,"comment_status":"closed","ping_status":"closed","template":"elementor_header_footer","meta":{"footnotes":""},"class_list":["post-7115","page","type-page","status-publish","hentry"],"yoast_head":"<!-- This site is optimized with the Yoast SEO plugin v27.5 - https:\/\/yoast.com\/product\/yoast-seo-wordpress\/ -->\n<title>\u00dcber uns - Amerinet GPO<\/title>\n<meta name=\"robots\" content=\"index, follow, max-snippet:-1, max-image-preview:large, max-video-preview:-1\" \/>\n<link rel=\"canonical\" href=\"https:\/\/www.amerinet-gpo.com\/de\/wer-wir-sind\/\" \/>\n<meta property=\"og:locale\" content=\"de_DE\" \/>\n<meta property=\"og:type\" content=\"article\" \/>\n<meta property=\"og:title\" content=\"\u00dcber uns - Amerinet GPO\" \/>\n<meta property=\"og:description\" content=\"Home Unser Verm\u00e4chtnis: Vom Krankenhaus-GPO zum spezialisierten Vertrieb Amerinet-GPO kann auf eine 25-j\u00e4hrige Erfahrung im Bereich Beschaffung und Supply Chain Management im&hellip;\" \/>\n<meta property=\"og:url\" content=\"https:\/\/www.amerinet-gpo.com\/de\/wer-wir-sind\/\" \/>\n<meta property=\"og:site_name\" content=\"Amerinet GPO\" \/>\n<meta property=\"article:modified_time\" content=\"2026-02-10T04:10:52+00:00\" \/>\n<meta name=\"twitter:card\" content=\"summary_large_image\" \/>\n<meta name=\"twitter:label1\" content=\"Gesch\u00e4tzte Lesezeit\" \/>\n\t<meta name=\"twitter:data1\" content=\"3\u00a0Minuten\" \/>\n<script type=\"application\/ld+json\" class=\"yoast-schema-graph\">{\"@context\":\"https:\\\/\\\/schema.org\",\"@graph\":[{\"@type\":\"WebPage\",\"@id\":\"https:\\\/\\\/www.amerinet-gpo.com\\\/de\\\/wer-wir-sind\\\/\",\"url\":\"https:\\\/\\\/www.amerinet-gpo.com\\\/de\\\/wer-wir-sind\\\/\",\"name\":\"\u00dcber uns - Amerinet GPO\",\"isPartOf\":{\"@id\":\"https:\\\/\\\/www.amerinet-gpo.com\\\/#website\"},\"datePublished\":\"2020-10-18T13:07:58+00:00\",\"dateModified\":\"2026-02-10T04:10:52+00:00\",\"breadcrumb\":{\"@id\":\"https:\\\/\\\/www.amerinet-gpo.com\\\/de\\\/wer-wir-sind\\\/#breadcrumb\"},\"inLanguage\":\"de\",\"potentialAction\":[{\"@type\":\"ReadAction\",\"target\":[\"https:\\\/\\\/www.amerinet-gpo.com\\\/de\\\/wer-wir-sind\\\/\"]}]},{\"@type\":\"BreadcrumbList\",\"@id\":\"https:\\\/\\\/www.amerinet-gpo.com\\\/de\\\/wer-wir-sind\\\/#breadcrumb\",\"itemListElement\":[{\"@type\":\"ListItem\",\"position\":1,\"name\":\"Home\",\"item\":\"https:\\\/\\\/www.amerinet-gpo.com\\\/de\\\/markenartiges-zuhause\\\/\"},{\"@type\":\"ListItem\",\"position\":2,\"name\":\"\u00dcber uns\"}]},{\"@type\":\"WebSite\",\"@id\":\"https:\\\/\\\/www.amerinet-gpo.com\\\/#website\",\"url\":\"https:\\\/\\\/www.amerinet-gpo.com\\\/\",\"name\":\"Amerinet GPO\",\"description\":\"Willkommen bei Amerinet GPO, dem E-Commerce f\u00fcr injizierbare Produkte f\u00fcr die \u00e4sthetische Medizin, einschlie\u00dflich Botox und Hautf\u00fcller\",\"publisher\":{\"@id\":\"https:\\\/\\\/www.amerinet-gpo.com\\\/#organization\"},\"potentialAction\":[{\"@type\":\"SearchAction\",\"target\":{\"@type\":\"EntryPoint\",\"urlTemplate\":\"https:\\\/\\\/www.amerinet-gpo.com\\\/?s={search_term_string}\"},\"query-input\":{\"@type\":\"PropertyValueSpecification\",\"valueRequired\":true,\"valueName\":\"search_term_string\"}}],\"inLanguage\":\"de\"},{\"@type\":\"Organization\",\"@id\":\"https:\\\/\\\/www.amerinet-gpo.com\\\/#organization\",\"name\":\"Amerinet GPO\",\"url\":\"https:\\\/\\\/www.amerinet-gpo.com\\\/\",\"logo\":{\"@type\":\"ImageObject\",\"inLanguage\":\"de\",\"@id\":\"https:\\\/\\\/www.amerinet-gpo.com\\\/#\\\/schema\\\/logo\\\/image\\\/\",\"url\":\"https:\\\/\\\/www.amerinet-gpo.com\\\/wp-content\\\/uploads\\\/2024\\\/03\\\/extendify-demo-logo.png\",\"contentUrl\":\"https:\\\/\\\/www.amerinet-gpo.com\\\/wp-content\\\/uploads\\\/2024\\\/03\\\/extendify-demo-logo.png\",\"width\":96,\"height\":97,\"caption\":\"Amerinet GPO\"},\"image\":{\"@id\":\"https:\\\/\\\/www.amerinet-gpo.com\\\/#\\\/schema\\\/logo\\\/image\\\/\"}}]}<\/script>\n<!-- \/ Yoast SEO plugin. -->","yoast_head_json":{"title":"\u00dcber uns - Amerinet GPO","robots":{"index":"index","follow":"follow","max-snippet":"max-snippet:-1","max-image-preview":"max-image-preview:large","max-video-preview":"max-video-preview:-1"},"canonical":"https:\/\/www.amerinet-gpo.com\/de\/wer-wir-sind\/","og_locale":"de_DE","og_type":"article","og_title":"\u00dcber uns - Amerinet GPO","og_description":"Home Unser Verm\u00e4chtnis: Vom Krankenhaus-GPO zum spezialisierten Vertrieb Amerinet-GPO kann auf eine 25-j\u00e4hrige Erfahrung im Bereich Beschaffung und Supply Chain Management im&hellip;","og_url":"https:\/\/www.amerinet-gpo.com\/de\/wer-wir-sind\/","og_site_name":"Amerinet GPO","article_modified_time":"2026-02-10T04:10:52+00:00","twitter_card":"summary_large_image","twitter_misc":{"Gesch\u00e4tzte Lesezeit":"3\u00a0Minuten"},"schema":{"@context":"https:\/\/schema.org","@graph":[{"@type":"WebPage","@id":"https:\/\/www.amerinet-gpo.com\/de\/wer-wir-sind\/","url":"https:\/\/www.amerinet-gpo.com\/de\/wer-wir-sind\/","name":"\u00dcber uns - Amerinet GPO","isPartOf":{"@id":"https:\/\/www.amerinet-gpo.com\/#website"},"datePublished":"2020-10-18T13:07:58+00:00","dateModified":"2026-02-10T04:10:52+00:00","breadcrumb":{"@id":"https:\/\/www.amerinet-gpo.com\/de\/wer-wir-sind\/#breadcrumb"},"inLanguage":"de","potentialAction":[{"@type":"ReadAction","target":["https:\/\/www.amerinet-gpo.com\/de\/wer-wir-sind\/"]}]},{"@type":"BreadcrumbList","@id":"https:\/\/www.amerinet-gpo.com\/de\/wer-wir-sind\/#breadcrumb","itemListElement":[{"@type":"ListItem","position":1,"name":"Home","item":"https:\/\/www.amerinet-gpo.com\/de\/markenartiges-zuhause\/"},{"@type":"ListItem","position":2,"name":"\u00dcber uns"}]},{"@type":"WebSite","@id":"https:\/\/www.amerinet-gpo.com\/#website","url":"https:\/\/www.amerinet-gpo.com\/","name":"Amerinet GPO","description":"Willkommen bei Amerinet GPO, dem E-Commerce f\u00fcr injizierbare Produkte f\u00fcr die \u00e4sthetische Medizin, einschlie\u00dflich Botox und Hautf\u00fcller","publisher":{"@id":"https:\/\/www.amerinet-gpo.com\/#organization"},"potentialAction":[{"@type":"SearchAction","target":{"@type":"EntryPoint","urlTemplate":"https:\/\/www.amerinet-gpo.com\/?s={search_term_string}"},"query-input":{"@type":"PropertyValueSpecification","valueRequired":true,"valueName":"search_term_string"}}],"inLanguage":"de"},{"@type":"Organization","@id":"https:\/\/www.amerinet-gpo.com\/#organization","name":"Amerinet GPO","url":"https:\/\/www.amerinet-gpo.com\/","logo":{"@type":"ImageObject","inLanguage":"de","@id":"https:\/\/www.amerinet-gpo.com\/#\/schema\/logo\/image\/","url":"https:\/\/www.amerinet-gpo.com\/wp-content\/uploads\/2024\/03\/extendify-demo-logo.png","contentUrl":"https:\/\/www.amerinet-gpo.com\/wp-content\/uploads\/2024\/03\/extendify-demo-logo.png","width":96,"height":97,"caption":"Amerinet GPO"},"image":{"@id":"https:\/\/www.amerinet-gpo.com\/#\/schema\/logo\/image\/"}}]}},"_links":{"self":[{"href":"https:\/\/www.amerinet-gpo.com\/de\/wp-json\/wp\/v2\/pages\/7115","targetHints":{"allow":["GET"]}}],"collection":[{"href":"https:\/\/www.amerinet-gpo.com\/de\/wp-json\/wp\/v2\/pages"}],"about":[{"href":"https:\/\/www.amerinet-gpo.com\/de\/wp-json\/wp\/v2\/types\/page"}],"author":[{"embeddable":true,"href":"https:\/\/www.amerinet-gpo.com\/de\/wp-json\/wp\/v2\/users\/1"}],"replies":[{"embeddable":true,"href":"https:\/\/www.amerinet-gpo.com\/de\/wp-json\/wp\/v2\/comments?post=7115"}],"version-history":[{"count":7,"href":"https:\/\/www.amerinet-gpo.com\/de\/wp-json\/wp\/v2\/pages\/7115\/revisions"}],"predecessor-version":[{"id":10037,"href":"https:\/\/www.amerinet-gpo.com\/de\/wp-json\/wp\/v2\/pages\/7115\/revisions\/10037"}],"wp:attachment":[{"href":"https:\/\/www.amerinet-gpo.com\/de\/wp-json\/wp\/v2\/media?parent=7115"}],"curies":[{"name":"wp","href":"https:\/\/api.w.org\/{rel}","templated":true}]}}